{"id":2614,"date":"2020-11-02T07:14:48","date_gmt":"2020-11-02T07:14:48","guid":{"rendered":"https:\/\/persimon.eu\/internationale-kampagnen\/"},"modified":"2020-11-02T07:14:48","modified_gmt":"2020-11-02T07:14:48","slug":"internationale-kampagnen","status":"publish","type":"page","link":"https:\/\/persimon.eu\/de\/internationale-kampagnen\/","title":{"rendered":"Internationale Kampagnen"},"content":{"rendered":"\n[et_pb_section fb_built=&#8220;1&#8243; admin_label=&#8220;Campa\u00f1as&#8220; module_id=&#8220;documentacion&#8220; _builder_version=&#8220;4.4.4&#8243; background_color=&#8220;rgba(0,0,0,0)&#8220; custom_margin=&#8220;||||false|false&#8220; hover_enabled=&#8220;0&#8243; custom_css_main_element=&#8220;z-index: 10;||min-height: 100vh;||display: flex;||flex-direction: column;||width: 100%;&#8220;][et_pb_row make_equal=&#8220;on&#8220; disabled_on=&#8220;off|off|off&#8220; admin_label=&#8220;ROW BREADCRUMBS&#8220; _builder_version=&#8220;3.29.3&#8243; max_width=&#8220;2560px&#8220; custom_margin=&#8220;0px||0px||false|false&#8220; custom_padding=&#8220;0px||0px||false|false&#8220;][et_pb_column type=&#8220;4_4&#8243; _builder_version=&#8220;3.29.3&#8243;][et_pb_divider divider_style=&#8220;none&#8220; admin_label=&#8220;separadorTitular&#8220; module_class=&#8220;separadorTitular&#8220; _builder_version=&#8220;4.4.4&#8243; custom_margin=&#8220;0px||0px||false|false&#8220;][\/et_pb_divider][et_pb_code disabled_on=&#8220;on|on|off&#8220; admin_label=&#8220;Breadcrumbs&#8220; _builder_version=&#8220;4.4.4&#8243; custom_margin=&#8220;0px||0px||true|false&#8220; hover_enabled=&#8220;0&#8243;]<p id=\"breadcrumbs\"><span><span><a href=\"https:\/\/persimon.eu\/de\/\">Inicio<\/a><\/span><\/span><\/p>[\/et_pb_code][et_pb_divider divider_style=&#8220;none&#8220; disabled_on=&#8220;on|on|off&#8220; _builder_version=&#8220;3.29.3&#8243; height=&#8220;40px&#8220; custom_margin=&#8220;0px||0px||false|false&#8220;][\/et_pb_divider][\/et_pb_column][\/et_pb_row][et_pb_row column_structure=&#8220;1_2,1_2&#8243; make_equal=&#8220;on&#8220; _builder_version=&#8220;3.29.3&#8243; max_width=&#8220;2560px&#8220; custom_margin=&#8220;0px||0px||false|false&#8220; custom_padding=&#8220;0px||0px||false|false&#8220;][et_pb_column type=&#8220;1_2&#8243; _builder_version=&#8220;3.29.3&#8243;][et_pb_text module_class=&#8220;kaki-titular&#8220; _builder_version=&#8220;4.4.4&#8243; header_font_size=&#8220;60px&#8220; custom_margin=&#8220;||0px||false|false&#8220; custom_padding=&#8220;|50px||50px|false|true&#8220; hover_enabled=&#8220;0&#8243;]<h1>Internationale Kampagnen<\/h1>[\/et_pb_text][et_pb_text module_class=&#8220;bloqueTexto80&#8243; _builder_version=&#8220;4.4.4&#8243; custom_margin=&#8220;0px||||false|false&#8220; custom_padding=&#8220;40px|50px|40px|50px|true|true&#8220; hover_enabled=&#8220;0&#8243;]Internationale Kampagnen des Kontrollrats der gesch\u00fctzten Ursprungsbezeichnung \u201eKaki Ribera del X\u00faquer\u201c.[\/et_pb_text][\/et_pb_column][et_pb_column type=&#8220;1_2&#8243; _builder_version=&#8220;3.29.3&#8243; background_enable_image=&#8220;off&#8220;][et_pb_divider divider_style=&#8220;none&#8220; _builder_version=&#8220;3.29.3&#8243; height=&#8220;1px&#8220; max_height=&#8220;1000px&#8220; custom_margin=&#8220;0px||0px||false|false&#8220;][\/et_pb_divider][\/et_pb_column][\/et_pb_row][et_pb_row _builder_version=&#8220;3.29.3&#8243; custom_margin=&#8220;0px||0px||true|false&#8220;][et_pb_column type=&#8220;4_4&#8243; _builder_version=&#8220;3.29.3&#8243;][dica_divi_carousel show_items_tablet=&#8220;5&#8243; arrow_nav=&#8220;on&#8220; equal_height=&#8220;on&#8220; advanced_effect=&#8220;1&#8243; arrow_nav_color=&#8220;#666&#8243; arrow_bg_color=&#8220;rgba(0,0,0,0)&#8220; dots_color=&#8220;rgba(102,102,102,0.7)&#8220; dots_active_color=&#8220;#666&#8243; align=&#8220;center&#8220; image_sizing=&#8220;70px&#8220; arrow_position=&#8220;middle-outside&#8220; arrow_show_hover=&#8220;on&#8220; image_container_margin=&#8220;||||false|false&#8220; image_container_padding=&#8220;||20px||false|false&#8220; admin_label=&#8220;Carousel &#8211; Documents&#8220; _builder_version=&#8220;4.4.4&#8243; title_text_align=&#8220;center&#8220; body_text_align=&#8220;justify&#8220; hover_enabled=&#8220;0&#8243; show_items_desktop=&#8220;5&#8243;][dica_divi_carouselitem title=&#8220;Vereinigtes K\u00f6nigreich&#8220; button_text=&#8220;Mehr anzeigen&#8220; button_url=&#8220;http:\/\/spanishpersimon.co.uk\/&#8220; button_url_new_window=&#8220;on&#8220; image=&#8220;https:\/\/persimon.eu\/wp-content\/uploads\/2020\/06\/kaki-uk.png&#8220; _builder_version=&#8220;4.4.4&#8243; custom_button=&#8220;on&#8220; button_text_color=&#8220;#ffffff&#8220; button_bg_color=&#8220;#000000&#8243; button_border_width=&#8220;1px&#8220; button_border_color=&#8220;#000000&#8243; button_border_radius=&#8220;0px&#8220; button_use_icon=&#8220;off&#8220; button_alignment=&#8220;center&#8220; hover_enabled=&#8220;0&#8243; button_rel=&#8220;off|off|on|off|off&#8220; title_text=&#8220;kaki-uk&#8220;][\/dica_divi_carouselitem][dica_divi_carouselitem title=&#8220;Kanada&#8220; button_text=&#8220;Mehr anzeigen&#8220; button_url=&#8220;http:\/\/persimoncanada.com\/&#8220; button_url_new_window=&#8220;on&#8220; image=&#8220;https:\/\/persimon.eu\/wp-content\/uploads\/2020\/06\/kaki-ca.png&#8220; _builder_version=&#8220;4.4.4&#8243; custom_button=&#8220;on&#8220; button_text_color=&#8220;#ffffff&#8220; button_bg_color=&#8220;#000000&#8243; button_border_width=&#8220;1px&#8220; button_border_color=&#8220;#000000&#8243; button_border_radius=&#8220;0px&#8220; button_use_icon=&#8220;off&#8220; button_alignment=&#8220;center&#8220; hover_enabled=&#8220;0&#8243; button_rel=&#8220;off|off|on|off|off&#8220; title_text=&#8220;kaki-ca&#8220;][\/dica_divi_carouselitem][dica_divi_carouselitem title=&#8220;Naher Osten&#8220; button_text=&#8220;Mehr anzeigen&#8220; button_url=&#8220;http:\/\/persimon-me.com\/ar&#8220; button_url_new_window=&#8220;on&#8220; image=&#8220;https:\/\/persimon.eu\/wp-content\/uploads\/2020\/06\/kaki-mo.png&#8220; _builder_version=&#8220;4.4.4&#8243; custom_button=&#8220;on&#8220; button_text_color=&#8220;#ffffff&#8220; button_bg_color=&#8220;#000000&#8243; button_border_width=&#8220;1px&#8220; button_border_color=&#8220;#000000&#8243; button_border_radius=&#8220;0px&#8220; button_use_icon=&#8220;off&#8220; button_alignment=&#8220;center&#8220; hover_enabled=&#8220;0&#8243; button_rel=&#8220;off|off|on|off|off&#8220; title_text=&#8220;kaki-mo&#8220;][\/dica_divi_carouselitem][dica_divi_carouselitem title=&#8220;Frankreich &#8220; button_text=&#8220;Mehr anzeigen&#8220; button_url=&#8220;https:\/\/fr.pdopgi.eu\/&#8220; button_url_new_window=&#8220;on&#8220; image=&#8220;https:\/\/persimon.eu\/wp-content\/uploads\/2020\/06\/kaki-fr.png&#8220; _builder_version=&#8220;4.4.4&#8243; custom_button=&#8220;on&#8220; button_text_color=&#8220;#ffffff&#8220; button_bg_color=&#8220;#000000&#8243; button_border_width=&#8220;1px&#8220; button_border_color=&#8220;#000000&#8243; button_border_radius=&#8220;0px&#8220; button_use_icon=&#8220;off&#8220; button_alignment=&#8220;center&#8220; hover_enabled=&#8220;0&#8243; button_rel=&#8220;off|off|on|off|off&#8220; title_text=&#8220;kaki-fr&#8220;][\/dica_divi_carouselitem][dica_divi_carouselitem title=&#8220;Deutschland&#8220; button_text=&#8220;Mehr anzeigen&#8220; button_url=&#8220;https:\/\/de.pdopgi.eu\/&#8220; button_url_new_window=&#8220;on&#8220; image=&#8220;https:\/\/persimon.eu\/wp-content\/uploads\/2020\/06\/kaki-de.png&#8220; _builder_version=&#8220;4.4.4&#8243; custom_button=&#8220;on&#8220; button_text_color=&#8220;#ffffff&#8220; button_bg_color=&#8220;#000000&#8243; button_border_width=&#8220;1px&#8220; button_border_color=&#8220;#000000&#8243; button_border_radius=&#8220;0px&#8220; button_use_icon=&#8220;off&#8220; button_alignment=&#8220;center&#8220; hover_enabled=&#8220;0&#8243; button_rel=&#8220;off|off|on|off|off&#8220; title_text=&#8220;kaki-de&#8220;][\/dica_divi_carouselitem][\/dica_divi_carousel][\/et_pb_column][\/et_pb_row][\/et_pb_section]\n","protected":false},"excerpt":{"rendered":"<p><p id=\"breadcrumbs\"><span><span><a href=\"https:\/\/persimon.eu\/de\/\">Inicio<\/a><\/span><\/span><\/p>Internationale KampagnenInternationale Kampagnen des Kontrollrats der gesch\u00fctzten Ursprungsbezeichnung \u201eKaki Ribera del X\u00faquer\u201c.<div class=\"et_pb_module dica_divi_carousel dica_divi_carousel_0\">\n\t\t\t\t\n\t\t\t\t\n\t\t\t\t\n\t\t\t\t\n\t\t\t\t\n\t\t\t\t\n\t\t\t\t<div class=\"et_pb_module_inner\">\n\t\t\t\t\t<div class=\"dica-container  desktop_middle-outside tablet_middle-outside mobile_middle-outside arrow-on-hover\" data-props='{\"desktop\":\"5\",\"tablet\":\"5\",\"mobile\":\"1\",\"speed\":\"500\",\"arrow\":\"on\",\"dots\":\"off\",\"autoplay\":\"off\",\"autoSpeed\":\"1000\",\"loop\":\"off\",\"item_spacing\":\"30\",\"center_mode\":\"off\",\"slider_effec\":\"1\",\"cover_rotate\":\"50\",\"pause_onhover\":\"off\",\"multislide\":\"off\",\"cfshadow\":\"on\",\"order\":\"0\",\"lazyload\":\"off\",\"lazybefore\":\"off\",\"scroller_effect\":\"off\",\"autowidth\":\"off\",\"item_spacing_tablet\":\"30\",\"item_spacing_phone\":\"30\",\"scroller_speed\":\"4000\",\"hashNavigation\":\"off\",\"simulatetouch\":\"off\",\"allowtouchmove\":\"off\",\"slide_row\":\"1\",\"slide_row_tablet\":\"1\",\"slide_row_phone\":\"1\",\"keyboard\":\"off\",\"mousewheel\":\"off\",\"autoplay_viewport\":\"\"}'>\n\t\t\t\t\t\t\t \t<div class=\"swiper-container\" >\n\t\t\t\t\t\t\t\t\t<div class=\"swiper-wrapper\"><div class=\"et_pb_module dica_divi_carouselitem dica_divi_carouselitem_0\">\n\t\t\t\t\n\t\t\t\t\n\t\t\t\t\n\t\t\t\t\n\t\t\t\t\n\t\t\t\t\n\t\t\t\t<div class=\"et_pb_module_inner\">\n\t\t\t\t\t <div class=\"dica-item image_top\"   data-hash=\"dica_divi_carouselitem_0\">\n\t\t\t\t\t\t\t\t\t<div class=\"dica-image-container\"><span class=\"image\"><img loading=\"lazy\" decoding=\"async\" src=\"https:\/\/persimon.eu\/wp-content\/uploads\/2020\/06\/kaki-uk.png\" srcset=\"\" alt=\"\" class=\"dica-item-image\" width=\"179\" height=\"144\"\/><\/span><\/div>\n\t\t\t\t\t\t\t\t\t<div class=\"dica-item-content\"><h4 class=\"item-title\">Vereinigtes K\u00f6nigreich<\/h4>        <div class=\"et_pb_button_wrapper\"><a class=\"et_pb_button\" href=\"http:\/\/spanishpersimon.co.uk\/\" target=\"_blank\" rel=\"nofollow\">Mehr anzeigen<\/a><\/div><\/div>\n\t\t\t\t\t\t\t<\/div>\n\t\t\t\t<\/div>\n\t\t\t<\/div><div class=\"et_pb_module dica_divi_carouselitem dica_divi_carouselitem_1\">\n\t\t\t\t\n\t\t\t\t\n\t\t\t\t\n\t\t\t\t\n\t\t\t\t\n\t\t\t\t\n\t\t\t\t<div class=\"et_pb_module_inner\">\n\t\t\t\t\t <div class=\"dica-item image_top\"   data-hash=\"dica_divi_carouselitem_1\">\n\t\t\t\t\t\t\t\t\t<div class=\"dica-image-container\"><span class=\"image\"><img loading=\"lazy\" decoding=\"async\" src=\"https:\/\/persimon.eu\/wp-content\/uploads\/2020\/06\/kaki-ca.png\" srcset=\"\" alt=\"\" class=\"dica-item-image\" width=\"179\" height=\"144\"\/><\/span><\/div>\n\t\t\t\t\t\t\t\t\t<div class=\"dica-item-content\"><h4 class=\"item-title\">Kanada<\/h4>        <div class=\"et_pb_button_wrapper\"><a class=\"et_pb_button\" href=\"http:\/\/persimoncanada.com\/\" target=\"_blank\" rel=\"nofollow\">Mehr anzeigen<\/a><\/div><\/div>\n\t\t\t\t\t\t\t<\/div>\n\t\t\t\t<\/div>\n\t\t\t<\/div><div class=\"et_pb_module dica_divi_carouselitem dica_divi_carouselitem_2\">\n\t\t\t\t\n\t\t\t\t\n\t\t\t\t\n\t\t\t\t\n\t\t\t\t\n\t\t\t\t\n\t\t\t\t<div class=\"et_pb_module_inner\">\n\t\t\t\t\t <div class=\"dica-item image_top\"   data-hash=\"dica_divi_carouselitem_2\">\n\t\t\t\t\t\t\t\t\t<div class=\"dica-image-container\"><span class=\"image\"><img loading=\"lazy\" decoding=\"async\" src=\"https:\/\/persimon.eu\/wp-content\/uploads\/2020\/06\/kaki-mo.png\" srcset=\"\" alt=\"\" class=\"dica-item-image\" width=\"179\" height=\"144\"\/><\/span><\/div>\n\t\t\t\t\t\t\t\t\t<div class=\"dica-item-content\"><h4 class=\"item-title\">Naher Osten<\/h4>        <div class=\"et_pb_button_wrapper\"><a class=\"et_pb_button\" href=\"http:\/\/persimon-me.com\/ar\" target=\"_blank\" rel=\"nofollow\">Mehr anzeigen<\/a><\/div><\/div>\n\t\t\t\t\t\t\t<\/div>\n\t\t\t\t<\/div>\n\t\t\t<\/div><div class=\"et_pb_module dica_divi_carouselitem dica_divi_carouselitem_3\">\n\t\t\t\t\n\t\t\t\t\n\t\t\t\t\n\t\t\t\t\n\t\t\t\t\n\t\t\t\t\n\t\t\t\t<div class=\"et_pb_module_inner\">\n\t\t\t\t\t <div class=\"dica-item image_top\"   data-hash=\"dica_divi_carouselitem_3\">\n\t\t\t\t\t\t\t\t\t<div class=\"dica-image-container\"><span class=\"image\"><img loading=\"lazy\" decoding=\"async\" src=\"https:\/\/persimon.eu\/wp-content\/uploads\/2020\/06\/kaki-fr.png\" srcset=\"\" alt=\"\" class=\"dica-item-image\" width=\"179\" height=\"144\"\/><\/span><\/div>\n\t\t\t\t\t\t\t\t\t<div class=\"dica-item-content\"><h4 class=\"item-title\">Frankreich <\/h4>        <div class=\"et_pb_button_wrapper\"><a class=\"et_pb_button\" href=\"https:\/\/fr.pdopgi.eu\/\" target=\"_blank\" rel=\"nofollow\">Mehr anzeigen<\/a><\/div><\/div>\n\t\t\t\t\t\t\t<\/div>\n\t\t\t\t<\/div>\n\t\t\t<\/div><div class=\"et_pb_module dica_divi_carouselitem dica_divi_carouselitem_4\">\n\t\t\t\t\n\t\t\t\t\n\t\t\t\t\n\t\t\t\t\n\t\t\t\t\n\t\t\t\t\n\t\t\t\t<div class=\"et_pb_module_inner\">\n\t\t\t\t\t <div class=\"dica-item image_top\"   data-hash=\"dica_divi_carouselitem_4\">\n\t\t\t\t\t\t\t\t\t<div class=\"dica-image-container\"><span class=\"image\"><img loading=\"lazy\" decoding=\"async\" src=\"https:\/\/persimon.eu\/wp-content\/uploads\/2020\/06\/kaki-de.png\" srcset=\"\" alt=\"\" class=\"dica-item-image\" width=\"179\" height=\"144\"\/><\/span><\/div>\n\t\t\t\t\t\t\t\t\t<div class=\"dica-item-content\"><h4 class=\"item-title\">Deutschland<\/h4>        <div class=\"et_pb_button_wrapper\"><a class=\"et_pb_button\" href=\"https:\/\/de.pdopgi.eu\/\" target=\"_blank\" rel=\"nofollow\">Mehr anzeigen<\/a><\/div><\/div>\n\t\t\t\t\t\t\t<\/div>\n\t\t\t\t<\/div>\n\t\t\t<\/div><\/div>\t\n\t\t\t\t\t\t\t\t<\/div>\t\n\t\t\t\t\t\t\t\t<div class=\"swiper-buttton-container\"><div class=\"swiper-button-prev dica-prev-btn-0\" data-icon=\"4\"><\/div><div class=\"swiper-button-next dica-next-btn-0\" data-icon=\"5\"><\/div><\/div>\n\t\t\t\t\t\t\t\t\t\t\t\t\t\t\n\t\t\t\t\t\t\t<\/div>\n\t\t\t\t<\/div>\n\t\t\t<\/div><\/p>\n","protected":false},"author":1,"featured_media":0,"parent":0,"menu_order":0,"comment_status":"closed","ping_status":"closed","template":"","meta":{"_acf_changed":false,"_et_pb_use_builder":"on","_et_pb_old_content":"","_et_gb_content_width":"","footnotes":""},"class_list":["post-2614","page","type-page","status-publish","hentry"],"acf":[],"yoast_head":"<!-- This site is optimized with the Yoast SEO plugin v27.1.1 - https:\/\/yoast.com\/product\/yoast-seo-wordpress\/ -->\n<title>Internationale Kampagnen - DOP Kaki Ribera del X\u00faquer<\/title>\n<meta name=\"robots\" content=\"index, follow, max-snippet:-1, max-image-preview:large, max-video-preview:-1\" \/>\n<link rel=\"canonical\" href=\"https:\/\/persimon.eu\/de\/internationale-kampagnen\/\" \/>\n<meta property=\"og:locale\" content=\"de_DE\" \/>\n<meta property=\"og:type\" content=\"article\" \/>\n<meta property=\"og:title\" content=\"Internationale Kampagnen - DOP Kaki Ribera del X\u00faquer\" \/>\n<meta property=\"og:description\" content=\"Internationale KampagnenInternationale Kampagnen des Kontrollrats der gesch\u00fctzten Ursprungsbezeichnung \u201eKaki Ribera del X\u00faquer\u201c.\" \/>\n<meta property=\"og:site_name\" content=\"DOP Kaki Ribera del X\u00faquer\" \/>\n<meta property=\"article:publisher\" content=\"https:\/\/www.facebook.com\/kakipersimonDOP\/\" \/>\n<meta name=\"twitter:card\" content=\"summary_large_image\" \/>\n<meta name=\"twitter:label1\" content=\"Gesch\u00e4tzte Lesezeit\" \/>\n\t<meta name=\"twitter:data1\" content=\"4\u00a0Minuten\" \/>\n<script type=\"application\/ld+json\" class=\"yoast-schema-graph\">{\"@context\":\"https:\/\/schema.org\",\"@graph\":[{\"@type\":\"WebPage\",\"@id\":\"https:\/\/persimon.eu\/de\/internationale-kampagnen\/\",\"url\":\"https:\/\/persimon.eu\/de\/internationale-kampagnen\/\",\"name\":\"Internationale Kampagnen - DOP Kaki Ribera del X\u00faquer\",\"isPartOf\":{\"@id\":\"https:\/\/persimon.eu\/de\/#website\"},\"datePublished\":\"2020-11-02T07:14:48+00:00\",\"breadcrumb\":{\"@id\":\"https:\/\/persimon.eu\/de\/internationale-kampagnen\/#breadcrumb\"},\"inLanguage\":\"de\",\"potentialAction\":[{\"@type\":\"ReadAction\",\"target\":[\"https:\/\/persimon.eu\/de\/internationale-kampagnen\/\"]}]},{\"@type\":\"BreadcrumbList\",\"@id\":\"https:\/\/persimon.eu\/de\/internationale-kampagnen\/#breadcrumb\",\"itemListElement\":[{\"@type\":\"ListItem\",\"position\":1,\"name\":\"Inicio\",\"item\":\"https:\/\/persimon.eu\/de\/\"},{\"@type\":\"ListItem\",\"position\":2,\"name\":\"Internationale Kampagnen\"}]},{\"@type\":\"WebSite\",\"@id\":\"https:\/\/persimon.eu\/de\/#website\",\"url\":\"https:\/\/persimon.eu\/de\/\",\"name\":\"DOP Kaki Ribera del X\u00faquer\",\"description\":\"En nuestra web descubrir\u00e1s todo lo que rodea a nuestros kakis con D.O.P. Ribera del X\u00faquer.\",\"publisher\":{\"@id\":\"https:\/\/persimon.eu\/de\/#organization\"},\"potentialAction\":[{\"@type\":\"SearchAction\",\"target\":{\"@type\":\"EntryPoint\",\"urlTemplate\":\"https:\/\/persimon.eu\/de\/?s={search_term_string}\"},\"query-input\":{\"@type\":\"PropertyValueSpecification\",\"valueRequired\":true,\"valueName\":\"search_term_string\"}}],\"inLanguage\":\"de\"},{\"@type\":\"Organization\",\"@id\":\"https:\/\/persimon.eu\/de\/#organization\",\"name\":\"D.O.P Kaki Ribera del X\u00faquer\",\"url\":\"https:\/\/persimon.eu\/de\/\",\"logo\":{\"@type\":\"ImageObject\",\"inLanguage\":\"de\",\"@id\":\"https:\/\/persimon.eu\/de\/#\/schema\/logo\/image\/\",\"url\":\"https:\/\/persimon.eu\/wp-content\/uploads\/2019\/09\/logo-dop-kaki.png\",\"contentUrl\":\"https:\/\/persimon.eu\/wp-content\/uploads\/2019\/09\/logo-dop-kaki.png\",\"width\":227,\"height\":227,\"caption\":\"D.O.P Kaki Ribera del X\u00faquer\"},\"image\":{\"@id\":\"https:\/\/persimon.eu\/de\/#\/schema\/logo\/image\/\"},\"sameAs\":[\"https:\/\/www.facebook.com\/kakipersimonDOP\/\",\"https:\/\/www.instagram.com\/kakipersimon_\/\",\"https:\/\/www.youtube.com\/channel\/UC7Jcl7rqySAcWf0V1axJ7Bg\"]}]}<\/script>\n<!-- \/ Yoast SEO plugin. -->","yoast_head_json":{"title":"Internationale Kampagnen - DOP Kaki Ribera del X\u00faquer","robots":{"index":"index","follow":"follow","max-snippet":"max-snippet:-1","max-image-preview":"max-image-preview:large","max-video-preview":"max-video-preview:-1"},"canonical":"https:\/\/persimon.eu\/de\/internationale-kampagnen\/","og_locale":"de_DE","og_type":"article","og_title":"Internationale Kampagnen - DOP Kaki Ribera del X\u00faquer","og_description":"Internationale KampagnenInternationale Kampagnen des Kontrollrats der gesch\u00fctzten Ursprungsbezeichnung \u201eKaki Ribera del X\u00faquer\u201c.","og_site_name":"DOP Kaki Ribera del X\u00faquer","article_publisher":"https:\/\/www.facebook.com\/kakipersimonDOP\/","twitter_card":"summary_large_image","twitter_misc":{"Gesch\u00e4tzte Lesezeit":"4\u00a0Minuten"},"schema":{"@context":"https:\/\/schema.org","@graph":[{"@type":"WebPage","@id":"https:\/\/persimon.eu\/de\/internationale-kampagnen\/","url":"https:\/\/persimon.eu\/de\/internationale-kampagnen\/","name":"Internationale Kampagnen - DOP Kaki Ribera del X\u00faquer","isPartOf":{"@id":"https:\/\/persimon.eu\/de\/#website"},"datePublished":"2020-11-02T07:14:48+00:00","breadcrumb":{"@id":"https:\/\/persimon.eu\/de\/internationale-kampagnen\/#breadcrumb"},"inLanguage":"de","potentialAction":[{"@type":"ReadAction","target":["https:\/\/persimon.eu\/de\/internationale-kampagnen\/"]}]},{"@type":"BreadcrumbList","@id":"https:\/\/persimon.eu\/de\/internationale-kampagnen\/#breadcrumb","itemListElement":[{"@type":"ListItem","position":1,"name":"Inicio","item":"https:\/\/persimon.eu\/de\/"},{"@type":"ListItem","position":2,"name":"Internationale Kampagnen"}]},{"@type":"WebSite","@id":"https:\/\/persimon.eu\/de\/#website","url":"https:\/\/persimon.eu\/de\/","name":"DOP Kaki Ribera del X\u00faquer","description":"En nuestra web descubrir\u00e1s todo lo que rodea a nuestros kakis con D.O.P. Ribera del X\u00faquer.","publisher":{"@id":"https:\/\/persimon.eu\/de\/#organization"},"potentialAction":[{"@type":"SearchAction","target":{"@type":"EntryPoint","urlTemplate":"https:\/\/persimon.eu\/de\/?s={search_term_string}"},"query-input":{"@type":"PropertyValueSpecification","valueRequired":true,"valueName":"search_term_string"}}],"inLanguage":"de"},{"@type":"Organization","@id":"https:\/\/persimon.eu\/de\/#organization","name":"D.O.P Kaki Ribera del X\u00faquer","url":"https:\/\/persimon.eu\/de\/","logo":{"@type":"ImageObject","inLanguage":"de","@id":"https:\/\/persimon.eu\/de\/#\/schema\/logo\/image\/","url":"https:\/\/persimon.eu\/wp-content\/uploads\/2019\/09\/logo-dop-kaki.png","contentUrl":"https:\/\/persimon.eu\/wp-content\/uploads\/2019\/09\/logo-dop-kaki.png","width":227,"height":227,"caption":"D.O.P Kaki Ribera del X\u00faquer"},"image":{"@id":"https:\/\/persimon.eu\/de\/#\/schema\/logo\/image\/"},"sameAs":["https:\/\/www.facebook.com\/kakipersimonDOP\/","https:\/\/www.instagram.com\/kakipersimon_\/","https:\/\/www.youtube.com\/channel\/UC7Jcl7rqySAcWf0V1axJ7Bg"]}]}},"_links":{"self":[{"href":"https:\/\/persimon.eu\/de\/wp-json\/wp\/v2\/pages\/2614","targetHints":{"allow":["GET"]}}],"collection":[{"href":"https:\/\/persimon.eu\/de\/wp-json\/wp\/v2\/pages"}],"about":[{"href":"https:\/\/persimon.eu\/de\/wp-json\/wp\/v2\/types\/page"}],"author":[{"embeddable":true,"href":"https:\/\/persimon.eu\/de\/wp-json\/wp\/v2\/users\/1"}],"replies":[{"embeddable":true,"href":"https:\/\/persimon.eu\/de\/wp-json\/wp\/v2\/comments?post=2614"}],"version-history":[{"count":1,"href":"https:\/\/persimon.eu\/de\/wp-json\/wp\/v2\/pages\/2614\/revisions"}],"predecessor-version":[{"id":2615,"href":"https:\/\/persimon.eu\/de\/wp-json\/wp\/v2\/pages\/2614\/revisions\/2615"}],"wp:attachment":[{"href":"https:\/\/persimon.eu\/de\/wp-json\/wp\/v2\/media?parent=2614"}],"curies":[{"name":"wp","href":"https:\/\/api.w.org\/{rel}","templated":true}]}}