{"id":2616,"date":"2020-11-02T07:15:51","date_gmt":"2020-11-02T07:15:51","guid":{"rendered":"https:\/\/persimon.eu\/kontakt\/"},"modified":"2020-11-02T07:15:52","modified_gmt":"2020-11-02T07:15:52","slug":"kontakt","status":"publish","type":"page","link":"https:\/\/persimon.eu\/de\/kontakt\/","title":{"rendered":"Kontakt"},"content":{"rendered":"<p>[et_pb_section fb_built=&#8220;1&#8243; admin_label=&#8220;IMAGEN FONDO&#8220; _builder_version=&#8220;3.29.3&#8243; background_color=&#8220;rgba(0,0,0,0)&#8220; custom_padding=&#8220;0px||0px||false|false&#8220; custom_css_main_element=&#8220;min-height: 100vh;||display: flex;||flex-direction: column;||z-index: 9;||margin-top: -70px;&#8220; fb_built=&#8220;1&#8243; _i=&#8220;0&#8243; _address=&#8220;0&#8243;][et_pb_row column_structure=&#8220;1_3,2_3&#8243; _builder_version=&#8220;3.29.3&#8243; background_enable_image=&#8220;off&#8220; width=&#8220;100%&#8220; max_width=&#8220;2560px&#8220; custom_css_main_element=&#8220;padding: 0 0;||margin: 0 0;&#8220; _i=&#8220;0&#8243; _address=&#8220;0.0&#8243;][et_pb_column type=&#8220;1_3&#8243; _builder_version=&#8220;3.29.3&#8243; custom_css_main_element=&#8220;margin: 0;&#8220; _i=&#8220;0&#8243; _address=&#8220;0.0.0&#8243;][et_pb_divider divider_style=&#8220;none&#8220; _builder_version=&#8220;3.29.3&#8243; height=&#8220;1px&#8220; max_height=&#8220;1000px&#8220; custom_margin=&#8220;0px||0px||false|false&#8220; _i=&#8220;0&#8243; _address=&#8220;0.0.0.0&#8243;][\/et_pb_divider][\/et_pb_column][et_pb_column type=&#8220;2_3&#8243; _builder_version=&#8220;3.29.3&#8243; background_color=&#8220;rgba(0,0,0,0)&#8220; background_image=&#8220;https:\/\/persimon.eu\/wp-content\/uploads\/2019\/10\/img-preguntas-frecuentes.jpg&#8220; _i=&#8220;1&#8243; _address=&#8220;0.0.1&#8243;][et_pb_divider divider_style=&#8220;none&#8220; module_class=&#8220;fullHeight&#8220; _builder_version=&#8220;3.29.3&#8243; custom_margin=&#8220;0px||0px||false|false&#8220; _i=&#8220;0&#8243; _address=&#8220;0.0.1.0&#8243;][\/et_pb_divider][\/et_pb_column][\/et_pb_row][\/et_pb_section][et_pb_section fb_built=&#8220;1&#8243; admin_label=&#8220;CONTENIDO&#8220; _builder_version=&#8220;3.29.3&#8243; background_color=&#8220;rgba(0,0,0,0)&#8220; custom_margin=&#8220;||||false|false&#8220; custom_css_main_element=&#8220;z-index: 10;||top: 0;||left: 0;||position: absolute;||min-height: 100vh;||display: flex;||flex-direction: column;||width: 100%;&#8220; fb_built=&#8220;1&#8243; _i=&#8220;1&#8243; _address=&#8220;1&#8243;][et_pb_row make_equal=&#8220;on&#8220; disabled_on=&#8220;off|off|off&#8220; admin_label=&#8220;ROW BREADCRUMBS&#8220; _builder_version=&#8220;3.29.3&#8243; max_width=&#8220;2560px&#8220; custom_margin=&#8220;0px||0px||false|false&#8220; custom_padding=&#8220;0px||0px||false|false&#8220; _i=&#8220;0&#8243; _address=&#8220;1.0&#8243;][et_pb_column type=&#8220;4_4&#8243; _builder_version=&#8220;3.29.3&#8243; _i=&#8220;0&#8243; _address=&#8220;1.0.0&#8243;][et_pb_divider divider_style=&#8220;none&#8220; admin_label=&#8220;separadorTitular&#8220; module_class=&#8220;separadorTitular&#8220; _builder_version=&#8220;3.29.3&#8243; custom_margin=&#8220;0px||0px||false|false&#8220; _i=&#8220;0&#8243; _address=&#8220;1.0.0.0&#8243;][\/et_pb_divider][et_pb_code disabled_on=&#8220;on|on|off&#8220; admin_label=&#8220;Breadcrumbs&#8220; _builder_version=&#8220;3.29.3&#8243; custom_margin=&#8220;0px||0px||true|false&#8220; _i=&#8220;1&#8243; _address=&#8220;1.0.0.1&#8243;]<p id=\"breadcrumbs\"><span><span><a href=\"https:\/\/persimon.eu\/de\/\">Inicio<\/a><\/span><\/span><\/p>[\/et_pb_code][et_pb_divider divider_style=&#8220;none&#8220; disabled_on=&#8220;on|on|off&#8220; _builder_version=&#8220;3.29.3&#8243; height=&#8220;40px&#8220; custom_margin=&#8220;0px||0px||false|false&#8220; _i=&#8220;2&#8243; _address=&#8220;1.0.0.2&#8243;][\/et_pb_divider][\/et_pb_column][\/et_pb_row][et_pb_row column_structure=&#8220;2_5,3_5&#8243; make_equal=&#8220;on&#8220; _builder_version=&#8220;3.29.3&#8243; max_width=&#8220;2560px&#8220; custom_margin=&#8220;0px||0px||false|false&#8220; custom_padding=&#8220;0px||0px||false|false&#8220; hover_enabled=&#8220;0&#8243; _i=&#8220;1&#8243; _address=&#8220;1.1&#8243;][et_pb_column type=&#8220;2_5&#8243; _builder_version=&#8220;3.29.3&#8243; hover_enabled=&#8220;0&#8243; _i=&#8220;0&#8243; _address=&#8220;1.1.0&#8243; module_class=&#8220;ds-vertical-align&#8220;][et_pb_divider divider_style=&#8220;none&#8220; _builder_version=&#8220;3.29.3&#8243; height=&#8220;1px&#8220; max_height=&#8220;1000px&#8220; custom_margin=&#8220;0px||0px||false|false&#8220; _i=&#8220;0&#8243; _address=&#8220;1.1.1.0&#8243;][\/et_pb_divider][et_pb_text module_class=&#8220;kaki-titular&#8220; _builder_version=&#8220;3.29.3&#8243; header_font_size=&#8220;60px&#8220; custom_margin=&#8220;||0px||false|false&#8220; custom_padding=&#8220;|50px||50px|false|true&#8220; hover_enabled=&#8220;0&#8243; _i=&#8220;0&#8243; _address=&#8220;1.1.0.0&#8243;]<\/p>\n<h1>Kontakt<\/h1>\n<p>[\/et_pb_text][et_pb_text module_class=&#8220;bloqueTexto80&#8243; _builder_version=&#8220;3.29.3&#8243; custom_margin=&#8220;0px||||false|false&#8220; custom_padding=&#8220;40px|50px|40px|50px|true|true&#8220; hover_enabled=&#8220;0&#8243; _i=&#8220;1&#8243; _address=&#8220;1.1.0.1&#8243;]Wenn Sie Informationen ben\u00f6tigen oder mit uns Kontakt aufnehmen m\u00f6chten, dann f\u00fcllen Sie bitte das folgende Formular aus. Wir helfen Ihnen gerne weiter.[\/et_pb_text][\/et_pb_column][et_pb_column type=&#8220;3_5&#8243; _builder_version=&#8220;3.29.3&#8243; background_enable_image=&#8220;off&#8220; _i=&#8220;1&#8243; _address=&#8220;1.1.1&#8243;][et_pb_code _builder_version=&#8220;3.29.3&#8243; admin_label=&#8220;Formulario Contacto&#8220; hover_enabled=&#8220;0&#8243; background_color=&#8220;rgba(255,255,255,0.9)&#8220; custom_margin=&#8220;||||false&#8220; custom_padding=&#8220;40px|50px|40px|50px|true|true&#8220; custom_padding_last_edited=&#8220;off|desktop&#8220; custom_padding_phone=&#8220;|0px||0px|true|true&#8220;]\n<div class=\"wpcf7 no-js\" id=\"wpcf7-f1485-o1\" lang=\"es-ES\" dir=\"ltr\" data-wpcf7-id=\"1485\">\n<div class=\"screen-reader-response\"><p role=\"status\" aria-live=\"polite\" aria-atomic=\"true\"><\/p> <ul><\/ul><\/div>\n<form action=\"\/de\/wp-json\/wp\/v2\/pages\/2616#wpcf7-f1485-o1\" method=\"post\" class=\"wpcf7-form init\" aria-label=\"Formulario de contacto\" novalidate=\"novalidate\" data-status=\"init\">\n<fieldset class=\"hidden-fields-container\"><input type=\"hidden\" name=\"_wpcf7\" value=\"1485\" \/><input type=\"hidden\" name=\"_wpcf7_version\" value=\"6.1.5\" \/><input type=\"hidden\" name=\"_wpcf7_locale\" value=\"es_ES\" \/><input type=\"hidden\" name=\"_wpcf7_unit_tag\" value=\"wpcf7-f1485-o1\" \/><input type=\"hidden\" name=\"_wpcf7_container_post\" value=\"0\" \/><input type=\"hidden\" name=\"_wpcf7_posted_data_hash\" value=\"\" \/><input type=\"hidden\" name=\"_wpcf7_recaptcha_response\" value=\"\" \/>\n<\/fieldset>\n<div class=\"Formdatos\">\n\t<h4>1. Tus datos\n\t<\/h4>\n<\/div>\n<p><span class=\"wpcf7-form-control-wrap\" data-name=\"your-name-contact\"><input size=\"40\" maxlength=\"400\" class=\"wpcf7-form-control wpcf7-text wpcf7-validates-as-required KakiField\" aria-required=\"true\" aria-invalid=\"false\" placeholder=\"Nombre\" value=\"\" type=\"text\" name=\"your-name-contact\" \/><\/span><br \/>\n<span class=\"wpcf7-form-control-wrap\" data-name=\"your-email-contact\"><input size=\"40\" maxlength=\"400\" class=\"wpcf7-form-control wpcf7-email wpcf7-validates-as-required wpcf7-text wpcf7-validates-as-email KakiField\" aria-required=\"true\" aria-invalid=\"false\" placeholder=\"Email\" value=\"\" type=\"email\" name=\"your-email-contact\" \/><\/span><br \/>\n<span class=\"wpcf7-form-control-wrap\" data-name=\"tel-539\"><input size=\"40\" maxlength=\"400\" class=\"wpcf7-form-control wpcf7-tel wpcf7-text wpcf7-validates-as-tel KakiField\" aria-invalid=\"false\" placeholder=\"Tel\u00e9fono\" value=\"\" type=\"tel\" name=\"tel-539\" \/><\/span>\n<\/p>\n<div class=\"Formdatos\">\n\t<h4>2. \u00bfEn qu\u00e9 te podemos ayudar?\n\t<\/h4>\n<\/div>\n<p><span class=\"wpcf7-form-control-wrap\" data-name=\"message-453\"><textarea cols=\"40\" rows=\"10\" maxlength=\"2000\" class=\"wpcf7-form-control wpcf7-textarea KakiField\" aria-invalid=\"false\" placeholder=\"Mensaje\" name=\"message-453\"><\/textarea><\/span><br \/>\n<span class=\"wpcf7-form-control-wrap\" data-name=\"LOPD-409\"><span class=\"wpcf7-form-control wpcf7-checkbox wpcf7-validates-as-required docDOP\"><span class=\"wpcf7-list-item first last\"><label><input type=\"checkbox\" name=\"LOPD-409[]\" value=\"He le\u00eddo y acepto la pol\u00edtica de protecci\u00f3n de datos y privacidad\" \/><span class=\"wpcf7-list-item-label\">He le\u00eddo y acepto la pol\u00edtica de protecci\u00f3n de datos y privacidad<\/span><\/label><\/span><\/span><\/span>\n<\/p>\n<div class=\"DOPSubmit\">\n\t<p><button class=\"wpcf7-form-control wpcf7-submit has-spinner et_pb_button et_pb_bg_layout_light SendDOC\" type=\"submit\" value=\"Enviar\">Enviar<\/button>\n\t<\/p>\n<\/div><div class=\"wpcf7-response-output\" aria-hidden=\"true\"><\/div>\n<\/form>\n<\/div>\n[\/et_pb_code][\/et_pb_column][\/et_pb_row][\/et_pb_section]<\/p>\n","protected":false},"excerpt":{"rendered":"<p><p id=\"breadcrumbs\"><span><span><a href=\"https:\/\/persimon.eu\/de\/\">Inicio<\/a><\/span><\/span><\/p>KontaktWenn Sie Informationen ben\u00f6tigen oder mit uns Kontakt aufnehmen m\u00f6chten, dann f\u00fcllen Sie bitte das folgende Formular aus. Wir helfen Ihnen gerne weiter.\n<div class=\"wpcf7 no-js\" id=\"wpcf7-f1485-o2\" lang=\"es-ES\" dir=\"ltr\" data-wpcf7-id=\"1485\">\n<div class=\"screen-reader-response\"><p role=\"status\" aria-live=\"polite\" aria-atomic=\"true\"><\/p> <ul><\/ul><\/div>\n<form action=\"\/de\/wp-json\/wp\/v2\/pages\/2616#wpcf7-f1485-o2\" method=\"post\" class=\"wpcf7-form init\" aria-label=\"Formulario de contacto\" novalidate=\"novalidate\" data-status=\"init\">\n<fieldset class=\"hidden-fields-container\"><input type=\"hidden\" name=\"_wpcf7\" value=\"1485\" \/><input type=\"hidden\" name=\"_wpcf7_version\" value=\"6.1.5\" \/><input type=\"hidden\" name=\"_wpcf7_locale\" value=\"es_ES\" \/><input type=\"hidden\" name=\"_wpcf7_unit_tag\" value=\"wpcf7-f1485-o2\" \/><input type=\"hidden\" name=\"_wpcf7_container_post\" value=\"0\" \/><input type=\"hidden\" name=\"_wpcf7_posted_data_hash\" value=\"\" \/><input type=\"hidden\" name=\"_wpcf7_recaptcha_response\" value=\"\" \/>\n<\/fieldset>\n<div class=\"Formdatos\">\n\t<h4>1. Tus datos\n\t<\/h4>\n<\/div>\n<p><span class=\"wpcf7-form-control-wrap\" data-name=\"your-name-contact\"><input size=\"40\" maxlength=\"400\" class=\"wpcf7-form-control wpcf7-text wpcf7-validates-as-required KakiField\" aria-required=\"true\" aria-invalid=\"false\" placeholder=\"Nombre\" value=\"\" type=\"text\" name=\"your-name-contact\" \/><\/span><br \/>\n<span class=\"wpcf7-form-control-wrap\" data-name=\"your-email-contact\"><input size=\"40\" maxlength=\"400\" class=\"wpcf7-form-control wpcf7-email wpcf7-validates-as-required wpcf7-text wpcf7-validates-as-email KakiField\" aria-required=\"true\" aria-invalid=\"false\" placeholder=\"Email\" value=\"\" type=\"email\" name=\"your-email-contact\" \/><\/span><br \/>\n<span class=\"wpcf7-form-control-wrap\" data-name=\"tel-539\"><input size=\"40\" maxlength=\"400\" class=\"wpcf7-form-control wpcf7-tel wpcf7-text wpcf7-validates-as-tel KakiField\" aria-invalid=\"false\" placeholder=\"Tel\u00e9fono\" value=\"\" type=\"tel\" name=\"tel-539\" \/><\/span>\n<\/p>\n<div class=\"Formdatos\">\n\t<h4>2. \u00bfEn qu\u00e9 te podemos ayudar?\n\t<\/h4>\n<\/div>\n<p><span class=\"wpcf7-form-control-wrap\" data-name=\"message-453\"><textarea cols=\"40\" rows=\"10\" maxlength=\"2000\" class=\"wpcf7-form-control wpcf7-textarea KakiField\" aria-invalid=\"false\" placeholder=\"Mensaje\" name=\"message-453\"><\/textarea><\/span><br \/>\n<span class=\"wpcf7-form-control-wrap\" data-name=\"LOPD-409\"><span class=\"wpcf7-form-control wpcf7-checkbox wpcf7-validates-as-required docDOP\"><span class=\"wpcf7-list-item first last\"><label><input type=\"checkbox\" name=\"LOPD-409[]\" value=\"He le\u00eddo y acepto la pol\u00edtica de protecci\u00f3n de datos y privacidad\" \/><span class=\"wpcf7-list-item-label\">He le\u00eddo y acepto la pol\u00edtica de protecci\u00f3n de datos y privacidad<\/span><\/label><\/span><\/span><\/span>\n<\/p>\n<div class=\"DOPSubmit\">\n\t<p><button class=\"wpcf7-form-control wpcf7-submit has-spinner et_pb_button et_pb_bg_layout_light SendDOC\" type=\"submit\" value=\"Enviar\">Enviar<\/button>\n\t<\/p>\n<\/div><div class=\"wpcf7-response-output\" aria-hidden=\"true\"><\/div>\n<\/form>\n<\/div>\n<\/p>\n","protected":false},"author":1,"featured_media":0,"parent":0,"menu_order":0,"comment_status":"closed","ping_status":"closed","template":"","meta":{"_acf_changed":false,"_et_pb_use_builder":"on","_et_pb_old_content":"","_et_gb_content_width":"","footnotes":""},"class_list":["post-2616","page","type-page","status-publish","hentry"],"acf":[],"yoast_head":"<!-- This site is optimized with the Yoast SEO plugin v27.1.1 - https:\/\/yoast.com\/product\/yoast-seo-wordpress\/ -->\n<title>Kontakt - DOP Kaki Ribera del X\u00faquer<\/title>\n<meta name=\"description\" content=\"Wenn Sie Informationen ben\u00f6tigen oder mit uns Kontakt aufnehmen m\u00f6chten, dann f\u00fcllen Sie bitte das folgende Formular aus. Wir helfen Ihnen gerne weiter.\" \/>\n<meta name=\"robots\" content=\"index, follow, max-snippet:-1, max-image-preview:large, max-video-preview:-1\" \/>\n<link rel=\"canonical\" href=\"https:\/\/persimon.eu\/de\/kontakt\/\" \/>\n<meta property=\"og:locale\" content=\"de_DE\" \/>\n<meta property=\"og:type\" content=\"article\" \/>\n<meta property=\"og:title\" content=\"Kontakt - DOP Kaki Ribera del X\u00faquer\" \/>\n<meta property=\"og:description\" content=\"Wenn Sie Informationen ben\u00f6tigen oder mit uns Kontakt aufnehmen m\u00f6chten, dann f\u00fcllen Sie bitte das folgende Formular aus. Wir helfen Ihnen gerne weiter.\" \/>\n<meta property=\"og:site_name\" content=\"DOP Kaki Ribera del X\u00faquer\" \/>\n<meta property=\"article:publisher\" content=\"https:\/\/www.facebook.com\/kakipersimonDOP\/\" \/>\n<meta property=\"article:modified_time\" content=\"2020-11-02T07:15:52+00:00\" \/>\n<meta name=\"twitter:card\" content=\"summary_large_image\" \/>\n<meta name=\"twitter:label1\" content=\"Gesch\u00e4tzte Lesezeit\" \/>\n\t<meta name=\"twitter:data1\" content=\"3\u00a0Minuten\" \/>\n<script type=\"application\/ld+json\" class=\"yoast-schema-graph\">{\"@context\":\"https:\/\/schema.org\",\"@graph\":[{\"@type\":\"WebPage\",\"@id\":\"https:\/\/persimon.eu\/de\/kontakt\/\",\"url\":\"https:\/\/persimon.eu\/de\/kontakt\/\",\"name\":\"Kontakt - DOP Kaki Ribera del X\u00faquer\",\"isPartOf\":{\"@id\":\"https:\/\/persimon.eu\/de\/#website\"},\"datePublished\":\"2020-11-02T07:15:51+00:00\",\"dateModified\":\"2020-11-02T07:15:52+00:00\",\"description\":\"Wenn Sie Informationen ben\u00f6tigen oder mit uns Kontakt aufnehmen m\u00f6chten, dann f\u00fcllen Sie bitte das folgende Formular aus. Wir helfen Ihnen gerne weiter.\",\"breadcrumb\":{\"@id\":\"https:\/\/persimon.eu\/de\/kontakt\/#breadcrumb\"},\"inLanguage\":\"de\",\"potentialAction\":[{\"@type\":\"ReadAction\",\"target\":[\"https:\/\/persimon.eu\/de\/kontakt\/\"]}]},{\"@type\":\"BreadcrumbList\",\"@id\":\"https:\/\/persimon.eu\/de\/kontakt\/#breadcrumb\",\"itemListElement\":[{\"@type\":\"ListItem\",\"position\":1,\"name\":\"Inicio\",\"item\":\"https:\/\/persimon.eu\/de\/\"},{\"@type\":\"ListItem\",\"position\":2,\"name\":\"Kontakt\"}]},{\"@type\":\"WebSite\",\"@id\":\"https:\/\/persimon.eu\/de\/#website\",\"url\":\"https:\/\/persimon.eu\/de\/\",\"name\":\"DOP Kaki Ribera del X\u00faquer\",\"description\":\"En nuestra web descubrir\u00e1s todo lo que rodea a nuestros kakis con D.O.P. Ribera del X\u00faquer.\",\"publisher\":{\"@id\":\"https:\/\/persimon.eu\/de\/#organization\"},\"potentialAction\":[{\"@type\":\"SearchAction\",\"target\":{\"@type\":\"EntryPoint\",\"urlTemplate\":\"https:\/\/persimon.eu\/de\/?s={search_term_string}\"},\"query-input\":{\"@type\":\"PropertyValueSpecification\",\"valueRequired\":true,\"valueName\":\"search_term_string\"}}],\"inLanguage\":\"de\"},{\"@type\":\"Organization\",\"@id\":\"https:\/\/persimon.eu\/de\/#organization\",\"name\":\"D.O.P Kaki Ribera del X\u00faquer\",\"url\":\"https:\/\/persimon.eu\/de\/\",\"logo\":{\"@type\":\"ImageObject\",\"inLanguage\":\"de\",\"@id\":\"https:\/\/persimon.eu\/de\/#\/schema\/logo\/image\/\",\"url\":\"https:\/\/persimon.eu\/wp-content\/uploads\/2019\/09\/logo-dop-kaki.png\",\"contentUrl\":\"https:\/\/persimon.eu\/wp-content\/uploads\/2019\/09\/logo-dop-kaki.png\",\"width\":227,\"height\":227,\"caption\":\"D.O.P Kaki Ribera del X\u00faquer\"},\"image\":{\"@id\":\"https:\/\/persimon.eu\/de\/#\/schema\/logo\/image\/\"},\"sameAs\":[\"https:\/\/www.facebook.com\/kakipersimonDOP\/\",\"https:\/\/www.instagram.com\/kakipersimon_\/\",\"https:\/\/www.youtube.com\/channel\/UC7Jcl7rqySAcWf0V1axJ7Bg\"]}]}<\/script>\n<!-- \/ Yoast SEO plugin. -->","yoast_head_json":{"title":"Kontakt - DOP Kaki Ribera del X\u00faquer","description":"Wenn Sie Informationen ben\u00f6tigen oder mit uns Kontakt aufnehmen m\u00f6chten, dann f\u00fcllen Sie bitte das folgende Formular aus. Wir helfen Ihnen gerne weiter.","robots":{"index":"index","follow":"follow","max-snippet":"max-snippet:-1","max-image-preview":"max-image-preview:large","max-video-preview":"max-video-preview:-1"},"canonical":"https:\/\/persimon.eu\/de\/kontakt\/","og_locale":"de_DE","og_type":"article","og_title":"Kontakt - DOP Kaki Ribera del X\u00faquer","og_description":"Wenn Sie Informationen ben\u00f6tigen oder mit uns Kontakt aufnehmen m\u00f6chten, dann f\u00fcllen Sie bitte das folgende Formular aus. Wir helfen Ihnen gerne weiter.","og_site_name":"DOP Kaki Ribera del X\u00faquer","article_publisher":"https:\/\/www.facebook.com\/kakipersimonDOP\/","article_modified_time":"2020-11-02T07:15:52+00:00","twitter_card":"summary_large_image","twitter_misc":{"Gesch\u00e4tzte Lesezeit":"3\u00a0Minuten"},"schema":{"@context":"https:\/\/schema.org","@graph":[{"@type":"WebPage","@id":"https:\/\/persimon.eu\/de\/kontakt\/","url":"https:\/\/persimon.eu\/de\/kontakt\/","name":"Kontakt - DOP Kaki Ribera del X\u00faquer","isPartOf":{"@id":"https:\/\/persimon.eu\/de\/#website"},"datePublished":"2020-11-02T07:15:51+00:00","dateModified":"2020-11-02T07:15:52+00:00","description":"Wenn Sie Informationen ben\u00f6tigen oder mit uns Kontakt aufnehmen m\u00f6chten, dann f\u00fcllen Sie bitte das folgende Formular aus. Wir helfen Ihnen gerne weiter.","breadcrumb":{"@id":"https:\/\/persimon.eu\/de\/kontakt\/#breadcrumb"},"inLanguage":"de","potentialAction":[{"@type":"ReadAction","target":["https:\/\/persimon.eu\/de\/kontakt\/"]}]},{"@type":"BreadcrumbList","@id":"https:\/\/persimon.eu\/de\/kontakt\/#breadcrumb","itemListElement":[{"@type":"ListItem","position":1,"name":"Inicio","item":"https:\/\/persimon.eu\/de\/"},{"@type":"ListItem","position":2,"name":"Kontakt"}]},{"@type":"WebSite","@id":"https:\/\/persimon.eu\/de\/#website","url":"https:\/\/persimon.eu\/de\/","name":"DOP Kaki Ribera del X\u00faquer","description":"En nuestra web descubrir\u00e1s todo lo que rodea a nuestros kakis con D.O.P. Ribera del X\u00faquer.","publisher":{"@id":"https:\/\/persimon.eu\/de\/#organization"},"potentialAction":[{"@type":"SearchAction","target":{"@type":"EntryPoint","urlTemplate":"https:\/\/persimon.eu\/de\/?s={search_term_string}"},"query-input":{"@type":"PropertyValueSpecification","valueRequired":true,"valueName":"search_term_string"}}],"inLanguage":"de"},{"@type":"Organization","@id":"https:\/\/persimon.eu\/de\/#organization","name":"D.O.P Kaki Ribera del X\u00faquer","url":"https:\/\/persimon.eu\/de\/","logo":{"@type":"ImageObject","inLanguage":"de","@id":"https:\/\/persimon.eu\/de\/#\/schema\/logo\/image\/","url":"https:\/\/persimon.eu\/wp-content\/uploads\/2019\/09\/logo-dop-kaki.png","contentUrl":"https:\/\/persimon.eu\/wp-content\/uploads\/2019\/09\/logo-dop-kaki.png","width":227,"height":227,"caption":"D.O.P Kaki Ribera del X\u00faquer"},"image":{"@id":"https:\/\/persimon.eu\/de\/#\/schema\/logo\/image\/"},"sameAs":["https:\/\/www.facebook.com\/kakipersimonDOP\/","https:\/\/www.instagram.com\/kakipersimon_\/","https:\/\/www.youtube.com\/channel\/UC7Jcl7rqySAcWf0V1axJ7Bg"]}]}},"_links":{"self":[{"href":"https:\/\/persimon.eu\/de\/wp-json\/wp\/v2\/pages\/2616","targetHints":{"allow":["GET"]}}],"collection":[{"href":"https:\/\/persimon.eu\/de\/wp-json\/wp\/v2\/pages"}],"about":[{"href":"https:\/\/persimon.eu\/de\/wp-json\/wp\/v2\/types\/page"}],"author":[{"embeddable":true,"href":"https:\/\/persimon.eu\/de\/wp-json\/wp\/v2\/users\/1"}],"replies":[{"embeddable":true,"href":"https:\/\/persimon.eu\/de\/wp-json\/wp\/v2\/comments?post=2616"}],"version-history":[{"count":2,"href":"https:\/\/persimon.eu\/de\/wp-json\/wp\/v2\/pages\/2616\/revisions"}],"predecessor-version":[{"id":2618,"href":"https:\/\/persimon.eu\/de\/wp-json\/wp\/v2\/pages\/2616\/revisions\/2618"}],"wp:attachment":[{"href":"https:\/\/persimon.eu\/de\/wp-json\/wp\/v2\/media?parent=2616"}],"curies":[{"name":"wp","href":"https:\/\/api.w.org\/{rel}","templated":true}]}}