{"id":2732,"date":"2020-11-16T16:10:55","date_gmt":"2020-11-16T16:10:55","guid":{"rendered":"https:\/\/persimon.eu\/kaki-persimon\/wann-soll-man-sie-kaufen\/"},"modified":"2020-11-16T16:17:27","modified_gmt":"2020-11-16T16:17:27","slug":"wann-soll-man-sie-kaufen","status":"publish","type":"page","link":"https:\/\/persimon.eu\/de\/kaki-persimon\/wann-soll-man-sie-kaufen\/","title":{"rendered":"Wann soll man sie kaufen"},"content":{"rendered":"<p>[et_pb_section fb_built=&#8220;1&#8243; admin_label=&#8220;IMAGEN FONDO&#8220; _builder_version=&#8220;3.29.3&#8243; background_color=&#8220;rgba(0,0,0,0)&#8220; custom_padding=&#8220;0px||0px||false|false&#8220; custom_css_main_element=&#8220;min-height: 100vh;||display: flex;||flex-direction: column;||z-index: 9;||margin-top: -70px;&#8220;][et_pb_row column_structure=&#8220;1_3,2_3&#8243; _builder_version=&#8220;4.0.6&#8243; background_enable_image=&#8220;off&#8220; width=&#8220;100%&#8220; max_width=&#8220;2560px&#8220; hover_enabled=&#8220;0&#8243; custom_css_main_element=&#8220;padding: 0 0;||margin: 0 0;&#8220;][et_pb_column type=&#8220;1_3&#8243; _builder_version=&#8220;3.29.3&#8243; custom_css_main_element=&#8220;margin: 0;&#8220;][et_pb_divider divider_style=&#8220;none&#8220; _builder_version=&#8220;3.29.3&#8243; height=&#8220;1px&#8220; max_height=&#8220;1000px&#8220; custom_margin=&#8220;0px||0px||false|false&#8220;][\/et_pb_divider][\/et_pb_column][et_pb_column type=&#8220;2_3&#8243; _builder_version=&#8220;4.0.6&#8243; background_color=&#8220;rgba(0,0,0,0)&#8220; background_image=&#8220;https:\/\/persimon.eu\/wp-content\/uploads\/2019\/11\/cuando-comprarlo.jpg&#8220; hover_enabled=&#8220;0&#8243;][et_pb_divider divider_style=&#8220;none&#8220; module_class=&#8220;fullHeight&#8220; _builder_version=&#8220;3.29.3&#8243; custom_margin=&#8220;0px||0px||false|false&#8220;][\/et_pb_divider][\/et_pb_column][\/et_pb_row][\/et_pb_section][et_pb_section fb_built=&#8220;1&#8243; admin_label=&#8220;CONTENIDO&#8220; _builder_version=&#8220;3.29.3&#8243; background_color=&#8220;rgba(0,0,0,0)&#8220; custom_margin=&#8220;||||false|false&#8220; custom_css_main_element=&#8220;z-index: 10;||top: 0;||left: 0;||position: absolute;||min-height: 100vh;||display: flex;||flex-direction: column;||width: 100%;&#8220;][et_pb_row make_equal=&#8220;on&#8220; disabled_on=&#8220;off|off|off&#8220; admin_label=&#8220;ROW BREADCRUMBS&#8220; _builder_version=&#8220;3.29.3&#8243; max_width=&#8220;2560px&#8220; custom_margin=&#8220;0px||0px||false|false&#8220; custom_padding=&#8220;0px||0px||false|false&#8220;][et_pb_column type=&#8220;4_4&#8243; _builder_version=&#8220;3.29.3&#8243;][et_pb_divider divider_style=&#8220;none&#8220; admin_label=&#8220;separadorTitular&#8220; module_class=&#8220;separadorTitular&#8220; _builder_version=&#8220;3.29.3&#8243; custom_margin=&#8220;0px||0px||false|false&#8220;][\/et_pb_divider][et_pb_code disabled_on=&#8220;on|on|off&#8220; admin_label=&#8220;Breadcrumbs&#8220; _builder_version=&#8220;3.29.3&#8243; custom_margin=&#8220;0px||0px||true|false&#8220;]<p id=\"breadcrumbs\"><span><span><a href=\"https:\/\/persimon.eu\/de\/\">Inicio<\/a><\/span><\/span><\/p>[\/et_pb_code][et_pb_divider divider_style=&#8220;none&#8220; disabled_on=&#8220;on|on|off&#8220; _builder_version=&#8220;3.29.3&#8243; height=&#8220;40px&#8220; custom_margin=&#8220;0px||0px||false|false&#8220;][\/et_pb_divider][\/et_pb_column][\/et_pb_row][et_pb_row column_structure=&#8220;2_5,3_5&#8243; make_equal=&#8220;on&#8220; _builder_version=&#8220;3.29.3&#8243; max_width=&#8220;2560px&#8220; custom_margin=&#8220;0px||0px||false|false&#8220; custom_padding=&#8220;0px||0px||false|false&#8220;][et_pb_column type=&#8220;2_5&#8243; _builder_version=&#8220;3.29.3&#8243;][et_pb_text module_class=&#8220;kaki-titular&#8220; _builder_version=&#8220;3.29.3&#8243; header_font_size=&#8220;60px&#8220; custom_margin=&#8220;||0px||false|false&#8220; custom_padding=&#8220;|50px||50px|false|true&#8220;]<\/p>\n<h1>Wann soll man sie kaufen?<\/h1>\n<p>[\/et_pb_text][et_pb_text module_class=&#8220;bloqueTexto80&#8243; _builder_version=&#8220;3.29.3&#8243; custom_margin=&#8220;0px||||false|false&#8220; custom_padding=&#8220;40px|50px|40px|50px|true|true&#8220;]Der Verkaufszeitraum f\u00fcr Kakis ist normalerweise von<span>\u00a0<\/span><strong>Anfang Oktober<\/strong> bis <strong>Ende Januar<\/strong>, obwohl dies je nach Wetter w\u00e4hrend der Saison variieren kann.<\/p>\n<p>Au\u00dferhalb dieses Zeitraums werden auch andere Kakisorten angeboten, sogar in den Monaten April bis Juni. Diese Kakis stammen aus anderen L\u00e4ndern, haupts\u00e4chlich aus S\u00fcdamerika oder S\u00fcdafrika.[\/et_pb_text][\/et_pb_column][et_pb_column type=&#8220;3_5&#8243; _builder_version=&#8220;3.29.3&#8243; background_enable_image=&#8220;off&#8220;][et_pb_divider divider_style=&#8220;none&#8220; _builder_version=&#8220;3.29.3&#8243; height=&#8220;1px&#8220; max_height=&#8220;1000px&#8220; custom_margin=&#8220;0px||0px||false|false&#8220;][\/et_pb_divider][\/et_pb_column][\/et_pb_row][et_pb_row column_structure=&#8220;2_3,1_3&#8243; _builder_version=&#8220;3.29.3&#8243; max_width=&#8220;2560px&#8220; custom_margin=&#8220;0px||0px||false|false&#8220; custom_padding=&#8220;0px||0px||false|false&#8220;][et_pb_column type=&#8220;2_3&#8243; _builder_version=&#8220;3.29.3&#8243;][et_pb_text admin_label=&#8220;SubMenu&#8220; module_class=&#8220;submenu&#8220; _builder_version=&#8220;3.29.3&#8243; custom_margin=&#8220;||||false|false&#8220; custom_padding=&#8220;40px|50px|40px|50px|false|false&#8220;]<\/p>\n<ul>\n<li><a href=\"https:\/\/persimon.eu\/de\/kaki-persimon\/\" title=\"Was ist sie?\">Was ist sie?<\/a><\/li>\n<li><a href=\"https:\/\/persimon.eu\/de\/kaki-persimon\/warum-kaki-persimon\/\" title=\"Warum Kaki Persimon\u00ae?\">Warum Kaki Persimon\u00ae?<\/a><\/li>\n<li><a href=\"https:\/\/persimon.eu\/de\/kaki-persimon\/wie-und-wann-soll-man-eine-kaki-persimon-essen\/\" title=\"Wie und wann soll man eine Kaki Persimon essen?\">Wie und wann soll man eine Kaki Persimon essen?<\/a><\/li>\n<li><a href=\"https:\/\/persimon.eu\/de\/kaki-persimon\/wie-wird-sie-aufbewahrt\/\" title=\"Wie wird sie aufbewahrt?\">Wie wird sie aufbewahrt?<\/a><\/li>\n<li class=\"active\"><a href=\"https:\/\/persimon.eu\/de\/kaki-persimon\/wann-soll-man-sie-kaufen\/\" title=\"Wann soll man sie kaufen?\">Wann soll man sie kaufen?<\/a><\/li>\n<\/ul>\n<p>&nbsp;<\/p>\n<p>[\/et_pb_text][\/et_pb_column][et_pb_column type=&#8220;1_3&#8243; _builder_version=&#8220;3.29.3&#8243; background_enable_image=&#8220;off&#8220;][et_pb_divider divider_style=&#8220;none&#8220; _builder_version=&#8220;3.29.3&#8243; height=&#8220;1px&#8220; max_height=&#8220;1000px&#8220; custom_margin=&#8220;0px||0px||false|false&#8220;][\/et_pb_divider][\/et_pb_column][\/et_pb_row][\/et_pb_section]<\/p>\n","protected":false},"excerpt":{"rendered":"<p><p id=\"breadcrumbs\"><span><span><a href=\"https:\/\/persimon.eu\/de\/\">Inicio<\/a><\/span><\/span><\/p>Wann soll man sie kaufen?Der Verkaufszeitraum f\u00fcr Kakis ist normalerweise von\u00a0Anfang Oktober bis Ende Januar, obwohl dies je nach Wetter w\u00e4hrend der Saison variieren kann. Au\u00dferhalb dieses Zeitraums werden auch andere Kakisorten angeboten, sogar in den Monaten April bis Juni. Diese Kakis stammen aus anderen L\u00e4ndern, haupts\u00e4chlich aus S\u00fcdamerika oder S\u00fcdafrika. Was ist sie? Warum Kaki Persimon\u00ae? Wie und wann soll man eine Kaki Persimon essen? Wie wird sie aufbewahrt? Wann soll man sie kaufen? &nbsp;<\/p>\n","protected":false},"author":1,"featured_media":0,"parent":2659,"menu_order":0,"comment_status":"closed","ping_status":"closed","template":"","meta":{"_acf_changed":false,"_et_pb_use_builder":"on","_et_pb_old_content":"","_et_gb_content_width":"","footnotes":""},"class_list":["post-2732","page","type-page","status-publish","hentry"],"acf":[],"yoast_head":"<!-- This site is optimized with the Yoast SEO plugin v27.1.1 - https:\/\/yoast.com\/product\/yoast-seo-wordpress\/ -->\n<title>Wann soll man sie kaufen - DOP Kaki Ribera del X\u00faquer<\/title>\n<meta name=\"description\" content=\"Der Verkaufszeitraum f\u00fcr Kakis ist normalerweise von Anfang Oktober bis Ende Januar, obwohl dies je nach Wetter w\u00e4hrend der Saison variieren kann.\" \/>\n<meta name=\"robots\" content=\"index, follow, max-snippet:-1, max-image-preview:large, max-video-preview:-1\" \/>\n<link rel=\"canonical\" href=\"https:\/\/persimon.eu\/de\/kaki-persimon\/wann-soll-man-sie-kaufen\/\" \/>\n<meta property=\"og:locale\" content=\"de_DE\" \/>\n<meta property=\"og:type\" content=\"article\" \/>\n<meta property=\"og:title\" content=\"Wann soll man sie kaufen - DOP Kaki Ribera del X\u00faquer\" \/>\n<meta property=\"og:description\" content=\"Der Verkaufszeitraum f\u00fcr Kakis ist normalerweise von Anfang Oktober bis Ende Januar, obwohl dies je nach Wetter w\u00e4hrend der Saison variieren kann.\" \/>\n<meta property=\"og:site_name\" content=\"DOP Kaki Ribera del X\u00faquer\" \/>\n<meta property=\"article:publisher\" content=\"https:\/\/www.facebook.com\/kakipersimonDOP\/\" \/>\n<meta property=\"article:modified_time\" content=\"2020-11-16T16:17:27+00:00\" \/>\n<meta name=\"twitter:card\" content=\"summary_large_image\" \/>\n<meta name=\"twitter:label1\" content=\"Gesch\u00e4tzte Lesezeit\" \/>\n\t<meta name=\"twitter:data1\" content=\"3\u00a0Minuten\" \/>\n<script type=\"application\/ld+json\" class=\"yoast-schema-graph\">{\"@context\":\"https:\/\/schema.org\",\"@graph\":[{\"@type\":\"WebPage\",\"@id\":\"https:\/\/persimon.eu\/de\/kaki-persimon\/wann-soll-man-sie-kaufen\/\",\"url\":\"https:\/\/persimon.eu\/de\/kaki-persimon\/wann-soll-man-sie-kaufen\/\",\"name\":\"Wann soll man sie kaufen - DOP Kaki Ribera del X\u00faquer\",\"isPartOf\":{\"@id\":\"https:\/\/persimon.eu\/de\/#website\"},\"datePublished\":\"2020-11-16T16:10:55+00:00\",\"dateModified\":\"2020-11-16T16:17:27+00:00\",\"description\":\"Der Verkaufszeitraum f\u00fcr Kakis ist normalerweise von Anfang Oktober bis Ende Januar, obwohl dies je nach Wetter w\u00e4hrend der Saison variieren kann.\",\"breadcrumb\":{\"@id\":\"https:\/\/persimon.eu\/de\/kaki-persimon\/wann-soll-man-sie-kaufen\/#breadcrumb\"},\"inLanguage\":\"de\",\"potentialAction\":[{\"@type\":\"ReadAction\",\"target\":[\"https:\/\/persimon.eu\/de\/kaki-persimon\/wann-soll-man-sie-kaufen\/\"]}]},{\"@type\":\"BreadcrumbList\",\"@id\":\"https:\/\/persimon.eu\/de\/kaki-persimon\/wann-soll-man-sie-kaufen\/#breadcrumb\",\"itemListElement\":[{\"@type\":\"ListItem\",\"position\":1,\"name\":\"Inicio\",\"item\":\"https:\/\/persimon.eu\/de\/\"},{\"@type\":\"ListItem\",\"position\":2,\"name\":\"Kaki Persimon\u00ae\",\"item\":\"https:\/\/persimon.eu\/de\/kaki-persimon\/\"},{\"@type\":\"ListItem\",\"position\":3,\"name\":\"Wann soll man sie kaufen\"}]},{\"@type\":\"WebSite\",\"@id\":\"https:\/\/persimon.eu\/de\/#website\",\"url\":\"https:\/\/persimon.eu\/de\/\",\"name\":\"DOP Kaki Ribera del X\u00faquer\",\"description\":\"En nuestra web descubrir\u00e1s todo lo que rodea a nuestros kakis con D.O.P. Ribera del X\u00faquer.\",\"publisher\":{\"@id\":\"https:\/\/persimon.eu\/de\/#organization\"},\"potentialAction\":[{\"@type\":\"SearchAction\",\"target\":{\"@type\":\"EntryPoint\",\"urlTemplate\":\"https:\/\/persimon.eu\/de\/?s={search_term_string}\"},\"query-input\":{\"@type\":\"PropertyValueSpecification\",\"valueRequired\":true,\"valueName\":\"search_term_string\"}}],\"inLanguage\":\"de\"},{\"@type\":\"Organization\",\"@id\":\"https:\/\/persimon.eu\/de\/#organization\",\"name\":\"D.O.P Kaki Ribera del X\u00faquer\",\"url\":\"https:\/\/persimon.eu\/de\/\",\"logo\":{\"@type\":\"ImageObject\",\"inLanguage\":\"de\",\"@id\":\"https:\/\/persimon.eu\/de\/#\/schema\/logo\/image\/\",\"url\":\"https:\/\/persimon.eu\/wp-content\/uploads\/2019\/09\/logo-dop-kaki.png\",\"contentUrl\":\"https:\/\/persimon.eu\/wp-content\/uploads\/2019\/09\/logo-dop-kaki.png\",\"width\":227,\"height\":227,\"caption\":\"D.O.P Kaki Ribera del X\u00faquer\"},\"image\":{\"@id\":\"https:\/\/persimon.eu\/de\/#\/schema\/logo\/image\/\"},\"sameAs\":[\"https:\/\/www.facebook.com\/kakipersimonDOP\/\",\"https:\/\/www.instagram.com\/kakipersimon_\/\",\"https:\/\/www.youtube.com\/channel\/UC7Jcl7rqySAcWf0V1axJ7Bg\"]}]}<\/script>\n<!-- \/ Yoast SEO plugin. -->","yoast_head_json":{"title":"Wann soll man sie kaufen - DOP Kaki Ribera del X\u00faquer","description":"Der Verkaufszeitraum f\u00fcr Kakis ist normalerweise von Anfang Oktober bis Ende Januar, obwohl dies je nach Wetter w\u00e4hrend der Saison variieren kann.","robots":{"index":"index","follow":"follow","max-snippet":"max-snippet:-1","max-image-preview":"max-image-preview:large","max-video-preview":"max-video-preview:-1"},"canonical":"https:\/\/persimon.eu\/de\/kaki-persimon\/wann-soll-man-sie-kaufen\/","og_locale":"de_DE","og_type":"article","og_title":"Wann soll man sie kaufen - DOP Kaki Ribera del X\u00faquer","og_description":"Der Verkaufszeitraum f\u00fcr Kakis ist normalerweise von Anfang Oktober bis Ende Januar, obwohl dies je nach Wetter w\u00e4hrend der Saison variieren kann.","og_site_name":"DOP Kaki Ribera del X\u00faquer","article_publisher":"https:\/\/www.facebook.com\/kakipersimonDOP\/","article_modified_time":"2020-11-16T16:17:27+00:00","twitter_card":"summary_large_image","twitter_misc":{"Gesch\u00e4tzte Lesezeit":"3\u00a0Minuten"},"schema":{"@context":"https:\/\/schema.org","@graph":[{"@type":"WebPage","@id":"https:\/\/persimon.eu\/de\/kaki-persimon\/wann-soll-man-sie-kaufen\/","url":"https:\/\/persimon.eu\/de\/kaki-persimon\/wann-soll-man-sie-kaufen\/","name":"Wann soll man sie kaufen - DOP Kaki Ribera del X\u00faquer","isPartOf":{"@id":"https:\/\/persimon.eu\/de\/#website"},"datePublished":"2020-11-16T16:10:55+00:00","dateModified":"2020-11-16T16:17:27+00:00","description":"Der Verkaufszeitraum f\u00fcr Kakis ist normalerweise von Anfang Oktober bis Ende Januar, obwohl dies je nach Wetter w\u00e4hrend der Saison variieren kann.","breadcrumb":{"@id":"https:\/\/persimon.eu\/de\/kaki-persimon\/wann-soll-man-sie-kaufen\/#breadcrumb"},"inLanguage":"de","potentialAction":[{"@type":"ReadAction","target":["https:\/\/persimon.eu\/de\/kaki-persimon\/wann-soll-man-sie-kaufen\/"]}]},{"@type":"BreadcrumbList","@id":"https:\/\/persimon.eu\/de\/kaki-persimon\/wann-soll-man-sie-kaufen\/#breadcrumb","itemListElement":[{"@type":"ListItem","position":1,"name":"Inicio","item":"https:\/\/persimon.eu\/de\/"},{"@type":"ListItem","position":2,"name":"Kaki Persimon\u00ae","item":"https:\/\/persimon.eu\/de\/kaki-persimon\/"},{"@type":"ListItem","position":3,"name":"Wann soll man sie kaufen"}]},{"@type":"WebSite","@id":"https:\/\/persimon.eu\/de\/#website","url":"https:\/\/persimon.eu\/de\/","name":"DOP Kaki Ribera del X\u00faquer","description":"En nuestra web descubrir\u00e1s todo lo que rodea a nuestros kakis con D.O.P. Ribera del X\u00faquer.","publisher":{"@id":"https:\/\/persimon.eu\/de\/#organization"},"potentialAction":[{"@type":"SearchAction","target":{"@type":"EntryPoint","urlTemplate":"https:\/\/persimon.eu\/de\/?s={search_term_string}"},"query-input":{"@type":"PropertyValueSpecification","valueRequired":true,"valueName":"search_term_string"}}],"inLanguage":"de"},{"@type":"Organization","@id":"https:\/\/persimon.eu\/de\/#organization","name":"D.O.P Kaki Ribera del X\u00faquer","url":"https:\/\/persimon.eu\/de\/","logo":{"@type":"ImageObject","inLanguage":"de","@id":"https:\/\/persimon.eu\/de\/#\/schema\/logo\/image\/","url":"https:\/\/persimon.eu\/wp-content\/uploads\/2019\/09\/logo-dop-kaki.png","contentUrl":"https:\/\/persimon.eu\/wp-content\/uploads\/2019\/09\/logo-dop-kaki.png","width":227,"height":227,"caption":"D.O.P Kaki Ribera del X\u00faquer"},"image":{"@id":"https:\/\/persimon.eu\/de\/#\/schema\/logo\/image\/"},"sameAs":["https:\/\/www.facebook.com\/kakipersimonDOP\/","https:\/\/www.instagram.com\/kakipersimon_\/","https:\/\/www.youtube.com\/channel\/UC7Jcl7rqySAcWf0V1axJ7Bg"]}]}},"_links":{"self":[{"href":"https:\/\/persimon.eu\/de\/wp-json\/wp\/v2\/pages\/2732","targetHints":{"allow":["GET"]}}],"collection":[{"href":"https:\/\/persimon.eu\/de\/wp-json\/wp\/v2\/pages"}],"about":[{"href":"https:\/\/persimon.eu\/de\/wp-json\/wp\/v2\/types\/page"}],"author":[{"embeddable":true,"href":"https:\/\/persimon.eu\/de\/wp-json\/wp\/v2\/users\/1"}],"replies":[{"embeddable":true,"href":"https:\/\/persimon.eu\/de\/wp-json\/wp\/v2\/comments?post=2732"}],"version-history":[{"count":5,"href":"https:\/\/persimon.eu\/de\/wp-json\/wp\/v2\/pages\/2732\/revisions"}],"predecessor-version":[{"id":2749,"href":"https:\/\/persimon.eu\/de\/wp-json\/wp\/v2\/pages\/2732\/revisions\/2749"}],"up":[{"embeddable":true,"href":"https:\/\/persimon.eu\/de\/wp-json\/wp\/v2\/pages\/2659"}],"wp:attachment":[{"href":"https:\/\/persimon.eu\/de\/wp-json\/wp\/v2\/media?parent=2732"}],"curies":[{"name":"wp","href":"https:\/\/api.w.org\/{rel}","templated":true}]}}