{"id":2756,"date":"2020-11-16T16:29:40","date_gmt":"2020-11-16T16:29:40","guid":{"rendered":"https:\/\/persimon.eu\/die-kaki\/sorte-rojo-brillante\/"},"modified":"2020-11-30T06:09:46","modified_gmt":"2020-11-30T06:09:46","slug":"sorte-rojo-brillante","status":"publish","type":"page","link":"https:\/\/persimon.eu\/de\/die-kaki\/sorte-rojo-brillante\/","title":{"rendered":"Sorte \u201eRojo Brillante\u201c"},"content":{"rendered":"<p>[et_pb_section fb_built=&#8220;1&#8243; admin_label=&#8220;CONTENIDO&#8220; module_id=&#8220;rojo-brillante&#8220; _builder_version=&#8220;4.0.6&#8243; background_color=&#8220;rgba(0,0,0,0)&#8220; background_image=&#8220;https:\/\/persimon.eu\/wp-content\/uploads\/2019\/11\/rojo-brillante-scaled.png&#8220; background_size=&#8220;contain&#8220; custom_margin=&#8220;||||false|false&#8220; hover_enabled=&#8220;0&#8243; custom_css_main_element=&#8220;z-index: 10;||min-height: 100vh;||display: flex;||flex-direction: column;||width: 100%;&#8220;][et_pb_row make_equal=&#8220;on&#8220; disabled_on=&#8220;off|off|off&#8220; admin_label=&#8220;ROW BREADCRUMBS&#8220; _builder_version=&#8220;3.29.3&#8243; max_width=&#8220;2560px&#8220; custom_margin=&#8220;0px||0px||false|false&#8220; custom_padding=&#8220;0px||0px||false|false&#8220;][et_pb_column type=&#8220;4_4&#8243; _builder_version=&#8220;3.29.3&#8243; hover_enabled=&#8220;0&#8243;][et_pb_divider divider_style=&#8220;none&#8220; admin_label=&#8220;separadorTitular&#8220; module_class=&#8220;separadorTitular&#8220; _builder_version=&#8220;3.29.3&#8243; custom_margin=&#8220;0px||0px||false|false&#8220;][\/et_pb_divider][et_pb_code disabled_on=&#8220;on|on|off&#8220; admin_label=&#8220;Breadcrumbs&#8220; _builder_version=&#8220;3.29.3&#8243; custom_margin=&#8220;0px||0px||true|false&#8220;]<p id=\"breadcrumbs\"><span><span><a href=\"https:\/\/persimon.eu\/de\/\">Inicio<\/a><\/span><\/span><\/p>[\/et_pb_code][et_pb_divider divider_style=&#8220;none&#8220; disabled_on=&#8220;on|on|off&#8220; _builder_version=&#8220;3.29.3&#8243; height=&#8220;40px&#8220; custom_margin=&#8220;0px||0px||false|false&#8220;][\/et_pb_divider][\/et_pb_column][\/et_pb_row][et_pb_row column_structure=&#8220;2_5,3_5&#8243; make_equal=&#8220;on&#8220; _builder_version=&#8220;3.29.3&#8243; background_enable_image=&#8220;off&#8220; max_width=&#8220;2560px&#8220; custom_margin=&#8220;0px||0px||false|false&#8220; custom_padding=&#8220;0px||0px||false|false&#8220; hover_enabled=&#8220;0&#8243;][et_pb_column type=&#8220;2_5&#8243; _builder_version=&#8220;3.29.3&#8243;][et_pb_text admin_label=&#8220;H1&#8243; module_class=&#8220;kaki-titular&#8220; _builder_version=&#8220;3.29.3&#8243; header_font_size=&#8220;60px&#8220; custom_margin=&#8220;||0px||false|false&#8220; custom_padding=&#8220;|50px||50px|false|true&#8220;]<\/p>\n<h1>Sorte \u201eRojo Brillante\u201c<\/h1>\n<p>[\/et_pb_text][et_pb_text module_class=&#8220;bloqueTexto80&#8243; _builder_version=&#8220;3.29.3&#8243; custom_margin=&#8220;0px||||false|false&#8220; custom_padding=&#8220;40px|50px|40px|50px|true|true&#8220;]<\/p>\n<h2>Knackig und verzehrfertig<\/h2>\n<p>Die Kaki der Sorte \u201eRojo Brillante\u201c ist eine lokale Sorte, die Mitte der 1950er Jahre durch nat\u00fcrliche Mutation einer anderen lokalen Sorte namens \u201eCristalino\u201c entstanden ist, die ebenfalls in der Region Ribera Alta angebaut wurde.<\/p>\n<p>Ende der neunziger Jahre begann man mithilfe nat\u00fcrlicher Techniken, der Frucht ihre Adstringenz zu entziehen, was zu einer neuen Sorte f\u00fchrte, die kommerziell als \u201ePersimon\u00ae\u201c bekannt ist, ein eingetragenes Warenzeichen des Kontrollrats der Ursprungsbezeichnung, das den Verbraucher \u00fcber diese neue Sorte und Form des Verzehrs informieren sollte. Dank dieser Techniken konnten der Anbau und die Vermarktung erweitert und dem Verbraucher eine v\u00f6llig neue, verzehrfertige Kakisorte angeboten werden, mit langer Haltbarkeit und einem unvergleichlichen Geschmack.<\/p>\n<p>[\/et_pb_text][\/et_pb_column][et_pb_column type=&#8220;3_5&#8243; _builder_version=&#8220;3.29.3&#8243; background_enable_image=&#8220;off&#8220;][et_pb_divider divider_style=&#8220;none&#8220; _builder_version=&#8220;3.29.3&#8243; height=&#8220;1px&#8220; max_height=&#8220;1000px&#8220; custom_margin=&#8220;0px||0px||false|false&#8220;][\/et_pb_divider][et_pb_text admin_label=&#8220;sobre la variedad&#8220; module_class=&#8220;rojo_brillante&#8220; _builder_version=&#8220;3.29.3&#8243; custom_margin=&#8220;||||false|false&#8220; custom_margin_last_edited=&#8220;off|desktop&#8220; custom_padding=&#8220;||||true|false&#8220;]<\/p>\n<p><strong>Name der Sorte<\/strong>: Rojo Brillante<\/p>\n<p><strong> Ursprung<\/strong>: Ribera Alta (Region von Valencia)<\/p>\n<p><strong>Form<\/strong>: L\u00e4nglich und gro\u00dfkalibrig<\/p>\n<p>Verf\u00fcgbarkeit: Oktober bis Januar<\/p>\n<p><strong>Fruchtfleisch<\/strong>: Knackig, fest und orangefarben, wenn ihr die Adstringenz entzogen wurde (wird unter dem Markennamen \u201ePersimon\u00ae\u201c vermarktet). Rot mit gelatineartiger Textur, wenn ihr nicht die Adstringenz entzogen wurde.<\/p>\n<p><strong>Geschmack<\/strong>: K\u00f6stlich s\u00fc\u00df und saftig<\/p>\n<p>[\/et_pb_text][\/et_pb_column][\/et_pb_row][et_pb_row module_class=&#8220;ds-vertical-align-end&#8220; _builder_version=&#8220;3.29.3&#8243; custom_margin=&#8220;50px||||false|false&#8220;][et_pb_column type=&#8220;4_4&#8243; module_class=&#8220;ds-vertical-align-end&#8220; _builder_version=&#8220;3.29.3&#8243; hover_enabled=&#8220;0&#8243;][et_pb_text admin_label=&#8220;ver otras variedades&#8220; _builder_version=&#8220;3.29.3&#8243; text_orientation=&#8220;center&#8220; custom_margin=&#8220;||||false|false&#8220; custom_padding=&#8220;||||false|false&#8220;]<\/p>\n<p style=\"text-align: center;\"><a href=\"#otras-variedades\">Andere Sorten<\/a><\/p>\n<p><a href=\"#otras-variedades\"><img loading=\"lazy\" decoding=\"async\" src=\"https:\/\/persimon.eu\/wp-content\/uploads\/2019\/10\/arrow-down.png\" width=\"50\" height=\"28\" alt=\"\" class=\"wp-image-2491 alignnone size-full\" style=\"display: block; margin-left: auto; margin-right: auto;\" \/><\/a><\/p>\n<p>[\/et_pb_text][\/et_pb_column][\/et_pb_row][\/et_pb_section][et_pb_section fb_built=&#8220;1&#8243; admin_label=&#8220;OTRAS VARIEDADES&#8220; module_id=&#8220;otras-variedades&#8220; _builder_version=&#8220;3.29.3&#8243; background_color=&#8220;rgba(0,0,0,0)&#8220; background_enable_image=&#8220;off&#8220; background_size=&#8220;contain&#8220; custom_margin=&#8220;||||false|false&#8220; custom_css_main_element=&#8220;z-index: 10;||min-height: 100vh;||display: flex;||flex-direction: column;||width: 100%;&#8220;][et_pb_row column_structure=&#8220;2_5,3_5&#8243; make_equal=&#8220;on&#8220; _builder_version=&#8220;3.29.3&#8243; background_enable_image=&#8220;off&#8220; max_width=&#8220;2560px&#8220; custom_margin=&#8220;0px||0px||false|false&#8220; custom_padding=&#8220;0px||0px||false|false&#8220;][et_pb_column type=&#8220;2_5&#8243; _builder_version=&#8220;3.29.3&#8243;][et_pb_text module_class=&#8220;kaki-titular&#8220; _builder_version=&#8220;3.29.3&#8243; header_font_size=&#8220;60px&#8220; custom_margin=&#8220;||0px||false|false&#8220; custom_padding=&#8220;|50px||50px|false|true&#8220;]<\/p>\n<h2>Andere Sorten<\/h2>\n<p>[\/et_pb_text][et_pb_text module_class=&#8220;bloqueTexto80&#8243; _builder_version=&#8220;3.29.3&#8243; custom_margin=&#8220;0px||||false|false&#8220; custom_padding=&#8220;40px|50px|40px|50px|true|true&#8220;]<\/p>\n<p>Obwohl die verschiedenen Kakisorten in der Wissenschaften unterschiedlich klassifiziert werden, unterscheiden wir sie der Einfachheit halber in ADSTRINGIERENDE und NICHT ADSTRINGIERENDE SORTEN.<\/p>\n<p>Zu diesem Zweck ist sehr wichtig zu wissen, was man unter Adstringenz versteht:<\/p>\n<p>Es ist ein trockenes und zusammenziehendes Gef\u00fchl auf der Zunge, das einen sehr unangenehmen trockenen und pelzigen Effekt hinterl\u00e4sst.<\/p>\n<p>Dieser Effekt wird durch das Vorhandensein von Tanninen in einigen Kakisorten hervorgerufen. Die Wechselwirkung der Tannine mit den Proteinen auf der Oberfl\u00e4che der Zunge f\u00fchrt zu dem genannten Effekt.<\/p>\n<p>Adstringierende Kakisorten haben eine hohe Anzahl von Tanninen, die aber mit der \u00dcberreife unl\u00f6slich und beim Verzehr nicht wahrgenommen werden. Wenn man diese adstringierenden Sorten jedoch vor ihrer \u00dcberreife isst, dann verursachen die in der Frucht vorhandenen Tannine diesen unangenehmen Effekt, der jedoch nur ein paar Minuten anh\u00e4lt.<\/p>\n<p>[\/et_pb_text][\/et_pb_column][et_pb_column type=&#8220;3_5&#8243; module_class=&#8220;ds-vertical-align&#8220; _builder_version=&#8220;3.29.3&#8243; background_enable_image=&#8220;off&#8220;][et_pb_divider divider_style=&#8220;none&#8220; _builder_version=&#8220;3.29.3&#8243; height=&#8220;1px&#8220; max_height=&#8220;1000px&#8220; custom_margin=&#8220;0px||0px||false|false&#8220;][\/et_pb_divider][dica_divi_carousel show_items_desktop=&#8220;1&#8243; show_items_tablet=&#8220;1&#8243; centermode=&#8220;on&#8220; arrow_nav=&#8220;on&#8220; dot_nav=&#8220;on&#8220; equal_height=&#8220;on&#8220; advanced_effect=&#8220;1&#8243; arrow_nav_color=&#8220;#666666&#8243; arrow_bg_color=&#8220;rgba(0,0,0,0)&#8220; dots_color=&#8220;rgba(102,102,102,0.7)&#8220; dots_active_color=&#8220;#666666&#8243; align=&#8220;center&#8220; image_sizing=&#8220;90%&#8220; arrow_show_hover=&#8220;on&#8220; admin_label=&#8220;Variedades&#8220; _builder_version=&#8220;3.29.3&#8243; background_color=&#8220;rgba(0,0,0,0)&#8220; max_width=&#8220;450px&#8220; max_width_tablet=&#8220;450px&#8220; max_width_phone=&#8220;100%&#8220; max_width_last_edited=&#8220;on|phone&#8220; module_alignment=&#8220;center&#8220; custom_margin=&#8220;40px||40px||true|false&#8220;][dica_divi_carouselitem title=&#8220;Caquis adstringierend&#8220; button_url_new_window=&#8220;1&#8243; image=&#8220;https:\/\/persimon.eu\/wp-content\/uploads\/2019\/10\/kaki-astringente-1.png&#8220; image_padding=&#8220;||20px||false|false&#8220; _builder_version=&#8220;3.29.3&#8243;][\/dica_divi_carouselitem][dica_divi_carouselitem title=&#8220;Nicht adstringierende Persimonen&#8220; button_url_new_window=&#8220;1&#8243; image=&#8220;https:\/\/persimon.eu\/wp-content\/uploads\/2019\/10\/kaki-no-astringente-1.png&#8220; image_padding=&#8220;||20px||false|false&#8220; _builder_version=&#8220;3.29.3&#8243;][\/dica_divi_carouselitem][\/dica_divi_carousel][\/et_pb_column][\/et_pb_row][et_pb_row column_structure=&#8220;2_3,1_3&#8243; _builder_version=&#8220;3.29.3&#8243; max_width=&#8220;2560px&#8220; custom_margin=&#8220;0px||0px||false|false&#8220; custom_padding=&#8220;0px||0px||false|false&#8220;][et_pb_column type=&#8220;2_3&#8243; _builder_version=&#8220;3.29.3&#8243;][et_pb_text admin_label=&#8220;SubMenu-el-kaki&#8220; module_class=&#8220;submenu&#8220; _builder_version=&#8220;3.29.3&#8243; custom_margin=&#8220;||||false|false&#8220; custom_padding=&#8220;40px|50px|40px|50px|false|false&#8220;]<\/p>\n<ul>\n<li><a href=\"https:\/\/persimon.eu\/de\/die-kaki\/\" title=\"Was ist das?\">Was ist das?<\/a><\/li>\n<li class=\"active\"><a href=\"https:\/\/persimon.eu\/de\/die-kaki\/sorte-rojo-brillante\/\" title=\"Variedad Rojo Brillante\">Sorte \u201eRojo Brillante\u201c<\/a><\/li>\n<li><a href=\"https:\/\/persimon.eu\/de\/die-kaki\/die-kaki-in-spanien-und-weltweit\/\" title=\"Die Kaki in Spanien und weltweit\">Die Kaki in Spanien und weltweit<\/a><\/li>\n<\/ul>\n<p>&nbsp;[\/et_pb_text][\/et_pb_column][et_pb_column type=&#8220;1_3&#8243; _builder_version=&#8220;3.29.3&#8243; background_enable_image=&#8220;off&#8220;][et_pb_divider divider_style=&#8220;none&#8220; _builder_version=&#8220;3.29.3&#8243; height=&#8220;1px&#8220; max_height=&#8220;1000px&#8220; custom_margin=&#8220;0px||0px||false|false&#8220;][\/et_pb_divider][\/et_pb_column][\/et_pb_row][et_pb_row column_structure=&#8220;1_3,1_3,1_3&#8243; _builder_version=&#8220;3.29.3&#8243;][et_pb_column type=&#8220;1_3&#8243; _builder_version=&#8220;3.29.3&#8243;][\/et_pb_column][et_pb_column type=&#8220;1_3&#8243; _builder_version=&#8220;3.29.3&#8243;][et_pb_text _builder_version=&#8220;3.29.3&#8243; text_orientation=&#8220;center&#8220; custom_margin=&#8220;0px||0px||false|false&#8220; custom_padding=&#8220;0px||0px||false|false&#8220;]<a href=\"#rojo-brillante\"><img loading=\"lazy\" decoding=\"async\" src=\"https:\/\/persimon.eu\/wp-content\/uploads\/2019\/10\/arrow-up.png\" width=\"50\" height=\"28\" alt=\"\" class=\"wp-image-2491 alignnone size-full\" style=\"display: block; margin-left: auto; margin-right: auto;\" \/><\/a>[\/et_pb_text][\/et_pb_column][et_pb_column type=&#8220;1_3&#8243; _builder_version=&#8220;3.29.3&#8243;][\/et_pb_column][\/et_pb_row][\/et_pb_section]<\/p>\n","protected":false},"excerpt":{"rendered":"<p><p id=\"breadcrumbs\"><span><span><a href=\"https:\/\/persimon.eu\/de\/\">Inicio<\/a><\/span><\/span><\/p>Sorte \u201eRojo Brillante\u201cKnackig und verzehrfertig Die Kaki der Sorte \u201eRojo Brillante\u201c ist eine lokale Sorte, die Mitte der 1950er Jahre durch nat\u00fcrliche Mutation einer anderen lokalen Sorte namens \u201eCristalino\u201c entstanden ist, die ebenfalls in der Region Ribera Alta angebaut wurde. Ende der neunziger Jahre begann man mithilfe nat\u00fcrlicher Techniken, der Frucht ihre Adstringenz zu entziehen, was zu einer neuen Sorte f\u00fchrte, die kommerziell als \u201ePersimon\u00ae\u201c bekannt ist, ein eingetragenes Warenzeichen des Kontrollrats der Ursprungsbezeichnung, das den Verbraucher \u00fcber diese neue Sorte und Form des Verzehrs informieren sollte. Dank dieser Techniken konnten der Anbau und die Vermarktung erweitert und dem Verbraucher eine v\u00f6llig neue, verzehrfertige Kakisorte angeboten werden, mit langer Haltbarkeit und einem unvergleichlichen Geschmack.Name der Sorte: Rojo Brillante Ursprung: Ribera Alta (Region von Valencia) Form: L\u00e4nglich und gro\u00dfkalibrig Verf\u00fcgbarkeit: Oktober bis Januar Fruchtfleisch: Knackig, fest und orangefarben, wenn ihr die Adstringenz entzogen wurde (wird unter dem Markennamen \u201ePersimon\u00ae\u201c vermarktet). Rot mit gelatineartiger Textur, wenn ihr nicht die Adstringenz entzogen wurde. Geschmack: K\u00f6stlich s\u00fc\u00df und saftigAndere Sorten Andere SortenObwohl die verschiedenen Kakisorten in der Wissenschaften unterschiedlich klassifiziert werden, unterscheiden wir sie der Einfachheit halber in ADSTRINGIERENDE und NICHT ADSTRINGIERENDE SORTEN. Zu diesem Zweck ist sehr wichtig zu wissen, was man unter [&hellip;]<\/p>\n","protected":false},"author":1,"featured_media":0,"parent":2753,"menu_order":0,"comment_status":"closed","ping_status":"closed","template":"","meta":{"_acf_changed":false,"_et_pb_use_builder":"on","_et_pb_old_content":"","_et_gb_content_width":"","footnotes":""},"class_list":["post-2756","page","type-page","status-publish","hentry"],"acf":[],"yoast_head":"<!-- This site is optimized with the Yoast SEO plugin v27.1.1 - https:\/\/yoast.com\/product\/yoast-seo-wordpress\/ -->\n<title>Sorte \u201eRojo Brillante\u201c - DOP Kaki Ribera del X\u00faquer<\/title>\n<meta name=\"description\" content=\"Die Kaki der Sorte \u201eRojo Brillante\u201c ist eine lokale Sorte, die Mitte der 1950er Jahre durch nat\u00fcrliche Mutation einer anderen lokalen Sorte namens \u201eCristalino\u201c entstanden ist, die ebenfalls in der Region Ribera Alta angebaut wurde.\" \/>\n<meta name=\"robots\" content=\"index, follow, max-snippet:-1, max-image-preview:large, max-video-preview:-1\" \/>\n<link rel=\"canonical\" href=\"https:\/\/persimon.eu\/de\/die-kaki\/sorte-rojo-brillante\/\" \/>\n<meta property=\"og:locale\" content=\"de_DE\" \/>\n<meta property=\"og:type\" content=\"article\" \/>\n<meta property=\"og:title\" content=\"Sorte \u201eRojo Brillante\u201c - DOP Kaki Ribera del X\u00faquer\" \/>\n<meta property=\"og:description\" content=\"Die Kaki der Sorte \u201eRojo Brillante\u201c ist eine lokale Sorte, die Mitte der 1950er Jahre durch nat\u00fcrliche Mutation einer anderen lokalen Sorte namens \u201eCristalino\u201c entstanden ist, die ebenfalls in der Region Ribera Alta angebaut wurde.\" \/>\n<meta property=\"og:site_name\" content=\"DOP Kaki Ribera del X\u00faquer\" \/>\n<meta property=\"article:publisher\" content=\"https:\/\/www.facebook.com\/kakipersimonDOP\/\" \/>\n<meta property=\"article:modified_time\" content=\"2020-11-30T06:09:46+00:00\" \/>\n<meta property=\"og:image\" content=\"https:\/\/persimon.eu\/wp-content\/uploads\/2019\/10\/arrow-down.png\" \/>\n<meta name=\"twitter:card\" content=\"summary_large_image\" \/>\n<meta name=\"twitter:label1\" content=\"Gesch\u00e4tzte Lesezeit\" \/>\n\t<meta name=\"twitter:data1\" content=\"6\u00a0Minuten\" \/>\n<script type=\"application\/ld+json\" class=\"yoast-schema-graph\">{\"@context\":\"https:\/\/schema.org\",\"@graph\":[{\"@type\":\"WebPage\",\"@id\":\"https:\/\/persimon.eu\/de\/die-kaki\/sorte-rojo-brillante\/\",\"url\":\"https:\/\/persimon.eu\/de\/die-kaki\/sorte-rojo-brillante\/\",\"name\":\"Sorte \u201eRojo Brillante\u201c - DOP Kaki Ribera del X\u00faquer\",\"isPartOf\":{\"@id\":\"https:\/\/persimon.eu\/de\/#website\"},\"primaryImageOfPage\":{\"@id\":\"https:\/\/persimon.eu\/de\/die-kaki\/sorte-rojo-brillante\/#primaryimage\"},\"image\":{\"@id\":\"https:\/\/persimon.eu\/de\/die-kaki\/sorte-rojo-brillante\/#primaryimage\"},\"thumbnailUrl\":\"https:\/\/persimon.eu\/wp-content\/uploads\/2019\/10\/arrow-down.png\",\"datePublished\":\"2020-11-16T16:29:40+00:00\",\"dateModified\":\"2020-11-30T06:09:46+00:00\",\"description\":\"Die Kaki der Sorte \u201eRojo Brillante\u201c ist eine lokale Sorte, die Mitte der 1950er Jahre durch nat\u00fcrliche Mutation einer anderen lokalen Sorte namens \u201eCristalino\u201c entstanden ist, die ebenfalls in der Region Ribera Alta angebaut wurde.\",\"breadcrumb\":{\"@id\":\"https:\/\/persimon.eu\/de\/die-kaki\/sorte-rojo-brillante\/#breadcrumb\"},\"inLanguage\":\"de\",\"potentialAction\":[{\"@type\":\"ReadAction\",\"target\":[\"https:\/\/persimon.eu\/de\/die-kaki\/sorte-rojo-brillante\/\"]}]},{\"@type\":\"ImageObject\",\"inLanguage\":\"de\",\"@id\":\"https:\/\/persimon.eu\/de\/die-kaki\/sorte-rojo-brillante\/#primaryimage\",\"url\":\"https:\/\/persimon.eu\/wp-content\/uploads\/2019\/10\/arrow-down.png\",\"contentUrl\":\"https:\/\/persimon.eu\/wp-content\/uploads\/2019\/10\/arrow-down.png\"},{\"@type\":\"BreadcrumbList\",\"@id\":\"https:\/\/persimon.eu\/de\/die-kaki\/sorte-rojo-brillante\/#breadcrumb\",\"itemListElement\":[{\"@type\":\"ListItem\",\"position\":1,\"name\":\"Inicio\",\"item\":\"https:\/\/persimon.eu\/de\/\"},{\"@type\":\"ListItem\",\"position\":2,\"name\":\"Die Kaki\",\"item\":\"https:\/\/persimon.eu\/de\/die-kaki\/\"},{\"@type\":\"ListItem\",\"position\":3,\"name\":\"Sorte \u201eRojo Brillante\u201c\"}]},{\"@type\":\"WebSite\",\"@id\":\"https:\/\/persimon.eu\/de\/#website\",\"url\":\"https:\/\/persimon.eu\/de\/\",\"name\":\"DOP Kaki Ribera del X\u00faquer\",\"description\":\"En nuestra web descubrir\u00e1s todo lo que rodea a nuestros kakis con D.O.P. Ribera del X\u00faquer.\",\"publisher\":{\"@id\":\"https:\/\/persimon.eu\/de\/#organization\"},\"potentialAction\":[{\"@type\":\"SearchAction\",\"target\":{\"@type\":\"EntryPoint\",\"urlTemplate\":\"https:\/\/persimon.eu\/de\/?s={search_term_string}\"},\"query-input\":{\"@type\":\"PropertyValueSpecification\",\"valueRequired\":true,\"valueName\":\"search_term_string\"}}],\"inLanguage\":\"de\"},{\"@type\":\"Organization\",\"@id\":\"https:\/\/persimon.eu\/de\/#organization\",\"name\":\"D.O.P Kaki Ribera del X\u00faquer\",\"url\":\"https:\/\/persimon.eu\/de\/\",\"logo\":{\"@type\":\"ImageObject\",\"inLanguage\":\"de\",\"@id\":\"https:\/\/persimon.eu\/de\/#\/schema\/logo\/image\/\",\"url\":\"https:\/\/persimon.eu\/wp-content\/uploads\/2019\/09\/logo-dop-kaki.png\",\"contentUrl\":\"https:\/\/persimon.eu\/wp-content\/uploads\/2019\/09\/logo-dop-kaki.png\",\"width\":227,\"height\":227,\"caption\":\"D.O.P Kaki Ribera del X\u00faquer\"},\"image\":{\"@id\":\"https:\/\/persimon.eu\/de\/#\/schema\/logo\/image\/\"},\"sameAs\":[\"https:\/\/www.facebook.com\/kakipersimonDOP\/\",\"https:\/\/www.instagram.com\/kakipersimon_\/\",\"https:\/\/www.youtube.com\/channel\/UC7Jcl7rqySAcWf0V1axJ7Bg\"]}]}<\/script>\n<!-- \/ Yoast SEO plugin. -->","yoast_head_json":{"title":"Sorte \u201eRojo Brillante\u201c - DOP Kaki Ribera del X\u00faquer","description":"Die Kaki der Sorte \u201eRojo Brillante\u201c ist eine lokale Sorte, die Mitte der 1950er Jahre durch nat\u00fcrliche Mutation einer anderen lokalen Sorte namens \u201eCristalino\u201c entstanden ist, die ebenfalls in der Region Ribera Alta angebaut wurde.","robots":{"index":"index","follow":"follow","max-snippet":"max-snippet:-1","max-image-preview":"max-image-preview:large","max-video-preview":"max-video-preview:-1"},"canonical":"https:\/\/persimon.eu\/de\/die-kaki\/sorte-rojo-brillante\/","og_locale":"de_DE","og_type":"article","og_title":"Sorte \u201eRojo Brillante\u201c - DOP Kaki Ribera del X\u00faquer","og_description":"Die Kaki der Sorte \u201eRojo Brillante\u201c ist eine lokale Sorte, die Mitte der 1950er Jahre durch nat\u00fcrliche Mutation einer anderen lokalen Sorte namens \u201eCristalino\u201c entstanden ist, die ebenfalls in der Region Ribera Alta angebaut wurde.","og_site_name":"DOP Kaki Ribera del X\u00faquer","article_publisher":"https:\/\/www.facebook.com\/kakipersimonDOP\/","article_modified_time":"2020-11-30T06:09:46+00:00","og_image":[{"url":"https:\/\/persimon.eu\/wp-content\/uploads\/2019\/10\/arrow-down.png","type":"","width":"","height":""}],"twitter_card":"summary_large_image","twitter_misc":{"Gesch\u00e4tzte Lesezeit":"6\u00a0Minuten"},"schema":{"@context":"https:\/\/schema.org","@graph":[{"@type":"WebPage","@id":"https:\/\/persimon.eu\/de\/die-kaki\/sorte-rojo-brillante\/","url":"https:\/\/persimon.eu\/de\/die-kaki\/sorte-rojo-brillante\/","name":"Sorte \u201eRojo Brillante\u201c - DOP Kaki Ribera del X\u00faquer","isPartOf":{"@id":"https:\/\/persimon.eu\/de\/#website"},"primaryImageOfPage":{"@id":"https:\/\/persimon.eu\/de\/die-kaki\/sorte-rojo-brillante\/#primaryimage"},"image":{"@id":"https:\/\/persimon.eu\/de\/die-kaki\/sorte-rojo-brillante\/#primaryimage"},"thumbnailUrl":"https:\/\/persimon.eu\/wp-content\/uploads\/2019\/10\/arrow-down.png","datePublished":"2020-11-16T16:29:40+00:00","dateModified":"2020-11-30T06:09:46+00:00","description":"Die Kaki der Sorte \u201eRojo Brillante\u201c ist eine lokale Sorte, die Mitte der 1950er Jahre durch nat\u00fcrliche Mutation einer anderen lokalen Sorte namens \u201eCristalino\u201c entstanden ist, die ebenfalls in der Region Ribera Alta angebaut wurde.","breadcrumb":{"@id":"https:\/\/persimon.eu\/de\/die-kaki\/sorte-rojo-brillante\/#breadcrumb"},"inLanguage":"de","potentialAction":[{"@type":"ReadAction","target":["https:\/\/persimon.eu\/de\/die-kaki\/sorte-rojo-brillante\/"]}]},{"@type":"ImageObject","inLanguage":"de","@id":"https:\/\/persimon.eu\/de\/die-kaki\/sorte-rojo-brillante\/#primaryimage","url":"https:\/\/persimon.eu\/wp-content\/uploads\/2019\/10\/arrow-down.png","contentUrl":"https:\/\/persimon.eu\/wp-content\/uploads\/2019\/10\/arrow-down.png"},{"@type":"BreadcrumbList","@id":"https:\/\/persimon.eu\/de\/die-kaki\/sorte-rojo-brillante\/#breadcrumb","itemListElement":[{"@type":"ListItem","position":1,"name":"Inicio","item":"https:\/\/persimon.eu\/de\/"},{"@type":"ListItem","position":2,"name":"Die Kaki","item":"https:\/\/persimon.eu\/de\/die-kaki\/"},{"@type":"ListItem","position":3,"name":"Sorte \u201eRojo Brillante\u201c"}]},{"@type":"WebSite","@id":"https:\/\/persimon.eu\/de\/#website","url":"https:\/\/persimon.eu\/de\/","name":"DOP Kaki Ribera del X\u00faquer","description":"En nuestra web descubrir\u00e1s todo lo que rodea a nuestros kakis con D.O.P. Ribera del X\u00faquer.","publisher":{"@id":"https:\/\/persimon.eu\/de\/#organization"},"potentialAction":[{"@type":"SearchAction","target":{"@type":"EntryPoint","urlTemplate":"https:\/\/persimon.eu\/de\/?s={search_term_string}"},"query-input":{"@type":"PropertyValueSpecification","valueRequired":true,"valueName":"search_term_string"}}],"inLanguage":"de"},{"@type":"Organization","@id":"https:\/\/persimon.eu\/de\/#organization","name":"D.O.P Kaki Ribera del X\u00faquer","url":"https:\/\/persimon.eu\/de\/","logo":{"@type":"ImageObject","inLanguage":"de","@id":"https:\/\/persimon.eu\/de\/#\/schema\/logo\/image\/","url":"https:\/\/persimon.eu\/wp-content\/uploads\/2019\/09\/logo-dop-kaki.png","contentUrl":"https:\/\/persimon.eu\/wp-content\/uploads\/2019\/09\/logo-dop-kaki.png","width":227,"height":227,"caption":"D.O.P Kaki Ribera del X\u00faquer"},"image":{"@id":"https:\/\/persimon.eu\/de\/#\/schema\/logo\/image\/"},"sameAs":["https:\/\/www.facebook.com\/kakipersimonDOP\/","https:\/\/www.instagram.com\/kakipersimon_\/","https:\/\/www.youtube.com\/channel\/UC7Jcl7rqySAcWf0V1axJ7Bg"]}]}},"_links":{"self":[{"href":"https:\/\/persimon.eu\/de\/wp-json\/wp\/v2\/pages\/2756","targetHints":{"allow":["GET"]}}],"collection":[{"href":"https:\/\/persimon.eu\/de\/wp-json\/wp\/v2\/pages"}],"about":[{"href":"https:\/\/persimon.eu\/de\/wp-json\/wp\/v2\/types\/page"}],"author":[{"embeddable":true,"href":"https:\/\/persimon.eu\/de\/wp-json\/wp\/v2\/users\/1"}],"replies":[{"embeddable":true,"href":"https:\/\/persimon.eu\/de\/wp-json\/wp\/v2\/comments?post=2756"}],"version-history":[{"count":5,"href":"https:\/\/persimon.eu\/de\/wp-json\/wp\/v2\/pages\/2756\/revisions"}],"predecessor-version":[{"id":2841,"href":"https:\/\/persimon.eu\/de\/wp-json\/wp\/v2\/pages\/2756\/revisions\/2841"}],"up":[{"embeddable":true,"href":"https:\/\/persimon.eu\/de\/wp-json\/wp\/v2\/pages\/2753"}],"wp:attachment":[{"href":"https:\/\/persimon.eu\/de\/wp-json\/wp\/v2\/media?parent=2756"}],"curies":[{"name":"wp","href":"https:\/\/api.w.org\/{rel}","templated":true}]}}