{"id":2777,"date":"2020-11-29T08:32:01","date_gmt":"2020-11-29T08:32:01","guid":{"rendered":"https:\/\/persimon.eu\/geschuetzte-ursprungsbezeichnung-ribera-del-xuquer\/ziele-der-g-u\/"},"modified":"2020-11-29T08:37:11","modified_gmt":"2020-11-29T08:37:11","slug":"ziele-der-g-u","status":"publish","type":"page","link":"https:\/\/persimon.eu\/de\/geschuetzte-ursprungsbezeichnung-ribera-del-xuquer\/ziele-der-g-u\/","title":{"rendered":"Ziele der g.U"},"content":{"rendered":"<p>[et_pb_section fb_built=&#8220;1&#8243; admin_label=&#8220;CONTENIDO&#8220; _builder_version=&#8220;4.6.6&#8243; background_color=&#8220;rgba(0,0,0,0)&#8220; custom_margin=&#8220;||||false|false&#8220; custom_padding=&#8220;0px||||false|false&#8220; hover_enabled=&#8220;0&#8243; custom_css_main_element=&#8220;z-index: 10;||top: 0;||left: 0;||position: relative;||min-height: 100vh;||display: flex;||flex-direction: column;||width: 100%;&#8220; sticky_enabled=&#8220;0&#8243;][et_pb_row make_equal=&#8220;on&#8220; disabled_on=&#8220;off|off|off&#8220; admin_label=&#8220;ROW BREADCRUMBS&#8220; _builder_version=&#8220;3.29.3&#8243; max_width=&#8220;2560px&#8220; custom_margin=&#8220;0px||0px||false|false&#8220; custom_padding=&#8220;0px||0px||false|false&#8220;][et_pb_column type=&#8220;4_4&#8243; _builder_version=&#8220;3.29.3&#8243;][et_pb_divider divider_style=&#8220;none&#8220; admin_label=&#8220;separadorTitular&#8220; module_class=&#8220;separadorTitular&#8220; _builder_version=&#8220;3.29.3&#8243; custom_margin=&#8220;0px||0px||false|false&#8220;][\/et_pb_divider][et_pb_code disabled_on=&#8220;on|on|off&#8220; admin_label=&#8220;Breadcrumbs&#8220; _builder_version=&#8220;3.29.3&#8243; custom_margin=&#8220;0px||0px||true|false&#8220;]<p id=\"breadcrumbs\"><span><span><a href=\"https:\/\/persimon.eu\/de\/\">Inicio<\/a><\/span><\/span><\/p>[\/et_pb_code][\/et_pb_column][\/et_pb_row][et_pb_row _builder_version=&#8220;3.29.3&#8243;][et_pb_column type=&#8220;4_4&#8243; _builder_version=&#8220;3.29.3&#8243;][dica_divi_carousel show_items_desktop=&#8220;1&#8243; show_items_tablet=&#8220;1&#8243; loop=&#8220;on&#8220; arrow_nav=&#8220;on&#8220; dot_nav=&#8220;on&#8220; dot_alignment=&#8220;right&#8220; equal_height=&#8220;on&#8220; advanced_effect=&#8220;1&#8243; arrow_nav_color=&#8220;#666&#8243; arrow_bg_color=&#8220;rgba(0,0,0,0)&#8220; dots_color=&#8220;rgba(102,102,102,0.7)&#8220; dots_active_color=&#8220;#666&#8243; arrow_position=&#8220;middle-outside&#8220; arrow_show_hover=&#8220;on&#8220; admin_label=&#8220;Slider &#8211; Kaki&#8220; _builder_version=&#8220;4.0.6&#8243; width=&#8220;100%&#8220;][dica_divi_carouselitem title=&#8220; Ziele der g.U&#8220; button_url_new_window=&#8220;1&#8243; image=&#8220;https:\/\/persimon.eu\/wp-content\/uploads\/2019\/11\/01-es.png&#8220; module_id=&#8220;kaki_mundo&#8220; module_class=&#8220;kaki_mundo&#8220; image_position=&#8220;image_right&#8220; mobile_on_top=&#8220;on&#8220; content_padding=&#8220;||||true|true&#8220; _builder_version=&#8220;4.0.6&#8243; background_color=&#8220;rgba(0,0,0,0)&#8220; background_enable_color=&#8220;on&#8220;]Der Kontrollrat ist eine halb\u00f6ffentliche, gemeinn\u00fctzige Einrichtung, deren Hauptt\u00e4tigkeit die Produktzertifizierung und -f\u00f6rderung ist. Mit der Produktzertifizierung versichern wir dem Verbraucher, dass das von ihm verzehrte Produkt die Anforderungen erf\u00fcllt, die in der von der Europ\u00e4ischen Kommission genehmigten Produktspezifikation festgelegt sind.<\/p>\n<p>Mit den Werbekampagnen versuchen wir andererseits, eine Frucht bekannt zu machen, die dem Verbraucher nahezu unbekannt ist.[\/dica_divi_carouselitem][dica_divi_carouselitem title=&#8220; Ziele der g.U&#8220; button_url_new_window=&#8220;1&#8243; image=&#8220;https:\/\/persimon.eu\/wp-content\/uploads\/2019\/11\/02-es.png&#8220; module_id=&#8220;kaki_mundo&#8220; module_class=&#8220;kaki_mundo&#8220; image_position=&#8220;image_right&#8220; mobile_on_top=&#8220;on&#8220; content_padding=&#8220;||||true|true&#8220; _builder_version=&#8220;4.0.6&#8243; background_color=&#8220;rgba(0,0,0,0)&#8220; background_enable_color=&#8220;on&#8220;]Die Schaffung der Ursprungsbezeichnungen ist eine Initiative der Europ\u00e4ischen Kommission, die dazu beitragen soll, dass die Bev\u00f6lkerung in l\u00e4ndlichen Gebieten mit differenzierten und qualitativ hochwertigen Produkten Anerkennung findet. Sie erm\u00f6glichen es dem Verbraucher, das Produkt zu identifizieren, und den Produzenten, ein angemessenes Einkommen f\u00fcr die Aus\u00fcbung ihrer T\u00e4tigkeit zu gew\u00e4hrleisten, womit der Landflucht aufgrund mangelnder Rentabilit\u00e4t entgegengewirkt wird.[\/dica_divi_carouselitem][dica_divi_carouselitem title=&#8220; Ziele der g.U&#8220; button_url_new_window=&#8220;1&#8243; image=&#8220;https:\/\/persimon.eu\/wp-content\/uploads\/2019\/11\/03-es.png&#8220; module_id=&#8220;kaki_mundo&#8220; module_class=&#8220;kaki_mundo&#8220; image_position=&#8220;image_right&#8220; mobile_on_top=&#8220;on&#8220; content_padding=&#8220;||||true|true&#8220; _builder_version=&#8220;4.0.6&#8243; background_color=&#8220;rgba(0,0,0,0)&#8220; background_enable_color=&#8220;on&#8220;]<\/p>\n<p><span>Einerseits wei\u00df der Verbraucher, dass er beim Kauf eines durch die Ursprungsbezeichnung gesch\u00fctzten Produkts ein anerkanntes und zertifiziertes Qualit\u00e4tserzeugnis erwirbt, dass den Anforderungen der von der Europ\u00e4ischen Kommission genehmigten Spezifikation entspricht. Andererseits erh\u00e4lt der Produzent als Gegenleistung f\u00fcr die Einhaltung zus\u00e4tzlicher Anforderungen bez\u00fcglich des Ursprungs der Frucht, der R\u00fcckverfolgbarkeit und der Anbaupraktiken die Anerkennung durch den Verbraucher, der dessen Bem\u00fchungen w\u00fcrdigt, ein Qualit\u00e4tsprodukt anzubieten, und somit dazu beitr\u00e4gt, die T\u00e4tigkeit in diesen Regionen und die traditionelle Landschaft aufrecht zu erhalten, was wiederum der Landflucht und dem Verfall der l\u00e4ndlichen Gebiete entgegenwirkt.<\/span><\/p>\n<p>[\/dica_divi_carouselitem][\/dica_divi_carousel][\/et_pb_column][\/et_pb_row][et_pb_row column_structure=&#8220;2_3,1_3&#8243; _builder_version=&#8220;3.29.3&#8243; max_width=&#8220;2560px&#8220; custom_margin=&#8220;0px||0px||false|false&#8220; custom_padding=&#8220;0px||0px||false|false&#8220;][et_pb_column type=&#8220;2_3&#8243; _builder_version=&#8220;3.29.3&#8243;][et_pb_text admin_label=&#8220;SubMenu-DOP&#8220; module_class=&#8220;submenu&#8220; _builder_version=&#8220;3.29.3&#8243; custom_margin=&#8220;||||false|false&#8220; custom_padding=&#8220;40px|50px|40px|50px|false|false&#8220;]<\/p>\n<ul>\n<li><a href=\"https:\/\/persimon.eu\/de\/geschuetzte-ursprungsbezeichnung-ribera-del-xuquer\/wer-bildet-die-g-u\/\" title=\"Wer bildet die g.U?\">Wer bildet die g.U?<\/a><\/li>\n<li class=\"active\"><a href=\"https:\/\/persimon.eu\/de\/geschuetzte-ursprungsbezeichnung-ribera-del-xuquer\/ziele-der-g-u\/\" title=\"Ziele der g.U.\">Ziele der g.U.<\/a><\/li>\n<li><a href=\"https:\/\/persimon.eu\/de\/geschuetzte-ursprungsbezeichnung-ribera-del-xuquer\/qualitaet-und-innovation\/\" title=\"Qualit\u00e4t und Innovation\">Qualit\u00e4t und Innovation<\/a><\/li>\n<\/ul>\n<p>&nbsp;[\/et_pb_text][\/et_pb_column][et_pb_column type=&#8220;1_3&#8243; _builder_version=&#8220;3.29.3&#8243; background_enable_image=&#8220;off&#8220;][et_pb_divider divider_style=&#8220;none&#8220; _builder_version=&#8220;3.29.3&#8243; height=&#8220;1px&#8220; max_height=&#8220;1000px&#8220; custom_margin=&#8220;0px||0px||false|false&#8220;][\/et_pb_divider][\/et_pb_column][\/et_pb_row][\/et_pb_section]<\/p>\n","protected":false},"excerpt":{"rendered":"<p><p id=\"breadcrumbs\"><span><span><a href=\"https:\/\/persimon.eu\/de\/\">Inicio<\/a><\/span><\/span><\/p><div class=\"et_pb_module dica_divi_carousel dica_divi_carousel_0\">\n\t\t\t\t\n\t\t\t\t\n\t\t\t\t\n\t\t\t\t\n\t\t\t\t\n\t\t\t\t\n\t\t\t\t<div class=\"et_pb_module_inner\">\n\t\t\t\t\t<div class=\"dica-container  desktop_middle-outside tablet_middle-outside mobile_middle-outside arrow-on-hover\" data-props='{\"desktop\":\"1\",\"tablet\":\"1\",\"mobile\":\"1\",\"speed\":\"500\",\"arrow\":\"on\",\"dots\":\"on\",\"autoplay\":\"off\",\"autoSpeed\":\"1000\",\"loop\":\"on\",\"item_spacing\":\"30\",\"center_mode\":\"off\",\"slider_effec\":\"1\",\"cover_rotate\":\"50\",\"pause_onhover\":\"off\",\"multislide\":\"off\",\"cfshadow\":\"on\",\"order\":\"0\",\"lazyload\":\"off\",\"lazybefore\":\"off\",\"scroller_effect\":\"off\",\"autowidth\":\"off\",\"item_spacing_tablet\":\"30\",\"item_spacing_phone\":\"30\",\"scroller_speed\":\"4000\",\"hashNavigation\":\"off\",\"simulatetouch\":\"off\",\"allowtouchmove\":\"off\",\"slide_row\":\"1\",\"slide_row_tablet\":\"1\",\"slide_row_phone\":\"1\",\"keyboard\":\"off\",\"mousewheel\":\"off\",\"autoplay_viewport\":\"\"}'>\n\t\t\t\t\t\t\t \t<div class=\"swiper-container\" >\n\t\t\t\t\t\t\t\t\t<div class=\"swiper-wrapper\"><\/div>\t\n\t\t\t\t\t\t\t\t<\/div>\t\n\t\t\t\t\t\t\t\t<div class=\"swiper-buttton-container\"><div class=\"swiper-button-prev dica-prev-btn-0\" data-icon=\"4\"><\/div><div class=\"swiper-button-next dica-next-btn-0\" data-icon=\"5\"><\/div><\/div>\n\t\t\t\t\t\t\t\t<div class=\"swiper-pagination dica-paination-0\"><\/div>\t\t\t\t\t\t\n\t\t\t\t\t\t\t<\/div>\n\t\t\t\t<\/div>\n\t\t\t<\/div><div id=\"kaki_mundo\" class=\"et_pb_module dica_divi_carouselitem dica_divi_carouselitem_0 kaki_mundo\">\n\t\t\t\t\n\t\t\t\t\n\t\t\t\t\n\t\t\t\t\n\t\t\t\t\n\t\t\t\t\n\t\t\t\t<div class=\"et_pb_module_inner\">\n\t\t\t\t\t <div class=\"dica-item image_right\"   data-hash=\"dica_divi_carouselitem_0\">\n\t\t\t\t\t\t\t\t\t<div class=\"dica-image-container\"><span class=\"image\"><img loading=\"lazy\" decoding=\"async\" src=\"https:\/\/persimon.eu\/wp-content\/uploads\/2019\/11\/01-es.png\" srcset=\"https:\/\/persimon.eu\/wp-content\/uploads\/2019\/11\/01-es.png 1498w, https:\/\/persimon.eu\/wp-content\/uploads\/2019\/11\/01-es-1280x1042.png 1280w, https:\/\/persimon.eu\/wp-content\/uploads\/2019\/11\/01-es-980x797.png 980w, https:\/\/persimon.eu\/wp-content\/uploads\/2019\/11\/01-es-480x391.png 480w\" alt=\"\" class=\"dica-item-image\" width=\"1498\" height=\"1219\"\/><\/span><\/div>\n\t\t\t\t\t\t\t\t\t<div class=\"dica-item-content\"><h4 class=\"item-title\"> Ziele der g.U<\/h4>   <div \n\t\t\t\t\t\tclass=\"content \" \n\t\t\t\t\t\tdata-settings='{\"status\":\"false\",\"responsive\":\"off\",\"limit\":\"\",\"limit_tablet\":\"\",\"limit_phone\":\"\",\"text_more\":\"\",\"text_less\":\"\"}'>\n\t\t\t\t\t\tDer Kontrollrat ist eine halb\u00f6ffentliche, gemeinn\u00fctzige Einrichtung, deren Hauptt\u00e4tigkeit die Produktzertifizierung und -f\u00f6rderung ist. Mit der Produktzertifizierung versichern wir dem Verbraucher, dass das von ihm verzehrte Produkt die Anforderungen erf\u00fcllt, die in der von der Europ\u00e4ischen Kommission genehmigten Produktspezifikation festgelegt sind. Mit den Werbekampagnen versuchen wir andererseits, eine Frucht bekannt zu machen, die dem Verbraucher nahezu unbekannt ist.\n\t\t\t\t\t<\/div>\n\t\t\t\t\t<noscript class=\"content_storage\">Der Kontrollrat ist eine halb\u00f6ffentliche, gemeinn\u00fctzige Einrichtung, deren Hauptt\u00e4tigkeit die Produktzertifizierung und -f\u00f6rderung ist. Mit der Produktzertifizierung versichern wir dem Verbraucher, dass das von ihm verzehrte Produkt die Anforderungen erf\u00fcllt, die in der von der Europ\u00e4ischen Kommission genehmigten Produktspezifikation festgelegt sind. Mit den Werbekampagnen versuchen wir andererseits, eine Frucht bekannt zu machen, die dem Verbraucher nahezu unbekannt ist.<\/noscript>     <\/div>\n\t\t\t\t\t\t\t<\/div>\n\t\t\t\t<\/div>\n\t\t\t<\/div><div id=\"kaki_mundo\" class=\"et_pb_module dica_divi_carouselitem dica_divi_carouselitem_1 kaki_mundo\">\n\t\t\t\t\n\t\t\t\t\n\t\t\t\t\n\t\t\t\t\n\t\t\t\t\n\t\t\t\t\n\t\t\t\t<div class=\"et_pb_module_inner\">\n\t\t\t\t\t <div class=\"dica-item image_right\"   data-hash=\"dica_divi_carouselitem_1\">\n\t\t\t\t\t\t\t\t\t<div class=\"dica-image-container\"><span class=\"image\"><img loading=\"lazy\" decoding=\"async\" src=\"https:\/\/persimon.eu\/wp-content\/uploads\/2019\/11\/02-es.png\" srcset=\"https:\/\/persimon.eu\/wp-content\/uploads\/2019\/11\/02-es.png 1498w, https:\/\/persimon.eu\/wp-content\/uploads\/2019\/11\/02-es-1280x1042.png 1280w, https:\/\/persimon.eu\/wp-content\/uploads\/2019\/11\/02-es-980x797.png 980w, https:\/\/persimon.eu\/wp-content\/uploads\/2019\/11\/02-es-480x391.png 480w\" alt=\"\" class=\"dica-item-image\" width=\"1498\" height=\"1219\"\/><\/span><\/div>\n\t\t\t\t\t\t\t\t\t<div class=\"dica-item-content\"><h4 class=\"item-title\"> Ziele der g.U<\/h4>   <div \n\t\t\t\t\t\tclass=\"content \" \n\t\t\t\t\t\tdata-settings='{\"status\":\"false\",\"responsive\":\"off\",\"limit\":\"\",\"limit_tablet\":\"\",\"limit_phone\":\"\",\"text_more\":\"\",\"text_less\":\"\"}'>\n\t\t\t\t\t\tDie Schaffung der Ursprungsbezeichnungen ist eine Initiative der Europ\u00e4ischen Kommission, die dazu beitragen soll, dass die Bev\u00f6lkerung in l\u00e4ndlichen Gebieten mit differenzierten und qualitativ hochwertigen Produkten Anerkennung findet. Sie erm\u00f6glichen es dem Verbraucher, das Produkt zu identifizieren, und den Produzenten, ein angemessenes Einkommen f\u00fcr die Aus\u00fcbung ihrer T\u00e4tigkeit zu gew\u00e4hrleisten, womit der Landflucht aufgrund mangelnder Rentabilit\u00e4t entgegengewirkt wird.\n\t\t\t\t\t<\/div>\n\t\t\t\t\t<noscript class=\"content_storage\">Die Schaffung der Ursprungsbezeichnungen ist eine Initiative der Europ\u00e4ischen Kommission, die dazu beitragen soll, dass die Bev\u00f6lkerung in l\u00e4ndlichen Gebieten mit differenzierten und qualitativ hochwertigen Produkten Anerkennung findet. Sie erm\u00f6glichen es dem Verbraucher, das Produkt zu identifizieren, und den Produzenten, ein angemessenes Einkommen f\u00fcr die Aus\u00fcbung ihrer T\u00e4tigkeit zu gew\u00e4hrleisten, womit der Landflucht aufgrund mangelnder Rentabilit\u00e4t entgegengewirkt wird.<\/noscript>     <\/div>\n\t\t\t\t\t\t\t<\/div>\n\t\t\t\t<\/div>\n\t\t\t<\/div><div id=\"kaki_mundo\" class=\"et_pb_module dica_divi_carouselitem dica_divi_carouselitem_2 kaki_mundo\">\n\t\t\t\t\n\t\t\t\t\n\t\t\t\t\n\t\t\t\t\n\t\t\t\t\n\t\t\t\t\n\t\t\t\t<div class=\"et_pb_module_inner\">\n\t\t\t\t\t <div class=\"dica-item image_right\"   data-hash=\"dica_divi_carouselitem_2\">\n\t\t\t\t\t\t\t\t\t<div class=\"dica-image-container\"><span class=\"image\"><img loading=\"lazy\" decoding=\"async\" src=\"https:\/\/persimon.eu\/wp-content\/uploads\/2019\/11\/03-es.png\" srcset=\"https:\/\/persimon.eu\/wp-content\/uploads\/2019\/11\/03-es.png 1498w, https:\/\/persimon.eu\/wp-content\/uploads\/2019\/11\/03-es-1280x1042.png 1280w, https:\/\/persimon.eu\/wp-content\/uploads\/2019\/11\/03-es-980x797.png 980w, https:\/\/persimon.eu\/wp-content\/uploads\/2019\/11\/03-es-480x391.png 480w\" alt=\"\" class=\"dica-item-image\" width=\"1498\" height=\"1219\"\/><\/span><\/div>\n\t\t\t\t\t\t\t\t\t<div class=\"dica-item-content\"><h4 class=\"item-title\"> Ziele der g.U<\/h4>        <\/div>\n\t\t\t\t\t\t\t<\/div>\n\t\t\t\t<\/div>\n\t\t\t<\/div>Einerseits wei\u00df der Verbraucher, dass er beim Kauf eines durch die Ursprungsbezeichnung gesch\u00fctzten Produkts ein anerkanntes und zertifiziertes Qualit\u00e4tserzeugnis erwirbt, dass den Anforderungen der von [&hellip;]<\/p>\n","protected":false},"author":1,"featured_media":0,"parent":2774,"menu_order":0,"comment_status":"closed","ping_status":"closed","template":"","meta":{"_acf_changed":false,"_et_pb_use_builder":"on","_et_pb_old_content":"","_et_gb_content_width":"","footnotes":""},"class_list":["post-2777","page","type-page","status-publish","hentry"],"acf":[],"yoast_head":"<!-- This site is optimized with the Yoast SEO plugin v27.1.1 - https:\/\/yoast.com\/product\/yoast-seo-wordpress\/ -->\n<title>Ziele der g.U - DOP Kaki Ribera del X\u00faquer<\/title>\n<meta name=\"description\" content=\"Der Kontrollrat ist eine halb\u00f6ffentliche, gemeinn\u00fctzige Einrichtung, deren Hauptt\u00e4tigkeit die Produktzertifizierung und -f\u00f6rderung ist.\" \/>\n<meta name=\"robots\" content=\"index, follow, max-snippet:-1, max-image-preview:large, max-video-preview:-1\" \/>\n<link rel=\"canonical\" href=\"https:\/\/persimon.eu\/de\/geschuetzte-ursprungsbezeichnung-ribera-del-xuquer\/ziele-der-g-u\/\" \/>\n<meta property=\"og:locale\" content=\"de_DE\" \/>\n<meta property=\"og:type\" content=\"article\" \/>\n<meta property=\"og:title\" content=\"Ziele der g.U - DOP Kaki Ribera del X\u00faquer\" \/>\n<meta property=\"og:description\" content=\"Der Kontrollrat ist eine halb\u00f6ffentliche, gemeinn\u00fctzige Einrichtung, deren Hauptt\u00e4tigkeit die Produktzertifizierung und -f\u00f6rderung ist.\" \/>\n<meta property=\"og:site_name\" content=\"DOP Kaki Ribera del X\u00faquer\" \/>\n<meta property=\"article:publisher\" content=\"https:\/\/www.facebook.com\/kakipersimonDOP\/\" \/>\n<meta property=\"article:modified_time\" content=\"2020-11-29T08:37:11+00:00\" \/>\n<meta name=\"twitter:card\" content=\"summary_large_image\" \/>\n<meta name=\"twitter:label1\" content=\"Gesch\u00e4tzte Lesezeit\" \/>\n\t<meta name=\"twitter:data1\" content=\"4\u00a0Minuten\" \/>\n<script type=\"application\/ld+json\" class=\"yoast-schema-graph\">{\"@context\":\"https:\/\/schema.org\",\"@graph\":[{\"@type\":\"WebPage\",\"@id\":\"https:\/\/persimon.eu\/de\/geschuetzte-ursprungsbezeichnung-ribera-del-xuquer\/ziele-der-g-u\/\",\"url\":\"https:\/\/persimon.eu\/de\/geschuetzte-ursprungsbezeichnung-ribera-del-xuquer\/ziele-der-g-u\/\",\"name\":\"Ziele der g.U - DOP Kaki Ribera del X\u00faquer\",\"isPartOf\":{\"@id\":\"https:\/\/persimon.eu\/de\/#website\"},\"datePublished\":\"2020-11-29T08:32:01+00:00\",\"dateModified\":\"2020-11-29T08:37:11+00:00\",\"description\":\"Der Kontrollrat ist eine halb\u00f6ffentliche, gemeinn\u00fctzige Einrichtung, deren Hauptt\u00e4tigkeit die Produktzertifizierung und -f\u00f6rderung ist.\",\"breadcrumb\":{\"@id\":\"https:\/\/persimon.eu\/de\/geschuetzte-ursprungsbezeichnung-ribera-del-xuquer\/ziele-der-g-u\/#breadcrumb\"},\"inLanguage\":\"de\",\"potentialAction\":[{\"@type\":\"ReadAction\",\"target\":[\"https:\/\/persimon.eu\/de\/geschuetzte-ursprungsbezeichnung-ribera-del-xuquer\/ziele-der-g-u\/\"]}]},{\"@type\":\"BreadcrumbList\",\"@id\":\"https:\/\/persimon.eu\/de\/geschuetzte-ursprungsbezeichnung-ribera-del-xuquer\/ziele-der-g-u\/#breadcrumb\",\"itemListElement\":[{\"@type\":\"ListItem\",\"position\":1,\"name\":\"Inicio\",\"item\":\"https:\/\/persimon.eu\/de\/\"},{\"@type\":\"ListItem\",\"position\":2,\"name\":\"Gesch\u00fctzte Ursprungsbezeichnung Ribera del X\u00faquer\",\"item\":\"https:\/\/persimon.eu\/de\/geschuetzte-ursprungsbezeichnung-ribera-del-xuquer\/\"},{\"@type\":\"ListItem\",\"position\":3,\"name\":\"Ziele der g.U\"}]},{\"@type\":\"WebSite\",\"@id\":\"https:\/\/persimon.eu\/de\/#website\",\"url\":\"https:\/\/persimon.eu\/de\/\",\"name\":\"DOP Kaki Ribera del X\u00faquer\",\"description\":\"En nuestra web descubrir\u00e1s todo lo que rodea a nuestros kakis con D.O.P. Ribera del X\u00faquer.\",\"publisher\":{\"@id\":\"https:\/\/persimon.eu\/de\/#organization\"},\"potentialAction\":[{\"@type\":\"SearchAction\",\"target\":{\"@type\":\"EntryPoint\",\"urlTemplate\":\"https:\/\/persimon.eu\/de\/?s={search_term_string}\"},\"query-input\":{\"@type\":\"PropertyValueSpecification\",\"valueRequired\":true,\"valueName\":\"search_term_string\"}}],\"inLanguage\":\"de\"},{\"@type\":\"Organization\",\"@id\":\"https:\/\/persimon.eu\/de\/#organization\",\"name\":\"D.O.P Kaki Ribera del X\u00faquer\",\"url\":\"https:\/\/persimon.eu\/de\/\",\"logo\":{\"@type\":\"ImageObject\",\"inLanguage\":\"de\",\"@id\":\"https:\/\/persimon.eu\/de\/#\/schema\/logo\/image\/\",\"url\":\"https:\/\/persimon.eu\/wp-content\/uploads\/2019\/09\/logo-dop-kaki.png\",\"contentUrl\":\"https:\/\/persimon.eu\/wp-content\/uploads\/2019\/09\/logo-dop-kaki.png\",\"width\":227,\"height\":227,\"caption\":\"D.O.P Kaki Ribera del X\u00faquer\"},\"image\":{\"@id\":\"https:\/\/persimon.eu\/de\/#\/schema\/logo\/image\/\"},\"sameAs\":[\"https:\/\/www.facebook.com\/kakipersimonDOP\/\",\"https:\/\/www.instagram.com\/kakipersimon_\/\",\"https:\/\/www.youtube.com\/channel\/UC7Jcl7rqySAcWf0V1axJ7Bg\"]}]}<\/script>\n<!-- \/ Yoast SEO plugin. -->","yoast_head_json":{"title":"Ziele der g.U - DOP Kaki Ribera del X\u00faquer","description":"Der Kontrollrat ist eine halb\u00f6ffentliche, gemeinn\u00fctzige Einrichtung, deren Hauptt\u00e4tigkeit die Produktzertifizierung und -f\u00f6rderung ist.","robots":{"index":"index","follow":"follow","max-snippet":"max-snippet:-1","max-image-preview":"max-image-preview:large","max-video-preview":"max-video-preview:-1"},"canonical":"https:\/\/persimon.eu\/de\/geschuetzte-ursprungsbezeichnung-ribera-del-xuquer\/ziele-der-g-u\/","og_locale":"de_DE","og_type":"article","og_title":"Ziele der g.U - DOP Kaki Ribera del X\u00faquer","og_description":"Der Kontrollrat ist eine halb\u00f6ffentliche, gemeinn\u00fctzige Einrichtung, deren Hauptt\u00e4tigkeit die Produktzertifizierung und -f\u00f6rderung ist.","og_site_name":"DOP Kaki Ribera del X\u00faquer","article_publisher":"https:\/\/www.facebook.com\/kakipersimonDOP\/","article_modified_time":"2020-11-29T08:37:11+00:00","twitter_card":"summary_large_image","twitter_misc":{"Gesch\u00e4tzte Lesezeit":"4\u00a0Minuten"},"schema":{"@context":"https:\/\/schema.org","@graph":[{"@type":"WebPage","@id":"https:\/\/persimon.eu\/de\/geschuetzte-ursprungsbezeichnung-ribera-del-xuquer\/ziele-der-g-u\/","url":"https:\/\/persimon.eu\/de\/geschuetzte-ursprungsbezeichnung-ribera-del-xuquer\/ziele-der-g-u\/","name":"Ziele der g.U - DOP Kaki Ribera del X\u00faquer","isPartOf":{"@id":"https:\/\/persimon.eu\/de\/#website"},"datePublished":"2020-11-29T08:32:01+00:00","dateModified":"2020-11-29T08:37:11+00:00","description":"Der Kontrollrat ist eine halb\u00f6ffentliche, gemeinn\u00fctzige Einrichtung, deren Hauptt\u00e4tigkeit die Produktzertifizierung und -f\u00f6rderung ist.","breadcrumb":{"@id":"https:\/\/persimon.eu\/de\/geschuetzte-ursprungsbezeichnung-ribera-del-xuquer\/ziele-der-g-u\/#breadcrumb"},"inLanguage":"de","potentialAction":[{"@type":"ReadAction","target":["https:\/\/persimon.eu\/de\/geschuetzte-ursprungsbezeichnung-ribera-del-xuquer\/ziele-der-g-u\/"]}]},{"@type":"BreadcrumbList","@id":"https:\/\/persimon.eu\/de\/geschuetzte-ursprungsbezeichnung-ribera-del-xuquer\/ziele-der-g-u\/#breadcrumb","itemListElement":[{"@type":"ListItem","position":1,"name":"Inicio","item":"https:\/\/persimon.eu\/de\/"},{"@type":"ListItem","position":2,"name":"Gesch\u00fctzte Ursprungsbezeichnung Ribera del X\u00faquer","item":"https:\/\/persimon.eu\/de\/geschuetzte-ursprungsbezeichnung-ribera-del-xuquer\/"},{"@type":"ListItem","position":3,"name":"Ziele der g.U"}]},{"@type":"WebSite","@id":"https:\/\/persimon.eu\/de\/#website","url":"https:\/\/persimon.eu\/de\/","name":"DOP Kaki Ribera del X\u00faquer","description":"En nuestra web descubrir\u00e1s todo lo que rodea a nuestros kakis con D.O.P. Ribera del X\u00faquer.","publisher":{"@id":"https:\/\/persimon.eu\/de\/#organization"},"potentialAction":[{"@type":"SearchAction","target":{"@type":"EntryPoint","urlTemplate":"https:\/\/persimon.eu\/de\/?s={search_term_string}"},"query-input":{"@type":"PropertyValueSpecification","valueRequired":true,"valueName":"search_term_string"}}],"inLanguage":"de"},{"@type":"Organization","@id":"https:\/\/persimon.eu\/de\/#organization","name":"D.O.P Kaki Ribera del X\u00faquer","url":"https:\/\/persimon.eu\/de\/","logo":{"@type":"ImageObject","inLanguage":"de","@id":"https:\/\/persimon.eu\/de\/#\/schema\/logo\/image\/","url":"https:\/\/persimon.eu\/wp-content\/uploads\/2019\/09\/logo-dop-kaki.png","contentUrl":"https:\/\/persimon.eu\/wp-content\/uploads\/2019\/09\/logo-dop-kaki.png","width":227,"height":227,"caption":"D.O.P Kaki Ribera del X\u00faquer"},"image":{"@id":"https:\/\/persimon.eu\/de\/#\/schema\/logo\/image\/"},"sameAs":["https:\/\/www.facebook.com\/kakipersimonDOP\/","https:\/\/www.instagram.com\/kakipersimon_\/","https:\/\/www.youtube.com\/channel\/UC7Jcl7rqySAcWf0V1axJ7Bg"]}]}},"_links":{"self":[{"href":"https:\/\/persimon.eu\/de\/wp-json\/wp\/v2\/pages\/2777","targetHints":{"allow":["GET"]}}],"collection":[{"href":"https:\/\/persimon.eu\/de\/wp-json\/wp\/v2\/pages"}],"about":[{"href":"https:\/\/persimon.eu\/de\/wp-json\/wp\/v2\/types\/page"}],"author":[{"embeddable":true,"href":"https:\/\/persimon.eu\/de\/wp-json\/wp\/v2\/users\/1"}],"replies":[{"embeddable":true,"href":"https:\/\/persimon.eu\/de\/wp-json\/wp\/v2\/comments?post=2777"}],"version-history":[{"count":7,"href":"https:\/\/persimon.eu\/de\/wp-json\/wp\/v2\/pages\/2777\/revisions"}],"predecessor-version":[{"id":2808,"href":"https:\/\/persimon.eu\/de\/wp-json\/wp\/v2\/pages\/2777\/revisions\/2808"}],"up":[{"embeddable":true,"href":"https:\/\/persimon.eu\/de\/wp-json\/wp\/v2\/pages\/2774"}],"wp:attachment":[{"href":"https:\/\/persimon.eu\/de\/wp-json\/wp\/v2\/media?parent=2777"}],"curies":[{"name":"wp","href":"https:\/\/api.w.org\/{rel}","templated":true}]}}