{"id":2780,"date":"2020-11-29T08:32:08","date_gmt":"2020-11-29T08:32:08","guid":{"rendered":"https:\/\/persimon.eu\/geschuetzte-ursprungsbezeichnung-ribera-del-xuquer\/qualitaet-und-innovation\/"},"modified":"2020-11-29T08:34:57","modified_gmt":"2020-11-29T08:34:57","slug":"qualitaet-und-innovation","status":"publish","type":"page","link":"https:\/\/persimon.eu\/de\/geschuetzte-ursprungsbezeichnung-ribera-del-xuquer\/qualitaet-und-innovation\/","title":{"rendered":"Qualit\u00e4t und Innovation"},"content":{"rendered":"<p>[et_pb_section fb_built=&#8220;1&#8243; admin_label=&#8220;IMAGEN FONDO&#8220; _builder_version=&#8220;3.29.3&#8243; background_color=&#8220;rgba(0,0,0,0)&#8220; custom_padding=&#8220;0px||0px||false|false&#8220; custom_css_main_element=&#8220;min-height: 100vh;||display: flex;||flex-direction: column;||z-index: 9;||margin-top: -70px;&#8220;][et_pb_row column_structure=&#8220;1_3,2_3&#8243; _builder_version=&#8220;4.0.6&#8243; background_enable_image=&#8220;off&#8220; width=&#8220;100%&#8220; max_width=&#8220;2560px&#8220; hover_enabled=&#8220;0&#8243; custom_css_main_element=&#8220;padding: 0 0;||margin: 0 0;&#8220;][et_pb_column type=&#8220;1_3&#8243; _builder_version=&#8220;3.29.3&#8243; custom_css_main_element=&#8220;margin: 0;&#8220;][et_pb_divider divider_style=&#8220;none&#8220; _builder_version=&#8220;3.29.3&#8243; height=&#8220;1px&#8220; max_height=&#8220;1000px&#8220; custom_margin=&#8220;0px||0px||false|false&#8220;][\/et_pb_divider][\/et_pb_column][et_pb_column type=&#8220;2_3&#8243; _builder_version=&#8220;4.0.6&#8243; background_color=&#8220;rgba(0,0,0,0)&#8220; background_image=&#8220;https:\/\/persimon.eu\/wp-content\/uploads\/2019\/11\/calidad-innovacion.jpg&#8220; hover_enabled=&#8220;0&#8243;][et_pb_divider divider_style=&#8220;none&#8220; module_class=&#8220;fullHeight&#8220; _builder_version=&#8220;3.29.3&#8243; custom_margin=&#8220;0px||0px||false|false&#8220;][\/et_pb_divider][\/et_pb_column][\/et_pb_row][\/et_pb_section][et_pb_section fb_built=&#8220;1&#8243; admin_label=&#8220;CONTENIDO&#8220; _builder_version=&#8220;3.29.3&#8243; background_color=&#8220;rgba(0,0,0,0)&#8220; custom_margin=&#8220;||||false|false&#8220; custom_css_main_element=&#8220;z-index: 10;||top: 0;||left: 0;||position: absolute;||min-height: 100vh;||display: flex;||flex-direction: column;||width: 100%;&#8220;][et_pb_row make_equal=&#8220;on&#8220; disabled_on=&#8220;off|off|off&#8220; admin_label=&#8220;ROW BREADCRUMBS&#8220; _builder_version=&#8220;3.29.3&#8243; max_width=&#8220;2560px&#8220; custom_margin=&#8220;0px||0px||false|false&#8220; custom_padding=&#8220;0px||0px||false|false&#8220;][et_pb_column type=&#8220;4_4&#8243; _builder_version=&#8220;3.29.3&#8243;][et_pb_divider divider_style=&#8220;none&#8220; admin_label=&#8220;separadorTitular&#8220; module_class=&#8220;separadorTitular&#8220; _builder_version=&#8220;3.29.3&#8243; custom_margin=&#8220;0px||0px||false|false&#8220;][\/et_pb_divider][et_pb_code disabled_on=&#8220;on|on|off&#8220; admin_label=&#8220;Breadcrumbs&#8220; _builder_version=&#8220;3.29.3&#8243; custom_margin=&#8220;0px||0px||true|false&#8220;]<p id=\"breadcrumbs\"><span><span><a href=\"https:\/\/persimon.eu\/de\/\">Inicio<\/a><\/span><\/span><\/p>[\/et_pb_code][et_pb_divider divider_style=&#8220;none&#8220; disabled_on=&#8220;on|on|off&#8220; _builder_version=&#8220;3.29.3&#8243; height=&#8220;40px&#8220; custom_margin=&#8220;0px||0px||false|false&#8220;][\/et_pb_divider][\/et_pb_column][\/et_pb_row][et_pb_row column_structure=&#8220;2_5,3_5&#8243; make_equal=&#8220;on&#8220; _builder_version=&#8220;3.29.3&#8243; max_width=&#8220;2560px&#8220; custom_margin=&#8220;0px||0px||false|false&#8220; custom_padding=&#8220;0px||0px||false|false&#8220;][et_pb_column type=&#8220;2_5&#8243; _builder_version=&#8220;3.29.3&#8243;][et_pb_text admin_label=&#8220;H1&#8243; module_class=&#8220;kaki-titular&#8220; _builder_version=&#8220;3.29.3&#8243; header_font_size=&#8220;60px&#8220; custom_margin=&#8220;||0px||false|false&#8220; custom_padding=&#8220;|50px||50px|false|true&#8220;]<\/p>\n<h1>Qualit\u00e4t und Innovation<\/h1>\n<p>[\/et_pb_text][et_pb_slider arrows_custom_color=&#8220;#666666&#8243; dot_nav_custom_color=&#8220;#666666&#8243; admin_label=&#8220;Slider-Texto&#8220; module_class=&#8220;bloqueTexto80&#8243; _builder_version=&#8220;3.29.3&#8243; custom_margin=&#8220;0px||||false|false&#8220; custom_padding=&#8220;40px|50px|40px|50px|true|true&#8220;][et_pb_slide arrows_custom_color=&#8220;#666&#8243; dot_nav_custom_color=&#8220;#666&#8243; admin_title=&#8220;01&#8243; _builder_version=&#8220;3.29.3&#8243; body_text_align=&#8220;justify&#8220; body_text_color=&#8220;#666666&#8243; background_color=&#8220;rgba(0,0,0,0)&#8220; background_enable_color=&#8220;on&#8220; background_layout=&#8220;light&#8220; custom_padding=&#8220;50px|10px|50px|10px|false|false&#8220;]Die Qualit\u00e4tspolitik des Kontrollrats der Ursprungsbezeichnung hat ein eindeutiges Ziel, n\u00e4mlich in \u00dcbereinstimmung mit den in der Spezifikation festgelegten Anforderungen sowie der aktuellen Lebensmittelgesetzgebung die denkbar beste Kaki anzubieten.<\/p>\n<p>Diesem Ziel folgend und dar\u00fcber hinaus hat der Kontrollrat seit seiner Gr\u00fcndung mehrere Abkommen mit verschiedenen Verwaltungen und Forschungszentren, wie z. B. dem IVIA, AINIA, IATA oder der Generalitat Valenciana abgeschlossen, um den Anbau der Kaki in all ihren Prozessphasen zu untersuchen und zu verbessern.[\/et_pb_slide][et_pb_slide arrows_custom_color=&#8220;#666&#8243; dot_nav_custom_color=&#8220;#666&#8243; admin_title=&#8220;02&#8243; _builder_version=&#8220;3.29.3&#8243; body_text_align=&#8220;justify&#8220; body_text_color=&#8220;#666666&#8243; background_color=&#8220;rgba(0,0,0,0)&#8220; background_enable_color=&#8220;on&#8220; background_layout=&#8220;light&#8220; custom_padding=&#8220;50px|10px|50px|10px|false|false&#8220;]All dieses Engagement erm\u00f6glicht uns ein umfassendes Qualit\u00e4tssystem, das uns dabei hilft, den gesamten Anbauprozess der Kaki, angefangen von ihrer Pflanzung bis hin zum Endverbraucher, zu kontrollieren, und zwar mit einem klaren Ziel: mit absoluter Sicherheit und unter strenger R\u00fccksichtnahme auf die privilegierte Umgebung, in der wir produzieren, die denkbar beste Kaki anzubieten.<\/p>\n<p>Weil ein durch die Ursprungsbezeichnung zertifiziertes Produkt gleichbedeutend mit Qualit\u00e4t und Garantie ist.[\/et_pb_slide][\/et_pb_slider][\/et_pb_column][et_pb_column type=&#8220;3_5&#8243; _builder_version=&#8220;3.29.3&#8243; background_enable_image=&#8220;off&#8220;][et_pb_divider divider_style=&#8220;none&#8220; _builder_version=&#8220;3.29.3&#8243; height=&#8220;1px&#8220; max_height=&#8220;1000px&#8220; custom_margin=&#8220;0px||0px||false|false&#8220;][\/et_pb_divider][\/et_pb_column][\/et_pb_row][et_pb_row column_structure=&#8220;2_3,1_3&#8243; _builder_version=&#8220;3.29.3&#8243; max_width=&#8220;2560px&#8220; custom_margin=&#8220;0px||0px||false|false&#8220; custom_padding=&#8220;0px||0px||false|false&#8220;][et_pb_column type=&#8220;2_3&#8243; _builder_version=&#8220;3.29.3&#8243;][et_pb_text admin_label=&#8220;SubMenu-DOP&#8220; module_class=&#8220;submenu&#8220; _builder_version=&#8220;3.29.3&#8243; custom_margin=&#8220;||||false|false&#8220; custom_padding=&#8220;40px|50px|40px|50px|false|false&#8220;]<\/p>\n<ul>\n<li><a href=\"https:\/\/persimon.eu\/de\/geschuetzte-ursprungsbezeichnung-ribera-del-xuquer\/wer-bildet-die-g-u\/\" title=\"Wer bildet die g.U?\">Wer bildet die g.U?<\/a><\/li>\n<li><a href=\"https:\/\/persimon.eu\/de\/geschuetzte-ursprungsbezeichnung-ribera-del-xuquer\/ziele-der-g-u\/\" title=\"Ziele der g.U.\">Ziele der g.U.<\/a><\/li>\n<li class=\"active\"><a href=\"https:\/\/persimon.eu\/de\/geschuetzte-ursprungsbezeichnung-ribera-del-xuquer\/qualitaet-und-innovation\/\" title=\"Qualit\u00e4t und Innovation\">Qualit\u00e4t und Innovation<\/a><\/li>\n<\/ul>\n<p>&nbsp;[\/et_pb_text][\/et_pb_column][et_pb_column type=&#8220;1_3&#8243; _builder_version=&#8220;3.29.3&#8243; background_enable_image=&#8220;off&#8220;][et_pb_divider divider_style=&#8220;none&#8220; _builder_version=&#8220;3.29.3&#8243; height=&#8220;1px&#8220; max_height=&#8220;1000px&#8220; custom_margin=&#8220;0px||0px||false|false&#8220;][\/et_pb_divider][\/et_pb_column][\/et_pb_row][\/et_pb_section]<\/p>\n","protected":false},"excerpt":{"rendered":"<p><p id=\"breadcrumbs\"><span><span><a href=\"https:\/\/persimon.eu\/de\/\">Inicio<\/a><\/span><\/span><\/p>Qualit\u00e4t und InnovationDie Qualit\u00e4tspolitik des Kontrollrats der Ursprungsbezeichnung hat ein eindeutiges Ziel, n\u00e4mlich in \u00dcbereinstimmung mit den in der Spezifikation festgelegten Anforderungen sowie der aktuellen Lebensmittelgesetzgebung die denkbar beste Kaki anzubieten. Diesem Ziel folgend und dar\u00fcber hinaus hat der Kontrollrat seit seiner Gr\u00fcndung mehrere Abkommen mit verschiedenen Verwaltungen und Forschungszentren, wie z. B. dem IVIA, AINIA, IATA oder der Generalitat Valenciana abgeschlossen, um den Anbau der Kaki in all ihren Prozessphasen zu untersuchen und zu verbessern.All dieses Engagement erm\u00f6glicht uns ein umfassendes Qualit\u00e4tssystem, das uns dabei hilft, den gesamten Anbauprozess der Kaki, angefangen von ihrer Pflanzung bis hin zum Endverbraucher, zu kontrollieren, und zwar mit einem klaren Ziel: mit absoluter Sicherheit und unter strenger R\u00fccksichtnahme auf die privilegierte Umgebung, in der wir produzieren, die denkbar beste Kaki anzubieten. Weil ein durch die Ursprungsbezeichnung zertifiziertes Produkt gleichbedeutend mit Qualit\u00e4t und Garantie ist. Wer bildet die g.U? Ziele der g.U. Qualit\u00e4t und Innovation &nbsp;<\/p>\n","protected":false},"author":1,"featured_media":0,"parent":2774,"menu_order":0,"comment_status":"closed","ping_status":"closed","template":"","meta":{"_acf_changed":false,"_et_pb_use_builder":"on","_et_pb_old_content":"","_et_gb_content_width":"","footnotes":""},"class_list":["post-2780","page","type-page","status-publish","hentry"],"acf":[],"yoast_head":"<!-- This site is optimized with the Yoast SEO plugin v27.1.1 - https:\/\/yoast.com\/product\/yoast-seo-wordpress\/ -->\n<title>Qualit\u00e4t und Innovation - DOP Kaki Ribera del X\u00faquer<\/title>\n<meta name=\"description\" content=\"Die Qualit\u00e4tspolitik des Kontrollrats der Ursprungsbezeichnung hat ein eindeutiges Ziel, n\u00e4mlich in \u00dcbereinstimmung mit den in der Spezifikation festgelegten Anforderungen sowie der aktuellen Lebensmittelgesetzgebung die denkbar beste Kaki anzubieten.\" \/>\n<meta name=\"robots\" content=\"index, follow, max-snippet:-1, max-image-preview:large, max-video-preview:-1\" \/>\n<link rel=\"canonical\" href=\"https:\/\/persimon.eu\/de\/geschuetzte-ursprungsbezeichnung-ribera-del-xuquer\/qualitaet-und-innovation\/\" \/>\n<meta property=\"og:locale\" content=\"de_DE\" \/>\n<meta property=\"og:type\" content=\"article\" \/>\n<meta property=\"og:title\" content=\"Qualit\u00e4t und Innovation - DOP Kaki Ribera del X\u00faquer\" \/>\n<meta property=\"og:description\" content=\"Die Qualit\u00e4tspolitik des Kontrollrats der Ursprungsbezeichnung hat ein eindeutiges Ziel, n\u00e4mlich in \u00dcbereinstimmung mit den in der Spezifikation festgelegten Anforderungen sowie der aktuellen Lebensmittelgesetzgebung die denkbar beste Kaki anzubieten.\" \/>\n<meta property=\"og:site_name\" content=\"DOP Kaki Ribera del X\u00faquer\" \/>\n<meta property=\"article:publisher\" content=\"https:\/\/www.facebook.com\/kakipersimonDOP\/\" \/>\n<meta property=\"article:modified_time\" content=\"2020-11-29T08:34:57+00:00\" \/>\n<meta name=\"twitter:card\" content=\"summary_large_image\" \/>\n<meta name=\"twitter:label1\" content=\"Gesch\u00e4tzte Lesezeit\" \/>\n\t<meta name=\"twitter:data1\" content=\"4\u00a0Minuten\" \/>\n<script type=\"application\/ld+json\" class=\"yoast-schema-graph\">{\"@context\":\"https:\/\/schema.org\",\"@graph\":[{\"@type\":\"WebPage\",\"@id\":\"https:\/\/persimon.eu\/de\/geschuetzte-ursprungsbezeichnung-ribera-del-xuquer\/qualitaet-und-innovation\/\",\"url\":\"https:\/\/persimon.eu\/de\/geschuetzte-ursprungsbezeichnung-ribera-del-xuquer\/qualitaet-und-innovation\/\",\"name\":\"Qualit\u00e4t und Innovation - DOP Kaki Ribera del X\u00faquer\",\"isPartOf\":{\"@id\":\"https:\/\/persimon.eu\/de\/#website\"},\"datePublished\":\"2020-11-29T08:32:08+00:00\",\"dateModified\":\"2020-11-29T08:34:57+00:00\",\"description\":\"Die Qualit\u00e4tspolitik des Kontrollrats der Ursprungsbezeichnung hat ein eindeutiges Ziel, n\u00e4mlich in \u00dcbereinstimmung mit den in der Spezifikation festgelegten Anforderungen sowie der aktuellen Lebensmittelgesetzgebung die denkbar beste Kaki anzubieten.\",\"breadcrumb\":{\"@id\":\"https:\/\/persimon.eu\/de\/geschuetzte-ursprungsbezeichnung-ribera-del-xuquer\/qualitaet-und-innovation\/#breadcrumb\"},\"inLanguage\":\"de\",\"potentialAction\":[{\"@type\":\"ReadAction\",\"target\":[\"https:\/\/persimon.eu\/de\/geschuetzte-ursprungsbezeichnung-ribera-del-xuquer\/qualitaet-und-innovation\/\"]}]},{\"@type\":\"BreadcrumbList\",\"@id\":\"https:\/\/persimon.eu\/de\/geschuetzte-ursprungsbezeichnung-ribera-del-xuquer\/qualitaet-und-innovation\/#breadcrumb\",\"itemListElement\":[{\"@type\":\"ListItem\",\"position\":1,\"name\":\"Inicio\",\"item\":\"https:\/\/persimon.eu\/de\/\"},{\"@type\":\"ListItem\",\"position\":2,\"name\":\"Gesch\u00fctzte Ursprungsbezeichnung Ribera del X\u00faquer\",\"item\":\"https:\/\/persimon.eu\/de\/geschuetzte-ursprungsbezeichnung-ribera-del-xuquer\/\"},{\"@type\":\"ListItem\",\"position\":3,\"name\":\"Qualit\u00e4t und Innovation\"}]},{\"@type\":\"WebSite\",\"@id\":\"https:\/\/persimon.eu\/de\/#website\",\"url\":\"https:\/\/persimon.eu\/de\/\",\"name\":\"DOP Kaki Ribera del X\u00faquer\",\"description\":\"En nuestra web descubrir\u00e1s todo lo que rodea a nuestros kakis con D.O.P. Ribera del X\u00faquer.\",\"publisher\":{\"@id\":\"https:\/\/persimon.eu\/de\/#organization\"},\"potentialAction\":[{\"@type\":\"SearchAction\",\"target\":{\"@type\":\"EntryPoint\",\"urlTemplate\":\"https:\/\/persimon.eu\/de\/?s={search_term_string}\"},\"query-input\":{\"@type\":\"PropertyValueSpecification\",\"valueRequired\":true,\"valueName\":\"search_term_string\"}}],\"inLanguage\":\"de\"},{\"@type\":\"Organization\",\"@id\":\"https:\/\/persimon.eu\/de\/#organization\",\"name\":\"D.O.P Kaki Ribera del X\u00faquer\",\"url\":\"https:\/\/persimon.eu\/de\/\",\"logo\":{\"@type\":\"ImageObject\",\"inLanguage\":\"de\",\"@id\":\"https:\/\/persimon.eu\/de\/#\/schema\/logo\/image\/\",\"url\":\"https:\/\/persimon.eu\/wp-content\/uploads\/2019\/09\/logo-dop-kaki.png\",\"contentUrl\":\"https:\/\/persimon.eu\/wp-content\/uploads\/2019\/09\/logo-dop-kaki.png\",\"width\":227,\"height\":227,\"caption\":\"D.O.P Kaki Ribera del X\u00faquer\"},\"image\":{\"@id\":\"https:\/\/persimon.eu\/de\/#\/schema\/logo\/image\/\"},\"sameAs\":[\"https:\/\/www.facebook.com\/kakipersimonDOP\/\",\"https:\/\/www.instagram.com\/kakipersimon_\/\",\"https:\/\/www.youtube.com\/channel\/UC7Jcl7rqySAcWf0V1axJ7Bg\"]}]}<\/script>\n<!-- \/ Yoast SEO plugin. -->","yoast_head_json":{"title":"Qualit\u00e4t und Innovation - DOP Kaki Ribera del X\u00faquer","description":"Die Qualit\u00e4tspolitik des Kontrollrats der Ursprungsbezeichnung hat ein eindeutiges Ziel, n\u00e4mlich in \u00dcbereinstimmung mit den in der Spezifikation festgelegten Anforderungen sowie der aktuellen Lebensmittelgesetzgebung die denkbar beste Kaki anzubieten.","robots":{"index":"index","follow":"follow","max-snippet":"max-snippet:-1","max-image-preview":"max-image-preview:large","max-video-preview":"max-video-preview:-1"},"canonical":"https:\/\/persimon.eu\/de\/geschuetzte-ursprungsbezeichnung-ribera-del-xuquer\/qualitaet-und-innovation\/","og_locale":"de_DE","og_type":"article","og_title":"Qualit\u00e4t und Innovation - DOP Kaki Ribera del X\u00faquer","og_description":"Die Qualit\u00e4tspolitik des Kontrollrats der Ursprungsbezeichnung hat ein eindeutiges Ziel, n\u00e4mlich in \u00dcbereinstimmung mit den in der Spezifikation festgelegten Anforderungen sowie der aktuellen Lebensmittelgesetzgebung die denkbar beste Kaki anzubieten.","og_site_name":"DOP Kaki Ribera del X\u00faquer","article_publisher":"https:\/\/www.facebook.com\/kakipersimonDOP\/","article_modified_time":"2020-11-29T08:34:57+00:00","twitter_card":"summary_large_image","twitter_misc":{"Gesch\u00e4tzte Lesezeit":"4\u00a0Minuten"},"schema":{"@context":"https:\/\/schema.org","@graph":[{"@type":"WebPage","@id":"https:\/\/persimon.eu\/de\/geschuetzte-ursprungsbezeichnung-ribera-del-xuquer\/qualitaet-und-innovation\/","url":"https:\/\/persimon.eu\/de\/geschuetzte-ursprungsbezeichnung-ribera-del-xuquer\/qualitaet-und-innovation\/","name":"Qualit\u00e4t und Innovation - DOP Kaki Ribera del X\u00faquer","isPartOf":{"@id":"https:\/\/persimon.eu\/de\/#website"},"datePublished":"2020-11-29T08:32:08+00:00","dateModified":"2020-11-29T08:34:57+00:00","description":"Die Qualit\u00e4tspolitik des Kontrollrats der Ursprungsbezeichnung hat ein eindeutiges Ziel, n\u00e4mlich in \u00dcbereinstimmung mit den in der Spezifikation festgelegten Anforderungen sowie der aktuellen Lebensmittelgesetzgebung die denkbar beste Kaki anzubieten.","breadcrumb":{"@id":"https:\/\/persimon.eu\/de\/geschuetzte-ursprungsbezeichnung-ribera-del-xuquer\/qualitaet-und-innovation\/#breadcrumb"},"inLanguage":"de","potentialAction":[{"@type":"ReadAction","target":["https:\/\/persimon.eu\/de\/geschuetzte-ursprungsbezeichnung-ribera-del-xuquer\/qualitaet-und-innovation\/"]}]},{"@type":"BreadcrumbList","@id":"https:\/\/persimon.eu\/de\/geschuetzte-ursprungsbezeichnung-ribera-del-xuquer\/qualitaet-und-innovation\/#breadcrumb","itemListElement":[{"@type":"ListItem","position":1,"name":"Inicio","item":"https:\/\/persimon.eu\/de\/"},{"@type":"ListItem","position":2,"name":"Gesch\u00fctzte Ursprungsbezeichnung Ribera del X\u00faquer","item":"https:\/\/persimon.eu\/de\/geschuetzte-ursprungsbezeichnung-ribera-del-xuquer\/"},{"@type":"ListItem","position":3,"name":"Qualit\u00e4t und Innovation"}]},{"@type":"WebSite","@id":"https:\/\/persimon.eu\/de\/#website","url":"https:\/\/persimon.eu\/de\/","name":"DOP Kaki Ribera del X\u00faquer","description":"En nuestra web descubrir\u00e1s todo lo que rodea a nuestros kakis con D.O.P. Ribera del X\u00faquer.","publisher":{"@id":"https:\/\/persimon.eu\/de\/#organization"},"potentialAction":[{"@type":"SearchAction","target":{"@type":"EntryPoint","urlTemplate":"https:\/\/persimon.eu\/de\/?s={search_term_string}"},"query-input":{"@type":"PropertyValueSpecification","valueRequired":true,"valueName":"search_term_string"}}],"inLanguage":"de"},{"@type":"Organization","@id":"https:\/\/persimon.eu\/de\/#organization","name":"D.O.P Kaki Ribera del X\u00faquer","url":"https:\/\/persimon.eu\/de\/","logo":{"@type":"ImageObject","inLanguage":"de","@id":"https:\/\/persimon.eu\/de\/#\/schema\/logo\/image\/","url":"https:\/\/persimon.eu\/wp-content\/uploads\/2019\/09\/logo-dop-kaki.png","contentUrl":"https:\/\/persimon.eu\/wp-content\/uploads\/2019\/09\/logo-dop-kaki.png","width":227,"height":227,"caption":"D.O.P Kaki Ribera del X\u00faquer"},"image":{"@id":"https:\/\/persimon.eu\/de\/#\/schema\/logo\/image\/"},"sameAs":["https:\/\/www.facebook.com\/kakipersimonDOP\/","https:\/\/www.instagram.com\/kakipersimon_\/","https:\/\/www.youtube.com\/channel\/UC7Jcl7rqySAcWf0V1axJ7Bg"]}]}},"_links":{"self":[{"href":"https:\/\/persimon.eu\/de\/wp-json\/wp\/v2\/pages\/2780","targetHints":{"allow":["GET"]}}],"collection":[{"href":"https:\/\/persimon.eu\/de\/wp-json\/wp\/v2\/pages"}],"about":[{"href":"https:\/\/persimon.eu\/de\/wp-json\/wp\/v2\/types\/page"}],"author":[{"embeddable":true,"href":"https:\/\/persimon.eu\/de\/wp-json\/wp\/v2\/users\/1"}],"replies":[{"embeddable":true,"href":"https:\/\/persimon.eu\/de\/wp-json\/wp\/v2\/comments?post=2780"}],"version-history":[{"count":5,"href":"https:\/\/persimon.eu\/de\/wp-json\/wp\/v2\/pages\/2780\/revisions"}],"predecessor-version":[{"id":2800,"href":"https:\/\/persimon.eu\/de\/wp-json\/wp\/v2\/pages\/2780\/revisions\/2800"}],"up":[{"embeddable":true,"href":"https:\/\/persimon.eu\/de\/wp-json\/wp\/v2\/pages\/2774"}],"wp:attachment":[{"href":"https:\/\/persimon.eu\/de\/wp-json\/wp\/v2\/media?parent=2780"}],"curies":[{"name":"wp","href":"https:\/\/api.w.org\/{rel}","templated":true}]}}