{"id":2786,"date":"2020-11-29T08:32:40","date_gmt":"2020-11-29T08:32:40","guid":{"rendered":"https:\/\/persimon.eu\/geschuetzte-ursprungsbezeichnung-ribera-del-xuquer\/wer-bildet-die-g-u\/"},"modified":"2020-11-29T08:34:19","modified_gmt":"2020-11-29T08:34:19","slug":"wer-bildet-die-g-u","status":"publish","type":"page","link":"https:\/\/persimon.eu\/de\/geschuetzte-ursprungsbezeichnung-ribera-del-xuquer\/wer-bildet-die-g-u\/","title":{"rendered":"Wer bildet die g.U?"},"content":{"rendered":"<p>[et_pb_section fb_built=&#8220;1&#8243; admin_label=&#8220;CONTENIDO&#8220; _builder_version=&#8220;3.29.3&#8243; background_color=&#8220;rgba(0,0,0,0)&#8220; custom_margin=&#8220;||||false|false&#8220; custom_padding=&#8220;||0px||false|false&#8220; custom_css_main_element=&#8220;z-index: 10;||min-height: 100vh;||display: flex;||flex-direction: column;||width: 100%;&#8220;][et_pb_row make_equal=&#8220;on&#8220; disabled_on=&#8220;off|off|off&#8220; admin_label=&#8220;ROW BREADCRUMBS&#8220; _builder_version=&#8220;3.29.3&#8243; max_width=&#8220;2560px&#8220; custom_margin=&#8220;0px||0px||false|false&#8220; custom_padding=&#8220;0px||0px||false|false&#8220;][et_pb_column type=&#8220;4_4&#8243; _builder_version=&#8220;3.29.3&#8243;][et_pb_divider divider_style=&#8220;none&#8220; admin_label=&#8220;separadorTitular&#8220; module_class=&#8220;separadorTitular&#8220; _builder_version=&#8220;3.29.3&#8243; custom_margin=&#8220;0px||0px||false|false&#8220;][\/et_pb_divider][et_pb_code disabled_on=&#8220;on|on|off&#8220; admin_label=&#8220;Breadcrumbs&#8220; _builder_version=&#8220;3.29.3&#8243; custom_margin=&#8220;0px||0px||true|false&#8220;]<p id=\"breadcrumbs\"><span><span><a href=\"https:\/\/persimon.eu\/de\/\">Inicio<\/a><\/span><\/span><\/p>[\/et_pb_code][et_pb_divider divider_style=&#8220;none&#8220; disabled_on=&#8220;on|on|off&#8220; _builder_version=&#8220;3.29.3&#8243; height=&#8220;40px&#8220; custom_margin=&#8220;0px||0px||false|false&#8220;][\/et_pb_divider][\/et_pb_column][\/et_pb_row][et_pb_row column_structure=&#8220;2_5,3_5&#8243; make_equal=&#8220;on&#8220; _builder_version=&#8220;3.29.3&#8243; max_width=&#8220;2560px&#8220; custom_margin=&#8220;0px||0px||false|false&#8220; custom_padding=&#8220;0px||0px||false|false&#8220;][et_pb_column type=&#8220;2_5&#8243; _builder_version=&#8220;3.29.3&#8243;][et_pb_text admin_label=&#8220;H1&#8243; module_class=&#8220;kaki-titular&#8220; _builder_version=&#8220;3.29.3&#8243; header_font_size=&#8220;60px&#8220; custom_margin=&#8220;||0px||false|false&#8220; custom_padding=&#8220;|50px||50px|false|true&#8220;]<\/p>\n<h1>Wer bildet die g.U?<\/h1>\n<p>[\/et_pb_text][et_pb_text module_class=&#8220;bloqueTexto80&#8243; _builder_version=&#8220;3.29.3&#8243; custom_margin=&#8220;0px||||false|false&#8220; custom_padding=&#8220;40px|50px|40px|50px|true|true&#8220;]Hinter der Ursprungsbezeichnung stehen mehr als 6.000 Landwirte, die in Genossenschaften und Handelsunternehmen zusammengeschlossen sind und etwa die H\u00e4lfte dieser in Spanien angebauten lokalen Sorte produzieren. Die unter der Ursprungsbezeichnung zusammengeschlossenen Unternehmen sind die weltweit gr\u00f6\u00dften Exporteure der Kakifrucht.<\/p>\n<p>Sie wird von zehn Vertretern geleitet, die aus den Reihen der Produzenten und Handelsunternehmen in einem \u00f6ffentlichen Wahlverfahren unter Aufsicht des Regionalministeriums f\u00fcr Landwirtschaft der Generalitat Valenciana (Autonome Regierung) gew\u00e4hlt werden, das alle vier Jahre in \u00dcbereinstimmung mit der Satzung des Kontrollrats stattfindet.[\/et_pb_text][\/et_pb_column][et_pb_column type=&#8220;3_5&#8243; module_class=&#8220;ds-vertical-align-end&#8220; _builder_version=&#8220;3.29.3&#8243; background_enable_image=&#8220;off&#8220;][et_pb_image src=&#8220;https:\/\/persimon.eu\/wp-content\/uploads\/2019\/11\/6000-agricultores-1.png&#8220; align=&#8220;center&#8220; _builder_version=&#8220;4.0.6&#8243; module_alignment=&#8220;center&#8220; max_height=&#8220;500px&#8220; custom_margin=&#8220;40px||40px||true|false&#8220; hover_enabled=&#8220;0&#8243;][\/et_pb_image][\/et_pb_column][\/et_pb_row][et_pb_row module_class=&#8220;ds-vertical-align-end&#8220; _builder_version=&#8220;3.29.3&#8243; custom_margin=&#8220;50px||||false|false&#8220;][et_pb_column type=&#8220;4_4&#8243; module_class=&#8220;ds-vertical-align-end&#8220; _builder_version=&#8220;3.29.3&#8243;][et_pb_text admin_label=&#8220;ver otras variedades&#8220; _builder_version=&#8220;3.29.3&#8243; text_orientation=&#8220;center&#8220; custom_margin=&#8220;||||false|false&#8220; custom_padding=&#8220;||||false|false&#8220;]<a href=\"#nuestros-productores-una-gran-familia\"><img loading=\"lazy\" decoding=\"async\" src=\"https:\/\/persimon.eu\/wp-content\/uploads\/2019\/10\/arrow-down.png\" width=\"50\" height=\"28\" alt=\"\" class=\"wp-image-2491 alignnone size-full\" style=\"display: block; margin-left: auto; margin-right: auto;\" \/><\/a>[\/et_pb_text][\/et_pb_column][\/et_pb_row][\/et_pb_section][et_pb_section fb_built=&#8220;1&#8243; admin_label=&#8220;Nuestros Productores&#8220; module_id=&#8220;nuestros-productores-una-gran-familia&#8220; _builder_version=&#8220;3.29.3&#8243; background_color=&#8220;rgba(0,0,0,0)&#8220; custom_margin=&#8220;||||false|false&#8220; custom_padding=&#8220;0px||0px||false|false&#8220; custom_css_main_element=&#8220;z-index: 10;||min-height: 80vh;||display: flex;||flex-direction: column;||width: 100%;&#8220;][et_pb_row column_structure=&#8220;1_3,2_3&#8243; _builder_version=&#8220;3.29.3&#8243; width=&#8220;100%&#8220; max_width=&#8220;2560px&#8220; min_height=&#8220;750px&#8220; custom_margin=&#8220;0px||0px||false|false&#8220; custom_padding=&#8220;0px||0px||false|false&#8220; custom_css_main_element=&#8220;z-index:8;&#8220;][et_pb_column type=&#8220;1_3&#8243; _builder_version=&#8220;3.29.3&#8243;][\/et_pb_column][et_pb_column type=&#8220;2_3&#8243; _builder_version=&#8220;3.29.3&#8243; background_enable_image=&#8220;off&#8220;][et_pb_image src=&#8220;https:\/\/persimon.eu\/wp-content\/uploads\/2019\/10\/img-quienes-forman-la-dop-2.jpg&#8220; align=&#8220;center&#8220; force_fullwidth=&#8220;on&#8220; _builder_version=&#8220;3.29.3&#8243; module_alignment=&#8220;center&#8220; custom_margin=&#8220;||||false|false&#8220;][\/et_pb_image][\/et_pb_column][\/et_pb_row][et_pb_row column_structure=&#8220;2_5,3_5&#8243; _builder_version=&#8220;4.0.6&#8243; max_width=&#8220;2560px&#8220; custom_margin=&#8220;-650px||0px||false|false&#8220; custom_padding=&#8220;0px||0px||false|false&#8220; z_index=&#8220;10&#8243;][et_pb_column type=&#8220;2_5&#8243; _builder_version=&#8220;3.29.3&#8243;][et_pb_text admin_label=&#8220;H2&#8243; module_class=&#8220;kaki-titular&#8220; _builder_version=&#8220;3.29.3&#8243; header_font_size=&#8220;60px&#8220; custom_margin=&#8220;||0px||false|false&#8220; custom_padding=&#8220;|50px||50px|false|true&#8220;]<\/p>\n<h2>Unsere Produzenten \u2013 eine gro\u00dfe Familie<\/h2>\n<p>[\/et_pb_text][et_pb_text module_class=&#8220;bloqueTexto80&#8243; _builder_version=&#8220;3.29.3&#8243; custom_margin=&#8220;0px||||false|false&#8220; custom_padding=&#8220;40px|50px|40px|50px|true|true&#8220;]Die sozialen Eigenheiten der Umgebung, in der die Kaki \u201eRibera del X\u00faquer\u201c produziert wird, schaffen die Grundlage f\u00fcr mehr als 6.000 Erzeuger mit sehr kleinen Plantagen, die von Generation zu Generation innerhalb einer Familie weitergegeben werden. Dieses Land wird oft vom Vater an den Sohn weitergegeben, weshalb es f\u00fcr sie einen gro\u00dfen sentimentalen Wert hat, der in den Anbau der Kaki einflie\u00dft und ihr diesen charakteristischen und einzigartigen Geschmack verleiht.<\/p>\n<p>Dank der Tatsache, dass es sich bei der \u201eRojo Brillante\u201c um eine heimische Sorte der Region handelt und sie haupts\u00e4chlich auch dort angebaut wird, ist sie f\u00fcr unsere Landwirte zu einem Symbol des Stolzes geworden, mit dem sie sich identifizieren, was sogar so weit geht, dass wir au\u00dferhalb dieser Region als \u201eProduzenten der KAKI PERSIMON\u00ae der Ribera del X\u00faquer\u201c bezeichnet werden. Das motiviert uns, jeden Tag besser zu werden, damit Sie als Endverbraucher auch die beste Kaki genie\u00dfen k\u00f6nnen.[\/et_pb_text][\/et_pb_column][et_pb_column type=&#8220;3_5&#8243; _builder_version=&#8220;3.29.3&#8243; background_enable_image=&#8220;off&#8220;][\/et_pb_column][\/et_pb_row][\/et_pb_section][et_pb_section fb_built=&#8220;1&#8243; admin_label=&#8220;submenu&#8220; _builder_version=&#8220;3.29.3&#8243; background_color=&#8220;rgba(0,0,0,0)&#8220; custom_margin=&#8220;0px||0px||false|false&#8220; custom_padding=&#8220;0px||0px||false|false&#8220; custom_css_main_element=&#8220;z-index: 10;||display: flex;||flex-direction: column;||width: 100%;||overflow: hidden;&#8220;][et_pb_row column_structure=&#8220;2_3,1_3&#8243; _builder_version=&#8220;3.29.3&#8243; max_width=&#8220;2560px&#8220; custom_margin=&#8220;0px||0px||false|false&#8220; custom_padding=&#8220;0px||0px||false|false&#8220;][et_pb_column type=&#8220;2_3&#8243; _builder_version=&#8220;3.29.3&#8243;][et_pb_text admin_label=&#8220;SubMenu-DOP&#8220; module_class=&#8220;submenu&#8220; _builder_version=&#8220;3.29.3&#8243; custom_margin=&#8220;||||false|false&#8220; custom_padding=&#8220;40px|50px|40px|50px|false|false&#8220;]<\/p>\n<ul>\n<li class=\"active\"><a href=\"https:\/\/persimon.eu\/de\/geschuetzte-ursprungsbezeichnung-ribera-del-xuquer\/wer-bildet-die-g-u\/\" title=\"Wer bildet die g.U?\">Wer bildet die g.U?<\/a><\/li>\n<li><a href=\"https:\/\/persimon.eu\/de\/geschuetzte-ursprungsbezeichnung-ribera-del-xuquer\/ziele-der-g-u\/\" title=\"Ziele der g.U.\">Ziele der g.U.<\/a><\/li>\n<li><a href=\"https:\/\/persimon.eu\/de\/geschuetzte-ursprungsbezeichnung-ribera-del-xuquer\/qualitaet-und-innovation\/\" title=\"Qualit\u00e4t und Innovation\">Qualit\u00e4t und Innovation<\/a><\/li>\n<\/ul>\n<p>&nbsp;[\/et_pb_text][\/et_pb_column][et_pb_column type=&#8220;1_3&#8243; _builder_version=&#8220;3.29.3&#8243; background_enable_image=&#8220;off&#8220;][et_pb_divider divider_style=&#8220;none&#8220; _builder_version=&#8220;3.29.3&#8243; height=&#8220;1px&#8220; max_height=&#8220;1000px&#8220; custom_margin=&#8220;0px||0px||false|false&#8220;][\/et_pb_divider][\/et_pb_column][\/et_pb_row][\/et_pb_section]<\/p>\n","protected":false},"excerpt":{"rendered":"<p><p id=\"breadcrumbs\"><span><span><a href=\"https:\/\/persimon.eu\/de\/\">Inicio<\/a><\/span><\/span><\/p>Wer bildet die g.U?Hinter der Ursprungsbezeichnung stehen mehr als 6.000 Landwirte, die in Genossenschaften und Handelsunternehmen zusammengeschlossen sind und etwa die H\u00e4lfte dieser in Spanien angebauten lokalen Sorte produzieren. Die unter der Ursprungsbezeichnung zusammengeschlossenen Unternehmen sind die weltweit gr\u00f6\u00dften Exporteure der Kakifrucht. Sie wird von zehn Vertretern geleitet, die aus den Reihen der Produzenten und Handelsunternehmen in einem \u00f6ffentlichen Wahlverfahren unter Aufsicht des Regionalministeriums f\u00fcr Landwirtschaft der Generalitat Valenciana (Autonome Regierung) gew\u00e4hlt werden, das alle vier Jahre in \u00dcbereinstimmung mit der Satzung des Kontrollrats stattfindet.Unsere Produzenten \u2013 eine gro\u00dfe FamilieDie sozialen Eigenheiten der Umgebung, in der die Kaki \u201eRibera del X\u00faquer\u201c produziert wird, schaffen die Grundlage f\u00fcr mehr als 6.000 Erzeuger mit sehr kleinen Plantagen, die von Generation zu Generation innerhalb einer Familie weitergegeben werden. Dieses Land wird oft vom Vater an den Sohn weitergegeben, weshalb es f\u00fcr sie einen gro\u00dfen sentimentalen Wert hat, der in den Anbau der Kaki einflie\u00dft und ihr diesen charakteristischen und einzigartigen Geschmack verleiht. Dank der Tatsache, dass es sich bei der \u201eRojo Brillante\u201c um eine heimische Sorte der Region handelt und sie haupts\u00e4chlich auch dort angebaut wird, ist sie f\u00fcr unsere Landwirte zu einem Symbol des Stolzes geworden, mit dem sie sich identifizieren, was [&hellip;]<\/p>\n","protected":false},"author":1,"featured_media":0,"parent":2774,"menu_order":0,"comment_status":"closed","ping_status":"closed","template":"","meta":{"_acf_changed":false,"_et_pb_use_builder":"on","_et_pb_old_content":"","_et_gb_content_width":"","footnotes":""},"class_list":["post-2786","page","type-page","status-publish","hentry"],"acf":[],"yoast_head":"<!-- This site is optimized with the Yoast SEO plugin v27.1.1 - https:\/\/yoast.com\/product\/yoast-seo-wordpress\/ -->\n<title>Wer bildet die g.U? - DOP Kaki Ribera del X\u00faquer<\/title>\n<meta name=\"description\" content=\"Hinter der Ursprungsbezeichnung stehen mehr als 6.000 Landwirte, die in Genossenschaften und Handelsunternehmen zusammengeschlossen sind und etwa die H\u00e4lfte dieser in Spanien angebauten lokalen Sorte produzieren.\" \/>\n<meta name=\"robots\" content=\"index, follow, max-snippet:-1, max-image-preview:large, max-video-preview:-1\" \/>\n<link rel=\"canonical\" href=\"https:\/\/persimon.eu\/de\/geschuetzte-ursprungsbezeichnung-ribera-del-xuquer\/wer-bildet-die-g-u\/\" \/>\n<meta property=\"og:locale\" content=\"de_DE\" \/>\n<meta property=\"og:type\" content=\"article\" \/>\n<meta property=\"og:title\" content=\"Wer bildet die g.U? - DOP Kaki Ribera del X\u00faquer\" \/>\n<meta property=\"og:description\" content=\"Hinter der Ursprungsbezeichnung stehen mehr als 6.000 Landwirte, die in Genossenschaften und Handelsunternehmen zusammengeschlossen sind und etwa die H\u00e4lfte dieser in Spanien angebauten lokalen Sorte produzieren.\" \/>\n<meta property=\"og:site_name\" content=\"DOP Kaki Ribera del X\u00faquer\" \/>\n<meta property=\"article:publisher\" content=\"https:\/\/www.facebook.com\/kakipersimonDOP\/\" \/>\n<meta property=\"article:modified_time\" content=\"2020-11-29T08:34:19+00:00\" \/>\n<meta property=\"og:image\" content=\"https:\/\/persimon.eu\/wp-content\/uploads\/2019\/10\/arrow-down.png\" \/>\n<meta name=\"twitter:card\" content=\"summary_large_image\" \/>\n<meta name=\"twitter:label1\" content=\"Gesch\u00e4tzte Lesezeit\" \/>\n\t<meta name=\"twitter:data1\" content=\"5\u00a0Minuten\" \/>\n<script type=\"application\/ld+json\" class=\"yoast-schema-graph\">{\"@context\":\"https:\/\/schema.org\",\"@graph\":[{\"@type\":\"WebPage\",\"@id\":\"https:\/\/persimon.eu\/de\/geschuetzte-ursprungsbezeichnung-ribera-del-xuquer\/wer-bildet-die-g-u\/\",\"url\":\"https:\/\/persimon.eu\/de\/geschuetzte-ursprungsbezeichnung-ribera-del-xuquer\/wer-bildet-die-g-u\/\",\"name\":\"Wer bildet die g.U? - DOP Kaki Ribera del X\u00faquer\",\"isPartOf\":{\"@id\":\"https:\/\/persimon.eu\/de\/#website\"},\"primaryImageOfPage\":{\"@id\":\"https:\/\/persimon.eu\/de\/geschuetzte-ursprungsbezeichnung-ribera-del-xuquer\/wer-bildet-die-g-u\/#primaryimage\"},\"image\":{\"@id\":\"https:\/\/persimon.eu\/de\/geschuetzte-ursprungsbezeichnung-ribera-del-xuquer\/wer-bildet-die-g-u\/#primaryimage\"},\"thumbnailUrl\":\"https:\/\/persimon.eu\/wp-content\/uploads\/2019\/10\/arrow-down.png\",\"datePublished\":\"2020-11-29T08:32:40+00:00\",\"dateModified\":\"2020-11-29T08:34:19+00:00\",\"description\":\"Hinter der Ursprungsbezeichnung stehen mehr als 6.000 Landwirte, die in Genossenschaften und Handelsunternehmen zusammengeschlossen sind und etwa die H\u00e4lfte dieser in Spanien angebauten lokalen Sorte produzieren.\",\"breadcrumb\":{\"@id\":\"https:\/\/persimon.eu\/de\/geschuetzte-ursprungsbezeichnung-ribera-del-xuquer\/wer-bildet-die-g-u\/#breadcrumb\"},\"inLanguage\":\"de\",\"potentialAction\":[{\"@type\":\"ReadAction\",\"target\":[\"https:\/\/persimon.eu\/de\/geschuetzte-ursprungsbezeichnung-ribera-del-xuquer\/wer-bildet-die-g-u\/\"]}]},{\"@type\":\"ImageObject\",\"inLanguage\":\"de\",\"@id\":\"https:\/\/persimon.eu\/de\/geschuetzte-ursprungsbezeichnung-ribera-del-xuquer\/wer-bildet-die-g-u\/#primaryimage\",\"url\":\"https:\/\/persimon.eu\/wp-content\/uploads\/2019\/10\/arrow-down.png\",\"contentUrl\":\"https:\/\/persimon.eu\/wp-content\/uploads\/2019\/10\/arrow-down.png\"},{\"@type\":\"BreadcrumbList\",\"@id\":\"https:\/\/persimon.eu\/de\/geschuetzte-ursprungsbezeichnung-ribera-del-xuquer\/wer-bildet-die-g-u\/#breadcrumb\",\"itemListElement\":[{\"@type\":\"ListItem\",\"position\":1,\"name\":\"Inicio\",\"item\":\"https:\/\/persimon.eu\/de\/\"},{\"@type\":\"ListItem\",\"position\":2,\"name\":\"Gesch\u00fctzte Ursprungsbezeichnung Ribera del X\u00faquer\",\"item\":\"https:\/\/persimon.eu\/de\/geschuetzte-ursprungsbezeichnung-ribera-del-xuquer\/\"},{\"@type\":\"ListItem\",\"position\":3,\"name\":\"Wer bildet die g.U?\"}]},{\"@type\":\"WebSite\",\"@id\":\"https:\/\/persimon.eu\/de\/#website\",\"url\":\"https:\/\/persimon.eu\/de\/\",\"name\":\"DOP Kaki Ribera del X\u00faquer\",\"description\":\"En nuestra web descubrir\u00e1s todo lo que rodea a nuestros kakis con D.O.P. Ribera del X\u00faquer.\",\"publisher\":{\"@id\":\"https:\/\/persimon.eu\/de\/#organization\"},\"potentialAction\":[{\"@type\":\"SearchAction\",\"target\":{\"@type\":\"EntryPoint\",\"urlTemplate\":\"https:\/\/persimon.eu\/de\/?s={search_term_string}\"},\"query-input\":{\"@type\":\"PropertyValueSpecification\",\"valueRequired\":true,\"valueName\":\"search_term_string\"}}],\"inLanguage\":\"de\"},{\"@type\":\"Organization\",\"@id\":\"https:\/\/persimon.eu\/de\/#organization\",\"name\":\"D.O.P Kaki Ribera del X\u00faquer\",\"url\":\"https:\/\/persimon.eu\/de\/\",\"logo\":{\"@type\":\"ImageObject\",\"inLanguage\":\"de\",\"@id\":\"https:\/\/persimon.eu\/de\/#\/schema\/logo\/image\/\",\"url\":\"https:\/\/persimon.eu\/wp-content\/uploads\/2019\/09\/logo-dop-kaki.png\",\"contentUrl\":\"https:\/\/persimon.eu\/wp-content\/uploads\/2019\/09\/logo-dop-kaki.png\",\"width\":227,\"height\":227,\"caption\":\"D.O.P Kaki Ribera del X\u00faquer\"},\"image\":{\"@id\":\"https:\/\/persimon.eu\/de\/#\/schema\/logo\/image\/\"},\"sameAs\":[\"https:\/\/www.facebook.com\/kakipersimonDOP\/\",\"https:\/\/www.instagram.com\/kakipersimon_\/\",\"https:\/\/www.youtube.com\/channel\/UC7Jcl7rqySAcWf0V1axJ7Bg\"]}]}<\/script>\n<!-- \/ Yoast SEO plugin. -->","yoast_head_json":{"title":"Wer bildet die g.U? - DOP Kaki Ribera del X\u00faquer","description":"Hinter der Ursprungsbezeichnung stehen mehr als 6.000 Landwirte, die in Genossenschaften und Handelsunternehmen zusammengeschlossen sind und etwa die H\u00e4lfte dieser in Spanien angebauten lokalen Sorte produzieren.","robots":{"index":"index","follow":"follow","max-snippet":"max-snippet:-1","max-image-preview":"max-image-preview:large","max-video-preview":"max-video-preview:-1"},"canonical":"https:\/\/persimon.eu\/de\/geschuetzte-ursprungsbezeichnung-ribera-del-xuquer\/wer-bildet-die-g-u\/","og_locale":"de_DE","og_type":"article","og_title":"Wer bildet die g.U? - DOP Kaki Ribera del X\u00faquer","og_description":"Hinter der Ursprungsbezeichnung stehen mehr als 6.000 Landwirte, die in Genossenschaften und Handelsunternehmen zusammengeschlossen sind und etwa die H\u00e4lfte dieser in Spanien angebauten lokalen Sorte produzieren.","og_site_name":"DOP Kaki Ribera del X\u00faquer","article_publisher":"https:\/\/www.facebook.com\/kakipersimonDOP\/","article_modified_time":"2020-11-29T08:34:19+00:00","og_image":[{"url":"https:\/\/persimon.eu\/wp-content\/uploads\/2019\/10\/arrow-down.png","type":"","width":"","height":""}],"twitter_card":"summary_large_image","twitter_misc":{"Gesch\u00e4tzte Lesezeit":"5\u00a0Minuten"},"schema":{"@context":"https:\/\/schema.org","@graph":[{"@type":"WebPage","@id":"https:\/\/persimon.eu\/de\/geschuetzte-ursprungsbezeichnung-ribera-del-xuquer\/wer-bildet-die-g-u\/","url":"https:\/\/persimon.eu\/de\/geschuetzte-ursprungsbezeichnung-ribera-del-xuquer\/wer-bildet-die-g-u\/","name":"Wer bildet die g.U? - DOP Kaki Ribera del X\u00faquer","isPartOf":{"@id":"https:\/\/persimon.eu\/de\/#website"},"primaryImageOfPage":{"@id":"https:\/\/persimon.eu\/de\/geschuetzte-ursprungsbezeichnung-ribera-del-xuquer\/wer-bildet-die-g-u\/#primaryimage"},"image":{"@id":"https:\/\/persimon.eu\/de\/geschuetzte-ursprungsbezeichnung-ribera-del-xuquer\/wer-bildet-die-g-u\/#primaryimage"},"thumbnailUrl":"https:\/\/persimon.eu\/wp-content\/uploads\/2019\/10\/arrow-down.png","datePublished":"2020-11-29T08:32:40+00:00","dateModified":"2020-11-29T08:34:19+00:00","description":"Hinter der Ursprungsbezeichnung stehen mehr als 6.000 Landwirte, die in Genossenschaften und Handelsunternehmen zusammengeschlossen sind und etwa die H\u00e4lfte dieser in Spanien angebauten lokalen Sorte produzieren.","breadcrumb":{"@id":"https:\/\/persimon.eu\/de\/geschuetzte-ursprungsbezeichnung-ribera-del-xuquer\/wer-bildet-die-g-u\/#breadcrumb"},"inLanguage":"de","potentialAction":[{"@type":"ReadAction","target":["https:\/\/persimon.eu\/de\/geschuetzte-ursprungsbezeichnung-ribera-del-xuquer\/wer-bildet-die-g-u\/"]}]},{"@type":"ImageObject","inLanguage":"de","@id":"https:\/\/persimon.eu\/de\/geschuetzte-ursprungsbezeichnung-ribera-del-xuquer\/wer-bildet-die-g-u\/#primaryimage","url":"https:\/\/persimon.eu\/wp-content\/uploads\/2019\/10\/arrow-down.png","contentUrl":"https:\/\/persimon.eu\/wp-content\/uploads\/2019\/10\/arrow-down.png"},{"@type":"BreadcrumbList","@id":"https:\/\/persimon.eu\/de\/geschuetzte-ursprungsbezeichnung-ribera-del-xuquer\/wer-bildet-die-g-u\/#breadcrumb","itemListElement":[{"@type":"ListItem","position":1,"name":"Inicio","item":"https:\/\/persimon.eu\/de\/"},{"@type":"ListItem","position":2,"name":"Gesch\u00fctzte Ursprungsbezeichnung Ribera del X\u00faquer","item":"https:\/\/persimon.eu\/de\/geschuetzte-ursprungsbezeichnung-ribera-del-xuquer\/"},{"@type":"ListItem","position":3,"name":"Wer bildet die g.U?"}]},{"@type":"WebSite","@id":"https:\/\/persimon.eu\/de\/#website","url":"https:\/\/persimon.eu\/de\/","name":"DOP Kaki Ribera del X\u00faquer","description":"En nuestra web descubrir\u00e1s todo lo que rodea a nuestros kakis con D.O.P. Ribera del X\u00faquer.","publisher":{"@id":"https:\/\/persimon.eu\/de\/#organization"},"potentialAction":[{"@type":"SearchAction","target":{"@type":"EntryPoint","urlTemplate":"https:\/\/persimon.eu\/de\/?s={search_term_string}"},"query-input":{"@type":"PropertyValueSpecification","valueRequired":true,"valueName":"search_term_string"}}],"inLanguage":"de"},{"@type":"Organization","@id":"https:\/\/persimon.eu\/de\/#organization","name":"D.O.P Kaki Ribera del X\u00faquer","url":"https:\/\/persimon.eu\/de\/","logo":{"@type":"ImageObject","inLanguage":"de","@id":"https:\/\/persimon.eu\/de\/#\/schema\/logo\/image\/","url":"https:\/\/persimon.eu\/wp-content\/uploads\/2019\/09\/logo-dop-kaki.png","contentUrl":"https:\/\/persimon.eu\/wp-content\/uploads\/2019\/09\/logo-dop-kaki.png","width":227,"height":227,"caption":"D.O.P Kaki Ribera del X\u00faquer"},"image":{"@id":"https:\/\/persimon.eu\/de\/#\/schema\/logo\/image\/"},"sameAs":["https:\/\/www.facebook.com\/kakipersimonDOP\/","https:\/\/www.instagram.com\/kakipersimon_\/","https:\/\/www.youtube.com\/channel\/UC7Jcl7rqySAcWf0V1axJ7Bg"]}]}},"_links":{"self":[{"href":"https:\/\/persimon.eu\/de\/wp-json\/wp\/v2\/pages\/2786","targetHints":{"allow":["GET"]}}],"collection":[{"href":"https:\/\/persimon.eu\/de\/wp-json\/wp\/v2\/pages"}],"about":[{"href":"https:\/\/persimon.eu\/de\/wp-json\/wp\/v2\/types\/page"}],"author":[{"embeddable":true,"href":"https:\/\/persimon.eu\/de\/wp-json\/wp\/v2\/users\/1"}],"replies":[{"embeddable":true,"href":"https:\/\/persimon.eu\/de\/wp-json\/wp\/v2\/comments?post=2786"}],"version-history":[{"count":5,"href":"https:\/\/persimon.eu\/de\/wp-json\/wp\/v2\/pages\/2786\/revisions"}],"predecessor-version":[{"id":2794,"href":"https:\/\/persimon.eu\/de\/wp-json\/wp\/v2\/pages\/2786\/revisions\/2794"}],"up":[{"embeddable":true,"href":"https:\/\/persimon.eu\/de\/wp-json\/wp\/v2\/pages\/2774"}],"wp:attachment":[{"href":"https:\/\/persimon.eu\/de\/wp-json\/wp\/v2\/media?parent=2786"}],"curies":[{"name":"wp","href":"https:\/\/api.w.org\/{rel}","templated":true}]}}