{"id":2819,"date":"2020-11-29T08:43:29","date_gmt":"2020-11-29T08:43:29","guid":{"rendered":"https:\/\/persimon.eu\/haeufig-gestellte-fragen\/"},"modified":"2020-11-30T06:26:08","modified_gmt":"2020-11-30T06:26:08","slug":"haeufig-gestellte-fragen","status":"publish","type":"page","link":"https:\/\/persimon.eu\/de\/haeufig-gestellte-fragen\/","title":{"rendered":"H\u00e4ufig gestellte Fragen"},"content":{"rendered":"<p>[et_pb_section fb_built=&#8220;1&#8243; admin_label=&#8220;IMAGEN FONDO&#8220; _builder_version=&#8220;3.29.3&#8243; background_color=&#8220;rgba(0,0,0,0)&#8220; custom_padding=&#8220;0px||0px||false|false&#8220; hover_enabled=&#8220;0&#8243; custom_css_main_element=&#8220;min-height: 100vh;||display: flex;||flex-direction: column;||z-index: 9;||margin-top: -70px;&#8220;][et_pb_row column_structure=&#8220;1_3,2_3&#8243; _builder_version=&#8220;4.0.6&#8243; background_enable_image=&#8220;off&#8220; width=&#8220;100%&#8220; max_width=&#8220;2560px&#8220; hover_enabled=&#8220;0&#8243; custom_css_main_element=&#8220;padding: 0 0;||margin: 0 0;&#8220;][et_pb_column type=&#8220;1_3&#8243; _builder_version=&#8220;3.29.3&#8243; custom_css_main_element=&#8220;margin: 0;&#8220;][et_pb_divider divider_style=&#8220;none&#8220; _builder_version=&#8220;3.29.3&#8243; height=&#8220;1px&#8220; max_height=&#8220;1000px&#8220; custom_margin=&#8220;0px||0px||false|false&#8220;][\/et_pb_divider][\/et_pb_column][et_pb_column type=&#8220;2_3&#8243; _builder_version=&#8220;4.0.6&#8243; background_color=&#8220;rgba(0,0,0,0)&#8220; background_image=&#8220;https:\/\/persimon.eu\/wp-content\/uploads\/2019\/11\/faq.jpg&#8220; hover_enabled=&#8220;0&#8243;][et_pb_divider divider_style=&#8220;none&#8220; module_class=&#8220;fullHeight&#8220; _builder_version=&#8220;3.29.3&#8243; custom_margin=&#8220;0px||0px||false|false&#8220;][\/et_pb_divider][\/et_pb_column][\/et_pb_row][\/et_pb_section][et_pb_section fb_built=&#8220;1&#8243; admin_label=&#8220;CONTENIDO&#8220; _builder_version=&#8220;3.29.3&#8243; background_color=&#8220;rgba(0,0,0,0)&#8220; custom_margin=&#8220;||||false|false&#8220; custom_css_main_element=&#8220;z-index: 10;||top: 0;||left: 0;||position: absolute;||min-height: 100vh;||display: flex;||flex-direction: column;||width: 100%;&#8220;][et_pb_row make_equal=&#8220;on&#8220; disabled_on=&#8220;off|off|off&#8220; admin_label=&#8220;ROW BREADCRUMBS&#8220; _builder_version=&#8220;3.29.3&#8243; max_width=&#8220;2560px&#8220; custom_margin=&#8220;0px||0px||false|false&#8220; custom_padding=&#8220;0px||0px||false|false&#8220;][et_pb_column type=&#8220;4_4&#8243; _builder_version=&#8220;3.29.3&#8243;][et_pb_divider divider_style=&#8220;none&#8220; admin_label=&#8220;separadorTitular&#8220; module_class=&#8220;separadorTitular&#8220; _builder_version=&#8220;3.29.3&#8243; custom_margin=&#8220;0px||0px||false|false&#8220;][\/et_pb_divider][et_pb_code disabled_on=&#8220;on|on|off&#8220; admin_label=&#8220;Breadcrumbs&#8220; _builder_version=&#8220;3.29.3&#8243; custom_margin=&#8220;0px||0px||true|false&#8220;]<p id=\"breadcrumbs\"><span><span><a href=\"https:\/\/persimon.eu\/de\/\">Inicio<\/a><\/span><\/span><\/p>[\/et_pb_code][et_pb_divider divider_style=&#8220;none&#8220; disabled_on=&#8220;on|on|off&#8220; _builder_version=&#8220;3.29.3&#8243; height=&#8220;40px&#8220; custom_margin=&#8220;0px||0px||false|false&#8220;][\/et_pb_divider][\/et_pb_column][\/et_pb_row][et_pb_row column_structure=&#8220;2_5,3_5&#8243; make_equal=&#8220;on&#8220; _builder_version=&#8220;3.29.3&#8243; max_width=&#8220;2560px&#8220; custom_margin=&#8220;0px||0px||false|false&#8220; custom_padding=&#8220;0px||0px||false|false&#8220;][et_pb_column type=&#8220;2_5&#8243; _builder_version=&#8220;3.29.3&#8243;][et_pb_text module_class=&#8220;kaki-titular&#8220; _builder_version=&#8220;3.29.3&#8243; header_font_size=&#8220;60px&#8220; custom_margin=&#8220;||0px||false|false&#8220; custom_padding=&#8220;|50px||50px|false|true&#8220;]<\/p>\n<h1>H\u00e4ufig gestellte Fragen<\/h1>\n<p>[\/et_pb_text][et_pb_text module_class=&#8220;bloqueTexto80&#8243; _builder_version=&#8220;3.29.3&#8243; custom_margin=&#8220;0px||||false|false&#8220; custom_padding=&#8220;40px|50px|40px|50px|true|true&#8220;]Was ist die Kaki Persimon\u00ae? Wie erkenne ich eine Kaki Persimon\u00ae? Fragen, die Sie sich bestimmt schon gestellt haben. Nun, hier sind Sie an der richtigen Adresse, denn alle Fragen, die Sie zum Thema Kaki Persimon\u00ae haben, werden hier beantwortet. Und falls Sie danach immer noch Zweifel haben sollten, dann m\u00fcssen Sie einfach mal eine Kaki Persimon\u00ae probieren. Denn sobald Sie einmal hineingebissen haben, werden sich mit Sicherheit alle Ihre Fragen von selbst beantworten. Und wenn nicht, dann k\u00f6nnen Sie uns gerne kontaktieren. Wir helfen Ihnen gerne weiter.[\/et_pb_text][\/et_pb_column][et_pb_column type=&#8220;3_5&#8243; _builder_version=&#8220;3.29.3&#8243; background_enable_image=&#8220;off&#8220;][et_pb_divider divider_style=&#8220;none&#8220; _builder_version=&#8220;3.29.3&#8243; height=&#8220;1px&#8220; max_height=&#8220;1000px&#8220; custom_margin=&#8220;0px||0px||false|false&#8220;][\/et_pb_divider][\/et_pb_column][\/et_pb_row][et_pb_row column_structure=&#8220;2_3,1_3&#8243; _builder_version=&#8220;3.29.3&#8243; max_width=&#8220;2560px&#8220; custom_margin=&#8220;0px||0px||false|false&#8220; custom_padding=&#8220;0px||0px||false|false&#8220;][et_pb_column type=&#8220;2_3&#8243; _builder_version=&#8220;3.29.3&#8243;][et_pb_text admin_label=&#8220;SubMenu-el-kaki&#8220; module_class=&#8220;submenu&#8220; _builder_version=&#8220;3.29.3&#8243; custom_margin=&#8220;||||false|false&#8220; custom_padding=&#8220;40px|50px|40px|50px|false|false&#8220;]<\/p>\n<ul>\n<li><a href=\"https:\/\/persimon.eu\/de\/haeufig-gestellte-fragen\/ueber-die-kaki-persimon\/\" title=\"\u00dcber die Kaki Persimon\u00ae\">\u00dcber die Kaki Persimon\u00ae<\/a><\/li>\n<li><a href=\"https:\/\/persimon.eu\/de\/haeufig-gestellte-fragen\/ueber-die-geschuetzte-ursprungsbezeichnung-g-u-ribera-del-xuquer\/\" title=\"\u00dcber die gesch\u00fctzte Ursprungsbezeichnung \u201eg.U. Ribera del X\u00faquer\u201c\">\u00dcber die gesch\u00fctzte Ursprungsbezeichnung \u201eg.U. Ribera del X\u00faquer\u201c<\/a><\/li>\n<\/ul>\n<p>&nbsp;[\/et_pb_text][\/et_pb_column][et_pb_column type=&#8220;1_3&#8243; _builder_version=&#8220;3.29.3&#8243; background_enable_image=&#8220;off&#8220;][et_pb_divider divider_style=&#8220;none&#8220; _builder_version=&#8220;3.29.3&#8243; height=&#8220;1px&#8220; max_height=&#8220;1000px&#8220; custom_margin=&#8220;0px||0px||false|false&#8220;][\/et_pb_divider][\/et_pb_column][\/et_pb_row][\/et_pb_section]<\/p>\n","protected":false},"excerpt":{"rendered":"<p><p id=\"breadcrumbs\"><span><span><a href=\"https:\/\/persimon.eu\/de\/\">Inicio<\/a><\/span><\/span><\/p>H\u00e4ufig gestellte FragenWas ist die Kaki Persimon\u00ae? Wie erkenne ich eine Kaki Persimon\u00ae? Fragen, die Sie sich bestimmt schon gestellt haben. Nun, hier sind Sie an der richtigen Adresse, denn alle Fragen, die Sie zum Thema Kaki Persimon\u00ae haben, werden hier beantwortet. Und falls Sie danach immer noch Zweifel haben sollten, dann m\u00fcssen Sie einfach mal eine Kaki Persimon\u00ae probieren. Denn sobald Sie einmal hineingebissen haben, werden sich mit Sicherheit alle Ihre Fragen von selbst beantworten. Und wenn nicht, dann k\u00f6nnen Sie uns gerne kontaktieren. Wir helfen Ihnen gerne weiter. \u00dcber die Kaki Persimon\u00ae \u00dcber die gesch\u00fctzte Ursprungsbezeichnung \u201eg.U. Ribera del X\u00faquer\u201c &nbsp;<\/p>\n","protected":false},"author":1,"featured_media":0,"parent":0,"menu_order":0,"comment_status":"closed","ping_status":"closed","template":"","meta":{"_acf_changed":false,"_et_pb_use_builder":"on","_et_pb_old_content":"","_et_gb_content_width":"","footnotes":""},"class_list":["post-2819","page","type-page","status-publish","hentry"],"acf":[],"yoast_head":"<!-- This site is optimized with the Yoast SEO plugin v27.1.1 - https:\/\/yoast.com\/product\/yoast-seo-wordpress\/ -->\n<title>H\u00e4ufig gestellte Fragen - DOP Kaki Ribera del X\u00faquer<\/title>\n<meta name=\"robots\" content=\"index, follow, max-snippet:-1, max-image-preview:large, max-video-preview:-1\" \/>\n<link rel=\"canonical\" href=\"https:\/\/persimon.eu\/de\/haeufig-gestellte-fragen\/\" \/>\n<meta property=\"og:locale\" content=\"de_DE\" \/>\n<meta property=\"og:type\" content=\"article\" \/>\n<meta property=\"og:title\" content=\"H\u00e4ufig gestellte Fragen - DOP Kaki Ribera del X\u00faquer\" \/>\n<meta property=\"og:description\" content=\"H\u00e4ufig gestellte FragenWas ist die Kaki Persimon\u00ae? Wie erkenne ich eine Kaki Persimon\u00ae? Fragen, die Sie sich bestimmt schon gestellt haben. Nun, hier sind Sie an der richtigen Adresse, denn alle Fragen, die Sie zum Thema Kaki Persimon\u00ae haben, werden hier beantwortet. Und falls Sie danach immer noch Zweifel haben sollten, dann m\u00fcssen Sie einfach mal eine Kaki Persimon\u00ae probieren. Denn sobald Sie einmal hineingebissen haben, werden sich mit Sicherheit alle Ihre Fragen von selbst beantworten. Und wenn nicht, dann k\u00f6nnen Sie uns gerne kontaktieren. Wir helfen Ihnen gerne weiter. \u00dcber die Kaki Persimon\u00ae \u00dcber die gesch\u00fctzte Ursprungsbezeichnung \u201eg.U. Ribera del X\u00faquer\u201c &nbsp;\" \/>\n<meta property=\"og:site_name\" content=\"DOP Kaki Ribera del X\u00faquer\" \/>\n<meta property=\"article:publisher\" content=\"https:\/\/www.facebook.com\/kakipersimonDOP\/\" \/>\n<meta property=\"article:modified_time\" content=\"2020-11-30T06:26:08+00:00\" \/>\n<meta name=\"twitter:card\" content=\"summary_large_image\" \/>\n<meta name=\"twitter:label1\" content=\"Gesch\u00e4tzte Lesezeit\" \/>\n\t<meta name=\"twitter:data1\" content=\"3\u00a0Minuten\" \/>\n<script type=\"application\/ld+json\" class=\"yoast-schema-graph\">{\"@context\":\"https:\/\/schema.org\",\"@graph\":[{\"@type\":\"WebPage\",\"@id\":\"https:\/\/persimon.eu\/de\/haeufig-gestellte-fragen\/\",\"url\":\"https:\/\/persimon.eu\/de\/haeufig-gestellte-fragen\/\",\"name\":\"H\u00e4ufig gestellte Fragen - DOP Kaki Ribera del X\u00faquer\",\"isPartOf\":{\"@id\":\"https:\/\/persimon.eu\/de\/#website\"},\"datePublished\":\"2020-11-29T08:43:29+00:00\",\"dateModified\":\"2020-11-30T06:26:08+00:00\",\"breadcrumb\":{\"@id\":\"https:\/\/persimon.eu\/de\/haeufig-gestellte-fragen\/#breadcrumb\"},\"inLanguage\":\"de\",\"potentialAction\":[{\"@type\":\"ReadAction\",\"target\":[\"https:\/\/persimon.eu\/de\/haeufig-gestellte-fragen\/\"]}]},{\"@type\":\"BreadcrumbList\",\"@id\":\"https:\/\/persimon.eu\/de\/haeufig-gestellte-fragen\/#breadcrumb\",\"itemListElement\":[{\"@type\":\"ListItem\",\"position\":1,\"name\":\"Inicio\",\"item\":\"https:\/\/persimon.eu\/de\/\"},{\"@type\":\"ListItem\",\"position\":2,\"name\":\"H\u00e4ufig gestellte Fragen\"}]},{\"@type\":\"WebSite\",\"@id\":\"https:\/\/persimon.eu\/de\/#website\",\"url\":\"https:\/\/persimon.eu\/de\/\",\"name\":\"DOP Kaki Ribera del X\u00faquer\",\"description\":\"En nuestra web descubrir\u00e1s todo lo que rodea a nuestros kakis con D.O.P. Ribera del X\u00faquer.\",\"publisher\":{\"@id\":\"https:\/\/persimon.eu\/de\/#organization\"},\"potentialAction\":[{\"@type\":\"SearchAction\",\"target\":{\"@type\":\"EntryPoint\",\"urlTemplate\":\"https:\/\/persimon.eu\/de\/?s={search_term_string}\"},\"query-input\":{\"@type\":\"PropertyValueSpecification\",\"valueRequired\":true,\"valueName\":\"search_term_string\"}}],\"inLanguage\":\"de\"},{\"@type\":\"Organization\",\"@id\":\"https:\/\/persimon.eu\/de\/#organization\",\"name\":\"D.O.P Kaki Ribera del X\u00faquer\",\"url\":\"https:\/\/persimon.eu\/de\/\",\"logo\":{\"@type\":\"ImageObject\",\"inLanguage\":\"de\",\"@id\":\"https:\/\/persimon.eu\/de\/#\/schema\/logo\/image\/\",\"url\":\"https:\/\/persimon.eu\/wp-content\/uploads\/2019\/09\/logo-dop-kaki.png\",\"contentUrl\":\"https:\/\/persimon.eu\/wp-content\/uploads\/2019\/09\/logo-dop-kaki.png\",\"width\":227,\"height\":227,\"caption\":\"D.O.P Kaki Ribera del X\u00faquer\"},\"image\":{\"@id\":\"https:\/\/persimon.eu\/de\/#\/schema\/logo\/image\/\"},\"sameAs\":[\"https:\/\/www.facebook.com\/kakipersimonDOP\/\",\"https:\/\/www.instagram.com\/kakipersimon_\/\",\"https:\/\/www.youtube.com\/channel\/UC7Jcl7rqySAcWf0V1axJ7Bg\"]}]}<\/script>\n<!-- \/ Yoast SEO plugin. -->","yoast_head_json":{"title":"H\u00e4ufig gestellte Fragen - DOP Kaki Ribera del X\u00faquer","robots":{"index":"index","follow":"follow","max-snippet":"max-snippet:-1","max-image-preview":"max-image-preview:large","max-video-preview":"max-video-preview:-1"},"canonical":"https:\/\/persimon.eu\/de\/haeufig-gestellte-fragen\/","og_locale":"de_DE","og_type":"article","og_title":"H\u00e4ufig gestellte Fragen - DOP Kaki Ribera del X\u00faquer","og_description":"H\u00e4ufig gestellte FragenWas ist die Kaki Persimon\u00ae? Wie erkenne ich eine Kaki Persimon\u00ae? Fragen, die Sie sich bestimmt schon gestellt haben. Nun, hier sind Sie an der richtigen Adresse, denn alle Fragen, die Sie zum Thema Kaki Persimon\u00ae haben, werden hier beantwortet. Und falls Sie danach immer noch Zweifel haben sollten, dann m\u00fcssen Sie einfach mal eine Kaki Persimon\u00ae probieren. Denn sobald Sie einmal hineingebissen haben, werden sich mit Sicherheit alle Ihre Fragen von selbst beantworten. Und wenn nicht, dann k\u00f6nnen Sie uns gerne kontaktieren. Wir helfen Ihnen gerne weiter. \u00dcber die Kaki Persimon\u00ae \u00dcber die gesch\u00fctzte Ursprungsbezeichnung \u201eg.U. Ribera del X\u00faquer\u201c &nbsp;","og_site_name":"DOP Kaki Ribera del X\u00faquer","article_publisher":"https:\/\/www.facebook.com\/kakipersimonDOP\/","article_modified_time":"2020-11-30T06:26:08+00:00","twitter_card":"summary_large_image","twitter_misc":{"Gesch\u00e4tzte Lesezeit":"3\u00a0Minuten"},"schema":{"@context":"https:\/\/schema.org","@graph":[{"@type":"WebPage","@id":"https:\/\/persimon.eu\/de\/haeufig-gestellte-fragen\/","url":"https:\/\/persimon.eu\/de\/haeufig-gestellte-fragen\/","name":"H\u00e4ufig gestellte Fragen - DOP Kaki Ribera del X\u00faquer","isPartOf":{"@id":"https:\/\/persimon.eu\/de\/#website"},"datePublished":"2020-11-29T08:43:29+00:00","dateModified":"2020-11-30T06:26:08+00:00","breadcrumb":{"@id":"https:\/\/persimon.eu\/de\/haeufig-gestellte-fragen\/#breadcrumb"},"inLanguage":"de","potentialAction":[{"@type":"ReadAction","target":["https:\/\/persimon.eu\/de\/haeufig-gestellte-fragen\/"]}]},{"@type":"BreadcrumbList","@id":"https:\/\/persimon.eu\/de\/haeufig-gestellte-fragen\/#breadcrumb","itemListElement":[{"@type":"ListItem","position":1,"name":"Inicio","item":"https:\/\/persimon.eu\/de\/"},{"@type":"ListItem","position":2,"name":"H\u00e4ufig gestellte Fragen"}]},{"@type":"WebSite","@id":"https:\/\/persimon.eu\/de\/#website","url":"https:\/\/persimon.eu\/de\/","name":"DOP Kaki Ribera del X\u00faquer","description":"En nuestra web descubrir\u00e1s todo lo que rodea a nuestros kakis con D.O.P. Ribera del X\u00faquer.","publisher":{"@id":"https:\/\/persimon.eu\/de\/#organization"},"potentialAction":[{"@type":"SearchAction","target":{"@type":"EntryPoint","urlTemplate":"https:\/\/persimon.eu\/de\/?s={search_term_string}"},"query-input":{"@type":"PropertyValueSpecification","valueRequired":true,"valueName":"search_term_string"}}],"inLanguage":"de"},{"@type":"Organization","@id":"https:\/\/persimon.eu\/de\/#organization","name":"D.O.P Kaki Ribera del X\u00faquer","url":"https:\/\/persimon.eu\/de\/","logo":{"@type":"ImageObject","inLanguage":"de","@id":"https:\/\/persimon.eu\/de\/#\/schema\/logo\/image\/","url":"https:\/\/persimon.eu\/wp-content\/uploads\/2019\/09\/logo-dop-kaki.png","contentUrl":"https:\/\/persimon.eu\/wp-content\/uploads\/2019\/09\/logo-dop-kaki.png","width":227,"height":227,"caption":"D.O.P Kaki Ribera del X\u00faquer"},"image":{"@id":"https:\/\/persimon.eu\/de\/#\/schema\/logo\/image\/"},"sameAs":["https:\/\/www.facebook.com\/kakipersimonDOP\/","https:\/\/www.instagram.com\/kakipersimon_\/","https:\/\/www.youtube.com\/channel\/UC7Jcl7rqySAcWf0V1axJ7Bg"]}]}},"_links":{"self":[{"href":"https:\/\/persimon.eu\/de\/wp-json\/wp\/v2\/pages\/2819","targetHints":{"allow":["GET"]}}],"collection":[{"href":"https:\/\/persimon.eu\/de\/wp-json\/wp\/v2\/pages"}],"about":[{"href":"https:\/\/persimon.eu\/de\/wp-json\/wp\/v2\/types\/page"}],"author":[{"embeddable":true,"href":"https:\/\/persimon.eu\/de\/wp-json\/wp\/v2\/users\/1"}],"replies":[{"embeddable":true,"href":"https:\/\/persimon.eu\/de\/wp-json\/wp\/v2\/comments?post=2819"}],"version-history":[{"count":5,"href":"https:\/\/persimon.eu\/de\/wp-json\/wp\/v2\/pages\/2819\/revisions"}],"predecessor-version":[{"id":2850,"href":"https:\/\/persimon.eu\/de\/wp-json\/wp\/v2\/pages\/2819\/revisions\/2850"}],"wp:attachment":[{"href":"https:\/\/persimon.eu\/de\/wp-json\/wp\/v2\/media?parent=2819"}],"curies":[{"name":"wp","href":"https:\/\/api.w.org\/{rel}","templated":true}]}}