{"id":2830,"date":"2020-11-30T06:06:18","date_gmt":"2020-11-30T06:06:18","guid":{"rendered":"https:\/\/persimon.eu\/die-kaki\/die-kaki-in-spanien-und-weltweit\/"},"modified":"2020-11-30T06:09:00","modified_gmt":"2020-11-30T06:09:00","slug":"die-kaki-in-spanien-und-weltweit","status":"publish","type":"page","link":"https:\/\/persimon.eu\/de\/die-kaki\/die-kaki-in-spanien-und-weltweit\/","title":{"rendered":"Die Kaki in Spanien und weltweit"},"content":{"rendered":"<p>[et_pb_section fb_built=&#8220;1&#8243; admin_label=&#8220;CONTENIDO&#8220; _builder_version=&#8220;4.6.6&#8243; background_color=&#8220;rgba(0,0,0,0)&#8220; custom_margin=&#8220;||||false|false&#8220; custom_padding=&#8220;0px||||false|false&#8220; hover_enabled=&#8220;0&#8243; custom_css_main_element=&#8220;z-index: 10;||top: 0;||left: 0;||min-height: 100vh;||display: flex;||flex-direction: column;||width: 100%;&#8220; sticky_enabled=&#8220;0&#8243;][et_pb_row make_equal=&#8220;on&#8220; disabled_on=&#8220;off|off|off&#8220; admin_label=&#8220;ROW BREADCRUMBS&#8220; _builder_version=&#8220;3.29.3&#8243; max_width=&#8220;2560px&#8220; custom_margin=&#8220;0px||0px||false|false&#8220; custom_padding=&#8220;0px||0px||false|false&#8220;][et_pb_column type=&#8220;4_4&#8243; _builder_version=&#8220;3.29.3&#8243;][et_pb_divider divider_style=&#8220;none&#8220; admin_label=&#8220;separadorTitular&#8220; module_class=&#8220;separadorTitular&#8220; _builder_version=&#8220;3.29.3&#8243; custom_margin=&#8220;0px||0px||false|false&#8220;][\/et_pb_divider][et_pb_code disabled_on=&#8220;on|on|off&#8220; admin_label=&#8220;Breadcrumbs&#8220; _builder_version=&#8220;3.29.3&#8243; custom_margin=&#8220;0px||0px||true|false&#8220;]<p id=\"breadcrumbs\"><span><span><a href=\"https:\/\/persimon.eu\/de\/\">Inicio<\/a><\/span><\/span><\/p>[\/et_pb_code][\/et_pb_column][\/et_pb_row][et_pb_row _builder_version=&#8220;3.29.3&#8243;][et_pb_column type=&#8220;4_4&#8243; _builder_version=&#8220;3.29.3&#8243;][dica_divi_carousel show_items_desktop=&#8220;1&#8243; show_items_tablet=&#8220;1&#8243; arrow_nav=&#8220;on&#8220; dot_nav=&#8220;on&#8220; dot_alignment=&#8220;right&#8220; equal_height=&#8220;on&#8220; advanced_effect=&#8220;1&#8243; arrow_nav_color=&#8220;#666&#8243; arrow_bg_color=&#8220;rgba(0,0,0,0)&#8220; dots_color=&#8220;rgba(102,102,102,0.7)&#8220; dots_active_color=&#8220;#666&#8243; arrow_position=&#8220;middle-outside&#8220; arrow_show_hover=&#8220;on&#8220; admin_label=&#8220;Slider &#8211; Kaki&#8220; _builder_version=&#8220;3.29.3&#8243; width=&#8220;100%&#8220;][dica_divi_carouselitem title=&#8220;Die Kaki in Spanien und weltweit&#8220; button_url_new_window=&#8220;1&#8243; image=&#8220;https:\/\/persimon.eu\/wp-content\/uploads\/2019\/10\/mapa-espana-mundo.png&#8220; module_id=&#8220;kaki_mundo&#8220; module_class=&#8220;kaki_mundo&#8220; image_position=&#8220;image_right&#8220; mobile_on_top=&#8220;on&#8220; content_padding=&#8220;||||true|true&#8220; _builder_version=&#8220;3.29.3&#8243; background_color=&#8220;rgba(0,0,0,0)&#8220; background_enable_color=&#8220;on&#8220;]<\/p>\n<p>Der Kaki-Anbau in Spanien konzentriert sich bereits seit langer Zeit auf Regionen mit gem\u00e4\u00dfigtem Klima wie Katalonien, Andalusien und die Valencianische Gemeinschaft. H\u00e4ufig fand man einzelstehende Kakib\u00e4ume am Rande von oder neben Landwirtschaftsgeb\u00e4uden. In der Mitte des 20. Jahrhunderts gab es jedoch ein gewisses Interesse am Fortbestand dieser B\u00e4ume, die haupts\u00e4chlich f\u00fcr den Eigenverbrauch bestimmt waren, was dazu f\u00fchrte, dass Kleinh\u00e4ndler im Vergleich zu anderen Fr\u00fcchten unvorstellbar hohe Preise zahlten.<\/p>\n<p>[\/dica_divi_carouselitem][dica_divi_carouselitem title=&#8220;Die Kaki in Spanien und weltweit&#8220; button_url_new_window=&#8220;1&#8243; image=&#8220;https:\/\/persimon.eu\/wp-content\/uploads\/2019\/10\/espana-mundo-slide-2.png&#8220; module_id=&#8220;kaki_mundo&#8220; module_class=&#8220;kaki_mundo&#8220; image_position=&#8220;image_right&#8220; mobile_on_top=&#8220;on&#8220; content_padding=&#8220;||||true|true&#8220; _builder_version=&#8220;3.29.3&#8243; background_color=&#8220;rgba(0,0,0,0)&#8220; background_enable_color=&#8220;on&#8220;]<\/p>\n<p>All dies veranlasste einige fortschrittlich denkende Landwirte dazu, kleine Plantagen der damals am weitesten verbreiteten Kakisorten anzulegen: \u201eTomatero\u201c in der Gegend von Segorbe, \u201ePicudo\u201c (Costata) und \u201eCristalino\u201c in der valencianischen Region Ribera Alta. Es ist diese letztgenannte Region, in der eine neue Sorte aufgetaucht ist, die eine echte Revolution im Anbau von Kakis darstellt, n\u00e4mlich die Sorte \u201eRojo Brillante\u201c, die einzige, die durch die Ursprungsbezeichnung \u201eKaki Ribera del X\u00faquer\u201c gesch\u00fctzt ist.<\/p>\n<p>[\/dica_divi_carouselitem][dica_divi_carouselitem title=&#8220;Die Kaki in Spanien und weltweit&#8220; button_url_new_window=&#8220;1&#8243; image=&#8220;https:\/\/persimon.eu\/wp-content\/uploads\/2019\/10\/mapa-ribera-xuquer.png&#8220; module_id=&#8220;kaki_mundo&#8220; module_class=&#8220;kaki_mundo&#8220; image_position=&#8220;image_right&#8220; mobile_on_top=&#8220;on&#8220; content_padding=&#8220;||||true|true&#8220; _builder_version=&#8220;3.29.3&#8243; background_color=&#8220;rgba(0,0,0,0)&#8220; background_enable_color=&#8220;on&#8220;]<\/p>\n<p>Gegenw\u00e4rtig konzentriert sich in Spanien der gr\u00f6\u00dfte Teil des Anbaus dank ihres milden Klimas und fruchtbaren Bodens auf die mit der Ursprungsbezeichnung \u201eKaki Ribera del X\u00faquer\u201c gesch\u00fctzte Region.<\/p>\n<p>In der ganzen Welt werden mehr als 5 Milliarden Kilo Kakis produziert, von denen etwa 350 Millionen in Spanien hergestellt werden, was es zum weltweit f\u00fchrenden Exportland macht. China ist jedoch nach wie vor der gr\u00f6\u00dfte Produzent mit \u00fcber 3 Milliarden Kilo, gefolgt von S\u00fcdkorea, Japan und Spanien.<\/p>\n<p>[\/dica_divi_carouselitem][\/dica_divi_carousel][et_pb_divider divider_style=&#8220;none&#8220; disabled_on=&#8220;on|on|off&#8220; _builder_version=&#8220;3.29.3&#8243; height=&#8220;40px&#8220; custom_margin=&#8220;0px||0px||false|false&#8220;][\/et_pb_divider][\/et_pb_column][\/et_pb_row][et_pb_row column_structure=&#8220;2_3,1_3&#8243; _builder_version=&#8220;3.29.3&#8243; max_width=&#8220;2560px&#8220; custom_margin=&#8220;0px||0px||false|false&#8220; custom_padding=&#8220;0px||0px||false|false&#8220;][et_pb_column type=&#8220;2_3&#8243; _builder_version=&#8220;3.29.3&#8243;][et_pb_text admin_label=&#8220;SubMenu-el-kaki&#8220; module_class=&#8220;submenu&#8220; _builder_version=&#8220;3.29.3&#8243; custom_margin=&#8220;||||false|false&#8220; custom_padding=&#8220;40px|50px|40px|50px|false|false&#8220;]<\/p>\n<ul>\n<li><a href=\"https:\/\/persimon.eu\/de\/die-kaki\/\" title=\"Was ist das?\">Was ist das?<\/a><\/li>\n<li><a href=\"https:\/\/persimon.eu\/de\/die-kaki\/sorte-rojo-brillante\/\" title=\"Variedad Rojo Brillante\">Sorte \u201eRojo Brillante\u201c<\/a><\/li>\n<li class=\"active\"><a href=\"https:\/\/persimon.eu\/de\/die-kaki\/die-kaki-in-spanien-und-weltweit\/\" title=\"Die Kaki in Spanien und weltweit\">Die Kaki in Spanien und weltweit<\/a><\/li>\n<\/ul>\n<p>&nbsp;[\/et_pb_text][\/et_pb_column][et_pb_column type=&#8220;1_3&#8243; _builder_version=&#8220;3.29.3&#8243; background_enable_image=&#8220;off&#8220;][et_pb_divider divider_style=&#8220;none&#8220; _builder_version=&#8220;3.29.3&#8243; height=&#8220;1px&#8220; max_height=&#8220;1000px&#8220; custom_margin=&#8220;0px||0px||false|false&#8220;][\/et_pb_divider][\/et_pb_column][\/et_pb_row][\/et_pb_section]<\/p>\n","protected":false},"excerpt":{"rendered":"<p><p id=\"breadcrumbs\"><span><span><a href=\"https:\/\/persimon.eu\/de\/\">Inicio<\/a><\/span><\/span><\/p><div class=\"et_pb_module dica_divi_carousel dica_divi_carousel_0\">\n\t\t\t\t\n\t\t\t\t\n\t\t\t\t\n\t\t\t\t\n\t\t\t\t\n\t\t\t\t\n\t\t\t\t<div class=\"et_pb_module_inner\">\n\t\t\t\t\t<div class=\"dica-container  desktop_middle-outside tablet_middle-outside mobile_middle-outside arrow-on-hover\" data-props='{\"desktop\":\"1\",\"tablet\":\"1\",\"mobile\":\"1\",\"speed\":\"500\",\"arrow\":\"on\",\"dots\":\"on\",\"autoplay\":\"off\",\"autoSpeed\":\"1000\",\"loop\":\"off\",\"item_spacing\":\"30\",\"center_mode\":\"off\",\"slider_effec\":\"1\",\"cover_rotate\":\"50\",\"pause_onhover\":\"off\",\"multislide\":\"off\",\"cfshadow\":\"on\",\"order\":\"0\",\"lazyload\":\"off\",\"lazybefore\":\"off\",\"scroller_effect\":\"off\",\"autowidth\":\"off\",\"item_spacing_tablet\":\"30\",\"item_spacing_phone\":\"30\",\"scroller_speed\":\"4000\",\"hashNavigation\":\"off\",\"simulatetouch\":\"off\",\"allowtouchmove\":\"off\",\"slide_row\":\"1\",\"slide_row_tablet\":\"1\",\"slide_row_phone\":\"1\",\"keyboard\":\"off\",\"mousewheel\":\"off\",\"autoplay_viewport\":\"\"}'>\n\t\t\t\t\t\t\t \t<div class=\"swiper-container\" >\n\t\t\t\t\t\t\t\t\t<div class=\"swiper-wrapper\"><\/div>\t\n\t\t\t\t\t\t\t\t<\/div>\t\n\t\t\t\t\t\t\t\t<div class=\"swiper-buttton-container\"><div class=\"swiper-button-prev dica-prev-btn-0\" data-icon=\"4\"><\/div><div class=\"swiper-button-next dica-next-btn-0\" data-icon=\"5\"><\/div><\/div>\n\t\t\t\t\t\t\t\t<div class=\"swiper-pagination dica-paination-0\"><\/div>\t\t\t\t\t\t\n\t\t\t\t\t\t\t<\/div>\n\t\t\t\t<\/div>\n\t\t\t<\/div><div id=\"kaki_mundo\" class=\"et_pb_module dica_divi_carouselitem dica_divi_carouselitem_0 kaki_mundo\">\n\t\t\t\t\n\t\t\t\t\n\t\t\t\t\n\t\t\t\t\n\t\t\t\t\n\t\t\t\t\n\t\t\t\t<div class=\"et_pb_module_inner\">\n\t\t\t\t\t <div class=\"dica-item image_right\"   data-hash=\"dica_divi_carouselitem_0\">\n\t\t\t\t\t\t\t\t\t<div class=\"dica-image-container\"><span class=\"image\"><img loading=\"lazy\" decoding=\"async\" src=\"https:\/\/persimon.eu\/wp-content\/uploads\/2019\/10\/mapa-espana-mundo.png\" srcset=\"https:\/\/persimon.eu\/wp-content\/uploads\/2019\/10\/mapa-espana-mundo.png 1364w, https:\/\/persimon.eu\/wp-content\/uploads\/2019\/10\/mapa-espana-mundo-1280x1099.png 1280w, https:\/\/persimon.eu\/wp-content\/uploads\/2019\/10\/mapa-espana-mundo-980x841.png 980w, https:\/\/persimon.eu\/wp-content\/uploads\/2019\/10\/mapa-espana-mundo-480x412.png 480w\" alt=\"\" class=\"dica-item-image\" width=\"1364\" height=\"1171\"\/><\/span><\/div>\n\t\t\t\t\t\t\t\t\t<div class=\"dica-item-content\"><h4 class=\"item-title\">Die Kaki in Spanien und weltweit<\/h4>   <div \n\t\t\t\t\t\tclass=\"content \" \n\t\t\t\t\t\tdata-settings='{\"status\":\"false\",\"responsive\":\"off\",\"limit\":\"\",\"limit_tablet\":\"\",\"limit_phone\":\"\",\"text_more\":\"\",\"text_less\":\"\"}'>\n\t\t\t\t\t\tDer Kaki-Anbau in Spanien konzentriert sich bereits seit langer Zeit auf Regionen mit gem\u00e4\u00dfigtem Klima wie Katalonien, Andalusien und die Valencianische Gemeinschaft. H\u00e4ufig fand man einzelstehende Kakib\u00e4ume am Rande von oder neben Landwirtschaftsgeb\u00e4uden. In der Mitte des 20. Jahrhunderts gab es jedoch ein gewisses Interesse am Fortbestand dieser B\u00e4ume, die haupts\u00e4chlich f\u00fcr den Eigenverbrauch bestimmt waren, was dazu f\u00fchrte, dass Kleinh\u00e4ndler im Vergleich zu anderen Fr\u00fcchten unvorstellbar hohe Preise zahlten.\n\t\t\t\t\t<\/div>\n\t\t\t\t\t<noscript class=\"content_storage\">Der Kaki-Anbau in Spanien konzentriert sich bereits seit langer Zeit auf Regionen mit gem\u00e4\u00dfigtem Klima wie Katalonien, Andalusien und die Valencianische Gemeinschaft. H\u00e4ufig fand man einzelstehende Kakib\u00e4ume am Rande von oder neben Landwirtschaftsgeb\u00e4uden. In der Mitte des 20. Jahrhunderts gab es jedoch ein gewisses Interesse am Fortbestand dieser B\u00e4ume, die haupts\u00e4chlich f\u00fcr den Eigenverbrauch bestimmt waren, was dazu f\u00fchrte, dass Kleinh\u00e4ndler im Vergleich zu anderen Fr\u00fcchten unvorstellbar hohe Preise zahlten.<\/noscript>     <\/div>\n\t\t\t\t\t\t\t<\/div>\n\t\t\t\t<\/div>\n\t\t\t<\/div><div id=\"kaki_mundo\" class=\"et_pb_module dica_divi_carouselitem dica_divi_carouselitem_1 kaki_mundo\">\n\t\t\t\t\n\t\t\t\t\n\t\t\t\t\n\t\t\t\t\n\t\t\t\t\n\t\t\t\t\n\t\t\t\t<div class=\"et_pb_module_inner\">\n\t\t\t\t\t <div class=\"dica-item image_right\"   data-hash=\"dica_divi_carouselitem_1\">\n\t\t\t\t\t\t\t\t\t<div class=\"dica-image-container\"><span class=\"image\"><img loading=\"lazy\" decoding=\"async\" src=\"https:\/\/persimon.eu\/wp-content\/uploads\/2019\/10\/espana-mundo-slide-2.png\" srcset=\"https:\/\/persimon.eu\/wp-content\/uploads\/2019\/10\/espana-mundo-slide-2.png 1662w, https:\/\/persimon.eu\/wp-content\/uploads\/2019\/10\/espana-mundo-slide-2-1280x652.png 1280w, https:\/\/persimon.eu\/wp-content\/uploads\/2019\/10\/espana-mundo-slide-2-980x499.png 980w, https:\/\/persimon.eu\/wp-content\/uploads\/2019\/10\/espana-mundo-slide-2-480x245.png 480w\" alt=\"\" class=\"dica-item-image\" width=\"1662\" height=\"847\"\/><\/span><\/div>\n\t\t\t\t\t\t\t\t\t<div class=\"dica-item-content\"><h4 class=\"item-title\">Die Kaki in Spanien und weltweit<\/h4>   <div \n\t\t\t\t\t\tclass=\"content \" \n\t\t\t\t\t\tdata-settings='{\"status\":\"false\",\"responsive\":\"off\",\"limit\":\"\",\"limit_tablet\":\"\",\"limit_phone\":\"\",\"text_more\":\"\",\"text_less\":\"\"}'>\n\t\t\t\t\t\tAll dies veranlasste einige fortschrittlich denkende Landwirte dazu, kleine Plantagen der damals am weitesten verbreiteten Kakisorten anzulegen: \u201eTomatero\u201c in der Gegend von Segorbe, \u201ePicudo\u201c (Costata) und \u201eCristalino\u201c in der valencianischen Region Ribera Alta. Es ist diese letztgenannte Region, in der eine neue Sorte aufgetaucht ist, die eine echte Revolution im Anbau von Kakis darstellt, n\u00e4mlich die Sorte \u201eRojo Brillante\u201c, die einzige, die durch die Ursprungsbezeichnung \u201eKaki Ribera del X\u00faquer\u201c gesch\u00fctzt ist.\n\t\t\t\t\t<\/div>\n\t\t\t\t\t<noscript class=\"content_storage\">All dies veranlasste einige fortschrittlich denkende Landwirte dazu, kleine Plantagen der damals am weitesten verbreiteten Kakisorten anzulegen: \u201eTomatero\u201c in der Gegend von Segorbe, \u201ePicudo\u201c (Costata) und \u201eCristalino\u201c in der valencianischen Region Ribera Alta. Es ist diese letztgenannte Region, in der eine neue Sorte aufgetaucht ist, die eine echte Revolution im Anbau von Kakis darstellt, n\u00e4mlich die Sorte \u201eRojo Brillante\u201c, die einzige, die durch die Ursprungsbezeichnung \u201eKaki Ribera del X\u00faquer\u201c gesch\u00fctzt ist.<\/noscript>     <\/div>\n\t\t\t\t\t\t\t<\/div>\n\t\t\t\t<\/div>\n\t\t\t<\/div><div id=\"&#8220;kaki_mundo&#8220;\" class=\"et_pb_module dica_divi_carouselitem dica_divi_carouselitem_2 &#8220;kaki_mundo&#8220;\">\n\t\t\t\t\n\t\t\t\t\n\t\t\t\t\n\t\t\t\t\n\t\t\t\t\n\t\t\t\t\n\t\t\t\t<div class=\"et_pb_module_inner\">\n\t\t\t\t\t <div class=\"dica-item image_top\"   data-hash=\"dica_divi_carouselitem_2\">\n\t\t\t\t\t\t\t\t\t<div class=\"dica-image-container\"><span class=\"image\"><img decoding=\"async\" src=\"&#8220;https:\/\/persimon.eu\/wp-content\/uploads\/2019\/10\/mapa-ribera-xuquer.png&#8220;\" srcset=\"\" alt=\"\" class=\"dica-item-image\" width=\"f\" height=\"u\"\/><\/span><\/div>\n\t\t\t\t\t\t\t\t\t<div class=\"dica-item-content\"><h4 class=\"item-title\">&#8220;Die<\/h4>        <\/div>\n\t\t\t\t\t\t\t<\/div>\n\t\t\t\t<\/div>\n\t\t\t<\/div><\/p>\n","protected":false},"author":1,"featured_media":0,"parent":2753,"menu_order":0,"comment_status":"closed","ping_status":"closed","template":"","meta":{"_acf_changed":false,"_et_pb_use_builder":"on","_et_pb_old_content":"","_et_gb_content_width":"","footnotes":""},"class_list":["post-2830","page","type-page","status-publish","hentry"],"acf":[],"yoast_head":"<!-- This site is optimized with the Yoast SEO plugin v27.1.1 - https:\/\/yoast.com\/product\/yoast-seo-wordpress\/ -->\n<title>Die Kaki in Spanien und weltweit - DOP Kaki Ribera del X\u00faquer<\/title>\n<meta name=\"description\" content=\"Der Kaki-Anbau in Spanien konzentriert sich bereits seit langer Zeit auf Regionen mit gem\u00e4\u00dfigtem Klima wie Katalonien, Andalusien und die Valencianische Gemeinschaft\" \/>\n<meta name=\"robots\" content=\"index, follow, max-snippet:-1, max-image-preview:large, max-video-preview:-1\" \/>\n<link rel=\"canonical\" href=\"https:\/\/persimon.eu\/de\/die-kaki\/die-kaki-in-spanien-und-weltweit\/\" \/>\n<meta property=\"og:locale\" content=\"de_DE\" \/>\n<meta property=\"og:type\" content=\"article\" \/>\n<meta property=\"og:title\" content=\"Die Kaki in Spanien und weltweit - DOP Kaki Ribera del X\u00faquer\" \/>\n<meta property=\"og:description\" content=\"Der Kaki-Anbau in Spanien konzentriert sich bereits seit langer Zeit auf Regionen mit gem\u00e4\u00dfigtem Klima wie Katalonien, Andalusien und die Valencianische Gemeinschaft\" \/>\n<meta property=\"og:site_name\" content=\"DOP Kaki Ribera del X\u00faquer\" \/>\n<meta property=\"article:publisher\" content=\"https:\/\/www.facebook.com\/kakipersimonDOP\/\" \/>\n<meta property=\"article:modified_time\" content=\"2020-11-30T06:09:00+00:00\" \/>\n<meta name=\"twitter:card\" content=\"summary_large_image\" \/>\n<meta name=\"twitter:label1\" content=\"Gesch\u00e4tzte Lesezeit\" \/>\n\t<meta name=\"twitter:data1\" content=\"4\u00a0Minuten\" \/>\n<script type=\"application\/ld+json\" class=\"yoast-schema-graph\">{\"@context\":\"https:\/\/schema.org\",\"@graph\":[{\"@type\":\"WebPage\",\"@id\":\"https:\/\/persimon.eu\/de\/die-kaki\/die-kaki-in-spanien-und-weltweit\/\",\"url\":\"https:\/\/persimon.eu\/de\/die-kaki\/die-kaki-in-spanien-und-weltweit\/\",\"name\":\"Die Kaki in Spanien und weltweit - DOP Kaki Ribera del X\u00faquer\",\"isPartOf\":{\"@id\":\"https:\/\/persimon.eu\/de\/#website\"},\"datePublished\":\"2020-11-30T06:06:18+00:00\",\"dateModified\":\"2020-11-30T06:09:00+00:00\",\"description\":\"Der Kaki-Anbau in Spanien konzentriert sich bereits seit langer Zeit auf Regionen mit gem\u00e4\u00dfigtem Klima wie Katalonien, Andalusien und die Valencianische Gemeinschaft\",\"breadcrumb\":{\"@id\":\"https:\/\/persimon.eu\/de\/die-kaki\/die-kaki-in-spanien-und-weltweit\/#breadcrumb\"},\"inLanguage\":\"de\",\"potentialAction\":[{\"@type\":\"ReadAction\",\"target\":[\"https:\/\/persimon.eu\/de\/die-kaki\/die-kaki-in-spanien-und-weltweit\/\"]}]},{\"@type\":\"BreadcrumbList\",\"@id\":\"https:\/\/persimon.eu\/de\/die-kaki\/die-kaki-in-spanien-und-weltweit\/#breadcrumb\",\"itemListElement\":[{\"@type\":\"ListItem\",\"position\":1,\"name\":\"Inicio\",\"item\":\"https:\/\/persimon.eu\/de\/\"},{\"@type\":\"ListItem\",\"position\":2,\"name\":\"Die Kaki\",\"item\":\"https:\/\/persimon.eu\/de\/die-kaki\/\"},{\"@type\":\"ListItem\",\"position\":3,\"name\":\"Die Kaki in Spanien und weltweit\"}]},{\"@type\":\"WebSite\",\"@id\":\"https:\/\/persimon.eu\/de\/#website\",\"url\":\"https:\/\/persimon.eu\/de\/\",\"name\":\"DOP Kaki Ribera del X\u00faquer\",\"description\":\"En nuestra web descubrir\u00e1s todo lo que rodea a nuestros kakis con D.O.P. Ribera del X\u00faquer.\",\"publisher\":{\"@id\":\"https:\/\/persimon.eu\/de\/#organization\"},\"potentialAction\":[{\"@type\":\"SearchAction\",\"target\":{\"@type\":\"EntryPoint\",\"urlTemplate\":\"https:\/\/persimon.eu\/de\/?s={search_term_string}\"},\"query-input\":{\"@type\":\"PropertyValueSpecification\",\"valueRequired\":true,\"valueName\":\"search_term_string\"}}],\"inLanguage\":\"de\"},{\"@type\":\"Organization\",\"@id\":\"https:\/\/persimon.eu\/de\/#organization\",\"name\":\"D.O.P Kaki Ribera del X\u00faquer\",\"url\":\"https:\/\/persimon.eu\/de\/\",\"logo\":{\"@type\":\"ImageObject\",\"inLanguage\":\"de\",\"@id\":\"https:\/\/persimon.eu\/de\/#\/schema\/logo\/image\/\",\"url\":\"https:\/\/persimon.eu\/wp-content\/uploads\/2019\/09\/logo-dop-kaki.png\",\"contentUrl\":\"https:\/\/persimon.eu\/wp-content\/uploads\/2019\/09\/logo-dop-kaki.png\",\"width\":227,\"height\":227,\"caption\":\"D.O.P Kaki Ribera del X\u00faquer\"},\"image\":{\"@id\":\"https:\/\/persimon.eu\/de\/#\/schema\/logo\/image\/\"},\"sameAs\":[\"https:\/\/www.facebook.com\/kakipersimonDOP\/\",\"https:\/\/www.instagram.com\/kakipersimon_\/\",\"https:\/\/www.youtube.com\/channel\/UC7Jcl7rqySAcWf0V1axJ7Bg\"]}]}<\/script>\n<!-- \/ Yoast SEO plugin. -->","yoast_head_json":{"title":"Die Kaki in Spanien und weltweit - DOP Kaki Ribera del X\u00faquer","description":"Der Kaki-Anbau in Spanien konzentriert sich bereits seit langer Zeit auf Regionen mit gem\u00e4\u00dfigtem Klima wie Katalonien, Andalusien und die Valencianische Gemeinschaft","robots":{"index":"index","follow":"follow","max-snippet":"max-snippet:-1","max-image-preview":"max-image-preview:large","max-video-preview":"max-video-preview:-1"},"canonical":"https:\/\/persimon.eu\/de\/die-kaki\/die-kaki-in-spanien-und-weltweit\/","og_locale":"de_DE","og_type":"article","og_title":"Die Kaki in Spanien und weltweit - DOP Kaki Ribera del X\u00faquer","og_description":"Der Kaki-Anbau in Spanien konzentriert sich bereits seit langer Zeit auf Regionen mit gem\u00e4\u00dfigtem Klima wie Katalonien, Andalusien und die Valencianische Gemeinschaft","og_site_name":"DOP Kaki Ribera del X\u00faquer","article_publisher":"https:\/\/www.facebook.com\/kakipersimonDOP\/","article_modified_time":"2020-11-30T06:09:00+00:00","twitter_card":"summary_large_image","twitter_misc":{"Gesch\u00e4tzte Lesezeit":"4\u00a0Minuten"},"schema":{"@context":"https:\/\/schema.org","@graph":[{"@type":"WebPage","@id":"https:\/\/persimon.eu\/de\/die-kaki\/die-kaki-in-spanien-und-weltweit\/","url":"https:\/\/persimon.eu\/de\/die-kaki\/die-kaki-in-spanien-und-weltweit\/","name":"Die Kaki in Spanien und weltweit - DOP Kaki Ribera del X\u00faquer","isPartOf":{"@id":"https:\/\/persimon.eu\/de\/#website"},"datePublished":"2020-11-30T06:06:18+00:00","dateModified":"2020-11-30T06:09:00+00:00","description":"Der Kaki-Anbau in Spanien konzentriert sich bereits seit langer Zeit auf Regionen mit gem\u00e4\u00dfigtem Klima wie Katalonien, Andalusien und die Valencianische Gemeinschaft","breadcrumb":{"@id":"https:\/\/persimon.eu\/de\/die-kaki\/die-kaki-in-spanien-und-weltweit\/#breadcrumb"},"inLanguage":"de","potentialAction":[{"@type":"ReadAction","target":["https:\/\/persimon.eu\/de\/die-kaki\/die-kaki-in-spanien-und-weltweit\/"]}]},{"@type":"BreadcrumbList","@id":"https:\/\/persimon.eu\/de\/die-kaki\/die-kaki-in-spanien-und-weltweit\/#breadcrumb","itemListElement":[{"@type":"ListItem","position":1,"name":"Inicio","item":"https:\/\/persimon.eu\/de\/"},{"@type":"ListItem","position":2,"name":"Die Kaki","item":"https:\/\/persimon.eu\/de\/die-kaki\/"},{"@type":"ListItem","position":3,"name":"Die Kaki in Spanien und weltweit"}]},{"@type":"WebSite","@id":"https:\/\/persimon.eu\/de\/#website","url":"https:\/\/persimon.eu\/de\/","name":"DOP Kaki Ribera del X\u00faquer","description":"En nuestra web descubrir\u00e1s todo lo que rodea a nuestros kakis con D.O.P. Ribera del X\u00faquer.","publisher":{"@id":"https:\/\/persimon.eu\/de\/#organization"},"potentialAction":[{"@type":"SearchAction","target":{"@type":"EntryPoint","urlTemplate":"https:\/\/persimon.eu\/de\/?s={search_term_string}"},"query-input":{"@type":"PropertyValueSpecification","valueRequired":true,"valueName":"search_term_string"}}],"inLanguage":"de"},{"@type":"Organization","@id":"https:\/\/persimon.eu\/de\/#organization","name":"D.O.P Kaki Ribera del X\u00faquer","url":"https:\/\/persimon.eu\/de\/","logo":{"@type":"ImageObject","inLanguage":"de","@id":"https:\/\/persimon.eu\/de\/#\/schema\/logo\/image\/","url":"https:\/\/persimon.eu\/wp-content\/uploads\/2019\/09\/logo-dop-kaki.png","contentUrl":"https:\/\/persimon.eu\/wp-content\/uploads\/2019\/09\/logo-dop-kaki.png","width":227,"height":227,"caption":"D.O.P Kaki Ribera del X\u00faquer"},"image":{"@id":"https:\/\/persimon.eu\/de\/#\/schema\/logo\/image\/"},"sameAs":["https:\/\/www.facebook.com\/kakipersimonDOP\/","https:\/\/www.instagram.com\/kakipersimon_\/","https:\/\/www.youtube.com\/channel\/UC7Jcl7rqySAcWf0V1axJ7Bg"]}]}},"_links":{"self":[{"href":"https:\/\/persimon.eu\/de\/wp-json\/wp\/v2\/pages\/2830","targetHints":{"allow":["GET"]}}],"collection":[{"href":"https:\/\/persimon.eu\/de\/wp-json\/wp\/v2\/pages"}],"about":[{"href":"https:\/\/persimon.eu\/de\/wp-json\/wp\/v2\/types\/page"}],"author":[{"embeddable":true,"href":"https:\/\/persimon.eu\/de\/wp-json\/wp\/v2\/users\/1"}],"replies":[{"embeddable":true,"href":"https:\/\/persimon.eu\/de\/wp-json\/wp\/v2\/comments?post=2830"}],"version-history":[{"count":5,"href":"https:\/\/persimon.eu\/de\/wp-json\/wp\/v2\/pages\/2830\/revisions"}],"predecessor-version":[{"id":2835,"href":"https:\/\/persimon.eu\/de\/wp-json\/wp\/v2\/pages\/2830\/revisions\/2835"}],"up":[{"embeddable":true,"href":"https:\/\/persimon.eu\/de\/wp-json\/wp\/v2\/pages\/2753"}],"wp:attachment":[{"href":"https:\/\/persimon.eu\/de\/wp-json\/wp\/v2\/media?parent=2830"}],"curies":[{"name":"wp","href":"https:\/\/api.w.org\/{rel}","templated":true}]}}