{"id":3472,"date":"2023-10-04T11:48:13","date_gmt":"2023-10-04T11:48:13","guid":{"rendered":"https:\/\/persimon.eu\/?page_id=3472"},"modified":"2025-09-26T11:38:12","modified_gmt":"2025-09-26T11:38:12","slug":"home-2023","status":"publish","type":"page","link":"https:\/\/persimon.eu\/de\/","title":{"rendered":"Home 2023"},"content":{"rendered":"<p>[et_pb_section fb_built=&#8220;1&#8243; custom_padding_last_edited=&#8220;on|phone&#8220; admin_label=&#8220;CONTENIDO&#8220; module_class=&#8220;ds-vertical-align&#8220; _builder_version=&#8220;4.27.2&#8243; background_color=&#8220;#00A4EB&#8220; background_image=&#8220;https:\/\/persimon.eu\/wp-content\/uploads\/2024\/10\/fondo-extendido-1.png&#8220; background_size=&#8220;custom&#8220; background_image_width=&#8220;100%&#8220; background_image_height=&#8220;60%&#8220; background_position=&#8220;bottom_center&#8220; width=&#8220;100%&#8220; module_alignment=&#8220;center&#8220; overflow-y=&#8220;hidden&#8220; custom_margin=&#8220;0px|0px|0px|0px|false|true&#8220; custom_padding_tablet=&#8220;&#8220; custom_padding_phone=&#8220;0px|0px|0px|0px|false|true&#8220; background_last_edited=&#8220;on|tablet&#8220; background_image_phone=&#8220;https:\/\/persimon.eu\/wp-content\/uploads\/2024\/10\/fondo-movil.png&#8220; background_enable_image_phone=&#8220;on&#8220; background_size_tablet=&#8220;contain&#8220; background_size_phone=&#8220;cover&#8220; background_image_width_tablet=&#8220;25%&#8220; background_image_height_tablet=&#8220;0%&#8220; background_position_phone=&#8220;bottom_center&#8220; background_vertical_offset_tablet=&#8220;0%&#8220; background_vertical_offset_phone=&#8220;0%&#8220; global_colors_info=&#8220;{}&#8220; custom_css_main_element_last_edited=&#8220;off|desktop&#8220; custom_css_main_element_phone=&#8220;z-index: 10;||top: 0;||left: 0;||position: absolute;||min-height: 120vh;||display: flex;||flex-direction: column;&#8220; custom_css_main_element_tablet=&#8220;z-index: 10;||top: 0;||left: 0;||position: absolute;||min-height: 100vh;||display: flex;||flex-direction: column;&#8220;][et_pb_row column_structure=&#8220;2_3,1_3&#8243; use_custom_gutter=&#8220;on&#8220; gutter_width=&#8220;1&#8243; make_equal=&#8220;on&#8220; _builder_version=&#8220;4.27.2&#8243; _module_preset=&#8220;default&#8220; custom_padding=&#8220;||30px||false|false&#8220; global_colors_info=&#8220;{}&#8220;][et_pb_column type=&#8220;2_3&#8243; _builder_version=&#8220;4.27.2&#8243; _module_preset=&#8220;default&#8220; global_colors_info=&#8220;{}&#8220;][et_pb_text admin_label=&#8220;H1&#8243; module_class=&#8220;kaki-titular&#8220; _builder_version=&#8220;4.27.2&#8243; header_font=&#8220;&#8211;et_global_heading_font||||||||&#8220; header_text_color=&#8220;#FFFFFF&#8220; header_font_size=&#8220;64px&#8220; header_letter_spacing=&#8220;-3px&#8220; header_line_height=&#8220;0.8em&#8220; custom_margin=&#8220;0px||0px||false|false&#8220; custom_padding=&#8220;30px||0px||false|false&#8220; custom_padding_tablet=&#8220;0px||||false|false&#8220; custom_padding_phone=&#8220;0px||0px||false|false&#8220; custom_padding_last_edited=&#8220;on|phone&#8220; header_font_size_tablet=&#8220;40px&#8220; header_font_size_phone=&#8220;32px&#8220; header_font_size_last_edited=&#8220;on|phone&#8220; global_colors_info=&#8220;{}&#8220;]<\/p>\n<h1>Gesch\u00fctzten Herkunftsbezeichnung Ribera del X\u00faquer<\/h1>\n<p>[\/et_pb_text][et_pb_text module_class=&#8220;bloqueTexto80&#8243; _builder_version=&#8220;4.27.2&#8243; text_text_color=&#8220;#FFFFFF&#8220; text_font_size=&#8220;18px&#8220; text_line_height=&#8220;1.2em&#8220; custom_margin=&#8220;0px||20px||false|false&#8220; custom_padding_tablet=&#8220;40px|50px|40px|50px|true|true&#8220; custom_padding_phone=&#8220;40px|20px|40px|20px|true|true&#8220; custom_padding_last_edited=&#8220;off|desktop&#8220; text_font_size_tablet=&#8220;14px&#8220; text_font_size_phone=&#8220;14px&#8220; text_font_size_last_edited=&#8220;on|phone&#8220; global_colors_info=&#8220;{}&#8220;]<\/p>\n<p>Wenn Sie auf diese Website gelangt sind, dann deshalb, weil Sie diese k\u00f6stliche Frucht schon probiert haben; falls dies noch nicht der Fall sein sollte, worauf warten Sie dann noch? Auf unserer Website werden Sie alles finden, was mit unseren Kakis mit der gesch\u00fctzten Herkunftsbezeichnung \u201eRibera del X\u00faquer\u201c zu tun hat. Begleiten Sie uns auf dieser Reise, auf der Sie erfahren werden, wer hinter unserer Ursprungsbezeichnung steht und was unsere Kakis so besonders macht. Dar\u00fcber hinaus stellen wir Ihnen viele Rezepte vor, die Ihnen dabei helfen werden, eine ebenso s\u00fc\u00dfe wie besondere Frucht wiederzuentdecken.<\/p>\n<p>[\/et_pb_text][\/et_pb_column][et_pb_column type=&#8220;1_3&#8243; _builder_version=&#8220;4.27.2&#8243; _module_preset=&#8220;default&#8220; global_colors_info=&#8220;{}&#8220;][et_pb_image src=&#8220;https:\/\/persimon.eu\/wp-content\/uploads\/2024\/10\/DOP.png&#8220; title_text=&#8220;gU&#8220; align_tablet=&#8220;center&#8220; align_phone=&#8220;center&#8220; align_last_edited=&#8220;on|tablet&#8220; disabled_on=&#8220;on|off|off&#8220; _builder_version=&#8220;4.27.2&#8243; _module_preset=&#8220;default&#8220; width=&#8220;30%&#8220; width_tablet=&#8220;20%&#8220; width_phone=&#8220;20%&#8220; width_last_edited=&#8220;on|tablet&#8220; global_colors_info=&#8220;{}&#8220;][\/et_pb_image][\/et_pb_column][\/et_pb_row][et_pb_row column_structure=&#8220;3_5,2_5&#8243; make_equal=&#8220;on&#8220; module_class=&#8220;movil_column_reverse&#8220; _builder_version=&#8220;4.27.2&#8243; z_index=&#8220;99&#8243; max_width=&#8220;2560px&#8220; custom_margin=&#8220;0px||0px||false|false&#8220; custom_padding=&#8220;0px||0px||false|false&#8220; global_colors_info=&#8220;{}&#8220;][et_pb_column type=&#8220;3_5&#8243; module_class=&#8220;ds-vertical-align img3dkaki_movil&#8220; _builder_version=&#8220;4.16&#8243; background_enable_image=&#8220;off&#8220; custom_css_main_element=&#8220;min-height: 200px;&#8220; global_colors_info=&#8220;{}&#8220;][\/et_pb_column][et_pb_column type=&#8220;2_5&#8243; module_class=&#8220;ds-vertical-align img3dkaki_movil&#8220; _builder_version=&#8220;4.16&#8243; background_enable_image=&#8220;off&#8220; custom_css_main_element=&#8220;min-height: 200px;&#8220; global_colors_info=&#8220;{}&#8220;][dsm_floating_multi_images floating_height=&#8220;400px&#8220; floating_effect=&#8220;left-right&#8220; floating_height_tablet=&#8220;350px&#8220; floating_height_phone=&#8220;350px&#8220; floating_height_last_edited=&#8220;on|phone&#8220; _builder_version=&#8220;4.27.2&#8243; _module_preset=&#8220;default&#8220; module_alignment=&#8220;right&#8220; global_colors_info=&#8220;{}&#8220;][dsm_floating_multi_images_child src=&#8220;https:\/\/persimon.eu\/wp-content\/uploads\/2024\/10\/kaki_campana_Europea_24-1.png&#8220; title_text=&#8220;kaki_campana_Europea_24 1&#8243; horizontal_align=&#8220;25%&#8220; vertical_align=&#8220;-20%&#8220; horizontal_align_tablet=&#8220;45%&#8220; horizontal_align_phone=&#8220;0%&#8220; horizontal_align_last_edited=&#8220;on|tablet&#8220; vertical_align_tablet=&#8220;3%&#8220; vertical_align_phone=&#8220;-5%&#8220; vertical_align_last_edited=&#8220;on|desktop&#8220; _builder_version=&#8220;4.27.2&#8243; _module_preset=&#8220;default&#8220; max_width=&#8220;100%&#8220; max_width_tablet=&#8220;100%&#8220; max_width_phone=&#8220;100%&#8220; max_width_last_edited=&#8220;on|desktop&#8220; module_alignment=&#8220;center&#8220; global_colors_info=&#8220;{}&#8220;][\/dsm_floating_multi_images_child][\/dsm_floating_multi_images][\/et_pb_column][\/et_pb_row][\/et_pb_section][et_pb_section fb_built=&#8220;1&#8243; _builder_version=&#8220;4.27.2&#8243; _module_preset=&#8220;default&#8220; custom_margin=&#8220;0px||0px||true|false&#8220; custom_padding=&#8220;0px||0px||false|false&#8220; global_colors_info=&#8220;{}&#8220;][et_pb_row _builder_version=&#8220;4.27.2&#8243; _module_preset=&#8220;default&#8220; z_index=&#8220;99&#8243; width=&#8220;90%&#8220; custom_margin=&#8220;0px||0px||true|false&#8220; custom_padding=&#8220;20px||0px||false|false&#8220; global_colors_info=&#8220;{}&#8220;][et_pb_column type=&#8220;4_4&#8243; _builder_version=&#8220;4.22.2&#8243; _module_preset=&#8220;default&#8220; global_colors_info=&#8220;{}&#8220;][et_pb_text _builder_version=&#8220;4.27.2&#8243; _module_preset=&#8220;default&#8220; header_letter_spacing=&#8220;-3px&#8220; header_2_font=&#8220;&#8211;et_global_heading_font|900||on|||||&#8220; header_2_text_align=&#8220;center&#8220; header_2_text_color=&#8220;#FFFFFF&#8220; header_2_font_size=&#8220;110px&#8220; header_2_letter_spacing=&#8220;-4px&#8220; header_2_line_height=&#8220;0.3em&#8220; background_image=&#8220;https:\/\/persimon.eu\/wp-content\/uploads\/2024\/10\/Actualidad-fondo-scaled.jpg&#8220; custom_margin=&#8220;||0px||false|false&#8220; custom_padding=&#8220;40px||0px||false|false&#8220; custom_padding_tablet=&#8220;40px||0px||false|false&#8220; custom_padding_phone=&#8220;60px||0px||false|false&#8220; custom_padding_last_edited=&#8220;on|phone&#8220; hover_enabled=&#8220;0&#8243; header_2_font_size_tablet=&#8220;64px&#8220; header_2_font_size_phone=&#8220;48px&#8220; header_2_font_size_last_edited=&#8220;on|desktop&#8220; border_radii=&#8220;on|10px|10px|10px|10px&#8220; global_colors_info=&#8220;{}&#8220; sticky_enabled=&#8220;0&#8243;]<\/p>\n<h2>Nachricht<\/h2>\n<p>[\/et_pb_text][\/et_pb_column][\/et_pb_row][et_pb_row _builder_version=&#8220;4.27.2&#8243; _module_preset=&#8220;default&#8220; z_index=&#8220;99&#8243; width=&#8220;90%&#8220; custom_margin=&#8220;0px||0px||true|false&#8220; custom_padding=&#8220;20px||20px||false|false&#8220; global_colors_info=&#8220;{}&#8220;][et_pb_column type=&#8220;4_4&#8243; _builder_version=&#8220;4.22.2&#8243; _module_preset=&#8220;default&#8220; global_colors_info=&#8220;{}&#8220;][et_pb_de_mach_archive_loop post_type_choose=&#8220;post&#8220; loop_layout=&#8220;4233&#8243; posts_number=&#8220;3&#8243; order_asc_desc=&#8220;DESC&#8220; equal_height=&#8220;on&#8220; columns=&#8220;3&#8243; excerpt_length=&#8220;60&#8243; _builder_version=&#8220;4.27.2&#8243; _module_preset=&#8220;default&#8220; custom_margin=&#8220;||0px||false|false&#8220; custom_padding=&#8220;||0px||false|false&#8220; hover_enabled=&#8220;0&#8243; global_colors_info=&#8220;{}&#8220; sticky_enabled=&#8220;0&#8243;][\/et_pb_de_mach_archive_loop][et_pb_button button_url=&#8220;https:\/\/persimon.eu\/de\/actualidad-de\/&#8220; button_text=&#8220;Mehr anzeigen&#8220; button_alignment=&#8220;center&#8220; _builder_version=&#8220;4.27.2&#8243; _module_preset=&#8220;default&#8220; custom_button=&#8220;on&#8220; button_text_color=&#8220;#000000&#8243; button_bg_color=&#8220;#FFFFFF&#8220; button_border_width=&#8220;1px&#8220; button_border_color=&#8220;#000000&#8243; button_border_radius=&#8220;10px&#8220; button_font=&#8220;Neue Montreal Regular|||on|||||&#8220; custom_margin=&#8220;0px||||false|false&#8220; custom_padding=&#8220;||||false|false&#8220; global_colors_info=&#8220;{}&#8220; button_text_color__hover_enabled=&#8220;on|hover&#8220; button_text_color__hover=&#8220;#FFFFFF&#8220; button_bg_color__hover_enabled=&#8220;on|desktop&#8220; button_bg_color__hover=&#8220;#000000&#8243; button_bg_enable_color__hover=&#8220;on&#8220;][\/et_pb_button][\/et_pb_column][\/et_pb_row][\/et_pb_section]<\/p>\n","protected":false},"excerpt":{"rendered":"<p>Gesch\u00fctzten Herkunftsbezeichnung Ribera del X\u00faquerWenn Sie auf diese Website gelangt sind, dann deshalb, weil Sie diese k\u00f6stliche Frucht schon probiert haben; falls dies noch nicht der Fall sein sollte, worauf warten Sie dann noch? Auf unserer Website werden Sie alles finden, was mit unseren Kakis mit der gesch\u00fctzten Herkunftsbezeichnung \u201eRibera del X\u00faquer\u201c zu tun hat. Begleiten Sie uns auf dieser Reise, auf der Sie erfahren werden, wer hinter unserer Ursprungsbezeichnung steht und was unsere Kakis so besonders macht. Dar\u00fcber hinaus stellen wir Ihnen viele Rezepte vor, die Ihnen dabei helfen werden, eine ebenso s\u00fc\u00dfe wie besondere Frucht wiederzuentdecken.<div class=\"et_pb_module dsm_floating_multi_images dsm_floating_multi_images_0\">\n\t\t\t\t\n\t\t\t\t\n\t\t\t\t\n\t\t\t\t\n\t\t\t\t\n\t\t\t\t\n\t\t\t\t<div class=\"et_pb_module_inner\">\n\t\t\t\t\t<div class=\"dsm_floating_multi_images_container\"><div class=\"et_pb_module dsm_floating_multi_images_child dsm_floating_multi_images_child_0\">\n\t\t\t\t\n\t\t\t\t\n\t\t\t\t\n\t\t\t\t\n\t\t\t\t\n\t\t\t\t\n\t\t\t\t<div class=\"et_pb_module_inner\">\n\t\t\t\t\t<img decoding=\"async\" src=\"https:\/\/persimon.eu\/wp-content\/uploads\/2024\/10\/kaki_campana_Europea_24-1.png\" alt=\"\" title=\"kaki_campana_Europea_24 1\" id=\"\" srcset=\"https:\/\/persimon.eu\/wp-content\/uploads\/2024\/10\/kaki_campana_Europea_24-1.png 852w, https:\/\/persimon.eu\/wp-content\/uploads\/2024\/10\/kaki_campana_Europea_24-1-480x552.png 480w\" sizes=\"(min-width: 0px) and (max-width: 480px) 480px, (min-width: 481px) 852px, 100vw\" class=\"\" \/>\n\t\t\t\t<\/div>\n\t\t\t<\/div><\/div>\n\t\t\t\t<\/div>\n\t\t\t<\/div>Nachricht<\/p>\n","protected":false},"author":1,"featured_media":0,"parent":0,"menu_order":0,"comment_status":"closed","ping_status":"closed","template":"","meta":{"_acf_changed":false,"_et_pb_use_builder":"on","_et_pb_old_content":"","_et_gb_content_width":"","footnotes":""},"class_list":["post-3472","page","type-page","status-publish","hentry"],"acf":[],"yoast_head":"<!-- This site is optimized with the Yoast SEO plugin v27.1.1 - https:\/\/yoast.com\/product\/yoast-seo-wordpress\/ -->\n<title>DOP Kaki Ribera del X\u00faquer<\/title>\n<meta name=\"description\" content=\"Wenn Sie auf diese Website gelangt sind, dann deshalb, weil Sie diese k\u00f6stliche Frucht schon probiert haben; falls dies noch nicht der Fall sein sollte, worauf warten Sie dann noch?\" \/>\n<meta name=\"robots\" content=\"index, follow, max-snippet:-1, max-image-preview:large, max-video-preview:-1\" \/>\n<link rel=\"canonical\" href=\"https:\/\/persimon.eu\/de\/\" \/>\n<meta property=\"og:locale\" content=\"de_DE\" \/>\n<meta property=\"og:type\" content=\"article\" \/>\n<meta property=\"og:title\" content=\"Kaki Persimon\u00ae\" \/>\n<meta property=\"og:description\" content=\"Willkommen in der faszinierenden Welt der Kaki Persimon\u00ae. Auf unserer Website werden Sie alles finden, was mit unseren Kakis mit der gesch\u00fctzten Herkunftsbezeichnung \u201eRibera del X\u00faquer\u201c zu tun hat. Begleiten Sie uns auf dieser Reise, auf der Sie erfahren werden, wer hinter unserer Ursprungsbezeichnung steht und was unsere Kakis so besonders macht. Dar\u00fcber hinaus stellen wir Ihnen viele Rezepte vor, die Ihnen dabei helfen werden, eine ebenso s\u00fc\u00dfe wie besondere Frucht wiederzuentdecken.\" \/>\n<meta property=\"og:site_name\" content=\"DOP Kaki Ribera del X\u00faquer\" \/>\n<meta property=\"article:publisher\" content=\"https:\/\/www.facebook.com\/kakipersimonDOP\/\" \/>\n<meta property=\"article:modified_time\" content=\"2025-09-26T11:38:12+00:00\" \/>\n<meta property=\"og:image\" content=\"https:\/\/persimon.eu\/wp-content\/uploads\/2019\/10\/kaki-fb.png\" \/>\n\t<meta property=\"og:image:width\" content=\"1200\" \/>\n\t<meta property=\"og:image:height\" content=\"630\" \/>\n\t<meta property=\"og:image:type\" content=\"image\/png\" \/>\n<meta name=\"twitter:card\" content=\"summary_large_image\" \/>\n<meta name=\"twitter:title\" content=\"Kaki Persimon\u00ae\" \/>\n<meta name=\"twitter:description\" content=\"Willkommen in der faszinierenden Welt der Kaki Persimon\u00ae. Auf unserer Website werden Sie alles finden, was mit unseren Kakis mit der gesch\u00fctzten Herkunftsbezeichnung \u201eRibera del X\u00faquer\u201c zu tun hat. Begleiten Sie uns auf dieser Reise, auf der Sie erfahren werden, wer hinter unserer Ursprungsbezeichnung steht und was unsere Kakis so besonders macht. Dar\u00fcber hinaus stellen wir Ihnen viele Rezepte vor, die Ihnen dabei helfen werden, eine ebenso s\u00fc\u00dfe wie besondere Frucht wiederzuentdecken.\" \/>\n<meta name=\"twitter:image\" content=\"https:\/\/persimon.eu\/wp-content\/uploads\/2019\/10\/kaki-tw.png\" \/>\n<meta name=\"twitter:label1\" content=\"Gesch\u00e4tzte Lesezeit\" \/>\n\t<meta name=\"twitter:data1\" content=\"6\u00a0Minuten\" \/>\n<script type=\"application\/ld+json\" class=\"yoast-schema-graph\">{\"@context\":\"https:\/\/schema.org\",\"@graph\":[{\"@type\":\"WebPage\",\"@id\":\"https:\/\/persimon.eu\/de\/\",\"url\":\"https:\/\/persimon.eu\/de\/\",\"name\":\"DOP Kaki Ribera del X\u00faquer\",\"isPartOf\":{\"@id\":\"https:\/\/persimon.eu\/de\/#website\"},\"datePublished\":\"2023-10-04T11:48:13+00:00\",\"dateModified\":\"2025-09-26T11:38:12+00:00\",\"description\":\"Wenn Sie auf diese Website gelangt sind, dann deshalb, weil Sie diese k\u00f6stliche Frucht schon probiert haben; falls dies noch nicht der Fall sein sollte, worauf warten Sie dann noch?\",\"breadcrumb\":{\"@id\":\"https:\/\/persimon.eu\/de\/#breadcrumb\"},\"inLanguage\":\"de\",\"potentialAction\":[{\"@type\":\"ReadAction\",\"target\":[\"https:\/\/persimon.eu\/de\/\"]}]},{\"@type\":\"BreadcrumbList\",\"@id\":\"https:\/\/persimon.eu\/de\/#breadcrumb\",\"itemListElement\":[{\"@type\":\"ListItem\",\"position\":1,\"name\":\"Inicio\",\"item\":\"https:\/\/persimon.eu\/de\/\"},{\"@type\":\"ListItem\",\"position\":2,\"name\":\"Home 2023\"}]},{\"@type\":\"WebSite\",\"@id\":\"https:\/\/persimon.eu\/de\/#website\",\"url\":\"https:\/\/persimon.eu\/de\/\",\"name\":\"DOP Kaki Ribera del X\u00faquer\",\"description\":\"En nuestra web descubrir\u00e1s todo lo que rodea a nuestros kakis con D.O.P. Ribera del X\u00faquer.\",\"publisher\":{\"@id\":\"https:\/\/persimon.eu\/de\/#organization\"},\"potentialAction\":[{\"@type\":\"SearchAction\",\"target\":{\"@type\":\"EntryPoint\",\"urlTemplate\":\"https:\/\/persimon.eu\/de\/?s={search_term_string}\"},\"query-input\":{\"@type\":\"PropertyValueSpecification\",\"valueRequired\":true,\"valueName\":\"search_term_string\"}}],\"inLanguage\":\"de\"},{\"@type\":\"Organization\",\"@id\":\"https:\/\/persimon.eu\/de\/#organization\",\"name\":\"D.O.P Kaki Ribera del X\u00faquer\",\"url\":\"https:\/\/persimon.eu\/de\/\",\"logo\":{\"@type\":\"ImageObject\",\"inLanguage\":\"de\",\"@id\":\"https:\/\/persimon.eu\/de\/#\/schema\/logo\/image\/\",\"url\":\"https:\/\/persimon.eu\/wp-content\/uploads\/2019\/09\/logo-dop-kaki.png\",\"contentUrl\":\"https:\/\/persimon.eu\/wp-content\/uploads\/2019\/09\/logo-dop-kaki.png\",\"width\":227,\"height\":227,\"caption\":\"D.O.P Kaki Ribera del X\u00faquer\"},\"image\":{\"@id\":\"https:\/\/persimon.eu\/de\/#\/schema\/logo\/image\/\"},\"sameAs\":[\"https:\/\/www.facebook.com\/kakipersimonDOP\/\",\"https:\/\/www.instagram.com\/kakipersimon_\/\",\"https:\/\/www.youtube.com\/channel\/UC7Jcl7rqySAcWf0V1axJ7Bg\"]}]}<\/script>\n<!-- \/ Yoast SEO plugin. -->","yoast_head_json":{"title":"DOP Kaki Ribera del X\u00faquer","description":"Wenn Sie auf diese Website gelangt sind, dann deshalb, weil Sie diese k\u00f6stliche Frucht schon probiert haben; falls dies noch nicht der Fall sein sollte, worauf warten Sie dann noch?","robots":{"index":"index","follow":"follow","max-snippet":"max-snippet:-1","max-image-preview":"max-image-preview:large","max-video-preview":"max-video-preview:-1"},"canonical":"https:\/\/persimon.eu\/de\/","og_locale":"de_DE","og_type":"article","og_title":"Kaki Persimon\u00ae","og_description":"Willkommen in der faszinierenden Welt der Kaki Persimon\u00ae. Auf unserer Website werden Sie alles finden, was mit unseren Kakis mit der gesch\u00fctzten Herkunftsbezeichnung \u201eRibera del X\u00faquer\u201c zu tun hat. Begleiten Sie uns auf dieser Reise, auf der Sie erfahren werden, wer hinter unserer Ursprungsbezeichnung steht und was unsere Kakis so besonders macht. Dar\u00fcber hinaus stellen wir Ihnen viele Rezepte vor, die Ihnen dabei helfen werden, eine ebenso s\u00fc\u00dfe wie besondere Frucht wiederzuentdecken.","og_site_name":"DOP Kaki Ribera del X\u00faquer","article_publisher":"https:\/\/www.facebook.com\/kakipersimonDOP\/","article_modified_time":"2025-09-26T11:38:12+00:00","og_image":[{"width":1200,"height":630,"url":"https:\/\/persimon.eu\/wp-content\/uploads\/2019\/10\/kaki-fb.png","type":"image\/png"}],"twitter_card":"summary_large_image","twitter_title":"Kaki Persimon\u00ae","twitter_description":"Willkommen in der faszinierenden Welt der Kaki Persimon\u00ae. Auf unserer Website werden Sie alles finden, was mit unseren Kakis mit der gesch\u00fctzten Herkunftsbezeichnung \u201eRibera del X\u00faquer\u201c zu tun hat. Begleiten Sie uns auf dieser Reise, auf der Sie erfahren werden, wer hinter unserer Ursprungsbezeichnung steht und was unsere Kakis so besonders macht. Dar\u00fcber hinaus stellen wir Ihnen viele Rezepte vor, die Ihnen dabei helfen werden, eine ebenso s\u00fc\u00dfe wie besondere Frucht wiederzuentdecken.","twitter_image":"https:\/\/persimon.eu\/wp-content\/uploads\/2019\/10\/kaki-tw.png","twitter_misc":{"Gesch\u00e4tzte Lesezeit":"6\u00a0Minuten"},"schema":{"@context":"https:\/\/schema.org","@graph":[{"@type":"WebPage","@id":"https:\/\/persimon.eu\/de\/","url":"https:\/\/persimon.eu\/de\/","name":"DOP Kaki Ribera del X\u00faquer","isPartOf":{"@id":"https:\/\/persimon.eu\/de\/#website"},"datePublished":"2023-10-04T11:48:13+00:00","dateModified":"2025-09-26T11:38:12+00:00","description":"Wenn Sie auf diese Website gelangt sind, dann deshalb, weil Sie diese k\u00f6stliche Frucht schon probiert haben; falls dies noch nicht der Fall sein sollte, worauf warten Sie dann noch?","breadcrumb":{"@id":"https:\/\/persimon.eu\/de\/#breadcrumb"},"inLanguage":"de","potentialAction":[{"@type":"ReadAction","target":["https:\/\/persimon.eu\/de\/"]}]},{"@type":"BreadcrumbList","@id":"https:\/\/persimon.eu\/de\/#breadcrumb","itemListElement":[{"@type":"ListItem","position":1,"name":"Inicio","item":"https:\/\/persimon.eu\/de\/"},{"@type":"ListItem","position":2,"name":"Home 2023"}]},{"@type":"WebSite","@id":"https:\/\/persimon.eu\/de\/#website","url":"https:\/\/persimon.eu\/de\/","name":"DOP Kaki Ribera del X\u00faquer","description":"En nuestra web descubrir\u00e1s todo lo que rodea a nuestros kakis con D.O.P. Ribera del X\u00faquer.","publisher":{"@id":"https:\/\/persimon.eu\/de\/#organization"},"potentialAction":[{"@type":"SearchAction","target":{"@type":"EntryPoint","urlTemplate":"https:\/\/persimon.eu\/de\/?s={search_term_string}"},"query-input":{"@type":"PropertyValueSpecification","valueRequired":true,"valueName":"search_term_string"}}],"inLanguage":"de"},{"@type":"Organization","@id":"https:\/\/persimon.eu\/de\/#organization","name":"D.O.P Kaki Ribera del X\u00faquer","url":"https:\/\/persimon.eu\/de\/","logo":{"@type":"ImageObject","inLanguage":"de","@id":"https:\/\/persimon.eu\/de\/#\/schema\/logo\/image\/","url":"https:\/\/persimon.eu\/wp-content\/uploads\/2019\/09\/logo-dop-kaki.png","contentUrl":"https:\/\/persimon.eu\/wp-content\/uploads\/2019\/09\/logo-dop-kaki.png","width":227,"height":227,"caption":"D.O.P Kaki Ribera del X\u00faquer"},"image":{"@id":"https:\/\/persimon.eu\/de\/#\/schema\/logo\/image\/"},"sameAs":["https:\/\/www.facebook.com\/kakipersimonDOP\/","https:\/\/www.instagram.com\/kakipersimon_\/","https:\/\/www.youtube.com\/channel\/UC7Jcl7rqySAcWf0V1axJ7Bg"]}]}},"_links":{"self":[{"href":"https:\/\/persimon.eu\/de\/wp-json\/wp\/v2\/pages\/3472","targetHints":{"allow":["GET"]}}],"collection":[{"href":"https:\/\/persimon.eu\/de\/wp-json\/wp\/v2\/pages"}],"about":[{"href":"https:\/\/persimon.eu\/de\/wp-json\/wp\/v2\/types\/page"}],"author":[{"embeddable":true,"href":"https:\/\/persimon.eu\/de\/wp-json\/wp\/v2\/users\/1"}],"replies":[{"embeddable":true,"href":"https:\/\/persimon.eu\/de\/wp-json\/wp\/v2\/comments?post=3472"}],"version-history":[{"count":7,"href":"https:\/\/persimon.eu\/de\/wp-json\/wp\/v2\/pages\/3472\/revisions"}],"predecessor-version":[{"id":4523,"href":"https:\/\/persimon.eu\/de\/wp-json\/wp\/v2\/pages\/3472\/revisions\/4523"}],"wp:attachment":[{"href":"https:\/\/persimon.eu\/de\/wp-json\/wp\/v2\/media?parent=3472"}],"curies":[{"name":"wp","href":"https:\/\/api.w.org\/{rel}","templated":true}]}}