{"id":1823,"date":"2019-11-26T11:53:36","date_gmt":"2019-11-26T11:53:36","guid":{"rendered":"https:\/\/persimon.eu\/frequent-questions\/"},"modified":"2019-11-29T09:29:12","modified_gmt":"2019-11-29T09:29:12","slug":"frequent-questions","status":"publish","type":"page","link":"https:\/\/persimon.eu\/en\/frequent-questions\/","title":{"rendered":"Frequent questions"},"content":{"rendered":"<p>[et_pb_section fb_built=&#8221;1&#8243; admin_label=&#8221;IMAGEN FONDO&#8221; _builder_version=&#8221;3.29.3&#8243; background_color=&#8221;rgba(0,0,0,0)&#8221; custom_padding=&#8221;0px||0px||false|false&#8221; custom_css_main_element=&#8221;min-height: 100vh;||display: flex;||flex-direction: column;||z-index: 9;||margin-top: -70px;&#8221;][et_pb_row column_structure=&#8221;1_3,2_3&#8243; _builder_version=&#8221;4.0.6&#8243; background_enable_image=&#8221;off&#8221; width=&#8221;100%&#8221; max_width=&#8221;2560px&#8221; hover_enabled=&#8221;0&#8243; custom_css_main_element=&#8221;padding: 0 0;||margin: 0 0;&#8221;][et_pb_column type=&#8221;1_3&#8243; _builder_version=&#8221;3.29.3&#8243; custom_css_main_element=&#8221;margin: 0;&#8221;][et_pb_divider divider_style=&#8221;none&#8221; _builder_version=&#8221;3.29.3&#8243; height=&#8221;1px&#8221; max_height=&#8221;1000px&#8221; custom_margin=&#8221;0px||0px||false|false&#8221;][\/et_pb_divider][\/et_pb_column][et_pb_column type=&#8221;2_3&#8243; _builder_version=&#8221;4.0.6&#8243; background_color=&#8221;rgba(0,0,0,0)&#8221; background_image=&#8221;https:\/\/persimon.eu\/wp-content\/uploads\/2019\/11\/faq.jpg&#8221; hover_enabled=&#8221;0&#8243;][et_pb_divider divider_style=&#8221;none&#8221; module_class=&#8221;fullHeight&#8221; _builder_version=&#8221;3.29.3&#8243; custom_margin=&#8221;0px||0px||false|false&#8221;][\/et_pb_divider][\/et_pb_column][\/et_pb_row][\/et_pb_section][et_pb_section fb_built=&#8221;1&#8243; admin_label=&#8221;CONTENIDO&#8221; _builder_version=&#8221;3.29.3&#8243; background_color=&#8221;rgba(0,0,0,0)&#8221; custom_margin=&#8221;||||false|false&#8221; custom_css_main_element=&#8221;z-index: 10;||top: 0;||left: 0;||position: absolute;||min-height: 100vh;||display: flex;||flex-direction: column;||width: 100%;&#8221;][et_pb_row make_equal=&#8221;on&#8221; disabled_on=&#8221;off|off|off&#8221; admin_label=&#8221;ROW BREADCRUMBS&#8221; _builder_version=&#8221;3.29.3&#8243; max_width=&#8221;2560px&#8221; custom_margin=&#8221;0px||0px||false|false&#8221; custom_padding=&#8221;0px||0px||false|false&#8221;][et_pb_column type=&#8221;4_4&#8243; _builder_version=&#8221;3.29.3&#8243;][et_pb_divider divider_style=&#8221;none&#8221; admin_label=&#8221;separadorTitular&#8221; module_class=&#8221;separadorTitular&#8221; _builder_version=&#8221;3.29.3&#8243; custom_margin=&#8221;0px||0px||false|false&#8221;][\/et_pb_divider][et_pb_code disabled_on=&#8221;on|on|off&#8221; admin_label=&#8221;Breadcrumbs&#8221; _builder_version=&#8221;3.29.3&#8243; custom_margin=&#8221;0px||0px||true|false&#8221;]<p id=\"breadcrumbs\"><span><span><a href=\"https:\/\/persimon.eu\/en\/\">Home<\/a><\/span><\/span><\/p>[\/et_pb_code][et_pb_divider divider_style=&#8221;none&#8221; disabled_on=&#8221;on|on|off&#8221; _builder_version=&#8221;3.29.3&#8243; height=&#8221;40px&#8221; custom_margin=&#8221;0px||0px||false|false&#8221;][\/et_pb_divider][\/et_pb_column][\/et_pb_row][et_pb_row column_structure=&#8221;2_5,3_5&#8243; make_equal=&#8221;on&#8221; _builder_version=&#8221;3.29.3&#8243; max_width=&#8221;2560px&#8221; custom_margin=&#8221;0px||0px||false|false&#8221; custom_padding=&#8221;0px||0px||false|false&#8221;][et_pb_column type=&#8221;2_5&#8243; _builder_version=&#8221;3.29.3&#8243;][et_pb_text module_class=&#8221;kaki-titular&#8221; _builder_version=&#8221;3.29.3&#8243; header_font_size=&#8221;60px&#8221; custom_margin=&#8221;||0px||false|false&#8221; custom_padding=&#8221;|50px||50px|false|true&#8221;]<\/p>\n<h1><span lang=\"EN-GB\">Frequent questions<\/span><\/h1>\n<p>[\/et_pb_text][et_pb_text module_class=&#8221;bloqueTexto80&#8243; _builder_version=&#8221;3.29.3&#8243; custom_margin=&#8221;0px||||false|false&#8221; custom_padding=&#8221;40px|50px|40px|50px|true|true&#8221;]What is the Persimon\u00ae kaki? How do I identify a Persimon\u00ae kaki? These are questions that are sure to pop up. Well, you&#8217;re in the right place, because all your questions about Persimon\u00ae kakis are answered here. And if you still have any doubts, all you have to do is try one. In just one bite all your questions will simply disappear. But if not, don&#8217;t hesitate to contact us for more. We&#8217;ll be happy to help you.[\/et_pb_text][\/et_pb_column][et_pb_column type=&#8221;3_5&#8243; _builder_version=&#8221;3.29.3&#8243; background_enable_image=&#8221;off&#8221;][et_pb_divider divider_style=&#8221;none&#8221; _builder_version=&#8221;3.29.3&#8243; height=&#8221;1px&#8221; max_height=&#8221;1000px&#8221; custom_margin=&#8221;0px||0px||false|false&#8221;][\/et_pb_divider][\/et_pb_column][\/et_pb_row][et_pb_row column_structure=&#8221;2_3,1_3&#8243; _builder_version=&#8221;3.29.3&#8243; max_width=&#8221;2560px&#8221; custom_margin=&#8221;0px||0px||false|false&#8221; custom_padding=&#8221;0px||0px||false|false&#8221;][et_pb_column type=&#8221;2_3&#8243; _builder_version=&#8221;3.29.3&#8243;][et_pb_text admin_label=&#8221;SubMenu-el-kaki&#8221; module_class=&#8221;submenu&#8221; _builder_version=&#8221;3.29.3&#8243; custom_margin=&#8221;||||false|false&#8221; custom_padding=&#8221;40px|50px|40px|50px|false|false&#8221;]<\/p>\n<ul>\n<li><a title=\"El Kaki\" href=\"https:\/\/persimon.eu\/en\/frequent-questions\/the-kaki\/\">El Kaki<\/a><\/li>\n<li><a title=\"D.O.P. Ribera del X\u00faquer\" href=\"https:\/\/persimon.eu\/en\/frequent-questions\/d-o-p-ribera-del-xuquer-faqs\/\">D.O.P. Ribera del X\u00faquer<\/a><\/li>\n<\/ul>\n<p>&nbsp;[\/et_pb_text][\/et_pb_column][et_pb_column type=&#8221;1_3&#8243; _builder_version=&#8221;3.29.3&#8243; background_enable_image=&#8221;off&#8221;][et_pb_divider divider_style=&#8221;none&#8221; _builder_version=&#8221;3.29.3&#8243; height=&#8221;1px&#8221; max_height=&#8221;1000px&#8221; custom_margin=&#8221;0px||0px||false|false&#8221;][\/et_pb_divider][\/et_pb_column][\/et_pb_row][\/et_pb_section]<\/p>\n","protected":false},"excerpt":{"rendered":"<p><p id=\"breadcrumbs\"><span><span><a href=\"https:\/\/persimon.eu\/en\/\">Home<\/a><\/span><\/span><\/p>Frequent questionsWhat is the Persimon\u00ae kaki? How do I identify a Persimon\u00ae kaki? These are questions that are sure to pop up. Well, you&#8217;re in the right place, because all your questions about Persimon\u00ae kakis are answered here. And if you still have any doubts, all you have to do is try one. In just one bite all your questions will simply disappear. But if not, don&#8217;t hesitate to contact us for more. We&#8217;ll be happy to help you. El Kaki D.O.P. Ribera del X\u00faquer &nbsp;<\/p>\n","protected":false},"author":1,"featured_media":0,"parent":0,"menu_order":0,"comment_status":"closed","ping_status":"closed","template":"","meta":{"_acf_changed":false,"_et_pb_use_builder":"on","_et_pb_old_content":"","_et_gb_content_width":"","footnotes":""},"class_list":["post-1823","page","type-page","status-publish","hentry"],"acf":[],"yoast_head":"<!-- This site is optimized with the Yoast SEO plugin v27.1.1 - https:\/\/yoast.com\/product\/yoast-seo-wordpress\/ -->\n<title>Frequent questions - DOP Kaki Ribera del X\u00faquer<\/title>\n<meta name=\"robots\" content=\"index, follow, max-snippet:-1, max-image-preview:large, max-video-preview:-1\" \/>\n<link rel=\"canonical\" href=\"https:\/\/persimon.eu\/en\/frequent-questions\/\" \/>\n<meta property=\"og:locale\" content=\"en_US\" \/>\n<meta property=\"og:type\" content=\"article\" \/>\n<meta property=\"og:title\" content=\"Frequent questions - DOP Kaki Ribera del X\u00faquer\" \/>\n<meta property=\"og:description\" content=\"Frequent questionsWhat is the Persimon\u00ae kaki? How do I identify a Persimon\u00ae kaki? These are questions that are sure to pop up. Well, you&#039;re in the right place, because all your questions about Persimon\u00ae kakis are answered here. And if you still have any doubts, all you have to do is try one. In just one bite all your questions will simply disappear. But if not, don&#039;t hesitate to contact us for more. We&#039;ll be happy to help you. El Kaki D.O.P. Ribera del X\u00faquer &nbsp;\" \/>\n<meta property=\"og:site_name\" content=\"DOP Kaki Ribera del X\u00faquer\" \/>\n<meta property=\"article:publisher\" content=\"https:\/\/www.facebook.com\/kakipersimonDOP\/\" \/>\n<meta property=\"article:modified_time\" content=\"2019-11-29T09:29:12+00:00\" \/>\n<meta name=\"twitter:card\" content=\"summary_large_image\" \/>\n<meta name=\"twitter:label1\" content=\"Est. reading time\" \/>\n\t<meta name=\"twitter:data1\" content=\"3 minutes\" \/>\n<script type=\"application\/ld+json\" class=\"yoast-schema-graph\">{\"@context\":\"https:\/\/schema.org\",\"@graph\":[{\"@type\":\"WebPage\",\"@id\":\"https:\/\/persimon.eu\/en\/frequent-questions\/\",\"url\":\"https:\/\/persimon.eu\/en\/frequent-questions\/\",\"name\":\"Frequent questions - DOP Kaki Ribera del X\u00faquer\",\"isPartOf\":{\"@id\":\"https:\/\/persimon.eu\/en\/#website\"},\"datePublished\":\"2019-11-26T11:53:36+00:00\",\"dateModified\":\"2019-11-29T09:29:12+00:00\",\"breadcrumb\":{\"@id\":\"https:\/\/persimon.eu\/en\/frequent-questions\/#breadcrumb\"},\"inLanguage\":\"en-US\",\"potentialAction\":[{\"@type\":\"ReadAction\",\"target\":[\"https:\/\/persimon.eu\/en\/frequent-questions\/\"]}]},{\"@type\":\"BreadcrumbList\",\"@id\":\"https:\/\/persimon.eu\/en\/frequent-questions\/#breadcrumb\",\"itemListElement\":[{\"@type\":\"ListItem\",\"position\":1,\"name\":\"Home\",\"item\":\"https:\/\/persimon.eu\/en\/\"},{\"@type\":\"ListItem\",\"position\":2,\"name\":\"Frequent questions\"}]},{\"@type\":\"WebSite\",\"@id\":\"https:\/\/persimon.eu\/en\/#website\",\"url\":\"https:\/\/persimon.eu\/en\/\",\"name\":\"DOP Kaki Ribera del X\u00faquer\",\"description\":\"En nuestra web descubrir\u00e1s todo lo que rodea a nuestros kakis con D.O.P. Ribera del X\u00faquer.\",\"publisher\":{\"@id\":\"https:\/\/persimon.eu\/en\/#organization\"},\"potentialAction\":[{\"@type\":\"SearchAction\",\"target\":{\"@type\":\"EntryPoint\",\"urlTemplate\":\"https:\/\/persimon.eu\/en\/?s={search_term_string}\"},\"query-input\":{\"@type\":\"PropertyValueSpecification\",\"valueRequired\":true,\"valueName\":\"search_term_string\"}}],\"inLanguage\":\"en-US\"},{\"@type\":\"Organization\",\"@id\":\"https:\/\/persimon.eu\/en\/#organization\",\"name\":\"D.O.P Kaki Ribera del X\u00faquer\",\"url\":\"https:\/\/persimon.eu\/en\/\",\"logo\":{\"@type\":\"ImageObject\",\"inLanguage\":\"en-US\",\"@id\":\"https:\/\/persimon.eu\/en\/#\/schema\/logo\/image\/\",\"url\":\"https:\/\/persimon.eu\/wp-content\/uploads\/2019\/09\/logo-dop-kaki.png\",\"contentUrl\":\"https:\/\/persimon.eu\/wp-content\/uploads\/2019\/09\/logo-dop-kaki.png\",\"width\":227,\"height\":227,\"caption\":\"D.O.P Kaki Ribera del X\u00faquer\"},\"image\":{\"@id\":\"https:\/\/persimon.eu\/en\/#\/schema\/logo\/image\/\"},\"sameAs\":[\"https:\/\/www.facebook.com\/kakipersimonDOP\/\",\"https:\/\/www.instagram.com\/kakipersimon_\/\",\"https:\/\/www.youtube.com\/channel\/UC7Jcl7rqySAcWf0V1axJ7Bg\"]}]}<\/script>\n<!-- \/ Yoast SEO plugin. -->","yoast_head_json":{"title":"Frequent questions - DOP Kaki Ribera del X\u00faquer","robots":{"index":"index","follow":"follow","max-snippet":"max-snippet:-1","max-image-preview":"max-image-preview:large","max-video-preview":"max-video-preview:-1"},"canonical":"https:\/\/persimon.eu\/en\/frequent-questions\/","og_locale":"en_US","og_type":"article","og_title":"Frequent questions - DOP Kaki Ribera del X\u00faquer","og_description":"Frequent questionsWhat is the Persimon\u00ae kaki? How do I identify a Persimon\u00ae kaki? These are questions that are sure to pop up. Well, you're in the right place, because all your questions about Persimon\u00ae kakis are answered here. And if you still have any doubts, all you have to do is try one. In just one bite all your questions will simply disappear. But if not, don't hesitate to contact us for more. We'll be happy to help you. El Kaki D.O.P. Ribera del X\u00faquer &nbsp;","og_site_name":"DOP Kaki Ribera del X\u00faquer","article_publisher":"https:\/\/www.facebook.com\/kakipersimonDOP\/","article_modified_time":"2019-11-29T09:29:12+00:00","twitter_card":"summary_large_image","twitter_misc":{"Est. reading time":"3 minutes"},"schema":{"@context":"https:\/\/schema.org","@graph":[{"@type":"WebPage","@id":"https:\/\/persimon.eu\/en\/frequent-questions\/","url":"https:\/\/persimon.eu\/en\/frequent-questions\/","name":"Frequent questions - DOP Kaki Ribera del X\u00faquer","isPartOf":{"@id":"https:\/\/persimon.eu\/en\/#website"},"datePublished":"2019-11-26T11:53:36+00:00","dateModified":"2019-11-29T09:29:12+00:00","breadcrumb":{"@id":"https:\/\/persimon.eu\/en\/frequent-questions\/#breadcrumb"},"inLanguage":"en-US","potentialAction":[{"@type":"ReadAction","target":["https:\/\/persimon.eu\/en\/frequent-questions\/"]}]},{"@type":"BreadcrumbList","@id":"https:\/\/persimon.eu\/en\/frequent-questions\/#breadcrumb","itemListElement":[{"@type":"ListItem","position":1,"name":"Home","item":"https:\/\/persimon.eu\/en\/"},{"@type":"ListItem","position":2,"name":"Frequent questions"}]},{"@type":"WebSite","@id":"https:\/\/persimon.eu\/en\/#website","url":"https:\/\/persimon.eu\/en\/","name":"DOP Kaki Ribera del X\u00faquer","description":"En nuestra web descubrir\u00e1s todo lo que rodea a nuestros kakis con D.O.P. Ribera del X\u00faquer.","publisher":{"@id":"https:\/\/persimon.eu\/en\/#organization"},"potentialAction":[{"@type":"SearchAction","target":{"@type":"EntryPoint","urlTemplate":"https:\/\/persimon.eu\/en\/?s={search_term_string}"},"query-input":{"@type":"PropertyValueSpecification","valueRequired":true,"valueName":"search_term_string"}}],"inLanguage":"en-US"},{"@type":"Organization","@id":"https:\/\/persimon.eu\/en\/#organization","name":"D.O.P Kaki Ribera del X\u00faquer","url":"https:\/\/persimon.eu\/en\/","logo":{"@type":"ImageObject","inLanguage":"en-US","@id":"https:\/\/persimon.eu\/en\/#\/schema\/logo\/image\/","url":"https:\/\/persimon.eu\/wp-content\/uploads\/2019\/09\/logo-dop-kaki.png","contentUrl":"https:\/\/persimon.eu\/wp-content\/uploads\/2019\/09\/logo-dop-kaki.png","width":227,"height":227,"caption":"D.O.P Kaki Ribera del X\u00faquer"},"image":{"@id":"https:\/\/persimon.eu\/en\/#\/schema\/logo\/image\/"},"sameAs":["https:\/\/www.facebook.com\/kakipersimonDOP\/","https:\/\/www.instagram.com\/kakipersimon_\/","https:\/\/www.youtube.com\/channel\/UC7Jcl7rqySAcWf0V1axJ7Bg"]}]}},"_links":{"self":[{"href":"https:\/\/persimon.eu\/en\/wp-json\/wp\/v2\/pages\/1823","targetHints":{"allow":["GET"]}}],"collection":[{"href":"https:\/\/persimon.eu\/en\/wp-json\/wp\/v2\/pages"}],"about":[{"href":"https:\/\/persimon.eu\/en\/wp-json\/wp\/v2\/types\/page"}],"author":[{"embeddable":true,"href":"https:\/\/persimon.eu\/en\/wp-json\/wp\/v2\/users\/1"}],"replies":[{"embeddable":true,"href":"https:\/\/persimon.eu\/en\/wp-json\/wp\/v2\/comments?post=1823"}],"version-history":[{"count":6,"href":"https:\/\/persimon.eu\/en\/wp-json\/wp\/v2\/pages\/1823\/revisions"}],"predecessor-version":[{"id":2204,"href":"https:\/\/persimon.eu\/en\/wp-json\/wp\/v2\/pages\/1823\/revisions\/2204"}],"wp:attachment":[{"href":"https:\/\/persimon.eu\/en\/wp-json\/wp\/v2\/media?parent=1823"}],"curies":[{"name":"wp","href":"https:\/\/api.w.org\/{rel}","templated":true}]}}