{"id":1837,"date":"2019-11-27T10:20:57","date_gmt":"2019-11-27T10:20:57","guid":{"rendered":"https:\/\/persimon.eu\/home\/"},"modified":"2019-11-27T10:20:57","modified_gmt":"2019-11-27T10:20:57","slug":"home","status":"publish","type":"page","link":"https:\/\/persimon.eu\/en\/home\/","title":{"rendered":"Home"},"content":{"rendered":"\n\n[et_pb_section fb_built=&#8221;1&#8243; module_class=&#8221;ds-vertical-align&#8221; _builder_version=&#8221;3.29.3&#8243; background_color=&#8221;rgba(0,0,0,0)&#8221; custom_padding=&#8221;0px||0px||false|false&#8221; hover_enabled=&#8221;0&#8243; custom_css_main_element=&#8221;min-height: 100vh;||display: flex;||flex-direction: column;||z-index: 9;&#8221; fb_built=&#8221;1&#8243; _i=&#8221;0&#8243; _address=&#8221;0&#8243;][et_pb_row make_equal=&#8221;on&#8221; module_class=&#8221;ds-vertical-align&#8221; _builder_version=&#8221;3.29.3&#8243; background_enable_image=&#8221;off&#8221; width=&#8221;100%&#8221; max_width=&#8221;2560px&#8221; custom_css_main_element=&#8221;padding: 0 0;||margin: 0 0;&#8221; _i=&#8221;0&#8243; _address=&#8221;0.0&#8243;][et_pb_column type=&#8221;4_4&#8243; _builder_version=&#8221;3.29.3&#8243; _i=&#8221;0&#8243; _address=&#8221;0.0.0&#8243;][et_pb_code _builder_version=&#8221;3.29.3&#8243; custom_margin=&#8221;0px||0px||true|false&#8221; custom_padding=&#8221;0px||0px||true|false&#8221; hover_enabled=&#8221;0&#8243; _i=&#8221;0&#8243; _address=&#8221;0.0.0.0&#8243; disabled_on=&#8221;off|off|off&#8221;]<script><!-- [et_pb_line_break_holder] -->function kaki_loading() {<!-- [et_pb_line_break_holder] -->  document.getElementById(\"3dLoading\").classList.add('hidden');<!-- [et_pb_line_break_holder] -->  document.getElementById(\"img3dkaki\").classList.remove('hidden');<!-- [et_pb_line_break_holder] -->  document.getElementById(\"img3dkaki\").classList.add('loaded');<!-- [et_pb_line_break_holder] -->};<!-- [et_pb_line_break_holder] -->  function kaki360_loading() {<!-- [et_pb_line_break_holder] -->  document.getElementById(\"3dLoading_360\").classList.add('hidden');<!-- [et_pb_line_break_holder] -->  document.getElementById(\"img3dkaki_360\").classList.remove('hidden');<!-- [et_pb_line_break_holder] -->  document.getElementById(\"img3dkaki_360\").classList.add('loaded');<!-- [et_pb_line_break_holder] -->};<!-- [et_pb_line_break_holder] --><\/script><!-- [et_pb_line_break_holder] --><div id=\"3dLoading\" class=\"et_pb_module et_pb_image\" style=\"width: 1066px !important; overflow: hidden; text-align: right; margin-right: 0px;\"><!-- [et_pb_line_break_holder] --><span class=\"et_pb_image_wrap \"><!-- [et_pb_line_break_holder] -->  <img loading=\"lazy\" decoding=\"async\" src=\"https:\/\/persimon.eu\/wp-content\/uploads\/2019\/10\/persimon3d-1067x600.png\" width=\"1066\" height=\"600\"><!-- [et_pb_line_break_holder] -->  <\/span><!-- [et_pb_line_break_holder] --><\/div><!-- [et_pb_line_break_holder] --><div id=\"img3dkaki\" class=\"et_pb_module et_pb_image img3dkaki hidden\"><!-- [et_pb_line_break_holder] --><span class=\"et_pb_image_wrap \"><!-- [et_pb_line_break_holder] -->  <img decoding=\"async\" src=\"https:\/\/persimon.eu\/wp-content\/uploads\/2019\/08\/3dkaki-31-600-min.png\" onload=\"kaki_loading()\"><!-- [et_pb_line_break_holder] -->  <\/span><!-- [et_pb_line_break_holder] --><\/div><!-- [et_pb_line_break_holder] --><div id=\"3dLoading_360\" class=\"et_pb_module et_pb_image\" style=\"width: 640px !important; overflow: hidden; text-align: right; margin-right: 0px;\"><!-- [et_pb_line_break_holder] --><span class=\"et_pb_image_wrap \"><!-- [et_pb_line_break_holder] -->  <img loading=\"lazy\" decoding=\"async\" src=\"https:\/\/persimon.eu\/wp-content\/uploads\/2019\/10\/persimon3d-640x360.png\" width=\"640\" height=\"360\"><!-- [et_pb_line_break_holder] -->  <\/span><!-- [et_pb_line_break_holder] --><\/div><!-- [et_pb_line_break_holder] --><div id=\"img3dkaki_360\" class=\"et_pb_module et_pb_image img3dkaki_360 hidden\"><!-- [et_pb_line_break_holder] -->  <span class=\"et_pb_image_wrap \"><!-- [et_pb_line_break_holder] -->    <img decoding=\"async\" src=\"https:\/\/persimon.eu\/wp-content\/uploads\/2019\/10\/3dkaki-31-360-min.png\" onload=\"kaki360_loading()\"><!-- [et_pb_line_break_holder] -->  <\/span><!-- [et_pb_line_break_holder] --><\/div><!-- [et_pb_line_break_holder] -->[\/et_pb_code][\/et_pb_column][\/et_pb_row][\/et_pb_section][et_pb_section fb_built=&#8221;1&#8243; admin_label=&#8221;CONTENIDO&#8221; module_class=&#8221;ds-vertical-align&#8221; _builder_version=&#8221;3.29.3&#8243; background_color=&#8221;rgba(0,0,0,0)&#8221; width=&#8221;100%&#8221; custom_margin=&#8221;||||false|false&#8221; custom_css_main_element=&#8221;z-index: 10;||top: 0;||left: 0;||position: absolute;||min-height: 100vh;||display: flex;||flex-direction: column;&#8221; fb_built=&#8221;1&#8243; _i=&#8221;1&#8243; _address=&#8221;1&#8243;][et_pb_row column_structure=&#8221;1_3,1_3,1_3&#8243; make_equal=&#8221;on&#8221; module_class=&#8221;movil_column_reverse&#8221; _builder_version=&#8221;3.29.3&#8243; max_width=&#8221;2560px&#8221; custom_margin=&#8221;0px||0px||false|false&#8221; custom_padding=&#8221;0px||0px||false|false&#8221; hover_enabled=&#8221;0&#8243; _i=&#8221;0&#8243; _address=&#8221;1.0&#8243;][et_pb_column type=&#8221;1_3&#8243; _builder_version=&#8221;3.29.3&#8243; hover_enabled=&#8221;0&#8243; _i=&#8221;0&#8243; _address=&#8221;1.0.0&#8243; module_id=&#8221;home_leftColumn&#8221;][et_pb_divider divider_style=&#8221;none&#8221; module_class=&#8221;separadorTitular&#8221; _builder_version=&#8221;3.29.3&#8243; custom_margin=&#8221;0px||0px||false|false&#8221; _i=&#8221;0&#8243; _address=&#8221;1.0.0.0&#8243;][\/et_pb_divider][et_pb_text module_class=&#8221;kaki-titular&#8221; _builder_version=&#8221;3.29.3&#8243; header_font_size=&#8221;60px&#8221; custom_margin=&#8221;||0px||false|false&#8221; custom_padding=&#8221;|50px||50px|false|true&#8221; _i=&#8221;1&#8243; _address=&#8221;1.0.0.1&#8243;]<h1>Kaki Persimon\u00ae<\/h1>[\/et_pb_text][et_pb_text module_class=&#8221;bloqueTexto80&#8243; _builder_version=&#8221;3.29.3&#8243; custom_margin=&#8221;0px||||false|false&#8221; custom_padding=&#8221;40px|50px|40px|50px|true|true&#8221; _i=&#8221;2&#8243; _address=&#8221;1.0.0.2&#8243;]<h2>The PDO Ribera del X\u00faquer Kaki<\/h2>\r\nWelcome to the fascinating world of the Persimon\u00ae Kaki. If you&#8217;ve landed here it&#8217;s probably because you&#8217;ve already tasted this exquisite fruit. If not, what are you waiting for? On our website you&#8217;ll discover everything you need to know about our kakis, or persimmons, with the Protected Designation of Origin (PDO) &#8220;Ribera del X\u00faquer&#8221;. Come and join us on a trip where you can discover who&#8217;s behind our Designation of Origin, what makes our kakis so special, and all the recipes you can make to enjoy the sheer delight of this sweet and very special fruit.[\/et_pb_text][\/et_pb_column][et_pb_column type=&#8221;1_3&#8243; module_class=&#8221;ds-vertical-align img3dkaki_movil&#8221; _builder_version=&#8221;3.29.3&#8243; background_enable_image=&#8221;off&#8221; custom_css_main_element=&#8221;min-height: 200px;&#8221; _i=&#8221;1&#8243; _address=&#8221;1.0.1&#8243;][et_pb_image src=&#8221;https:\/\/persimon.eu\/wp-content\/uploads\/2019\/08\/play.png&#8221; align=&#8221;center&#8221; module_class=&#8221;popmake-606&#8243; _builder_version=&#8221;3.29.3&#8243; width=&#8221;64px&#8221; _i=&#8221;0&#8243; _address=&#8221;1.0.1.0&#8243;][\/et_pb_image][\/et_pb_column][et_pb_column type=&#8221;1_3&#8243; _builder_version=&#8221;3.29.3&#8243; background_enable_image=&#8221;off&#8221; _i=&#8221;2&#8243; _address=&#8221;1.0.2&#8243;][et_pb_divider divider_style=&#8221;none&#8221; _builder_version=&#8221;3.29.3&#8243; height=&#8221;1px&#8221; max_height=&#8221;1000px&#8221; custom_margin=&#8221;0px||0px||false|false&#8221; _i=&#8221;0&#8243; _address=&#8221;1.0.2.0&#8243;][\/et_pb_divider][\/et_pb_column][\/et_pb_row][\/et_pb_section]\n\n","protected":false},"excerpt":{"rendered":"<p>Kaki Persimon\u00aeThe PDO Ribera del X\u00faquer Kaki Welcome to the fascinating world of the Persimon\u00ae Kaki. If you&#8217;ve landed here it&#8217;s probably because you&#8217;ve already tasted this exquisite fruit. If not, what are you waiting for? On our website you&#8217;ll discover everything you need to know about our kakis, or persimmons, with the Protected Designation of Origin (PDO) &#8220;Ribera del X\u00faquer&#8221;. Come and join us on a trip where you can discover who&#8217;s behind our Designation of Origin, what makes our kakis so special, and all the recipes you can make to enjoy the sheer delight of this sweet and very special fruit.<\/p>\n","protected":false},"author":1,"featured_media":0,"parent":0,"menu_order":0,"comment_status":"closed","ping_status":"closed","template":"","meta":{"_acf_changed":false,"_et_pb_use_builder":"on","_et_pb_old_content":"","_et_gb_content_width":"","footnotes":""},"class_list":["post-1837","page","type-page","status-publish","hentry"],"acf":[],"yoast_head":"<!-- This site is optimized with the Yoast SEO plugin v27.1.1 - https:\/\/yoast.com\/product\/yoast-seo-wordpress\/ -->\n<title>DOP Kaki Ribera del X\u00faquer<\/title>\n<meta name=\"description\" content=\"The Kaki Persimon\u00ae D.O.P. Ribera del X\u00faquer. If you have arrived here it is because you have tasted this exquisite fruit and if you have not already done so, what are you waiting for?\" \/>\n<meta name=\"robots\" content=\"index, follow, max-snippet:-1, max-image-preview:large, max-video-preview:-1\" \/>\n<link rel=\"canonical\" href=\"https:\/\/persimon.eu\/en\/home\/\" \/>\n<meta property=\"og:locale\" content=\"en_US\" \/>\n<meta property=\"og:type\" content=\"article\" \/>\n<meta property=\"og:title\" content=\"Kaki Persimon\u00ae\" \/>\n<meta property=\"og:description\" content=\"Welcome to the fascinating world of the Persimon\u00ae Kaki. If you&#039;ve landed here it&#039;s probably because you&#039;ve already tasted this exquisite fruit. If not, what are you waiting for? On our website you&#039;ll discover everything you need to know about our kakis, or persimmons, with the Protected Designation of Origin (PDO) &quot;Ribera del X\u00faquer&quot;. Come and join us on a trip where you can discover who&#039;s behind our Designation of Origin, what makes our kakis so special, and all the recipes you can make to enjoy the sheer delight of this sweet and very special fruit.\" \/>\n<meta property=\"og:site_name\" content=\"DOP Kaki Ribera del X\u00faquer\" \/>\n<meta property=\"article:publisher\" content=\"https:\/\/www.facebook.com\/kakipersimonDOP\/\" \/>\n<meta property=\"og:image\" content=\"https:\/\/persimon.eu\/wp-content\/uploads\/2019\/10\/kaki-fb.png\" \/>\n\t<meta property=\"og:image:width\" content=\"1200\" \/>\n\t<meta property=\"og:image:height\" content=\"630\" \/>\n\t<meta property=\"og:image:type\" content=\"image\/png\" \/>\n<meta name=\"twitter:card\" content=\"summary_large_image\" \/>\n<meta name=\"twitter:title\" content=\"Kaki Persimon\u00ae\" \/>\n<meta name=\"twitter:description\" content=\"Welcome to the fascinating world of the Persimon\u00ae Kaki. If you&#039;ve landed here it&#039;s probably because you&#039;ve already tasted this exquisite fruit. If not, what are you waiting for? On our website you&#039;ll discover everything you need to know about our kakis, or persimmons, with the Protected Designation of Origin (PDO) &quot;Ribera del X\u00faquer&quot;. Come and join us on a trip where you can discover who&#039;s behind our Designation of Origin, what makes our kakis so special, and all the recipes you can make to enjoy the sheer delight of this sweet and very special fruit.\" \/>\n<meta name=\"twitter:image\" content=\"https:\/\/persimon.eu\/wp-content\/uploads\/2019\/10\/kaki-tw.png\" \/>\n<meta name=\"twitter:label1\" content=\"Est. reading time\" \/>\n\t<meta name=\"twitter:data1\" content=\"2 minutes\" \/>\n<script type=\"application\/ld+json\" class=\"yoast-schema-graph\">{\"@context\":\"https:\/\/schema.org\",\"@graph\":[{\"@type\":\"WebPage\",\"@id\":\"https:\/\/persimon.eu\/en\/home\/\",\"url\":\"https:\/\/persimon.eu\/en\/home\/\",\"name\":\"DOP Kaki Ribera del X\u00faquer\",\"isPartOf\":{\"@id\":\"https:\/\/persimon.eu\/en\/#website\"},\"primaryImageOfPage\":{\"@id\":\"https:\/\/persimon.eu\/en\/home\/#primaryimage\"},\"image\":{\"@id\":\"https:\/\/persimon.eu\/en\/home\/#primaryimage\"},\"thumbnailUrl\":\"https:\/\/persimon.eu\/wp-content\/uploads\/2019\/10\/persimon3d-1067x600.png\",\"datePublished\":\"2019-11-27T10:20:57+00:00\",\"description\":\"The Kaki Persimon\u00ae D.O.P. Ribera del X\u00faquer. If you have arrived here it is because you have tasted this exquisite fruit and if you have not already done so, what are you waiting for?\",\"breadcrumb\":{\"@id\":\"https:\/\/persimon.eu\/en\/home\/#breadcrumb\"},\"inLanguage\":\"en-US\",\"potentialAction\":[{\"@type\":\"ReadAction\",\"target\":[\"https:\/\/persimon.eu\/en\/home\/\"]}]},{\"@type\":\"ImageObject\",\"inLanguage\":\"en-US\",\"@id\":\"https:\/\/persimon.eu\/en\/home\/#primaryimage\",\"url\":\"https:\/\/persimon.eu\/wp-content\/uploads\/2019\/10\/persimon3d-1067x600.png\",\"contentUrl\":\"https:\/\/persimon.eu\/wp-content\/uploads\/2019\/10\/persimon3d-1067x600.png\"},{\"@type\":\"BreadcrumbList\",\"@id\":\"https:\/\/persimon.eu\/en\/home\/#breadcrumb\",\"itemListElement\":[{\"@type\":\"ListItem\",\"position\":1,\"name\":\"Home\",\"item\":\"https:\/\/persimon.eu\/en\/\"},{\"@type\":\"ListItem\",\"position\":2,\"name\":\"Home\"}]},{\"@type\":\"WebSite\",\"@id\":\"https:\/\/persimon.eu\/en\/#website\",\"url\":\"https:\/\/persimon.eu\/en\/\",\"name\":\"DOP Kaki Ribera del X\u00faquer\",\"description\":\"En nuestra web descubrir\u00e1s todo lo que rodea a nuestros kakis con D.O.P. Ribera del X\u00faquer.\",\"publisher\":{\"@id\":\"https:\/\/persimon.eu\/en\/#organization\"},\"potentialAction\":[{\"@type\":\"SearchAction\",\"target\":{\"@type\":\"EntryPoint\",\"urlTemplate\":\"https:\/\/persimon.eu\/en\/?s={search_term_string}\"},\"query-input\":{\"@type\":\"PropertyValueSpecification\",\"valueRequired\":true,\"valueName\":\"search_term_string\"}}],\"inLanguage\":\"en-US\"},{\"@type\":\"Organization\",\"@id\":\"https:\/\/persimon.eu\/en\/#organization\",\"name\":\"D.O.P Kaki Ribera del X\u00faquer\",\"url\":\"https:\/\/persimon.eu\/en\/\",\"logo\":{\"@type\":\"ImageObject\",\"inLanguage\":\"en-US\",\"@id\":\"https:\/\/persimon.eu\/en\/#\/schema\/logo\/image\/\",\"url\":\"https:\/\/persimon.eu\/wp-content\/uploads\/2019\/09\/logo-dop-kaki.png\",\"contentUrl\":\"https:\/\/persimon.eu\/wp-content\/uploads\/2019\/09\/logo-dop-kaki.png\",\"width\":227,\"height\":227,\"caption\":\"D.O.P Kaki Ribera del X\u00faquer\"},\"image\":{\"@id\":\"https:\/\/persimon.eu\/en\/#\/schema\/logo\/image\/\"},\"sameAs\":[\"https:\/\/www.facebook.com\/kakipersimonDOP\/\",\"https:\/\/www.instagram.com\/kakipersimon_\/\",\"https:\/\/www.youtube.com\/channel\/UC7Jcl7rqySAcWf0V1axJ7Bg\"]}]}<\/script>\n<!-- \/ Yoast SEO plugin. -->","yoast_head_json":{"title":"DOP Kaki Ribera del X\u00faquer","description":"The Kaki Persimon\u00ae D.O.P. Ribera del X\u00faquer. If you have arrived here it is because you have tasted this exquisite fruit and if you have not already done so, what are you waiting for?","robots":{"index":"index","follow":"follow","max-snippet":"max-snippet:-1","max-image-preview":"max-image-preview:large","max-video-preview":"max-video-preview:-1"},"canonical":"https:\/\/persimon.eu\/en\/home\/","og_locale":"en_US","og_type":"article","og_title":"Kaki Persimon\u00ae","og_description":"Welcome to the fascinating world of the Persimon\u00ae Kaki. If you've landed here it's probably because you've already tasted this exquisite fruit. If not, what are you waiting for? On our website you'll discover everything you need to know about our kakis, or persimmons, with the Protected Designation of Origin (PDO) \"Ribera del X\u00faquer\". Come and join us on a trip where you can discover who's behind our Designation of Origin, what makes our kakis so special, and all the recipes you can make to enjoy the sheer delight of this sweet and very special fruit.","og_site_name":"DOP Kaki Ribera del X\u00faquer","article_publisher":"https:\/\/www.facebook.com\/kakipersimonDOP\/","og_image":[{"width":1200,"height":630,"url":"https:\/\/persimon.eu\/wp-content\/uploads\/2019\/10\/kaki-fb.png","type":"image\/png"}],"twitter_card":"summary_large_image","twitter_title":"Kaki Persimon\u00ae","twitter_description":"Welcome to the fascinating world of the Persimon\u00ae Kaki. If you've landed here it's probably because you've already tasted this exquisite fruit. If not, what are you waiting for? On our website you'll discover everything you need to know about our kakis, or persimmons, with the Protected Designation of Origin (PDO) \"Ribera del X\u00faquer\". Come and join us on a trip where you can discover who's behind our Designation of Origin, what makes our kakis so special, and all the recipes you can make to enjoy the sheer delight of this sweet and very special fruit.","twitter_image":"https:\/\/persimon.eu\/wp-content\/uploads\/2019\/10\/kaki-tw.png","twitter_misc":{"Est. reading time":"2 minutes"},"schema":{"@context":"https:\/\/schema.org","@graph":[{"@type":"WebPage","@id":"https:\/\/persimon.eu\/en\/home\/","url":"https:\/\/persimon.eu\/en\/home\/","name":"DOP Kaki Ribera del X\u00faquer","isPartOf":{"@id":"https:\/\/persimon.eu\/en\/#website"},"primaryImageOfPage":{"@id":"https:\/\/persimon.eu\/en\/home\/#primaryimage"},"image":{"@id":"https:\/\/persimon.eu\/en\/home\/#primaryimage"},"thumbnailUrl":"https:\/\/persimon.eu\/wp-content\/uploads\/2019\/10\/persimon3d-1067x600.png","datePublished":"2019-11-27T10:20:57+00:00","description":"The Kaki Persimon\u00ae D.O.P. Ribera del X\u00faquer. If you have arrived here it is because you have tasted this exquisite fruit and if you have not already done so, what are you waiting for?","breadcrumb":{"@id":"https:\/\/persimon.eu\/en\/home\/#breadcrumb"},"inLanguage":"en-US","potentialAction":[{"@type":"ReadAction","target":["https:\/\/persimon.eu\/en\/home\/"]}]},{"@type":"ImageObject","inLanguage":"en-US","@id":"https:\/\/persimon.eu\/en\/home\/#primaryimage","url":"https:\/\/persimon.eu\/wp-content\/uploads\/2019\/10\/persimon3d-1067x600.png","contentUrl":"https:\/\/persimon.eu\/wp-content\/uploads\/2019\/10\/persimon3d-1067x600.png"},{"@type":"BreadcrumbList","@id":"https:\/\/persimon.eu\/en\/home\/#breadcrumb","itemListElement":[{"@type":"ListItem","position":1,"name":"Home","item":"https:\/\/persimon.eu\/en\/"},{"@type":"ListItem","position":2,"name":"Home"}]},{"@type":"WebSite","@id":"https:\/\/persimon.eu\/en\/#website","url":"https:\/\/persimon.eu\/en\/","name":"DOP Kaki Ribera del X\u00faquer","description":"En nuestra web descubrir\u00e1s todo lo que rodea a nuestros kakis con D.O.P. Ribera del X\u00faquer.","publisher":{"@id":"https:\/\/persimon.eu\/en\/#organization"},"potentialAction":[{"@type":"SearchAction","target":{"@type":"EntryPoint","urlTemplate":"https:\/\/persimon.eu\/en\/?s={search_term_string}"},"query-input":{"@type":"PropertyValueSpecification","valueRequired":true,"valueName":"search_term_string"}}],"inLanguage":"en-US"},{"@type":"Organization","@id":"https:\/\/persimon.eu\/en\/#organization","name":"D.O.P Kaki Ribera del X\u00faquer","url":"https:\/\/persimon.eu\/en\/","logo":{"@type":"ImageObject","inLanguage":"en-US","@id":"https:\/\/persimon.eu\/en\/#\/schema\/logo\/image\/","url":"https:\/\/persimon.eu\/wp-content\/uploads\/2019\/09\/logo-dop-kaki.png","contentUrl":"https:\/\/persimon.eu\/wp-content\/uploads\/2019\/09\/logo-dop-kaki.png","width":227,"height":227,"caption":"D.O.P Kaki Ribera del X\u00faquer"},"image":{"@id":"https:\/\/persimon.eu\/en\/#\/schema\/logo\/image\/"},"sameAs":["https:\/\/www.facebook.com\/kakipersimonDOP\/","https:\/\/www.instagram.com\/kakipersimon_\/","https:\/\/www.youtube.com\/channel\/UC7Jcl7rqySAcWf0V1axJ7Bg"]}]}},"_links":{"self":[{"href":"https:\/\/persimon.eu\/en\/wp-json\/wp\/v2\/pages\/1837","targetHints":{"allow":["GET"]}}],"collection":[{"href":"https:\/\/persimon.eu\/en\/wp-json\/wp\/v2\/pages"}],"about":[{"href":"https:\/\/persimon.eu\/en\/wp-json\/wp\/v2\/types\/page"}],"author":[{"embeddable":true,"href":"https:\/\/persimon.eu\/en\/wp-json\/wp\/v2\/users\/1"}],"replies":[{"embeddable":true,"href":"https:\/\/persimon.eu\/en\/wp-json\/wp\/v2\/comments?post=1837"}],"version-history":[{"count":1,"href":"https:\/\/persimon.eu\/en\/wp-json\/wp\/v2\/pages\/1837\/revisions"}],"predecessor-version":[{"id":1838,"href":"https:\/\/persimon.eu\/en\/wp-json\/wp\/v2\/pages\/1837\/revisions\/1838"}],"wp:attachment":[{"href":"https:\/\/persimon.eu\/en\/wp-json\/wp\/v2\/media?parent=1837"}],"curies":[{"name":"wp","href":"https:\/\/api.w.org\/{rel}","templated":true}]}}