{"id":1851,"date":"2019-11-27T10:40:48","date_gmt":"2019-11-27T10:40:48","guid":{"rendered":"https:\/\/persimon.eu\/how-to-store\/"},"modified":"2019-11-28T16:06:14","modified_gmt":"2019-11-28T16:06:14","slug":"how-to-store","status":"publish","type":"page","link":"https:\/\/persimon.eu\/en\/the-persimon-kaki\/how-to-store\/","title":{"rendered":"How to store"},"content":{"rendered":"<p>[et_pb_section fb_built=&#8221;1&#8243; disabled_on=&#8221;on|on|off&#8221; admin_label=&#8221;IMAGEN FONDO&#8221; module_class=&#8221;comoConservar&#8221; _builder_version=&#8221;3.29.3&#8243; background_color=&#8221;rgba(0,0,0,0)&#8221; custom_padding=&#8221;0px||0px||false|false&#8221; hover_enabled=&#8221;0&#8243;][et_pb_row _builder_version=&#8221;4.0.6&#8243; background_enable_image=&#8221;off&#8221; width=&#8221;100%&#8221; max_width=&#8221;2560px&#8221; hover_enabled=&#8221;0&#8243; custom_css_main_element=&#8221;padding: 0 0;||margin: 0 0;&#8221;][et_pb_column type=&#8221;4_4&#8243; _builder_version=&#8221;4.0.6&#8243; background_image=&#8221;https:\/\/persimon.eu\/wp-content\/uploads\/2019\/11\/como-conservarlo.png&#8221; background_size=&#8221;contain&#8221; hover_enabled=&#8221;0&#8243; custom_css_main_element=&#8221;margin: 0;&#8221;][et_pb_divider divider_style=&#8221;none&#8221; module_class=&#8221;fullHeight&#8221; _builder_version=&#8221;3.29.3&#8243; custom_margin=&#8221;0px||0px||false|false&#8221;][\/et_pb_divider][\/et_pb_column][\/et_pb_row][\/et_pb_section][et_pb_section fb_built=&#8221;1&#8243; admin_label=&#8221;CONTENIDO&#8221; module_class=&#8221;section_comoConservarlo&#8221; _builder_version=&#8221;3.29.3&#8243; background_color=&#8221;rgba(0,0,0,0)&#8221; custom_margin=&#8221;||||false|false&#8221;][et_pb_row make_equal=&#8221;on&#8221; disabled_on=&#8221;off|off|off&#8221; admin_label=&#8221;ROW BREADCRUMBS&#8221; _builder_version=&#8221;3.29.3&#8243; max_width=&#8221;2560px&#8221; custom_margin=&#8221;0px||0px||false|false&#8221; custom_padding=&#8221;0px||0px||false|false&#8221;][et_pb_column type=&#8221;4_4&#8243; _builder_version=&#8221;3.29.3&#8243;][et_pb_divider divider_style=&#8221;none&#8221; admin_label=&#8221;separadorTitular&#8221; module_class=&#8221;separadorTitular&#8221; _builder_version=&#8221;3.29.3&#8243; custom_margin=&#8221;0px||0px||false|false&#8221;][\/et_pb_divider][et_pb_code disabled_on=&#8221;on|on|off&#8221; admin_label=&#8221;Breadcrumbs&#8221; _builder_version=&#8221;3.29.3&#8243; custom_margin=&#8221;0px||0px||true|false&#8221;]<p id=\"breadcrumbs\"><span><span><a href=\"https:\/\/persimon.eu\/en\/\">Home<\/a><\/span><\/span><\/p>[\/et_pb_code][et_pb_divider divider_style=&#8221;none&#8221; disabled_on=&#8221;on|on|off&#8221; _builder_version=&#8221;3.29.3&#8243; height=&#8221;40px&#8221; custom_margin=&#8221;0px||0px||false|false&#8221;][\/et_pb_divider][\/et_pb_column][\/et_pb_row][et_pb_row column_structure=&#8221;1_2,1_4,1_4&#8243; make_equal=&#8221;on&#8221; _builder_version=&#8221;3.29.3&#8243; max_width=&#8221;2560px&#8221; custom_margin=&#8221;0px||0px||false|false&#8221; custom_padding=&#8221;0px||0px||false|false&#8221;][et_pb_column type=&#8221;1_2&#8243; _builder_version=&#8221;3.29.3&#8243;][et_pb_text module_class=&#8221;kaki-titular&#8221; _builder_version=&#8221;3.29.3&#8243; header_font_size=&#8221;60px&#8221; background_color=&#8221;rgba(0,0,0,0)&#8221; custom_margin=&#8221;||0px||false|false&#8221; custom_padding=&#8221;|50px|20px|50px|false|true&#8221; custom_css_main_element=&#8221;background-color: rgba(255,255,255,0) !important;&#8221;]<\/p>\n<h1>How to store<\/h1>\n<p>[\/et_pb_text][\/et_pb_column][et_pb_column type=&#8221;1_4&#8243; _builder_version=&#8221;3.29.3&#8243; background_enable_image=&#8221;off&#8221;][\/et_pb_column][et_pb_column type=&#8221;1_4&#8243; _builder_version=&#8221;3.29.3&#8243; background_enable_image=&#8221;off&#8221;][\/et_pb_column][\/et_pb_row][et_pb_row column_structure=&#8221;1_3,1_3,1_3&#8243; make_equal=&#8221;on&#8221; _builder_version=&#8221;3.29.3&#8243; max_width=&#8221;2560px&#8221; custom_margin=&#8221;0px||0px||false|false&#8221; custom_padding=&#8221;0px||0px||false|false&#8221;][et_pb_column type=&#8221;1_3&#8243; module_class=&#8221;column_50_tablet&#8221; _builder_version=&#8221;3.29.3&#8243;][et_pb_text admin_label=&#8221;Listo para comer&#8221; module_class=&#8221;bloqueTexto80&#8243; _builder_version=&#8221;3.29.3&#8243; custom_margin=&#8221;0px||0px||false|false&#8221; custom_padding=&#8221;40px|50px|0px|50px|false|true&#8221; custom_padding_tablet=&#8221;&#8221; custom_padding_phone=&#8221;&#8221; custom_padding_last_edited=&#8221;on|desktop&#8221;]<\/p>\n<h2>Ready to eat<\/h2>\n<div class=\"separador_left_01\"><\/div>\n<p>[\/et_pb_text][et_pb_text admin_label=&#8221;texto-listo-para-comer&#8221; module_class=&#8221;bloqueTexto80&#8243; _builder_version=&#8221;3.29.3&#8243; custom_margin=&#8221;0px||0px||false|false&#8221; custom_padding=&#8221;10px|50px|10px|50px|true|true&#8221;]<strong>Remember, our \u201cPersimon\u00ae\u201d- brand kakis are ready to eat off the shelf.<\/strong> You don&#8217;t have to wait until they ripen, but you can leave them in your fruit bowl for quite some time if you want a riper persimmon, but try not to wait until they are completely soft. &#8220;Persimon\u00ae&#8221;-brand kakis will not always go completely soft like other persimmons. Moreover, if you leave them for too long after your purchase, they may lose their quality.[\/et_pb_text][et_pb_text admin_label=&#8221;Kaki Classic&#8221; module_class=&#8221;bloqueTexto80&#8243; _builder_version=&#8221;3.29.3&#8243; custom_margin=&#8221;0px||0px||false|false&#8221; custom_padding=&#8221;20px|50px|0px|50px|false|true&#8221; custom_padding_tablet=&#8221;&#8221; custom_padding_phone=&#8221;&#8221; custom_padding_last_edited=&#8221;on|desktop&#8221;]<\/p>\n<h2>\u201cClassic\u201d Kaki<\/h2>\n<div class=\"separador_left_02\"><\/div>\n<p>[\/et_pb_text][et_pb_text admin_label=&#8221;texto-kaki-classic&#8221; module_class=&#8221;bloqueTexto80&#8243; _builder_version=&#8221;3.29.3&#8243; custom_margin=&#8221;0px||||false|false&#8221; custom_padding=&#8221;10px|50px|40px|50px|false|true&#8221;]<strong>If you prefer a traditional or <\/strong>\u201c<strong>Classic<\/strong>\u201d <strong>persimmon, you should buy the variety that has not had its astringency removed.<\/strong>\u00a0This is how you can enjoy the traditional version of the \u201cBright Red\u201d kaki. If you buy \u201cClassic\u201d kakis and want to help them ripen, place them next to apples or bananas to speed up the ripening process.[\/et_pb_text][\/et_pb_column][et_pb_column type=&#8221;1_3&#8243; module_class=&#8221;hide_981_1100&#8243; _builder_version=&#8221;3.29.3&#8243; background_enable_image=&#8221;off&#8221;][\/et_pb_column][et_pb_column type=&#8221;1_3&#8243; module_class=&#8221;column_50_tablet&#8221; _builder_version=&#8221;3.29.3&#8243; background_enable_image=&#8221;off&#8221;][et_pb_text admin_label=&#8221;No meter en la nevera&#8221; module_class=&#8221;bloqueTexto80&#8243; _builder_version=&#8221;3.29.3&#8243; custom_margin=&#8221;0px||0px||false|false&#8221; custom_padding=&#8221;40px|50px|0px|50px|false|true&#8221; custom_padding_tablet=&#8221;&#8221; custom_padding_phone=&#8221;&#8221; custom_padding_last_edited=&#8221;on|desktop&#8221;]<\/p>\n<h2>Don&#8217;t keep kakis in the fridge.<\/h2>\n<div class=\"separador_right_01\"><\/div>\n<p>[\/et_pb_text][et_pb_text admin_label=&#8221;texto-no-meter-en-nevera&#8221; module_class=&#8221;bloqueTexto80&#8243; _builder_version=&#8221;3.29.3&#8243; custom_margin=&#8221;0px||0px||false|false&#8221; custom_padding=&#8221;10px|50px|10px|50px|true|true&#8221;]<strong>It is not convenient to store kakis in a refrigerator. <\/strong>You can freeze kakis after peeling and wedging if you want to use them in a recipe later, or you want to prepare a dish where freezing is required, such as a sorbet or a dessert. Bear in mind that defrosting a kaki, if it&#8217;s not going to be cooked, will affect its flavour. So eating a raw kaki after freezing and defrosting results in a loss of flavour.[\/et_pb_text][et_pb_text admin_label=&#8221;Recetas&#8221; module_class=&#8221;bloqueTexto80&#8243; _builder_version=&#8221;3.29.3&#8243; custom_margin=&#8221;0px||0px||false|false&#8221; custom_padding=&#8221;10px|50px|0px|50px|false|true&#8221; custom_padding_tablet=&#8221;&#8221; custom_padding_phone=&#8221;&#8221; custom_padding_last_edited=&#8221;on|desktop&#8221;]<\/p>\n<h2>Recipes<\/h2>\n<div class=\"separador_right_02\"><\/div>\n<p>[\/et_pb_text][et_pb_text admin_label=&#8221;texto-recetas&#8221; module_class=&#8221;bloqueTexto80&#8243; _builder_version=&#8221;3.29.3&#8243; custom_margin=&#8221;0px||||false|false&#8221; custom_padding=&#8221;10px|50px|40px|50px|false|true&#8221;]<strong>For cooking tips, check out our Recipes section.<\/strong> This section gives you lots and lots of ideas on how to use kakis properly, and all the main dishes you can make following our magnificent recipes, all simple and tasty![\/et_pb_text][\/et_pb_column][\/et_pb_row][\/et_pb_section][et_pb_section fb_built=&#8221;1&#8243; module_class=&#8221;section_submenu_conservar&#8221; _builder_version=&#8221;3.29.3&#8243; background_color=&#8221;rgba(0,0,0,0)&#8221; custom_margin=&#8221;||||false|false&#8221; custom_padding=&#8221;0px||0px||false|false&#8221;][et_pb_row column_structure=&#8221;2_3,1_3&#8243; _builder_version=&#8221;3.29.3&#8243; max_width=&#8221;2560px&#8221; custom_margin=&#8221;0px||0px||false|false&#8221; custom_padding=&#8221;0px||0px||false|false&#8221;][et_pb_column type=&#8221;2_3&#8243; _builder_version=&#8221;3.29.3&#8243;][et_pb_text admin_label=&#8221;SubMenu&#8221; module_class=&#8221;submenu&#8221; _builder_version=&#8221;3.29.3&#8243; custom_margin=&#8221;||||false|false&#8221; custom_padding=&#8221;40px|50px|40px|50px|false|false&#8221;]<\/p>\n<ul>\n<li><a title=\"What are they?\" href=\"https:\/\/persimon.eu\/en\/the-persimon-kaki\/\">What are they?<\/a><\/li>\n<li><a title=\"Why do we call them 'Persimon\u00ae Kakis'?\" href=\"https:\/\/persimon.eu\/en\/the-persimon-kaki\/why-persimon-kaki\/\">Why do we call them &#8220;Persimon\u00ae Kakis&#8221;?<\/a><\/li>\n<li><a title=\"How and when can we eat them?\" href=\"https:\/\/persimon.eu\/en\/the-persimon-kaki\/how-and-when-to-eat-persimon-kakis\/\">How and when can we eat them?<\/a><\/li>\n<li class=\"active\"><a title=\"How to store\" href=\"https:\/\/persimon.eu\/en\/the-persimon-kaki\/how-to-store\/\">How to store<\/a><\/li>\n<li><a title=\"When to buy\" href=\"https:\/\/persimon.eu\/en\/the-persimon-kaki\/when-to-buy\/\">When to buy<\/a><\/li>\n<\/ul>\n<p>&nbsp;[\/et_pb_text][\/et_pb_column][et_pb_column type=&#8221;1_3&#8243; _builder_version=&#8221;3.29.3&#8243; background_enable_image=&#8221;off&#8221;][et_pb_divider divider_style=&#8221;none&#8221; _builder_version=&#8221;3.29.3&#8243; height=&#8221;1px&#8221; max_height=&#8221;1000px&#8221; custom_margin=&#8221;0px||0px||false|false&#8221;][\/et_pb_divider][\/et_pb_column][\/et_pb_row][\/et_pb_section]<\/p>\n","protected":false},"excerpt":{"rendered":"<p><p id=\"breadcrumbs\"><span><span><a href=\"https:\/\/persimon.eu\/en\/\">Home<\/a><\/span><\/span><\/p>How to storeReady to eat Remember, our \u201cPersimon\u00ae\u201d- brand kakis are ready to eat off the shelf. You don&#8217;t have to wait until they ripen, but you can leave them in your fruit bowl for quite some time if you want a riper persimmon, but try not to wait until they are completely soft. &#8220;Persimon\u00ae&#8221;-brand kakis will not always go completely soft like other persimmons. Moreover, if you leave them for too long after your purchase, they may lose their quality.\u201cClassic\u201d Kaki If you prefer a traditional or \u201cClassic\u201d persimmon, you should buy the variety that has not had its astringency removed.\u00a0This is how you can enjoy the traditional version of the \u201cBright Red\u201d kaki. If you buy \u201cClassic\u201d kakis and want to help them ripen, place them next to apples or bananas to speed up the ripening process.Don&#8217;t keep kakis in the fridge. It is not convenient to store kakis in a refrigerator. You can freeze kakis after peeling and wedging if you want to use them in a recipe later, or you want to prepare a dish where freezing is required, such as a sorbet or a dessert. Bear in mind that defrosting a kaki, if it&#8217;s not [&hellip;]<\/p>\n","protected":false},"author":1,"featured_media":0,"parent":1859,"menu_order":0,"comment_status":"closed","ping_status":"closed","template":"","meta":{"_acf_changed":false,"_et_pb_use_builder":"on","_et_pb_old_content":"","_et_gb_content_width":"","footnotes":""},"class_list":["post-1851","page","type-page","status-publish","hentry"],"acf":[],"yoast_head":"<!-- This site is optimized with the Yoast SEO plugin v27.1.1 - https:\/\/yoast.com\/product\/yoast-seo-wordpress\/ -->\n<title>How to store - DOP Kaki Ribera del X\u00faquer<\/title>\n<meta name=\"description\" content=\"\u201cPersimon\u00ae\u201d brand kakis are ready to consume. You do not have to wait for them to mature, although you can leave them some time in your fruit bowl if you want a higher degree of maturity\" \/>\n<meta name=\"robots\" content=\"index, follow, max-snippet:-1, max-image-preview:large, max-video-preview:-1\" \/>\n<link rel=\"canonical\" href=\"https:\/\/persimon.eu\/en\/the-persimon-kaki\/how-to-store\/\" \/>\n<meta property=\"og:locale\" content=\"en_US\" \/>\n<meta property=\"og:type\" content=\"article\" \/>\n<meta property=\"og:title\" content=\"How to store - DOP Kaki Ribera del X\u00faquer\" \/>\n<meta property=\"og:description\" content=\"\u201cPersimon\u00ae\u201d brand kakis are ready to consume. You do not have to wait for them to mature, although you can leave them some time in your fruit bowl if you want a higher degree of maturity\" \/>\n<meta property=\"og:site_name\" content=\"DOP Kaki Ribera del X\u00faquer\" \/>\n<meta property=\"article:publisher\" content=\"https:\/\/www.facebook.com\/kakipersimonDOP\/\" \/>\n<meta property=\"article:modified_time\" content=\"2019-11-28T16:06:14+00:00\" \/>\n<meta name=\"twitter:card\" content=\"summary_large_image\" \/>\n<meta name=\"twitter:label1\" content=\"Est. reading time\" \/>\n\t<meta name=\"twitter:data1\" content=\"6 minutes\" \/>\n<script type=\"application\/ld+json\" class=\"yoast-schema-graph\">{\"@context\":\"https:\/\/schema.org\",\"@graph\":[{\"@type\":\"WebPage\",\"@id\":\"https:\/\/persimon.eu\/en\/the-persimon-kaki\/how-to-store\/\",\"url\":\"https:\/\/persimon.eu\/en\/the-persimon-kaki\/how-to-store\/\",\"name\":\"How to store - DOP Kaki Ribera del X\u00faquer\",\"isPartOf\":{\"@id\":\"https:\/\/persimon.eu\/en\/#website\"},\"datePublished\":\"2019-11-27T10:40:48+00:00\",\"dateModified\":\"2019-11-28T16:06:14+00:00\",\"description\":\"\u201cPersimon\u00ae\u201d brand kakis are ready to consume. You do not have to wait for them to mature, although you can leave them some time in your fruit bowl if you want a higher degree of maturity\",\"breadcrumb\":{\"@id\":\"https:\/\/persimon.eu\/en\/the-persimon-kaki\/how-to-store\/#breadcrumb\"},\"inLanguage\":\"en-US\",\"potentialAction\":[{\"@type\":\"ReadAction\",\"target\":[\"https:\/\/persimon.eu\/en\/the-persimon-kaki\/how-to-store\/\"]}]},{\"@type\":\"BreadcrumbList\",\"@id\":\"https:\/\/persimon.eu\/en\/the-persimon-kaki\/how-to-store\/#breadcrumb\",\"itemListElement\":[{\"@type\":\"ListItem\",\"position\":1,\"name\":\"Home\",\"item\":\"https:\/\/persimon.eu\/en\/\"},{\"@type\":\"ListItem\",\"position\":2,\"name\":\"The Persimon\u00ae Kaki\",\"item\":\"https:\/\/persimon.eu\/en\/the-persimon-kaki\/\"},{\"@type\":\"ListItem\",\"position\":3,\"name\":\"How to store\"}]},{\"@type\":\"WebSite\",\"@id\":\"https:\/\/persimon.eu\/en\/#website\",\"url\":\"https:\/\/persimon.eu\/en\/\",\"name\":\"DOP Kaki Ribera del X\u00faquer\",\"description\":\"En nuestra web descubrir\u00e1s todo lo que rodea a nuestros kakis con D.O.P. Ribera del X\u00faquer.\",\"publisher\":{\"@id\":\"https:\/\/persimon.eu\/en\/#organization\"},\"potentialAction\":[{\"@type\":\"SearchAction\",\"target\":{\"@type\":\"EntryPoint\",\"urlTemplate\":\"https:\/\/persimon.eu\/en\/?s={search_term_string}\"},\"query-input\":{\"@type\":\"PropertyValueSpecification\",\"valueRequired\":true,\"valueName\":\"search_term_string\"}}],\"inLanguage\":\"en-US\"},{\"@type\":\"Organization\",\"@id\":\"https:\/\/persimon.eu\/en\/#organization\",\"name\":\"D.O.P Kaki Ribera del X\u00faquer\",\"url\":\"https:\/\/persimon.eu\/en\/\",\"logo\":{\"@type\":\"ImageObject\",\"inLanguage\":\"en-US\",\"@id\":\"https:\/\/persimon.eu\/en\/#\/schema\/logo\/image\/\",\"url\":\"https:\/\/persimon.eu\/wp-content\/uploads\/2019\/09\/logo-dop-kaki.png\",\"contentUrl\":\"https:\/\/persimon.eu\/wp-content\/uploads\/2019\/09\/logo-dop-kaki.png\",\"width\":227,\"height\":227,\"caption\":\"D.O.P Kaki Ribera del X\u00faquer\"},\"image\":{\"@id\":\"https:\/\/persimon.eu\/en\/#\/schema\/logo\/image\/\"},\"sameAs\":[\"https:\/\/www.facebook.com\/kakipersimonDOP\/\",\"https:\/\/www.instagram.com\/kakipersimon_\/\",\"https:\/\/www.youtube.com\/channel\/UC7Jcl7rqySAcWf0V1axJ7Bg\"]}]}<\/script>\n<!-- \/ Yoast SEO plugin. -->","yoast_head_json":{"title":"How to store - DOP Kaki Ribera del X\u00faquer","description":"\u201cPersimon\u00ae\u201d brand kakis are ready to consume. You do not have to wait for them to mature, although you can leave them some time in your fruit bowl if you want a higher degree of maturity","robots":{"index":"index","follow":"follow","max-snippet":"max-snippet:-1","max-image-preview":"max-image-preview:large","max-video-preview":"max-video-preview:-1"},"canonical":"https:\/\/persimon.eu\/en\/the-persimon-kaki\/how-to-store\/","og_locale":"en_US","og_type":"article","og_title":"How to store - DOP Kaki Ribera del X\u00faquer","og_description":"\u201cPersimon\u00ae\u201d brand kakis are ready to consume. You do not have to wait for them to mature, although you can leave them some time in your fruit bowl if you want a higher degree of maturity","og_site_name":"DOP Kaki Ribera del X\u00faquer","article_publisher":"https:\/\/www.facebook.com\/kakipersimonDOP\/","article_modified_time":"2019-11-28T16:06:14+00:00","twitter_card":"summary_large_image","twitter_misc":{"Est. reading time":"6 minutes"},"schema":{"@context":"https:\/\/schema.org","@graph":[{"@type":"WebPage","@id":"https:\/\/persimon.eu\/en\/the-persimon-kaki\/how-to-store\/","url":"https:\/\/persimon.eu\/en\/the-persimon-kaki\/how-to-store\/","name":"How to store - DOP Kaki Ribera del X\u00faquer","isPartOf":{"@id":"https:\/\/persimon.eu\/en\/#website"},"datePublished":"2019-11-27T10:40:48+00:00","dateModified":"2019-11-28T16:06:14+00:00","description":"\u201cPersimon\u00ae\u201d brand kakis are ready to consume. You do not have to wait for them to mature, although you can leave them some time in your fruit bowl if you want a higher degree of maturity","breadcrumb":{"@id":"https:\/\/persimon.eu\/en\/the-persimon-kaki\/how-to-store\/#breadcrumb"},"inLanguage":"en-US","potentialAction":[{"@type":"ReadAction","target":["https:\/\/persimon.eu\/en\/the-persimon-kaki\/how-to-store\/"]}]},{"@type":"BreadcrumbList","@id":"https:\/\/persimon.eu\/en\/the-persimon-kaki\/how-to-store\/#breadcrumb","itemListElement":[{"@type":"ListItem","position":1,"name":"Home","item":"https:\/\/persimon.eu\/en\/"},{"@type":"ListItem","position":2,"name":"The Persimon\u00ae Kaki","item":"https:\/\/persimon.eu\/en\/the-persimon-kaki\/"},{"@type":"ListItem","position":3,"name":"How to store"}]},{"@type":"WebSite","@id":"https:\/\/persimon.eu\/en\/#website","url":"https:\/\/persimon.eu\/en\/","name":"DOP Kaki Ribera del X\u00faquer","description":"En nuestra web descubrir\u00e1s todo lo que rodea a nuestros kakis con D.O.P. Ribera del X\u00faquer.","publisher":{"@id":"https:\/\/persimon.eu\/en\/#organization"},"potentialAction":[{"@type":"SearchAction","target":{"@type":"EntryPoint","urlTemplate":"https:\/\/persimon.eu\/en\/?s={search_term_string}"},"query-input":{"@type":"PropertyValueSpecification","valueRequired":true,"valueName":"search_term_string"}}],"inLanguage":"en-US"},{"@type":"Organization","@id":"https:\/\/persimon.eu\/en\/#organization","name":"D.O.P Kaki Ribera del X\u00faquer","url":"https:\/\/persimon.eu\/en\/","logo":{"@type":"ImageObject","inLanguage":"en-US","@id":"https:\/\/persimon.eu\/en\/#\/schema\/logo\/image\/","url":"https:\/\/persimon.eu\/wp-content\/uploads\/2019\/09\/logo-dop-kaki.png","contentUrl":"https:\/\/persimon.eu\/wp-content\/uploads\/2019\/09\/logo-dop-kaki.png","width":227,"height":227,"caption":"D.O.P Kaki Ribera del X\u00faquer"},"image":{"@id":"https:\/\/persimon.eu\/en\/#\/schema\/logo\/image\/"},"sameAs":["https:\/\/www.facebook.com\/kakipersimonDOP\/","https:\/\/www.instagram.com\/kakipersimon_\/","https:\/\/www.youtube.com\/channel\/UC7Jcl7rqySAcWf0V1axJ7Bg"]}]}},"_links":{"self":[{"href":"https:\/\/persimon.eu\/en\/wp-json\/wp\/v2\/pages\/1851","targetHints":{"allow":["GET"]}}],"collection":[{"href":"https:\/\/persimon.eu\/en\/wp-json\/wp\/v2\/pages"}],"about":[{"href":"https:\/\/persimon.eu\/en\/wp-json\/wp\/v2\/types\/page"}],"author":[{"embeddable":true,"href":"https:\/\/persimon.eu\/en\/wp-json\/wp\/v2\/users\/1"}],"replies":[{"embeddable":true,"href":"https:\/\/persimon.eu\/en\/wp-json\/wp\/v2\/comments?post=1851"}],"version-history":[{"count":8,"href":"https:\/\/persimon.eu\/en\/wp-json\/wp\/v2\/pages\/1851\/revisions"}],"predecessor-version":[{"id":2031,"href":"https:\/\/persimon.eu\/en\/wp-json\/wp\/v2\/pages\/1851\/revisions\/2031"}],"up":[{"embeddable":true,"href":"https:\/\/persimon.eu\/en\/wp-json\/wp\/v2\/pages\/1859"}],"wp:attachment":[{"href":"https:\/\/persimon.eu\/en\/wp-json\/wp\/v2\/media?parent=1851"}],"curies":[{"name":"wp","href":"https:\/\/api.w.org\/{rel}","templated":true}]}}