{"id":1855,"date":"2019-11-27T10:41:32","date_gmt":"2019-11-27T10:41:32","guid":{"rendered":"https:\/\/persimon.eu\/why-persimon-kaki\/"},"modified":"2019-11-28T15:55:10","modified_gmt":"2019-11-28T15:55:10","slug":"why-persimon-kaki","status":"publish","type":"page","link":"https:\/\/persimon.eu\/en\/the-persimon-kaki\/why-persimon-kaki\/","title":{"rendered":"Why Persimon\u00ae Kaki?"},"content":{"rendered":"<p>[et_pb_section fb_built=&#8221;1&#8243; admin_label=&#8221;IMAGEN FONDO&#8221; _builder_version=&#8221;3.29.3&#8243; background_color=&#8221;rgba(0,0,0,0)&#8221; custom_padding=&#8221;0px||0px||false|false&#8221; custom_css_main_element=&#8221;min-height: 100vh;||display: flex;||flex-direction: column;||z-index: 9;||margin-top: -70px;&#8221;][et_pb_row column_structure=&#8221;1_3,2_3&#8243; _builder_version=&#8221;4.0.6&#8243; background_enable_image=&#8221;off&#8221; width=&#8221;100%&#8221; max_width=&#8221;2560px&#8221; hover_enabled=&#8221;0&#8243; custom_css_main_element=&#8221;padding: 0 0;||margin: 0 0;&#8221;][et_pb_column type=&#8221;1_3&#8243; _builder_version=&#8221;3.29.3&#8243; custom_css_main_element=&#8221;margin: 0;&#8221;][et_pb_divider divider_style=&#8221;none&#8221; _builder_version=&#8221;3.29.3&#8243; height=&#8221;1px&#8221; max_height=&#8221;1000px&#8221; custom_margin=&#8221;0px||0px||false|false&#8221;][\/et_pb_divider][\/et_pb_column][et_pb_column type=&#8221;2_3&#8243; _builder_version=&#8221;4.0.6&#8243; background_color=&#8221;rgba(0,0,0,0)&#8221; background_image=&#8221;https:\/\/persimon.eu\/wp-content\/uploads\/2019\/11\/por-que.jpg&#8221; hover_enabled=&#8221;0&#8243;][et_pb_divider divider_style=&#8221;none&#8221; module_class=&#8221;fullHeight&#8221; _builder_version=&#8221;3.29.3&#8243; custom_margin=&#8221;0px||0px||false|false&#8221;][\/et_pb_divider][\/et_pb_column][\/et_pb_row][\/et_pb_section][et_pb_section fb_built=&#8221;1&#8243; admin_label=&#8221;CONTENIDO&#8221; _builder_version=&#8221;3.29.3&#8243; background_color=&#8221;rgba(0,0,0,0)&#8221; custom_margin=&#8221;||||false|false&#8221; custom_css_main_element=&#8221;z-index: 10;||top: 0;||left: 0;||position: absolute;||min-height: 100vh;||display: flex;||flex-direction: column;||width: 100%;&#8221;][et_pb_row make_equal=&#8221;on&#8221; disabled_on=&#8221;off|off|off&#8221; admin_label=&#8221;ROW BREADCRUMBS&#8221; _builder_version=&#8221;3.29.3&#8243; max_width=&#8221;2560px&#8221; custom_margin=&#8221;0px||0px||false|false&#8221; custom_padding=&#8221;0px||0px||false|false&#8221;][et_pb_column type=&#8221;4_4&#8243; _builder_version=&#8221;3.29.3&#8243;][et_pb_divider divider_style=&#8221;none&#8221; admin_label=&#8221;separadorTitular&#8221; module_class=&#8221;separadorTitular&#8221; _builder_version=&#8221;3.29.3&#8243; custom_margin=&#8221;0px||0px||false|false&#8221;][\/et_pb_divider][et_pb_code disabled_on=&#8221;on|on|off&#8221; admin_label=&#8221;Breadcrumbs&#8221; _builder_version=&#8221;3.29.3&#8243; custom_margin=&#8221;0px||0px||true|false&#8221;]<p id=\"breadcrumbs\"><span><span><a href=\"https:\/\/persimon.eu\/en\/\">Home<\/a><\/span><\/span><\/p>[\/et_pb_code][et_pb_divider divider_style=&#8221;none&#8221; disabled_on=&#8221;on|on|off&#8221; _builder_version=&#8221;3.29.3&#8243; height=&#8221;40px&#8221; custom_margin=&#8221;0px||0px||false|false&#8221;][\/et_pb_divider][\/et_pb_column][\/et_pb_row][et_pb_row column_structure=&#8221;2_5,3_5&#8243; make_equal=&#8221;on&#8221; _builder_version=&#8221;3.29.3&#8243; max_width=&#8221;2560px&#8221; custom_margin=&#8221;0px||0px||false|false&#8221; custom_padding=&#8221;0px||0px||false|false&#8221;][et_pb_column type=&#8221;2_5&#8243; _builder_version=&#8221;3.29.3&#8243;][et_pb_text module_class=&#8221;kaki-titular&#8221; _builder_version=&#8221;3.29.3&#8243; header_font_size=&#8221;60px&#8221; custom_margin=&#8221;||0px||false|false&#8221; custom_padding=&#8221;|50px||50px|false|true&#8221;]<\/p>\n<h1>Why Persimon\u00ae Kaki?<\/h1>\n<p>[\/et_pb_text][et_pb_slider arrows_custom_color=&#8221;#666666&#8243; dot_nav_custom_color=&#8221;#666666&#8243; admin_label=&#8221;Slider-Texto&#8221; module_class=&#8221;bloqueTexto80&#8243; _builder_version=&#8221;3.29.3&#8243; custom_margin=&#8221;0px||||false|false&#8221; custom_padding=&#8221;40px|50px|40px|50px|true|true&#8221;][et_pb_slide arrows_custom_color=&#8221;#666&#8243; dot_nav_custom_color=&#8221;#666&#8243; admin_title=&#8221;01&#8243; _builder_version=&#8221;3.29.3&#8243; body_text_align=&#8221;justify&#8221; body_text_color=&#8221;#666666&#8243; background_color=&#8221;rgba(0,0,0,0)&#8221; background_enable_color=&#8221;on&#8221; background_layout=&#8221;light&#8221; custom_padding=&#8221;50px|10px|50px|10px|false|false&#8221;]In the late 90s, we began eliminating astringency from our popular variety called &#8220;Rojo Brillante&#8221; or &#8220;Bright Red&#8221;. This caused a degree of confusion amongst consumers, who were used to the more traditional way of eating persimmons: overripe, with their intense red colour and almost jelly-like, soft flesh inside.<\/p>\n<p><strong>To make it easier to recognise this new way of eating persimmons, we introduced the registered trademark &#8220;Persimon\u00ae&#8221;<\/strong>. The aim was to tell the consumer via this brand that our kakis were now ready to eat. We grow orange kakis with firm, crisp flesh.[\/et_pb_slide][et_pb_slide arrows_custom_color=&#8221;#666&#8243; dot_nav_custom_color=&#8221;#666&#8243; admin_title=&#8221;02&#8243; _builder_version=&#8221;3.29.3&#8243; body_text_align=&#8221;justify&#8221; body_text_color=&#8221;#666666&#8243; background_color=&#8221;rgba(0,0,0,0)&#8221; background_enable_color=&#8221;on&#8221; background_layout=&#8221;light&#8221; custom_padding=&#8221;50px|10px|50px|10px|false|false&#8221;]Even today, many consumers think our Persimon\u00ae-brand kakis at the point of sale are still unripe. But in reality, 99% of the kakis you can find at stores are firm and crispy but totally ready to eat.<\/p>\n<p>When you buy a Persimon\u00ae-brand kaki with our Protected Designation of Origin \u201cKaki Ribera del X\u00faquer\u201d, you&#8217;ll be about to try a quality persimmon of unmatched taste that is fully ready to eat and enjoy.[\/et_pb_slide][\/et_pb_slider][\/et_pb_column][et_pb_column type=&#8221;3_5&#8243; _builder_version=&#8221;3.29.3&#8243; background_enable_image=&#8221;off&#8221;][et_pb_divider divider_style=&#8221;none&#8221; _builder_version=&#8221;3.29.3&#8243; height=&#8221;1px&#8221; max_height=&#8221;1000px&#8221; custom_margin=&#8221;0px||0px||false|false&#8221;][\/et_pb_divider][\/et_pb_column][\/et_pb_row][et_pb_row column_structure=&#8221;2_3,1_3&#8243; _builder_version=&#8221;3.29.3&#8243; max_width=&#8221;2560px&#8221; custom_margin=&#8221;0px||0px||false|false&#8221; custom_padding=&#8221;0px||0px||false|false&#8221;][et_pb_column type=&#8221;2_3&#8243; _builder_version=&#8221;3.29.3&#8243;][et_pb_text admin_label=&#8221;SubMenu&#8221; module_class=&#8221;submenu&#8221; _builder_version=&#8221;3.29.3&#8243; custom_margin=&#8221;||||false|false&#8221; custom_padding=&#8221;40px|50px|40px|50px|false|false&#8221;]<\/p>\n<ul>\n<li><a title=\"What are they?\" href=\"https:\/\/persimon.eu\/en\/the-persimon-kaki\/\">What are they?<\/a><\/li>\n<li class=\"active\"><a title=\"Why do we call them 'Persimon\u00ae Kakis'?\" href=\"https:\/\/persimon.eu\/en\/the-persimon-kaki\/why-persimon-kaki\/\">Why do we call them &#8220;Persimon\u00ae Kakis&#8221;?<\/a><\/li>\n<li><a title=\"How and when can we eat them?\" href=\"https:\/\/persimon.eu\/en\/the-persimon-kaki\/how-and-when-to-eat-persimon-kakis\/\">How and when can we eat them?<\/a><\/li>\n<li><a title=\"How to store\" href=\"https:\/\/persimon.eu\/en\/the-persimon-kaki\/how-to-store\/\">How to store<\/a><\/li>\n<li><a title=\"When to buy\" href=\"https:\/\/persimon.eu\/en\/the-persimon-kaki\/when-to-buy\/\">When to buy<\/a><\/li>\n<\/ul>\n<p>&nbsp;[\/et_pb_text][\/et_pb_column][et_pb_column type=&#8221;1_3&#8243; _builder_version=&#8221;3.29.3&#8243; background_enable_image=&#8221;off&#8221;][et_pb_divider divider_style=&#8221;none&#8221; _builder_version=&#8221;3.29.3&#8243; height=&#8221;1px&#8221; max_height=&#8221;1000px&#8221; custom_margin=&#8221;0px||0px||false|false&#8221;][\/et_pb_divider][\/et_pb_column][\/et_pb_row][\/et_pb_section]<\/p>\n","protected":false},"excerpt":{"rendered":"<p><p id=\"breadcrumbs\"><span><span><a href=\"https:\/\/persimon.eu\/en\/\">Home<\/a><\/span><\/span><\/p>Why Persimon\u00ae Kaki?In the late 90s, we began eliminating astringency from our popular variety called &#8220;Rojo Brillante&#8221; or &#8220;Bright Red&#8221;. This caused a degree of confusion amongst consumers, who were used to the more traditional way of eating persimmons: overripe, with their intense red colour and almost jelly-like, soft flesh inside. To make it easier to recognise this new way of eating persimmons, we introduced the registered trademark &#8220;Persimon\u00ae&#8221;. The aim was to tell the consumer via this brand that our kakis were now ready to eat. We grow orange kakis with firm, crisp flesh.Even today, many consumers think our Persimon\u00ae-brand kakis at the point of sale are still unripe. But in reality, 99% of the kakis you can find at stores are firm and crispy but totally ready to eat. When you buy a Persimon\u00ae-brand kaki with our Protected Designation of Origin \u201cKaki Ribera del X\u00faquer\u201d, you&#8217;ll be about to try a quality persimmon of unmatched taste that is fully ready to eat and enjoy. What are they? Why do we call them &#8220;Persimon\u00ae Kakis&#8221;? How and when can we eat them? How to store When to buy &nbsp;<\/p>\n","protected":false},"author":1,"featured_media":0,"parent":1859,"menu_order":0,"comment_status":"closed","ping_status":"closed","template":"","meta":{"_acf_changed":false,"_et_pb_use_builder":"on","_et_pb_old_content":"","_et_gb_content_width":"","footnotes":""},"class_list":["post-1855","page","type-page","status-publish","hentry"],"acf":[],"yoast_head":"<!-- This site is optimized with the Yoast SEO plugin v27.1.1 - https:\/\/yoast.com\/product\/yoast-seo-wordpress\/ -->\n<title>Why Persimon\u00ae Kaki? - DOP Kaki Ribera del X\u00faquer<\/title>\n<meta name=\"description\" content=\"When you buy a Persimon\u00ae brand kaki with Protected Designation of Origin \u201cKaki Ribera del X\u00faquer\u201d, you will be buying a kaki ready to eat of unmatched quality and taste.\" \/>\n<meta name=\"robots\" content=\"index, follow, max-snippet:-1, max-image-preview:large, max-video-preview:-1\" \/>\n<link rel=\"canonical\" href=\"https:\/\/persimon.eu\/en\/the-persimon-kaki\/why-persimon-kaki\/\" \/>\n<meta property=\"og:locale\" content=\"en_US\" \/>\n<meta property=\"og:type\" content=\"article\" \/>\n<meta property=\"og:title\" content=\"Why Persimon\u00ae Kaki? - DOP Kaki Ribera del X\u00faquer\" \/>\n<meta property=\"og:description\" content=\"When you buy a Persimon\u00ae brand kaki with Protected Designation of Origin \u201cKaki Ribera del X\u00faquer\u201d, you will be buying a kaki ready to eat of unmatched quality and taste.\" \/>\n<meta property=\"og:site_name\" content=\"DOP Kaki Ribera del X\u00faquer\" \/>\n<meta property=\"article:publisher\" content=\"https:\/\/www.facebook.com\/kakipersimonDOP\/\" \/>\n<meta property=\"article:modified_time\" content=\"2019-11-28T15:55:10+00:00\" \/>\n<meta name=\"twitter:card\" content=\"summary_large_image\" \/>\n<meta name=\"twitter:label1\" content=\"Est. reading time\" \/>\n\t<meta name=\"twitter:data1\" content=\"4 minutes\" \/>\n<script type=\"application\/ld+json\" class=\"yoast-schema-graph\">{\"@context\":\"https:\/\/schema.org\",\"@graph\":[{\"@type\":\"WebPage\",\"@id\":\"https:\/\/persimon.eu\/en\/the-persimon-kaki\/why-persimon-kaki\/\",\"url\":\"https:\/\/persimon.eu\/en\/the-persimon-kaki\/why-persimon-kaki\/\",\"name\":\"Why Persimon\u00ae Kaki? - DOP Kaki Ribera del X\u00faquer\",\"isPartOf\":{\"@id\":\"https:\/\/persimon.eu\/en\/#website\"},\"datePublished\":\"2019-11-27T10:41:32+00:00\",\"dateModified\":\"2019-11-28T15:55:10+00:00\",\"description\":\"When you buy a Persimon\u00ae brand kaki with Protected Designation of Origin \u201cKaki Ribera del X\u00faquer\u201d, you will be buying a kaki ready to eat of unmatched quality and taste.\",\"breadcrumb\":{\"@id\":\"https:\/\/persimon.eu\/en\/the-persimon-kaki\/why-persimon-kaki\/#breadcrumb\"},\"inLanguage\":\"en-US\",\"potentialAction\":[{\"@type\":\"ReadAction\",\"target\":[\"https:\/\/persimon.eu\/en\/the-persimon-kaki\/why-persimon-kaki\/\"]}]},{\"@type\":\"BreadcrumbList\",\"@id\":\"https:\/\/persimon.eu\/en\/the-persimon-kaki\/why-persimon-kaki\/#breadcrumb\",\"itemListElement\":[{\"@type\":\"ListItem\",\"position\":1,\"name\":\"Home\",\"item\":\"https:\/\/persimon.eu\/en\/\"},{\"@type\":\"ListItem\",\"position\":2,\"name\":\"The Persimon\u00ae Kaki\",\"item\":\"https:\/\/persimon.eu\/en\/the-persimon-kaki\/\"},{\"@type\":\"ListItem\",\"position\":3,\"name\":\"Why Persimon\u00ae Kaki?\"}]},{\"@type\":\"WebSite\",\"@id\":\"https:\/\/persimon.eu\/en\/#website\",\"url\":\"https:\/\/persimon.eu\/en\/\",\"name\":\"DOP Kaki Ribera del X\u00faquer\",\"description\":\"En nuestra web descubrir\u00e1s todo lo que rodea a nuestros kakis con D.O.P. Ribera del X\u00faquer.\",\"publisher\":{\"@id\":\"https:\/\/persimon.eu\/en\/#organization\"},\"potentialAction\":[{\"@type\":\"SearchAction\",\"target\":{\"@type\":\"EntryPoint\",\"urlTemplate\":\"https:\/\/persimon.eu\/en\/?s={search_term_string}\"},\"query-input\":{\"@type\":\"PropertyValueSpecification\",\"valueRequired\":true,\"valueName\":\"search_term_string\"}}],\"inLanguage\":\"en-US\"},{\"@type\":\"Organization\",\"@id\":\"https:\/\/persimon.eu\/en\/#organization\",\"name\":\"D.O.P Kaki Ribera del X\u00faquer\",\"url\":\"https:\/\/persimon.eu\/en\/\",\"logo\":{\"@type\":\"ImageObject\",\"inLanguage\":\"en-US\",\"@id\":\"https:\/\/persimon.eu\/en\/#\/schema\/logo\/image\/\",\"url\":\"https:\/\/persimon.eu\/wp-content\/uploads\/2019\/09\/logo-dop-kaki.png\",\"contentUrl\":\"https:\/\/persimon.eu\/wp-content\/uploads\/2019\/09\/logo-dop-kaki.png\",\"width\":227,\"height\":227,\"caption\":\"D.O.P Kaki Ribera del X\u00faquer\"},\"image\":{\"@id\":\"https:\/\/persimon.eu\/en\/#\/schema\/logo\/image\/\"},\"sameAs\":[\"https:\/\/www.facebook.com\/kakipersimonDOP\/\",\"https:\/\/www.instagram.com\/kakipersimon_\/\",\"https:\/\/www.youtube.com\/channel\/UC7Jcl7rqySAcWf0V1axJ7Bg\"]}]}<\/script>\n<!-- \/ Yoast SEO plugin. -->","yoast_head_json":{"title":"Why Persimon\u00ae Kaki? - DOP Kaki Ribera del X\u00faquer","description":"When you buy a Persimon\u00ae brand kaki with Protected Designation of Origin \u201cKaki Ribera del X\u00faquer\u201d, you will be buying a kaki ready to eat of unmatched quality and taste.","robots":{"index":"index","follow":"follow","max-snippet":"max-snippet:-1","max-image-preview":"max-image-preview:large","max-video-preview":"max-video-preview:-1"},"canonical":"https:\/\/persimon.eu\/en\/the-persimon-kaki\/why-persimon-kaki\/","og_locale":"en_US","og_type":"article","og_title":"Why Persimon\u00ae Kaki? - DOP Kaki Ribera del X\u00faquer","og_description":"When you buy a Persimon\u00ae brand kaki with Protected Designation of Origin \u201cKaki Ribera del X\u00faquer\u201d, you will be buying a kaki ready to eat of unmatched quality and taste.","og_site_name":"DOP Kaki Ribera del X\u00faquer","article_publisher":"https:\/\/www.facebook.com\/kakipersimonDOP\/","article_modified_time":"2019-11-28T15:55:10+00:00","twitter_card":"summary_large_image","twitter_misc":{"Est. reading time":"4 minutes"},"schema":{"@context":"https:\/\/schema.org","@graph":[{"@type":"WebPage","@id":"https:\/\/persimon.eu\/en\/the-persimon-kaki\/why-persimon-kaki\/","url":"https:\/\/persimon.eu\/en\/the-persimon-kaki\/why-persimon-kaki\/","name":"Why Persimon\u00ae Kaki? - DOP Kaki Ribera del X\u00faquer","isPartOf":{"@id":"https:\/\/persimon.eu\/en\/#website"},"datePublished":"2019-11-27T10:41:32+00:00","dateModified":"2019-11-28T15:55:10+00:00","description":"When you buy a Persimon\u00ae brand kaki with Protected Designation of Origin \u201cKaki Ribera del X\u00faquer\u201d, you will be buying a kaki ready to eat of unmatched quality and taste.","breadcrumb":{"@id":"https:\/\/persimon.eu\/en\/the-persimon-kaki\/why-persimon-kaki\/#breadcrumb"},"inLanguage":"en-US","potentialAction":[{"@type":"ReadAction","target":["https:\/\/persimon.eu\/en\/the-persimon-kaki\/why-persimon-kaki\/"]}]},{"@type":"BreadcrumbList","@id":"https:\/\/persimon.eu\/en\/the-persimon-kaki\/why-persimon-kaki\/#breadcrumb","itemListElement":[{"@type":"ListItem","position":1,"name":"Home","item":"https:\/\/persimon.eu\/en\/"},{"@type":"ListItem","position":2,"name":"The Persimon\u00ae Kaki","item":"https:\/\/persimon.eu\/en\/the-persimon-kaki\/"},{"@type":"ListItem","position":3,"name":"Why Persimon\u00ae Kaki?"}]},{"@type":"WebSite","@id":"https:\/\/persimon.eu\/en\/#website","url":"https:\/\/persimon.eu\/en\/","name":"DOP Kaki Ribera del X\u00faquer","description":"En nuestra web descubrir\u00e1s todo lo que rodea a nuestros kakis con D.O.P. Ribera del X\u00faquer.","publisher":{"@id":"https:\/\/persimon.eu\/en\/#organization"},"potentialAction":[{"@type":"SearchAction","target":{"@type":"EntryPoint","urlTemplate":"https:\/\/persimon.eu\/en\/?s={search_term_string}"},"query-input":{"@type":"PropertyValueSpecification","valueRequired":true,"valueName":"search_term_string"}}],"inLanguage":"en-US"},{"@type":"Organization","@id":"https:\/\/persimon.eu\/en\/#organization","name":"D.O.P Kaki Ribera del X\u00faquer","url":"https:\/\/persimon.eu\/en\/","logo":{"@type":"ImageObject","inLanguage":"en-US","@id":"https:\/\/persimon.eu\/en\/#\/schema\/logo\/image\/","url":"https:\/\/persimon.eu\/wp-content\/uploads\/2019\/09\/logo-dop-kaki.png","contentUrl":"https:\/\/persimon.eu\/wp-content\/uploads\/2019\/09\/logo-dop-kaki.png","width":227,"height":227,"caption":"D.O.P Kaki Ribera del X\u00faquer"},"image":{"@id":"https:\/\/persimon.eu\/en\/#\/schema\/logo\/image\/"},"sameAs":["https:\/\/www.facebook.com\/kakipersimonDOP\/","https:\/\/www.instagram.com\/kakipersimon_\/","https:\/\/www.youtube.com\/channel\/UC7Jcl7rqySAcWf0V1axJ7Bg"]}]}},"_links":{"self":[{"href":"https:\/\/persimon.eu\/en\/wp-json\/wp\/v2\/pages\/1855","targetHints":{"allow":["GET"]}}],"collection":[{"href":"https:\/\/persimon.eu\/en\/wp-json\/wp\/v2\/pages"}],"about":[{"href":"https:\/\/persimon.eu\/en\/wp-json\/wp\/v2\/types\/page"}],"author":[{"embeddable":true,"href":"https:\/\/persimon.eu\/en\/wp-json\/wp\/v2\/users\/1"}],"replies":[{"embeddable":true,"href":"https:\/\/persimon.eu\/en\/wp-json\/wp\/v2\/comments?post=1855"}],"version-history":[{"count":6,"href":"https:\/\/persimon.eu\/en\/wp-json\/wp\/v2\/pages\/1855\/revisions"}],"predecessor-version":[{"id":2023,"href":"https:\/\/persimon.eu\/en\/wp-json\/wp\/v2\/pages\/1855\/revisions\/2023"}],"up":[{"embeddable":true,"href":"https:\/\/persimon.eu\/en\/wp-json\/wp\/v2\/pages\/1859"}],"wp:attachment":[{"href":"https:\/\/persimon.eu\/en\/wp-json\/wp\/v2\/media?parent=1855"}],"curies":[{"name":"wp","href":"https:\/\/api.w.org\/{rel}","templated":true}]}}