{"id":1888,"date":"2019-11-27T13:02:41","date_gmt":"2019-11-27T13:02:41","guid":{"rendered":"https:\/\/persimon.eu\/persimmons\/"},"modified":"2020-11-02T08:21:59","modified_gmt":"2020-11-02T08:21:59","slug":"persimmons","status":"publish","type":"page","link":"https:\/\/persimon.eu\/en\/persimmons\/","title":{"rendered":"Persimmons"},"content":{"rendered":"<p>[et_pb_section fb_built=&#8221;1&#8243; admin_label=&#8221;CONTENIDO&#8221; _builder_version=&#8221;4.6.6&#8243; background_color=&#8221;rgba(0,0,0,0)&#8221; custom_margin=&#8221;||||false|false&#8221; custom_padding=&#8221;0px||||false|false&#8221; hover_enabled=&#8221;0&#8243; custom_css_main_element=&#8221;z-index: 10;||top: 0;||left: 0;||min-height: 100vh;||display: flex;||flex-direction: column;||width: 100%;&#8221; sticky_enabled=&#8221;0&#8243;][et_pb_row make_equal=&#8221;on&#8221; disabled_on=&#8221;off|off|off&#8221; admin_label=&#8221;ROW BREADCRUMBS&#8221; _builder_version=&#8221;3.29.3&#8243; max_width=&#8221;2560px&#8221; custom_margin=&#8221;0px||0px||false|false&#8221; custom_padding=&#8221;0px||0px||false|false&#8221;][et_pb_column type=&#8221;4_4&#8243; _builder_version=&#8221;3.29.3&#8243;][et_pb_divider divider_style=&#8221;none&#8221; admin_label=&#8221;separadorTitular&#8221; module_class=&#8221;separadorTitular&#8221; _builder_version=&#8221;3.29.3&#8243; custom_margin=&#8221;0px||0px||false|false&#8221;][\/et_pb_divider][et_pb_code disabled_on=&#8221;on|on|off&#8221; admin_label=&#8221;Breadcrumbs&#8221; _builder_version=&#8221;3.29.3&#8243; custom_margin=&#8221;0px||0px||true|false&#8221;]<p id=\"breadcrumbs\"><span><span><a href=\"https:\/\/persimon.eu\/en\/\">Home<\/a><\/span><\/span><\/p>[\/et_pb_code][et_pb_divider divider_style=&#8221;none&#8221; disabled_on=&#8221;on|on|off&#8221; _builder_version=&#8221;3.29.3&#8243; height=&#8221;40px&#8221; custom_margin=&#8221;0px||0px||false|false&#8221;][\/et_pb_divider][\/et_pb_column][\/et_pb_row][et_pb_row column_structure=&#8221;2_5,3_5&#8243; make_equal=&#8221;on&#8221; _builder_version=&#8221;3.29.3&#8243; max_width=&#8221;2560px&#8221; custom_margin=&#8221;0px||0px||false|false&#8221; custom_padding=&#8221;0px||0px||false|false&#8221;][et_pb_column type=&#8221;2_5&#8243; _builder_version=&#8221;3.29.3&#8243;][et_pb_text admin_label=&#8221;H1&#8243; module_class=&#8221;kaki-titular&#8221; _builder_version=&#8221;3.29.3&#8243; header_font_size=&#8221;60px&#8221; custom_margin=&#8221;||0px||false|false&#8221; custom_padding=&#8221;|50px||50px|false|true&#8221;]<\/p>\n<h1>Persimmons<\/h1>\n<p>[\/et_pb_text][et_pb_text module_class=&#8221;bloqueTexto80&#8243; _builder_version=&#8221;3.29.3&#8243; custom_margin=&#8221;0px||||false|false&#8221; custom_padding=&#8221;40px|50px|40px|50px|true|true&#8221;]<\/p>\n<h2>What are they?<\/h2>\n<p>The persimmon, which is called a &#8220;caqui&#8221; in Spanish (&#8220;kaki&#8221; is the botanical name), is a sweet, fleshy fruit of Asian origin that arrived in Europe between the 17th and 19th centuries, initially cultivated as an ornamental plant and for its hard wood (similar to ebony), much appreciated in woodworking.<\/p>\n<p>Currently, kaki cultivation in Spain is mostly concentrated along the east coast, although it has expanded in recent years to other areas.<\/p>\n<p>Persimmons were first cultivated in the 7th century in China, their country of origin, and then spontaneously expanded to Japan and Korea, where over 2,000 varieties or cultivars are listed.[\/et_pb_text][\/et_pb_column][et_pb_column type=&#8221;3_5&#8243; _builder_version=&#8221;3.29.3&#8243; background_enable_image=&#8221;off&#8221;][et_pb_text admin_label=&#8221;H2 &#8211; Ciclo de cultivo&#8221; module_class=&#8221;ciclocultivo&#8221; _builder_version=&#8221;3.29.3&#8243; header_2_text_align=&#8221;center&#8221;]<\/p>\n<h2>Crop cycle<\/h2>\n<p>[\/et_pb_text][dica_divi_carousel show_items_tablet=&#8221;4&#8243; dot_nav=&#8221;on&#8221; equal_height=&#8221;on&#8221; advanced_effect=&#8221;1&#8243; arrow_nav_color=&#8221;#666&#8243; arrow_bg_color=&#8221;rgba(255,255,255,0)&#8221; dots_color=&#8221;rgba(102,102,102,0.9)&#8221; dots_active_color=&#8221;#666&#8243; admin_label=&#8221;Ciclo de Cultivo&#8221; module_class=&#8221;ciclo_cultivo&#8221; _builder_version=&#8221;3.29.3&#8243; background_color=&#8221;rgba(0,0,0,0)&#8221; custom_margin=&#8221;||40px||false|false&#8221;][dica_divi_carouselitem title=&#8221;Winter&#8221; sub_title=&#8221;Pruning&#8221; button_url_new_window=&#8221;1&#8243; image=&#8221;https:\/\/persimon.eu\/wp-content\/uploads\/2019\/10\/invierno.png&#8221; module_class=&#8221;cicloC&#8221; image_padding=&#8221;15px||15px||true|false&#8221; content_padding=&#8221;10px||10px||true|false&#8221; _builder_version=&#8221;3.29.3&#8243; subtitle_text_align=&#8221;center&#8221;][\/dica_divi_carouselitem][dica_divi_carouselitem title=&#8221;Spring&#8221; sub_title=&#8221;Spring&#8221; button_url_new_window=&#8221;1&#8243; image=&#8221;https:\/\/persimon.eu\/wp-content\/uploads\/2019\/10\/primavera.png&#8221; module_class=&#8221;cicloC&#8221; image_padding=&#8221;15px||15px||true|false&#8221; content_padding=&#8221;10px||10px||true|false&#8221; _builder_version=&#8221;3.29.3&#8243; subtitle_text_align=&#8221;center&#8221;][\/dica_divi_carouselitem][dica_divi_carouselitem title=&#8221;Summer&#8221; sub_title=&#8221;Irrigation management Green pruning&#8221; button_url_new_window=&#8221;1&#8243; image=&#8221;https:\/\/persimon.eu\/wp-content\/uploads\/2019\/10\/verano.png&#8221; module_class=&#8221;cicloC&#8221; image_padding=&#8221;15px||15px||true|false&#8221; content_padding=&#8221;10px||10px||true|false&#8221; _builder_version=&#8221;3.29.3&#8243; subtitle_text_align=&#8221;center&#8221;][\/dica_divi_carouselitem][dica_divi_carouselitem title=&#8221;Autumn&#8221; sub_title=&#8221;Harvesting&#8221; button_url_new_window=&#8221;1&#8243; image=&#8221;https:\/\/persimon.eu\/wp-content\/uploads\/2019\/10\/invierno.png&#8221; module_class=&#8221;cicloC&#8221; image_padding=&#8221;15px||15px||true|false&#8221; content_padding=&#8221;10px||10px||true|false&#8221; _builder_version=&#8221;3.29.3&#8243; subtitle_text_align=&#8221;center&#8221;][\/dica_divi_carouselitem][\/dica_divi_carousel][\/et_pb_column][\/et_pb_row][et_pb_row column_structure=&#8221;2_3,1_3&#8243; _builder_version=&#8221;3.29.3&#8243; max_width=&#8221;2560px&#8221; custom_margin=&#8221;0px||0px||false|false&#8221; custom_padding=&#8221;0px||0px||false|false&#8221;][et_pb_column type=&#8221;2_3&#8243; _builder_version=&#8221;3.29.3&#8243;][et_pb_text admin_label=&#8221;SubMenu-el-kaki&#8221; module_class=&#8221;submenu&#8221; _builder_version=&#8221;3.29.3&#8243; custom_margin=&#8221;||||false|false&#8221; custom_padding=&#8221;40px|50px|40px|50px|false|false&#8221;]<\/p>\n<ul>\n<li class=\"active\"><a title=\"What are they?\" href=\"https:\/\/persimon.eu\/en\/persimmons\/\">What are they?<\/a><\/li>\n<li><a title=\"Bright Red Variety\" href=\"https:\/\/persimon.eu\/en\/persimmons\/bright-red-variety\/\">Bright Red Variety<\/a><\/li>\n<li><a title=\"Persimmons in Spain and in the world\" href=\"https:\/\/persimon.eu\/en\/persimmons\/persimmons-in-spain-and-in-the-world\/\">Persimmons in Spain and in the world<\/a><\/li>\n<\/ul>\n<p>&nbsp;[\/et_pb_text][\/et_pb_column][et_pb_column type=&#8221;1_3&#8243; _builder_version=&#8221;3.29.3&#8243; background_enable_image=&#8221;off&#8221;][et_pb_divider divider_style=&#8221;none&#8221; _builder_version=&#8221;3.29.3&#8243; height=&#8221;1px&#8221; max_height=&#8221;1000px&#8221; custom_margin=&#8221;0px||0px||false|false&#8221;][\/et_pb_divider][\/et_pb_column][\/et_pb_row][\/et_pb_section]<\/p>\n","protected":false},"excerpt":{"rendered":"<p><p id=\"breadcrumbs\"><span><span><a href=\"https:\/\/persimon.eu\/en\/\">Home<\/a><\/span><\/span><\/p>PersimmonsWhat are they? The persimmon, which is called a &#8220;caqui&#8221; in Spanish (&#8220;kaki&#8221; is the botanical name), is a sweet, fleshy fruit of Asian origin that arrived in Europe between the 17th and 19th centuries, initially cultivated as an ornamental plant and for its hard wood (similar to ebony), much appreciated in woodworking. Currently, kaki cultivation in Spain is mostly concentrated along the east coast, although it has expanded in recent years to other areas. Persimmons were first cultivated in the 7th century in China, their country of origin, and then spontaneously expanded to Japan and Korea, where over 2,000 varieties or cultivars are listed.Crop cycle<div class=\"et_pb_module dica_divi_carousel dica_divi_carousel_0 ciclo_cultivo\">\n\t\t\t\t\n\t\t\t\t\n\t\t\t\t\n\t\t\t\t\n\t\t\t\t\n\t\t\t\t\n\t\t\t\t<div class=\"et_pb_module_inner\">\n\t\t\t\t\t<div class=\"dica-container  desktop_middle-inside tablet_middle-inside mobile_middle-inside\" data-props='{\"desktop\":\"4\",\"tablet\":\"4\",\"mobile\":\"1\",\"speed\":\"500\",\"arrow\":\"off\",\"dots\":\"on\",\"autoplay\":\"off\",\"autoSpeed\":\"1000\",\"loop\":\"off\",\"item_spacing\":\"30\",\"center_mode\":\"off\",\"slider_effec\":\"1\",\"cover_rotate\":\"50\",\"pause_onhover\":\"off\",\"multislide\":\"off\",\"cfshadow\":\"on\",\"order\":\"0\",\"lazyload\":\"off\",\"lazybefore\":\"off\",\"scroller_effect\":\"off\",\"autowidth\":\"off\",\"item_spacing_tablet\":\"30\",\"item_spacing_phone\":\"30\",\"scroller_speed\":\"4000\",\"hashNavigation\":\"off\",\"simulatetouch\":\"off\",\"allowtouchmove\":\"off\",\"slide_row\":\"1\",\"slide_row_tablet\":\"1\",\"slide_row_phone\":\"1\",\"keyboard\":\"off\",\"mousewheel\":\"off\",\"autoplay_viewport\":\"\"}'>\n\t\t\t\t\t\t\t \t<div class=\"swiper-container\" >\n\t\t\t\t\t\t\t\t\t<div class=\"swiper-wrapper\"><div class=\"et_pb_module dica_divi_carouselitem dica_divi_carouselitem_0 cicloC\">\n\t\t\t\t\n\t\t\t\t\n\t\t\t\t\n\t\t\t\t\n\t\t\t\t\n\t\t\t\t\n\t\t\t\t<div class=\"et_pb_module_inner\">\n\t\t\t\t\t <div class=\"dica-item image_top\"   data-hash=\"dica_divi_carouselitem_0\">\n\t\t\t\t\t\t\t\t\t<div class=\"dica-image-container\"><span class=\"image\"><img loading=\"lazy\" decoding=\"async\" src=\"https:\/\/persimon.eu\/wp-content\/uploads\/2019\/10\/invierno.png\" srcset=\"https:\/\/persimon.eu\/wp-content\/uploads\/2019\/10\/invierno.png 356w, https:\/\/persimon.eu\/wp-content\/uploads\/2019\/10\/invierno-150x150.png 150w, https:\/\/persimon.eu\/wp-content\/uploads\/2019\/10\/invierno-300x300.png 300w\" alt=\"\" class=\"dica-item-image\" width=\"356\" height=\"356\"\/><\/span><\/div>\n\t\t\t\t\t\t\t\t\t<div class=\"dica-item-content\"><h4 class=\"item-title\">Winter<\/h4> <h6 class=\"item-subtitle\">Pruning<\/h6>       <\/div>\n\t\t\t\t\t\t\t<\/div>\n\t\t\t\t<\/div>\n\t\t\t<\/div><div class=\"et_pb_module dica_divi_carouselitem dica_divi_carouselitem_1 cicloC\">\n\t\t\t\t\n\t\t\t\t\n\t\t\t\t\n\t\t\t\t\n\t\t\t\t\n\t\t\t\t\n\t\t\t\t<div class=\"et_pb_module_inner\">\n\t\t\t\t\t <div class=\"dica-item image_top\"   data-hash=\"dica_divi_carouselitem_1\">\n\t\t\t\t\t\t\t\t\t<div class=\"dica-image-container\"><span class=\"image\"><img loading=\"lazy\" decoding=\"async\" src=\"https:\/\/persimon.eu\/wp-content\/uploads\/2019\/10\/primavera.png\" srcset=\"https:\/\/persimon.eu\/wp-content\/uploads\/2019\/10\/primavera.png 356w, https:\/\/persimon.eu\/wp-content\/uploads\/2019\/10\/primavera-150x150.png 150w, https:\/\/persimon.eu\/wp-content\/uploads\/2019\/10\/primavera-300x300.png 300w\" alt=\"\" class=\"dica-item-image\" width=\"356\" height=\"356\"\/><\/span><\/div>\n\t\t\t\t\t\t\t\t\t<div class=\"dica-item-content\"><h4 class=\"item-title\">Spring<\/h4> <h6 class=\"item-subtitle\">Spring<\/h6>       <\/div>\n\t\t\t\t\t\t\t<\/div>\n\t\t\t\t<\/div>\n\t\t\t<\/div><div class=\"et_pb_module dica_divi_carouselitem dica_divi_carouselitem_2 cicloC\">\n\t\t\t\t\n\t\t\t\t\n\t\t\t\t\n\t\t\t\t\n\t\t\t\t\n\t\t\t\t\n\t\t\t\t<div class=\"et_pb_module_inner\">\n\t\t\t\t\t <div class=\"dica-item image_top\"   data-hash=\"dica_divi_carouselitem_2\">\n\t\t\t\t\t\t\t\t\t<div class=\"dica-image-container\"><span class=\"image\"><img loading=\"lazy\" decoding=\"async\" src=\"https:\/\/persimon.eu\/wp-content\/uploads\/2019\/10\/verano.png\" srcset=\"https:\/\/persimon.eu\/wp-content\/uploads\/2019\/10\/verano.png 356w, https:\/\/persimon.eu\/wp-content\/uploads\/2019\/10\/verano-150x150.png 150w, https:\/\/persimon.eu\/wp-content\/uploads\/2019\/10\/verano-300x300.png 300w\" alt=\"\" class=\"dica-item-image\" width=\"356\" height=\"356\"\/><\/span><\/div>\n\t\t\t\t\t\t\t\t\t<div class=\"dica-item-content\"><h4 class=\"item-title\">Summer<\/h4> <h6 class=\"item-subtitle\">Irrigation management Green pruning<\/h6>       <\/div>\n\t\t\t\t\t\t\t<\/div>\n\t\t\t\t<\/div>\n\t\t\t<\/div><div class=\"et_pb_module dica_divi_carouselitem dica_divi_carouselitem_3 cicloC\">\n\t\t\t\t\n\t\t\t\t\n\t\t\t\t\n\t\t\t\t\n\t\t\t\t\n\t\t\t\t\n\t\t\t\t<div class=\"et_pb_module_inner\">\n\t\t\t\t\t <div class=\"dica-item image_top\"   data-hash=\"dica_divi_carouselitem_3\">\n\t\t\t\t\t\t\t\t\t<div class=\"dica-image-container\"><span class=\"image\"><img loading=\"lazy\" decoding=\"async\" src=\"https:\/\/persimon.eu\/wp-content\/uploads\/2019\/10\/invierno.png\" srcset=\"https:\/\/persimon.eu\/wp-content\/uploads\/2019\/10\/invierno.png 356w, https:\/\/persimon.eu\/wp-content\/uploads\/2019\/10\/invierno-150x150.png 150w, https:\/\/persimon.eu\/wp-content\/uploads\/2019\/10\/invierno-300x300.png 300w\" alt=\"\" class=\"dica-item-image\" width=\"356\" height=\"356\"\/><\/span><\/div>\n\t\t\t\t\t\t\t\t\t<div class=\"dica-item-content\"><h4 class=\"item-title\">Autumn<\/h4> <h6 class=\"item-subtitle\">Harvesting<\/h6>       <\/div>\n\t\t\t\t\t\t\t<\/div>\n\t\t\t\t<\/div>\n\t\t\t<\/div><\/div>\t\n\t\t\t\t\t\t\t\t<\/div>\t\n\t\t\t\t\t\t\t\t\n\t\t\t\t\t\t\t\t<div class=\"swiper-pagination dica-paination-0\"><\/div>\t\t\t\t\t\t\n\t\t\t\t\t\t\t<\/div>\n\t\t\t\t<\/div>\n\t\t\t<\/div> What are they? Bright Red Variety Persimmons in Spain and in the world &nbsp;<\/p>\n","protected":false},"author":1,"featured_media":0,"parent":0,"menu_order":0,"comment_status":"closed","ping_status":"closed","template":"","meta":{"_acf_changed":false,"_et_pb_use_builder":"on","_et_pb_old_content":"","_et_gb_content_width":"","footnotes":""},"class_list":["post-1888","page","type-page","status-publish","hentry"],"acf":[],"yoast_head":"<!-- This site is optimized with the Yoast SEO plugin v27.1.1 - https:\/\/yoast.com\/product\/yoast-seo-wordpress\/ -->\n<title>Persimmons - DOP Kaki Ribera del X\u00faquer<\/title>\n<meta name=\"description\" content=\"Persimmon is a sweet and fleshy fruit of Asian origin that arrived in Europe between the seventeenth and nineteenth centuries, initially cultivated as an ornamental plant and for its wood (rosewood), much appreciated in woodworking.\" \/>\n<meta name=\"robots\" content=\"index, follow, max-snippet:-1, max-image-preview:large, max-video-preview:-1\" \/>\n<link rel=\"canonical\" href=\"https:\/\/persimon.eu\/en\/persimmons\/\" \/>\n<meta property=\"og:locale\" content=\"en_US\" \/>\n<meta property=\"og:type\" content=\"article\" \/>\n<meta property=\"og:title\" content=\"Persimmons - DOP Kaki Ribera del X\u00faquer\" \/>\n<meta property=\"og:description\" content=\"Persimmon is a sweet and fleshy fruit of Asian origin that arrived in Europe between the seventeenth and nineteenth centuries, initially cultivated as an ornamental plant and for its wood (rosewood), much appreciated in woodworking.\" \/>\n<meta property=\"og:site_name\" content=\"DOP Kaki Ribera del X\u00faquer\" \/>\n<meta property=\"article:publisher\" content=\"https:\/\/www.facebook.com\/kakipersimonDOP\/\" \/>\n<meta property=\"article:modified_time\" content=\"2020-11-02T08:21:59+00:00\" \/>\n<meta name=\"twitter:card\" content=\"summary_large_image\" \/>\n<meta name=\"twitter:label1\" content=\"Est. reading time\" \/>\n\t<meta name=\"twitter:data1\" content=\"4 minutes\" \/>\n<script type=\"application\/ld+json\" class=\"yoast-schema-graph\">{\"@context\":\"https:\/\/schema.org\",\"@graph\":[{\"@type\":\"WebPage\",\"@id\":\"https:\/\/persimon.eu\/en\/persimmons\/\",\"url\":\"https:\/\/persimon.eu\/en\/persimmons\/\",\"name\":\"Persimmons - DOP Kaki Ribera del X\u00faquer\",\"isPartOf\":{\"@id\":\"https:\/\/persimon.eu\/en\/#website\"},\"datePublished\":\"2019-11-27T13:02:41+00:00\",\"dateModified\":\"2020-11-02T08:21:59+00:00\",\"description\":\"Persimmon is a sweet and fleshy fruit of Asian origin that arrived in Europe between the seventeenth and nineteenth centuries, initially cultivated as an ornamental plant and for its wood (rosewood), much appreciated in woodworking.\",\"breadcrumb\":{\"@id\":\"https:\/\/persimon.eu\/en\/persimmons\/#breadcrumb\"},\"inLanguage\":\"en-US\",\"potentialAction\":[{\"@type\":\"ReadAction\",\"target\":[\"https:\/\/persimon.eu\/en\/persimmons\/\"]}]},{\"@type\":\"BreadcrumbList\",\"@id\":\"https:\/\/persimon.eu\/en\/persimmons\/#breadcrumb\",\"itemListElement\":[{\"@type\":\"ListItem\",\"position\":1,\"name\":\"Home\",\"item\":\"https:\/\/persimon.eu\/en\/\"},{\"@type\":\"ListItem\",\"position\":2,\"name\":\"Persimmons\"}]},{\"@type\":\"WebSite\",\"@id\":\"https:\/\/persimon.eu\/en\/#website\",\"url\":\"https:\/\/persimon.eu\/en\/\",\"name\":\"DOP Kaki Ribera del X\u00faquer\",\"description\":\"En nuestra web descubrir\u00e1s todo lo que rodea a nuestros kakis con D.O.P. Ribera del X\u00faquer.\",\"publisher\":{\"@id\":\"https:\/\/persimon.eu\/en\/#organization\"},\"potentialAction\":[{\"@type\":\"SearchAction\",\"target\":{\"@type\":\"EntryPoint\",\"urlTemplate\":\"https:\/\/persimon.eu\/en\/?s={search_term_string}\"},\"query-input\":{\"@type\":\"PropertyValueSpecification\",\"valueRequired\":true,\"valueName\":\"search_term_string\"}}],\"inLanguage\":\"en-US\"},{\"@type\":\"Organization\",\"@id\":\"https:\/\/persimon.eu\/en\/#organization\",\"name\":\"D.O.P Kaki Ribera del X\u00faquer\",\"url\":\"https:\/\/persimon.eu\/en\/\",\"logo\":{\"@type\":\"ImageObject\",\"inLanguage\":\"en-US\",\"@id\":\"https:\/\/persimon.eu\/en\/#\/schema\/logo\/image\/\",\"url\":\"https:\/\/persimon.eu\/wp-content\/uploads\/2019\/09\/logo-dop-kaki.png\",\"contentUrl\":\"https:\/\/persimon.eu\/wp-content\/uploads\/2019\/09\/logo-dop-kaki.png\",\"width\":227,\"height\":227,\"caption\":\"D.O.P Kaki Ribera del X\u00faquer\"},\"image\":{\"@id\":\"https:\/\/persimon.eu\/en\/#\/schema\/logo\/image\/\"},\"sameAs\":[\"https:\/\/www.facebook.com\/kakipersimonDOP\/\",\"https:\/\/www.instagram.com\/kakipersimon_\/\",\"https:\/\/www.youtube.com\/channel\/UC7Jcl7rqySAcWf0V1axJ7Bg\"]}]}<\/script>\n<!-- \/ Yoast SEO plugin. -->","yoast_head_json":{"title":"Persimmons - DOP Kaki Ribera del X\u00faquer","description":"Persimmon is a sweet and fleshy fruit of Asian origin that arrived in Europe between the seventeenth and nineteenth centuries, initially cultivated as an ornamental plant and for its wood (rosewood), much appreciated in woodworking.","robots":{"index":"index","follow":"follow","max-snippet":"max-snippet:-1","max-image-preview":"max-image-preview:large","max-video-preview":"max-video-preview:-1"},"canonical":"https:\/\/persimon.eu\/en\/persimmons\/","og_locale":"en_US","og_type":"article","og_title":"Persimmons - DOP Kaki Ribera del X\u00faquer","og_description":"Persimmon is a sweet and fleshy fruit of Asian origin that arrived in Europe between the seventeenth and nineteenth centuries, initially cultivated as an ornamental plant and for its wood (rosewood), much appreciated in woodworking.","og_site_name":"DOP Kaki Ribera del X\u00faquer","article_publisher":"https:\/\/www.facebook.com\/kakipersimonDOP\/","article_modified_time":"2020-11-02T08:21:59+00:00","twitter_card":"summary_large_image","twitter_misc":{"Est. reading time":"4 minutes"},"schema":{"@context":"https:\/\/schema.org","@graph":[{"@type":"WebPage","@id":"https:\/\/persimon.eu\/en\/persimmons\/","url":"https:\/\/persimon.eu\/en\/persimmons\/","name":"Persimmons - DOP Kaki Ribera del X\u00faquer","isPartOf":{"@id":"https:\/\/persimon.eu\/en\/#website"},"datePublished":"2019-11-27T13:02:41+00:00","dateModified":"2020-11-02T08:21:59+00:00","description":"Persimmon is a sweet and fleshy fruit of Asian origin that arrived in Europe between the seventeenth and nineteenth centuries, initially cultivated as an ornamental plant and for its wood (rosewood), much appreciated in woodworking.","breadcrumb":{"@id":"https:\/\/persimon.eu\/en\/persimmons\/#breadcrumb"},"inLanguage":"en-US","potentialAction":[{"@type":"ReadAction","target":["https:\/\/persimon.eu\/en\/persimmons\/"]}]},{"@type":"BreadcrumbList","@id":"https:\/\/persimon.eu\/en\/persimmons\/#breadcrumb","itemListElement":[{"@type":"ListItem","position":1,"name":"Home","item":"https:\/\/persimon.eu\/en\/"},{"@type":"ListItem","position":2,"name":"Persimmons"}]},{"@type":"WebSite","@id":"https:\/\/persimon.eu\/en\/#website","url":"https:\/\/persimon.eu\/en\/","name":"DOP Kaki Ribera del X\u00faquer","description":"En nuestra web descubrir\u00e1s todo lo que rodea a nuestros kakis con D.O.P. Ribera del X\u00faquer.","publisher":{"@id":"https:\/\/persimon.eu\/en\/#organization"},"potentialAction":[{"@type":"SearchAction","target":{"@type":"EntryPoint","urlTemplate":"https:\/\/persimon.eu\/en\/?s={search_term_string}"},"query-input":{"@type":"PropertyValueSpecification","valueRequired":true,"valueName":"search_term_string"}}],"inLanguage":"en-US"},{"@type":"Organization","@id":"https:\/\/persimon.eu\/en\/#organization","name":"D.O.P Kaki Ribera del X\u00faquer","url":"https:\/\/persimon.eu\/en\/","logo":{"@type":"ImageObject","inLanguage":"en-US","@id":"https:\/\/persimon.eu\/en\/#\/schema\/logo\/image\/","url":"https:\/\/persimon.eu\/wp-content\/uploads\/2019\/09\/logo-dop-kaki.png","contentUrl":"https:\/\/persimon.eu\/wp-content\/uploads\/2019\/09\/logo-dop-kaki.png","width":227,"height":227,"caption":"D.O.P Kaki Ribera del X\u00faquer"},"image":{"@id":"https:\/\/persimon.eu\/en\/#\/schema\/logo\/image\/"},"sameAs":["https:\/\/www.facebook.com\/kakipersimonDOP\/","https:\/\/www.instagram.com\/kakipersimon_\/","https:\/\/www.youtube.com\/channel\/UC7Jcl7rqySAcWf0V1axJ7Bg"]}]}},"_links":{"self":[{"href":"https:\/\/persimon.eu\/en\/wp-json\/wp\/v2\/pages\/1888","targetHints":{"allow":["GET"]}}],"collection":[{"href":"https:\/\/persimon.eu\/en\/wp-json\/wp\/v2\/pages"}],"about":[{"href":"https:\/\/persimon.eu\/en\/wp-json\/wp\/v2\/types\/page"}],"author":[{"embeddable":true,"href":"https:\/\/persimon.eu\/en\/wp-json\/wp\/v2\/users\/1"}],"replies":[{"embeddable":true,"href":"https:\/\/persimon.eu\/en\/wp-json\/wp\/v2\/comments?post=1888"}],"version-history":[{"count":11,"href":"https:\/\/persimon.eu\/en\/wp-json\/wp\/v2\/pages\/1888\/revisions"}],"predecessor-version":[{"id":2637,"href":"https:\/\/persimon.eu\/en\/wp-json\/wp\/v2\/pages\/1888\/revisions\/2637"}],"wp:attachment":[{"href":"https:\/\/persimon.eu\/en\/wp-json\/wp\/v2\/media?parent=1888"}],"curies":[{"name":"wp","href":"https:\/\/api.w.org\/{rel}","templated":true}]}}