{"id":1890,"date":"2019-11-27T13:06:04","date_gmt":"2019-11-27T13:06:04","guid":{"rendered":"https:\/\/persimon.eu\/persimmons\/bright-red-variety\/"},"modified":"2019-11-29T08:28:24","modified_gmt":"2019-11-29T08:28:24","slug":"bright-red-variety","status":"publish","type":"page","link":"https:\/\/persimon.eu\/en\/persimmons\/bright-red-variety\/","title":{"rendered":"Bright Red Variety"},"content":{"rendered":"<p>[et_pb_section fb_built=&#8221;1&#8243; admin_label=&#8221;CONTENIDO&#8221; module_id=&#8221;rojo-brillante&#8221; _builder_version=&#8221;4.0.6&#8243; background_color=&#8221;rgba(0,0,0,0)&#8221; background_image=&#8221;https:\/\/persimon.eu\/wp-content\/uploads\/2019\/11\/rojo-brillante-scaled.png&#8221; background_size=&#8221;contain&#8221; custom_margin=&#8221;||||false|false&#8221; hover_enabled=&#8221;0&#8243; custom_css_main_element=&#8221;z-index: 10;||min-height: 100vh;||display: flex;||flex-direction: column;||width: 100%;&#8221;][et_pb_row make_equal=&#8221;on&#8221; disabled_on=&#8221;off|off|off&#8221; admin_label=&#8221;ROW BREADCRUMBS&#8221; _builder_version=&#8221;3.29.3&#8243; max_width=&#8221;2560px&#8221; custom_margin=&#8221;0px||0px||false|false&#8221; custom_padding=&#8221;0px||0px||false|false&#8221;][et_pb_column type=&#8221;4_4&#8243; _builder_version=&#8221;3.29.3&#8243;][et_pb_divider divider_style=&#8221;none&#8221; admin_label=&#8221;separadorTitular&#8221; module_class=&#8221;separadorTitular&#8221; _builder_version=&#8221;3.29.3&#8243; custom_margin=&#8221;0px||0px||false|false&#8221;][\/et_pb_divider][et_pb_code disabled_on=&#8221;on|on|off&#8221; admin_label=&#8221;Breadcrumbs&#8221; _builder_version=&#8221;3.29.3&#8243; custom_margin=&#8221;0px||0px||true|false&#8221;]<p id=\"breadcrumbs\"><span><span><a href=\"https:\/\/persimon.eu\/en\/\">Home<\/a><\/span><\/span><\/p>[\/et_pb_code][et_pb_divider divider_style=&#8221;none&#8221; disabled_on=&#8221;on|on|off&#8221; _builder_version=&#8221;3.29.3&#8243; height=&#8221;40px&#8221; custom_margin=&#8221;0px||0px||false|false&#8221;][\/et_pb_divider][\/et_pb_column][\/et_pb_row][et_pb_row column_structure=&#8221;2_5,3_5&#8243; make_equal=&#8221;on&#8221; _builder_version=&#8221;3.29.3&#8243; background_enable_image=&#8221;off&#8221; max_width=&#8221;2560px&#8221; custom_margin=&#8221;0px||0px||false|false&#8221; custom_padding=&#8221;0px||0px||false|false&#8221;][et_pb_column type=&#8221;2_5&#8243; _builder_version=&#8221;3.29.3&#8243;][et_pb_text admin_label=&#8221;H1&#8243; module_class=&#8221;kaki-titular&#8221; _builder_version=&#8221;3.29.3&#8243; header_font_size=&#8221;60px&#8221; custom_margin=&#8221;||0px||false|false&#8221; custom_padding=&#8221;|50px||50px|false|true&#8221;]<\/p>\n<h1>Bright Red Variety<\/h1>\n<p>[\/et_pb_text][et_pb_text module_class=&#8221;bloqueTexto80&#8243; _builder_version=&#8221;3.29.3&#8243; custom_margin=&#8221;0px||||false|false&#8221; custom_padding=&#8221;40px|50px|40px|50px|true|true&#8221;]<\/p>\n<h2>Crispy and ready to eat<\/h2>\n<p>The &#8220;Bright Red&#8221; (\u201cRojo Brillante\u201d) kaki is a local variety that originated naturally by spontaneous mutation in the mid-1950s from another local variety called &#8220;Crystalline&#8221;, which was also grown in the area of the Upper Banks of the River J\u00facar (Ribera Alta).<\/p>\n<p>In the late 1990s, we started using natural techniques to eliminate the astringency of this fruit, and this brought about a new way of eating and using this fruit, which is now known commercially as &#8220;Persimon\u00ae&#8221;, a registered trademark from the Designation of Origin providing consumers with ready-to-eat persimmons. This allowed us to expand commercialisation of this crop, offering consumers a new way to enjoy unique kakis with a longer commercial life and an incomparable flavour.[\/et_pb_text][\/et_pb_column][et_pb_column type=&#8221;3_5&#8243; _builder_version=&#8221;3.29.3&#8243; background_enable_image=&#8221;off&#8221;][et_pb_divider divider_style=&#8221;none&#8221; _builder_version=&#8221;3.29.3&#8243; height=&#8221;1px&#8221; max_height=&#8221;1000px&#8221; custom_margin=&#8221;0px||0px||false|false&#8221;][\/et_pb_divider][et_pb_text admin_label=&#8221;sobre la variedad&#8221; module_class=&#8221;rojo_brillante&#8221; _builder_version=&#8221;3.29.3&#8243; custom_margin=&#8221;||||false|false&#8221; custom_margin_last_edited=&#8221;off|desktop&#8221; custom_padding=&#8221;||||true|false&#8221;]<strong>Variety name<\/strong>: &#8220;Rojo Brillante&#8221; (Bright Red)<\/p>\n<p><strong>Origin:<\/strong> Ribera Alta (a district in Valencia province)<\/p>\n<p><strong>Shape:<\/strong> Oblong and large calibre<\/p>\n<p><strong>Availability:<\/strong> From October to January<\/p>\n<p><strong>Pulp<\/strong>: Crispy, firm and orange in colour, when astringency has been removed (sold under the Persimon\u00ae brand). Red and gelatinous texture when astringency has not been removed.<\/p>\n<p><strong>Flavour:<\/strong> Deliciously sweet and juicy[\/et_pb_text][\/et_pb_column][\/et_pb_row][et_pb_row module_class=&#8221;ds-vertical-align-end&#8221; _builder_version=&#8221;3.29.3&#8243; custom_margin=&#8221;50px||||false|false&#8221;][et_pb_column type=&#8221;4_4&#8243; module_class=&#8221;ds-vertical-align-end&#8221; _builder_version=&#8221;3.29.3&#8243;][et_pb_text admin_label=&#8221;ver otras variedades&#8221; _builder_version=&#8221;3.29.3&#8243; text_orientation=&#8221;center&#8221; custom_margin=&#8221;||||false|false&#8221; custom_padding=&#8221;||||false|false&#8221;]<\/p>\n<p style=\"text-align: center;\"><a href=\"#otras-variedades\">Other varieties<\/a><\/p>\n<p><a href=\"#otras-variedades\"><img loading=\"lazy\" decoding=\"async\" class=\"wp-image-821 alignnone size-full\" style=\"display: block; margin-left: auto; margin-right: auto;\" src=\"https:\/\/persimon.eu\/wp-content\/uploads\/2019\/10\/arrow-down.png\" alt=\"\" width=\"50\" height=\"28\" \/><\/a>[\/et_pb_text][\/et_pb_column][\/et_pb_row][\/et_pb_section][et_pb_section fb_built=&#8221;1&#8243; admin_label=&#8221;OTRAS VARIEDADES&#8221; module_id=&#8221;otras-variedades&#8221; _builder_version=&#8221;3.29.3&#8243; background_color=&#8221;rgba(0,0,0,0)&#8221; background_enable_image=&#8221;off&#8221; background_size=&#8221;contain&#8221; custom_margin=&#8221;||||false|false&#8221; custom_css_main_element=&#8221;z-index: 10;||min-height: 100vh;||display: flex;||flex-direction: column;||width: 100%;&#8221;][et_pb_row column_structure=&#8221;2_5,3_5&#8243; make_equal=&#8221;on&#8221; _builder_version=&#8221;3.29.3&#8243; background_enable_image=&#8221;off&#8221; max_width=&#8221;2560px&#8221; custom_margin=&#8221;0px||0px||false|false&#8221; custom_padding=&#8221;0px||0px||false|false&#8221;][et_pb_column type=&#8221;2_5&#8243; _builder_version=&#8221;3.29.3&#8243;][et_pb_text module_class=&#8221;kaki-titular&#8221; _builder_version=&#8221;3.29.3&#8243; header_font_size=&#8221;60px&#8221; custom_margin=&#8221;||0px||false|false&#8221; custom_padding=&#8221;|50px||50px|false|true&#8221;]<\/p>\n<h2>Other varieties<\/h2>\n<p>[\/et_pb_text][et_pb_text module_class=&#8221;bloqueTexto80&#8243; _builder_version=&#8221;3.29.3&#8243; custom_margin=&#8221;0px||||false|false&#8221; custom_padding=&#8221;40px|50px|40px|50px|true|true&#8221;]Although classification of the different varieties of kakis in the scientific community is done differently, to simplify we divide persimmons into ASTRINGENT and NON-ASTRINGENT VARIETIES with respect to consumption.<\/p>\n<p>Therefore, it is very important to know what &#8220;astringency&#8221; is:<\/p>\n<p>Astringency causes a dry sensation in the mouth and a contraction of the tongue, producing an unpleasant feeling of roughness, dryness and bitterness.<\/p>\n<p>This is caused by the presence of tannins in some varieties of persimmons. The interaction of tannins with proteins on the surface of the tongue gives rise to the astringency effect.<\/p>\n<p>Astringent varieties of kakis have a high tannin content, but when overripe they become insoluble and are not readily perceived. But if astringent varieties are eaten when not yet overripe, the tannins present in the fruit cause this unpleasant effect, which only lasts a few minutes.[\/et_pb_text][\/et_pb_column][et_pb_column type=&#8221;3_5&#8243; module_class=&#8221;ds-vertical-align&#8221; _builder_version=&#8221;3.29.3&#8243; background_enable_image=&#8221;off&#8221;][et_pb_divider divider_style=&#8221;none&#8221; _builder_version=&#8221;3.29.3&#8243; height=&#8221;1px&#8221; max_height=&#8221;1000px&#8221; custom_margin=&#8221;0px||0px||false|false&#8221;][\/et_pb_divider][dica_divi_carousel show_items_desktop=&#8221;1&#8243; show_items_tablet=&#8221;1&#8243; centermode=&#8221;on&#8221; arrow_nav=&#8221;on&#8221; dot_nav=&#8221;on&#8221; equal_height=&#8221;on&#8221; advanced_effect=&#8221;1&#8243; arrow_nav_color=&#8221;#666666&#8243; arrow_bg_color=&#8221;rgba(0,0,0,0)&#8221; dots_color=&#8221;rgba(102,102,102,0.7)&#8221; dots_active_color=&#8221;#666666&#8243; align=&#8221;center&#8221; image_sizing=&#8221;90%&#8221; arrow_show_hover=&#8221;on&#8221; admin_label=&#8221;Variedades&#8221; _builder_version=&#8221;3.29.3&#8243; background_color=&#8221;rgba(0,0,0,0)&#8221; max_width=&#8221;450px&#8221; max_width_tablet=&#8221;450px&#8221; max_width_phone=&#8221;100%&#8221; max_width_last_edited=&#8221;on|phone&#8221; module_alignment=&#8221;center&#8221; custom_margin=&#8221;40px||40px||true|false&#8221;][dica_divi_carouselitem title=&#8221;Caquis Astringentes&#8221; button_url_new_window=&#8221;1&#8243; image=&#8221;https:\/\/persimon.eu\/wp-content\/uploads\/2019\/10\/kaki-astringente-1.png&#8221; image_padding=&#8221;||20px||false|false&#8221; _builder_version=&#8221;3.29.3&#8243;][\/dica_divi_carouselitem][dica_divi_carouselitem title=&#8221;Caquis no Astringentes&#8221; button_url_new_window=&#8221;1&#8243; image=&#8221;https:\/\/persimon.eu\/wp-content\/uploads\/2019\/10\/kaki-no-astringente-1.png&#8221; image_padding=&#8221;||20px||false|false&#8221; _builder_version=&#8221;3.29.3&#8243;][\/dica_divi_carouselitem][\/dica_divi_carousel][\/et_pb_column][\/et_pb_row][et_pb_row column_structure=&#8221;2_3,1_3&#8243; _builder_version=&#8221;3.29.3&#8243; max_width=&#8221;2560px&#8221; custom_margin=&#8221;0px||0px||false|false&#8221; custom_padding=&#8221;0px||0px||false|false&#8221;][et_pb_column type=&#8221;2_3&#8243; _builder_version=&#8221;3.29.3&#8243;][et_pb_text admin_label=&#8221;SubMenu-el-kaki&#8221; module_class=&#8221;submenu&#8221; _builder_version=&#8221;3.29.3&#8243; custom_margin=&#8221;||||false|false&#8221; custom_padding=&#8221;40px|50px|40px|50px|false|false&#8221;]<\/p>\n<ul>\n<li><a title=\"What are they?\" href=\"https:\/\/persimon.eu\/en\/persimmons\/\">What are they?<\/a><\/li>\n<li class=\"active\"><a title=\"Bright Red Variety\" href=\"https:\/\/persimon.eu\/en\/persimmons\/bright-red-variety\/\">Bright Red Variety<\/a><\/li>\n<li><a title=\"Persimmons in Spain and in the world\" href=\"https:\/\/persimon.eu\/en\/persimmons\/persimmons-in-spain-and-in-the-world\/\">Persimmons in Spain and in the world<\/a><\/li>\n<\/ul>\n<p>&nbsp;[\/et_pb_text][\/et_pb_column][et_pb_column type=&#8221;1_3&#8243; _builder_version=&#8221;3.29.3&#8243; background_enable_image=&#8221;off&#8221;][et_pb_divider divider_style=&#8221;none&#8221; _builder_version=&#8221;3.29.3&#8243; height=&#8221;1px&#8221; max_height=&#8221;1000px&#8221; custom_margin=&#8221;0px||0px||false|false&#8221;][\/et_pb_divider][\/et_pb_column][\/et_pb_row][et_pb_row column_structure=&#8221;1_3,1_3,1_3&#8243; _builder_version=&#8221;3.29.3&#8243;][et_pb_column type=&#8221;1_3&#8243; _builder_version=&#8221;3.29.3&#8243;][\/et_pb_column][et_pb_column type=&#8221;1_3&#8243; _builder_version=&#8221;3.29.3&#8243;][et_pb_text _builder_version=&#8221;3.29.3&#8243; text_orientation=&#8221;center&#8221; custom_margin=&#8221;0px||0px||false|false&#8221; custom_padding=&#8221;0px||0px||false|false&#8221;]<a href=\"#rojo-brillante\"><img loading=\"lazy\" decoding=\"async\" class=\"wp-image-821 alignnone size-full\" style=\"display: block; margin-left: auto; margin-right: auto;\" src=\"https:\/\/persimon.eu\/wp-content\/uploads\/2019\/10\/arrow-up.png\" alt=\"\" width=\"50\" height=\"28\" \/><\/a>[\/et_pb_text][\/et_pb_column][et_pb_column type=&#8221;1_3&#8243; _builder_version=&#8221;3.29.3&#8243;][\/et_pb_column][\/et_pb_row][\/et_pb_section]<\/p>\n","protected":false},"excerpt":{"rendered":"<p><p id=\"breadcrumbs\"><span><span><a href=\"https:\/\/persimon.eu\/en\/\">Home<\/a><\/span><\/span><\/p>Bright Red VarietyCrispy and ready to eat The &#8220;Bright Red&#8221; (\u201cRojo Brillante\u201d) kaki is a local variety that originated naturally by spontaneous mutation in the mid-1950s from another local variety called &#8220;Crystalline&#8221;, which was also grown in the area of the Upper Banks of the River J\u00facar (Ribera Alta). In the late 1990s, we started using natural techniques to eliminate the astringency of this fruit, and this brought about a new way of eating and using this fruit, which is now known commercially as &#8220;Persimon\u00ae&#8221;, a registered trademark from the Designation of Origin providing consumers with ready-to-eat persimmons. This allowed us to expand commercialisation of this crop, offering consumers a new way to enjoy unique kakis with a longer commercial life and an incomparable flavour.Variety name: &#8220;Rojo Brillante&#8221; (Bright Red) Origin: Ribera Alta (a district in Valencia province) Shape: Oblong and large calibre Availability: From October to January Pulp: Crispy, firm and orange in colour, when astringency has been removed (sold under the Persimon\u00ae brand). Red and gelatinous texture when astringency has not been removed. Flavour: Deliciously sweet and juicyOther varieties Other varietiesAlthough classification of the different varieties of kakis in the scientific community is done differently, to simplify we [&hellip;]<\/p>\n","protected":false},"author":1,"featured_media":0,"parent":1888,"menu_order":0,"comment_status":"closed","ping_status":"closed","template":"","meta":{"_acf_changed":false,"_et_pb_use_builder":"on","_et_pb_old_content":"","_et_gb_content_width":"","footnotes":""},"class_list":["post-1890","page","type-page","status-publish","hentry"],"acf":[],"yoast_head":"<!-- This site is optimized with the Yoast SEO plugin v27.1.1 - https:\/\/yoast.com\/product\/yoast-seo-wordpress\/ -->\n<title>Bright Red Variety - DOP Kaki Ribera del X\u00faquer<\/title>\n<meta name=\"description\" content=\"The bright red kaki is a local variety that originated naturally, by spontaneous mutation in the mid-fifties\" \/>\n<meta name=\"robots\" content=\"index, follow, max-snippet:-1, max-image-preview:large, max-video-preview:-1\" \/>\n<link rel=\"canonical\" href=\"https:\/\/persimon.eu\/en\/persimmons\/bright-red-variety\/\" \/>\n<meta property=\"og:locale\" content=\"en_US\" \/>\n<meta property=\"og:type\" content=\"article\" \/>\n<meta property=\"og:title\" content=\"Bright Red Variety - DOP Kaki Ribera del X\u00faquer\" \/>\n<meta property=\"og:description\" content=\"The bright red kaki is a local variety that originated naturally, by spontaneous mutation in the mid-fifties\" \/>\n<meta property=\"og:site_name\" content=\"DOP Kaki Ribera del X\u00faquer\" \/>\n<meta property=\"article:publisher\" content=\"https:\/\/www.facebook.com\/kakipersimonDOP\/\" \/>\n<meta property=\"article:modified_time\" content=\"2019-11-29T08:28:24+00:00\" \/>\n<meta property=\"og:image\" content=\"https:\/\/persimon.eu\/wp-content\/uploads\/2019\/10\/arrow-down.png\" \/>\n<meta name=\"twitter:card\" content=\"summary_large_image\" \/>\n<meta name=\"twitter:label1\" content=\"Est. reading time\" \/>\n\t<meta name=\"twitter:data1\" content=\"6 minutes\" \/>\n<script type=\"application\/ld+json\" class=\"yoast-schema-graph\">{\"@context\":\"https:\/\/schema.org\",\"@graph\":[{\"@type\":\"WebPage\",\"@id\":\"https:\/\/persimon.eu\/en\/persimmons\/bright-red-variety\/\",\"url\":\"https:\/\/persimon.eu\/en\/persimmons\/bright-red-variety\/\",\"name\":\"Bright Red Variety - DOP Kaki Ribera del X\u00faquer\",\"isPartOf\":{\"@id\":\"https:\/\/persimon.eu\/en\/#website\"},\"primaryImageOfPage\":{\"@id\":\"https:\/\/persimon.eu\/en\/persimmons\/bright-red-variety\/#primaryimage\"},\"image\":{\"@id\":\"https:\/\/persimon.eu\/en\/persimmons\/bright-red-variety\/#primaryimage\"},\"thumbnailUrl\":\"https:\/\/persimon.eu\/wp-content\/uploads\/2019\/10\/arrow-down.png\",\"datePublished\":\"2019-11-27T13:06:04+00:00\",\"dateModified\":\"2019-11-29T08:28:24+00:00\",\"description\":\"The bright red kaki is a local variety that originated naturally, by spontaneous mutation in the mid-fifties\",\"breadcrumb\":{\"@id\":\"https:\/\/persimon.eu\/en\/persimmons\/bright-red-variety\/#breadcrumb\"},\"inLanguage\":\"en-US\",\"potentialAction\":[{\"@type\":\"ReadAction\",\"target\":[\"https:\/\/persimon.eu\/en\/persimmons\/bright-red-variety\/\"]}]},{\"@type\":\"ImageObject\",\"inLanguage\":\"en-US\",\"@id\":\"https:\/\/persimon.eu\/en\/persimmons\/bright-red-variety\/#primaryimage\",\"url\":\"https:\/\/persimon.eu\/wp-content\/uploads\/2019\/10\/arrow-down.png\",\"contentUrl\":\"https:\/\/persimon.eu\/wp-content\/uploads\/2019\/10\/arrow-down.png\"},{\"@type\":\"BreadcrumbList\",\"@id\":\"https:\/\/persimon.eu\/en\/persimmons\/bright-red-variety\/#breadcrumb\",\"itemListElement\":[{\"@type\":\"ListItem\",\"position\":1,\"name\":\"Home\",\"item\":\"https:\/\/persimon.eu\/en\/\"},{\"@type\":\"ListItem\",\"position\":2,\"name\":\"Persimmons\",\"item\":\"https:\/\/persimon.eu\/en\/persimmons\/\"},{\"@type\":\"ListItem\",\"position\":3,\"name\":\"Bright Red Variety\"}]},{\"@type\":\"WebSite\",\"@id\":\"https:\/\/persimon.eu\/en\/#website\",\"url\":\"https:\/\/persimon.eu\/en\/\",\"name\":\"DOP Kaki Ribera del X\u00faquer\",\"description\":\"En nuestra web descubrir\u00e1s todo lo que rodea a nuestros kakis con D.O.P. Ribera del X\u00faquer.\",\"publisher\":{\"@id\":\"https:\/\/persimon.eu\/en\/#organization\"},\"potentialAction\":[{\"@type\":\"SearchAction\",\"target\":{\"@type\":\"EntryPoint\",\"urlTemplate\":\"https:\/\/persimon.eu\/en\/?s={search_term_string}\"},\"query-input\":{\"@type\":\"PropertyValueSpecification\",\"valueRequired\":true,\"valueName\":\"search_term_string\"}}],\"inLanguage\":\"en-US\"},{\"@type\":\"Organization\",\"@id\":\"https:\/\/persimon.eu\/en\/#organization\",\"name\":\"D.O.P Kaki Ribera del X\u00faquer\",\"url\":\"https:\/\/persimon.eu\/en\/\",\"logo\":{\"@type\":\"ImageObject\",\"inLanguage\":\"en-US\",\"@id\":\"https:\/\/persimon.eu\/en\/#\/schema\/logo\/image\/\",\"url\":\"https:\/\/persimon.eu\/wp-content\/uploads\/2019\/09\/logo-dop-kaki.png\",\"contentUrl\":\"https:\/\/persimon.eu\/wp-content\/uploads\/2019\/09\/logo-dop-kaki.png\",\"width\":227,\"height\":227,\"caption\":\"D.O.P Kaki Ribera del X\u00faquer\"},\"image\":{\"@id\":\"https:\/\/persimon.eu\/en\/#\/schema\/logo\/image\/\"},\"sameAs\":[\"https:\/\/www.facebook.com\/kakipersimonDOP\/\",\"https:\/\/www.instagram.com\/kakipersimon_\/\",\"https:\/\/www.youtube.com\/channel\/UC7Jcl7rqySAcWf0V1axJ7Bg\"]}]}<\/script>\n<!-- \/ Yoast SEO plugin. -->","yoast_head_json":{"title":"Bright Red Variety - DOP Kaki Ribera del X\u00faquer","description":"The bright red kaki is a local variety that originated naturally, by spontaneous mutation in the mid-fifties","robots":{"index":"index","follow":"follow","max-snippet":"max-snippet:-1","max-image-preview":"max-image-preview:large","max-video-preview":"max-video-preview:-1"},"canonical":"https:\/\/persimon.eu\/en\/persimmons\/bright-red-variety\/","og_locale":"en_US","og_type":"article","og_title":"Bright Red Variety - DOP Kaki Ribera del X\u00faquer","og_description":"The bright red kaki is a local variety that originated naturally, by spontaneous mutation in the mid-fifties","og_site_name":"DOP Kaki Ribera del X\u00faquer","article_publisher":"https:\/\/www.facebook.com\/kakipersimonDOP\/","article_modified_time":"2019-11-29T08:28:24+00:00","og_image":[{"url":"https:\/\/persimon.eu\/wp-content\/uploads\/2019\/10\/arrow-down.png","type":"","width":"","height":""}],"twitter_card":"summary_large_image","twitter_misc":{"Est. reading time":"6 minutes"},"schema":{"@context":"https:\/\/schema.org","@graph":[{"@type":"WebPage","@id":"https:\/\/persimon.eu\/en\/persimmons\/bright-red-variety\/","url":"https:\/\/persimon.eu\/en\/persimmons\/bright-red-variety\/","name":"Bright Red Variety - DOP Kaki Ribera del X\u00faquer","isPartOf":{"@id":"https:\/\/persimon.eu\/en\/#website"},"primaryImageOfPage":{"@id":"https:\/\/persimon.eu\/en\/persimmons\/bright-red-variety\/#primaryimage"},"image":{"@id":"https:\/\/persimon.eu\/en\/persimmons\/bright-red-variety\/#primaryimage"},"thumbnailUrl":"https:\/\/persimon.eu\/wp-content\/uploads\/2019\/10\/arrow-down.png","datePublished":"2019-11-27T13:06:04+00:00","dateModified":"2019-11-29T08:28:24+00:00","description":"The bright red kaki is a local variety that originated naturally, by spontaneous mutation in the mid-fifties","breadcrumb":{"@id":"https:\/\/persimon.eu\/en\/persimmons\/bright-red-variety\/#breadcrumb"},"inLanguage":"en-US","potentialAction":[{"@type":"ReadAction","target":["https:\/\/persimon.eu\/en\/persimmons\/bright-red-variety\/"]}]},{"@type":"ImageObject","inLanguage":"en-US","@id":"https:\/\/persimon.eu\/en\/persimmons\/bright-red-variety\/#primaryimage","url":"https:\/\/persimon.eu\/wp-content\/uploads\/2019\/10\/arrow-down.png","contentUrl":"https:\/\/persimon.eu\/wp-content\/uploads\/2019\/10\/arrow-down.png"},{"@type":"BreadcrumbList","@id":"https:\/\/persimon.eu\/en\/persimmons\/bright-red-variety\/#breadcrumb","itemListElement":[{"@type":"ListItem","position":1,"name":"Home","item":"https:\/\/persimon.eu\/en\/"},{"@type":"ListItem","position":2,"name":"Persimmons","item":"https:\/\/persimon.eu\/en\/persimmons\/"},{"@type":"ListItem","position":3,"name":"Bright Red Variety"}]},{"@type":"WebSite","@id":"https:\/\/persimon.eu\/en\/#website","url":"https:\/\/persimon.eu\/en\/","name":"DOP Kaki Ribera del X\u00faquer","description":"En nuestra web descubrir\u00e1s todo lo que rodea a nuestros kakis con D.O.P. Ribera del X\u00faquer.","publisher":{"@id":"https:\/\/persimon.eu\/en\/#organization"},"potentialAction":[{"@type":"SearchAction","target":{"@type":"EntryPoint","urlTemplate":"https:\/\/persimon.eu\/en\/?s={search_term_string}"},"query-input":{"@type":"PropertyValueSpecification","valueRequired":true,"valueName":"search_term_string"}}],"inLanguage":"en-US"},{"@type":"Organization","@id":"https:\/\/persimon.eu\/en\/#organization","name":"D.O.P Kaki Ribera del X\u00faquer","url":"https:\/\/persimon.eu\/en\/","logo":{"@type":"ImageObject","inLanguage":"en-US","@id":"https:\/\/persimon.eu\/en\/#\/schema\/logo\/image\/","url":"https:\/\/persimon.eu\/wp-content\/uploads\/2019\/09\/logo-dop-kaki.png","contentUrl":"https:\/\/persimon.eu\/wp-content\/uploads\/2019\/09\/logo-dop-kaki.png","width":227,"height":227,"caption":"D.O.P Kaki Ribera del X\u00faquer"},"image":{"@id":"https:\/\/persimon.eu\/en\/#\/schema\/logo\/image\/"},"sameAs":["https:\/\/www.facebook.com\/kakipersimonDOP\/","https:\/\/www.instagram.com\/kakipersimon_\/","https:\/\/www.youtube.com\/channel\/UC7Jcl7rqySAcWf0V1axJ7Bg"]}]}},"_links":{"self":[{"href":"https:\/\/persimon.eu\/en\/wp-json\/wp\/v2\/pages\/1890","targetHints":{"allow":["GET"]}}],"collection":[{"href":"https:\/\/persimon.eu\/en\/wp-json\/wp\/v2\/pages"}],"about":[{"href":"https:\/\/persimon.eu\/en\/wp-json\/wp\/v2\/types\/page"}],"author":[{"embeddable":true,"href":"https:\/\/persimon.eu\/en\/wp-json\/wp\/v2\/users\/1"}],"replies":[{"embeddable":true,"href":"https:\/\/persimon.eu\/en\/wp-json\/wp\/v2\/comments?post=1890"}],"version-history":[{"count":4,"href":"https:\/\/persimon.eu\/en\/wp-json\/wp\/v2\/pages\/1890\/revisions"}],"predecessor-version":[{"id":2173,"href":"https:\/\/persimon.eu\/en\/wp-json\/wp\/v2\/pages\/1890\/revisions\/2173"}],"up":[{"embeddable":true,"href":"https:\/\/persimon.eu\/en\/wp-json\/wp\/v2\/pages\/1888"}],"wp:attachment":[{"href":"https:\/\/persimon.eu\/en\/wp-json\/wp\/v2\/media?parent=1890"}],"curies":[{"name":"wp","href":"https:\/\/api.w.org\/{rel}","templated":true}]}}