{"id":1894,"date":"2019-11-27T13:07:55","date_gmt":"2019-11-27T13:07:55","guid":{"rendered":"https:\/\/persimon.eu\/persimmons\/persimmons-in-spain-and-in-the-world\/"},"modified":"2020-11-02T08:22:44","modified_gmt":"2020-11-02T08:22:44","slug":"persimmons-in-spain-and-in-the-world","status":"publish","type":"page","link":"https:\/\/persimon.eu\/en\/persimmons\/persimmons-in-spain-and-in-the-world\/","title":{"rendered":"Persimmons in Spain and in the world"},"content":{"rendered":"<p>[et_pb_section fb_built=&#8221;1&#8243; admin_label=&#8221;CONTENIDO&#8221; _builder_version=&#8221;4.6.6&#8243; background_color=&#8221;rgba(0,0,0,0)&#8221; custom_margin=&#8221;||||false|false&#8221; custom_padding=&#8221;0px||||false|false&#8221; hover_enabled=&#8221;0&#8243; custom_css_main_element=&#8221;z-index: 10;||top: 0;||left: 0;||min-height: 100vh;||display: flex;||flex-direction: column;||width: 100%;&#8221; sticky_enabled=&#8221;0&#8243;][et_pb_row make_equal=&#8221;on&#8221; disabled_on=&#8221;off|off|off&#8221; admin_label=&#8221;ROW BREADCRUMBS&#8221; _builder_version=&#8221;3.29.3&#8243; max_width=&#8221;2560px&#8221; custom_margin=&#8221;0px||0px||false|false&#8221; custom_padding=&#8221;0px||0px||false|false&#8221;][et_pb_column type=&#8221;4_4&#8243; _builder_version=&#8221;3.29.3&#8243;][et_pb_divider divider_style=&#8221;none&#8221; admin_label=&#8221;separadorTitular&#8221; module_class=&#8221;separadorTitular&#8221; _builder_version=&#8221;3.29.3&#8243; custom_margin=&#8221;0px||0px||false|false&#8221;][\/et_pb_divider][et_pb_code disabled_on=&#8221;on|on|off&#8221; admin_label=&#8221;Breadcrumbs&#8221; _builder_version=&#8221;3.29.3&#8243; custom_margin=&#8221;0px||0px||true|false&#8221;]<p id=\"breadcrumbs\"><span><span><a href=\"https:\/\/persimon.eu\/en\/\">Home<\/a><\/span><\/span><\/p>[\/et_pb_code][\/et_pb_column][\/et_pb_row][et_pb_row _builder_version=&#8221;3.29.3&#8243;][et_pb_column type=&#8221;4_4&#8243; _builder_version=&#8221;3.29.3&#8243;][dica_divi_carousel show_items_desktop=&#8221;1&#8243; show_items_tablet=&#8221;1&#8243; arrow_nav=&#8221;on&#8221; dot_nav=&#8221;on&#8221; dot_alignment=&#8221;right&#8221; equal_height=&#8221;on&#8221; advanced_effect=&#8221;1&#8243; arrow_nav_color=&#8221;#666&#8243; arrow_bg_color=&#8221;rgba(0,0,0,0)&#8221; dots_color=&#8221;rgba(102,102,102,0.7)&#8221; dots_active_color=&#8221;#666&#8243; arrow_position=&#8221;middle-outside&#8221; arrow_show_hover=&#8221;on&#8221; admin_label=&#8221;Slider &#8211; Kaki&#8221; _builder_version=&#8221;3.29.3&#8243; width=&#8221;100%&#8221;][dica_divi_carouselitem title=&#8221;Persimmons in Spain and in the world&#8221; button_url_new_window=&#8221;1&#8243; image=&#8221;https:\/\/persimon.eu\/wp-content\/uploads\/2019\/10\/mapa-espana-mundo.png&#8221; module_id=&#8221;kaki_mundo&#8221; module_class=&#8221;kaki_mundo&#8221; image_position=&#8221;image_right&#8221; mobile_on_top=&#8221;on&#8221; content_padding=&#8221;||||true|true&#8221; _builder_version=&#8221;3.29.3&#8243; background_color=&#8221;rgba(0,0,0,0)&#8221; background_enable_color=&#8221;on&#8221;]For quite some time, kaki cultivation in Spain was concentrated in temperate regions such as Catalonia, Andalusia and the Valencian Community. It was common to find kakis on isolated trees on field borders or next to rural buildings. However, in the mid-20th century, interest started growing in the future of these trees, mainly used for home consumption, and local merchants started paying exorbitant prices for kakis, in comparison to other fruits.[\/dica_divi_carouselitem][dica_divi_carouselitem title=&#8221;Persimmons in Spain and in the world&#8221; button_url_new_window=&#8221;1&#8243; image=&#8221;https:\/\/persimon.eu\/wp-content\/uploads\/2019\/10\/espana-mundo-slide-2.png&#8221; module_id=&#8221;kaki_mundo&#8221; module_class=&#8221;kaki_mundo&#8221; image_position=&#8221;image_right&#8221; mobile_on_top=&#8221;on&#8221; content_padding=&#8221;||||true|true&#8221; _builder_version=&#8221;3.29.3&#8243; background_color=&#8221;rgba(0,0,0,0)&#8221; background_enable_color=&#8221;on&#8221;]This caused certain pioneers to create small plantations of the most common varieties of kaki in those days: &#8220;Tomatero&#8221; in the area of \u200b\u200bSegorbe, &#8220;Picudo&#8221; (Costata) and &#8220;Cristalino&#8221; in the area of the Ribera Alta in Valencia. And it was in this latter area where a new variety appeared, bringing about a true revolution in kaki growing: the \u201cBright Red\u201d variety, now the only variety protected under the Kaki Ribera del X\u00faquer Designation of Origin.[\/dica_divi_carouselitem][dica_divi_carouselitem title=&#8221;Persimmons in Spain and in the world&#8221; button_url_new_window=&#8221;1&#8243; image=&#8221;https:\/\/persimon.eu\/wp-content\/uploads\/2019\/10\/mapa-ribera-xuquer.png&#8221; module_id=&#8221;kaki_mundo&#8221; module_class=&#8221;kaki_mundo&#8221; image_position=&#8221;image_right&#8221; mobile_on_top=&#8221;on&#8221; content_padding=&#8221;||||true|true&#8221; _builder_version=&#8221;3.29.3&#8243; background_color=&#8221;rgba(0,0,0,0)&#8221; background_enable_color=&#8221;on&#8221;]Currently, this kaki is specifically cultivated in the district of the Ribera Alta (Valencia), the heart of a growing area protected under the Designation of Origin &#8220;Kaki Ribera del X\u00faquer&#8221;, thanks to a mild climate and privileged, highly fertile land.<\/p>\n<p>World over, some 5 billion kilos of kakis are produced, of which approximately 350 million are grown in Spain, which has now become a major exporting country to the rest of the world. China ranks as the main producer of persimmons, at over 3 billion kilos, followed by South Korea, Japan and Spain.[\/dica_divi_carouselitem][\/dica_divi_carousel][et_pb_divider divider_style=&#8221;none&#8221; disabled_on=&#8221;on|on|off&#8221; _builder_version=&#8221;3.29.3&#8243; height=&#8221;40px&#8221; custom_margin=&#8221;0px||0px||false|false&#8221;][\/et_pb_divider][\/et_pb_column][\/et_pb_row][et_pb_row column_structure=&#8221;2_3,1_3&#8243; _builder_version=&#8221;3.29.3&#8243; max_width=&#8221;2560px&#8221; custom_margin=&#8221;0px||0px||false|false&#8221; custom_padding=&#8221;0px||0px||false|false&#8221;][et_pb_column type=&#8221;2_3&#8243; _builder_version=&#8221;3.29.3&#8243;][et_pb_text admin_label=&#8221;SubMenu-el-kaki&#8221; module_class=&#8221;submenu&#8221; _builder_version=&#8221;3.29.3&#8243; custom_margin=&#8221;||||false|false&#8221; custom_padding=&#8221;40px|50px|40px|50px|false|false&#8221;]<\/p>\n<ul>\n<li><a title=\"What are they?\" href=\"https:\/\/persimon.eu\/en\/persimmons\/\">What are they?<\/a><\/li>\n<li><a title=\"Bright Red Variety\" href=\"https:\/\/persimon.eu\/en\/persimmons\/bright-red-variety\/\">Bright Red Variety<\/a><\/li>\n<li class=\"active\"><a title=\"Persimmons in Spain and in the world\" href=\"https:\/\/persimon.eu\/en\/persimmons\/persimmons-in-spain-and-in-the-world\/\">Persimmons in Spain and in the world<\/a><\/li>\n<\/ul>\n<p>&nbsp;[\/et_pb_text][\/et_pb_column][et_pb_column type=&#8221;1_3&#8243; _builder_version=&#8221;3.29.3&#8243; background_enable_image=&#8221;off&#8221;][et_pb_divider divider_style=&#8221;none&#8221; _builder_version=&#8221;3.29.3&#8243; height=&#8221;1px&#8221; max_height=&#8221;1000px&#8221; custom_margin=&#8221;0px||0px||false|false&#8221;][\/et_pb_divider][\/et_pb_column][\/et_pb_row][\/et_pb_section]<\/p>\n","protected":false},"excerpt":{"rendered":"<p><p id=\"breadcrumbs\"><span><span><a href=\"https:\/\/persimon.eu\/en\/\">Home<\/a><\/span><\/span><\/p><div class=\"et_pb_module dica_divi_carousel dica_divi_carousel_0\">\n\t\t\t\t\n\t\t\t\t\n\t\t\t\t\n\t\t\t\t\n\t\t\t\t\n\t\t\t\t\n\t\t\t\t<div class=\"et_pb_module_inner\">\n\t\t\t\t\t<div class=\"dica-container  desktop_middle-outside tablet_middle-outside mobile_middle-outside arrow-on-hover\" data-props='{\"desktop\":\"1\",\"tablet\":\"1\",\"mobile\":\"1\",\"speed\":\"500\",\"arrow\":\"on\",\"dots\":\"on\",\"autoplay\":\"off\",\"autoSpeed\":\"1000\",\"loop\":\"off\",\"item_spacing\":\"30\",\"center_mode\":\"off\",\"slider_effec\":\"1\",\"cover_rotate\":\"50\",\"pause_onhover\":\"off\",\"multislide\":\"off\",\"cfshadow\":\"on\",\"order\":\"0\",\"lazyload\":\"off\",\"lazybefore\":\"off\",\"scroller_effect\":\"off\",\"autowidth\":\"off\",\"item_spacing_tablet\":\"30\",\"item_spacing_phone\":\"30\",\"scroller_speed\":\"4000\",\"hashNavigation\":\"off\",\"simulatetouch\":\"off\",\"allowtouchmove\":\"off\",\"slide_row\":\"1\",\"slide_row_tablet\":\"1\",\"slide_row_phone\":\"1\",\"keyboard\":\"off\",\"mousewheel\":\"off\",\"autoplay_viewport\":\"\"}'>\n\t\t\t\t\t\t\t \t<div class=\"swiper-container\" >\n\t\t\t\t\t\t\t\t\t<div class=\"swiper-wrapper\"><\/div>\t\n\t\t\t\t\t\t\t\t<\/div>\t\n\t\t\t\t\t\t\t\t<div class=\"swiper-buttton-container\"><div class=\"swiper-button-prev dica-prev-btn-0\" data-icon=\"4\"><\/div><div class=\"swiper-button-next dica-next-btn-0\" data-icon=\"5\"><\/div><\/div>\n\t\t\t\t\t\t\t\t<div class=\"swiper-pagination dica-paination-0\"><\/div>\t\t\t\t\t\t\n\t\t\t\t\t\t\t<\/div>\n\t\t\t\t<\/div>\n\t\t\t<\/div><div id=\"kaki_mundo\" class=\"et_pb_module dica_divi_carouselitem dica_divi_carouselitem_0 kaki_mundo\">\n\t\t\t\t\n\t\t\t\t\n\t\t\t\t\n\t\t\t\t\n\t\t\t\t\n\t\t\t\t\n\t\t\t\t<div class=\"et_pb_module_inner\">\n\t\t\t\t\t <div class=\"dica-item image_right\"   data-hash=\"dica_divi_carouselitem_0\">\n\t\t\t\t\t\t\t\t\t<div class=\"dica-image-container\"><span class=\"image\"><img loading=\"lazy\" decoding=\"async\" src=\"https:\/\/persimon.eu\/wp-content\/uploads\/2019\/10\/mapa-espana-mundo.png\" srcset=\"https:\/\/persimon.eu\/wp-content\/uploads\/2019\/10\/mapa-espana-mundo.png 1364w, https:\/\/persimon.eu\/wp-content\/uploads\/2019\/10\/mapa-espana-mundo-1280x1099.png 1280w, https:\/\/persimon.eu\/wp-content\/uploads\/2019\/10\/mapa-espana-mundo-980x841.png 980w, https:\/\/persimon.eu\/wp-content\/uploads\/2019\/10\/mapa-espana-mundo-480x412.png 480w\" alt=\"\" class=\"dica-item-image\" width=\"1364\" height=\"1171\"\/><\/span><\/div>\n\t\t\t\t\t\t\t\t\t<div class=\"dica-item-content\"><h4 class=\"item-title\">Persimmons in Spain and in the world<\/h4>   <div \n\t\t\t\t\t\tclass=\"content \" \n\t\t\t\t\t\tdata-settings='{\"status\":\"false\",\"responsive\":\"off\",\"limit\":\"\",\"limit_tablet\":\"\",\"limit_phone\":\"\",\"text_more\":\"\",\"text_less\":\"\"}'>\n\t\t\t\t\t\tFor quite some time, kaki cultivation in Spain was concentrated in temperate regions such as Catalonia, Andalusia and the Valencian Community. It was common to find kakis on isolated trees on field borders or next to rural buildings. However, in the mid-20th century, interest started growing in the future of these trees, mainly used for home consumption, and local merchants started paying exorbitant prices for kakis, in comparison to other fruits.\n\t\t\t\t\t<\/div>\n\t\t\t\t\t<noscript class=\"content_storage\">For quite some time, kaki cultivation in Spain was concentrated in temperate regions such as Catalonia, Andalusia and the Valencian Community. It was common to find kakis on isolated trees on field borders or next to rural buildings. However, in the mid-20th century, interest started growing in the future of these trees, mainly used for home consumption, and local merchants started paying exorbitant prices for kakis, in comparison to other fruits.<\/noscript>     <\/div>\n\t\t\t\t\t\t\t<\/div>\n\t\t\t\t<\/div>\n\t\t\t<\/div><div id=\"kaki_mundo\" class=\"et_pb_module dica_divi_carouselitem dica_divi_carouselitem_1 kaki_mundo\">\n\t\t\t\t\n\t\t\t\t\n\t\t\t\t\n\t\t\t\t\n\t\t\t\t\n\t\t\t\t\n\t\t\t\t<div class=\"et_pb_module_inner\">\n\t\t\t\t\t <div class=\"dica-item image_right\"   data-hash=\"dica_divi_carouselitem_1\">\n\t\t\t\t\t\t\t\t\t<div class=\"dica-image-container\"><span class=\"image\"><img loading=\"lazy\" decoding=\"async\" src=\"https:\/\/persimon.eu\/wp-content\/uploads\/2019\/10\/espana-mundo-slide-2.png\" srcset=\"https:\/\/persimon.eu\/wp-content\/uploads\/2019\/10\/espana-mundo-slide-2.png 1662w, https:\/\/persimon.eu\/wp-content\/uploads\/2019\/10\/espana-mundo-slide-2-1280x652.png 1280w, https:\/\/persimon.eu\/wp-content\/uploads\/2019\/10\/espana-mundo-slide-2-980x499.png 980w, https:\/\/persimon.eu\/wp-content\/uploads\/2019\/10\/espana-mundo-slide-2-480x245.png 480w\" alt=\"\" class=\"dica-item-image\" width=\"1662\" height=\"847\"\/><\/span><\/div>\n\t\t\t\t\t\t\t\t\t<div class=\"dica-item-content\"><h4 class=\"item-title\">Persimmons in Spain and in the world<\/h4>   <div \n\t\t\t\t\t\tclass=\"content \" \n\t\t\t\t\t\tdata-settings='{\"status\":\"false\",\"responsive\":\"off\",\"limit\":\"\",\"limit_tablet\":\"\",\"limit_phone\":\"\",\"text_more\":\"\",\"text_less\":\"\"}'>\n\t\t\t\t\t\tThis caused certain pioneers to create small plantations of the most common varieties of kaki in those days: &#8220;Tomatero&#8221; in the area of \u200b\u200bSegorbe, &#8220;Picudo&#8221; (Costata) and &#8220;Cristalino&#8221; in the area of the Ribera Alta in Valencia. And it was in this latter area where a new variety appeared, bringing about a true revolution in kaki growing: the \u201cBright Red\u201d variety, now the only variety protected under the Kaki Ribera del X\u00faquer Designation of Origin.\n\t\t\t\t\t<\/div>\n\t\t\t\t\t<noscript class=\"content_storage\">This caused certain pioneers to create small plantations of the most common varieties of kaki in those days: &#8220;Tomatero&#8221; in the area of \u200b\u200bSegorbe, &#8220;Picudo&#8221; (Costata) and &#8220;Cristalino&#8221; in the area of the Ribera Alta in Valencia. And it was in this latter area where a new variety appeared, bringing about a true revolution in kaki growing: the \u201cBright Red\u201d variety, now the only variety protected under the Kaki Ribera del X\u00faquer Designation of Origin.<\/noscript>     <\/div>\n\t\t\t\t\t\t\t<\/div>\n\t\t\t\t<\/div>\n\t\t\t<\/div><div class=\"et_pb_module dica_divi_carouselitem dica_divi_carouselitem_2\">\n\t\t\t\t\n\t\t\t\t\n\t\t\t\t\n\t\t\t\t\n\t\t\t\t\n\t\t\t\t\n\t\t\t\t<div class=\"et_pb_module_inner\">\n\t\t\t\t\t <div class=\"dica-item image_top\"   data-hash=\"dica_divi_carouselitem_2\">\n\t\t\t\t\t\t\t\t\t\n\t\t\t\t\t\t\t\t\t<div class=\"dica-item-content\"><h4 class=\"item-title\">&#8221;Persimmons<\/h4>        <\/div>\n\t\t\t\t\t\t\t<\/div>\n\t\t\t\t<\/div>\n\t\t\t<\/div><\/p>\n","protected":false},"author":1,"featured_media":0,"parent":1888,"menu_order":0,"comment_status":"closed","ping_status":"closed","template":"","meta":{"_acf_changed":false,"_et_pb_use_builder":"on","_et_pb_old_content":"","_et_gb_content_width":"","footnotes":""},"class_list":["post-1894","page","type-page","status-publish","hentry"],"acf":[],"yoast_head":"<!-- This site is optimized with the Yoast SEO plugin v27.1.1 - https:\/\/yoast.com\/product\/yoast-seo-wordpress\/ -->\n<title>Persimmons in Spain and in the world - DOP Kaki Ribera del X\u00faquer<\/title>\n<meta name=\"description\" content=\"Currently, in Spain most of its cultivation is specifically concentrated in the region of the Ribera Alta (Valencia) thanks to its mild climate and its privileged land of great fertility\" \/>\n<meta name=\"robots\" content=\"index, follow, max-snippet:-1, max-image-preview:large, max-video-preview:-1\" \/>\n<link rel=\"canonical\" href=\"https:\/\/persimon.eu\/en\/persimmons\/persimmons-in-spain-and-in-the-world\/\" \/>\n<meta property=\"og:locale\" content=\"en_US\" \/>\n<meta property=\"og:type\" content=\"article\" \/>\n<meta property=\"og:title\" content=\"Persimmons in Spain and in the world - DOP Kaki Ribera del X\u00faquer\" \/>\n<meta property=\"og:description\" content=\"Currently, in Spain most of its cultivation is specifically concentrated in the region of the Ribera Alta (Valencia) thanks to its mild climate and its privileged land of great fertility\" \/>\n<meta property=\"og:site_name\" content=\"DOP Kaki Ribera del X\u00faquer\" \/>\n<meta property=\"article:publisher\" content=\"https:\/\/www.facebook.com\/kakipersimonDOP\/\" \/>\n<meta property=\"article:modified_time\" content=\"2020-11-02T08:22:44+00:00\" \/>\n<meta name=\"twitter:card\" content=\"summary_large_image\" \/>\n<meta name=\"twitter:label1\" content=\"Est. reading time\" \/>\n\t<meta name=\"twitter:data1\" content=\"4 minutes\" \/>\n<script type=\"application\/ld+json\" class=\"yoast-schema-graph\">{\"@context\":\"https:\/\/schema.org\",\"@graph\":[{\"@type\":\"WebPage\",\"@id\":\"https:\/\/persimon.eu\/en\/persimmons\/persimmons-in-spain-and-in-the-world\/\",\"url\":\"https:\/\/persimon.eu\/en\/persimmons\/persimmons-in-spain-and-in-the-world\/\",\"name\":\"Persimmons in Spain and in the world - DOP Kaki Ribera del X\u00faquer\",\"isPartOf\":{\"@id\":\"https:\/\/persimon.eu\/en\/#website\"},\"datePublished\":\"2019-11-27T13:07:55+00:00\",\"dateModified\":\"2020-11-02T08:22:44+00:00\",\"description\":\"Currently, in Spain most of its cultivation is specifically concentrated in the region of the Ribera Alta (Valencia) thanks to its mild climate and its privileged land of great fertility\",\"breadcrumb\":{\"@id\":\"https:\/\/persimon.eu\/en\/persimmons\/persimmons-in-spain-and-in-the-world\/#breadcrumb\"},\"inLanguage\":\"en-US\",\"potentialAction\":[{\"@type\":\"ReadAction\",\"target\":[\"https:\/\/persimon.eu\/en\/persimmons\/persimmons-in-spain-and-in-the-world\/\"]}]},{\"@type\":\"BreadcrumbList\",\"@id\":\"https:\/\/persimon.eu\/en\/persimmons\/persimmons-in-spain-and-in-the-world\/#breadcrumb\",\"itemListElement\":[{\"@type\":\"ListItem\",\"position\":1,\"name\":\"Home\",\"item\":\"https:\/\/persimon.eu\/en\/\"},{\"@type\":\"ListItem\",\"position\":2,\"name\":\"Persimmons\",\"item\":\"https:\/\/persimon.eu\/en\/persimmons\/\"},{\"@type\":\"ListItem\",\"position\":3,\"name\":\"Persimmons in Spain and in the world\"}]},{\"@type\":\"WebSite\",\"@id\":\"https:\/\/persimon.eu\/en\/#website\",\"url\":\"https:\/\/persimon.eu\/en\/\",\"name\":\"DOP Kaki Ribera del X\u00faquer\",\"description\":\"En nuestra web descubrir\u00e1s todo lo que rodea a nuestros kakis con D.O.P. Ribera del X\u00faquer.\",\"publisher\":{\"@id\":\"https:\/\/persimon.eu\/en\/#organization\"},\"potentialAction\":[{\"@type\":\"SearchAction\",\"target\":{\"@type\":\"EntryPoint\",\"urlTemplate\":\"https:\/\/persimon.eu\/en\/?s={search_term_string}\"},\"query-input\":{\"@type\":\"PropertyValueSpecification\",\"valueRequired\":true,\"valueName\":\"search_term_string\"}}],\"inLanguage\":\"en-US\"},{\"@type\":\"Organization\",\"@id\":\"https:\/\/persimon.eu\/en\/#organization\",\"name\":\"D.O.P Kaki Ribera del X\u00faquer\",\"url\":\"https:\/\/persimon.eu\/en\/\",\"logo\":{\"@type\":\"ImageObject\",\"inLanguage\":\"en-US\",\"@id\":\"https:\/\/persimon.eu\/en\/#\/schema\/logo\/image\/\",\"url\":\"https:\/\/persimon.eu\/wp-content\/uploads\/2019\/09\/logo-dop-kaki.png\",\"contentUrl\":\"https:\/\/persimon.eu\/wp-content\/uploads\/2019\/09\/logo-dop-kaki.png\",\"width\":227,\"height\":227,\"caption\":\"D.O.P Kaki Ribera del X\u00faquer\"},\"image\":{\"@id\":\"https:\/\/persimon.eu\/en\/#\/schema\/logo\/image\/\"},\"sameAs\":[\"https:\/\/www.facebook.com\/kakipersimonDOP\/\",\"https:\/\/www.instagram.com\/kakipersimon_\/\",\"https:\/\/www.youtube.com\/channel\/UC7Jcl7rqySAcWf0V1axJ7Bg\"]}]}<\/script>\n<!-- \/ Yoast SEO plugin. -->","yoast_head_json":{"title":"Persimmons in Spain and in the world - DOP Kaki Ribera del X\u00faquer","description":"Currently, in Spain most of its cultivation is specifically concentrated in the region of the Ribera Alta (Valencia) thanks to its mild climate and its privileged land of great fertility","robots":{"index":"index","follow":"follow","max-snippet":"max-snippet:-1","max-image-preview":"max-image-preview:large","max-video-preview":"max-video-preview:-1"},"canonical":"https:\/\/persimon.eu\/en\/persimmons\/persimmons-in-spain-and-in-the-world\/","og_locale":"en_US","og_type":"article","og_title":"Persimmons in Spain and in the world - DOP Kaki Ribera del X\u00faquer","og_description":"Currently, in Spain most of its cultivation is specifically concentrated in the region of the Ribera Alta (Valencia) thanks to its mild climate and its privileged land of great fertility","og_site_name":"DOP Kaki Ribera del X\u00faquer","article_publisher":"https:\/\/www.facebook.com\/kakipersimonDOP\/","article_modified_time":"2020-11-02T08:22:44+00:00","twitter_card":"summary_large_image","twitter_misc":{"Est. reading time":"4 minutes"},"schema":{"@context":"https:\/\/schema.org","@graph":[{"@type":"WebPage","@id":"https:\/\/persimon.eu\/en\/persimmons\/persimmons-in-spain-and-in-the-world\/","url":"https:\/\/persimon.eu\/en\/persimmons\/persimmons-in-spain-and-in-the-world\/","name":"Persimmons in Spain and in the world - DOP Kaki Ribera del X\u00faquer","isPartOf":{"@id":"https:\/\/persimon.eu\/en\/#website"},"datePublished":"2019-11-27T13:07:55+00:00","dateModified":"2020-11-02T08:22:44+00:00","description":"Currently, in Spain most of its cultivation is specifically concentrated in the region of the Ribera Alta (Valencia) thanks to its mild climate and its privileged land of great fertility","breadcrumb":{"@id":"https:\/\/persimon.eu\/en\/persimmons\/persimmons-in-spain-and-in-the-world\/#breadcrumb"},"inLanguage":"en-US","potentialAction":[{"@type":"ReadAction","target":["https:\/\/persimon.eu\/en\/persimmons\/persimmons-in-spain-and-in-the-world\/"]}]},{"@type":"BreadcrumbList","@id":"https:\/\/persimon.eu\/en\/persimmons\/persimmons-in-spain-and-in-the-world\/#breadcrumb","itemListElement":[{"@type":"ListItem","position":1,"name":"Home","item":"https:\/\/persimon.eu\/en\/"},{"@type":"ListItem","position":2,"name":"Persimmons","item":"https:\/\/persimon.eu\/en\/persimmons\/"},{"@type":"ListItem","position":3,"name":"Persimmons in Spain and in the world"}]},{"@type":"WebSite","@id":"https:\/\/persimon.eu\/en\/#website","url":"https:\/\/persimon.eu\/en\/","name":"DOP Kaki Ribera del X\u00faquer","description":"En nuestra web descubrir\u00e1s todo lo que rodea a nuestros kakis con D.O.P. Ribera del X\u00faquer.","publisher":{"@id":"https:\/\/persimon.eu\/en\/#organization"},"potentialAction":[{"@type":"SearchAction","target":{"@type":"EntryPoint","urlTemplate":"https:\/\/persimon.eu\/en\/?s={search_term_string}"},"query-input":{"@type":"PropertyValueSpecification","valueRequired":true,"valueName":"search_term_string"}}],"inLanguage":"en-US"},{"@type":"Organization","@id":"https:\/\/persimon.eu\/en\/#organization","name":"D.O.P Kaki Ribera del X\u00faquer","url":"https:\/\/persimon.eu\/en\/","logo":{"@type":"ImageObject","inLanguage":"en-US","@id":"https:\/\/persimon.eu\/en\/#\/schema\/logo\/image\/","url":"https:\/\/persimon.eu\/wp-content\/uploads\/2019\/09\/logo-dop-kaki.png","contentUrl":"https:\/\/persimon.eu\/wp-content\/uploads\/2019\/09\/logo-dop-kaki.png","width":227,"height":227,"caption":"D.O.P Kaki Ribera del X\u00faquer"},"image":{"@id":"https:\/\/persimon.eu\/en\/#\/schema\/logo\/image\/"},"sameAs":["https:\/\/www.facebook.com\/kakipersimonDOP\/","https:\/\/www.instagram.com\/kakipersimon_\/","https:\/\/www.youtube.com\/channel\/UC7Jcl7rqySAcWf0V1axJ7Bg"]}]}},"_links":{"self":[{"href":"https:\/\/persimon.eu\/en\/wp-json\/wp\/v2\/pages\/1894","targetHints":{"allow":["GET"]}}],"collection":[{"href":"https:\/\/persimon.eu\/en\/wp-json\/wp\/v2\/pages"}],"about":[{"href":"https:\/\/persimon.eu\/en\/wp-json\/wp\/v2\/types\/page"}],"author":[{"embeddable":true,"href":"https:\/\/persimon.eu\/en\/wp-json\/wp\/v2\/users\/1"}],"replies":[{"embeddable":true,"href":"https:\/\/persimon.eu\/en\/wp-json\/wp\/v2\/comments?post=1894"}],"version-history":[{"count":5,"href":"https:\/\/persimon.eu\/en\/wp-json\/wp\/v2\/pages\/1894\/revisions"}],"predecessor-version":[{"id":2641,"href":"https:\/\/persimon.eu\/en\/wp-json\/wp\/v2\/pages\/1894\/revisions\/2641"}],"up":[{"embeddable":true,"href":"https:\/\/persimon.eu\/en\/wp-json\/wp\/v2\/pages\/1888"}],"wp:attachment":[{"href":"https:\/\/persimon.eu\/en\/wp-json\/wp\/v2\/media?parent=1894"}],"curies":[{"name":"wp","href":"https:\/\/api.w.org\/{rel}","templated":true}]}}