{"id":1910,"date":"2019-11-27T14:20:49","date_gmt":"2019-11-27T14:20:49","guid":{"rendered":"https:\/\/persimon.eu\/p-d-o-ribera-del-xuquer\/protected-designation-of-origin\/"},"modified":"2019-11-29T09:04:19","modified_gmt":"2019-11-29T09:04:19","slug":"protected-designation-of-origin","status":"publish","type":"page","link":"https:\/\/persimon.eu\/en\/p-d-o-ribera-del-xuquer\/protected-designation-of-origin\/","title":{"rendered":"Protected Designation of Origin"},"content":{"rendered":"<p>[et_pb_section fb_built=&#8221;1&#8243; admin_label=&#8221;IMAGEN FONDO&#8221; _builder_version=&#8221;3.29.3&#8243; background_color=&#8221;rgba(0,0,0,0)&#8221; custom_padding=&#8221;0px||0px||false|false&#8221; custom_css_main_element=&#8221;min-height: 100vh;||display: flex;||flex-direction: column;||z-index: 9;||margin-top: -70px;&#8221;][et_pb_row column_structure=&#8221;1_3,2_3&#8243; _builder_version=&#8221;4.0.6&#8243; background_enable_image=&#8221;off&#8221; width=&#8221;100%&#8221; max_width=&#8221;2560px&#8221; hover_enabled=&#8221;0&#8243; custom_css_main_element=&#8221;padding: 0 0;||margin: 0 0;&#8221;][et_pb_column type=&#8221;1_3&#8243; _builder_version=&#8221;3.29.3&#8243; custom_css_main_element=&#8221;margin: 0;&#8221;][et_pb_divider divider_style=&#8221;none&#8221; _builder_version=&#8221;3.29.3&#8243; height=&#8221;1px&#8221; max_height=&#8221;1000px&#8221; custom_margin=&#8221;0px||0px||false|false&#8221;][\/et_pb_divider][\/et_pb_column][et_pb_column type=&#8221;2_3&#8243; _builder_version=&#8221;4.0.6&#8243; background_color=&#8221;rgba(0,0,0,0)&#8221; background_image=&#8221;https:\/\/persimon.eu\/wp-content\/uploads\/2019\/11\/calidad-innovacion.jpg&#8221; hover_enabled=&#8221;0&#8243;][et_pb_divider divider_style=&#8221;none&#8221; module_class=&#8221;fullHeight&#8221; _builder_version=&#8221;3.29.3&#8243; custom_margin=&#8221;0px||0px||false|false&#8221;][\/et_pb_divider][\/et_pb_column][\/et_pb_row][\/et_pb_section][et_pb_section fb_built=&#8221;1&#8243; admin_label=&#8221;CONTENIDO&#8221; _builder_version=&#8221;3.29.3&#8243; background_color=&#8221;rgba(0,0,0,0)&#8221; custom_margin=&#8221;||||false|false&#8221; custom_css_main_element=&#8221;z-index: 10;||top: 0;||left: 0;||position: absolute;||min-height: 100vh;||display: flex;||flex-direction: column;||width: 100%;&#8221;][et_pb_row make_equal=&#8221;on&#8221; disabled_on=&#8221;off|off|off&#8221; admin_label=&#8221;ROW BREADCRUMBS&#8221; _builder_version=&#8221;3.29.3&#8243; max_width=&#8221;2560px&#8221; custom_margin=&#8221;0px||0px||false|false&#8221; custom_padding=&#8221;0px||0px||false|false&#8221;][et_pb_column type=&#8221;4_4&#8243; _builder_version=&#8221;3.29.3&#8243;][et_pb_divider divider_style=&#8221;none&#8221; admin_label=&#8221;separadorTitular&#8221; module_class=&#8221;separadorTitular&#8221; _builder_version=&#8221;3.29.3&#8243; custom_margin=&#8221;0px||0px||false|false&#8221;][\/et_pb_divider][et_pb_code disabled_on=&#8221;on|on|off&#8221; admin_label=&#8221;Breadcrumbs&#8221; _builder_version=&#8221;3.29.3&#8243; custom_margin=&#8221;0px||0px||true|false&#8221;]<p id=\"breadcrumbs\"><span><span><a href=\"https:\/\/persimon.eu\/en\/\">Home<\/a><\/span><\/span><\/p>[\/et_pb_code][et_pb_divider divider_style=&#8221;none&#8221; disabled_on=&#8221;on|on|off&#8221; _builder_version=&#8221;3.29.3&#8243; height=&#8221;40px&#8221; custom_margin=&#8221;0px||0px||false|false&#8221;][\/et_pb_divider][\/et_pb_column][\/et_pb_row][et_pb_row column_structure=&#8221;2_5,3_5&#8243; make_equal=&#8221;on&#8221; _builder_version=&#8221;3.29.3&#8243; max_width=&#8221;2560px&#8221; custom_margin=&#8221;0px||0px||false|false&#8221; custom_padding=&#8221;0px||0px||false|false&#8221;][et_pb_column type=&#8221;2_5&#8243; _builder_version=&#8221;3.29.3&#8243;][et_pb_text admin_label=&#8221;H1&#8243; module_class=&#8221;kaki-titular&#8221; _builder_version=&#8221;3.29.3&#8243; header_font_size=&#8221;60px&#8221; custom_margin=&#8221;||0px||false|false&#8221; custom_padding=&#8221;|50px||50px|false|true&#8221;]<\/p>\n<h1>Protected Designation of Origin<\/h1>\n<p>[\/et_pb_text][et_pb_slider arrows_custom_color=&#8221;#666666&#8243; dot_nav_custom_color=&#8221;#666666&#8243; admin_label=&#8221;Slider-Texto&#8221; module_class=&#8221;bloqueTexto80&#8243; _builder_version=&#8221;3.29.3&#8243; custom_margin=&#8221;0px||||false|false&#8221; custom_padding=&#8221;40px|50px|40px|50px|true|true&#8221;][et_pb_slide arrows_custom_color=&#8221;#666&#8243; dot_nav_custom_color=&#8221;#666&#8243; admin_title=&#8221;01&#8243; _builder_version=&#8221;3.29.3&#8243; body_text_align=&#8221;justify&#8221; body_text_color=&#8221;#666666&#8243; background_color=&#8221;rgba(0,0,0,0)&#8221; background_enable_color=&#8221;on&#8221; background_layout=&#8221;light&#8221; custom_padding=&#8221;50px|10px|50px|10px|false|false&#8221;]The quality policy of the Designation of Origin is clear: to offer the best possible kaki in compliance with the requirements established in its Specifications, which are all additional to and over and above current food legislation.<\/p>\n<p>In line with this aim, since the inception of our Designation of Origin we have made a variety of agreements with different administrations and research centres, such as the IVIA, AINIA, IATA or the regional government of Valencia for the study and improvement of kaki growing in all phases of cultivation.[\/et_pb_slide][et_pb_slide arrows_custom_color=&#8221;#666&#8243; dot_nav_custom_color=&#8221;#666&#8243; admin_title=&#8221;02&#8243; _builder_version=&#8221;3.29.3&#8243; body_text_align=&#8221;justify&#8221; body_text_color=&#8221;#666666&#8243; background_color=&#8221;rgba(0,0,0,0)&#8221; background_enable_color=&#8221;on&#8221; background_layout=&#8221;light&#8221; custom_padding=&#8221;50px|10px|50px|10px|false|false&#8221;]All these efforts have allowed us to put in place a comprehensive quality system that helps us to control the entire kaki growing process, from planting all the way through to harvesting and reaching the consumer, with one overriding objective: to offer the best kakis, with total safety and with full respect to the privileged lands in which this fruit is produced.<\/p>\n<p>A product certified by a Designation of Origin is synonymous with quality and guarantee.[\/et_pb_slide][\/et_pb_slider][\/et_pb_column][et_pb_column type=&#8221;3_5&#8243; _builder_version=&#8221;3.29.3&#8243; background_enable_image=&#8221;off&#8221;][et_pb_divider divider_style=&#8221;none&#8221; _builder_version=&#8221;3.29.3&#8243; height=&#8221;1px&#8221; max_height=&#8221;1000px&#8221; custom_margin=&#8221;0px||0px||false|false&#8221;][\/et_pb_divider][\/et_pb_column][\/et_pb_row][et_pb_row column_structure=&#8221;2_3,1_3&#8243; _builder_version=&#8221;3.29.3&#8243; max_width=&#8221;2560px&#8221; custom_margin=&#8221;0px||0px||false|false&#8221; custom_padding=&#8221;0px||0px||false|false&#8221;][et_pb_column type=&#8221;2_3&#8243; _builder_version=&#8221;3.29.3&#8243;][et_pb_text admin_label=&#8221;SubMenu-DOP&#8221; module_class=&#8221;submenu&#8221; _builder_version=&#8221;3.29.3&#8243; custom_margin=&#8221;||||false|false&#8221; custom_padding=&#8221;40px|50px|40px|50px|false|false&#8221;]<\/p>\n<ul>\n<li><a title=\"Who's behind the P.D.O.?\" href=\"https:\/\/persimon.eu\/en\/p-d-o-ribera-del-xuquer\/whos-behind-the-p-d-o\/\">Who&#8217;s behind the P.D.O.?<\/a><\/li>\n<li><a title=\"Aims of the P.D.O.\" href=\"https:\/\/persimon.eu\/en\/p-d-o-ribera-del-xuquer\/aims-of-the-p-d-o\/\">Aims of the P.D.O.<\/a><\/li>\n<li class=\"active\"><a title=\"Quality and Innovation\" href=\"https:\/\/persimon.eu\/en\/p-d-o-ribera-del-xuquer\/protected-designation-of-origin\/\">Quality and Innovation<\/a><\/li>\n<\/ul>\n<p>&nbsp;[\/et_pb_text][\/et_pb_column][et_pb_column type=&#8221;1_3&#8243; _builder_version=&#8221;3.29.3&#8243; background_enable_image=&#8221;off&#8221;][et_pb_divider divider_style=&#8221;none&#8221; _builder_version=&#8221;3.29.3&#8243; height=&#8221;1px&#8221; max_height=&#8221;1000px&#8221; custom_margin=&#8221;0px||0px||false|false&#8221;][\/et_pb_divider][\/et_pb_column][\/et_pb_row][\/et_pb_section]<\/p>\n","protected":false},"excerpt":{"rendered":"<p><p id=\"breadcrumbs\"><span><span><a href=\"https:\/\/persimon.eu\/en\/\">Home<\/a><\/span><\/span><\/p>Protected Designation of OriginThe quality policy of the Designation of Origin is clear: to offer the best possible kaki in compliance with the requirements established in its Specifications, which are all additional to and over and above current food legislation. In line with this aim, since the inception of our Designation of Origin we have made a variety of agreements with different administrations and research centres, such as the IVIA, AINIA, IATA or the regional government of Valencia for the study and improvement of kaki growing in all phases of cultivation.All these efforts have allowed us to put in place a comprehensive quality system that helps us to control the entire kaki growing process, from planting all the way through to harvesting and reaching the consumer, with one overriding objective: to offer the best kakis, with total safety and with full respect to the privileged lands in which this fruit is produced. A product certified by a Designation of Origin is synonymous with quality and guarantee. Who&#8217;s behind the P.D.O.? Aims of the P.D.O. Quality and Innovation &nbsp;<\/p>\n","protected":false},"author":1,"featured_media":0,"parent":1906,"menu_order":0,"comment_status":"closed","ping_status":"closed","template":"","meta":{"_acf_changed":false,"_et_pb_use_builder":"on","_et_pb_old_content":"","_et_gb_content_width":"","footnotes":""},"class_list":["post-1910","page","type-page","status-publish","hentry"],"acf":[],"yoast_head":"<!-- This site is optimized with the Yoast SEO plugin v27.1.1 - https:\/\/yoast.com\/product\/yoast-seo-wordpress\/ -->\n<title>Protected Designation of Origin - DOP Kaki Ribera del X\u00faquer<\/title>\n<meta name=\"description\" content=\"The quality policy of the Designation of Origin is clear: to offer the best possible kaki in compliance with the requirements established in its Specifications\" \/>\n<meta name=\"robots\" content=\"index, follow, max-snippet:-1, max-image-preview:large, max-video-preview:-1\" \/>\n<link rel=\"canonical\" href=\"https:\/\/persimon.eu\/en\/p-d-o-ribera-del-xuquer\/protected-designation-of-origin\/\" \/>\n<meta property=\"og:locale\" content=\"en_US\" \/>\n<meta property=\"og:type\" content=\"article\" \/>\n<meta property=\"og:title\" content=\"Protected Designation of Origin - DOP Kaki Ribera del X\u00faquer\" \/>\n<meta property=\"og:description\" content=\"The quality policy of the Designation of Origin is clear: to offer the best possible kaki in compliance with the requirements established in its Specifications\" \/>\n<meta property=\"og:site_name\" content=\"DOP Kaki Ribera del X\u00faquer\" \/>\n<meta property=\"article:publisher\" content=\"https:\/\/www.facebook.com\/kakipersimonDOP\/\" \/>\n<meta property=\"article:modified_time\" content=\"2019-11-29T09:04:19+00:00\" \/>\n<meta name=\"twitter:card\" content=\"summary_large_image\" \/>\n<meta name=\"twitter:label1\" content=\"Est. reading time\" \/>\n\t<meta name=\"twitter:data1\" content=\"4 minutes\" \/>\n<script type=\"application\/ld+json\" class=\"yoast-schema-graph\">{\"@context\":\"https:\/\/schema.org\",\"@graph\":[{\"@type\":\"WebPage\",\"@id\":\"https:\/\/persimon.eu\/en\/p-d-o-ribera-del-xuquer\/protected-designation-of-origin\/\",\"url\":\"https:\/\/persimon.eu\/en\/p-d-o-ribera-del-xuquer\/protected-designation-of-origin\/\",\"name\":\"Protected Designation of Origin - DOP Kaki Ribera del X\u00faquer\",\"isPartOf\":{\"@id\":\"https:\/\/persimon.eu\/en\/#website\"},\"datePublished\":\"2019-11-27T14:20:49+00:00\",\"dateModified\":\"2019-11-29T09:04:19+00:00\",\"description\":\"The quality policy of the Designation of Origin is clear: to offer the best possible kaki in compliance with the requirements established in its Specifications\",\"breadcrumb\":{\"@id\":\"https:\/\/persimon.eu\/en\/p-d-o-ribera-del-xuquer\/protected-designation-of-origin\/#breadcrumb\"},\"inLanguage\":\"en-US\",\"potentialAction\":[{\"@type\":\"ReadAction\",\"target\":[\"https:\/\/persimon.eu\/en\/p-d-o-ribera-del-xuquer\/protected-designation-of-origin\/\"]}]},{\"@type\":\"BreadcrumbList\",\"@id\":\"https:\/\/persimon.eu\/en\/p-d-o-ribera-del-xuquer\/protected-designation-of-origin\/#breadcrumb\",\"itemListElement\":[{\"@type\":\"ListItem\",\"position\":1,\"name\":\"Home\",\"item\":\"https:\/\/persimon.eu\/en\/\"},{\"@type\":\"ListItem\",\"position\":2,\"name\":\"P.D.O. Ribera del X\u00faquer\",\"item\":\"https:\/\/persimon.eu\/en\/p-d-o-ribera-del-xuquer\/\"},{\"@type\":\"ListItem\",\"position\":3,\"name\":\"Protected Designation of Origin\"}]},{\"@type\":\"WebSite\",\"@id\":\"https:\/\/persimon.eu\/en\/#website\",\"url\":\"https:\/\/persimon.eu\/en\/\",\"name\":\"DOP Kaki Ribera del X\u00faquer\",\"description\":\"En nuestra web descubrir\u00e1s todo lo que rodea a nuestros kakis con D.O.P. Ribera del X\u00faquer.\",\"publisher\":{\"@id\":\"https:\/\/persimon.eu\/en\/#organization\"},\"potentialAction\":[{\"@type\":\"SearchAction\",\"target\":{\"@type\":\"EntryPoint\",\"urlTemplate\":\"https:\/\/persimon.eu\/en\/?s={search_term_string}\"},\"query-input\":{\"@type\":\"PropertyValueSpecification\",\"valueRequired\":true,\"valueName\":\"search_term_string\"}}],\"inLanguage\":\"en-US\"},{\"@type\":\"Organization\",\"@id\":\"https:\/\/persimon.eu\/en\/#organization\",\"name\":\"D.O.P Kaki Ribera del X\u00faquer\",\"url\":\"https:\/\/persimon.eu\/en\/\",\"logo\":{\"@type\":\"ImageObject\",\"inLanguage\":\"en-US\",\"@id\":\"https:\/\/persimon.eu\/en\/#\/schema\/logo\/image\/\",\"url\":\"https:\/\/persimon.eu\/wp-content\/uploads\/2019\/09\/logo-dop-kaki.png\",\"contentUrl\":\"https:\/\/persimon.eu\/wp-content\/uploads\/2019\/09\/logo-dop-kaki.png\",\"width\":227,\"height\":227,\"caption\":\"D.O.P Kaki Ribera del X\u00faquer\"},\"image\":{\"@id\":\"https:\/\/persimon.eu\/en\/#\/schema\/logo\/image\/\"},\"sameAs\":[\"https:\/\/www.facebook.com\/kakipersimonDOP\/\",\"https:\/\/www.instagram.com\/kakipersimon_\/\",\"https:\/\/www.youtube.com\/channel\/UC7Jcl7rqySAcWf0V1axJ7Bg\"]}]}<\/script>\n<!-- \/ Yoast SEO plugin. -->","yoast_head_json":{"title":"Protected Designation of Origin - DOP Kaki Ribera del X\u00faquer","description":"The quality policy of the Designation of Origin is clear: to offer the best possible kaki in compliance with the requirements established in its Specifications","robots":{"index":"index","follow":"follow","max-snippet":"max-snippet:-1","max-image-preview":"max-image-preview:large","max-video-preview":"max-video-preview:-1"},"canonical":"https:\/\/persimon.eu\/en\/p-d-o-ribera-del-xuquer\/protected-designation-of-origin\/","og_locale":"en_US","og_type":"article","og_title":"Protected Designation of Origin - DOP Kaki Ribera del X\u00faquer","og_description":"The quality policy of the Designation of Origin is clear: to offer the best possible kaki in compliance with the requirements established in its Specifications","og_site_name":"DOP Kaki Ribera del X\u00faquer","article_publisher":"https:\/\/www.facebook.com\/kakipersimonDOP\/","article_modified_time":"2019-11-29T09:04:19+00:00","twitter_card":"summary_large_image","twitter_misc":{"Est. reading time":"4 minutes"},"schema":{"@context":"https:\/\/schema.org","@graph":[{"@type":"WebPage","@id":"https:\/\/persimon.eu\/en\/p-d-o-ribera-del-xuquer\/protected-designation-of-origin\/","url":"https:\/\/persimon.eu\/en\/p-d-o-ribera-del-xuquer\/protected-designation-of-origin\/","name":"Protected Designation of Origin - DOP Kaki Ribera del X\u00faquer","isPartOf":{"@id":"https:\/\/persimon.eu\/en\/#website"},"datePublished":"2019-11-27T14:20:49+00:00","dateModified":"2019-11-29T09:04:19+00:00","description":"The quality policy of the Designation of Origin is clear: to offer the best possible kaki in compliance with the requirements established in its Specifications","breadcrumb":{"@id":"https:\/\/persimon.eu\/en\/p-d-o-ribera-del-xuquer\/protected-designation-of-origin\/#breadcrumb"},"inLanguage":"en-US","potentialAction":[{"@type":"ReadAction","target":["https:\/\/persimon.eu\/en\/p-d-o-ribera-del-xuquer\/protected-designation-of-origin\/"]}]},{"@type":"BreadcrumbList","@id":"https:\/\/persimon.eu\/en\/p-d-o-ribera-del-xuquer\/protected-designation-of-origin\/#breadcrumb","itemListElement":[{"@type":"ListItem","position":1,"name":"Home","item":"https:\/\/persimon.eu\/en\/"},{"@type":"ListItem","position":2,"name":"P.D.O. Ribera del X\u00faquer","item":"https:\/\/persimon.eu\/en\/p-d-o-ribera-del-xuquer\/"},{"@type":"ListItem","position":3,"name":"Protected Designation of Origin"}]},{"@type":"WebSite","@id":"https:\/\/persimon.eu\/en\/#website","url":"https:\/\/persimon.eu\/en\/","name":"DOP Kaki Ribera del X\u00faquer","description":"En nuestra web descubrir\u00e1s todo lo que rodea a nuestros kakis con D.O.P. Ribera del X\u00faquer.","publisher":{"@id":"https:\/\/persimon.eu\/en\/#organization"},"potentialAction":[{"@type":"SearchAction","target":{"@type":"EntryPoint","urlTemplate":"https:\/\/persimon.eu\/en\/?s={search_term_string}"},"query-input":{"@type":"PropertyValueSpecification","valueRequired":true,"valueName":"search_term_string"}}],"inLanguage":"en-US"},{"@type":"Organization","@id":"https:\/\/persimon.eu\/en\/#organization","name":"D.O.P Kaki Ribera del X\u00faquer","url":"https:\/\/persimon.eu\/en\/","logo":{"@type":"ImageObject","inLanguage":"en-US","@id":"https:\/\/persimon.eu\/en\/#\/schema\/logo\/image\/","url":"https:\/\/persimon.eu\/wp-content\/uploads\/2019\/09\/logo-dop-kaki.png","contentUrl":"https:\/\/persimon.eu\/wp-content\/uploads\/2019\/09\/logo-dop-kaki.png","width":227,"height":227,"caption":"D.O.P Kaki Ribera del X\u00faquer"},"image":{"@id":"https:\/\/persimon.eu\/en\/#\/schema\/logo\/image\/"},"sameAs":["https:\/\/www.facebook.com\/kakipersimonDOP\/","https:\/\/www.instagram.com\/kakipersimon_\/","https:\/\/www.youtube.com\/channel\/UC7Jcl7rqySAcWf0V1axJ7Bg"]}]}},"_links":{"self":[{"href":"https:\/\/persimon.eu\/en\/wp-json\/wp\/v2\/pages\/1910","targetHints":{"allow":["GET"]}}],"collection":[{"href":"https:\/\/persimon.eu\/en\/wp-json\/wp\/v2\/pages"}],"about":[{"href":"https:\/\/persimon.eu\/en\/wp-json\/wp\/v2\/types\/page"}],"author":[{"embeddable":true,"href":"https:\/\/persimon.eu\/en\/wp-json\/wp\/v2\/users\/1"}],"replies":[{"embeddable":true,"href":"https:\/\/persimon.eu\/en\/wp-json\/wp\/v2\/comments?post=1910"}],"version-history":[{"count":4,"href":"https:\/\/persimon.eu\/en\/wp-json\/wp\/v2\/pages\/1910\/revisions"}],"predecessor-version":[{"id":2191,"href":"https:\/\/persimon.eu\/en\/wp-json\/wp\/v2\/pages\/1910\/revisions\/2191"}],"up":[{"embeddable":true,"href":"https:\/\/persimon.eu\/en\/wp-json\/wp\/v2\/pages\/1906"}],"wp:attachment":[{"href":"https:\/\/persimon.eu\/en\/wp-json\/wp\/v2\/media?parent=1910"}],"curies":[{"name":"wp","href":"https:\/\/api.w.org\/{rel}","templated":true}]}}