{"id":1912,"date":"2019-11-27T14:22:41","date_gmt":"2019-11-27T14:22:41","guid":{"rendered":"https:\/\/persimon.eu\/p-d-o-ribera-del-xuquer\/aims-of-the-p-d-o\/"},"modified":"2020-11-29T08:36:50","modified_gmt":"2020-11-29T08:36:50","slug":"aims-of-the-p-d-o","status":"publish","type":"page","link":"https:\/\/persimon.eu\/en\/p-d-o-ribera-del-xuquer\/aims-of-the-p-d-o\/","title":{"rendered":"Aims of the P.D.O."},"content":{"rendered":"<p>[et_pb_section fb_built=&#8221;1&#8243; admin_label=&#8221;CONTENIDO&#8221; _builder_version=&#8221;4.6.6&#8243; background_color=&#8221;rgba(0,0,0,0)&#8221; custom_margin=&#8221;||||false|false&#8221; custom_padding=&#8221;0px||||false|false&#8221; hover_enabled=&#8221;0&#8243; custom_css_main_element=&#8221;z-index: 10;||top: 0;||left: 0;||position: relative;||min-height: 100vh;||display: flex;||flex-direction: column;||width: 100%;&#8221; sticky_enabled=&#8221;0&#8243;][et_pb_row make_equal=&#8221;on&#8221; disabled_on=&#8221;off|off|off&#8221; admin_label=&#8221;ROW BREADCRUMBS&#8221; _builder_version=&#8221;3.29.3&#8243; max_width=&#8221;2560px&#8221; custom_margin=&#8221;0px||0px||false|false&#8221; custom_padding=&#8221;0px||0px||false|false&#8221;][et_pb_column type=&#8221;4_4&#8243; _builder_version=&#8221;3.29.3&#8243;][et_pb_divider divider_style=&#8221;none&#8221; admin_label=&#8221;separadorTitular&#8221; module_class=&#8221;separadorTitular&#8221; _builder_version=&#8221;3.29.3&#8243; custom_margin=&#8221;0px||0px||false|false&#8221;][\/et_pb_divider][et_pb_code disabled_on=&#8221;on|on|off&#8221; admin_label=&#8221;Breadcrumbs&#8221; _builder_version=&#8221;3.29.3&#8243; custom_margin=&#8221;0px||0px||true|false&#8221;]<p id=\"breadcrumbs\"><span><span><a href=\"https:\/\/persimon.eu\/en\/\">Home<\/a><\/span><\/span><\/p>[\/et_pb_code][\/et_pb_column][\/et_pb_row][et_pb_row _builder_version=&#8221;3.29.3&#8243;][et_pb_column type=&#8221;4_4&#8243; _builder_version=&#8221;3.29.3&#8243;][dica_divi_carousel show_items_desktop=&#8221;1&#8243; show_items_tablet=&#8221;1&#8243; loop=&#8221;on&#8221; arrow_nav=&#8221;on&#8221; dot_nav=&#8221;on&#8221; dot_alignment=&#8221;right&#8221; equal_height=&#8221;on&#8221; advanced_effect=&#8221;1&#8243; arrow_nav_color=&#8221;#666&#8243; arrow_bg_color=&#8221;rgba(0,0,0,0)&#8221; dots_color=&#8221;rgba(102,102,102,0.7)&#8221; dots_active_color=&#8221;#666&#8243; arrow_position=&#8221;middle-outside&#8221; arrow_show_hover=&#8221;on&#8221; admin_label=&#8221;Slider &#8211; Kaki&#8221; _builder_version=&#8221;4.0.6&#8243; width=&#8221;100%&#8221;][dica_divi_carouselitem title=&#8221;Aims of the P.D.O.&#8221; button_url_new_window=&#8221;1&#8243; image=&#8221;https:\/\/persimon.eu\/wp-content\/uploads\/2019\/11\/01-es.png&#8221; module_id=&#8221;kaki_mundo&#8221; module_class=&#8221;kaki_mundo&#8221; image_position=&#8221;image_right&#8221; mobile_on_top=&#8221;on&#8221; content_padding=&#8221;||||true|true&#8221; _builder_version=&#8221;4.0.6&#8243; background_color=&#8221;rgba(0,0,0,0)&#8221; background_enable_color=&#8221;on&#8221;]The Regulatory Council of the P.D.O. is a semi-public, non-for-profit organisation whose main activity is product certification and promotion. By certifying our products, we assure consumers that the kakis they buy meet the requirements established in the P.D.O.&#8217;s Specification, which is a regulatory document approved by the European Commission.<\/p>\n<p>Additionally, through promotional campaigns, we aim to promote a fruit variety which is virtually unknown to consumers in general.[\/dica_divi_carouselitem][dica_divi_carouselitem title=&#8221;Aims of the P.D.O.&#8221; button_url_new_window=&#8221;1&#8243; image=&#8221;https:\/\/persimon.eu\/wp-content\/uploads\/2019\/11\/02-es.png&#8221; module_id=&#8221;kaki_mundo&#8221; module_class=&#8221;kaki_mundo&#8221; image_position=&#8221;image_right&#8221; mobile_on_top=&#8221;on&#8221; content_padding=&#8221;||||true|true&#8221; _builder_version=&#8221;4.0.6&#8243; background_color=&#8221;rgba(0,0,0,0)&#8221; background_enable_color=&#8221;on&#8221;]The creation of Designations of Origin is an initiative from the European Commission serving to favour the population in rural areas offering differentiated, quality products. This allows consumers to identify and recognise these products, while enabling producers to obtain income permitting them to carry out their activities, and reducing the abandon of rural areas due to lack of profitability.[\/dica_divi_carouselitem][dica_divi_carouselitem title=&#8221;Aims of the P.D.O.&#8221; button_url_new_window=&#8221;1&#8243; image=&#8221;https:\/\/persimon.eu\/wp-content\/uploads\/2019\/11\/03-es.png&#8221; module_id=&#8221;kaki_mundo&#8221; module_class=&#8221;kaki_mundo&#8221; image_position=&#8221;image_right&#8221; mobile_on_top=&#8221;on&#8221; content_padding=&#8221;||||true|true&#8221; _builder_version=&#8221;4.0.6&#8243; background_color=&#8221;rgba(0,0,0,0)&#8221; background_enable_color=&#8221;on&#8221;]This means, first, that consumers buying a product certified by a Designation of Origin are buying a product of recognised and certified quality that meets the requirements established in the Specifications approved by the European Commission. And second, that producers, in exchange for complying with additional requirements regarding the origin of their fruit, traceability and cultivation practices, obtain recognition from consumers who understand their efforts and labours to offer quality products, helping to maintain agricultural activities in said areas, while preserving their traditional landscapes, and avoiding abandonment and the degradation of rural areas.[\/dica_divi_carouselitem][\/dica_divi_carousel][\/et_pb_column][\/et_pb_row][et_pb_row column_structure=&#8221;2_3,1_3&#8243; _builder_version=&#8221;3.29.3&#8243; max_width=&#8221;2560px&#8221; custom_margin=&#8221;0px||0px||false|false&#8221; custom_padding=&#8221;0px||0px||false|false&#8221;][et_pb_column type=&#8221;2_3&#8243; _builder_version=&#8221;3.29.3&#8243;][et_pb_text admin_label=&#8221;SubMenu-DOP&#8221; module_class=&#8221;submenu&#8221; _builder_version=&#8221;3.29.3&#8243; custom_margin=&#8221;||||false|false&#8221; custom_padding=&#8221;40px|50px|40px|50px|false|false&#8221;]<\/p>\n<ul>\n<li><a title=\"Who's behind the P.D.O.?\" href=\"https:\/\/persimon.eu\/en\/p-d-o-ribera-del-xuquer\/whos-behind-the-p-d-o\/\">Who&#8217;s behind the P.D.O.?<\/a><\/li>\n<li class=\"active\"><a title=\"Aims of the P.D.O.\" href=\"https:\/\/persimon.eu\/en\/p-d-o-ribera-del-xuquer\/aims-of-the-p-d-o\/\">Aims of the P.D.O.<\/a><\/li>\n<li><a title=\"Quality and Innovation\" href=\"https:\/\/persimon.eu\/en\/p-d-o-ribera-del-xuquer\/protected-designation-of-origin\/\">Quality and Innovation<\/a><\/li>\n<\/ul>\n<p>&nbsp;[\/et_pb_text][\/et_pb_column][et_pb_column type=&#8221;1_3&#8243; _builder_version=&#8221;3.29.3&#8243; background_enable_image=&#8221;off&#8221;][et_pb_divider divider_style=&#8221;none&#8221; _builder_version=&#8221;3.29.3&#8243; height=&#8221;1px&#8221; max_height=&#8221;1000px&#8221; custom_margin=&#8221;0px||0px||false|false&#8221;][\/et_pb_divider][\/et_pb_column][\/et_pb_row][\/et_pb_section]<\/p>\n","protected":false},"excerpt":{"rendered":"<p><p id=\"breadcrumbs\"><span><span><a href=\"https:\/\/persimon.eu\/en\/\">Home<\/a><\/span><\/span><\/p><div class=\"et_pb_module dica_divi_carousel dica_divi_carousel_0\">\n\t\t\t\t\n\t\t\t\t\n\t\t\t\t\n\t\t\t\t\n\t\t\t\t\n\t\t\t\t\n\t\t\t\t<div class=\"et_pb_module_inner\">\n\t\t\t\t\t<div class=\"dica-container  desktop_middle-outside tablet_middle-outside mobile_middle-outside arrow-on-hover\" data-props='{\"desktop\":\"1\",\"tablet\":\"1\",\"mobile\":\"1\",\"speed\":\"500\",\"arrow\":\"on\",\"dots\":\"on\",\"autoplay\":\"off\",\"autoSpeed\":\"1000\",\"loop\":\"on\",\"item_spacing\":\"30\",\"center_mode\":\"off\",\"slider_effec\":\"1\",\"cover_rotate\":\"50\",\"pause_onhover\":\"off\",\"multislide\":\"off\",\"cfshadow\":\"on\",\"order\":\"0\",\"lazyload\":\"off\",\"lazybefore\":\"off\",\"scroller_effect\":\"off\",\"autowidth\":\"off\",\"item_spacing_tablet\":\"30\",\"item_spacing_phone\":\"30\",\"scroller_speed\":\"4000\",\"hashNavigation\":\"off\",\"simulatetouch\":\"off\",\"allowtouchmove\":\"off\",\"slide_row\":\"1\",\"slide_row_tablet\":\"1\",\"slide_row_phone\":\"1\",\"keyboard\":\"off\",\"mousewheel\":\"off\",\"autoplay_viewport\":\"\"}'>\n\t\t\t\t\t\t\t \t<div class=\"swiper-container\" >\n\t\t\t\t\t\t\t\t\t<div class=\"swiper-wrapper\"><\/div>\t\n\t\t\t\t\t\t\t\t<\/div>\t\n\t\t\t\t\t\t\t\t<div class=\"swiper-buttton-container\"><div class=\"swiper-button-prev dica-prev-btn-0\" data-icon=\"4\"><\/div><div class=\"swiper-button-next dica-next-btn-0\" data-icon=\"5\"><\/div><\/div>\n\t\t\t\t\t\t\t\t<div class=\"swiper-pagination dica-paination-0\"><\/div>\t\t\t\t\t\t\n\t\t\t\t\t\t\t<\/div>\n\t\t\t\t<\/div>\n\t\t\t<\/div><div id=\"kaki_mundo\" class=\"et_pb_module dica_divi_carouselitem dica_divi_carouselitem_0 kaki_mundo\">\n\t\t\t\t\n\t\t\t\t\n\t\t\t\t\n\t\t\t\t\n\t\t\t\t\n\t\t\t\t\n\t\t\t\t<div class=\"et_pb_module_inner\">\n\t\t\t\t\t <div class=\"dica-item image_right\"   data-hash=\"dica_divi_carouselitem_0\">\n\t\t\t\t\t\t\t\t\t<div class=\"dica-image-container\"><span class=\"image\"><img loading=\"lazy\" decoding=\"async\" src=\"https:\/\/persimon.eu\/wp-content\/uploads\/2019\/11\/01-es.png\" srcset=\"https:\/\/persimon.eu\/wp-content\/uploads\/2019\/11\/01-es.png 1498w, https:\/\/persimon.eu\/wp-content\/uploads\/2019\/11\/01-es-1280x1042.png 1280w, https:\/\/persimon.eu\/wp-content\/uploads\/2019\/11\/01-es-980x797.png 980w, https:\/\/persimon.eu\/wp-content\/uploads\/2019\/11\/01-es-480x391.png 480w\" alt=\"\" class=\"dica-item-image\" width=\"1498\" height=\"1219\"\/><\/span><\/div>\n\t\t\t\t\t\t\t\t\t<div class=\"dica-item-content\"><h4 class=\"item-title\">Aims of the P.D.O.<\/h4>   <div \n\t\t\t\t\t\tclass=\"content \" \n\t\t\t\t\t\tdata-settings='{\"status\":\"false\",\"responsive\":\"off\",\"limit\":\"\",\"limit_tablet\":\"\",\"limit_phone\":\"\",\"text_more\":\"\",\"text_less\":\"\"}'>\n\t\t\t\t\t\tThe Regulatory Council of the P.D.O. is a semi-public, non-for-profit organisation whose main activity is product certification and promotion. By certifying our products, we assure consumers that the kakis they buy meet the requirements established in the P.D.O.&#8217;s Specification, which is a regulatory document approved by the European Commission. Additionally, through promotional campaigns, we aim to promote a fruit variety which is virtually unknown to consumers in general.\n\t\t\t\t\t<\/div>\n\t\t\t\t\t<noscript class=\"content_storage\">The Regulatory Council of the P.D.O. is a semi-public, non-for-profit organisation whose main activity is product certification and promotion. By certifying our products, we assure consumers that the kakis they buy meet the requirements established in the P.D.O.&#8217;s Specification, which is a regulatory document approved by the European Commission. Additionally, through promotional campaigns, we aim to promote a fruit variety which is virtually unknown to consumers in general.<\/noscript>     <\/div>\n\t\t\t\t\t\t\t<\/div>\n\t\t\t\t<\/div>\n\t\t\t<\/div><div id=\"kaki_mundo\" class=\"et_pb_module dica_divi_carouselitem dica_divi_carouselitem_1 kaki_mundo\">\n\t\t\t\t\n\t\t\t\t\n\t\t\t\t\n\t\t\t\t\n\t\t\t\t\n\t\t\t\t\n\t\t\t\t<div class=\"et_pb_module_inner\">\n\t\t\t\t\t <div class=\"dica-item image_right\"   data-hash=\"dica_divi_carouselitem_1\">\n\t\t\t\t\t\t\t\t\t<div class=\"dica-image-container\"><span class=\"image\"><img loading=\"lazy\" decoding=\"async\" src=\"https:\/\/persimon.eu\/wp-content\/uploads\/2019\/11\/02-es.png\" srcset=\"https:\/\/persimon.eu\/wp-content\/uploads\/2019\/11\/02-es.png 1498w, https:\/\/persimon.eu\/wp-content\/uploads\/2019\/11\/02-es-1280x1042.png 1280w, https:\/\/persimon.eu\/wp-content\/uploads\/2019\/11\/02-es-980x797.png 980w, https:\/\/persimon.eu\/wp-content\/uploads\/2019\/11\/02-es-480x391.png 480w\" alt=\"\" class=\"dica-item-image\" width=\"1498\" height=\"1219\"\/><\/span><\/div>\n\t\t\t\t\t\t\t\t\t<div class=\"dica-item-content\"><h4 class=\"item-title\">Aims of the P.D.O.<\/h4>   <div \n\t\t\t\t\t\tclass=\"content \" \n\t\t\t\t\t\tdata-settings='{\"status\":\"false\",\"responsive\":\"off\",\"limit\":\"\",\"limit_tablet\":\"\",\"limit_phone\":\"\",\"text_more\":\"\",\"text_less\":\"\"}'>\n\t\t\t\t\t\tThe creation of Designations of Origin is an initiative from the European Commission serving to favour the population in rural areas offering differentiated, quality products. This allows consumers to identify and recognise these products, while enabling producers to obtain income permitting them to carry out their activities, and reducing the abandon of rural areas due to lack of profitability.\n\t\t\t\t\t<\/div>\n\t\t\t\t\t<noscript class=\"content_storage\">The creation of Designations of Origin is an initiative from the European Commission serving to favour the population in rural areas offering differentiated, quality products. This allows consumers to identify and recognise these products, while enabling producers to obtain income permitting them to carry out their activities, and reducing the abandon of rural areas due to lack of profitability.<\/noscript>     <\/div>\n\t\t\t\t\t\t\t<\/div>\n\t\t\t\t<\/div>\n\t\t\t<\/div><div id=\"kaki_mundo\" class=\"et_pb_module dica_divi_carouselitem dica_divi_carouselitem_2 kaki_mundo\">\n\t\t\t\t\n\t\t\t\t\n\t\t\t\t\n\t\t\t\t\n\t\t\t\t\n\t\t\t\t\n\t\t\t\t<div class=\"et_pb_module_inner\">\n\t\t\t\t\t <div class=\"dica-item image_right\"   data-hash=\"dica_divi_carouselitem_2\">\n\t\t\t\t\t\t\t\t\t<div class=\"dica-image-container\"><span class=\"image\"><img loading=\"lazy\" decoding=\"async\" src=\"https:\/\/persimon.eu\/wp-content\/uploads\/2019\/11\/03-es.png\" srcset=\"https:\/\/persimon.eu\/wp-content\/uploads\/2019\/11\/03-es.png 1498w, https:\/\/persimon.eu\/wp-content\/uploads\/2019\/11\/03-es-1280x1042.png 1280w, https:\/\/persimon.eu\/wp-content\/uploads\/2019\/11\/03-es-980x797.png 980w, https:\/\/persimon.eu\/wp-content\/uploads\/2019\/11\/03-es-480x391.png 480w\" alt=\"\" class=\"dica-item-image\" width=\"1498\" height=\"1219\"\/><\/span><\/div>\n\t\t\t\t\t\t\t\t\t<div class=\"dica-item-content\"><h4 class=\"item-title\">Aims of the P.D.O.<\/h4>        <\/div>\n\t\t\t\t\t\t\t<\/div>\n\t\t\t\t<\/div>\n\t\t\t<\/div>This means, first, that consumers buying a product certified by a Designation of Origin [&hellip;]<\/p>\n","protected":false},"author":1,"featured_media":0,"parent":1906,"menu_order":0,"comment_status":"closed","ping_status":"closed","template":"","meta":{"_acf_changed":false,"_et_pb_use_builder":"on","_et_pb_old_content":"","_et_gb_content_width":"","footnotes":""},"class_list":["post-1912","page","type-page","status-publish","hentry"],"acf":[],"yoast_head":"<!-- This site is optimized with the Yoast SEO plugin v27.1.1 - https:\/\/yoast.com\/product\/yoast-seo-wordpress\/ -->\n<title>Aims of the P.D.O. - DOP Kaki Ribera del X\u00faquer<\/title>\n<meta name=\"description\" content=\"The Regulatory Council of the P.D.O. is a semi-public, non-for-profit organisation whose main activity is product certification and promotion\" \/>\n<meta name=\"robots\" content=\"index, follow, max-snippet:-1, max-image-preview:large, max-video-preview:-1\" \/>\n<link rel=\"canonical\" href=\"https:\/\/persimon.eu\/en\/p-d-o-ribera-del-xuquer\/aims-of-the-p-d-o\/\" \/>\n<meta property=\"og:locale\" content=\"en_US\" \/>\n<meta property=\"og:type\" content=\"article\" \/>\n<meta property=\"og:title\" content=\"Aims of the P.D.O. - DOP Kaki Ribera del X\u00faquer\" \/>\n<meta property=\"og:description\" content=\"The Regulatory Council of the P.D.O. is a semi-public, non-for-profit organisation whose main activity is product certification and promotion\" \/>\n<meta property=\"og:site_name\" content=\"DOP Kaki Ribera del X\u00faquer\" \/>\n<meta property=\"article:publisher\" content=\"https:\/\/www.facebook.com\/kakipersimonDOP\/\" \/>\n<meta property=\"article:modified_time\" content=\"2020-11-29T08:36:50+00:00\" \/>\n<meta name=\"twitter:card\" content=\"summary_large_image\" \/>\n<meta name=\"twitter:label1\" content=\"Est. reading time\" \/>\n\t<meta name=\"twitter:data1\" content=\"4 minutes\" \/>\n<script type=\"application\/ld+json\" class=\"yoast-schema-graph\">{\"@context\":\"https:\/\/schema.org\",\"@graph\":[{\"@type\":\"WebPage\",\"@id\":\"https:\/\/persimon.eu\/en\/p-d-o-ribera-del-xuquer\/aims-of-the-p-d-o\/\",\"url\":\"https:\/\/persimon.eu\/en\/p-d-o-ribera-del-xuquer\/aims-of-the-p-d-o\/\",\"name\":\"Aims of the P.D.O. - DOP Kaki Ribera del X\u00faquer\",\"isPartOf\":{\"@id\":\"https:\/\/persimon.eu\/en\/#website\"},\"datePublished\":\"2019-11-27T14:22:41+00:00\",\"dateModified\":\"2020-11-29T08:36:50+00:00\",\"description\":\"The Regulatory Council of the P.D.O. is a semi-public, non-for-profit organisation whose main activity is product certification and promotion\",\"breadcrumb\":{\"@id\":\"https:\/\/persimon.eu\/en\/p-d-o-ribera-del-xuquer\/aims-of-the-p-d-o\/#breadcrumb\"},\"inLanguage\":\"en-US\",\"potentialAction\":[{\"@type\":\"ReadAction\",\"target\":[\"https:\/\/persimon.eu\/en\/p-d-o-ribera-del-xuquer\/aims-of-the-p-d-o\/\"]}]},{\"@type\":\"BreadcrumbList\",\"@id\":\"https:\/\/persimon.eu\/en\/p-d-o-ribera-del-xuquer\/aims-of-the-p-d-o\/#breadcrumb\",\"itemListElement\":[{\"@type\":\"ListItem\",\"position\":1,\"name\":\"Home\",\"item\":\"https:\/\/persimon.eu\/en\/\"},{\"@type\":\"ListItem\",\"position\":2,\"name\":\"P.D.O. Ribera del X\u00faquer\",\"item\":\"https:\/\/persimon.eu\/en\/p-d-o-ribera-del-xuquer\/\"},{\"@type\":\"ListItem\",\"position\":3,\"name\":\"Aims of the P.D.O.\"}]},{\"@type\":\"WebSite\",\"@id\":\"https:\/\/persimon.eu\/en\/#website\",\"url\":\"https:\/\/persimon.eu\/en\/\",\"name\":\"DOP Kaki Ribera del X\u00faquer\",\"description\":\"En nuestra web descubrir\u00e1s todo lo que rodea a nuestros kakis con D.O.P. Ribera del X\u00faquer.\",\"publisher\":{\"@id\":\"https:\/\/persimon.eu\/en\/#organization\"},\"potentialAction\":[{\"@type\":\"SearchAction\",\"target\":{\"@type\":\"EntryPoint\",\"urlTemplate\":\"https:\/\/persimon.eu\/en\/?s={search_term_string}\"},\"query-input\":{\"@type\":\"PropertyValueSpecification\",\"valueRequired\":true,\"valueName\":\"search_term_string\"}}],\"inLanguage\":\"en-US\"},{\"@type\":\"Organization\",\"@id\":\"https:\/\/persimon.eu\/en\/#organization\",\"name\":\"D.O.P Kaki Ribera del X\u00faquer\",\"url\":\"https:\/\/persimon.eu\/en\/\",\"logo\":{\"@type\":\"ImageObject\",\"inLanguage\":\"en-US\",\"@id\":\"https:\/\/persimon.eu\/en\/#\/schema\/logo\/image\/\",\"url\":\"https:\/\/persimon.eu\/wp-content\/uploads\/2019\/09\/logo-dop-kaki.png\",\"contentUrl\":\"https:\/\/persimon.eu\/wp-content\/uploads\/2019\/09\/logo-dop-kaki.png\",\"width\":227,\"height\":227,\"caption\":\"D.O.P Kaki Ribera del X\u00faquer\"},\"image\":{\"@id\":\"https:\/\/persimon.eu\/en\/#\/schema\/logo\/image\/\"},\"sameAs\":[\"https:\/\/www.facebook.com\/kakipersimonDOP\/\",\"https:\/\/www.instagram.com\/kakipersimon_\/\",\"https:\/\/www.youtube.com\/channel\/UC7Jcl7rqySAcWf0V1axJ7Bg\"]}]}<\/script>\n<!-- \/ Yoast SEO plugin. -->","yoast_head_json":{"title":"Aims of the P.D.O. - DOP Kaki Ribera del X\u00faquer","description":"The Regulatory Council of the P.D.O. is a semi-public, non-for-profit organisation whose main activity is product certification and promotion","robots":{"index":"index","follow":"follow","max-snippet":"max-snippet:-1","max-image-preview":"max-image-preview:large","max-video-preview":"max-video-preview:-1"},"canonical":"https:\/\/persimon.eu\/en\/p-d-o-ribera-del-xuquer\/aims-of-the-p-d-o\/","og_locale":"en_US","og_type":"article","og_title":"Aims of the P.D.O. - DOP Kaki Ribera del X\u00faquer","og_description":"The Regulatory Council of the P.D.O. is a semi-public, non-for-profit organisation whose main activity is product certification and promotion","og_site_name":"DOP Kaki Ribera del X\u00faquer","article_publisher":"https:\/\/www.facebook.com\/kakipersimonDOP\/","article_modified_time":"2020-11-29T08:36:50+00:00","twitter_card":"summary_large_image","twitter_misc":{"Est. reading time":"4 minutes"},"schema":{"@context":"https:\/\/schema.org","@graph":[{"@type":"WebPage","@id":"https:\/\/persimon.eu\/en\/p-d-o-ribera-del-xuquer\/aims-of-the-p-d-o\/","url":"https:\/\/persimon.eu\/en\/p-d-o-ribera-del-xuquer\/aims-of-the-p-d-o\/","name":"Aims of the P.D.O. - DOP Kaki Ribera del X\u00faquer","isPartOf":{"@id":"https:\/\/persimon.eu\/en\/#website"},"datePublished":"2019-11-27T14:22:41+00:00","dateModified":"2020-11-29T08:36:50+00:00","description":"The Regulatory Council of the P.D.O. is a semi-public, non-for-profit organisation whose main activity is product certification and promotion","breadcrumb":{"@id":"https:\/\/persimon.eu\/en\/p-d-o-ribera-del-xuquer\/aims-of-the-p-d-o\/#breadcrumb"},"inLanguage":"en-US","potentialAction":[{"@type":"ReadAction","target":["https:\/\/persimon.eu\/en\/p-d-o-ribera-del-xuquer\/aims-of-the-p-d-o\/"]}]},{"@type":"BreadcrumbList","@id":"https:\/\/persimon.eu\/en\/p-d-o-ribera-del-xuquer\/aims-of-the-p-d-o\/#breadcrumb","itemListElement":[{"@type":"ListItem","position":1,"name":"Home","item":"https:\/\/persimon.eu\/en\/"},{"@type":"ListItem","position":2,"name":"P.D.O. Ribera del X\u00faquer","item":"https:\/\/persimon.eu\/en\/p-d-o-ribera-del-xuquer\/"},{"@type":"ListItem","position":3,"name":"Aims of the P.D.O."}]},{"@type":"WebSite","@id":"https:\/\/persimon.eu\/en\/#website","url":"https:\/\/persimon.eu\/en\/","name":"DOP Kaki Ribera del X\u00faquer","description":"En nuestra web descubrir\u00e1s todo lo que rodea a nuestros kakis con D.O.P. Ribera del X\u00faquer.","publisher":{"@id":"https:\/\/persimon.eu\/en\/#organization"},"potentialAction":[{"@type":"SearchAction","target":{"@type":"EntryPoint","urlTemplate":"https:\/\/persimon.eu\/en\/?s={search_term_string}"},"query-input":{"@type":"PropertyValueSpecification","valueRequired":true,"valueName":"search_term_string"}}],"inLanguage":"en-US"},{"@type":"Organization","@id":"https:\/\/persimon.eu\/en\/#organization","name":"D.O.P Kaki Ribera del X\u00faquer","url":"https:\/\/persimon.eu\/en\/","logo":{"@type":"ImageObject","inLanguage":"en-US","@id":"https:\/\/persimon.eu\/en\/#\/schema\/logo\/image\/","url":"https:\/\/persimon.eu\/wp-content\/uploads\/2019\/09\/logo-dop-kaki.png","contentUrl":"https:\/\/persimon.eu\/wp-content\/uploads\/2019\/09\/logo-dop-kaki.png","width":227,"height":227,"caption":"D.O.P Kaki Ribera del X\u00faquer"},"image":{"@id":"https:\/\/persimon.eu\/en\/#\/schema\/logo\/image\/"},"sameAs":["https:\/\/www.facebook.com\/kakipersimonDOP\/","https:\/\/www.instagram.com\/kakipersimon_\/","https:\/\/www.youtube.com\/channel\/UC7Jcl7rqySAcWf0V1axJ7Bg"]}]}},"_links":{"self":[{"href":"https:\/\/persimon.eu\/en\/wp-json\/wp\/v2\/pages\/1912","targetHints":{"allow":["GET"]}}],"collection":[{"href":"https:\/\/persimon.eu\/en\/wp-json\/wp\/v2\/pages"}],"about":[{"href":"https:\/\/persimon.eu\/en\/wp-json\/wp\/v2\/types\/page"}],"author":[{"embeddable":true,"href":"https:\/\/persimon.eu\/en\/wp-json\/wp\/v2\/users\/1"}],"replies":[{"embeddable":true,"href":"https:\/\/persimon.eu\/en\/wp-json\/wp\/v2\/comments?post=1912"}],"version-history":[{"count":6,"href":"https:\/\/persimon.eu\/en\/wp-json\/wp\/v2\/pages\/1912\/revisions"}],"predecessor-version":[{"id":2804,"href":"https:\/\/persimon.eu\/en\/wp-json\/wp\/v2\/pages\/1912\/revisions\/2804"}],"up":[{"embeddable":true,"href":"https:\/\/persimon.eu\/en\/wp-json\/wp\/v2\/pages\/1906"}],"wp:attachment":[{"href":"https:\/\/persimon.eu\/en\/wp-json\/wp\/v2\/media?parent=1912"}],"curies":[{"name":"wp","href":"https:\/\/api.w.org\/{rel}","templated":true}]}}