{"id":1922,"date":"2019-11-27T14:45:46","date_gmt":"2019-11-27T14:45:46","guid":{"rendered":"https:\/\/persimon.eu\/contact\/"},"modified":"2019-11-27T14:45:46","modified_gmt":"2019-11-27T14:45:46","slug":"contact","status":"publish","type":"page","link":"https:\/\/persimon.eu\/en\/contact\/","title":{"rendered":"Contact"},"content":{"rendered":"<p>[et_pb_section fb_built=&#8221;1&#8243; admin_label=&#8221;IMAGEN FONDO&#8221; _builder_version=&#8221;3.29.3&#8243; background_color=&#8221;rgba(0,0,0,0)&#8221; custom_padding=&#8221;0px||0px||false|false&#8221; custom_css_main_element=&#8221;min-height: 100vh;||display: flex;||flex-direction: column;||z-index: 9;||margin-top: -70px;&#8221; fb_built=&#8221;1&#8243; _i=&#8221;0&#8243; _address=&#8221;0&#8243;][et_pb_row column_structure=&#8221;1_3,2_3&#8243; _builder_version=&#8221;3.29.3&#8243; background_enable_image=&#8221;off&#8221; width=&#8221;100%&#8221; max_width=&#8221;2560px&#8221; custom_css_main_element=&#8221;padding: 0 0;||margin: 0 0;&#8221; _i=&#8221;0&#8243; _address=&#8221;0.0&#8243;][et_pb_column type=&#8221;1_3&#8243; _builder_version=&#8221;3.29.3&#8243; custom_css_main_element=&#8221;margin: 0;&#8221; _i=&#8221;0&#8243; _address=&#8221;0.0.0&#8243;][et_pb_divider divider_style=&#8221;none&#8221; _builder_version=&#8221;3.29.3&#8243; height=&#8221;1px&#8221; max_height=&#8221;1000px&#8221; custom_margin=&#8221;0px||0px||false|false&#8221; _i=&#8221;0&#8243; _address=&#8221;0.0.0.0&#8243;][\/et_pb_divider][\/et_pb_column][et_pb_column type=&#8221;2_3&#8243; _builder_version=&#8221;3.29.3&#8243; background_color=&#8221;rgba(0,0,0,0)&#8221; background_image=&#8221;https:\/\/persimon.eu\/wp-content\/uploads\/2019\/10\/img-preguntas-frecuentes.jpg&#8221; _i=&#8221;1&#8243; _address=&#8221;0.0.1&#8243;][et_pb_divider divider_style=&#8221;none&#8221; module_class=&#8221;fullHeight&#8221; _builder_version=&#8221;3.29.3&#8243; custom_margin=&#8221;0px||0px||false|false&#8221; _i=&#8221;0&#8243; _address=&#8221;0.0.1.0&#8243;][\/et_pb_divider][\/et_pb_column][\/et_pb_row][\/et_pb_section][et_pb_section fb_built=&#8221;1&#8243; admin_label=&#8221;CONTENIDO&#8221; _builder_version=&#8221;3.29.3&#8243; background_color=&#8221;rgba(0,0,0,0)&#8221; custom_margin=&#8221;||||false|false&#8221; custom_css_main_element=&#8221;z-index: 10;||top: 0;||left: 0;||position: absolute;||min-height: 100vh;||display: flex;||flex-direction: column;||width: 100%;&#8221; fb_built=&#8221;1&#8243; _i=&#8221;1&#8243; _address=&#8221;1&#8243;][et_pb_row make_equal=&#8221;on&#8221; disabled_on=&#8221;off|off|off&#8221; admin_label=&#8221;ROW BREADCRUMBS&#8221; _builder_version=&#8221;3.29.3&#8243; max_width=&#8221;2560px&#8221; custom_margin=&#8221;0px||0px||false|false&#8221; custom_padding=&#8221;0px||0px||false|false&#8221; _i=&#8221;0&#8243; _address=&#8221;1.0&#8243;][et_pb_column type=&#8221;4_4&#8243; _builder_version=&#8221;3.29.3&#8243; _i=&#8221;0&#8243; _address=&#8221;1.0.0&#8243;][et_pb_divider divider_style=&#8221;none&#8221; admin_label=&#8221;separadorTitular&#8221; module_class=&#8221;separadorTitular&#8221; _builder_version=&#8221;3.29.3&#8243; custom_margin=&#8221;0px||0px||false|false&#8221; _i=&#8221;0&#8243; _address=&#8221;1.0.0.0&#8243;][\/et_pb_divider][et_pb_code disabled_on=&#8221;on|on|off&#8221; admin_label=&#8221;Breadcrumbs&#8221; _builder_version=&#8221;3.29.3&#8243; custom_margin=&#8221;0px||0px||true|false&#8221; _i=&#8221;1&#8243; _address=&#8221;1.0.0.1&#8243;]<p id=\"breadcrumbs\"><span><span><a href=\"https:\/\/persimon.eu\/en\/\">Home<\/a><\/span><\/span><\/p>[\/et_pb_code][et_pb_divider divider_style=&#8221;none&#8221; disabled_on=&#8221;on|on|off&#8221; _builder_version=&#8221;3.29.3&#8243; height=&#8221;40px&#8221; custom_margin=&#8221;0px||0px||false|false&#8221; _i=&#8221;2&#8243; _address=&#8221;1.0.0.2&#8243;][\/et_pb_divider][\/et_pb_column][\/et_pb_row][et_pb_row column_structure=&#8221;2_5,3_5&#8243; make_equal=&#8221;on&#8221; _builder_version=&#8221;3.29.3&#8243; max_width=&#8221;2560px&#8221; custom_margin=&#8221;0px||0px||false|false&#8221; custom_padding=&#8221;0px||0px||false|false&#8221; hover_enabled=&#8221;0&#8243; _i=&#8221;1&#8243; _address=&#8221;1.1&#8243;][et_pb_column type=&#8221;2_5&#8243; _builder_version=&#8221;3.29.3&#8243; hover_enabled=&#8221;0&#8243; _i=&#8221;0&#8243; _address=&#8221;1.1.0&#8243; module_class=&#8221;ds-vertical-align&#8221;][et_pb_divider divider_style=&#8221;none&#8221; _builder_version=&#8221;3.29.3&#8243; height=&#8221;1px&#8221; max_height=&#8221;1000px&#8221; custom_margin=&#8221;0px||0px||false|false&#8221; _i=&#8221;0&#8243; _address=&#8221;1.1.1.0&#8243;][\/et_pb_divider][et_pb_text module_class=&#8221;kaki-titular&#8221; _builder_version=&#8221;3.29.3&#8243; header_font_size=&#8221;60px&#8221; custom_margin=&#8221;||0px||false|false&#8221; custom_padding=&#8221;|50px||50px|false|true&#8221; hover_enabled=&#8221;0&#8243; _i=&#8221;0&#8243; _address=&#8221;1.1.0.0&#8243;]<\/p>\n<h1>Contact<\/h1>\n<p>[\/et_pb_text][et_pb_text module_class=&#8221;bloqueTexto80&#8243; _builder_version=&#8221;3.29.3&#8243; custom_margin=&#8221;0px||||false|false&#8221; custom_padding=&#8221;40px|50px|40px|50px|true|true&#8221; hover_enabled=&#8221;0&#8243; _i=&#8221;1&#8243; _address=&#8221;1.1.0.1&#8243;]If you need to ask us for further information or you want to contact us for anything, please fill in the following form. We&#8217;ll be happy to help you.[\/et_pb_text][\/et_pb_column][et_pb_column type=&#8221;3_5&#8243; _builder_version=&#8221;3.29.3&#8243; background_enable_image=&#8221;off&#8221; _i=&#8221;1&#8243; _address=&#8221;1.1.1&#8243;][et_pb_code _builder_version=&#8221;3.29.3&#8243; admin_label=&#8221;Formulario Contacto&#8221; hover_enabled=&#8221;0&#8243; background_color=&#8221;rgba(255,255,255,0.9)&#8221; custom_margin=&#8221;||||false&#8221; custom_padding=&#8221;40px|50px|40px|50px|true|true&#8221; custom_padding_last_edited=&#8221;off|desktop&#8221; custom_padding_phone=&#8221;|0px||0px|true|true&#8221;]\n<div class=\"wpcf7 no-js\" id=\"wpcf7-f2152-o1\" lang=\"en-US\" dir=\"ltr\" data-wpcf7-id=\"2152\">\n<div class=\"screen-reader-response\"><p role=\"status\" aria-live=\"polite\" aria-atomic=\"true\"><\/p> <ul><\/ul><\/div>\n<form action=\"\/en\/wp-json\/wp\/v2\/pages\/1922#wpcf7-f2152-o1\" method=\"post\" class=\"wpcf7-form init\" aria-label=\"Contact form\" novalidate=\"novalidate\" data-status=\"init\">\n<fieldset class=\"hidden-fields-container\"><input type=\"hidden\" name=\"_wpcf7\" value=\"2152\" \/><input type=\"hidden\" name=\"_wpcf7_version\" value=\"6.1.5\" \/><input type=\"hidden\" name=\"_wpcf7_locale\" value=\"en_US\" \/><input type=\"hidden\" name=\"_wpcf7_unit_tag\" value=\"wpcf7-f2152-o1\" \/><input type=\"hidden\" name=\"_wpcf7_container_post\" value=\"0\" \/><input type=\"hidden\" name=\"_wpcf7_posted_data_hash\" value=\"\" \/><input type=\"hidden\" name=\"_wpcf7_recaptcha_response\" value=\"\" \/>\n<\/fieldset>\n<div class=\"Formdatos\">\n\t<h4>1. Your data\n\t<\/h4>\n<\/div>\n<p><span class=\"wpcf7-form-control-wrap\" data-name=\"your-name-contact\"><input size=\"40\" maxlength=\"400\" class=\"wpcf7-form-control wpcf7-text wpcf7-validates-as-required KakiField\" aria-required=\"true\" aria-invalid=\"false\" placeholder=\"Name\" value=\"\" type=\"text\" name=\"your-name-contact\" \/><\/span><br \/>\n<span class=\"wpcf7-form-control-wrap\" data-name=\"your-email-contact\"><input size=\"40\" maxlength=\"400\" class=\"wpcf7-form-control wpcf7-email wpcf7-validates-as-required wpcf7-text wpcf7-validates-as-email KakiField\" aria-required=\"true\" aria-invalid=\"false\" placeholder=\"Email\" value=\"\" type=\"email\" name=\"your-email-contact\" \/><\/span><br \/>\n<span class=\"wpcf7-form-control-wrap\" data-name=\"tel-539\"><input size=\"40\" maxlength=\"400\" class=\"wpcf7-form-control wpcf7-tel wpcf7-text wpcf7-validates-as-tel KakiField\" aria-invalid=\"false\" placeholder=\"Phone\" value=\"\" type=\"tel\" name=\"tel-539\" \/><\/span>\n<\/p>\n<div class=\"Formdatos\">\n\t<h4>2. How can we help?\n\t<\/h4>\n<\/div>\n<p><span class=\"wpcf7-form-control-wrap\" data-name=\"message-453\"><textarea cols=\"40\" rows=\"10\" maxlength=\"2000\" class=\"wpcf7-form-control wpcf7-textarea KakiField\" aria-invalid=\"false\" placeholder=\"Message\" name=\"message-453\"><\/textarea><\/span><br \/>\n<span class=\"wpcf7-form-control-wrap\" data-name=\"LOPD-409\"><span class=\"wpcf7-form-control wpcf7-checkbox wpcf7-validates-as-required docDOP\"><span class=\"wpcf7-list-item first last\"><label><input type=\"checkbox\" name=\"LOPD-409[]\" value=\"I have read and accept the data protection and privacy policy\" \/><span class=\"wpcf7-list-item-label\">I have read and accept the data protection and privacy policy<\/span><\/label><\/span><\/span><\/span>\n<\/p>\n<div class=\"DOPSubmit\">\n\t<p><button class=\"wpcf7-form-control wpcf7-submit has-spinner et_pb_button et_pb_bg_layout_light SendDOC\" type=\"submit\" value=\"Send\">Send<\/button>\n\t<\/p>\n<\/div><div class=\"wpcf7-response-output\" aria-hidden=\"true\"><\/div>\n<\/form>\n<\/div>\n[\/et_pb_code][\/et_pb_column][\/et_pb_row][\/et_pb_section]<\/p>\n","protected":false},"excerpt":{"rendered":"<p><p id=\"breadcrumbs\"><span><span><a href=\"https:\/\/persimon.eu\/en\/\">Home<\/a><\/span><\/span><\/p>ContactIf you need to ask us for further information or you want to contact us for anything, please fill in the following form. We&#8217;ll be happy to help you.\n<div class=\"wpcf7 no-js\" id=\"wpcf7-f2152-o2\" lang=\"en-US\" dir=\"ltr\" data-wpcf7-id=\"2152\">\n<div class=\"screen-reader-response\"><p role=\"status\" aria-live=\"polite\" aria-atomic=\"true\"><\/p> <ul><\/ul><\/div>\n<form action=\"\/en\/wp-json\/wp\/v2\/pages\/1922#wpcf7-f2152-o2\" method=\"post\" class=\"wpcf7-form init\" aria-label=\"Contact form\" novalidate=\"novalidate\" data-status=\"init\">\n<fieldset class=\"hidden-fields-container\"><input type=\"hidden\" name=\"_wpcf7\" value=\"2152\" \/><input type=\"hidden\" name=\"_wpcf7_version\" value=\"6.1.5\" \/><input type=\"hidden\" name=\"_wpcf7_locale\" value=\"en_US\" \/><input type=\"hidden\" name=\"_wpcf7_unit_tag\" value=\"wpcf7-f2152-o2\" \/><input type=\"hidden\" name=\"_wpcf7_container_post\" value=\"0\" \/><input type=\"hidden\" name=\"_wpcf7_posted_data_hash\" value=\"\" \/><input type=\"hidden\" name=\"_wpcf7_recaptcha_response\" value=\"\" \/>\n<\/fieldset>\n<div class=\"Formdatos\">\n\t<h4>1. Your data\n\t<\/h4>\n<\/div>\n<p><span class=\"wpcf7-form-control-wrap\" data-name=\"your-name-contact\"><input size=\"40\" maxlength=\"400\" class=\"wpcf7-form-control wpcf7-text wpcf7-validates-as-required KakiField\" aria-required=\"true\" aria-invalid=\"false\" placeholder=\"Name\" value=\"\" type=\"text\" name=\"your-name-contact\" \/><\/span><br \/>\n<span class=\"wpcf7-form-control-wrap\" data-name=\"your-email-contact\"><input size=\"40\" maxlength=\"400\" class=\"wpcf7-form-control wpcf7-email wpcf7-validates-as-required wpcf7-text wpcf7-validates-as-email KakiField\" aria-required=\"true\" aria-invalid=\"false\" placeholder=\"Email\" value=\"\" type=\"email\" name=\"your-email-contact\" \/><\/span><br \/>\n<span class=\"wpcf7-form-control-wrap\" data-name=\"tel-539\"><input size=\"40\" maxlength=\"400\" class=\"wpcf7-form-control wpcf7-tel wpcf7-text wpcf7-validates-as-tel KakiField\" aria-invalid=\"false\" placeholder=\"Phone\" value=\"\" type=\"tel\" name=\"tel-539\" \/><\/span>\n<\/p>\n<div class=\"Formdatos\">\n\t<h4>2. How can we help?\n\t<\/h4>\n<\/div>\n<p><span class=\"wpcf7-form-control-wrap\" data-name=\"message-453\"><textarea cols=\"40\" rows=\"10\" maxlength=\"2000\" class=\"wpcf7-form-control wpcf7-textarea KakiField\" aria-invalid=\"false\" placeholder=\"Message\" name=\"message-453\"><\/textarea><\/span><br \/>\n<span class=\"wpcf7-form-control-wrap\" data-name=\"LOPD-409\"><span class=\"wpcf7-form-control wpcf7-checkbox wpcf7-validates-as-required docDOP\"><span class=\"wpcf7-list-item first last\"><label><input type=\"checkbox\" name=\"LOPD-409[]\" value=\"I have read and accept the data protection and privacy policy\" \/><span class=\"wpcf7-list-item-label\">I have read and accept the data protection and privacy policy<\/span><\/label><\/span><\/span><\/span>\n<\/p>\n<div class=\"DOPSubmit\">\n\t<p><button class=\"wpcf7-form-control wpcf7-submit has-spinner et_pb_button et_pb_bg_layout_light SendDOC\" type=\"submit\" value=\"Send\">Send<\/button>\n\t<\/p>\n<\/div><div class=\"wpcf7-response-output\" aria-hidden=\"true\"><\/div>\n<\/form>\n<\/div>\n<\/p>\n","protected":false},"author":1,"featured_media":0,"parent":0,"menu_order":0,"comment_status":"closed","ping_status":"closed","template":"","meta":{"_acf_changed":false,"_et_pb_use_builder":"on","_et_pb_old_content":"","_et_gb_content_width":"","footnotes":""},"class_list":["post-1922","page","type-page","status-publish","hentry"],"acf":[],"yoast_head":"<!-- This site is optimized with the Yoast SEO plugin v27.1.1 - https:\/\/yoast.com\/product\/yoast-seo-wordpress\/ -->\n<title>Contact - DOP Kaki Ribera del X\u00faquer<\/title>\n<meta name=\"description\" content=\"If you need to ask us for further information or you want to contact us for anything, please fill in the following form. We&#039;ll be happy to help you.\" \/>\n<meta name=\"robots\" content=\"index, follow, max-snippet:-1, max-image-preview:large, max-video-preview:-1\" \/>\n<link rel=\"canonical\" href=\"https:\/\/persimon.eu\/en\/contact\/\" \/>\n<meta property=\"og:locale\" content=\"en_US\" \/>\n<meta property=\"og:type\" content=\"article\" \/>\n<meta property=\"og:title\" content=\"Contact - DOP Kaki Ribera del X\u00faquer\" \/>\n<meta property=\"og:description\" content=\"If you need to ask us for further information or you want to contact us for anything, please fill in the following form. We&#039;ll be happy to help you.\" \/>\n<meta property=\"og:site_name\" content=\"DOP Kaki Ribera del X\u00faquer\" \/>\n<meta property=\"article:publisher\" content=\"https:\/\/www.facebook.com\/kakipersimonDOP\/\" \/>\n<meta name=\"twitter:card\" content=\"summary_large_image\" \/>\n<meta name=\"twitter:label1\" content=\"Est. reading time\" \/>\n\t<meta name=\"twitter:data1\" content=\"3 minutes\" \/>\n<script type=\"application\/ld+json\" class=\"yoast-schema-graph\">{\"@context\":\"https:\/\/schema.org\",\"@graph\":[{\"@type\":\"WebPage\",\"@id\":\"https:\/\/persimon.eu\/en\/contact\/\",\"url\":\"https:\/\/persimon.eu\/en\/contact\/\",\"name\":\"Contact - DOP Kaki Ribera del X\u00faquer\",\"isPartOf\":{\"@id\":\"https:\/\/persimon.eu\/en\/#website\"},\"datePublished\":\"2019-11-27T14:45:46+00:00\",\"description\":\"If you need to ask us for further information or you want to contact us for anything, please fill in the following form. We'll be happy to help you.\",\"breadcrumb\":{\"@id\":\"https:\/\/persimon.eu\/en\/contact\/#breadcrumb\"},\"inLanguage\":\"en-US\",\"potentialAction\":[{\"@type\":\"ReadAction\",\"target\":[\"https:\/\/persimon.eu\/en\/contact\/\"]}]},{\"@type\":\"BreadcrumbList\",\"@id\":\"https:\/\/persimon.eu\/en\/contact\/#breadcrumb\",\"itemListElement\":[{\"@type\":\"ListItem\",\"position\":1,\"name\":\"Home\",\"item\":\"https:\/\/persimon.eu\/en\/\"},{\"@type\":\"ListItem\",\"position\":2,\"name\":\"Contact\"}]},{\"@type\":\"WebSite\",\"@id\":\"https:\/\/persimon.eu\/en\/#website\",\"url\":\"https:\/\/persimon.eu\/en\/\",\"name\":\"DOP Kaki Ribera del X\u00faquer\",\"description\":\"En nuestra web descubrir\u00e1s todo lo que rodea a nuestros kakis con D.O.P. Ribera del X\u00faquer.\",\"publisher\":{\"@id\":\"https:\/\/persimon.eu\/en\/#organization\"},\"potentialAction\":[{\"@type\":\"SearchAction\",\"target\":{\"@type\":\"EntryPoint\",\"urlTemplate\":\"https:\/\/persimon.eu\/en\/?s={search_term_string}\"},\"query-input\":{\"@type\":\"PropertyValueSpecification\",\"valueRequired\":true,\"valueName\":\"search_term_string\"}}],\"inLanguage\":\"en-US\"},{\"@type\":\"Organization\",\"@id\":\"https:\/\/persimon.eu\/en\/#organization\",\"name\":\"D.O.P Kaki Ribera del X\u00faquer\",\"url\":\"https:\/\/persimon.eu\/en\/\",\"logo\":{\"@type\":\"ImageObject\",\"inLanguage\":\"en-US\",\"@id\":\"https:\/\/persimon.eu\/en\/#\/schema\/logo\/image\/\",\"url\":\"https:\/\/persimon.eu\/wp-content\/uploads\/2019\/09\/logo-dop-kaki.png\",\"contentUrl\":\"https:\/\/persimon.eu\/wp-content\/uploads\/2019\/09\/logo-dop-kaki.png\",\"width\":227,\"height\":227,\"caption\":\"D.O.P Kaki Ribera del X\u00faquer\"},\"image\":{\"@id\":\"https:\/\/persimon.eu\/en\/#\/schema\/logo\/image\/\"},\"sameAs\":[\"https:\/\/www.facebook.com\/kakipersimonDOP\/\",\"https:\/\/www.instagram.com\/kakipersimon_\/\",\"https:\/\/www.youtube.com\/channel\/UC7Jcl7rqySAcWf0V1axJ7Bg\"]}]}<\/script>\n<!-- \/ Yoast SEO plugin. -->","yoast_head_json":{"title":"Contact - DOP Kaki Ribera del X\u00faquer","description":"If you need to ask us for further information or you want to contact us for anything, please fill in the following form. We'll be happy to help you.","robots":{"index":"index","follow":"follow","max-snippet":"max-snippet:-1","max-image-preview":"max-image-preview:large","max-video-preview":"max-video-preview:-1"},"canonical":"https:\/\/persimon.eu\/en\/contact\/","og_locale":"en_US","og_type":"article","og_title":"Contact - DOP Kaki Ribera del X\u00faquer","og_description":"If you need to ask us for further information or you want to contact us for anything, please fill in the following form. We'll be happy to help you.","og_site_name":"DOP Kaki Ribera del X\u00faquer","article_publisher":"https:\/\/www.facebook.com\/kakipersimonDOP\/","twitter_card":"summary_large_image","twitter_misc":{"Est. reading time":"3 minutes"},"schema":{"@context":"https:\/\/schema.org","@graph":[{"@type":"WebPage","@id":"https:\/\/persimon.eu\/en\/contact\/","url":"https:\/\/persimon.eu\/en\/contact\/","name":"Contact - DOP Kaki Ribera del X\u00faquer","isPartOf":{"@id":"https:\/\/persimon.eu\/en\/#website"},"datePublished":"2019-11-27T14:45:46+00:00","description":"If you need to ask us for further information or you want to contact us for anything, please fill in the following form. We'll be happy to help you.","breadcrumb":{"@id":"https:\/\/persimon.eu\/en\/contact\/#breadcrumb"},"inLanguage":"en-US","potentialAction":[{"@type":"ReadAction","target":["https:\/\/persimon.eu\/en\/contact\/"]}]},{"@type":"BreadcrumbList","@id":"https:\/\/persimon.eu\/en\/contact\/#breadcrumb","itemListElement":[{"@type":"ListItem","position":1,"name":"Home","item":"https:\/\/persimon.eu\/en\/"},{"@type":"ListItem","position":2,"name":"Contact"}]},{"@type":"WebSite","@id":"https:\/\/persimon.eu\/en\/#website","url":"https:\/\/persimon.eu\/en\/","name":"DOP Kaki Ribera del X\u00faquer","description":"En nuestra web descubrir\u00e1s todo lo que rodea a nuestros kakis con D.O.P. Ribera del X\u00faquer.","publisher":{"@id":"https:\/\/persimon.eu\/en\/#organization"},"potentialAction":[{"@type":"SearchAction","target":{"@type":"EntryPoint","urlTemplate":"https:\/\/persimon.eu\/en\/?s={search_term_string}"},"query-input":{"@type":"PropertyValueSpecification","valueRequired":true,"valueName":"search_term_string"}}],"inLanguage":"en-US"},{"@type":"Organization","@id":"https:\/\/persimon.eu\/en\/#organization","name":"D.O.P Kaki Ribera del X\u00faquer","url":"https:\/\/persimon.eu\/en\/","logo":{"@type":"ImageObject","inLanguage":"en-US","@id":"https:\/\/persimon.eu\/en\/#\/schema\/logo\/image\/","url":"https:\/\/persimon.eu\/wp-content\/uploads\/2019\/09\/logo-dop-kaki.png","contentUrl":"https:\/\/persimon.eu\/wp-content\/uploads\/2019\/09\/logo-dop-kaki.png","width":227,"height":227,"caption":"D.O.P Kaki Ribera del X\u00faquer"},"image":{"@id":"https:\/\/persimon.eu\/en\/#\/schema\/logo\/image\/"},"sameAs":["https:\/\/www.facebook.com\/kakipersimonDOP\/","https:\/\/www.instagram.com\/kakipersimon_\/","https:\/\/www.youtube.com\/channel\/UC7Jcl7rqySAcWf0V1axJ7Bg"]}]}},"_links":{"self":[{"href":"https:\/\/persimon.eu\/en\/wp-json\/wp\/v2\/pages\/1922","targetHints":{"allow":["GET"]}}],"collection":[{"href":"https:\/\/persimon.eu\/en\/wp-json\/wp\/v2\/pages"}],"about":[{"href":"https:\/\/persimon.eu\/en\/wp-json\/wp\/v2\/types\/page"}],"author":[{"embeddable":true,"href":"https:\/\/persimon.eu\/en\/wp-json\/wp\/v2\/users\/1"}],"replies":[{"embeddable":true,"href":"https:\/\/persimon.eu\/en\/wp-json\/wp\/v2\/comments?post=1922"}],"version-history":[{"count":1,"href":"https:\/\/persimon.eu\/en\/wp-json\/wp\/v2\/pages\/1922\/revisions"}],"predecessor-version":[{"id":1923,"href":"https:\/\/persimon.eu\/en\/wp-json\/wp\/v2\/pages\/1922\/revisions\/1923"}],"wp:attachment":[{"href":"https:\/\/persimon.eu\/en\/wp-json\/wp\/v2\/media?parent=1922"}],"curies":[{"name":"wp","href":"https:\/\/api.w.org\/{rel}","templated":true}]}}