{"id":2365,"date":"2020-10-28T15:11:16","date_gmt":"2020-10-28T15:11:16","guid":{"rendered":"https:\/\/persimon.eu\/international-campaigns\/"},"modified":"2020-10-28T15:11:18","modified_gmt":"2020-10-28T15:11:18","slug":"international-campaigns","status":"publish","type":"page","link":"https:\/\/persimon.eu\/en\/international-campaigns\/","title":{"rendered":"International campaigns"},"content":{"rendered":"\n[et_pb_section fb_built=&#8221;1&#8243; admin_label=&#8221;Campa\u00f1as&#8221; module_id=&#8221;documentation&#8221; _builder_version=&#8221;4.4.4&#8243; background_color=&#8221;rgba(0,0,0,0)&#8221; custom_margin=&#8221;||||false|false&#8221; hover_enabled=&#8221;0&#8243; custom_css_main_element=&#8221;z-index: 10;||min-height: 100vh;||display: flex;||flex-direction: column;||width: 100%;&#8221;][et_pb_row make_equal=&#8221;on&#8221; disabled_on=&#8221;off|off|off&#8221; admin_label=&#8221;ROW BREADCRUMBS&#8221; _builder_version=&#8221;3.29.3&#8243; max_width=&#8221;2560px&#8221; custom_margin=&#8221;0px||0px||false|false&#8221; custom_padding=&#8221;0px||0px||false|false&#8221;][et_pb_column type=&#8221;4_4&#8243; _builder_version=&#8221;3.29.3&#8243;][et_pb_divider divider_style=&#8221;none&#8221; admin_label=&#8221;separadorTitular&#8221; module_class=&#8221;separadorTitular&#8221; _builder_version=&#8221;4.4.4&#8243; custom_margin=&#8221;0px||0px||false|false&#8221;][\/et_pb_divider][et_pb_code disabled_on=&#8221;on|on|off&#8221; admin_label=&#8221;Breadcrumbs&#8221; _builder_version=&#8221;4.4.4&#8243; custom_margin=&#8221;0px||0px||true|false&#8221; hover_enabled=&#8221;0&#8243;]<p id=\"breadcrumbs\"><span><span><a href=\"https:\/\/persimon.eu\/en\/\">Home<\/a><\/span><\/span><\/p>[\/et_pb_code][et_pb_divider divider_style=&#8221;none&#8221; disabled_on=&#8221;on|on|off&#8221; _builder_version=&#8221;3.29.3&#8243; height=&#8221;40px&#8221; custom_margin=&#8221;0px||0px||false|false&#8221;][\/et_pb_divider][\/et_pb_column][\/et_pb_row][et_pb_row column_structure=&#8221;1_2,1_2&#8243; make_equal=&#8221;on&#8221; _builder_version=&#8221;3.29.3&#8243; max_width=&#8221;2560px&#8221; custom_margin=&#8221;0px||0px||false|false&#8221; custom_padding=&#8221;0px||0px||false|false&#8221;][et_pb_column type=&#8221;1_2&#8243; _builder_version=&#8221;3.29.3&#8243;][et_pb_text module_class=&#8221;kaki-titular&#8221; _builder_version=&#8221;4.4.4&#8243; header_font_size=&#8221;60px&#8221; custom_margin=&#8221;||0px||false|false&#8221; custom_padding=&#8221;|50px||50px|false|true&#8221; hover_enabled=&#8221;0&#8243;]<h1>International campaigns<\/h1>[\/et_pb_text][et_pb_text module_class=&#8221;bloqueTexto80&#8243; _builder_version=&#8221;4.4.4&#8243; custom_margin=&#8221;0px||||false|false&#8221; custom_padding=&#8221;40px|50px|40px|50px|true|true&#8221; hover_enabled=&#8221;0&#8243;]International campaigns of the D.O.P Kaki Ribera del X\u00faquer[\/et_pb_text][\/et_pb_column][et_pb_column type=&#8221;1_2&#8243; _builder_version=&#8221;3.29.3&#8243; background_enable_image=&#8221;off&#8221;][et_pb_divider divider_style=&#8221;none&#8221; _builder_version=&#8221;3.29.3&#8243; height=&#8221;1px&#8221; max_height=&#8221;1000px&#8221; custom_margin=&#8221;0px||0px||false|false&#8221;][\/et_pb_divider][\/et_pb_column][\/et_pb_row][et_pb_row _builder_version=&#8221;3.29.3&#8243; custom_margin=&#8221;0px||0px||true|false&#8221;][et_pb_column type=&#8221;4_4&#8243; _builder_version=&#8221;3.29.3&#8243;][dica_divi_carousel show_items_tablet=&#8221;5&#8243; arrow_nav=&#8221;on&#8221; equal_height=&#8221;on&#8221; advanced_effect=&#8221;1&#8243; arrow_nav_color=&#8221;#666&#8243; arrow_bg_color=&#8221;rgba(0,0,0,0)&#8221; dots_color=&#8221;rgba(102,102,102,0.7)&#8221; dots_active_color=&#8221;#666&#8243; align=&#8221;center&#8221; image_sizing=&#8221;70px&#8221; arrow_position=&#8221;middle-outside&#8221; arrow_show_hover=&#8221;on&#8221; image_container_margin=&#8221;||||false|false&#8221; image_container_padding=&#8221;||20px||false|false&#8221; admin_label=&#8221;Carousel &#8211; Documents&#8221; _builder_version=&#8221;4.4.4&#8243; title_text_align=&#8221;center&#8221; body_text_align=&#8221;justify&#8221; hover_enabled=&#8221;0&#8243; show_items_desktop=&#8221;5&#8243;][dica_divi_carouselitem title=&#8221;United Kingdom&#8221; button_text=&#8221;See more&#8221; button_url=&#8221;http:\/\/spanishpersimon.co.uk\/&#8221; button_url_new_window=&#8221;on&#8221; image=&#8221;https:\/\/persimon.eu\/wp-content\/uploads\/2020\/06\/kaki-uk.png&#8221; _builder_version=&#8221;4.4.4&#8243; custom_button=&#8221;on&#8221; button_text_color=&#8221;#ffffff&#8221; button_bg_color=&#8221;#000000&#8243; button_border_width=&#8221;1px&#8221; button_border_color=&#8221;#000000&#8243; button_border_radius=&#8221;0px&#8221; button_use_icon=&#8221;off&#8221; button_alignment=&#8221;center&#8221; hover_enabled=&#8221;0&#8243; button_rel=&#8221;off|off|on|off|off&#8221; title_text=&#8221;kaki-uk&#8221;][\/dica_divi_carouselitem][dica_divi_carouselitem title=&#8221;Canada&#8221; button_text=&#8221;See more&#8221; button_url=&#8221;http:\/\/persimoncanada.com\/&#8221; button_url_new_window=&#8221;on&#8221; image=&#8221;https:\/\/persimon.eu\/wp-content\/uploads\/2020\/06\/kaki-ca.png&#8221; _builder_version=&#8221;4.4.4&#8243; custom_button=&#8221;on&#8221; button_text_color=&#8221;#ffffff&#8221; button_bg_color=&#8221;#000000&#8243; button_border_width=&#8221;1px&#8221; button_border_color=&#8221;#000000&#8243; button_border_radius=&#8221;0px&#8221; button_use_icon=&#8221;off&#8221; button_alignment=&#8221;center&#8221; hover_enabled=&#8221;0&#8243; button_rel=&#8221;off|off|on|off|off&#8221; title_text=&#8221;kaki-ca&#8221;][\/dica_divi_carouselitem][dica_divi_carouselitem title=&#8221;Middle East&#8221; button_text=&#8221;See more&#8221; button_url=&#8221;http:\/\/persimon-me.com\/ar&#8221; button_url_new_window=&#8221;on&#8221; image=&#8221;https:\/\/persimon.eu\/wp-content\/uploads\/2020\/06\/kaki-mo.png&#8221; _builder_version=&#8221;4.4.4&#8243; custom_button=&#8221;on&#8221; button_text_color=&#8221;#ffffff&#8221; button_bg_color=&#8221;#000000&#8243; button_border_width=&#8221;1px&#8221; button_border_color=&#8221;#000000&#8243; button_border_radius=&#8221;0px&#8221; button_use_icon=&#8221;off&#8221; button_alignment=&#8221;center&#8221; hover_enabled=&#8221;0&#8243; button_rel=&#8221;off|off|on|off|off&#8221; title_text=&#8221;kaki-mo&#8221;][\/dica_divi_carouselitem][dica_divi_carouselitem title=&#8221;France&#8221; button_text=&#8221;See more&#8221; button_url=&#8221;https:\/\/fr.pdopgi.eu\/&#8221; button_url_new_window=&#8221;on&#8221; image=&#8221;https:\/\/persimon.eu\/wp-content\/uploads\/2020\/06\/kaki-fr.png&#8221; _builder_version=&#8221;4.4.4&#8243; custom_button=&#8221;on&#8221; button_text_color=&#8221;#ffffff&#8221; button_bg_color=&#8221;#000000&#8243; button_border_width=&#8221;1px&#8221; button_border_color=&#8221;#000000&#8243; button_border_radius=&#8221;0px&#8221; button_use_icon=&#8221;off&#8221; button_alignment=&#8221;center&#8221; hover_enabled=&#8221;0&#8243; button_rel=&#8221;off|off|on|off|off&#8221; title_text=&#8221;kaki-fr&#8221;][\/dica_divi_carouselitem][dica_divi_carouselitem title=&#8221;Germany&#8221; button_text=&#8221;See more&#8221; button_url=&#8221;https:\/\/de.pdopgi.eu\/&#8221; button_url_new_window=&#8221;on&#8221; image=&#8221;https:\/\/persimon.eu\/wp-content\/uploads\/2020\/06\/kaki-de.png&#8221; _builder_version=&#8221;4.4.4&#8243; custom_button=&#8221;on&#8221; button_text_color=&#8221;#ffffff&#8221; button_bg_color=&#8221;#000000&#8243; button_border_width=&#8221;1px&#8221; button_border_color=&#8221;#000000&#8243; button_border_radius=&#8221;0px&#8221; button_use_icon=&#8221;off&#8221; button_alignment=&#8221;center&#8221; hover_enabled=&#8221;0&#8243; button_rel=&#8221;off|off|on|off|off&#8221; title_text=&#8221;kaki-de&#8221;][\/dica_divi_carouselitem][\/dica_divi_carousel][\/et_pb_column][\/et_pb_row][\/et_pb_section]\n","protected":false},"excerpt":{"rendered":"<p><p id=\"breadcrumbs\"><span><span><a href=\"https:\/\/persimon.eu\/en\/\">Home<\/a><\/span><\/span><\/p>International campaignsInternational campaigns of the D.O.P Kaki Ribera del X\u00faquer<div class=\"et_pb_module dica_divi_carousel dica_divi_carousel_0\">\n\t\t\t\t\n\t\t\t\t\n\t\t\t\t\n\t\t\t\t\n\t\t\t\t\n\t\t\t\t\n\t\t\t\t<div class=\"et_pb_module_inner\">\n\t\t\t\t\t<div class=\"dica-container  desktop_middle-outside tablet_middle-outside mobile_middle-outside arrow-on-hover\" data-props='{\"desktop\":\"5\",\"tablet\":\"5\",\"mobile\":\"1\",\"speed\":\"500\",\"arrow\":\"on\",\"dots\":\"off\",\"autoplay\":\"off\",\"autoSpeed\":\"1000\",\"loop\":\"off\",\"item_spacing\":\"30\",\"center_mode\":\"off\",\"slider_effec\":\"1\",\"cover_rotate\":\"50\",\"pause_onhover\":\"off\",\"multislide\":\"off\",\"cfshadow\":\"on\",\"order\":\"0\",\"lazyload\":\"off\",\"lazybefore\":\"off\",\"scroller_effect\":\"off\",\"autowidth\":\"off\",\"item_spacing_tablet\":\"30\",\"item_spacing_phone\":\"30\",\"scroller_speed\":\"4000\",\"hashNavigation\":\"off\",\"simulatetouch\":\"off\",\"allowtouchmove\":\"off\",\"slide_row\":\"1\",\"slide_row_tablet\":\"1\",\"slide_row_phone\":\"1\",\"keyboard\":\"off\",\"mousewheel\":\"off\",\"autoplay_viewport\":\"\"}'>\n\t\t\t\t\t\t\t \t<div class=\"swiper-container\" >\n\t\t\t\t\t\t\t\t\t<div class=\"swiper-wrapper\"><div class=\"et_pb_module dica_divi_carouselitem dica_divi_carouselitem_0\">\n\t\t\t\t\n\t\t\t\t\n\t\t\t\t\n\t\t\t\t\n\t\t\t\t\n\t\t\t\t\n\t\t\t\t<div class=\"et_pb_module_inner\">\n\t\t\t\t\t <div class=\"dica-item image_top\"   data-hash=\"dica_divi_carouselitem_0\">\n\t\t\t\t\t\t\t\t\t<div class=\"dica-image-container\"><span class=\"image\"><img loading=\"lazy\" decoding=\"async\" src=\"https:\/\/persimon.eu\/wp-content\/uploads\/2020\/06\/kaki-uk.png\" srcset=\"\" alt=\"\" class=\"dica-item-image\" width=\"179\" height=\"144\"\/><\/span><\/div>\n\t\t\t\t\t\t\t\t\t<div class=\"dica-item-content\"><h4 class=\"item-title\">United Kingdom<\/h4>        <div class=\"et_pb_button_wrapper\"><a class=\"et_pb_button\" href=\"http:\/\/spanishpersimon.co.uk\/\" target=\"_blank\" rel=\"nofollow\">See more<\/a><\/div><\/div>\n\t\t\t\t\t\t\t<\/div>\n\t\t\t\t<\/div>\n\t\t\t<\/div><div class=\"et_pb_module dica_divi_carouselitem dica_divi_carouselitem_1\">\n\t\t\t\t\n\t\t\t\t\n\t\t\t\t\n\t\t\t\t\n\t\t\t\t\n\t\t\t\t\n\t\t\t\t<div class=\"et_pb_module_inner\">\n\t\t\t\t\t <div class=\"dica-item image_top\"   data-hash=\"dica_divi_carouselitem_1\">\n\t\t\t\t\t\t\t\t\t<div class=\"dica-image-container\"><span class=\"image\"><img loading=\"lazy\" decoding=\"async\" src=\"https:\/\/persimon.eu\/wp-content\/uploads\/2020\/06\/kaki-ca.png\" srcset=\"\" alt=\"\" class=\"dica-item-image\" width=\"179\" height=\"144\"\/><\/span><\/div>\n\t\t\t\t\t\t\t\t\t<div class=\"dica-item-content\"><h4 class=\"item-title\">Canada<\/h4>        <div class=\"et_pb_button_wrapper\"><a class=\"et_pb_button\" href=\"http:\/\/persimoncanada.com\/\" target=\"_blank\" rel=\"nofollow\">See more<\/a><\/div><\/div>\n\t\t\t\t\t\t\t<\/div>\n\t\t\t\t<\/div>\n\t\t\t<\/div><div class=\"et_pb_module dica_divi_carouselitem dica_divi_carouselitem_2\">\n\t\t\t\t\n\t\t\t\t\n\t\t\t\t\n\t\t\t\t\n\t\t\t\t\n\t\t\t\t\n\t\t\t\t<div class=\"et_pb_module_inner\">\n\t\t\t\t\t <div class=\"dica-item image_top\"   data-hash=\"dica_divi_carouselitem_2\">\n\t\t\t\t\t\t\t\t\t<div class=\"dica-image-container\"><span class=\"image\"><img loading=\"lazy\" decoding=\"async\" src=\"https:\/\/persimon.eu\/wp-content\/uploads\/2020\/06\/kaki-mo.png\" srcset=\"\" alt=\"\" class=\"dica-item-image\" width=\"179\" height=\"144\"\/><\/span><\/div>\n\t\t\t\t\t\t\t\t\t<div class=\"dica-item-content\"><h4 class=\"item-title\">Middle East<\/h4>        <div class=\"et_pb_button_wrapper\"><a class=\"et_pb_button\" href=\"http:\/\/persimon-me.com\/ar\" target=\"_blank\" rel=\"nofollow\">See more<\/a><\/div><\/div>\n\t\t\t\t\t\t\t<\/div>\n\t\t\t\t<\/div>\n\t\t\t<\/div><div class=\"et_pb_module dica_divi_carouselitem dica_divi_carouselitem_3\">\n\t\t\t\t\n\t\t\t\t\n\t\t\t\t\n\t\t\t\t\n\t\t\t\t\n\t\t\t\t\n\t\t\t\t<div class=\"et_pb_module_inner\">\n\t\t\t\t\t <div class=\"dica-item image_top\"   data-hash=\"dica_divi_carouselitem_3\">\n\t\t\t\t\t\t\t\t\t<div class=\"dica-image-container\"><span class=\"image\"><img loading=\"lazy\" decoding=\"async\" src=\"https:\/\/persimon.eu\/wp-content\/uploads\/2020\/06\/kaki-fr.png\" srcset=\"\" alt=\"\" class=\"dica-item-image\" width=\"179\" height=\"144\"\/><\/span><\/div>\n\t\t\t\t\t\t\t\t\t<div class=\"dica-item-content\"><h4 class=\"item-title\">France<\/h4>        <div class=\"et_pb_button_wrapper\"><a class=\"et_pb_button\" href=\"https:\/\/fr.pdopgi.eu\/\" target=\"_blank\" rel=\"nofollow\">See more<\/a><\/div><\/div>\n\t\t\t\t\t\t\t<\/div>\n\t\t\t\t<\/div>\n\t\t\t<\/div><div class=\"et_pb_module dica_divi_carouselitem dica_divi_carouselitem_4\">\n\t\t\t\t\n\t\t\t\t\n\t\t\t\t\n\t\t\t\t\n\t\t\t\t\n\t\t\t\t\n\t\t\t\t<div class=\"et_pb_module_inner\">\n\t\t\t\t\t <div class=\"dica-item image_top\"   data-hash=\"dica_divi_carouselitem_4\">\n\t\t\t\t\t\t\t\t\t<div class=\"dica-image-container\"><span class=\"image\"><img loading=\"lazy\" decoding=\"async\" src=\"https:\/\/persimon.eu\/wp-content\/uploads\/2020\/06\/kaki-de.png\" srcset=\"\" alt=\"\" class=\"dica-item-image\" width=\"179\" height=\"144\"\/><\/span><\/div>\n\t\t\t\t\t\t\t\t\t<div class=\"dica-item-content\"><h4 class=\"item-title\">Germany<\/h4>        <div class=\"et_pb_button_wrapper\"><a class=\"et_pb_button\" href=\"https:\/\/de.pdopgi.eu\/\" target=\"_blank\" rel=\"nofollow\">See more<\/a><\/div><\/div>\n\t\t\t\t\t\t\t<\/div>\n\t\t\t\t<\/div>\n\t\t\t<\/div><\/div>\t\n\t\t\t\t\t\t\t\t<\/div>\t\n\t\t\t\t\t\t\t\t<div class=\"swiper-buttton-container\"><div class=\"swiper-button-prev dica-prev-btn-0\" data-icon=\"4\"><\/div><div class=\"swiper-button-next dica-next-btn-0\" data-icon=\"5\"><\/div><\/div>\n\t\t\t\t\t\t\t\t\t\t\t\t\t\t\n\t\t\t\t\t\t\t<\/div>\n\t\t\t\t<\/div>\n\t\t\t<\/div><\/p>\n","protected":false},"author":1,"featured_media":0,"parent":0,"menu_order":0,"comment_status":"closed","ping_status":"closed","template":"","meta":{"_acf_changed":false,"_et_pb_use_builder":"on","_et_pb_old_content":"","_et_gb_content_width":"","footnotes":""},"class_list":["post-2365","page","type-page","status-publish","hentry"],"acf":[],"yoast_head":"<!-- This site is optimized with the Yoast SEO plugin v27.1.1 - https:\/\/yoast.com\/product\/yoast-seo-wordpress\/ -->\n<title>International campaigns - DOP Kaki Ribera del X\u00faquer<\/title>\n<meta name=\"robots\" content=\"index, follow, max-snippet:-1, max-image-preview:large, max-video-preview:-1\" \/>\n<link rel=\"canonical\" href=\"https:\/\/persimon.eu\/en\/international-campaigns\/\" \/>\n<meta property=\"og:locale\" content=\"en_US\" \/>\n<meta property=\"og:type\" content=\"article\" \/>\n<meta property=\"og:title\" content=\"International campaigns - DOP Kaki Ribera del X\u00faquer\" \/>\n<meta property=\"og:description\" content=\"International campaignsInternational campaigns of the D.O.P Kaki Ribera del X\u00faquer\" \/>\n<meta property=\"og:site_name\" content=\"DOP Kaki Ribera del X\u00faquer\" \/>\n<meta property=\"article:publisher\" content=\"https:\/\/www.facebook.com\/kakipersimonDOP\/\" \/>\n<meta property=\"article:modified_time\" content=\"2020-10-28T15:11:18+00:00\" \/>\n<meta name=\"twitter:card\" content=\"summary_large_image\" \/>\n<meta name=\"twitter:label1\" content=\"Est. reading time\" \/>\n\t<meta name=\"twitter:data1\" content=\"4 minutes\" \/>\n<script type=\"application\/ld+json\" class=\"yoast-schema-graph\">{\"@context\":\"https:\/\/schema.org\",\"@graph\":[{\"@type\":\"WebPage\",\"@id\":\"https:\/\/persimon.eu\/en\/international-campaigns\/\",\"url\":\"https:\/\/persimon.eu\/en\/international-campaigns\/\",\"name\":\"International campaigns - DOP Kaki Ribera del X\u00faquer\",\"isPartOf\":{\"@id\":\"https:\/\/persimon.eu\/en\/#website\"},\"datePublished\":\"2020-10-28T15:11:16+00:00\",\"dateModified\":\"2020-10-28T15:11:18+00:00\",\"breadcrumb\":{\"@id\":\"https:\/\/persimon.eu\/en\/international-campaigns\/#breadcrumb\"},\"inLanguage\":\"en-US\",\"potentialAction\":[{\"@type\":\"ReadAction\",\"target\":[\"https:\/\/persimon.eu\/en\/international-campaigns\/\"]}]},{\"@type\":\"BreadcrumbList\",\"@id\":\"https:\/\/persimon.eu\/en\/international-campaigns\/#breadcrumb\",\"itemListElement\":[{\"@type\":\"ListItem\",\"position\":1,\"name\":\"Home\",\"item\":\"https:\/\/persimon.eu\/en\/\"},{\"@type\":\"ListItem\",\"position\":2,\"name\":\"International campaigns\"}]},{\"@type\":\"WebSite\",\"@id\":\"https:\/\/persimon.eu\/en\/#website\",\"url\":\"https:\/\/persimon.eu\/en\/\",\"name\":\"DOP Kaki Ribera del X\u00faquer\",\"description\":\"En nuestra web descubrir\u00e1s todo lo que rodea a nuestros kakis con D.O.P. Ribera del X\u00faquer.\",\"publisher\":{\"@id\":\"https:\/\/persimon.eu\/en\/#organization\"},\"potentialAction\":[{\"@type\":\"SearchAction\",\"target\":{\"@type\":\"EntryPoint\",\"urlTemplate\":\"https:\/\/persimon.eu\/en\/?s={search_term_string}\"},\"query-input\":{\"@type\":\"PropertyValueSpecification\",\"valueRequired\":true,\"valueName\":\"search_term_string\"}}],\"inLanguage\":\"en-US\"},{\"@type\":\"Organization\",\"@id\":\"https:\/\/persimon.eu\/en\/#organization\",\"name\":\"D.O.P Kaki Ribera del X\u00faquer\",\"url\":\"https:\/\/persimon.eu\/en\/\",\"logo\":{\"@type\":\"ImageObject\",\"inLanguage\":\"en-US\",\"@id\":\"https:\/\/persimon.eu\/en\/#\/schema\/logo\/image\/\",\"url\":\"https:\/\/persimon.eu\/wp-content\/uploads\/2019\/09\/logo-dop-kaki.png\",\"contentUrl\":\"https:\/\/persimon.eu\/wp-content\/uploads\/2019\/09\/logo-dop-kaki.png\",\"width\":227,\"height\":227,\"caption\":\"D.O.P Kaki Ribera del X\u00faquer\"},\"image\":{\"@id\":\"https:\/\/persimon.eu\/en\/#\/schema\/logo\/image\/\"},\"sameAs\":[\"https:\/\/www.facebook.com\/kakipersimonDOP\/\",\"https:\/\/www.instagram.com\/kakipersimon_\/\",\"https:\/\/www.youtube.com\/channel\/UC7Jcl7rqySAcWf0V1axJ7Bg\"]}]}<\/script>\n<!-- \/ Yoast SEO plugin. -->","yoast_head_json":{"title":"International campaigns - DOP Kaki Ribera del X\u00faquer","robots":{"index":"index","follow":"follow","max-snippet":"max-snippet:-1","max-image-preview":"max-image-preview:large","max-video-preview":"max-video-preview:-1"},"canonical":"https:\/\/persimon.eu\/en\/international-campaigns\/","og_locale":"en_US","og_type":"article","og_title":"International campaigns - DOP Kaki Ribera del X\u00faquer","og_description":"International campaignsInternational campaigns of the D.O.P Kaki Ribera del X\u00faquer","og_site_name":"DOP Kaki Ribera del X\u00faquer","article_publisher":"https:\/\/www.facebook.com\/kakipersimonDOP\/","article_modified_time":"2020-10-28T15:11:18+00:00","twitter_card":"summary_large_image","twitter_misc":{"Est. reading time":"4 minutes"},"schema":{"@context":"https:\/\/schema.org","@graph":[{"@type":"WebPage","@id":"https:\/\/persimon.eu\/en\/international-campaigns\/","url":"https:\/\/persimon.eu\/en\/international-campaigns\/","name":"International campaigns - DOP Kaki Ribera del X\u00faquer","isPartOf":{"@id":"https:\/\/persimon.eu\/en\/#website"},"datePublished":"2020-10-28T15:11:16+00:00","dateModified":"2020-10-28T15:11:18+00:00","breadcrumb":{"@id":"https:\/\/persimon.eu\/en\/international-campaigns\/#breadcrumb"},"inLanguage":"en-US","potentialAction":[{"@type":"ReadAction","target":["https:\/\/persimon.eu\/en\/international-campaigns\/"]}]},{"@type":"BreadcrumbList","@id":"https:\/\/persimon.eu\/en\/international-campaigns\/#breadcrumb","itemListElement":[{"@type":"ListItem","position":1,"name":"Home","item":"https:\/\/persimon.eu\/en\/"},{"@type":"ListItem","position":2,"name":"International campaigns"}]},{"@type":"WebSite","@id":"https:\/\/persimon.eu\/en\/#website","url":"https:\/\/persimon.eu\/en\/","name":"DOP Kaki Ribera del X\u00faquer","description":"En nuestra web descubrir\u00e1s todo lo que rodea a nuestros kakis con D.O.P. Ribera del X\u00faquer.","publisher":{"@id":"https:\/\/persimon.eu\/en\/#organization"},"potentialAction":[{"@type":"SearchAction","target":{"@type":"EntryPoint","urlTemplate":"https:\/\/persimon.eu\/en\/?s={search_term_string}"},"query-input":{"@type":"PropertyValueSpecification","valueRequired":true,"valueName":"search_term_string"}}],"inLanguage":"en-US"},{"@type":"Organization","@id":"https:\/\/persimon.eu\/en\/#organization","name":"D.O.P Kaki Ribera del X\u00faquer","url":"https:\/\/persimon.eu\/en\/","logo":{"@type":"ImageObject","inLanguage":"en-US","@id":"https:\/\/persimon.eu\/en\/#\/schema\/logo\/image\/","url":"https:\/\/persimon.eu\/wp-content\/uploads\/2019\/09\/logo-dop-kaki.png","contentUrl":"https:\/\/persimon.eu\/wp-content\/uploads\/2019\/09\/logo-dop-kaki.png","width":227,"height":227,"caption":"D.O.P Kaki Ribera del X\u00faquer"},"image":{"@id":"https:\/\/persimon.eu\/en\/#\/schema\/logo\/image\/"},"sameAs":["https:\/\/www.facebook.com\/kakipersimonDOP\/","https:\/\/www.instagram.com\/kakipersimon_\/","https:\/\/www.youtube.com\/channel\/UC7Jcl7rqySAcWf0V1axJ7Bg"]}]}},"_links":{"self":[{"href":"https:\/\/persimon.eu\/en\/wp-json\/wp\/v2\/pages\/2365","targetHints":{"allow":["GET"]}}],"collection":[{"href":"https:\/\/persimon.eu\/en\/wp-json\/wp\/v2\/pages"}],"about":[{"href":"https:\/\/persimon.eu\/en\/wp-json\/wp\/v2\/types\/page"}],"author":[{"embeddable":true,"href":"https:\/\/persimon.eu\/en\/wp-json\/wp\/v2\/users\/1"}],"replies":[{"embeddable":true,"href":"https:\/\/persimon.eu\/en\/wp-json\/wp\/v2\/comments?post=2365"}],"version-history":[{"count":1,"href":"https:\/\/persimon.eu\/en\/wp-json\/wp\/v2\/pages\/2365\/revisions"}],"predecessor-version":[{"id":2366,"href":"https:\/\/persimon.eu\/en\/wp-json\/wp\/v2\/pages\/2365\/revisions\/2366"}],"wp:attachment":[{"href":"https:\/\/persimon.eu\/en\/wp-json\/wp\/v2\/media?parent=2365"}],"curies":[{"name":"wp","href":"https:\/\/api.w.org\/{rel}","templated":true}]}}