{"id":2367,"date":"2020-10-28T15:44:15","date_gmt":"2020-10-28T15:44:15","guid":{"rendered":"https:\/\/persimon.eu\/accueil\/"},"modified":"2020-10-28T15:44:16","modified_gmt":"2020-10-28T15:44:16","slug":"accueil","status":"publish","type":"page","link":"https:\/\/persimon.eu\/fr\/accueil\/","title":{"rendered":"Accueil"},"content":{"rendered":"\n\n[et_pb_section fb_built=\u00a0\u00bb1&Prime; module_class=\u00a0\u00bbds-vertical-align\u00a0\u00bb _builder_version=\u00a0\u00bb3.29.3&Prime; background_color=\u00a0\u00bbrgba(0,0,0,0)\u00a0\u00bb custom_padding=\u00a0\u00bb0px||0px||false|false\u00a0\u00bb hover_enabled=\u00a0\u00bb0&Prime; custom_css_main_element=\u00a0\u00bbmin-height: 100vh;||display: flex;||flex-direction: column;||z-index: 9;\u00a0\u00bb fb_built=\u00a0\u00bb1&Prime; _i=\u00a0\u00bb0&Prime; _address=\u00a0\u00bb0&Prime;][et_pb_row make_equal=\u00a0\u00bbon\u00a0\u00bb module_class=\u00a0\u00bbds-vertical-align\u00a0\u00bb _builder_version=\u00a0\u00bb3.29.3&Prime; background_enable_image=\u00a0\u00bboff\u00a0\u00bb width=\u00a0\u00bb100%\u00a0\u00bb max_width=\u00a0\u00bb2560px\u00a0\u00bb custom_css_main_element=\u00a0\u00bbpadding: 0 0;||margin: 0 0;\u00a0\u00bb _i=\u00a0\u00bb0&Prime; _address=\u00a0\u00bb0.0&Prime;][et_pb_column type=\u00a0\u00bb4_4&Prime; _builder_version=\u00a0\u00bb3.29.3&Prime; _i=\u00a0\u00bb0&Prime; _address=\u00a0\u00bb0.0.0&Prime;][et_pb_code _builder_version=\u00a0\u00bb3.29.3&Prime; custom_margin=\u00a0\u00bb0px||0px||true|false\u00a0\u00bb custom_padding=\u00a0\u00bb0px||0px||true|false\u00a0\u00bb hover_enabled=\u00a0\u00bb0&Prime; _i=\u00a0\u00bb0&Prime; _address=\u00a0\u00bb0.0.0.0&Prime; disabled_on=\u00a0\u00bboff|off|off\u00a0\u00bb]<script><!-- [et_pb_line_break_holder] -->function kaki_loading() {<!-- [et_pb_line_break_holder] -->  document.getElementById(\"3dLoading\").classList.add('hidden');<!-- [et_pb_line_break_holder] -->  document.getElementById(\"img3dkaki\").classList.remove('hidden');<!-- [et_pb_line_break_holder] -->  document.getElementById(\"img3dkaki\").classList.add('loaded');<!-- [et_pb_line_break_holder] -->};<!-- [et_pb_line_break_holder] -->  function kaki360_loading() {<!-- [et_pb_line_break_holder] -->  document.getElementById(\"3dLoading_360\").classList.add('hidden');<!-- [et_pb_line_break_holder] -->  document.getElementById(\"img3dkaki_360\").classList.remove('hidden');<!-- [et_pb_line_break_holder] -->  document.getElementById(\"img3dkaki_360\").classList.add('loaded');<!-- [et_pb_line_break_holder] -->};<!-- [et_pb_line_break_holder] --><\/script><!-- [et_pb_line_break_holder] --><div id=\"3dLoading\" class=\"et_pb_module et_pb_image\" style=\"width: 1066px !important; overflow: hidden; text-align: right; margin-right: 0px;\"><!-- [et_pb_line_break_holder] --><span class=\"et_pb_image_wrap \"><!-- [et_pb_line_break_holder] -->  <img loading=\"lazy\" decoding=\"async\" src=\"https:\/\/persimon.eu\/wp-content\/uploads\/2019\/10\/persimon3d-1067x600.png\" width=\"1066\" height=\"600\"><!-- [et_pb_line_break_holder] -->  <\/span><!-- [et_pb_line_break_holder] --><\/div><!-- [et_pb_line_break_holder] --><div id=\"img3dkaki\" class=\"et_pb_module et_pb_image img3dkaki hidden\"><!-- [et_pb_line_break_holder] --><span class=\"et_pb_image_wrap \"><!-- [et_pb_line_break_holder] -->  <img decoding=\"async\" src=\"https:\/\/persimon.eu\/wp-content\/uploads\/2019\/08\/3dkaki-31-600-min.png\" onload=\"kaki_loading()\"><!-- [et_pb_line_break_holder] -->  <\/span><!-- [et_pb_line_break_holder] --><\/div><!-- [et_pb_line_break_holder] --><div id=\"3dLoading_360\" class=\"et_pb_module et_pb_image\" style=\"width: 640px !important; overflow: hidden; text-align: right; margin-right: 0px;\"><!-- [et_pb_line_break_holder] --><span class=\"et_pb_image_wrap \"><!-- [et_pb_line_break_holder] -->  <img loading=\"lazy\" decoding=\"async\" src=\"https:\/\/persimon.eu\/wp-content\/uploads\/2019\/10\/persimon3d-640x360.png\" width=\"640\" height=\"360\"><!-- [et_pb_line_break_holder] -->  <\/span><!-- [et_pb_line_break_holder] --><\/div><!-- [et_pb_line_break_holder] --><div id=\"img3dkaki_360\" class=\"et_pb_module et_pb_image img3dkaki_360 hidden\"><!-- [et_pb_line_break_holder] -->  <span class=\"et_pb_image_wrap \"><!-- [et_pb_line_break_holder] -->    <img decoding=\"async\" src=\"https:\/\/persimon.eu\/wp-content\/uploads\/2019\/10\/3dkaki-31-360-min.png\" onload=\"kaki360_loading()\"><!-- [et_pb_line_break_holder] -->  <\/span><!-- [et_pb_line_break_holder] --><\/div><!-- [et_pb_line_break_holder] -->[\/et_pb_code][\/et_pb_column][\/et_pb_row][\/et_pb_section][et_pb_section fb_built=\u00a0\u00bb1&Prime; admin_label=\u00a0\u00bbCONTENIDO\u00a0\u00bb module_class=\u00a0\u00bbds-vertical-align\u00a0\u00bb _builder_version=\u00a0\u00bb3.29.3&Prime; background_color=\u00a0\u00bbrgba(0,0,0,0)\u00a0\u00bb width=\u00a0\u00bb100%\u00a0\u00bb custom_margin=\u00a0\u00bb||||false|false\u00a0\u00bb custom_css_main_element=\u00a0\u00bbz-index: 10;||top: 0;||left: 0;||position: absolute;||min-height: 100vh;||display: flex;||flex-direction: column;\u00a0\u00bb fb_built=\u00a0\u00bb1&Prime; _i=\u00a0\u00bb1&Prime; _address=\u00a0\u00bb1&Prime;][et_pb_row column_structure=\u00a0\u00bb1_3,1_3,1_3&Prime; make_equal=\u00a0\u00bbon\u00a0\u00bb module_class=\u00a0\u00bbmovil_column_reverse\u00a0\u00bb _builder_version=\u00a0\u00bb3.29.3&Prime; max_width=\u00a0\u00bb2560px\u00a0\u00bb custom_margin=\u00a0\u00bb0px||0px||false|false\u00a0\u00bb custom_padding=\u00a0\u00bb0px||0px||false|false\u00a0\u00bb hover_enabled=\u00a0\u00bb0&Prime; _i=\u00a0\u00bb0&Prime; _address=\u00a0\u00bb1.0&Prime;][et_pb_column type=\u00a0\u00bb1_3&Prime; _builder_version=\u00a0\u00bb3.29.3&Prime; hover_enabled=\u00a0\u00bb0&Prime; _i=\u00a0\u00bb0&Prime; _address=\u00a0\u00bb1.0.0&Prime; module_id=\u00a0\u00bbhome_leftColumn\u00a0\u00bb][et_pb_divider divider_style=\u00a0\u00bbnone\u00a0\u00bb module_class=\u00a0\u00bbseparadorTitular\u00a0\u00bb _builder_version=\u00a0\u00bb3.29.3&Prime; custom_margin=\u00a0\u00bb0px||0px||false|false\u00a0\u00bb _i=\u00a0\u00bb0&Prime; _address=\u00a0\u00bb1.0.0.0&Prime;][\/et_pb_divider][et_pb_text module_class=\u00a0\u00bbkaki-titular\u00a0\u00bb _builder_version=\u00a0\u00bb3.29.3&Prime; header_font_size=\u00a0\u00bb60px\u00a0\u00bb custom_margin=\u00a0\u00bb||0px||false|false\u00a0\u00bb custom_padding=\u00a0\u00bb|50px||50px|false|true\u00a0\u00bb _i=\u00a0\u00bb1&Prime; _address=\u00a0\u00bb1.0.0.1&Prime;]<h1>Kaki Persimon\u00ae<\/h1>[\/et_pb_text][et_pb_text module_class=\u00a0\u00bbbloqueTexto80&Prime; _builder_version=\u00a0\u00bb3.29.3&Prime; custom_margin=\u00a0\u00bb0px||||false|false\u00a0\u00bb custom_padding=\u00a0\u00bb40px|50px|40px|50px|true|true\u00a0\u00bb _i=\u00a0\u00bb2&Prime; _address=\u00a0\u00bb1.0.0.2&Prime;]<h2>Le Kaki A.O.P. Ribera del X\u00faquer<\/h2>\r\n<p>Bienvenue dans le monde fascinant du Kaki Persimon\u00ae. Si vous \u00eates arriv\u00e9s ici, c\u2019est que vous avez s\u00fbrement go\u00fbt\u00e9 ce fruit exquis et si ce n\u2019est pas le cas, qu\u2019attendez-vous ? Sur notre site vous d\u00e9couvrirez tout ce qui concerne nos kakis d\u2019Appellation d\u2019Origine Prot\u00e9g\u00e9e Ribera del X\u00faquer. Accompagnez-nous dans ce voyage dans lequel vous d\u00e9couvrirez qui se cache derri\u00e8re cette appellation d\u2019origine, ce qui rend nos kakis si sp\u00e9ciaux ou bien de nombreuses recettes pour red\u00e9couvrir ce fruit aussi sucr\u00e9 que singulier.<\/p>[\/et_pb_text][\/et_pb_column][et_pb_column type=\u00a0\u00bb1_3&Prime; module_class=\u00a0\u00bbds-vertical-align img3dkaki_movil\u00a0\u00bb _builder_version=\u00a0\u00bb3.29.3&Prime; background_enable_image=\u00a0\u00bboff\u00a0\u00bb custom_css_main_element=\u00a0\u00bbmin-height: 200px;\u00a0\u00bb _i=\u00a0\u00bb1&Prime; _address=\u00a0\u00bb1.0.1&Prime;][et_pb_image src=\u00a0\u00bbhttps:\/\/persimon.eu\/wp-content\/uploads\/2019\/08\/play.png\u00a0\u00bb align=\u00a0\u00bbcenter\u00a0\u00bb module_class=\u00a0\u00bbpopmake-606&Prime; _builder_version=\u00a0\u00bb3.29.3&Prime; width=\u00a0\u00bb64px\u00a0\u00bb _i=\u00a0\u00bb0&Prime; _address=\u00a0\u00bb1.0.1.0&Prime;][\/et_pb_image][\/et_pb_column][et_pb_column type=\u00a0\u00bb1_3&Prime; _builder_version=\u00a0\u00bb3.29.3&Prime; background_enable_image=\u00a0\u00bboff\u00a0\u00bb _i=\u00a0\u00bb2&Prime; _address=\u00a0\u00bb1.0.2&Prime;][et_pb_divider divider_style=\u00a0\u00bbnone\u00a0\u00bb _builder_version=\u00a0\u00bb3.29.3&Prime; height=\u00a0\u00bb1px\u00a0\u00bb max_height=\u00a0\u00bb1000px\u00a0\u00bb custom_margin=\u00a0\u00bb0px||0px||false|false\u00a0\u00bb _i=\u00a0\u00bb0&Prime; _address=\u00a0\u00bb1.0.2.0&Prime;][\/et_pb_divider][\/et_pb_column][\/et_pb_row][\/et_pb_section]\n\n","protected":false},"excerpt":{"rendered":"<p>Kaki Persimon\u00aeLe Kaki A.O.P. Ribera del X\u00faquer Bienvenue dans le monde fascinant du Kaki Persimon\u00ae. Si vous \u00eates arriv\u00e9s ici, c\u2019est que vous avez s\u00fbrement go\u00fbt\u00e9 ce fruit exquis et si ce n\u2019est pas le cas, qu\u2019attendez-vous ? Sur notre site vous d\u00e9couvrirez tout ce qui concerne nos kakis d\u2019Appellation d\u2019Origine Prot\u00e9g\u00e9e Ribera del X\u00faquer. Accompagnez-nous dans ce voyage dans lequel vous d\u00e9couvrirez qui se cache derri\u00e8re cette appellation d\u2019origine, ce qui rend nos kakis si sp\u00e9ciaux ou bien de nombreuses recettes pour red\u00e9couvrir ce fruit aussi sucr\u00e9 que singulier.<\/p>\n","protected":false},"author":1,"featured_media":0,"parent":0,"menu_order":0,"comment_status":"closed","ping_status":"closed","template":"","meta":{"_acf_changed":false,"_et_pb_use_builder":"on","_et_pb_old_content":"","_et_gb_content_width":"","footnotes":""},"class_list":["post-2367","page","type-page","status-publish","hentry"],"acf":[],"yoast_head":"<!-- This site is optimized with the Yoast SEO plugin v27.1.1 - https:\/\/yoast.com\/product\/yoast-seo-wordpress\/ -->\n<title>DOP Kaki Ribera del X\u00faquer<\/title>\n<meta name=\"description\" content=\"Le Kaki Persimon\u00ae A.O.P. Ribera del X\u00faquer. Si vous \u00eates arriv\u00e9s ici, c\u2019est que vous avez s\u00fbrement go\u00fbt\u00e9 ce fruit exquis et si ce n\u2019est pas le cas, qu\u2019attendez-vous ?\" \/>\n<meta name=\"robots\" content=\"index, follow, max-snippet:-1, max-image-preview:large, max-video-preview:-1\" \/>\n<link rel=\"canonical\" href=\"https:\/\/persimon.eu\/fr\/accueil\/\" \/>\n<meta property=\"og:locale\" content=\"fr_FR\" \/>\n<meta property=\"og:type\" content=\"article\" \/>\n<meta property=\"og:title\" content=\"Kaki Persimon\u00ae\" \/>\n<meta property=\"og:description\" content=\"Bienvenue dans le monde fascinant du Kaki Persimon\u00ae. Sur notre site vous d\u00e9couvrirez tout ce qui concerne nos kakis d\u2019Appellation d\u2019Origine Prot\u00e9g\u00e9e Ribera del X\u00faquer. Accompagnez-nous dans ce voyage dans lequel vous d\u00e9couvrirez qui se cache derri\u00e8re cette appellation d\u2019origine, ce qui rend nos kakis si sp\u00e9ciaux ou bien de nombreuses recettes pour red\u00e9couvrir ce fruit aussi sucr\u00e9 que singulier.\" \/>\n<meta property=\"og:site_name\" content=\"DOP Kaki Ribera del X\u00faquer\" \/>\n<meta property=\"article:publisher\" content=\"https:\/\/www.facebook.com\/kakipersimonDOP\/\" \/>\n<meta property=\"article:modified_time\" content=\"2020-10-28T15:44:16+00:00\" \/>\n<meta property=\"og:image\" content=\"https:\/\/persimon.eu\/wp-content\/uploads\/2019\/10\/kaki-fb.png\" \/>\n\t<meta property=\"og:image:width\" content=\"1200\" \/>\n\t<meta property=\"og:image:height\" content=\"630\" \/>\n\t<meta property=\"og:image:type\" content=\"image\/png\" \/>\n<meta name=\"twitter:card\" content=\"summary_large_image\" \/>\n<meta name=\"twitter:title\" content=\"Kaki Persimon\u00ae\" \/>\n<meta name=\"twitter:description\" content=\"Bienvenue dans le monde fascinant du Kaki Persimon\u00ae. Sur notre site vous d\u00e9couvrirez tout ce qui concerne nos kakis d\u2019Appellation d\u2019Origine Prot\u00e9g\u00e9e Ribera del X\u00faquer. Accompagnez-nous dans ce voyage dans lequel vous d\u00e9couvrirez qui se cache derri\u00e8re cette appellation d\u2019origine, ce qui rend nos kakis si sp\u00e9ciaux ou bien de nombreuses recettes pour red\u00e9couvrir ce fruit aussi sucr\u00e9 que singulier.\" \/>\n<meta name=\"twitter:image\" content=\"https:\/\/persimon.eu\/wp-content\/uploads\/2019\/10\/kaki-tw.png\" \/>\n<meta name=\"twitter:label1\" content=\"Dur\u00e9e de lecture estim\u00e9e\" \/>\n\t<meta name=\"twitter:data1\" content=\"2 minutes\" \/>\n<script type=\"application\/ld+json\" class=\"yoast-schema-graph\">{\"@context\":\"https:\/\/schema.org\",\"@graph\":[{\"@type\":\"WebPage\",\"@id\":\"https:\/\/persimon.eu\/fr\/accueil\/\",\"url\":\"https:\/\/persimon.eu\/fr\/accueil\/\",\"name\":\"DOP Kaki Ribera del X\u00faquer\",\"isPartOf\":{\"@id\":\"https:\/\/persimon.eu\/fr\/#website\"},\"primaryImageOfPage\":{\"@id\":\"https:\/\/persimon.eu\/fr\/accueil\/#primaryimage\"},\"image\":{\"@id\":\"https:\/\/persimon.eu\/fr\/accueil\/#primaryimage\"},\"thumbnailUrl\":\"https:\/\/persimon.eu\/wp-content\/uploads\/2019\/10\/persimon3d-1067x600.png\",\"datePublished\":\"2020-10-28T15:44:15+00:00\",\"dateModified\":\"2020-10-28T15:44:16+00:00\",\"description\":\"Le Kaki Persimon\u00ae A.O.P. Ribera del X\u00faquer. Si vous \u00eates arriv\u00e9s ici, c\u2019est que vous avez s\u00fbrement go\u00fbt\u00e9 ce fruit exquis et si ce n\u2019est pas le cas, qu\u2019attendez-vous ?\",\"breadcrumb\":{\"@id\":\"https:\/\/persimon.eu\/fr\/accueil\/#breadcrumb\"},\"inLanguage\":\"fr-FR\",\"potentialAction\":[{\"@type\":\"ReadAction\",\"target\":[\"https:\/\/persimon.eu\/fr\/accueil\/\"]}]},{\"@type\":\"ImageObject\",\"inLanguage\":\"fr-FR\",\"@id\":\"https:\/\/persimon.eu\/fr\/accueil\/#primaryimage\",\"url\":\"https:\/\/persimon.eu\/wp-content\/uploads\/2019\/10\/persimon3d-1067x600.png\",\"contentUrl\":\"https:\/\/persimon.eu\/wp-content\/uploads\/2019\/10\/persimon3d-1067x600.png\"},{\"@type\":\"BreadcrumbList\",\"@id\":\"https:\/\/persimon.eu\/fr\/accueil\/#breadcrumb\",\"itemListElement\":[{\"@type\":\"ListItem\",\"position\":1,\"name\":\"Inicio\",\"item\":\"https:\/\/persimon.eu\/fr\/\"},{\"@type\":\"ListItem\",\"position\":2,\"name\":\"Accueil\"}]},{\"@type\":\"WebSite\",\"@id\":\"https:\/\/persimon.eu\/fr\/#website\",\"url\":\"https:\/\/persimon.eu\/fr\/\",\"name\":\"DOP Kaki Ribera del X\u00faquer\",\"description\":\"En nuestra web descubrir\u00e1s todo lo que rodea a nuestros kakis con D.O.P. Ribera del X\u00faquer.\",\"publisher\":{\"@id\":\"https:\/\/persimon.eu\/fr\/#organization\"},\"potentialAction\":[{\"@type\":\"SearchAction\",\"target\":{\"@type\":\"EntryPoint\",\"urlTemplate\":\"https:\/\/persimon.eu\/fr\/?s={search_term_string}\"},\"query-input\":{\"@type\":\"PropertyValueSpecification\",\"valueRequired\":true,\"valueName\":\"search_term_string\"}}],\"inLanguage\":\"fr-FR\"},{\"@type\":\"Organization\",\"@id\":\"https:\/\/persimon.eu\/fr\/#organization\",\"name\":\"D.O.P Kaki Ribera del X\u00faquer\",\"url\":\"https:\/\/persimon.eu\/fr\/\",\"logo\":{\"@type\":\"ImageObject\",\"inLanguage\":\"fr-FR\",\"@id\":\"https:\/\/persimon.eu\/fr\/#\/schema\/logo\/image\/\",\"url\":\"https:\/\/persimon.eu\/wp-content\/uploads\/2019\/09\/logo-dop-kaki.png\",\"contentUrl\":\"https:\/\/persimon.eu\/wp-content\/uploads\/2019\/09\/logo-dop-kaki.png\",\"width\":227,\"height\":227,\"caption\":\"D.O.P Kaki Ribera del X\u00faquer\"},\"image\":{\"@id\":\"https:\/\/persimon.eu\/fr\/#\/schema\/logo\/image\/\"},\"sameAs\":[\"https:\/\/www.facebook.com\/kakipersimonDOP\/\",\"https:\/\/www.instagram.com\/kakipersimon_\/\",\"https:\/\/www.youtube.com\/channel\/UC7Jcl7rqySAcWf0V1axJ7Bg\"]}]}<\/script>\n<!-- \/ Yoast SEO plugin. -->","yoast_head_json":{"title":"DOP Kaki Ribera del X\u00faquer","description":"Le Kaki Persimon\u00ae A.O.P. Ribera del X\u00faquer. Si vous \u00eates arriv\u00e9s ici, c\u2019est que vous avez s\u00fbrement go\u00fbt\u00e9 ce fruit exquis et si ce n\u2019est pas le cas, qu\u2019attendez-vous ?","robots":{"index":"index","follow":"follow","max-snippet":"max-snippet:-1","max-image-preview":"max-image-preview:large","max-video-preview":"max-video-preview:-1"},"canonical":"https:\/\/persimon.eu\/fr\/accueil\/","og_locale":"fr_FR","og_type":"article","og_title":"Kaki Persimon\u00ae","og_description":"Bienvenue dans le monde fascinant du Kaki Persimon\u00ae. Sur notre site vous d\u00e9couvrirez tout ce qui concerne nos kakis d\u2019Appellation d\u2019Origine Prot\u00e9g\u00e9e Ribera del X\u00faquer. Accompagnez-nous dans ce voyage dans lequel vous d\u00e9couvrirez qui se cache derri\u00e8re cette appellation d\u2019origine, ce qui rend nos kakis si sp\u00e9ciaux ou bien de nombreuses recettes pour red\u00e9couvrir ce fruit aussi sucr\u00e9 que singulier.","og_site_name":"DOP Kaki Ribera del X\u00faquer","article_publisher":"https:\/\/www.facebook.com\/kakipersimonDOP\/","article_modified_time":"2020-10-28T15:44:16+00:00","og_image":[{"width":1200,"height":630,"url":"https:\/\/persimon.eu\/wp-content\/uploads\/2019\/10\/kaki-fb.png","type":"image\/png"}],"twitter_card":"summary_large_image","twitter_title":"Kaki Persimon\u00ae","twitter_description":"Bienvenue dans le monde fascinant du Kaki Persimon\u00ae. Sur notre site vous d\u00e9couvrirez tout ce qui concerne nos kakis d\u2019Appellation d\u2019Origine Prot\u00e9g\u00e9e Ribera del X\u00faquer. Accompagnez-nous dans ce voyage dans lequel vous d\u00e9couvrirez qui se cache derri\u00e8re cette appellation d\u2019origine, ce qui rend nos kakis si sp\u00e9ciaux ou bien de nombreuses recettes pour red\u00e9couvrir ce fruit aussi sucr\u00e9 que singulier.","twitter_image":"https:\/\/persimon.eu\/wp-content\/uploads\/2019\/10\/kaki-tw.png","twitter_misc":{"Dur\u00e9e de lecture estim\u00e9e":"2 minutes"},"schema":{"@context":"https:\/\/schema.org","@graph":[{"@type":"WebPage","@id":"https:\/\/persimon.eu\/fr\/accueil\/","url":"https:\/\/persimon.eu\/fr\/accueil\/","name":"DOP Kaki Ribera del X\u00faquer","isPartOf":{"@id":"https:\/\/persimon.eu\/fr\/#website"},"primaryImageOfPage":{"@id":"https:\/\/persimon.eu\/fr\/accueil\/#primaryimage"},"image":{"@id":"https:\/\/persimon.eu\/fr\/accueil\/#primaryimage"},"thumbnailUrl":"https:\/\/persimon.eu\/wp-content\/uploads\/2019\/10\/persimon3d-1067x600.png","datePublished":"2020-10-28T15:44:15+00:00","dateModified":"2020-10-28T15:44:16+00:00","description":"Le Kaki Persimon\u00ae A.O.P. Ribera del X\u00faquer. Si vous \u00eates arriv\u00e9s ici, c\u2019est que vous avez s\u00fbrement go\u00fbt\u00e9 ce fruit exquis et si ce n\u2019est pas le cas, qu\u2019attendez-vous ?","breadcrumb":{"@id":"https:\/\/persimon.eu\/fr\/accueil\/#breadcrumb"},"inLanguage":"fr-FR","potentialAction":[{"@type":"ReadAction","target":["https:\/\/persimon.eu\/fr\/accueil\/"]}]},{"@type":"ImageObject","inLanguage":"fr-FR","@id":"https:\/\/persimon.eu\/fr\/accueil\/#primaryimage","url":"https:\/\/persimon.eu\/wp-content\/uploads\/2019\/10\/persimon3d-1067x600.png","contentUrl":"https:\/\/persimon.eu\/wp-content\/uploads\/2019\/10\/persimon3d-1067x600.png"},{"@type":"BreadcrumbList","@id":"https:\/\/persimon.eu\/fr\/accueil\/#breadcrumb","itemListElement":[{"@type":"ListItem","position":1,"name":"Inicio","item":"https:\/\/persimon.eu\/fr\/"},{"@type":"ListItem","position":2,"name":"Accueil"}]},{"@type":"WebSite","@id":"https:\/\/persimon.eu\/fr\/#website","url":"https:\/\/persimon.eu\/fr\/","name":"DOP Kaki Ribera del X\u00faquer","description":"En nuestra web descubrir\u00e1s todo lo que rodea a nuestros kakis con D.O.P. Ribera del X\u00faquer.","publisher":{"@id":"https:\/\/persimon.eu\/fr\/#organization"},"potentialAction":[{"@type":"SearchAction","target":{"@type":"EntryPoint","urlTemplate":"https:\/\/persimon.eu\/fr\/?s={search_term_string}"},"query-input":{"@type":"PropertyValueSpecification","valueRequired":true,"valueName":"search_term_string"}}],"inLanguage":"fr-FR"},{"@type":"Organization","@id":"https:\/\/persimon.eu\/fr\/#organization","name":"D.O.P Kaki Ribera del X\u00faquer","url":"https:\/\/persimon.eu\/fr\/","logo":{"@type":"ImageObject","inLanguage":"fr-FR","@id":"https:\/\/persimon.eu\/fr\/#\/schema\/logo\/image\/","url":"https:\/\/persimon.eu\/wp-content\/uploads\/2019\/09\/logo-dop-kaki.png","contentUrl":"https:\/\/persimon.eu\/wp-content\/uploads\/2019\/09\/logo-dop-kaki.png","width":227,"height":227,"caption":"D.O.P Kaki Ribera del X\u00faquer"},"image":{"@id":"https:\/\/persimon.eu\/fr\/#\/schema\/logo\/image\/"},"sameAs":["https:\/\/www.facebook.com\/kakipersimonDOP\/","https:\/\/www.instagram.com\/kakipersimon_\/","https:\/\/www.youtube.com\/channel\/UC7Jcl7rqySAcWf0V1axJ7Bg"]}]}},"_links":{"self":[{"href":"https:\/\/persimon.eu\/fr\/wp-json\/wp\/v2\/pages\/2367","targetHints":{"allow":["GET"]}}],"collection":[{"href":"https:\/\/persimon.eu\/fr\/wp-json\/wp\/v2\/pages"}],"about":[{"href":"https:\/\/persimon.eu\/fr\/wp-json\/wp\/v2\/types\/page"}],"author":[{"embeddable":true,"href":"https:\/\/persimon.eu\/fr\/wp-json\/wp\/v2\/users\/1"}],"replies":[{"embeddable":true,"href":"https:\/\/persimon.eu\/fr\/wp-json\/wp\/v2\/comments?post=2367"}],"version-history":[{"count":1,"href":"https:\/\/persimon.eu\/fr\/wp-json\/wp\/v2\/pages\/2367\/revisions"}],"predecessor-version":[{"id":2368,"href":"https:\/\/persimon.eu\/fr\/wp-json\/wp\/v2\/pages\/2367\/revisions\/2368"}],"wp:attachment":[{"href":"https:\/\/persimon.eu\/fr\/wp-json\/wp\/v2\/media?parent=2367"}],"curies":[{"name":"wp","href":"https:\/\/api.w.org\/{rel}","templated":true}]}}