{"id":2402,"date":"2020-10-28T16:02:58","date_gmt":"2020-10-28T16:02:58","guid":{"rendered":"https:\/\/persimon.eu\/kaki-persimon\/pourquoi-kaki-persimon\/"},"modified":"2020-10-28T16:41:42","modified_gmt":"2020-10-28T16:41:42","slug":"pourquoi-kaki-persimon","status":"publish","type":"page","link":"https:\/\/persimon.eu\/fr\/kaki-persimon\/pourquoi-kaki-persimon\/","title":{"rendered":"Pourquoi Kaki Persimon\u00ae ?"},"content":{"rendered":"<p>[et_pb_section fb_built=\u00a0\u00bb1&Prime; admin_label=\u00a0\u00bbIMAGEN FONDO\u00a0\u00bb _builder_version=\u00a0\u00bb3.29.3&Prime; background_color=\u00a0\u00bbrgba(0,0,0,0)\u00a0\u00bb custom_padding=\u00a0\u00bb0px||0px||false|false\u00a0\u00bb custom_css_main_element=\u00a0\u00bbmin-height: 100vh;||display: flex;||flex-direction: column;||z-index: 9;||margin-top: -70px;\u00a0\u00bb][et_pb_row column_structure=\u00a0\u00bb1_3,2_3&Prime; _builder_version=\u00a0\u00bb4.0.6&Prime; background_enable_image=\u00a0\u00bboff\u00a0\u00bb width=\u00a0\u00bb100%\u00a0\u00bb max_width=\u00a0\u00bb2560px\u00a0\u00bb hover_enabled=\u00a0\u00bb0&Prime; custom_css_main_element=\u00a0\u00bbpadding: 0 0;||margin: 0 0;\u00a0\u00bb][et_pb_column type=\u00a0\u00bb1_3&Prime; _builder_version=\u00a0\u00bb3.29.3&Prime; custom_css_main_element=\u00a0\u00bbmargin: 0;\u00a0\u00bb][et_pb_divider divider_style=\u00a0\u00bbnone\u00a0\u00bb _builder_version=\u00a0\u00bb3.29.3&Prime; height=\u00a0\u00bb1px\u00a0\u00bb max_height=\u00a0\u00bb1000px\u00a0\u00bb custom_margin=\u00a0\u00bb0px||0px||false|false\u00a0\u00bb][\/et_pb_divider][\/et_pb_column][et_pb_column type=\u00a0\u00bb2_3&Prime; _builder_version=\u00a0\u00bb4.0.6&Prime; background_color=\u00a0\u00bbrgba(0,0,0,0)\u00a0\u00bb background_image=\u00a0\u00bbhttps:\/\/persimon.eu\/wp-content\/uploads\/2019\/11\/por-que.jpg\u00a0\u00bb hover_enabled=\u00a0\u00bb0&Prime;][et_pb_divider divider_style=\u00a0\u00bbnone\u00a0\u00bb module_class=\u00a0\u00bbfullHeight\u00a0\u00bb _builder_version=\u00a0\u00bb3.29.3&Prime; custom_margin=\u00a0\u00bb0px||0px||false|false\u00a0\u00bb][\/et_pb_divider][\/et_pb_column][\/et_pb_row][\/et_pb_section][et_pb_section fb_built=\u00a0\u00bb1&Prime; admin_label=\u00a0\u00bbCONTENIDO\u00a0\u00bb _builder_version=\u00a0\u00bb3.29.3&Prime; background_color=\u00a0\u00bbrgba(0,0,0,0)\u00a0\u00bb custom_margin=\u00a0\u00bb||||false|false\u00a0\u00bb custom_css_main_element=\u00a0\u00bbz-index: 10;||top: 0;||left: 0;||position: absolute;||min-height: 100vh;||display: flex;||flex-direction: column;||width: 100%;\u00a0\u00bb][et_pb_row make_equal=\u00a0\u00bbon\u00a0\u00bb disabled_on=\u00a0\u00bboff|off|off\u00a0\u00bb admin_label=\u00a0\u00bbROW BREADCRUMBS\u00a0\u00bb _builder_version=\u00a0\u00bb3.29.3&Prime; max_width=\u00a0\u00bb2560px\u00a0\u00bb custom_margin=\u00a0\u00bb0px||0px||false|false\u00a0\u00bb custom_padding=\u00a0\u00bb0px||0px||false|false\u00a0\u00bb][et_pb_column type=\u00a0\u00bb4_4&Prime; _builder_version=\u00a0\u00bb3.29.3&Prime;][et_pb_divider divider_style=\u00a0\u00bbnone\u00a0\u00bb admin_label=\u00a0\u00bbseparadorTitular\u00a0\u00bb module_class=\u00a0\u00bbseparadorTitular\u00a0\u00bb _builder_version=\u00a0\u00bb3.29.3&Prime; custom_margin=\u00a0\u00bb0px||0px||false|false\u00a0\u00bb][\/et_pb_divider][et_pb_code disabled_on=\u00a0\u00bbon|on|off\u00a0\u00bb admin_label=\u00a0\u00bbBreadcrumbs\u00a0\u00bb _builder_version=\u00a0\u00bb3.29.3&Prime; custom_margin=\u00a0\u00bb0px||0px||true|false\u00a0\u00bb]<p id=\"breadcrumbs\"><span><span><a href=\"https:\/\/persimon.eu\/fr\/\">Inicio<\/a><\/span><\/span><\/p>[\/et_pb_code][et_pb_divider divider_style=\u00a0\u00bbnone\u00a0\u00bb disabled_on=\u00a0\u00bbon|on|off\u00a0\u00bb _builder_version=\u00a0\u00bb3.29.3&Prime; height=\u00a0\u00bb40px\u00a0\u00bb custom_margin=\u00a0\u00bb0px||0px||false|false\u00a0\u00bb][\/et_pb_divider][\/et_pb_column][\/et_pb_row][et_pb_row column_structure=\u00a0\u00bb2_5,3_5&Prime; make_equal=\u00a0\u00bbon\u00a0\u00bb _builder_version=\u00a0\u00bb3.29.3&Prime; max_width=\u00a0\u00bb2560px\u00a0\u00bb custom_margin=\u00a0\u00bb0px||0px||false|false\u00a0\u00bb custom_padding=\u00a0\u00bb0px||0px||false|false\u00a0\u00bb][et_pb_column type=\u00a0\u00bb2_5&Prime; _builder_version=\u00a0\u00bb3.29.3&Prime;][et_pb_text module_class=\u00a0\u00bbkaki-titular\u00a0\u00bb _builder_version=\u00a0\u00bb3.29.3&Prime; header_font_size=\u00a0\u00bb60px\u00a0\u00bb custom_margin=\u00a0\u00bb||0px||false|false\u00a0\u00bb custom_padding=\u00a0\u00bb|50px||50px|false|true\u00a0\u00bb]<\/p>\n<h1>Pourquoi Kaki Persimon\u00ae ?<\/h1>\n<p>[\/et_pb_text][et_pb_slider arrows_custom_color=\u00a0\u00bb#666666&Prime; dot_nav_custom_color=\u00a0\u00bb#666666&Prime; admin_label=\u00a0\u00bbSlider-Texto\u00a0\u00bb module_class=\u00a0\u00bbbloqueTexto80&Prime; _builder_version=\u00a0\u00bb3.29.3&Prime; custom_margin=\u00a0\u00bb0px||||false|false\u00a0\u00bb custom_padding=\u00a0\u00bb40px|50px|40px|50px|true|true\u00a0\u00bb][et_pb_slide arrows_custom_color=\u00a0\u00bb#666&Prime; dot_nav_custom_color=\u00a0\u00bb#666&Prime; admin_title=\u00a0\u00bb01&Prime; _builder_version=\u00a0\u00bb3.29.3&Prime; body_text_align=\u00a0\u00bbjustify\u00a0\u00bb body_text_color=\u00a0\u00bb#666666&Prime; background_color=\u00a0\u00bbrgba(0,0,0,0)\u00a0\u00bb background_enable_color=\u00a0\u00bbon\u00a0\u00bb background_layout=\u00a0\u00bblight\u00a0\u00bb custom_padding=\u00a0\u00bb50px|10px|50px|10px|false|false\u00a0\u00bb]<\/p>\n<p>Vers la fin des ann\u00e9es 90 nous avons commenc\u00e9 \u00e0 supprimer l\u2019astringence de la vari\u00e9t\u00e9 populaire \u00ab Rojo Brillante \u00bb.  Ceci a provoqu\u00e9 une certaine confusion parmi les consommateurs qui connaissaient plut\u00f4t la forme traditionnelle de le consommer, \u00e0 savoir lorsque le kaki est blet et poss\u00e8de une couleur rouge intense et une chair moelleuse presque g\u00e9latineuse.<\/p>\n<p><strong>Pour faciliter la reconnaissance de cette nouvelle forme de consommation, une nouvelle marque commerciale Persimon\u00ae a \u00e9t\u00e9 d\u00e9pos\u00e9e<\/strong>. L\u2019objectif \u00e9tant que lorsque le consommateur rencontre cette marque commerciale, il sache que nos kakis sont pr\u00eats \u00e0 \u00eatre mang\u00e9s. Des kakis de couleur orang\u00e9e \u00e0 chair ferme et croquante.<\/p>\n<p>[\/et_pb_slide][et_pb_slide arrows_custom_color=\u00a0\u00bb#666&Prime; dot_nav_custom_color=\u00a0\u00bb#666&Prime; admin_title=\u00a0\u00bb02&Prime; _builder_version=\u00a0\u00bb3.29.3&Prime; body_text_align=\u00a0\u00bbjustify\u00a0\u00bb body_text_color=\u00a0\u00bb#666666&Prime; background_color=\u00a0\u00bbrgba(0,0,0,0)\u00a0\u00bb background_enable_color=\u00a0\u00bbon\u00a0\u00bb background_layout=\u00a0\u00bblight\u00a0\u00bb custom_padding=\u00a0\u00bb50px|10px|50px|10px|false|false\u00a0\u00bb]<\/p>\n<p>Aujourd\u2019hui beaucoup de consommateurs voyant le kaki de la marque Persimon\u00ae dans les points de vente pensent encore qu\u2019il n\u2019est pas m\u00fbr. Mais \u00e0 l\u2019heure actuelle 99% des kakis que vous pouvez trouver dans les points de vente sont de chair ferme et croquante, pr\u00eats \u00e0 la consommation.<\/p>\n<p>Lorsque vous achetez un kaki de la marque Persimon\u00ae d&rsquo;Appellation d&rsquo;Origine Prot\u00e9g\u00e9e \u00ab Kaki Ribera del X\u00faquer \u00bb, vous achetez un kaki pr\u00eat \u00e0 \u00eatre consomm\u00e9 d\u2019une qualit\u00e9 et d\u2019une saveur in\u00e9galables.<\/p>\n<p>[\/et_pb_slide][\/et_pb_slider][\/et_pb_column][et_pb_column type=\u00a0\u00bb3_5&Prime; _builder_version=\u00a0\u00bb3.29.3&Prime; background_enable_image=\u00a0\u00bboff\u00a0\u00bb][et_pb_divider divider_style=\u00a0\u00bbnone\u00a0\u00bb _builder_version=\u00a0\u00bb3.29.3&Prime; height=\u00a0\u00bb1px\u00a0\u00bb max_height=\u00a0\u00bb1000px\u00a0\u00bb custom_margin=\u00a0\u00bb0px||0px||false|false\u00a0\u00bb][\/et_pb_divider][\/et_pb_column][\/et_pb_row][et_pb_row column_structure=\u00a0\u00bb2_3,1_3&Prime; _builder_version=\u00a0\u00bb3.29.3&Prime; max_width=\u00a0\u00bb2560px\u00a0\u00bb custom_margin=\u00a0\u00bb0px||0px||false|false\u00a0\u00bb custom_padding=\u00a0\u00bb0px||0px||false|false\u00a0\u00bb][et_pb_column type=\u00a0\u00bb2_3&Prime; _builder_version=\u00a0\u00bb3.29.3&Prime;][et_pb_text admin_label=\u00a0\u00bbSubMenu\u00a0\u00bb module_class=\u00a0\u00bbsubmenu\u00a0\u00bb _builder_version=\u00a0\u00bb3.29.3&Prime; custom_margin=\u00a0\u00bb||||false|false\u00a0\u00bb custom_padding=\u00a0\u00bb40px|50px|40px|50px|false|false\u00a0\u00bb]<\/p>\n<ul>\n<li><a href=\"https:\/\/persimon.eu\/fr\/kaki-persimon\/\" title=\"Qu\u2019est-ce que c\u2019est ?\">Qu\u2019est-ce que c\u2019est ?<\/a><\/li>\n<li class=\"active\"><a href=\"https:\/\/persimon.eu\/fr\/kaki-persimon\/pourquoi-kaki-persimon\/\" title=\"Pourquoi Kaki Persimon\u00ae ?\">Pourquoi Kaki Persimon\u00ae ?<\/a><\/li>\n<li><a href=\"https:\/\/persimon.eu\/fr\/kaki-persimon\/quand-et-comment-consommer-le-kaki-persimon\/\" title=\"Quand et comment le consommer ?\">Quand et comment le consommer ?<\/a><\/li>\n<li><a href=\"https:\/\/persimon.eu\/fr\/kaki-persimon\/comment-le-conserver\/\" title=\"Comment le conserver ?\">Comment le conserver ?<\/a><\/li>\n<li><a https:\/\/persimon.eu\/fr\/kaki-persimon\/quand-lacheter\/\" title=\"Quand l\u2019acheter ?\">Quand l\u2019acheter ?<\/a><\/li>\n<\/ul>\n<p>&nbsp;[\/et_pb_text][\/et_pb_column][et_pb_column type=\u00a0\u00bb1_3&Prime; _builder_version=\u00a0\u00bb3.29.3&Prime; background_enable_image=\u00a0\u00bboff\u00a0\u00bb][et_pb_divider divider_style=\u00a0\u00bbnone\u00a0\u00bb _builder_version=\u00a0\u00bb3.29.3&Prime; height=\u00a0\u00bb1px\u00a0\u00bb max_height=\u00a0\u00bb1000px\u00a0\u00bb custom_margin=\u00a0\u00bb0px||0px||false|false\u00a0\u00bb][\/et_pb_divider][\/et_pb_column][\/et_pb_row][\/et_pb_section]<\/p>\n","protected":false},"excerpt":{"rendered":"<p><p id=\"breadcrumbs\"><span><span><a href=\"https:\/\/persimon.eu\/fr\/\">Inicio<\/a><\/span><\/span><\/p>Pourquoi Kaki Persimon\u00ae ?Vers la fin des ann\u00e9es 90 nous avons commenc\u00e9 \u00e0 supprimer l\u2019astringence de la vari\u00e9t\u00e9 populaire \u00ab Rojo Brillante \u00bb. Ceci a provoqu\u00e9 une certaine confusion parmi les consommateurs qui connaissaient plut\u00f4t la forme traditionnelle de le consommer, \u00e0 savoir lorsque le kaki est blet et poss\u00e8de une couleur rouge intense et une chair moelleuse presque g\u00e9latineuse. Pour faciliter la reconnaissance de cette nouvelle forme de consommation, une nouvelle marque commerciale Persimon\u00ae a \u00e9t\u00e9 d\u00e9pos\u00e9e. L\u2019objectif \u00e9tant que lorsque le consommateur rencontre cette marque commerciale, il sache que nos kakis sont pr\u00eats \u00e0 \u00eatre mang\u00e9s. Des kakis de couleur orang\u00e9e \u00e0 chair ferme et croquante.Aujourd\u2019hui beaucoup de consommateurs voyant le kaki de la marque Persimon\u00ae dans les points de vente pensent encore qu\u2019il n\u2019est pas m\u00fbr. Mais \u00e0 l\u2019heure actuelle 99% des kakis que vous pouvez trouver dans les points de vente sont de chair ferme et croquante, pr\u00eats \u00e0 la consommation. Lorsque vous achetez un kaki de la marque Persimon\u00ae d&rsquo;Appellation d&rsquo;Origine Prot\u00e9g\u00e9e \u00ab Kaki Ribera del X\u00faquer \u00bb, vous achetez un kaki pr\u00eat \u00e0 \u00eatre consomm\u00e9 d\u2019une qualit\u00e9 et d\u2019une saveur in\u00e9galables. Qu\u2019est-ce que c\u2019est ? Pourquoi Kaki Persimon\u00ae ? Quand et comment le consommer [&hellip;]<\/p>\n","protected":false},"author":1,"featured_media":0,"parent":2399,"menu_order":0,"comment_status":"closed","ping_status":"closed","template":"","meta":{"_acf_changed":false,"_et_pb_use_builder":"on","_et_pb_old_content":"","_et_gb_content_width":"","footnotes":""},"class_list":["post-2402","page","type-page","status-publish","hentry"],"acf":[],"yoast_head":"<!-- This site is optimized with the Yoast SEO plugin v27.1.1 - https:\/\/yoast.com\/product\/yoast-seo-wordpress\/ -->\n<title>Pourquoi Kaki Persimon\u00ae ? - DOP Kaki Ribera del X\u00faquer<\/title>\n<meta name=\"description\" content=\"Lorsque vous achetez un kaki de la marque Persimon\u00ae d&#039;Appellation d&#039;Origine Prot\u00e9g\u00e9e \u00ab Kaki Ribera del X\u00faquer \u00bb, vous achetez un kaki pr\u00eat \u00e0 \u00eatre consomm\u00e9 d\u2019une qualit\u00e9 et d\u2019une saveur in\u00e9galables.\" \/>\n<meta name=\"robots\" content=\"index, follow, max-snippet:-1, max-image-preview:large, max-video-preview:-1\" \/>\n<link rel=\"canonical\" href=\"https:\/\/persimon.eu\/fr\/kaki-persimon\/pourquoi-kaki-persimon\/\" \/>\n<meta property=\"og:locale\" content=\"fr_FR\" \/>\n<meta property=\"og:type\" content=\"article\" \/>\n<meta property=\"og:title\" content=\"Pourquoi Kaki Persimon\u00ae ? - DOP Kaki Ribera del X\u00faquer\" \/>\n<meta property=\"og:description\" content=\"Lorsque vous achetez un kaki de la marque Persimon\u00ae d&#039;Appellation d&#039;Origine Prot\u00e9g\u00e9e \u00ab Kaki Ribera del X\u00faquer \u00bb, vous achetez un kaki pr\u00eat \u00e0 \u00eatre consomm\u00e9 d\u2019une qualit\u00e9 et d\u2019une saveur in\u00e9galables.\" \/>\n<meta property=\"og:site_name\" content=\"DOP Kaki Ribera del X\u00faquer\" \/>\n<meta property=\"article:publisher\" content=\"https:\/\/www.facebook.com\/kakipersimonDOP\/\" \/>\n<meta property=\"article:modified_time\" content=\"2020-10-28T16:41:42+00:00\" \/>\n<meta name=\"twitter:card\" content=\"summary_large_image\" \/>\n<meta name=\"twitter:label1\" content=\"Dur\u00e9e de lecture estim\u00e9e\" \/>\n\t<meta name=\"twitter:data1\" content=\"4 minutes\" \/>\n<script type=\"application\/ld+json\" class=\"yoast-schema-graph\">{\"@context\":\"https:\/\/schema.org\",\"@graph\":[{\"@type\":\"WebPage\",\"@id\":\"https:\/\/persimon.eu\/fr\/kaki-persimon\/pourquoi-kaki-persimon\/\",\"url\":\"https:\/\/persimon.eu\/fr\/kaki-persimon\/pourquoi-kaki-persimon\/\",\"name\":\"Pourquoi Kaki Persimon\u00ae ? - DOP Kaki Ribera del X\u00faquer\",\"isPartOf\":{\"@id\":\"https:\/\/persimon.eu\/fr\/#website\"},\"datePublished\":\"2020-10-28T16:02:58+00:00\",\"dateModified\":\"2020-10-28T16:41:42+00:00\",\"description\":\"Lorsque vous achetez un kaki de la marque Persimon\u00ae d'Appellation d'Origine Prot\u00e9g\u00e9e \u00ab Kaki Ribera del X\u00faquer \u00bb, vous achetez un kaki pr\u00eat \u00e0 \u00eatre consomm\u00e9 d\u2019une qualit\u00e9 et d\u2019une saveur in\u00e9galables.\",\"breadcrumb\":{\"@id\":\"https:\/\/persimon.eu\/fr\/kaki-persimon\/pourquoi-kaki-persimon\/#breadcrumb\"},\"inLanguage\":\"fr-FR\",\"potentialAction\":[{\"@type\":\"ReadAction\",\"target\":[\"https:\/\/persimon.eu\/fr\/kaki-persimon\/pourquoi-kaki-persimon\/\"]}]},{\"@type\":\"BreadcrumbList\",\"@id\":\"https:\/\/persimon.eu\/fr\/kaki-persimon\/pourquoi-kaki-persimon\/#breadcrumb\",\"itemListElement\":[{\"@type\":\"ListItem\",\"position\":1,\"name\":\"Inicio\",\"item\":\"https:\/\/persimon.eu\/fr\/\"},{\"@type\":\"ListItem\",\"position\":2,\"name\":\"Kaki Persimon\u00ae\",\"item\":\"https:\/\/persimon.eu\/fr\/kaki-persimon\/\"},{\"@type\":\"ListItem\",\"position\":3,\"name\":\"Pourquoi Kaki Persimon\u00ae ?\"}]},{\"@type\":\"WebSite\",\"@id\":\"https:\/\/persimon.eu\/fr\/#website\",\"url\":\"https:\/\/persimon.eu\/fr\/\",\"name\":\"DOP Kaki Ribera del X\u00faquer\",\"description\":\"En nuestra web descubrir\u00e1s todo lo que rodea a nuestros kakis con D.O.P. Ribera del X\u00faquer.\",\"publisher\":{\"@id\":\"https:\/\/persimon.eu\/fr\/#organization\"},\"potentialAction\":[{\"@type\":\"SearchAction\",\"target\":{\"@type\":\"EntryPoint\",\"urlTemplate\":\"https:\/\/persimon.eu\/fr\/?s={search_term_string}\"},\"query-input\":{\"@type\":\"PropertyValueSpecification\",\"valueRequired\":true,\"valueName\":\"search_term_string\"}}],\"inLanguage\":\"fr-FR\"},{\"@type\":\"Organization\",\"@id\":\"https:\/\/persimon.eu\/fr\/#organization\",\"name\":\"D.O.P Kaki Ribera del X\u00faquer\",\"url\":\"https:\/\/persimon.eu\/fr\/\",\"logo\":{\"@type\":\"ImageObject\",\"inLanguage\":\"fr-FR\",\"@id\":\"https:\/\/persimon.eu\/fr\/#\/schema\/logo\/image\/\",\"url\":\"https:\/\/persimon.eu\/wp-content\/uploads\/2019\/09\/logo-dop-kaki.png\",\"contentUrl\":\"https:\/\/persimon.eu\/wp-content\/uploads\/2019\/09\/logo-dop-kaki.png\",\"width\":227,\"height\":227,\"caption\":\"D.O.P Kaki Ribera del X\u00faquer\"},\"image\":{\"@id\":\"https:\/\/persimon.eu\/fr\/#\/schema\/logo\/image\/\"},\"sameAs\":[\"https:\/\/www.facebook.com\/kakipersimonDOP\/\",\"https:\/\/www.instagram.com\/kakipersimon_\/\",\"https:\/\/www.youtube.com\/channel\/UC7Jcl7rqySAcWf0V1axJ7Bg\"]}]}<\/script>\n<!-- \/ Yoast SEO plugin. -->","yoast_head_json":{"title":"Pourquoi Kaki Persimon\u00ae ? - DOP Kaki Ribera del X\u00faquer","description":"Lorsque vous achetez un kaki de la marque Persimon\u00ae d'Appellation d'Origine Prot\u00e9g\u00e9e \u00ab Kaki Ribera del X\u00faquer \u00bb, vous achetez un kaki pr\u00eat \u00e0 \u00eatre consomm\u00e9 d\u2019une qualit\u00e9 et d\u2019une saveur in\u00e9galables.","robots":{"index":"index","follow":"follow","max-snippet":"max-snippet:-1","max-image-preview":"max-image-preview:large","max-video-preview":"max-video-preview:-1"},"canonical":"https:\/\/persimon.eu\/fr\/kaki-persimon\/pourquoi-kaki-persimon\/","og_locale":"fr_FR","og_type":"article","og_title":"Pourquoi Kaki Persimon\u00ae ? - DOP Kaki Ribera del X\u00faquer","og_description":"Lorsque vous achetez un kaki de la marque Persimon\u00ae d'Appellation d'Origine Prot\u00e9g\u00e9e \u00ab Kaki Ribera del X\u00faquer \u00bb, vous achetez un kaki pr\u00eat \u00e0 \u00eatre consomm\u00e9 d\u2019une qualit\u00e9 et d\u2019une saveur in\u00e9galables.","og_site_name":"DOP Kaki Ribera del X\u00faquer","article_publisher":"https:\/\/www.facebook.com\/kakipersimonDOP\/","article_modified_time":"2020-10-28T16:41:42+00:00","twitter_card":"summary_large_image","twitter_misc":{"Dur\u00e9e de lecture estim\u00e9e":"4 minutes"},"schema":{"@context":"https:\/\/schema.org","@graph":[{"@type":"WebPage","@id":"https:\/\/persimon.eu\/fr\/kaki-persimon\/pourquoi-kaki-persimon\/","url":"https:\/\/persimon.eu\/fr\/kaki-persimon\/pourquoi-kaki-persimon\/","name":"Pourquoi Kaki Persimon\u00ae ? - DOP Kaki Ribera del X\u00faquer","isPartOf":{"@id":"https:\/\/persimon.eu\/fr\/#website"},"datePublished":"2020-10-28T16:02:58+00:00","dateModified":"2020-10-28T16:41:42+00:00","description":"Lorsque vous achetez un kaki de la marque Persimon\u00ae d'Appellation d'Origine Prot\u00e9g\u00e9e \u00ab Kaki Ribera del X\u00faquer \u00bb, vous achetez un kaki pr\u00eat \u00e0 \u00eatre consomm\u00e9 d\u2019une qualit\u00e9 et d\u2019une saveur in\u00e9galables.","breadcrumb":{"@id":"https:\/\/persimon.eu\/fr\/kaki-persimon\/pourquoi-kaki-persimon\/#breadcrumb"},"inLanguage":"fr-FR","potentialAction":[{"@type":"ReadAction","target":["https:\/\/persimon.eu\/fr\/kaki-persimon\/pourquoi-kaki-persimon\/"]}]},{"@type":"BreadcrumbList","@id":"https:\/\/persimon.eu\/fr\/kaki-persimon\/pourquoi-kaki-persimon\/#breadcrumb","itemListElement":[{"@type":"ListItem","position":1,"name":"Inicio","item":"https:\/\/persimon.eu\/fr\/"},{"@type":"ListItem","position":2,"name":"Kaki Persimon\u00ae","item":"https:\/\/persimon.eu\/fr\/kaki-persimon\/"},{"@type":"ListItem","position":3,"name":"Pourquoi Kaki Persimon\u00ae ?"}]},{"@type":"WebSite","@id":"https:\/\/persimon.eu\/fr\/#website","url":"https:\/\/persimon.eu\/fr\/","name":"DOP Kaki Ribera del X\u00faquer","description":"En nuestra web descubrir\u00e1s todo lo que rodea a nuestros kakis con D.O.P. Ribera del X\u00faquer.","publisher":{"@id":"https:\/\/persimon.eu\/fr\/#organization"},"potentialAction":[{"@type":"SearchAction","target":{"@type":"EntryPoint","urlTemplate":"https:\/\/persimon.eu\/fr\/?s={search_term_string}"},"query-input":{"@type":"PropertyValueSpecification","valueRequired":true,"valueName":"search_term_string"}}],"inLanguage":"fr-FR"},{"@type":"Organization","@id":"https:\/\/persimon.eu\/fr\/#organization","name":"D.O.P Kaki Ribera del X\u00faquer","url":"https:\/\/persimon.eu\/fr\/","logo":{"@type":"ImageObject","inLanguage":"fr-FR","@id":"https:\/\/persimon.eu\/fr\/#\/schema\/logo\/image\/","url":"https:\/\/persimon.eu\/wp-content\/uploads\/2019\/09\/logo-dop-kaki.png","contentUrl":"https:\/\/persimon.eu\/wp-content\/uploads\/2019\/09\/logo-dop-kaki.png","width":227,"height":227,"caption":"D.O.P Kaki Ribera del X\u00faquer"},"image":{"@id":"https:\/\/persimon.eu\/fr\/#\/schema\/logo\/image\/"},"sameAs":["https:\/\/www.facebook.com\/kakipersimonDOP\/","https:\/\/www.instagram.com\/kakipersimon_\/","https:\/\/www.youtube.com\/channel\/UC7Jcl7rqySAcWf0V1axJ7Bg"]}]}},"_links":{"self":[{"href":"https:\/\/persimon.eu\/fr\/wp-json\/wp\/v2\/pages\/2402","targetHints":{"allow":["GET"]}}],"collection":[{"href":"https:\/\/persimon.eu\/fr\/wp-json\/wp\/v2\/pages"}],"about":[{"href":"https:\/\/persimon.eu\/fr\/wp-json\/wp\/v2\/types\/page"}],"author":[{"embeddable":true,"href":"https:\/\/persimon.eu\/fr\/wp-json\/wp\/v2\/users\/1"}],"replies":[{"embeddable":true,"href":"https:\/\/persimon.eu\/fr\/wp-json\/wp\/v2\/comments?post=2402"}],"version-history":[{"count":5,"href":"https:\/\/persimon.eu\/fr\/wp-json\/wp\/v2\/pages\/2402\/revisions"}],"predecessor-version":[{"id":2425,"href":"https:\/\/persimon.eu\/fr\/wp-json\/wp\/v2\/pages\/2402\/revisions\/2425"}],"up":[{"embeddable":true,"href":"https:\/\/persimon.eu\/fr\/wp-json\/wp\/v2\/pages\/2399"}],"wp:attachment":[{"href":"https:\/\/persimon.eu\/fr\/wp-json\/wp\/v2\/media?parent=2402"}],"curies":[{"name":"wp","href":"https:\/\/api.w.org\/{rel}","templated":true}]}}