{"id":2408,"date":"2020-10-28T16:28:35","date_gmt":"2020-10-28T16:28:35","guid":{"rendered":"https:\/\/persimon.eu\/kaki-persimon\/comment-le-conserver\/"},"modified":"2020-10-28T16:40:17","modified_gmt":"2020-10-28T16:40:17","slug":"comment-le-conserver","status":"publish","type":"page","link":"https:\/\/persimon.eu\/fr\/kaki-persimon\/comment-le-conserver\/","title":{"rendered":"Comment le conserver ?"},"content":{"rendered":"<p>[et_pb_section fb_built=\u00a0\u00bb1&Prime; disabled_on=\u00a0\u00bbon|on|off\u00a0\u00bb admin_label=\u00a0\u00bbIMAGEN FONDO\u00a0\u00bb module_class=\u00a0\u00bbcomoConservar\u00a0\u00bb _builder_version=\u00a0\u00bb3.29.3&Prime; background_color=\u00a0\u00bbrgba(0,0,0,0)\u00a0\u00bb custom_padding=\u00a0\u00bb0px||0px||false|false\u00a0\u00bb][et_pb_row _builder_version=\u00a0\u00bb4.0.6&Prime; background_enable_image=\u00a0\u00bboff\u00a0\u00bb width=\u00a0\u00bb100%\u00a0\u00bb max_width=\u00a0\u00bb2560px\u00a0\u00bb hover_enabled=\u00a0\u00bb0&Prime; custom_css_main_element=\u00a0\u00bbpadding: 0 0;||margin: 0 0;\u00a0\u00bb][et_pb_column type=\u00a0\u00bb4_4&Prime; _builder_version=\u00a0\u00bb4.0.6&Prime; background_image=\u00a0\u00bbhttps:\/\/persimon.eu\/wp-content\/uploads\/2019\/11\/como-conservarlo.png\u00a0\u00bb background_size=\u00a0\u00bbcontain\u00a0\u00bb hover_enabled=\u00a0\u00bb0&Prime; custom_css_main_element=\u00a0\u00bbmargin: 0;\u00a0\u00bb][et_pb_divider divider_style=\u00a0\u00bbnone\u00a0\u00bb module_class=\u00a0\u00bbfullHeight\u00a0\u00bb _builder_version=\u00a0\u00bb3.29.3&Prime; custom_margin=\u00a0\u00bb0px||0px||false|false\u00a0\u00bb][\/et_pb_divider][\/et_pb_column][\/et_pb_row][\/et_pb_section][et_pb_section fb_built=\u00a0\u00bb1&Prime; admin_label=\u00a0\u00bbCONTENIDO\u00a0\u00bb module_class=\u00a0\u00bbsection_comoConservarlo\u00a0\u00bb _builder_version=\u00a0\u00bb3.29.3&Prime; background_color=\u00a0\u00bbrgba(0,0,0,0)\u00a0\u00bb custom_margin=\u00a0\u00bb||||false|false\u00a0\u00bb][et_pb_row make_equal=\u00a0\u00bbon\u00a0\u00bb disabled_on=\u00a0\u00bboff|off|off\u00a0\u00bb admin_label=\u00a0\u00bbROW BREADCRUMBS\u00a0\u00bb _builder_version=\u00a0\u00bb3.29.3&Prime; max_width=\u00a0\u00bb2560px\u00a0\u00bb custom_margin=\u00a0\u00bb0px||0px||false|false\u00a0\u00bb custom_padding=\u00a0\u00bb0px||0px||false|false\u00a0\u00bb][et_pb_column type=\u00a0\u00bb4_4&Prime; _builder_version=\u00a0\u00bb3.29.3&Prime;][et_pb_divider divider_style=\u00a0\u00bbnone\u00a0\u00bb admin_label=\u00a0\u00bbseparadorTitular\u00a0\u00bb module_class=\u00a0\u00bbseparadorTitular\u00a0\u00bb _builder_version=\u00a0\u00bb3.29.3&Prime; custom_margin=\u00a0\u00bb0px||0px||false|false\u00a0\u00bb][\/et_pb_divider][et_pb_code disabled_on=\u00a0\u00bbon|on|off\u00a0\u00bb admin_label=\u00a0\u00bbBreadcrumbs\u00a0\u00bb _builder_version=\u00a0\u00bb3.29.3&Prime; custom_margin=\u00a0\u00bb0px||0px||true|false\u00a0\u00bb]<p id=\"breadcrumbs\"><span><span><a href=\"https:\/\/persimon.eu\/fr\/\">Inicio<\/a><\/span><\/span><\/p>[\/et_pb_code][et_pb_divider divider_style=\u00a0\u00bbnone\u00a0\u00bb disabled_on=\u00a0\u00bbon|on|off\u00a0\u00bb _builder_version=\u00a0\u00bb3.29.3&Prime; height=\u00a0\u00bb40px\u00a0\u00bb custom_margin=\u00a0\u00bb0px||0px||false|false\u00a0\u00bb][\/et_pb_divider][\/et_pb_column][\/et_pb_row][et_pb_row column_structure=\u00a0\u00bb1_2,1_4,1_4&Prime; make_equal=\u00a0\u00bbon\u00a0\u00bb _builder_version=\u00a0\u00bb3.29.3&Prime; max_width=\u00a0\u00bb2560px\u00a0\u00bb custom_margin=\u00a0\u00bb0px||0px||false|false\u00a0\u00bb custom_padding=\u00a0\u00bb0px||0px||false|false\u00a0\u00bb][et_pb_column type=\u00a0\u00bb1_2&Prime; _builder_version=\u00a0\u00bb3.29.3&Prime;][et_pb_text module_class=\u00a0\u00bbkaki-titular\u00a0\u00bb _builder_version=\u00a0\u00bb3.29.3&Prime; header_font_size=\u00a0\u00bb60px\u00a0\u00bb background_color=\u00a0\u00bbrgba(0,0,0,0)\u00a0\u00bb custom_margin=\u00a0\u00bb||0px||false|false\u00a0\u00bb custom_padding=\u00a0\u00bb|50px|20px|50px|false|true\u00a0\u00bb custom_css_main_element=\u00a0\u00bbbackground-color: rgba(255,255,255,0) !important;\u00a0\u00bb]<\/p>\n<h1>Comment le conserver ?<\/h1>\n<p>[\/et_pb_text][\/et_pb_column][et_pb_column type=\u00a0\u00bb1_4&Prime; _builder_version=\u00a0\u00bb3.29.3&Prime; background_enable_image=\u00a0\u00bboff\u00a0\u00bb hover_enabled=\u00a0\u00bb0&Prime;][\/et_pb_column][et_pb_column type=\u00a0\u00bb1_4&Prime; _builder_version=\u00a0\u00bb3.29.3&Prime; background_enable_image=\u00a0\u00bboff\u00a0\u00bb][\/et_pb_column][\/et_pb_row][et_pb_row column_structure=\u00a0\u00bb1_3,1_3,1_3&Prime; make_equal=\u00a0\u00bbon\u00a0\u00bb _builder_version=\u00a0\u00bb3.29.3&Prime; max_width=\u00a0\u00bb2560px\u00a0\u00bb custom_margin=\u00a0\u00bb0px||0px||false|false\u00a0\u00bb custom_padding=\u00a0\u00bb0px||0px||false|false\u00a0\u00bb hover_enabled=\u00a0\u00bb0&Prime;][et_pb_column type=\u00a0\u00bb1_3&Prime; module_class=\u00a0\u00bbcolumn_50_tablet\u00a0\u00bb _builder_version=\u00a0\u00bb3.29.3&Prime;][et_pb_text admin_label=\u00a0\u00bbListo para comer\u00a0\u00bb module_class=\u00a0\u00bbbloqueTexto80&Prime; _builder_version=\u00a0\u00bb3.29.3&Prime; custom_margin=\u00a0\u00bb0px||0px||false|false\u00a0\u00bb custom_padding=\u00a0\u00bb40px|50px|0px|50px|false|true\u00a0\u00bb custom_padding_tablet=\u00a0\u00bb\u00a0\u00bb custom_padding_phone=\u00a0\u00bb\u00a0\u00bb custom_padding_last_edited=\u00a0\u00bbon|desktop\u00a0\u00bb]<\/p>\n<h2>Pr\u00eat \u00e0 \u00eatre consomm\u00e9<\/h2>\n<div class=\"separador_left_01\"><\/div>\n<p>[\/et_pb_text][et_pb_text admin_label=\u00a0\u00bbtexto-listo-para-comer\u00a0\u00bb module_class=\u00a0\u00bbbloqueTexto80&Prime; _builder_version=\u00a0\u00bb3.29.3&Prime; custom_margin=\u00a0\u00bb0px||0px||false|false\u00a0\u00bb custom_padding=\u00a0\u00bb10px|50px|10px|50px|true|true\u00a0\u00bb]<strong>Souvenez-vous que<\/strong> <strong>les kakis de la marque \u00ab Persimon\u00ae \u00bb sont pr\u00eats \u00e0 la consommation<\/strong>. Vous ne devez pas attendre qu\u2019ils m\u00fbrissent, m\u00eame si vous pouvez les laissez quelques jours dans votre coupe de fruits pour encore plus de maturit\u00e9, mais sans attendre qu&rsquo;ils soient tout mous. Le \u00ab Persimon\u00ae \u00bb n\u2019arrive pas toujours \u00e0 un stade de chair molle. De plus, si l\u2019on attend trop avant de le consommer, il perd en qualit\u00e9.[\/et_pb_text][et_pb_text admin_label=\u00a0\u00bbKaki Classic\u00a0\u00bb module_class=\u00a0\u00bbbloqueTexto80&Prime; _builder_version=\u00a0\u00bb3.29.3&Prime; custom_margin=\u00a0\u00bb0px||0px||false|false\u00a0\u00bb custom_padding=\u00a0\u00bb20px|50px|0px|50px|false|true\u00a0\u00bb custom_padding_tablet=\u00a0\u00bb\u00a0\u00bb custom_padding_phone=\u00a0\u00bb\u00a0\u00bb custom_padding_last_edited=\u00a0\u00bbon|desktop\u00a0\u00bb]<\/p>\n<h2>Kaki Classic<\/h2>\n<div class=\"separador_left_02\"><\/div>\n<p>[\/et_pb_text][et_pb_text admin_label=\u00a0\u00bbtexto-kaki-classic\u00a0\u00bb module_class=\u00a0\u00bbbloqueTexto80&Prime; _builder_version=\u00a0\u00bb3.29.3&Prime; custom_margin=\u00a0\u00bb0px||||false|false\u00a0\u00bb custom_padding=\u00a0\u00bb10px|50px|40px|50px|false|true\u00a0\u00bb]<strong>Si vous pr\u00e9f\u00e9rez un kaki traditionnel ou \u00ab Classic \u00bb, vous devez les acheter sans que l\u2019on ait supprim\u00e9 leur astringence.<\/strong>C\u2019est ainsi que vous profiterez de la version traditionnelle du kaki \u00ab Rojo Brillante \u00bb. Si vous achetez un kaki \u00ab Classic \u00bb et voulez le faire m\u00fbrir, vous pouvez le d\u00e9poser \u00e0 c\u00f4t\u00e9 de pommes ou de bananes pour acc\u00e9l\u00e9rer le processus de m\u00fbrissement.[\/et_pb_text][\/et_pb_column][et_pb_column type=\u00a0\u00bb1_3&Prime; module_class=\u00a0\u00bbhide_981_1100&Prime; _builder_version=\u00a0\u00bb3.29.3&Prime; background_enable_image=\u00a0\u00bboff\u00a0\u00bb hover_enabled=\u00a0\u00bb0&Prime;][\/et_pb_column][et_pb_column type=\u00a0\u00bb1_3&Prime; module_class=\u00a0\u00bbcolumn_50_tablet\u00a0\u00bb _builder_version=\u00a0\u00bb3.29.3&Prime; background_enable_image=\u00a0\u00bboff\u00a0\u00bb][et_pb_text admin_label=\u00a0\u00bbNo meter en la nevera\u00a0\u00bb module_class=\u00a0\u00bbbloqueTexto80&Prime; _builder_version=\u00a0\u00bb3.29.3&Prime; custom_margin=\u00a0\u00bb0px||0px||false|false\u00a0\u00bb custom_padding=\u00a0\u00bb40px|50px|0px|50px|false|true\u00a0\u00bb custom_padding_tablet=\u00a0\u00bb\u00a0\u00bb custom_padding_phone=\u00a0\u00bb\u00a0\u00bb custom_padding_last_edited=\u00a0\u00bbon|desktop\u00a0\u00bb]<\/p>\n<h2>Ne pas mettre au r\u00e9frig\u00e9rateur<\/h2>\n<div class=\"separador_right_01\"><\/div>\n<p>[\/et_pb_text][et_pb_text admin_label=\u00a0\u00bbtexto-no-meter-en-nevera\u00a0\u00bb module_class=\u00a0\u00bbbloqueTexto80&Prime; _builder_version=\u00a0\u00bb3.29.3&Prime; custom_margin=\u00a0\u00bb0px||0px||false|false\u00a0\u00bb custom_padding=\u00a0\u00bb10px|50px|10px|50px|true|true\u00a0\u00bb]<\/p>\n<p><strong>Il n\u2019est pas utile de garder les kakis au r\u00e9frig\u00e9rateur. <\/strong><span>Mais il est vrai que vous pouvez les congeler d\u00e9j\u00e0 pel\u00e9s et en quartiers si vous d\u00e9sirez les utiliser plus tard ou pr\u00e9parer un plat avec un fruit congel\u00e9 comme par exemple des sorbets.  Attention lorsque vous d\u00e9congelez le kaki sans le cuire par la suite, il perd souvent beaucoup de go\u00fbt si on le consomme cru apr\u00e8s cong\u00e9lation. <\/span><\/p>\n<p>[\/et_pb_text][et_pb_text admin_label=\u00a0\u00bbRecetas\u00a0\u00bb module_class=\u00a0\u00bbbloqueTexto80&Prime; _builder_version=\u00a0\u00bb3.29.3&Prime; custom_margin=\u00a0\u00bb0px||0px||false|false\u00a0\u00bb custom_padding=\u00a0\u00bb10px|50px|0px|50px|false|true\u00a0\u00bb custom_padding_tablet=\u00a0\u00bb\u00a0\u00bb custom_padding_phone=\u00a0\u00bb\u00a0\u00bb custom_padding_last_edited=\u00a0\u00bbon|desktop\u00a0\u00bb]<\/p>\n<h2>Recettes<\/h2>\n<div class=\"separador_right_02\"><\/div>\n<p>[\/et_pb_text][et_pb_text admin_label=\u00a0\u00bbtexto-recetas\u00a0\u00bb module_class=\u00a0\u00bbbloqueTexto80&Prime; _builder_version=\u00a0\u00bb3.29.3&Prime; custom_margin=\u00a0\u00bb0px||||false|false\u00a0\u00bb custom_padding=\u00a0\u00bb10px|50px|40px|50px|false|true\u00a0\u00bb]<\/p>\n<p><strong>Quant aux conseils de cuisine, veuillez consulter la rubrique d\u00e9di\u00e9e aux recettes<\/strong><span>. Dans cette section nous vous racontons comment bien les utiliser et les principaux emplois pour \u00e9laborer de merveilleuses recettes, toutes tr\u00e8s simples et savoureuses.<\/span><\/p>\n<p>[\/et_pb_text][\/et_pb_column][\/et_pb_row][\/et_pb_section][et_pb_section fb_built=\u00a0\u00bb1&Prime; module_class=\u00a0\u00bbsection_submenu_conservar\u00a0\u00bb _builder_version=\u00a0\u00bb3.29.3&Prime; background_color=\u00a0\u00bbrgba(0,0,0,0)\u00a0\u00bb custom_margin=\u00a0\u00bb||||false|false\u00a0\u00bb custom_padding=\u00a0\u00bb0px||0px||false|false\u00a0\u00bb][et_pb_row column_structure=\u00a0\u00bb2_3,1_3&Prime; _builder_version=\u00a0\u00bb3.29.3&Prime; max_width=\u00a0\u00bb2560px\u00a0\u00bb custom_margin=\u00a0\u00bb0px||0px||false|false\u00a0\u00bb custom_padding=\u00a0\u00bb0px||0px||false|false\u00a0\u00bb][et_pb_column type=\u00a0\u00bb2_3&Prime; _builder_version=\u00a0\u00bb3.29.3&Prime;][et_pb_text admin_label=\u00a0\u00bbSubMenu\u00a0\u00bb module_class=\u00a0\u00bbsubmenu\u00a0\u00bb _builder_version=\u00a0\u00bb3.29.3&Prime; custom_margin=\u00a0\u00bb||||false|false\u00a0\u00bb custom_padding=\u00a0\u00bb40px|50px|40px|50px|false|false\u00a0\u00bb]<\/p>\n<ul>\n<li><a href=\"https:\/\/persimon.eu\/fr\/kaki-persimon\/\" title=\"Qu\u2019est-ce que c\u2019est ?\">Qu\u2019est-ce que c\u2019est ?<\/a><\/li>\n<li><a href=\"https:\/\/persimon.eu\/fr\/kaki-persimon\/pourquoi-kaki-persimon\/\" title=\"Pourquoi Kaki Persimon\u00ae ?\">Pourquoi Kaki Persimon\u00ae ?<\/a><\/li>\n<li><a href=\"https:\/\/persimon.eu\/fr\/kaki-persimon\/quand-et-comment-consommer-le-kaki-persimon\/\" title=\"Quand et comment le consommer ?\">Quand et comment le consommer ?<\/a><\/li>\n<li class=\"active\"><a href=\"https:\/\/persimon.eu\/fr\/kaki-persimon\/comment-le-conserver\/\" title=\"Comment le conserver ?\">Comment le conserver ?<\/a><\/li>\n<li><a https:\/\/persimon.eu\/fr\/kaki-persimon\/quand-lacheter\/\" title=\"Quand l\u2019acheter ?\">Quand l\u2019acheter ?<\/a><\/li>\n<\/ul>\n<p>&nbsp;[\/et_pb_text][\/et_pb_column][et_pb_column type=\u00a0\u00bb1_3&Prime; _builder_version=\u00a0\u00bb3.29.3&Prime; background_enable_image=\u00a0\u00bboff\u00a0\u00bb][et_pb_divider divider_style=\u00a0\u00bbnone\u00a0\u00bb _builder_version=\u00a0\u00bb3.29.3&Prime; height=\u00a0\u00bb1px\u00a0\u00bb max_height=\u00a0\u00bb1000px\u00a0\u00bb custom_margin=\u00a0\u00bb0px||0px||false|false\u00a0\u00bb][\/et_pb_divider][\/et_pb_column][\/et_pb_row][\/et_pb_section]<\/p>\n","protected":false},"excerpt":{"rendered":"<p><p id=\"breadcrumbs\"><span><span><a href=\"https:\/\/persimon.eu\/fr\/\">Inicio<\/a><\/span><\/span><\/p>Comment le conserver ?Pr\u00eat \u00e0 \u00eatre consomm\u00e9 Souvenez-vous que les kakis de la marque \u00ab Persimon\u00ae \u00bb sont pr\u00eats \u00e0 la consommation. Vous ne devez pas attendre qu\u2019ils m\u00fbrissent, m\u00eame si vous pouvez les laissez quelques jours dans votre coupe de fruits pour encore plus de maturit\u00e9, mais sans attendre qu&rsquo;ils soient tout mous. Le \u00ab Persimon\u00ae \u00bb n\u2019arrive pas toujours \u00e0 un stade de chair molle. De plus, si l\u2019on attend trop avant de le consommer, il perd en qualit\u00e9.Kaki Classic Si vous pr\u00e9f\u00e9rez un kaki traditionnel ou \u00ab Classic \u00bb, vous devez les acheter sans que l\u2019on ait supprim\u00e9 leur astringence.C\u2019est ainsi que vous profiterez de la version traditionnelle du kaki \u00ab Rojo Brillante \u00bb. Si vous achetez un kaki \u00ab Classic \u00bb et voulez le faire m\u00fbrir, vous pouvez le d\u00e9poser \u00e0 c\u00f4t\u00e9 de pommes ou de bananes pour acc\u00e9l\u00e9rer le processus de m\u00fbrissement.Ne pas mettre au r\u00e9frig\u00e9rateur Il n\u2019est pas utile de garder les kakis au r\u00e9frig\u00e9rateur. Mais il est vrai que vous pouvez les congeler d\u00e9j\u00e0 pel\u00e9s et en quartiers si vous d\u00e9sirez les utiliser plus tard ou pr\u00e9parer un plat avec un fruit congel\u00e9 comme par exemple des sorbets. Attention lorsque vous d\u00e9congelez le [&hellip;]<\/p>\n","protected":false},"author":1,"featured_media":0,"parent":2399,"menu_order":0,"comment_status":"closed","ping_status":"closed","template":"","meta":{"_acf_changed":false,"_et_pb_use_builder":"on","_et_pb_old_content":"","_et_gb_content_width":"","footnotes":""},"class_list":["post-2408","page","type-page","status-publish","hentry"],"acf":[],"yoast_head":"<!-- This site is optimized with the Yoast SEO plugin v27.1.1 - https:\/\/yoast.com\/product\/yoast-seo-wordpress\/ -->\n<title>Comment le conserver ? - DOP Kaki Ribera del X\u00faquer<\/title>\n<meta name=\"description\" content=\"Souvenez-vous que les kakis de la marque \u00ab Persimon\u00ae \u00bb sont pr\u00eats \u00e0 la consommation. Vous ne devez pas attendre qu\u2019ils m\u00fbrissent, m\u00eame si vous pouvez les laissez quelques jours dans votre coupe de fruits pour encore plus de maturit\u00e9\" \/>\n<meta name=\"robots\" content=\"index, follow, max-snippet:-1, max-image-preview:large, max-video-preview:-1\" \/>\n<link rel=\"canonical\" href=\"https:\/\/persimon.eu\/fr\/kaki-persimon\/comment-le-conserver\/\" \/>\n<meta property=\"og:locale\" content=\"fr_FR\" \/>\n<meta property=\"og:type\" content=\"article\" \/>\n<meta property=\"og:title\" content=\"Comment le conserver ? - DOP Kaki Ribera del X\u00faquer\" \/>\n<meta property=\"og:description\" content=\"Souvenez-vous que les kakis de la marque \u00ab Persimon\u00ae \u00bb sont pr\u00eats \u00e0 la consommation. Vous ne devez pas attendre qu\u2019ils m\u00fbrissent, m\u00eame si vous pouvez les laissez quelques jours dans votre coupe de fruits pour encore plus de maturit\u00e9\" \/>\n<meta property=\"og:site_name\" content=\"DOP Kaki Ribera del X\u00faquer\" \/>\n<meta property=\"article:publisher\" content=\"https:\/\/www.facebook.com\/kakipersimonDOP\/\" \/>\n<meta property=\"article:modified_time\" content=\"2020-10-28T16:40:17+00:00\" \/>\n<meta name=\"twitter:card\" content=\"summary_large_image\" \/>\n<meta name=\"twitter:label1\" content=\"Dur\u00e9e de lecture estim\u00e9e\" \/>\n\t<meta name=\"twitter:data1\" content=\"5 minutes\" \/>\n<script type=\"application\/ld+json\" class=\"yoast-schema-graph\">{\"@context\":\"https:\/\/schema.org\",\"@graph\":[{\"@type\":\"WebPage\",\"@id\":\"https:\/\/persimon.eu\/fr\/kaki-persimon\/comment-le-conserver\/\",\"url\":\"https:\/\/persimon.eu\/fr\/kaki-persimon\/comment-le-conserver\/\",\"name\":\"Comment le conserver ? - DOP Kaki Ribera del X\u00faquer\",\"isPartOf\":{\"@id\":\"https:\/\/persimon.eu\/fr\/#website\"},\"datePublished\":\"2020-10-28T16:28:35+00:00\",\"dateModified\":\"2020-10-28T16:40:17+00:00\",\"description\":\"Souvenez-vous que les kakis de la marque \u00ab Persimon\u00ae \u00bb sont pr\u00eats \u00e0 la consommation. Vous ne devez pas attendre qu\u2019ils m\u00fbrissent, m\u00eame si vous pouvez les laissez quelques jours dans votre coupe de fruits pour encore plus de maturit\u00e9\",\"breadcrumb\":{\"@id\":\"https:\/\/persimon.eu\/fr\/kaki-persimon\/comment-le-conserver\/#breadcrumb\"},\"inLanguage\":\"fr-FR\",\"potentialAction\":[{\"@type\":\"ReadAction\",\"target\":[\"https:\/\/persimon.eu\/fr\/kaki-persimon\/comment-le-conserver\/\"]}]},{\"@type\":\"BreadcrumbList\",\"@id\":\"https:\/\/persimon.eu\/fr\/kaki-persimon\/comment-le-conserver\/#breadcrumb\",\"itemListElement\":[{\"@type\":\"ListItem\",\"position\":1,\"name\":\"Inicio\",\"item\":\"https:\/\/persimon.eu\/fr\/\"},{\"@type\":\"ListItem\",\"position\":2,\"name\":\"Kaki Persimon\u00ae\",\"item\":\"https:\/\/persimon.eu\/fr\/kaki-persimon\/\"},{\"@type\":\"ListItem\",\"position\":3,\"name\":\"Comment le conserver ?\"}]},{\"@type\":\"WebSite\",\"@id\":\"https:\/\/persimon.eu\/fr\/#website\",\"url\":\"https:\/\/persimon.eu\/fr\/\",\"name\":\"DOP Kaki Ribera del X\u00faquer\",\"description\":\"En nuestra web descubrir\u00e1s todo lo que rodea a nuestros kakis con D.O.P. Ribera del X\u00faquer.\",\"publisher\":{\"@id\":\"https:\/\/persimon.eu\/fr\/#organization\"},\"potentialAction\":[{\"@type\":\"SearchAction\",\"target\":{\"@type\":\"EntryPoint\",\"urlTemplate\":\"https:\/\/persimon.eu\/fr\/?s={search_term_string}\"},\"query-input\":{\"@type\":\"PropertyValueSpecification\",\"valueRequired\":true,\"valueName\":\"search_term_string\"}}],\"inLanguage\":\"fr-FR\"},{\"@type\":\"Organization\",\"@id\":\"https:\/\/persimon.eu\/fr\/#organization\",\"name\":\"D.O.P Kaki Ribera del X\u00faquer\",\"url\":\"https:\/\/persimon.eu\/fr\/\",\"logo\":{\"@type\":\"ImageObject\",\"inLanguage\":\"fr-FR\",\"@id\":\"https:\/\/persimon.eu\/fr\/#\/schema\/logo\/image\/\",\"url\":\"https:\/\/persimon.eu\/wp-content\/uploads\/2019\/09\/logo-dop-kaki.png\",\"contentUrl\":\"https:\/\/persimon.eu\/wp-content\/uploads\/2019\/09\/logo-dop-kaki.png\",\"width\":227,\"height\":227,\"caption\":\"D.O.P Kaki Ribera del X\u00faquer\"},\"image\":{\"@id\":\"https:\/\/persimon.eu\/fr\/#\/schema\/logo\/image\/\"},\"sameAs\":[\"https:\/\/www.facebook.com\/kakipersimonDOP\/\",\"https:\/\/www.instagram.com\/kakipersimon_\/\",\"https:\/\/www.youtube.com\/channel\/UC7Jcl7rqySAcWf0V1axJ7Bg\"]}]}<\/script>\n<!-- \/ Yoast SEO plugin. -->","yoast_head_json":{"title":"Comment le conserver ? - DOP Kaki Ribera del X\u00faquer","description":"Souvenez-vous que les kakis de la marque \u00ab Persimon\u00ae \u00bb sont pr\u00eats \u00e0 la consommation. Vous ne devez pas attendre qu\u2019ils m\u00fbrissent, m\u00eame si vous pouvez les laissez quelques jours dans votre coupe de fruits pour encore plus de maturit\u00e9","robots":{"index":"index","follow":"follow","max-snippet":"max-snippet:-1","max-image-preview":"max-image-preview:large","max-video-preview":"max-video-preview:-1"},"canonical":"https:\/\/persimon.eu\/fr\/kaki-persimon\/comment-le-conserver\/","og_locale":"fr_FR","og_type":"article","og_title":"Comment le conserver ? - DOP Kaki Ribera del X\u00faquer","og_description":"Souvenez-vous que les kakis de la marque \u00ab Persimon\u00ae \u00bb sont pr\u00eats \u00e0 la consommation. Vous ne devez pas attendre qu\u2019ils m\u00fbrissent, m\u00eame si vous pouvez les laissez quelques jours dans votre coupe de fruits pour encore plus de maturit\u00e9","og_site_name":"DOP Kaki Ribera del X\u00faquer","article_publisher":"https:\/\/www.facebook.com\/kakipersimonDOP\/","article_modified_time":"2020-10-28T16:40:17+00:00","twitter_card":"summary_large_image","twitter_misc":{"Dur\u00e9e de lecture estim\u00e9e":"5 minutes"},"schema":{"@context":"https:\/\/schema.org","@graph":[{"@type":"WebPage","@id":"https:\/\/persimon.eu\/fr\/kaki-persimon\/comment-le-conserver\/","url":"https:\/\/persimon.eu\/fr\/kaki-persimon\/comment-le-conserver\/","name":"Comment le conserver ? - DOP Kaki Ribera del X\u00faquer","isPartOf":{"@id":"https:\/\/persimon.eu\/fr\/#website"},"datePublished":"2020-10-28T16:28:35+00:00","dateModified":"2020-10-28T16:40:17+00:00","description":"Souvenez-vous que les kakis de la marque \u00ab Persimon\u00ae \u00bb sont pr\u00eats \u00e0 la consommation. Vous ne devez pas attendre qu\u2019ils m\u00fbrissent, m\u00eame si vous pouvez les laissez quelques jours dans votre coupe de fruits pour encore plus de maturit\u00e9","breadcrumb":{"@id":"https:\/\/persimon.eu\/fr\/kaki-persimon\/comment-le-conserver\/#breadcrumb"},"inLanguage":"fr-FR","potentialAction":[{"@type":"ReadAction","target":["https:\/\/persimon.eu\/fr\/kaki-persimon\/comment-le-conserver\/"]}]},{"@type":"BreadcrumbList","@id":"https:\/\/persimon.eu\/fr\/kaki-persimon\/comment-le-conserver\/#breadcrumb","itemListElement":[{"@type":"ListItem","position":1,"name":"Inicio","item":"https:\/\/persimon.eu\/fr\/"},{"@type":"ListItem","position":2,"name":"Kaki Persimon\u00ae","item":"https:\/\/persimon.eu\/fr\/kaki-persimon\/"},{"@type":"ListItem","position":3,"name":"Comment le conserver ?"}]},{"@type":"WebSite","@id":"https:\/\/persimon.eu\/fr\/#website","url":"https:\/\/persimon.eu\/fr\/","name":"DOP Kaki Ribera del X\u00faquer","description":"En nuestra web descubrir\u00e1s todo lo que rodea a nuestros kakis con D.O.P. Ribera del X\u00faquer.","publisher":{"@id":"https:\/\/persimon.eu\/fr\/#organization"},"potentialAction":[{"@type":"SearchAction","target":{"@type":"EntryPoint","urlTemplate":"https:\/\/persimon.eu\/fr\/?s={search_term_string}"},"query-input":{"@type":"PropertyValueSpecification","valueRequired":true,"valueName":"search_term_string"}}],"inLanguage":"fr-FR"},{"@type":"Organization","@id":"https:\/\/persimon.eu\/fr\/#organization","name":"D.O.P Kaki Ribera del X\u00faquer","url":"https:\/\/persimon.eu\/fr\/","logo":{"@type":"ImageObject","inLanguage":"fr-FR","@id":"https:\/\/persimon.eu\/fr\/#\/schema\/logo\/image\/","url":"https:\/\/persimon.eu\/wp-content\/uploads\/2019\/09\/logo-dop-kaki.png","contentUrl":"https:\/\/persimon.eu\/wp-content\/uploads\/2019\/09\/logo-dop-kaki.png","width":227,"height":227,"caption":"D.O.P Kaki Ribera del X\u00faquer"},"image":{"@id":"https:\/\/persimon.eu\/fr\/#\/schema\/logo\/image\/"},"sameAs":["https:\/\/www.facebook.com\/kakipersimonDOP\/","https:\/\/www.instagram.com\/kakipersimon_\/","https:\/\/www.youtube.com\/channel\/UC7Jcl7rqySAcWf0V1axJ7Bg"]}]}},"_links":{"self":[{"href":"https:\/\/persimon.eu\/fr\/wp-json\/wp\/v2\/pages\/2408","targetHints":{"allow":["GET"]}}],"collection":[{"href":"https:\/\/persimon.eu\/fr\/wp-json\/wp\/v2\/pages"}],"about":[{"href":"https:\/\/persimon.eu\/fr\/wp-json\/wp\/v2\/types\/page"}],"author":[{"embeddable":true,"href":"https:\/\/persimon.eu\/fr\/wp-json\/wp\/v2\/users\/1"}],"replies":[{"embeddable":true,"href":"https:\/\/persimon.eu\/fr\/wp-json\/wp\/v2\/comments?post=2408"}],"version-history":[{"count":5,"href":"https:\/\/persimon.eu\/fr\/wp-json\/wp\/v2\/pages\/2408\/revisions"}],"predecessor-version":[{"id":2416,"href":"https:\/\/persimon.eu\/fr\/wp-json\/wp\/v2\/pages\/2408\/revisions\/2416"}],"up":[{"embeddable":true,"href":"https:\/\/persimon.eu\/fr\/wp-json\/wp\/v2\/pages\/2399"}],"wp:attachment":[{"href":"https:\/\/persimon.eu\/fr\/wp-json\/wp\/v2\/media?parent=2408"}],"curies":[{"name":"wp","href":"https:\/\/api.w.org\/{rel}","templated":true}]}}