{"id":2472,"date":"2020-10-29T14:44:04","date_gmt":"2020-10-29T14:44:04","guid":{"rendered":"https:\/\/persimon.eu\/le-kaki\/"},"modified":"2020-11-02T08:22:21","modified_gmt":"2020-11-02T08:22:21","slug":"le-kaki","status":"publish","type":"page","link":"https:\/\/persimon.eu\/fr\/le-kaki\/","title":{"rendered":"Le kaki"},"content":{"rendered":"<p>[et_pb_section fb_built=\u00a0\u00bb1&Prime; admin_label=\u00a0\u00bbCONTENIDO\u00a0\u00bb _builder_version=\u00a0\u00bb4.6.6&Prime; background_color=\u00a0\u00bbrgba(0,0,0,0)\u00a0\u00bb custom_margin=\u00a0\u00bb||||false|false\u00a0\u00bb custom_padding=\u00a0\u00bb0px||||false|false\u00a0\u00bb hover_enabled=\u00a0\u00bb0&Prime; custom_css_main_element=\u00a0\u00bbz-index: 10;||top: 0;||left: 0;||min-height: 100vh;||display: flex;||flex-direction: column;||width: 100%;\u00a0\u00bb sticky_enabled=\u00a0\u00bb0&Prime;][et_pb_row make_equal=\u00a0\u00bbon\u00a0\u00bb disabled_on=\u00a0\u00bboff|off|off\u00a0\u00bb admin_label=\u00a0\u00bbROW BREADCRUMBS\u00a0\u00bb _builder_version=\u00a0\u00bb3.29.3&Prime; max_width=\u00a0\u00bb2560px\u00a0\u00bb custom_margin=\u00a0\u00bb0px||0px||false|false\u00a0\u00bb custom_padding=\u00a0\u00bb0px||0px||false|false\u00a0\u00bb][et_pb_column type=\u00a0\u00bb4_4&Prime; _builder_version=\u00a0\u00bb3.29.3&Prime;][et_pb_divider divider_style=\u00a0\u00bbnone\u00a0\u00bb admin_label=\u00a0\u00bbseparadorTitular\u00a0\u00bb module_class=\u00a0\u00bbseparadorTitular\u00a0\u00bb _builder_version=\u00a0\u00bb3.29.3&Prime; custom_margin=\u00a0\u00bb0px||0px||false|false\u00a0\u00bb][\/et_pb_divider][et_pb_code disabled_on=\u00a0\u00bbon|on|off\u00a0\u00bb admin_label=\u00a0\u00bbBreadcrumbs\u00a0\u00bb _builder_version=\u00a0\u00bb3.29.3&Prime; custom_margin=\u00a0\u00bb0px||0px||true|false\u00a0\u00bb]<p id=\"breadcrumbs\"><span><span><a href=\"https:\/\/persimon.eu\/fr\/\">Inicio<\/a><\/span><\/span><\/p>[\/et_pb_code][et_pb_divider divider_style=\u00a0\u00bbnone\u00a0\u00bb disabled_on=\u00a0\u00bbon|on|off\u00a0\u00bb _builder_version=\u00a0\u00bb3.29.3&Prime; height=\u00a0\u00bb40px\u00a0\u00bb custom_margin=\u00a0\u00bb0px||0px||false|false\u00a0\u00bb][\/et_pb_divider][\/et_pb_column][\/et_pb_row][et_pb_row column_structure=\u00a0\u00bb2_5,3_5&Prime; make_equal=\u00a0\u00bbon\u00a0\u00bb _builder_version=\u00a0\u00bb3.29.3&Prime; max_width=\u00a0\u00bb2560px\u00a0\u00bb custom_margin=\u00a0\u00bb0px||0px||false|false\u00a0\u00bb custom_padding=\u00a0\u00bb0px||0px||false|false\u00a0\u00bb][et_pb_column type=\u00a0\u00bb2_5&Prime; _builder_version=\u00a0\u00bb3.29.3&Prime;][et_pb_text admin_label=\u00a0\u00bbH1&Prime; module_class=\u00a0\u00bbkaki-titular\u00a0\u00bb _builder_version=\u00a0\u00bb3.29.3&Prime; header_font_size=\u00a0\u00bb60px\u00a0\u00bb custom_margin=\u00a0\u00bb||0px||false|false\u00a0\u00bb custom_padding=\u00a0\u00bb|50px||50px|false|true\u00a0\u00bb]<\/p>\n<h1>Le kaki<\/h1>\n<p>[\/et_pb_text][et_pb_text module_class=\u00a0\u00bbbloqueTexto80&Prime; _builder_version=\u00a0\u00bb3.29.3&Prime; custom_margin=\u00a0\u00bb0px||||false|false\u00a0\u00bb custom_padding=\u00a0\u00bb40px|50px|40px|50px|true|true\u00a0\u00bb]<\/p>\n<h2>Qu\u2019est-ce que c\u2019est ?<\/h2>\n<p>Le kaki est un fruit sucr\u00e9 et charnu d\u2019origine asiatique qui arriva en Europe entre le 17\u00e8 et le 19\u00e8 si\u00e8cle, au d\u00e9part comme plante ornementale et cultiv\u00e9e pour son bois (plaqueminier), tr\u00e8s appr\u00e9ci\u00e9 en \u00e9b\u00e9nisterie.<\/p>\n<p>A l\u2019heure actuelle en Espagne, sa culture est pratiquement exclusive \u00e0 la r\u00e9gion du levant espagnol, m\u00eame si ces derni\u00e8res ann\u00e9es elle s\u2019est \u00e9tendue \u00e0 d\u2019autres zones. <\/p>\n<p>C\u2019est \u00e0 partir du 7\u00e8 si\u00e8cle que le kaki a commenc\u00e9 \u00e0 \u00eatre cultiv\u00e9 en Chine, son pays d\u2019origine, s\u2019\u00e9tendant par la suite au Japon et \u00e0 la Cor\u00e9e, des pays o\u00f9 il se trouve \u00e0 un \u00e9tat spontan\u00e9 et o\u00f9 sont recens\u00e9s plus de 2000 vari\u00e9t\u00e9s et cultivars.<\/p>\n<p>[\/et_pb_text][\/et_pb_column][et_pb_column type=\u00a0\u00bb3_5&Prime; _builder_version=\u00a0\u00bb3.29.3&Prime; background_enable_image=\u00a0\u00bboff\u00a0\u00bb][et_pb_text admin_label=\u00a0\u00bbH2 &#8211; Ciclo de cultivo\u00a0\u00bb module_class=\u00a0\u00bbciclocultivo\u00a0\u00bb _builder_version=\u00a0\u00bb3.29.3&Prime; header_2_text_align=\u00a0\u00bbcenter\u00a0\u00bb]<\/p>\n<h2>Cycle de culture<\/h2>\n<p>[\/et_pb_text][dica_divi_carousel show_items_tablet=\u00a0\u00bb4&Prime; dot_nav=\u00a0\u00bbon\u00a0\u00bb equal_height=\u00a0\u00bbon\u00a0\u00bb advanced_effect=\u00a0\u00bb1&Prime; arrow_nav_color=\u00a0\u00bb#666&Prime; arrow_bg_color=\u00a0\u00bbrgba(255,255,255,0)\u00a0\u00bb dots_color=\u00a0\u00bbrgba(102,102,102,0.9)\u00a0\u00bb dots_active_color=\u00a0\u00bb#666&Prime; admin_label=\u00a0\u00bbCiclo de Cultivo\u00a0\u00bb module_class=\u00a0\u00bbciclo_cultivo\u00a0\u00bb _builder_version=\u00a0\u00bb3.29.3&Prime; background_color=\u00a0\u00bbrgba(0,0,0,0)\u00a0\u00bb custom_margin=\u00a0\u00bb||40px||false|false\u00a0\u00bb][dica_divi_carouselitem title=\u00a0\u00bbHiver\u00a0\u00bb sub_title=\u00a0\u00bbTaille\u00a0\u00bb button_url_new_window=\u00a0\u00bb1&Prime; image=\u00a0\u00bbhttps:\/\/persimon.eu\/wp-content\/uploads\/2019\/10\/invierno.png\u00a0\u00bb module_class=\u00a0\u00bbcicloC\u00a0\u00bb image_padding=\u00a0\u00bb15px||15px||true|false\u00a0\u00bb content_padding=\u00a0\u00bb10px||10px||true|false\u00a0\u00bb _builder_version=\u00a0\u00bb3.29.3&Prime; subtitle_text_align=\u00a0\u00bbcenter\u00a0\u00bb][\/dica_divi_carouselitem][dica_divi_carouselitem title=\u00a0\u00bbPrintemps\u00a0\u00bb sub_title=\u00a0\u00bbBourgeonnement\u00a0\u00bb button_url_new_window=\u00a0\u00bb1&Prime; image=\u00a0\u00bbhttps:\/\/persimon.eu\/wp-content\/uploads\/2019\/10\/primavera.png\u00a0\u00bb module_class=\u00a0\u00bbcicloC\u00a0\u00bb image_padding=\u00a0\u00bb15px||15px||true|false\u00a0\u00bb content_padding=\u00a0\u00bb10px||10px||true|false\u00a0\u00bb _builder_version=\u00a0\u00bb3.29.3&Prime; subtitle_text_align=\u00a0\u00bbcenter\u00a0\u00bb][\/dica_divi_carouselitem][dica_divi_carouselitem title=\u00a0\u00bb\u00c9t\u00e9\u00a0\u00bb sub_title=\u00a0\u00bbGestion de l\u2019irrigation&lt;br&gt;Taille en vert\u00a0\u00bb button_url_new_window=\u00a0\u00bb1&Prime; image=\u00a0\u00bbhttps:\/\/persimon.eu\/wp-content\/uploads\/2019\/10\/verano.png\u00a0\u00bb module_class=\u00a0\u00bbcicloC\u00a0\u00bb image_padding=\u00a0\u00bb15px||15px||true|false\u00a0\u00bb content_padding=\u00a0\u00bb10px||10px||true|false\u00a0\u00bb _builder_version=\u00a0\u00bb3.29.3&Prime; subtitle_text_align=\u00a0\u00bbcenter\u00a0\u00bb][\/dica_divi_carouselitem][dica_divi_carouselitem title=\u00a0\u00bbAutomne\u00a0\u00bb sub_title=\u00a0\u00bbR\u00e9colte\u00a0\u00bb button_url_new_window=\u00a0\u00bb1&Prime; image=\u00a0\u00bbhttps:\/\/persimon.eu\/wp-content\/uploads\/2019\/10\/invierno.png\u00a0\u00bb module_class=\u00a0\u00bbcicloC\u00a0\u00bb image_padding=\u00a0\u00bb15px||15px||true|false\u00a0\u00bb content_padding=\u00a0\u00bb10px||10px||true|false\u00a0\u00bb _builder_version=\u00a0\u00bb3.29.3&Prime; subtitle_text_align=\u00a0\u00bbcenter\u00a0\u00bb][\/dica_divi_carouselitem][\/dica_divi_carousel][\/et_pb_column][\/et_pb_row][et_pb_row column_structure=\u00a0\u00bb2_3,1_3&Prime; _builder_version=\u00a0\u00bb3.29.3&Prime; max_width=\u00a0\u00bb2560px\u00a0\u00bb custom_margin=\u00a0\u00bb0px||0px||false|false\u00a0\u00bb custom_padding=\u00a0\u00bb0px||0px||false|false\u00a0\u00bb][et_pb_column type=\u00a0\u00bb2_3&Prime; _builder_version=\u00a0\u00bb3.29.3&Prime;][et_pb_text admin_label=\u00a0\u00bbSubMenu-el-kaki\u00a0\u00bb module_class=\u00a0\u00bbsubmenu\u00a0\u00bb _builder_version=\u00a0\u00bb3.29.3&Prime; custom_margin=\u00a0\u00bb||||false|false\u00a0\u00bb custom_padding=\u00a0\u00bb40px|50px|40px|50px|false|false\u00a0\u00bb]<\/p>\n<ul>\n<li class=\"active\"><a href=\"https:\/\/persimon.eu\/fr\/le-kaki\/\" title=\"Qu\u2019est-ce que c\u2019est ?\">Qu\u2019est-ce que c\u2019est ?<\/a><\/li>\n<li><a href=\"https:\/\/persimon.eu\/fr\/le-kaki\/variete-rojo-brillante\/\" title=\"Vari\u00e9t\u00e9 Rojo Brillante\">Vari\u00e9t\u00e9 Rojo Brillante<\/a><\/li>\n<li><a href=\"https:\/\/persimon.eu\/fr\/le-kaki\/le-kaki-en-espagne-et-dans-le-monde\/\" title=\"Le kaki en Espagne et dans le monde\">Le kaki en Espagne et dans le monde<\/a><\/li>\n<\/ul>\n<p>&nbsp;[\/et_pb_text][\/et_pb_column][et_pb_column type=\u00a0\u00bb1_3&Prime; _builder_version=\u00a0\u00bb3.29.3&Prime; background_enable_image=\u00a0\u00bboff\u00a0\u00bb][et_pb_divider divider_style=\u00a0\u00bbnone\u00a0\u00bb _builder_version=\u00a0\u00bb3.29.3&Prime; height=\u00a0\u00bb1px\u00a0\u00bb max_height=\u00a0\u00bb1000px\u00a0\u00bb custom_margin=\u00a0\u00bb0px||0px||false|false\u00a0\u00bb][\/et_pb_divider][\/et_pb_column][\/et_pb_row][\/et_pb_section]<\/p>\n","protected":false},"excerpt":{"rendered":"<p><p id=\"breadcrumbs\"><span><span><a href=\"https:\/\/persimon.eu\/fr\/\">Inicio<\/a><\/span><\/span><\/p>Le kakiQu\u2019est-ce que c\u2019est ? Le kaki est un fruit sucr\u00e9 et charnu d\u2019origine asiatique qui arriva en Europe entre le 17\u00e8 et le 19\u00e8 si\u00e8cle, au d\u00e9part comme plante ornementale et cultiv\u00e9e pour son bois (plaqueminier), tr\u00e8s appr\u00e9ci\u00e9 en \u00e9b\u00e9nisterie. A l\u2019heure actuelle en Espagne, sa culture est pratiquement exclusive \u00e0 la r\u00e9gion du levant espagnol, m\u00eame si ces derni\u00e8res ann\u00e9es elle s\u2019est \u00e9tendue \u00e0 d\u2019autres zones. C\u2019est \u00e0 partir du 7\u00e8 si\u00e8cle que le kaki a commenc\u00e9 \u00e0 \u00eatre cultiv\u00e9 en Chine, son pays d\u2019origine, s\u2019\u00e9tendant par la suite au Japon et \u00e0 la Cor\u00e9e, des pays o\u00f9 il se trouve \u00e0 un \u00e9tat spontan\u00e9 et o\u00f9 sont recens\u00e9s plus de 2000 vari\u00e9t\u00e9s et cultivars.Cycle de culture<div class=\"et_pb_module dica_divi_carousel dica_divi_carousel_0 ciclo_cultivo\">\n\t\t\t\t\n\t\t\t\t\n\t\t\t\t\n\t\t\t\t\n\t\t\t\t\n\t\t\t\t\n\t\t\t\t<div class=\"et_pb_module_inner\">\n\t\t\t\t\t<div class=\"dica-container  desktop_middle-inside tablet_middle-inside mobile_middle-inside\" data-props='{\"desktop\":\"4\",\"tablet\":\"4\",\"mobile\":\"1\",\"speed\":\"500\",\"arrow\":\"off\",\"dots\":\"on\",\"autoplay\":\"off\",\"autoSpeed\":\"1000\",\"loop\":\"off\",\"item_spacing\":\"30\",\"center_mode\":\"off\",\"slider_effec\":\"1\",\"cover_rotate\":\"50\",\"pause_onhover\":\"off\",\"multislide\":\"off\",\"cfshadow\":\"on\",\"order\":\"0\",\"lazyload\":\"off\",\"lazybefore\":\"off\",\"scroller_effect\":\"off\",\"autowidth\":\"off\",\"item_spacing_tablet\":\"30\",\"item_spacing_phone\":\"30\",\"scroller_speed\":\"4000\",\"hashNavigation\":\"off\",\"simulatetouch\":\"off\",\"allowtouchmove\":\"off\",\"slide_row\":\"1\",\"slide_row_tablet\":\"1\",\"slide_row_phone\":\"1\",\"keyboard\":\"off\",\"mousewheel\":\"off\",\"autoplay_viewport\":\"\"}'>\n\t\t\t\t\t\t\t \t<div class=\"swiper-container\" >\n\t\t\t\t\t\t\t\t\t<div class=\"swiper-wrapper\"><div class=\"et_pb_module dica_divi_carouselitem dica_divi_carouselitem_0 cicloC\">\n\t\t\t\t\n\t\t\t\t\n\t\t\t\t\n\t\t\t\t\n\t\t\t\t\n\t\t\t\t\n\t\t\t\t<div class=\"et_pb_module_inner\">\n\t\t\t\t\t <div class=\"dica-item image_top\"   data-hash=\"dica_divi_carouselitem_0\">\n\t\t\t\t\t\t\t\t\t<div class=\"dica-image-container\"><span class=\"image\"><img loading=\"lazy\" decoding=\"async\" src=\"https:\/\/persimon.eu\/wp-content\/uploads\/2019\/10\/invierno.png\" srcset=\"https:\/\/persimon.eu\/wp-content\/uploads\/2019\/10\/invierno.png 356w, https:\/\/persimon.eu\/wp-content\/uploads\/2019\/10\/invierno-150x150.png 150w, https:\/\/persimon.eu\/wp-content\/uploads\/2019\/10\/invierno-300x300.png 300w\" alt=\"\" class=\"dica-item-image\" width=\"356\" height=\"356\"\/><\/span><\/div>\n\t\t\t\t\t\t\t\t\t<div class=\"dica-item-content\"><h4 class=\"item-title\">Hiver<\/h4> <h6 class=\"item-subtitle\">Taille<\/h6>       <\/div>\n\t\t\t\t\t\t\t<\/div>\n\t\t\t\t<\/div>\n\t\t\t<\/div><div class=\"et_pb_module dica_divi_carouselitem dica_divi_carouselitem_1 cicloC\">\n\t\t\t\t\n\t\t\t\t\n\t\t\t\t\n\t\t\t\t\n\t\t\t\t\n\t\t\t\t\n\t\t\t\t<div class=\"et_pb_module_inner\">\n\t\t\t\t\t <div class=\"dica-item image_top\"   data-hash=\"dica_divi_carouselitem_1\">\n\t\t\t\t\t\t\t\t\t<div class=\"dica-image-container\"><span class=\"image\"><img loading=\"lazy\" decoding=\"async\" src=\"https:\/\/persimon.eu\/wp-content\/uploads\/2019\/10\/primavera.png\" srcset=\"https:\/\/persimon.eu\/wp-content\/uploads\/2019\/10\/primavera.png 356w, https:\/\/persimon.eu\/wp-content\/uploads\/2019\/10\/primavera-150x150.png 150w, https:\/\/persimon.eu\/wp-content\/uploads\/2019\/10\/primavera-300x300.png 300w\" alt=\"\" class=\"dica-item-image\" width=\"356\" height=\"356\"\/><\/span><\/div>\n\t\t\t\t\t\t\t\t\t<div class=\"dica-item-content\"><h4 class=\"item-title\">Printemps<\/h4> <h6 class=\"item-subtitle\">Bourgeonnement<\/h6>       <\/div>\n\t\t\t\t\t\t\t<\/div>\n\t\t\t\t<\/div>\n\t\t\t<\/div><div class=\"et_pb_module dica_divi_carouselitem dica_divi_carouselitem_2 cicloC\">\n\t\t\t\t\n\t\t\t\t\n\t\t\t\t\n\t\t\t\t\n\t\t\t\t\n\t\t\t\t\n\t\t\t\t<div class=\"et_pb_module_inner\">\n\t\t\t\t\t <div class=\"dica-item image_top\"   data-hash=\"dica_divi_carouselitem_2\">\n\t\t\t\t\t\t\t\t\t<div class=\"dica-image-container\"><span class=\"image\"><img loading=\"lazy\" decoding=\"async\" src=\"https:\/\/persimon.eu\/wp-content\/uploads\/2019\/10\/verano.png\" srcset=\"https:\/\/persimon.eu\/wp-content\/uploads\/2019\/10\/verano.png 356w, https:\/\/persimon.eu\/wp-content\/uploads\/2019\/10\/verano-150x150.png 150w, https:\/\/persimon.eu\/wp-content\/uploads\/2019\/10\/verano-300x300.png 300w\" alt=\"\" class=\"dica-item-image\" width=\"356\" height=\"356\"\/><\/span><\/div>\n\t\t\t\t\t\t\t\t\t<div class=\"dica-item-content\"><h4 class=\"item-title\">\u00c9t\u00e9<\/h4> <h6 class=\"item-subtitle\">Gestion de l\u2019irrigation&lt;br&gt;Taille en vert<\/h6>       <\/div>\n\t\t\t\t\t\t\t<\/div>\n\t\t\t\t<\/div>\n\t\t\t<\/div><div class=\"et_pb_module dica_divi_carouselitem dica_divi_carouselitem_3 cicloC\">\n\t\t\t\t\n\t\t\t\t\n\t\t\t\t\n\t\t\t\t\n\t\t\t\t\n\t\t\t\t\n\t\t\t\t<div class=\"et_pb_module_inner\">\n\t\t\t\t\t <div class=\"dica-item image_top\"   data-hash=\"dica_divi_carouselitem_3\">\n\t\t\t\t\t\t\t\t\t<div class=\"dica-image-container\"><span class=\"image\"><img loading=\"lazy\" decoding=\"async\" src=\"https:\/\/persimon.eu\/wp-content\/uploads\/2019\/10\/invierno.png\" srcset=\"https:\/\/persimon.eu\/wp-content\/uploads\/2019\/10\/invierno.png 356w, https:\/\/persimon.eu\/wp-content\/uploads\/2019\/10\/invierno-150x150.png 150w, https:\/\/persimon.eu\/wp-content\/uploads\/2019\/10\/invierno-300x300.png 300w\" alt=\"\" class=\"dica-item-image\" width=\"356\" height=\"356\"\/><\/span><\/div>\n\t\t\t\t\t\t\t\t\t<div class=\"dica-item-content\"><h4 class=\"item-title\">Automne<\/h4> <h6 class=\"item-subtitle\">R\u00e9colte<\/h6>       <\/div>\n\t\t\t\t\t\t\t<\/div>\n\t\t\t\t<\/div>\n\t\t\t<\/div><\/div>\t\n\t\t\t\t\t\t\t\t<\/div>\t\n\t\t\t\t\t\t\t\t\n\t\t\t\t\t\t\t\t<div class=\"swiper-pagination dica-paination-0\"><\/div>\t\t\t\t\t\t\n\t\t\t\t\t\t\t<\/div>\n\t\t\t\t<\/div>\n\t\t\t<\/div> Qu\u2019est-ce que c\u2019est ? Vari\u00e9t\u00e9 Rojo Brillante Le kaki en Espagne et dans le monde &nbsp;<\/p>\n","protected":false},"author":1,"featured_media":0,"parent":0,"menu_order":0,"comment_status":"closed","ping_status":"closed","template":"","meta":{"_acf_changed":false,"_et_pb_use_builder":"on","_et_pb_old_content":"","_et_gb_content_width":"","footnotes":""},"class_list":["post-2472","page","type-page","status-publish","hentry"],"acf":[],"yoast_head":"<!-- This site is optimized with the Yoast SEO plugin v27.1.1 - https:\/\/yoast.com\/product\/yoast-seo-wordpress\/ -->\n<title>Le kaki - DOP Kaki Ribera del X\u00faquer<\/title>\n<meta name=\"description\" content=\"Le kaki est un fruit sucr\u00e9 et charnu d\u2019origine asiatique qui arriva en Europe entre le 17\u00e8 et le 19\u00e8 si\u00e8cle, au d\u00e9part comme plante ornementale et cultiv\u00e9e pour son bois (plaqueminier), tr\u00e8s appr\u00e9ci\u00e9 en \u00e9b\u00e9nisterie.\" \/>\n<meta name=\"robots\" content=\"index, follow, max-snippet:-1, max-image-preview:large, max-video-preview:-1\" \/>\n<link rel=\"canonical\" href=\"https:\/\/persimon.eu\/fr\/le-kaki\/\" \/>\n<meta property=\"og:locale\" content=\"fr_FR\" \/>\n<meta property=\"og:type\" content=\"article\" \/>\n<meta property=\"og:title\" content=\"Le kaki - DOP Kaki Ribera del X\u00faquer\" \/>\n<meta property=\"og:description\" content=\"Le kaki est un fruit sucr\u00e9 et charnu d\u2019origine asiatique qui arriva en Europe entre le 17\u00e8 et le 19\u00e8 si\u00e8cle, au d\u00e9part comme plante ornementale et cultiv\u00e9e pour son bois (plaqueminier), tr\u00e8s appr\u00e9ci\u00e9 en \u00e9b\u00e9nisterie.\" \/>\n<meta property=\"og:site_name\" content=\"DOP Kaki Ribera del X\u00faquer\" \/>\n<meta property=\"article:publisher\" content=\"https:\/\/www.facebook.com\/kakipersimonDOP\/\" \/>\n<meta property=\"article:modified_time\" content=\"2020-11-02T08:22:21+00:00\" \/>\n<meta name=\"twitter:card\" content=\"summary_large_image\" \/>\n<meta name=\"twitter:label1\" content=\"Dur\u00e9e de lecture estim\u00e9e\" \/>\n\t<meta name=\"twitter:data1\" content=\"4 minutes\" \/>\n<script type=\"application\/ld+json\" class=\"yoast-schema-graph\">{\"@context\":\"https:\/\/schema.org\",\"@graph\":[{\"@type\":\"WebPage\",\"@id\":\"https:\/\/persimon.eu\/fr\/le-kaki\/\",\"url\":\"https:\/\/persimon.eu\/fr\/le-kaki\/\",\"name\":\"Le kaki - DOP Kaki Ribera del X\u00faquer\",\"isPartOf\":{\"@id\":\"https:\/\/persimon.eu\/fr\/#website\"},\"datePublished\":\"2020-10-29T14:44:04+00:00\",\"dateModified\":\"2020-11-02T08:22:21+00:00\",\"description\":\"Le kaki est un fruit sucr\u00e9 et charnu d\u2019origine asiatique qui arriva en Europe entre le 17\u00e8 et le 19\u00e8 si\u00e8cle, au d\u00e9part comme plante ornementale et cultiv\u00e9e pour son bois (plaqueminier), tr\u00e8s appr\u00e9ci\u00e9 en \u00e9b\u00e9nisterie.\",\"breadcrumb\":{\"@id\":\"https:\/\/persimon.eu\/fr\/le-kaki\/#breadcrumb\"},\"inLanguage\":\"fr-FR\",\"potentialAction\":[{\"@type\":\"ReadAction\",\"target\":[\"https:\/\/persimon.eu\/fr\/le-kaki\/\"]}]},{\"@type\":\"BreadcrumbList\",\"@id\":\"https:\/\/persimon.eu\/fr\/le-kaki\/#breadcrumb\",\"itemListElement\":[{\"@type\":\"ListItem\",\"position\":1,\"name\":\"Inicio\",\"item\":\"https:\/\/persimon.eu\/fr\/\"},{\"@type\":\"ListItem\",\"position\":2,\"name\":\"Le kaki\"}]},{\"@type\":\"WebSite\",\"@id\":\"https:\/\/persimon.eu\/fr\/#website\",\"url\":\"https:\/\/persimon.eu\/fr\/\",\"name\":\"DOP Kaki Ribera del X\u00faquer\",\"description\":\"En nuestra web descubrir\u00e1s todo lo que rodea a nuestros kakis con D.O.P. Ribera del X\u00faquer.\",\"publisher\":{\"@id\":\"https:\/\/persimon.eu\/fr\/#organization\"},\"potentialAction\":[{\"@type\":\"SearchAction\",\"target\":{\"@type\":\"EntryPoint\",\"urlTemplate\":\"https:\/\/persimon.eu\/fr\/?s={search_term_string}\"},\"query-input\":{\"@type\":\"PropertyValueSpecification\",\"valueRequired\":true,\"valueName\":\"search_term_string\"}}],\"inLanguage\":\"fr-FR\"},{\"@type\":\"Organization\",\"@id\":\"https:\/\/persimon.eu\/fr\/#organization\",\"name\":\"D.O.P Kaki Ribera del X\u00faquer\",\"url\":\"https:\/\/persimon.eu\/fr\/\",\"logo\":{\"@type\":\"ImageObject\",\"inLanguage\":\"fr-FR\",\"@id\":\"https:\/\/persimon.eu\/fr\/#\/schema\/logo\/image\/\",\"url\":\"https:\/\/persimon.eu\/wp-content\/uploads\/2019\/09\/logo-dop-kaki.png\",\"contentUrl\":\"https:\/\/persimon.eu\/wp-content\/uploads\/2019\/09\/logo-dop-kaki.png\",\"width\":227,\"height\":227,\"caption\":\"D.O.P Kaki Ribera del X\u00faquer\"},\"image\":{\"@id\":\"https:\/\/persimon.eu\/fr\/#\/schema\/logo\/image\/\"},\"sameAs\":[\"https:\/\/www.facebook.com\/kakipersimonDOP\/\",\"https:\/\/www.instagram.com\/kakipersimon_\/\",\"https:\/\/www.youtube.com\/channel\/UC7Jcl7rqySAcWf0V1axJ7Bg\"]}]}<\/script>\n<!-- \/ Yoast SEO plugin. -->","yoast_head_json":{"title":"Le kaki - DOP Kaki Ribera del X\u00faquer","description":"Le kaki est un fruit sucr\u00e9 et charnu d\u2019origine asiatique qui arriva en Europe entre le 17\u00e8 et le 19\u00e8 si\u00e8cle, au d\u00e9part comme plante ornementale et cultiv\u00e9e pour son bois (plaqueminier), tr\u00e8s appr\u00e9ci\u00e9 en \u00e9b\u00e9nisterie.","robots":{"index":"index","follow":"follow","max-snippet":"max-snippet:-1","max-image-preview":"max-image-preview:large","max-video-preview":"max-video-preview:-1"},"canonical":"https:\/\/persimon.eu\/fr\/le-kaki\/","og_locale":"fr_FR","og_type":"article","og_title":"Le kaki - DOP Kaki Ribera del X\u00faquer","og_description":"Le kaki est un fruit sucr\u00e9 et charnu d\u2019origine asiatique qui arriva en Europe entre le 17\u00e8 et le 19\u00e8 si\u00e8cle, au d\u00e9part comme plante ornementale et cultiv\u00e9e pour son bois (plaqueminier), tr\u00e8s appr\u00e9ci\u00e9 en \u00e9b\u00e9nisterie.","og_site_name":"DOP Kaki Ribera del X\u00faquer","article_publisher":"https:\/\/www.facebook.com\/kakipersimonDOP\/","article_modified_time":"2020-11-02T08:22:21+00:00","twitter_card":"summary_large_image","twitter_misc":{"Dur\u00e9e de lecture estim\u00e9e":"4 minutes"},"schema":{"@context":"https:\/\/schema.org","@graph":[{"@type":"WebPage","@id":"https:\/\/persimon.eu\/fr\/le-kaki\/","url":"https:\/\/persimon.eu\/fr\/le-kaki\/","name":"Le kaki - DOP Kaki Ribera del X\u00faquer","isPartOf":{"@id":"https:\/\/persimon.eu\/fr\/#website"},"datePublished":"2020-10-29T14:44:04+00:00","dateModified":"2020-11-02T08:22:21+00:00","description":"Le kaki est un fruit sucr\u00e9 et charnu d\u2019origine asiatique qui arriva en Europe entre le 17\u00e8 et le 19\u00e8 si\u00e8cle, au d\u00e9part comme plante ornementale et cultiv\u00e9e pour son bois (plaqueminier), tr\u00e8s appr\u00e9ci\u00e9 en \u00e9b\u00e9nisterie.","breadcrumb":{"@id":"https:\/\/persimon.eu\/fr\/le-kaki\/#breadcrumb"},"inLanguage":"fr-FR","potentialAction":[{"@type":"ReadAction","target":["https:\/\/persimon.eu\/fr\/le-kaki\/"]}]},{"@type":"BreadcrumbList","@id":"https:\/\/persimon.eu\/fr\/le-kaki\/#breadcrumb","itemListElement":[{"@type":"ListItem","position":1,"name":"Inicio","item":"https:\/\/persimon.eu\/fr\/"},{"@type":"ListItem","position":2,"name":"Le kaki"}]},{"@type":"WebSite","@id":"https:\/\/persimon.eu\/fr\/#website","url":"https:\/\/persimon.eu\/fr\/","name":"DOP Kaki Ribera del X\u00faquer","description":"En nuestra web descubrir\u00e1s todo lo que rodea a nuestros kakis con D.O.P. Ribera del X\u00faquer.","publisher":{"@id":"https:\/\/persimon.eu\/fr\/#organization"},"potentialAction":[{"@type":"SearchAction","target":{"@type":"EntryPoint","urlTemplate":"https:\/\/persimon.eu\/fr\/?s={search_term_string}"},"query-input":{"@type":"PropertyValueSpecification","valueRequired":true,"valueName":"search_term_string"}}],"inLanguage":"fr-FR"},{"@type":"Organization","@id":"https:\/\/persimon.eu\/fr\/#organization","name":"D.O.P Kaki Ribera del X\u00faquer","url":"https:\/\/persimon.eu\/fr\/","logo":{"@type":"ImageObject","inLanguage":"fr-FR","@id":"https:\/\/persimon.eu\/fr\/#\/schema\/logo\/image\/","url":"https:\/\/persimon.eu\/wp-content\/uploads\/2019\/09\/logo-dop-kaki.png","contentUrl":"https:\/\/persimon.eu\/wp-content\/uploads\/2019\/09\/logo-dop-kaki.png","width":227,"height":227,"caption":"D.O.P Kaki Ribera del X\u00faquer"},"image":{"@id":"https:\/\/persimon.eu\/fr\/#\/schema\/logo\/image\/"},"sameAs":["https:\/\/www.facebook.com\/kakipersimonDOP\/","https:\/\/www.instagram.com\/kakipersimon_\/","https:\/\/www.youtube.com\/channel\/UC7Jcl7rqySAcWf0V1axJ7Bg"]}]}},"_links":{"self":[{"href":"https:\/\/persimon.eu\/fr\/wp-json\/wp\/v2\/pages\/2472","targetHints":{"allow":["GET"]}}],"collection":[{"href":"https:\/\/persimon.eu\/fr\/wp-json\/wp\/v2\/pages"}],"about":[{"href":"https:\/\/persimon.eu\/fr\/wp-json\/wp\/v2\/types\/page"}],"author":[{"embeddable":true,"href":"https:\/\/persimon.eu\/fr\/wp-json\/wp\/v2\/users\/1"}],"replies":[{"embeddable":true,"href":"https:\/\/persimon.eu\/fr\/wp-json\/wp\/v2\/comments?post=2472"}],"version-history":[{"count":7,"href":"https:\/\/persimon.eu\/fr\/wp-json\/wp\/v2\/pages\/2472\/revisions"}],"predecessor-version":[{"id":2639,"href":"https:\/\/persimon.eu\/fr\/wp-json\/wp\/v2\/pages\/2472\/revisions\/2639"}],"wp:attachment":[{"href":"https:\/\/persimon.eu\/fr\/wp-json\/wp\/v2\/media?parent=2472"}],"curies":[{"name":"wp","href":"https:\/\/api.w.org\/{rel}","templated":true}]}}