{"id":2475,"date":"2020-10-29T14:56:29","date_gmt":"2020-10-29T14:56:29","guid":{"rendered":"https:\/\/persimon.eu\/le-kaki\/variete-rojo-brillante\/"},"modified":"2020-10-29T15:01:09","modified_gmt":"2020-10-29T15:01:09","slug":"variete-rojo-brillante","status":"publish","type":"page","link":"https:\/\/persimon.eu\/fr\/le-kaki\/variete-rojo-brillante\/","title":{"rendered":"Vari\u00e9t\u00e9 Rojo Brillante"},"content":{"rendered":"<p>[et_pb_section fb_built=\u00a0\u00bb1&Prime; admin_label=\u00a0\u00bbCONTENIDO\u00a0\u00bb module_id=\u00a0\u00bbrojo-brillante\u00a0\u00bb _builder_version=\u00a0\u00bb4.0.6&Prime; background_color=\u00a0\u00bbrgba(0,0,0,0)\u00a0\u00bb background_image=\u00a0\u00bbhttps:\/\/persimon.eu\/wp-content\/uploads\/2019\/11\/rojo-brillante-scaled.png\u00a0\u00bb background_size=\u00a0\u00bbcontain\u00a0\u00bb custom_margin=\u00a0\u00bb||||false|false\u00a0\u00bb hover_enabled=\u00a0\u00bb0&Prime; custom_css_main_element=\u00a0\u00bbz-index: 10;||min-height: 100vh;||display: flex;||flex-direction: column;||width: 100%;\u00a0\u00bb][et_pb_row make_equal=\u00a0\u00bbon\u00a0\u00bb disabled_on=\u00a0\u00bboff|off|off\u00a0\u00bb admin_label=\u00a0\u00bbROW BREADCRUMBS\u00a0\u00bb _builder_version=\u00a0\u00bb3.29.3&Prime; max_width=\u00a0\u00bb2560px\u00a0\u00bb custom_margin=\u00a0\u00bb0px||0px||false|false\u00a0\u00bb custom_padding=\u00a0\u00bb0px||0px||false|false\u00a0\u00bb][et_pb_column type=\u00a0\u00bb4_4&Prime; _builder_version=\u00a0\u00bb3.29.3&Prime; hover_enabled=\u00a0\u00bb0&Prime;][et_pb_divider divider_style=\u00a0\u00bbnone\u00a0\u00bb admin_label=\u00a0\u00bbseparadorTitular\u00a0\u00bb module_class=\u00a0\u00bbseparadorTitular\u00a0\u00bb _builder_version=\u00a0\u00bb3.29.3&Prime; custom_margin=\u00a0\u00bb0px||0px||false|false\u00a0\u00bb][\/et_pb_divider][et_pb_code disabled_on=\u00a0\u00bbon|on|off\u00a0\u00bb admin_label=\u00a0\u00bbBreadcrumbs\u00a0\u00bb _builder_version=\u00a0\u00bb3.29.3&Prime; custom_margin=\u00a0\u00bb0px||0px||true|false\u00a0\u00bb]<p id=\"breadcrumbs\"><span><span><a href=\"https:\/\/persimon.eu\/fr\/\">Inicio<\/a><\/span><\/span><\/p>[\/et_pb_code][et_pb_divider divider_style=\u00a0\u00bbnone\u00a0\u00bb disabled_on=\u00a0\u00bbon|on|off\u00a0\u00bb _builder_version=\u00a0\u00bb3.29.3&Prime; height=\u00a0\u00bb40px\u00a0\u00bb custom_margin=\u00a0\u00bb0px||0px||false|false\u00a0\u00bb][\/et_pb_divider][\/et_pb_column][\/et_pb_row][et_pb_row column_structure=\u00a0\u00bb2_5,3_5&Prime; make_equal=\u00a0\u00bbon\u00a0\u00bb _builder_version=\u00a0\u00bb3.29.3&Prime; background_enable_image=\u00a0\u00bboff\u00a0\u00bb max_width=\u00a0\u00bb2560px\u00a0\u00bb custom_margin=\u00a0\u00bb0px||0px||false|false\u00a0\u00bb custom_padding=\u00a0\u00bb0px||0px||false|false\u00a0\u00bb hover_enabled=\u00a0\u00bb0&Prime;][et_pb_column type=\u00a0\u00bb2_5&Prime; _builder_version=\u00a0\u00bb3.29.3&Prime;][et_pb_text admin_label=\u00a0\u00bbH1&Prime; module_class=\u00a0\u00bbkaki-titular\u00a0\u00bb _builder_version=\u00a0\u00bb3.29.3&Prime; header_font_size=\u00a0\u00bb60px\u00a0\u00bb custom_margin=\u00a0\u00bb||0px||false|false\u00a0\u00bb custom_padding=\u00a0\u00bb|50px||50px|false|true\u00a0\u00bb]<\/p>\n<h1>Vari\u00e9t\u00e9 Rojo Brillante<\/h1>\n<p>[\/et_pb_text][et_pb_text module_class=\u00a0\u00bbbloqueTexto80&Prime; _builder_version=\u00a0\u00bb3.29.3&Prime; custom_margin=\u00a0\u00bb0px||||false|false\u00a0\u00bb custom_padding=\u00a0\u00bb40px|50px|40px|50px|true|true\u00a0\u00bb]<\/p>\n<h2>Croquante et pr\u00eate \u00e0 consommer<\/h2>\n<p>Le kaki Rojo Brillante est une vari\u00e9t\u00e9 locale qui est survenue naturellement, par mutation spontan\u00e9e au milieu des ann\u00e9es 50, d\u2019une autre vari\u00e9t\u00e9 locale appel\u00e9e \u00ab Cristalino \u00bb, qui se cultivait \u00e9galement dans le comt\u00e9 de la Ribera Alta.<\/p>\n<p>A la fin des ann\u00e9es 90, on commen\u00e7a \u00e0 employer des techniques naturelles pour \u00e9liminer l\u2019astringence et obtenir une nouvelle forme de consommation que l\u2019on conna\u00eet du nom commercial de \u00ab Persimon\u00ae \u00bb, marque d\u00e9pos\u00e9e d\u2019Appellation d\u2019origine afin que le consommateur connaisse cette nouvelle forme de consommation. Cela a permis l\u2019expansion des cultures et sa commercialisation, offrant au consommateur un moyen de d\u00e9guster un kaki unique \u00e0 longue vie commerciale et au go\u00fbt in\u00e9galable.<\/p>\n<p>[\/et_pb_text][\/et_pb_column][et_pb_column type=\u00a0\u00bb3_5&Prime; _builder_version=\u00a0\u00bb3.29.3&Prime; background_enable_image=\u00a0\u00bboff\u00a0\u00bb][et_pb_divider divider_style=\u00a0\u00bbnone\u00a0\u00bb _builder_version=\u00a0\u00bb3.29.3&Prime; height=\u00a0\u00bb1px\u00a0\u00bb max_height=\u00a0\u00bb1000px\u00a0\u00bb custom_margin=\u00a0\u00bb0px||0px||false|false\u00a0\u00bb][\/et_pb_divider][et_pb_text admin_label=\u00a0\u00bbsobre la variedad\u00a0\u00bb module_class=\u00a0\u00bbrojo_brillante\u00a0\u00bb _builder_version=\u00a0\u00bb3.29.3&Prime; custom_margin=\u00a0\u00bb||||false|false\u00a0\u00bb custom_margin_last_edited=\u00a0\u00bboff|desktop\u00a0\u00bb custom_padding=\u00a0\u00bb||||true|false\u00a0\u00bb]<\/p>\n<p><strong>Nom de la vari\u00e9t\u00e9<\/strong>: Rojo Brillante<\/p>\n<p><strong> Origine<\/strong>: Ribera Alta (R\u00e9gion de Valence<\/p>\n<p><strong>Forme<\/strong>: Oblongue et de grand calibre<\/p>\n<p>Disponibilit\u00e9: D\u2019octobre \u00e0 janvier<\/p>\n<p><strong>Pulpe<\/strong>: Croquante, ferme et orang\u00e9e, une fois l\u2019astringence supprim\u00e9e (commercialisation sous la marque Persimon\u00ae). De couleur rouge et de texture g\u00e9latineuse si l\u2019astringence n\u2019a pas \u00e9t\u00e9 supprim\u00e9e.<\/p>\n<p><strong>Go\u00fbt<\/strong>: D\u00e9licieusement sucr\u00e9 et juteux<\/p>\n<p>[\/et_pb_text][\/et_pb_column][\/et_pb_row][et_pb_row module_class=\u00a0\u00bbds-vertical-align-end\u00a0\u00bb _builder_version=\u00a0\u00bb3.29.3&Prime; custom_margin=\u00a0\u00bb50px||||false|false\u00a0\u00bb][et_pb_column type=\u00a0\u00bb4_4&Prime; module_class=\u00a0\u00bbds-vertical-align-end\u00a0\u00bb _builder_version=\u00a0\u00bb3.29.3&Prime; hover_enabled=\u00a0\u00bb0&Prime;][et_pb_text admin_label=\u00a0\u00bbver otras variedades\u00a0\u00bb _builder_version=\u00a0\u00bb3.29.3&Prime; text_orientation=\u00a0\u00bbcenter\u00a0\u00bb custom_margin=\u00a0\u00bb||||false|false\u00a0\u00bb custom_padding=\u00a0\u00bb||||false|false\u00a0\u00bb]<\/p>\n<p style=\"text-align: center;\"><a href=\"#otras-variedades\">D\u00e9couvrez d&rsquo;autres vari\u00e9t\u00e9s<\/a><\/p>\n<p><a href=\"#otras-variedades\"><img loading=\"lazy\" decoding=\"async\" src=\"https:\/\/persimon.eu\/wp-content\/uploads\/2019\/10\/arrow-down.png\" width=\"50\" height=\"28\" alt=\"\" class=\"wp-image-2478 alignnone size-full\" style=\"display: block; margin-left: auto; margin-right: auto;\" \/><\/a><\/p>\n<p>[\/et_pb_text][\/et_pb_column][\/et_pb_row][\/et_pb_section][et_pb_section fb_built=\u00a0\u00bb1&Prime; admin_label=\u00a0\u00bbOTRAS VARIEDADES\u00a0\u00bb module_id=\u00a0\u00bbotras-variedades\u00a0\u00bb _builder_version=\u00a0\u00bb3.29.3&Prime; background_color=\u00a0\u00bbrgba(0,0,0,0)\u00a0\u00bb background_enable_image=\u00a0\u00bboff\u00a0\u00bb background_size=\u00a0\u00bbcontain\u00a0\u00bb custom_margin=\u00a0\u00bb||||false|false\u00a0\u00bb custom_css_main_element=\u00a0\u00bbz-index: 10;||min-height: 100vh;||display: flex;||flex-direction: column;||width: 100%;\u00a0\u00bb][et_pb_row column_structure=\u00a0\u00bb2_5,3_5&Prime; make_equal=\u00a0\u00bbon\u00a0\u00bb _builder_version=\u00a0\u00bb3.29.3&Prime; background_enable_image=\u00a0\u00bboff\u00a0\u00bb max_width=\u00a0\u00bb2560px\u00a0\u00bb custom_margin=\u00a0\u00bb0px||0px||false|false\u00a0\u00bb custom_padding=\u00a0\u00bb0px||0px||false|false\u00a0\u00bb][et_pb_column type=\u00a0\u00bb2_5&Prime; _builder_version=\u00a0\u00bb3.29.3&Prime;][et_pb_text module_class=\u00a0\u00bbkaki-titular\u00a0\u00bb _builder_version=\u00a0\u00bb3.29.3&Prime; header_font_size=\u00a0\u00bb60px\u00a0\u00bb custom_margin=\u00a0\u00bb||0px||false|false\u00a0\u00bb custom_padding=\u00a0\u00bb|50px||50px|false|true\u00a0\u00bb]<\/p>\n<h2>Autres vari\u00e9t\u00e9s<\/h2>\n<p>[\/et_pb_text][et_pb_text module_class=\u00a0\u00bbbloqueTexto80&Prime; _builder_version=\u00a0\u00bb3.29.3&Prime; custom_margin=\u00a0\u00bb0px||||false|false\u00a0\u00bb custom_padding=\u00a0\u00bb40px|50px|40px|50px|true|true\u00a0\u00bb]<\/p>\n<p>Bien que dans la communaut\u00e9 scientifique il existe une autre fa\u00e7on de classifier les vari\u00e9t\u00e9s de kaki, pour simplifier nous les s\u00e9parerons en VARIETES ASTRINGENTES et NON ASTRINGENTES au moment de leur consommation.<\/p>\n<p>Et pour ce faire il est d\u2019abord important de savoir ce qu\u2019est l\u2019astringence:<\/p>\n<p>Il s\u2019agit d\u2019une sensation de d\u00e9shydratation et de contraction de la langue, provoquant un effet tr\u00e8s d\u00e9sagr\u00e9able de s\u00e9cheresse et d\u2019amertume.<\/p>\n<p>Elle est caus\u00e9e par la pr\u00e9sence de tanins dans certaines vari\u00e9t\u00e9s de kaki. L\u2019interaction des tanins avec les prot\u00e9ines sur la superficie de la langue provoque l\u2019effet d\u2019astringence.<\/p>\n<p>Les vari\u00e9t\u00e9s de kaki astringentes pr\u00e9sentent une quantit\u00e9 \u00e9lev\u00e9e de tanins, mais avec le blettissement ils deviennent insolubles et ne se per\u00e7oivent pas lorsqu\u2019on les mange.  Cependant si l\u2019on consomme ces m\u00eames vari\u00e9t\u00e9s lorsqu\u2019elles ne sont pas blettes, les tanins pr\u00e9sents dans le fruit provoquent cet effet d\u00e9sagr\u00e9able, qui ne dure que quelques minutes seulement.<\/p>\n<p>[\/et_pb_text][\/et_pb_column][et_pb_column type=\u00a0\u00bb3_5&Prime; module_class=\u00a0\u00bbds-vertical-align\u00a0\u00bb _builder_version=\u00a0\u00bb3.29.3&Prime; background_enable_image=\u00a0\u00bboff\u00a0\u00bb][et_pb_divider divider_style=\u00a0\u00bbnone\u00a0\u00bb _builder_version=\u00a0\u00bb3.29.3&Prime; height=\u00a0\u00bb1px\u00a0\u00bb max_height=\u00a0\u00bb1000px\u00a0\u00bb custom_margin=\u00a0\u00bb0px||0px||false|false\u00a0\u00bb][\/et_pb_divider][dica_divi_carousel show_items_desktop=\u00a0\u00bb1&Prime; show_items_tablet=\u00a0\u00bb1&Prime; centermode=\u00a0\u00bbon\u00a0\u00bb arrow_nav=\u00a0\u00bbon\u00a0\u00bb dot_nav=\u00a0\u00bbon\u00a0\u00bb equal_height=\u00a0\u00bbon\u00a0\u00bb advanced_effect=\u00a0\u00bb1&Prime; arrow_nav_color=\u00a0\u00bb#666666&Prime; arrow_bg_color=\u00a0\u00bbrgba(0,0,0,0)\u00a0\u00bb dots_color=\u00a0\u00bbrgba(102,102,102,0.7)\u00a0\u00bb dots_active_color=\u00a0\u00bb#666666&Prime; align=\u00a0\u00bbcenter\u00a0\u00bb image_sizing=\u00a0\u00bb90%\u00a0\u00bb arrow_show_hover=\u00a0\u00bbon\u00a0\u00bb admin_label=\u00a0\u00bbVariedades\u00a0\u00bb _builder_version=\u00a0\u00bb3.29.3&Prime; background_color=\u00a0\u00bbrgba(0,0,0,0)\u00a0\u00bb max_width=\u00a0\u00bb450px\u00a0\u00bb max_width_tablet=\u00a0\u00bb450px\u00a0\u00bb max_width_phone=\u00a0\u00bb100%\u00a0\u00bb max_width_last_edited=\u00a0\u00bbon|phone\u00a0\u00bb module_alignment=\u00a0\u00bbcenter\u00a0\u00bb custom_margin=\u00a0\u00bb40px||40px||true|false\u00a0\u00bb][dica_divi_carouselitem title=\u00a0\u00bbKakis Astringentes\u00a0\u00bb button_url_new_window=\u00a0\u00bb1&Prime; image=\u00a0\u00bbhttps:\/\/persimon.eu\/wp-content\/uploads\/2019\/10\/kaki-astringente-1.png\u00a0\u00bb image_padding=\u00a0\u00bb||20px||false|false\u00a0\u00bb _builder_version=\u00a0\u00bb3.29.3&Prime;][\/dica_divi_carouselitem][dica_divi_carouselitem title=\u00a0\u00bbKakis Non Astringentes\u00a0\u00bb button_url_new_window=\u00a0\u00bb1&Prime; image=\u00a0\u00bbhttps:\/\/persimon.eu\/wp-content\/uploads\/2019\/10\/kaki-no-astringente-1.png\u00a0\u00bb image_padding=\u00a0\u00bb||20px||false|false\u00a0\u00bb _builder_version=\u00a0\u00bb3.29.3&Prime;][\/dica_divi_carouselitem][\/dica_divi_carousel][\/et_pb_column][\/et_pb_row][et_pb_row column_structure=\u00a0\u00bb2_3,1_3&Prime; _builder_version=\u00a0\u00bb3.29.3&Prime; max_width=\u00a0\u00bb2560px\u00a0\u00bb custom_margin=\u00a0\u00bb0px||0px||false|false\u00a0\u00bb custom_padding=\u00a0\u00bb0px||0px||false|false\u00a0\u00bb][et_pb_column type=\u00a0\u00bb2_3&Prime; _builder_version=\u00a0\u00bb3.29.3&Prime;][et_pb_text admin_label=\u00a0\u00bbSubMenu-el-kaki\u00a0\u00bb module_class=\u00a0\u00bbsubmenu\u00a0\u00bb _builder_version=\u00a0\u00bb3.29.3&Prime; custom_margin=\u00a0\u00bb||||false|false\u00a0\u00bb custom_padding=\u00a0\u00bb40px|50px|40px|50px|false|false\u00a0\u00bb]<\/p>\n<ul>\n<li><a href=\"https:\/\/persimon.eu\/fr\/le-kaki\/\" title=\"Qu\u2019est-ce que c\u2019est ?\">Qu\u2019est-ce que c\u2019est ?<\/a><\/li>\n<li class=\"active\"><a href=\"https:\/\/persimon.eu\/fr\/le-kaki\/variete-rojo-brillante\/\" title=\"Vari\u00e9t\u00e9 Rojo Brillante\">Vari\u00e9t\u00e9 Rojo Brillante<\/a><\/li>\n<li><a href=\"https:\/\/persimon.eu\/fr\/le-kaki\/le-kaki-en-espagne-et-dans-le-monde\/\" title=\"Le kaki en Espagne et dans le monde\">Le kaki en Espagne et dans le monde<\/a><\/li>\n<\/ul>\n<p>&nbsp;[\/et_pb_text][\/et_pb_column][et_pb_column type=\u00a0\u00bb1_3&Prime; _builder_version=\u00a0\u00bb3.29.3&Prime; background_enable_image=\u00a0\u00bboff\u00a0\u00bb][et_pb_divider divider_style=\u00a0\u00bbnone\u00a0\u00bb _builder_version=\u00a0\u00bb3.29.3&Prime; height=\u00a0\u00bb1px\u00a0\u00bb max_height=\u00a0\u00bb1000px\u00a0\u00bb custom_margin=\u00a0\u00bb0px||0px||false|false\u00a0\u00bb][\/et_pb_divider][\/et_pb_column][\/et_pb_row][et_pb_row column_structure=\u00a0\u00bb1_3,1_3,1_3&Prime; _builder_version=\u00a0\u00bb3.29.3&Prime;][et_pb_column type=\u00a0\u00bb1_3&Prime; _builder_version=\u00a0\u00bb3.29.3&Prime;][\/et_pb_column][et_pb_column type=\u00a0\u00bb1_3&Prime; _builder_version=\u00a0\u00bb3.29.3&Prime;][et_pb_text _builder_version=\u00a0\u00bb3.29.3&Prime; text_orientation=\u00a0\u00bbcenter\u00a0\u00bb custom_margin=\u00a0\u00bb0px||0px||false|false\u00a0\u00bb custom_padding=\u00a0\u00bb0px||0px||false|false\u00a0\u00bb]<a href=\"#rojo-brillante\"><img loading=\"lazy\" decoding=\"async\" src=\"https:\/\/persimon.eu\/wp-content\/uploads\/2019\/10\/arrow-up.png\" width=\"50\" height=\"28\" alt=\"\" class=\"wp-image-2478 alignnone size-full\" style=\"display: block; margin-left: auto; margin-right: auto;\" \/><\/a>[\/et_pb_text][\/et_pb_column][et_pb_column type=\u00a0\u00bb1_3&Prime; _builder_version=\u00a0\u00bb3.29.3&Prime;][\/et_pb_column][\/et_pb_row][\/et_pb_section]<\/p>\n","protected":false},"excerpt":{"rendered":"<p><p id=\"breadcrumbs\"><span><span><a href=\"https:\/\/persimon.eu\/fr\/\">Inicio<\/a><\/span><\/span><\/p>Vari\u00e9t\u00e9 Rojo BrillanteCroquante et pr\u00eate \u00e0 consommer Le kaki Rojo Brillante est une vari\u00e9t\u00e9 locale qui est survenue naturellement, par mutation spontan\u00e9e au milieu des ann\u00e9es 50, d\u2019une autre vari\u00e9t\u00e9 locale appel\u00e9e \u00ab Cristalino \u00bb, qui se cultivait \u00e9galement dans le comt\u00e9 de la Ribera Alta. A la fin des ann\u00e9es 90, on commen\u00e7a \u00e0 employer des techniques naturelles pour \u00e9liminer l\u2019astringence et obtenir une nouvelle forme de consommation que l\u2019on conna\u00eet du nom commercial de \u00ab Persimon\u00ae \u00bb, marque d\u00e9pos\u00e9e d\u2019Appellation d\u2019origine afin que le consommateur connaisse cette nouvelle forme de consommation. Cela a permis l\u2019expansion des cultures et sa commercialisation, offrant au consommateur un moyen de d\u00e9guster un kaki unique \u00e0 longue vie commerciale et au go\u00fbt in\u00e9galable.Nom de la vari\u00e9t\u00e9: Rojo Brillante Origine: Ribera Alta (R\u00e9gion de Valence Forme: Oblongue et de grand calibre Disponibilit\u00e9: D\u2019octobre \u00e0 janvier Pulpe: Croquante, ferme et orang\u00e9e, une fois l\u2019astringence supprim\u00e9e (commercialisation sous la marque Persimon\u00ae). De couleur rouge et de texture g\u00e9latineuse si l\u2019astringence n\u2019a pas \u00e9t\u00e9 supprim\u00e9e. Go\u00fbt: D\u00e9licieusement sucr\u00e9 et juteuxD\u00e9couvrez d&rsquo;autres vari\u00e9t\u00e9s Autres vari\u00e9t\u00e9sBien que dans la communaut\u00e9 scientifique il existe une autre fa\u00e7on de classifier les vari\u00e9t\u00e9s de kaki, pour simplifier nous les s\u00e9parerons en VARIETES [&hellip;]<\/p>\n","protected":false},"author":1,"featured_media":0,"parent":2472,"menu_order":0,"comment_status":"closed","ping_status":"closed","template":"","meta":{"_acf_changed":false,"_et_pb_use_builder":"on","_et_pb_old_content":"","_et_gb_content_width":"","footnotes":""},"class_list":["post-2475","page","type-page","status-publish","hentry"],"acf":[],"yoast_head":"<!-- This site is optimized with the Yoast SEO plugin v27.1.1 - https:\/\/yoast.com\/product\/yoast-seo-wordpress\/ -->\n<title>Vari\u00e9t\u00e9 Rojo Brillante - DOP Kaki Ribera del X\u00faquer<\/title>\n<meta name=\"description\" content=\"Le kaki Rojo Brillante est une vari\u00e9t\u00e9 locale qui est survenue naturellement, par mutation spontan\u00e9e au milieu des ann\u00e9es 50\" \/>\n<meta name=\"robots\" content=\"index, follow, max-snippet:-1, max-image-preview:large, max-video-preview:-1\" \/>\n<link rel=\"canonical\" href=\"https:\/\/persimon.eu\/fr\/le-kaki\/variete-rojo-brillante\/\" \/>\n<meta property=\"og:locale\" content=\"fr_FR\" \/>\n<meta property=\"og:type\" content=\"article\" \/>\n<meta property=\"og:title\" content=\"Vari\u00e9t\u00e9 Rojo Brillante - DOP Kaki Ribera del X\u00faquer\" \/>\n<meta property=\"og:description\" content=\"Le kaki Rojo Brillante est une vari\u00e9t\u00e9 locale qui est survenue naturellement, par mutation spontan\u00e9e au milieu des ann\u00e9es 50\" \/>\n<meta property=\"og:site_name\" content=\"DOP Kaki Ribera del X\u00faquer\" \/>\n<meta property=\"article:publisher\" content=\"https:\/\/www.facebook.com\/kakipersimonDOP\/\" \/>\n<meta property=\"article:modified_time\" content=\"2020-10-29T15:01:09+00:00\" \/>\n<meta property=\"og:image\" content=\"https:\/\/persimon.eu\/wp-content\/uploads\/2019\/10\/arrow-down.png\" \/>\n<meta name=\"twitter:card\" content=\"summary_large_image\" \/>\n<meta name=\"twitter:label1\" content=\"Dur\u00e9e de lecture estim\u00e9e\" \/>\n\t<meta name=\"twitter:data1\" content=\"6 minutes\" \/>\n<script type=\"application\/ld+json\" class=\"yoast-schema-graph\">{\"@context\":\"https:\/\/schema.org\",\"@graph\":[{\"@type\":\"WebPage\",\"@id\":\"https:\/\/persimon.eu\/fr\/le-kaki\/variete-rojo-brillante\/\",\"url\":\"https:\/\/persimon.eu\/fr\/le-kaki\/variete-rojo-brillante\/\",\"name\":\"Vari\u00e9t\u00e9 Rojo Brillante - DOP Kaki Ribera del X\u00faquer\",\"isPartOf\":{\"@id\":\"https:\/\/persimon.eu\/fr\/#website\"},\"primaryImageOfPage\":{\"@id\":\"https:\/\/persimon.eu\/fr\/le-kaki\/variete-rojo-brillante\/#primaryimage\"},\"image\":{\"@id\":\"https:\/\/persimon.eu\/fr\/le-kaki\/variete-rojo-brillante\/#primaryimage\"},\"thumbnailUrl\":\"https:\/\/persimon.eu\/wp-content\/uploads\/2019\/10\/arrow-down.png\",\"datePublished\":\"2020-10-29T14:56:29+00:00\",\"dateModified\":\"2020-10-29T15:01:09+00:00\",\"description\":\"Le kaki Rojo Brillante est une vari\u00e9t\u00e9 locale qui est survenue naturellement, par mutation spontan\u00e9e au milieu des ann\u00e9es 50\",\"breadcrumb\":{\"@id\":\"https:\/\/persimon.eu\/fr\/le-kaki\/variete-rojo-brillante\/#breadcrumb\"},\"inLanguage\":\"fr-FR\",\"potentialAction\":[{\"@type\":\"ReadAction\",\"target\":[\"https:\/\/persimon.eu\/fr\/le-kaki\/variete-rojo-brillante\/\"]}]},{\"@type\":\"ImageObject\",\"inLanguage\":\"fr-FR\",\"@id\":\"https:\/\/persimon.eu\/fr\/le-kaki\/variete-rojo-brillante\/#primaryimage\",\"url\":\"https:\/\/persimon.eu\/wp-content\/uploads\/2019\/10\/arrow-down.png\",\"contentUrl\":\"https:\/\/persimon.eu\/wp-content\/uploads\/2019\/10\/arrow-down.png\"},{\"@type\":\"BreadcrumbList\",\"@id\":\"https:\/\/persimon.eu\/fr\/le-kaki\/variete-rojo-brillante\/#breadcrumb\",\"itemListElement\":[{\"@type\":\"ListItem\",\"position\":1,\"name\":\"Inicio\",\"item\":\"https:\/\/persimon.eu\/fr\/\"},{\"@type\":\"ListItem\",\"position\":2,\"name\":\"Le kaki\",\"item\":\"https:\/\/persimon.eu\/fr\/le-kaki\/\"},{\"@type\":\"ListItem\",\"position\":3,\"name\":\"Vari\u00e9t\u00e9 Rojo Brillante\"}]},{\"@type\":\"WebSite\",\"@id\":\"https:\/\/persimon.eu\/fr\/#website\",\"url\":\"https:\/\/persimon.eu\/fr\/\",\"name\":\"DOP Kaki Ribera del X\u00faquer\",\"description\":\"En nuestra web descubrir\u00e1s todo lo que rodea a nuestros kakis con D.O.P. Ribera del X\u00faquer.\",\"publisher\":{\"@id\":\"https:\/\/persimon.eu\/fr\/#organization\"},\"potentialAction\":[{\"@type\":\"SearchAction\",\"target\":{\"@type\":\"EntryPoint\",\"urlTemplate\":\"https:\/\/persimon.eu\/fr\/?s={search_term_string}\"},\"query-input\":{\"@type\":\"PropertyValueSpecification\",\"valueRequired\":true,\"valueName\":\"search_term_string\"}}],\"inLanguage\":\"fr-FR\"},{\"@type\":\"Organization\",\"@id\":\"https:\/\/persimon.eu\/fr\/#organization\",\"name\":\"D.O.P Kaki Ribera del X\u00faquer\",\"url\":\"https:\/\/persimon.eu\/fr\/\",\"logo\":{\"@type\":\"ImageObject\",\"inLanguage\":\"fr-FR\",\"@id\":\"https:\/\/persimon.eu\/fr\/#\/schema\/logo\/image\/\",\"url\":\"https:\/\/persimon.eu\/wp-content\/uploads\/2019\/09\/logo-dop-kaki.png\",\"contentUrl\":\"https:\/\/persimon.eu\/wp-content\/uploads\/2019\/09\/logo-dop-kaki.png\",\"width\":227,\"height\":227,\"caption\":\"D.O.P Kaki Ribera del X\u00faquer\"},\"image\":{\"@id\":\"https:\/\/persimon.eu\/fr\/#\/schema\/logo\/image\/\"},\"sameAs\":[\"https:\/\/www.facebook.com\/kakipersimonDOP\/\",\"https:\/\/www.instagram.com\/kakipersimon_\/\",\"https:\/\/www.youtube.com\/channel\/UC7Jcl7rqySAcWf0V1axJ7Bg\"]}]}<\/script>\n<!-- \/ Yoast SEO plugin. -->","yoast_head_json":{"title":"Vari\u00e9t\u00e9 Rojo Brillante - DOP Kaki Ribera del X\u00faquer","description":"Le kaki Rojo Brillante est une vari\u00e9t\u00e9 locale qui est survenue naturellement, par mutation spontan\u00e9e au milieu des ann\u00e9es 50","robots":{"index":"index","follow":"follow","max-snippet":"max-snippet:-1","max-image-preview":"max-image-preview:large","max-video-preview":"max-video-preview:-1"},"canonical":"https:\/\/persimon.eu\/fr\/le-kaki\/variete-rojo-brillante\/","og_locale":"fr_FR","og_type":"article","og_title":"Vari\u00e9t\u00e9 Rojo Brillante - DOP Kaki Ribera del X\u00faquer","og_description":"Le kaki Rojo Brillante est une vari\u00e9t\u00e9 locale qui est survenue naturellement, par mutation spontan\u00e9e au milieu des ann\u00e9es 50","og_site_name":"DOP Kaki Ribera del X\u00faquer","article_publisher":"https:\/\/www.facebook.com\/kakipersimonDOP\/","article_modified_time":"2020-10-29T15:01:09+00:00","og_image":[{"url":"https:\/\/persimon.eu\/wp-content\/uploads\/2019\/10\/arrow-down.png","type":"","width":"","height":""}],"twitter_card":"summary_large_image","twitter_misc":{"Dur\u00e9e de lecture estim\u00e9e":"6 minutes"},"schema":{"@context":"https:\/\/schema.org","@graph":[{"@type":"WebPage","@id":"https:\/\/persimon.eu\/fr\/le-kaki\/variete-rojo-brillante\/","url":"https:\/\/persimon.eu\/fr\/le-kaki\/variete-rojo-brillante\/","name":"Vari\u00e9t\u00e9 Rojo Brillante - DOP Kaki Ribera del X\u00faquer","isPartOf":{"@id":"https:\/\/persimon.eu\/fr\/#website"},"primaryImageOfPage":{"@id":"https:\/\/persimon.eu\/fr\/le-kaki\/variete-rojo-brillante\/#primaryimage"},"image":{"@id":"https:\/\/persimon.eu\/fr\/le-kaki\/variete-rojo-brillante\/#primaryimage"},"thumbnailUrl":"https:\/\/persimon.eu\/wp-content\/uploads\/2019\/10\/arrow-down.png","datePublished":"2020-10-29T14:56:29+00:00","dateModified":"2020-10-29T15:01:09+00:00","description":"Le kaki Rojo Brillante est une vari\u00e9t\u00e9 locale qui est survenue naturellement, par mutation spontan\u00e9e au milieu des ann\u00e9es 50","breadcrumb":{"@id":"https:\/\/persimon.eu\/fr\/le-kaki\/variete-rojo-brillante\/#breadcrumb"},"inLanguage":"fr-FR","potentialAction":[{"@type":"ReadAction","target":["https:\/\/persimon.eu\/fr\/le-kaki\/variete-rojo-brillante\/"]}]},{"@type":"ImageObject","inLanguage":"fr-FR","@id":"https:\/\/persimon.eu\/fr\/le-kaki\/variete-rojo-brillante\/#primaryimage","url":"https:\/\/persimon.eu\/wp-content\/uploads\/2019\/10\/arrow-down.png","contentUrl":"https:\/\/persimon.eu\/wp-content\/uploads\/2019\/10\/arrow-down.png"},{"@type":"BreadcrumbList","@id":"https:\/\/persimon.eu\/fr\/le-kaki\/variete-rojo-brillante\/#breadcrumb","itemListElement":[{"@type":"ListItem","position":1,"name":"Inicio","item":"https:\/\/persimon.eu\/fr\/"},{"@type":"ListItem","position":2,"name":"Le kaki","item":"https:\/\/persimon.eu\/fr\/le-kaki\/"},{"@type":"ListItem","position":3,"name":"Vari\u00e9t\u00e9 Rojo Brillante"}]},{"@type":"WebSite","@id":"https:\/\/persimon.eu\/fr\/#website","url":"https:\/\/persimon.eu\/fr\/","name":"DOP Kaki Ribera del X\u00faquer","description":"En nuestra web descubrir\u00e1s todo lo que rodea a nuestros kakis con D.O.P. Ribera del X\u00faquer.","publisher":{"@id":"https:\/\/persimon.eu\/fr\/#organization"},"potentialAction":[{"@type":"SearchAction","target":{"@type":"EntryPoint","urlTemplate":"https:\/\/persimon.eu\/fr\/?s={search_term_string}"},"query-input":{"@type":"PropertyValueSpecification","valueRequired":true,"valueName":"search_term_string"}}],"inLanguage":"fr-FR"},{"@type":"Organization","@id":"https:\/\/persimon.eu\/fr\/#organization","name":"D.O.P Kaki Ribera del X\u00faquer","url":"https:\/\/persimon.eu\/fr\/","logo":{"@type":"ImageObject","inLanguage":"fr-FR","@id":"https:\/\/persimon.eu\/fr\/#\/schema\/logo\/image\/","url":"https:\/\/persimon.eu\/wp-content\/uploads\/2019\/09\/logo-dop-kaki.png","contentUrl":"https:\/\/persimon.eu\/wp-content\/uploads\/2019\/09\/logo-dop-kaki.png","width":227,"height":227,"caption":"D.O.P Kaki Ribera del X\u00faquer"},"image":{"@id":"https:\/\/persimon.eu\/fr\/#\/schema\/logo\/image\/"},"sameAs":["https:\/\/www.facebook.com\/kakipersimonDOP\/","https:\/\/www.instagram.com\/kakipersimon_\/","https:\/\/www.youtube.com\/channel\/UC7Jcl7rqySAcWf0V1axJ7Bg"]}]}},"_links":{"self":[{"href":"https:\/\/persimon.eu\/fr\/wp-json\/wp\/v2\/pages\/2475","targetHints":{"allow":["GET"]}}],"collection":[{"href":"https:\/\/persimon.eu\/fr\/wp-json\/wp\/v2\/pages"}],"about":[{"href":"https:\/\/persimon.eu\/fr\/wp-json\/wp\/v2\/types\/page"}],"author":[{"embeddable":true,"href":"https:\/\/persimon.eu\/fr\/wp-json\/wp\/v2\/users\/1"}],"replies":[{"embeddable":true,"href":"https:\/\/persimon.eu\/fr\/wp-json\/wp\/v2\/comments?post=2475"}],"version-history":[{"count":5,"href":"https:\/\/persimon.eu\/fr\/wp-json\/wp\/v2\/pages\/2475\/revisions"}],"predecessor-version":[{"id":2490,"href":"https:\/\/persimon.eu\/fr\/wp-json\/wp\/v2\/pages\/2475\/revisions\/2490"}],"up":[{"embeddable":true,"href":"https:\/\/persimon.eu\/fr\/wp-json\/wp\/v2\/pages\/2472"}],"wp:attachment":[{"href":"https:\/\/persimon.eu\/fr\/wp-json\/wp\/v2\/media?parent=2475"}],"curies":[{"name":"wp","href":"https:\/\/api.w.org\/{rel}","templated":true}]}}