{"id":2482,"date":"2020-10-29T14:59:12","date_gmt":"2020-10-29T14:59:12","guid":{"rendered":"https:\/\/persimon.eu\/le-kaki\/le-kaki-en-espagne-et-dans-le-monde\/"},"modified":"2020-11-02T08:23:07","modified_gmt":"2020-11-02T08:23:07","slug":"le-kaki-en-espagne-et-dans-le-monde","status":"publish","type":"page","link":"https:\/\/persimon.eu\/fr\/le-kaki\/le-kaki-en-espagne-et-dans-le-monde\/","title":{"rendered":"Le kaki en Espagne et dans le monde"},"content":{"rendered":"<p>[et_pb_section fb_built=\u00a0\u00bb1&Prime; admin_label=\u00a0\u00bbCONTENIDO\u00a0\u00bb _builder_version=\u00a0\u00bb4.6.6&Prime; background_color=\u00a0\u00bbrgba(0,0,0,0)\u00a0\u00bb custom_margin=\u00a0\u00bb||||false|false\u00a0\u00bb custom_padding=\u00a0\u00bb0px||||false|false\u00a0\u00bb hover_enabled=\u00a0\u00bb0&Prime; custom_css_main_element=\u00a0\u00bbz-index: 10;||top: 0;||left: 0;||min-height: 100vh;||display: flex;||flex-direction: column;||width: 100%;\u00a0\u00bb sticky_enabled=\u00a0\u00bb0&Prime;][et_pb_row make_equal=\u00a0\u00bbon\u00a0\u00bb disabled_on=\u00a0\u00bboff|off|off\u00a0\u00bb admin_label=\u00a0\u00bbROW BREADCRUMBS\u00a0\u00bb _builder_version=\u00a0\u00bb3.29.3&Prime; max_width=\u00a0\u00bb2560px\u00a0\u00bb custom_margin=\u00a0\u00bb0px||0px||false|false\u00a0\u00bb custom_padding=\u00a0\u00bb0px||0px||false|false\u00a0\u00bb][et_pb_column type=\u00a0\u00bb4_4&Prime; _builder_version=\u00a0\u00bb3.29.3&Prime;][et_pb_divider divider_style=\u00a0\u00bbnone\u00a0\u00bb admin_label=\u00a0\u00bbseparadorTitular\u00a0\u00bb module_class=\u00a0\u00bbseparadorTitular\u00a0\u00bb _builder_version=\u00a0\u00bb3.29.3&Prime; custom_margin=\u00a0\u00bb0px||0px||false|false\u00a0\u00bb][\/et_pb_divider][et_pb_code disabled_on=\u00a0\u00bbon|on|off\u00a0\u00bb admin_label=\u00a0\u00bbBreadcrumbs\u00a0\u00bb _builder_version=\u00a0\u00bb3.29.3&Prime; custom_margin=\u00a0\u00bb0px||0px||true|false\u00a0\u00bb]<p id=\"breadcrumbs\"><span><span><a href=\"https:\/\/persimon.eu\/fr\/\">Inicio<\/a><\/span><\/span><\/p>[\/et_pb_code][\/et_pb_column][\/et_pb_row][et_pb_row _builder_version=\u00a0\u00bb3.29.3&Prime;][et_pb_column type=\u00a0\u00bb4_4&Prime; _builder_version=\u00a0\u00bb3.29.3&Prime;][dica_divi_carousel show_items_desktop=\u00a0\u00bb1&Prime; show_items_tablet=\u00a0\u00bb1&Prime; arrow_nav=\u00a0\u00bbon\u00a0\u00bb dot_nav=\u00a0\u00bbon\u00a0\u00bb dot_alignment=\u00a0\u00bbright\u00a0\u00bb equal_height=\u00a0\u00bbon\u00a0\u00bb advanced_effect=\u00a0\u00bb1&Prime; arrow_nav_color=\u00a0\u00bb#666&Prime; arrow_bg_color=\u00a0\u00bbrgba(0,0,0,0)\u00a0\u00bb dots_color=\u00a0\u00bbrgba(102,102,102,0.7)\u00a0\u00bb dots_active_color=\u00a0\u00bb#666&Prime; arrow_position=\u00a0\u00bbmiddle-outside\u00a0\u00bb arrow_show_hover=\u00a0\u00bbon\u00a0\u00bb admin_label=\u00a0\u00bbSlider &#8211; Kaki\u00a0\u00bb _builder_version=\u00a0\u00bb3.29.3&Prime; width=\u00a0\u00bb100%\u00a0\u00bb][dica_divi_carouselitem title=\u00a0\u00bbLe kaki en Espagne et dans le monde\u00a0\u00bb button_url_new_window=\u00a0\u00bb1&Prime; image=\u00a0\u00bbhttps:\/\/persimon.eu\/wp-content\/uploads\/2019\/10\/mapa-espana-mundo.png\u00a0\u00bb module_id=\u00a0\u00bbkaki_mundo\u00a0\u00bb module_class=\u00a0\u00bbkaki_mundo\u00a0\u00bb image_position=\u00a0\u00bbimage_right\u00a0\u00bb mobile_on_top=\u00a0\u00bbon\u00a0\u00bb content_padding=\u00a0\u00bb||||true|true\u00a0\u00bb _builder_version=\u00a0\u00bb3.29.3&Prime; background_color=\u00a0\u00bbrgba(0,0,0,0)\u00a0\u00bb background_enable_color=\u00a0\u00bbon\u00a0\u00bb]<\/p>\n<p>Depuis longtemps la culture du kaki en Espagne se concentre dans les r\u00e9gions au climat temp\u00e9r\u00e9 comme la Catalogne, l\u2019Andalousie et la Communaut\u00e9 Valencienne. Il \u00e9tait fr\u00e9quent de trouver cet arbre isol\u00e9 sur les bords de route ou tout pr\u00e8s d\u2019\u00e9difications rurales. Cependant, au milieu du 20\u00e8 si\u00e8cle on assista \u00e0 un nouvel int\u00e9r\u00eat pour ces arbres jusque-l\u00e0 destin\u00e9s surtout \u00e0 la consommation propre, que certains petits commer\u00e7ants payaient \u00e0 des prix impensables par rapport \u00e0 d\u2019autres fruits.<\/p>\n<p>[\/dica_divi_carouselitem][dica_divi_carouselitem title=\u00a0\u00bbLe kaki en Espagne et dans le monde\u00a0\u00bb button_url_new_window=\u00a0\u00bb1&Prime; image=\u00a0\u00bbhttps:\/\/persimon.eu\/wp-content\/uploads\/2019\/10\/espana-mundo-slide-2.png\u00a0\u00bb module_id=\u00a0\u00bbkaki_mundo\u00a0\u00bb module_class=\u00a0\u00bbkaki_mundo\u00a0\u00bb image_position=\u00a0\u00bbimage_right\u00a0\u00bb mobile_on_top=\u00a0\u00bbon\u00a0\u00bb content_padding=\u00a0\u00bb||||true|true\u00a0\u00bb _builder_version=\u00a0\u00bb3.29.3&Prime; background_color=\u00a0\u00bbrgba(0,0,0,0)\u00a0\u00bb background_enable_color=\u00a0\u00bbon\u00a0\u00bb]<\/p>\n<p>Dans ce contexte, quelques pionniers se mirent \u00e0 cultiver de petites plantations de vari\u00e9t\u00e9s communes de kaki de l\u2019\u00e9poque : \u00ab Tomatero \u00bb dans la r\u00e9gion de Segorbe, \u00ab Picudo \u00bb (Costata) et \u00ab Cristalino \u00bb dans la r\u00e9gion de la Ribera Alta de Valence. C\u2019est dans cette derni\u00e8re zone qu\u2019une nouvelle vari\u00e9t\u00e9 est apparue et a cr\u00e9\u00e9 une v\u00e9ritable r\u00e9volution dans la culture du kaki : la vari\u00e9t\u00e9 \u00ab Rojo Brillante \u00bb, la seule vari\u00e9t\u00e9 prot\u00e9g\u00e9e par l\u2019Appellation d\u2019origine Kaki Ribera del X\u00faquer.<\/p>\n<p>[\/dica_divi_carouselitem][dica_divi_carouselitem title=\u00a0\u00bbLe kaki en Espagne et dans le monde\u00a0\u00bb button_url_new_window=\u00a0\u00bb1&Prime; image=\u00a0\u00bbhttps:\/\/persimon.eu\/wp-content\/uploads\/2019\/10\/mapa-ribera-xuquer.png\u00a0\u00bb module_id=\u00a0\u00bbkaki_mundo\u00a0\u00bb module_class=\u00a0\u00bbkaki_mundo\u00a0\u00bb image_position=\u00a0\u00bbimage_right\u00a0\u00bb mobile_on_top=\u00a0\u00bbon\u00a0\u00bb content_padding=\u00a0\u00bb||||true|true\u00a0\u00bb _builder_version=\u00a0\u00bb3.29.3&Prime; background_color=\u00a0\u00bbrgba(0,0,0,0)\u00a0\u00bb background_enable_color=\u00a0\u00bbon\u00a0\u00bb]<\/p>\n<p>Actuellement en Espagne sa culture se trouve majoritairement concentr\u00e9e dans la r\u00e9gion de la Ribera Alta (Valence), c\u0153ur de la zone prot\u00e9g\u00e9e par l\u2019Appellation d\u2019origine \u00ab Kaki Ribera del X\u00faquer \u00bb, gr\u00e2ce \u00e0 son climat temp\u00e9r\u00e9 et sa terre exceptionnelle d\u2019une grande fertilit\u00e9.<\/p>\n<p>Cinq milliards de kilos de kakis sont produits dans le monde entier, dont 350 millions en Espagne, faisant de ce pays le principal exportateur au monde.  Alors que la Chine reste le principal pays producteur avec plus de 3 milliards de kilos, suivie de la Cor\u00e9e du Sud, du Japon et de l\u2019Espagne.<\/p>\n<p>[\/dica_divi_carouselitem][\/dica_divi_carousel][et_pb_divider divider_style=\u00a0\u00bbnone\u00a0\u00bb disabled_on=\u00a0\u00bbon|on|off\u00a0\u00bb _builder_version=\u00a0\u00bb3.29.3&Prime; height=\u00a0\u00bb40px\u00a0\u00bb custom_margin=\u00a0\u00bb0px||0px||false|false\u00a0\u00bb][\/et_pb_divider][\/et_pb_column][\/et_pb_row][et_pb_row column_structure=\u00a0\u00bb2_3,1_3&Prime; _builder_version=\u00a0\u00bb3.29.3&Prime; max_width=\u00a0\u00bb2560px\u00a0\u00bb custom_margin=\u00a0\u00bb0px||0px||false|false\u00a0\u00bb custom_padding=\u00a0\u00bb0px||0px||false|false\u00a0\u00bb][et_pb_column type=\u00a0\u00bb2_3&Prime; _builder_version=\u00a0\u00bb3.29.3&Prime;][et_pb_text admin_label=\u00a0\u00bbSubMenu-el-kaki\u00a0\u00bb module_class=\u00a0\u00bbsubmenu\u00a0\u00bb _builder_version=\u00a0\u00bb3.29.3&Prime; custom_margin=\u00a0\u00bb||||false|false\u00a0\u00bb custom_padding=\u00a0\u00bb40px|50px|40px|50px|false|false\u00a0\u00bb]<\/p>\n<ul>\n<li><a href=\"https:\/\/persimon.eu\/fr\/le-kaki\/\" title=\"Qu\u2019est-ce que c\u2019est ?\">Qu\u2019est-ce que c\u2019est ?<\/a><\/li>\n<li><a href=\"https:\/\/persimon.eu\/fr\/le-kaki\/variete-rojo-brillante\/\" title=\"Vari\u00e9t\u00e9 Rojo Brillante\">Vari\u00e9t\u00e9 Rojo Brillante<\/a><\/li>\n<li class=\"active\"><a href=\"https:\/\/persimon.eu\/fr\/le-kaki\/le-kaki-en-espagne-et-dans-le-monde\/\" title=\"Le kaki en Espagne et dans le monde\">Le kaki en Espagne et dans le monde<\/a><\/li>\n<\/ul>\n<p>&nbsp;[\/et_pb_text][\/et_pb_column][et_pb_column type=\u00a0\u00bb1_3&Prime; _builder_version=\u00a0\u00bb3.29.3&Prime; background_enable_image=\u00a0\u00bboff\u00a0\u00bb][et_pb_divider divider_style=\u00a0\u00bbnone\u00a0\u00bb _builder_version=\u00a0\u00bb3.29.3&Prime; height=\u00a0\u00bb1px\u00a0\u00bb max_height=\u00a0\u00bb1000px\u00a0\u00bb custom_margin=\u00a0\u00bb0px||0px||false|false\u00a0\u00bb][\/et_pb_divider][\/et_pb_column][\/et_pb_row][\/et_pb_section]<\/p>\n","protected":false},"excerpt":{"rendered":"<p><p id=\"breadcrumbs\"><span><span><a href=\"https:\/\/persimon.eu\/fr\/\">Inicio<\/a><\/span><\/span><\/p><div class=\"et_pb_module dica_divi_carousel dica_divi_carousel_0\">\n\t\t\t\t\n\t\t\t\t\n\t\t\t\t\n\t\t\t\t\n\t\t\t\t\n\t\t\t\t\n\t\t\t\t<div class=\"et_pb_module_inner\">\n\t\t\t\t\t<div class=\"dica-container  desktop_middle-outside tablet_middle-outside mobile_middle-outside arrow-on-hover\" data-props='{\"desktop\":\"1\",\"tablet\":\"1\",\"mobile\":\"1\",\"speed\":\"500\",\"arrow\":\"on\",\"dots\":\"on\",\"autoplay\":\"off\",\"autoSpeed\":\"1000\",\"loop\":\"off\",\"item_spacing\":\"30\",\"center_mode\":\"off\",\"slider_effec\":\"1\",\"cover_rotate\":\"50\",\"pause_onhover\":\"off\",\"multislide\":\"off\",\"cfshadow\":\"on\",\"order\":\"0\",\"lazyload\":\"off\",\"lazybefore\":\"off\",\"scroller_effect\":\"off\",\"autowidth\":\"off\",\"item_spacing_tablet\":\"30\",\"item_spacing_phone\":\"30\",\"scroller_speed\":\"4000\",\"hashNavigation\":\"off\",\"simulatetouch\":\"off\",\"allowtouchmove\":\"off\",\"slide_row\":\"1\",\"slide_row_tablet\":\"1\",\"slide_row_phone\":\"1\",\"keyboard\":\"off\",\"mousewheel\":\"off\",\"autoplay_viewport\":\"\"}'>\n\t\t\t\t\t\t\t \t<div class=\"swiper-container\" >\n\t\t\t\t\t\t\t\t\t<div class=\"swiper-wrapper\"><\/div>\t\n\t\t\t\t\t\t\t\t<\/div>\t\n\t\t\t\t\t\t\t\t<div class=\"swiper-buttton-container\"><div class=\"swiper-button-prev dica-prev-btn-0\" data-icon=\"4\"><\/div><div class=\"swiper-button-next dica-next-btn-0\" data-icon=\"5\"><\/div><\/div>\n\t\t\t\t\t\t\t\t<div class=\"swiper-pagination dica-paination-0\"><\/div>\t\t\t\t\t\t\n\t\t\t\t\t\t\t<\/div>\n\t\t\t\t<\/div>\n\t\t\t<\/div><div id=\"kaki_mundo\" class=\"et_pb_module dica_divi_carouselitem dica_divi_carouselitem_0 kaki_mundo\">\n\t\t\t\t\n\t\t\t\t\n\t\t\t\t\n\t\t\t\t\n\t\t\t\t\n\t\t\t\t\n\t\t\t\t<div class=\"et_pb_module_inner\">\n\t\t\t\t\t <div class=\"dica-item image_right\"   data-hash=\"dica_divi_carouselitem_0\">\n\t\t\t\t\t\t\t\t\t<div class=\"dica-image-container\"><span class=\"image\"><img loading=\"lazy\" decoding=\"async\" src=\"https:\/\/persimon.eu\/wp-content\/uploads\/2019\/10\/mapa-espana-mundo.png\" srcset=\"https:\/\/persimon.eu\/wp-content\/uploads\/2019\/10\/mapa-espana-mundo.png 1364w, https:\/\/persimon.eu\/wp-content\/uploads\/2019\/10\/mapa-espana-mundo-1280x1099.png 1280w, https:\/\/persimon.eu\/wp-content\/uploads\/2019\/10\/mapa-espana-mundo-980x841.png 980w, https:\/\/persimon.eu\/wp-content\/uploads\/2019\/10\/mapa-espana-mundo-480x412.png 480w\" alt=\"\" class=\"dica-item-image\" width=\"1364\" height=\"1171\"\/><\/span><\/div>\n\t\t\t\t\t\t\t\t\t<div class=\"dica-item-content\"><h4 class=\"item-title\">Le kaki en Espagne et dans le monde<\/h4>   <div \n\t\t\t\t\t\tclass=\"content \" \n\t\t\t\t\t\tdata-settings='{\"status\":\"false\",\"responsive\":\"off\",\"limit\":\"\",\"limit_tablet\":\"\",\"limit_phone\":\"\",\"text_more\":\"\",\"text_less\":\"\"}'>\n\t\t\t\t\t\tDepuis longtemps la culture du kaki en Espagne se concentre dans les r\u00e9gions au climat temp\u00e9r\u00e9 comme la Catalogne, l\u2019Andalousie et la Communaut\u00e9 Valencienne. Il \u00e9tait fr\u00e9quent de trouver cet arbre isol\u00e9 sur les bords de route ou tout pr\u00e8s d\u2019\u00e9difications rurales. Cependant, au milieu du 20\u00e8 si\u00e8cle on assista \u00e0 un nouvel int\u00e9r\u00eat pour ces arbres jusque-l\u00e0 destin\u00e9s surtout \u00e0 la consommation propre, que certains petits commer\u00e7ants payaient \u00e0 des prix impensables par rapport \u00e0 d\u2019autres fruits.\n\t\t\t\t\t<\/div>\n\t\t\t\t\t<noscript class=\"content_storage\">Depuis longtemps la culture du kaki en Espagne se concentre dans les r\u00e9gions au climat temp\u00e9r\u00e9 comme la Catalogne, l\u2019Andalousie et la Communaut\u00e9 Valencienne. Il \u00e9tait fr\u00e9quent de trouver cet arbre isol\u00e9 sur les bords de route ou tout pr\u00e8s d\u2019\u00e9difications rurales. Cependant, au milieu du 20\u00e8 si\u00e8cle on assista \u00e0 un nouvel int\u00e9r\u00eat pour ces arbres jusque-l\u00e0 destin\u00e9s surtout \u00e0 la consommation propre, que certains petits commer\u00e7ants payaient \u00e0 des prix impensables par rapport \u00e0 d\u2019autres fruits.<\/noscript>     <\/div>\n\t\t\t\t\t\t\t<\/div>\n\t\t\t\t<\/div>\n\t\t\t<\/div><div id=\"kaki_mundo\" class=\"et_pb_module dica_divi_carouselitem dica_divi_carouselitem_1 kaki_mundo\">\n\t\t\t\t\n\t\t\t\t\n\t\t\t\t\n\t\t\t\t\n\t\t\t\t\n\t\t\t\t\n\t\t\t\t<div class=\"et_pb_module_inner\">\n\t\t\t\t\t <div class=\"dica-item image_right\"   data-hash=\"dica_divi_carouselitem_1\">\n\t\t\t\t\t\t\t\t\t<div class=\"dica-image-container\"><span class=\"image\"><img loading=\"lazy\" decoding=\"async\" src=\"https:\/\/persimon.eu\/wp-content\/uploads\/2019\/10\/espana-mundo-slide-2.png\" srcset=\"https:\/\/persimon.eu\/wp-content\/uploads\/2019\/10\/espana-mundo-slide-2.png 1662w, https:\/\/persimon.eu\/wp-content\/uploads\/2019\/10\/espana-mundo-slide-2-1280x652.png 1280w, https:\/\/persimon.eu\/wp-content\/uploads\/2019\/10\/espana-mundo-slide-2-980x499.png 980w, https:\/\/persimon.eu\/wp-content\/uploads\/2019\/10\/espana-mundo-slide-2-480x245.png 480w\" alt=\"\" class=\"dica-item-image\" width=\"1662\" height=\"847\"\/><\/span><\/div>\n\t\t\t\t\t\t\t\t\t<div class=\"dica-item-content\"><h4 class=\"item-title\">Le kaki en Espagne et dans le monde<\/h4>        <\/div>\n\t\t\t\t\t\t\t<\/div>\n\t\t\t\t<\/div>\n\t\t\t<\/div>Dans ce contexte, quelques pionniers se mirent \u00e0 cultiver de petites plantations de vari\u00e9t\u00e9s communes de kaki de l\u2019\u00e9poque : \u00ab Tomatero \u00bb dans la r\u00e9gion de Segorbe, \u00ab Picudo \u00bb (Costata) et \u00ab Cristalino \u00bb dans la r\u00e9gion de la Ribera Alta de Valence. C\u2019est dans cette derni\u00e8re zone qu\u2019une nouvelle vari\u00e9t\u00e9 est apparue et a cr\u00e9\u00e9 une v\u00e9ritable r\u00e9volution dans la culture du kaki : la vari\u00e9t\u00e9 [&hellip;]<\/p>\n","protected":false},"author":1,"featured_media":0,"parent":2472,"menu_order":0,"comment_status":"closed","ping_status":"closed","template":"","meta":{"_acf_changed":false,"_et_pb_use_builder":"on","_et_pb_old_content":"","_et_gb_content_width":"","footnotes":""},"class_list":["post-2482","page","type-page","status-publish","hentry"],"acf":[],"yoast_head":"<!-- This site is optimized with the Yoast SEO plugin v27.1.1 - https:\/\/yoast.com\/product\/yoast-seo-wordpress\/ -->\n<title>Le kaki en Espagne et dans le monde - DOP Kaki Ribera del X\u00faquer<\/title>\n<meta name=\"description\" content=\"Actuellement en Espagne sa culture se trouve majoritairement concentr\u00e9e dans la r\u00e9gion de la Ribera Alta (Valence), c\u0153ur de la zone prot\u00e9g\u00e9e par l\u2019Appellation d\u2019origine \u00ab Kaki Ribera del X\u00faquer \u00bb, gr\u00e2ce \u00e0 son climat temp\u00e9r\u00e9 et sa terre exceptionnelle d\u2019une grande fertilit\u00e9.\" \/>\n<meta name=\"robots\" content=\"index, follow, max-snippet:-1, max-image-preview:large, max-video-preview:-1\" \/>\n<link rel=\"canonical\" href=\"https:\/\/persimon.eu\/fr\/le-kaki\/le-kaki-en-espagne-et-dans-le-monde\/\" \/>\n<meta property=\"og:locale\" content=\"fr_FR\" \/>\n<meta property=\"og:type\" content=\"article\" \/>\n<meta property=\"og:title\" content=\"Le kaki en Espagne et dans le monde - DOP Kaki Ribera del X\u00faquer\" \/>\n<meta property=\"og:description\" content=\"Actuellement en Espagne sa culture se trouve majoritairement concentr\u00e9e dans la r\u00e9gion de la Ribera Alta (Valence), c\u0153ur de la zone prot\u00e9g\u00e9e par l\u2019Appellation d\u2019origine \u00ab Kaki Ribera del X\u00faquer \u00bb, gr\u00e2ce \u00e0 son climat temp\u00e9r\u00e9 et sa terre exceptionnelle d\u2019une grande fertilit\u00e9.\" \/>\n<meta property=\"og:site_name\" content=\"DOP Kaki Ribera del X\u00faquer\" \/>\n<meta property=\"article:publisher\" content=\"https:\/\/www.facebook.com\/kakipersimonDOP\/\" \/>\n<meta property=\"article:modified_time\" content=\"2020-11-02T08:23:07+00:00\" \/>\n<meta name=\"twitter:card\" content=\"summary_large_image\" \/>\n<meta name=\"twitter:label1\" content=\"Dur\u00e9e de lecture estim\u00e9e\" \/>\n\t<meta name=\"twitter:data1\" content=\"4 minutes\" \/>\n<script type=\"application\/ld+json\" class=\"yoast-schema-graph\">{\"@context\":\"https:\/\/schema.org\",\"@graph\":[{\"@type\":\"WebPage\",\"@id\":\"https:\/\/persimon.eu\/fr\/le-kaki\/le-kaki-en-espagne-et-dans-le-monde\/\",\"url\":\"https:\/\/persimon.eu\/fr\/le-kaki\/le-kaki-en-espagne-et-dans-le-monde\/\",\"name\":\"Le kaki en Espagne et dans le monde - DOP Kaki Ribera del X\u00faquer\",\"isPartOf\":{\"@id\":\"https:\/\/persimon.eu\/fr\/#website\"},\"datePublished\":\"2020-10-29T14:59:12+00:00\",\"dateModified\":\"2020-11-02T08:23:07+00:00\",\"description\":\"Actuellement en Espagne sa culture se trouve majoritairement concentr\u00e9e dans la r\u00e9gion de la Ribera Alta (Valence), c\u0153ur de la zone prot\u00e9g\u00e9e par l\u2019Appellation d\u2019origine \u00ab Kaki Ribera del X\u00faquer \u00bb, gr\u00e2ce \u00e0 son climat temp\u00e9r\u00e9 et sa terre exceptionnelle d\u2019une grande fertilit\u00e9.\",\"breadcrumb\":{\"@id\":\"https:\/\/persimon.eu\/fr\/le-kaki\/le-kaki-en-espagne-et-dans-le-monde\/#breadcrumb\"},\"inLanguage\":\"fr-FR\",\"potentialAction\":[{\"@type\":\"ReadAction\",\"target\":[\"https:\/\/persimon.eu\/fr\/le-kaki\/le-kaki-en-espagne-et-dans-le-monde\/\"]}]},{\"@type\":\"BreadcrumbList\",\"@id\":\"https:\/\/persimon.eu\/fr\/le-kaki\/le-kaki-en-espagne-et-dans-le-monde\/#breadcrumb\",\"itemListElement\":[{\"@type\":\"ListItem\",\"position\":1,\"name\":\"Inicio\",\"item\":\"https:\/\/persimon.eu\/fr\/\"},{\"@type\":\"ListItem\",\"position\":2,\"name\":\"Le kaki\",\"item\":\"https:\/\/persimon.eu\/fr\/le-kaki\/\"},{\"@type\":\"ListItem\",\"position\":3,\"name\":\"Le kaki en Espagne et dans le monde\"}]},{\"@type\":\"WebSite\",\"@id\":\"https:\/\/persimon.eu\/fr\/#website\",\"url\":\"https:\/\/persimon.eu\/fr\/\",\"name\":\"DOP Kaki Ribera del X\u00faquer\",\"description\":\"En nuestra web descubrir\u00e1s todo lo que rodea a nuestros kakis con D.O.P. Ribera del X\u00faquer.\",\"publisher\":{\"@id\":\"https:\/\/persimon.eu\/fr\/#organization\"},\"potentialAction\":[{\"@type\":\"SearchAction\",\"target\":{\"@type\":\"EntryPoint\",\"urlTemplate\":\"https:\/\/persimon.eu\/fr\/?s={search_term_string}\"},\"query-input\":{\"@type\":\"PropertyValueSpecification\",\"valueRequired\":true,\"valueName\":\"search_term_string\"}}],\"inLanguage\":\"fr-FR\"},{\"@type\":\"Organization\",\"@id\":\"https:\/\/persimon.eu\/fr\/#organization\",\"name\":\"D.O.P Kaki Ribera del X\u00faquer\",\"url\":\"https:\/\/persimon.eu\/fr\/\",\"logo\":{\"@type\":\"ImageObject\",\"inLanguage\":\"fr-FR\",\"@id\":\"https:\/\/persimon.eu\/fr\/#\/schema\/logo\/image\/\",\"url\":\"https:\/\/persimon.eu\/wp-content\/uploads\/2019\/09\/logo-dop-kaki.png\",\"contentUrl\":\"https:\/\/persimon.eu\/wp-content\/uploads\/2019\/09\/logo-dop-kaki.png\",\"width\":227,\"height\":227,\"caption\":\"D.O.P Kaki Ribera del X\u00faquer\"},\"image\":{\"@id\":\"https:\/\/persimon.eu\/fr\/#\/schema\/logo\/image\/\"},\"sameAs\":[\"https:\/\/www.facebook.com\/kakipersimonDOP\/\",\"https:\/\/www.instagram.com\/kakipersimon_\/\",\"https:\/\/www.youtube.com\/channel\/UC7Jcl7rqySAcWf0V1axJ7Bg\"]}]}<\/script>\n<!-- \/ Yoast SEO plugin. -->","yoast_head_json":{"title":"Le kaki en Espagne et dans le monde - DOP Kaki Ribera del X\u00faquer","description":"Actuellement en Espagne sa culture se trouve majoritairement concentr\u00e9e dans la r\u00e9gion de la Ribera Alta (Valence), c\u0153ur de la zone prot\u00e9g\u00e9e par l\u2019Appellation d\u2019origine \u00ab Kaki Ribera del X\u00faquer \u00bb, gr\u00e2ce \u00e0 son climat temp\u00e9r\u00e9 et sa terre exceptionnelle d\u2019une grande fertilit\u00e9.","robots":{"index":"index","follow":"follow","max-snippet":"max-snippet:-1","max-image-preview":"max-image-preview:large","max-video-preview":"max-video-preview:-1"},"canonical":"https:\/\/persimon.eu\/fr\/le-kaki\/le-kaki-en-espagne-et-dans-le-monde\/","og_locale":"fr_FR","og_type":"article","og_title":"Le kaki en Espagne et dans le monde - DOP Kaki Ribera del X\u00faquer","og_description":"Actuellement en Espagne sa culture se trouve majoritairement concentr\u00e9e dans la r\u00e9gion de la Ribera Alta (Valence), c\u0153ur de la zone prot\u00e9g\u00e9e par l\u2019Appellation d\u2019origine \u00ab Kaki Ribera del X\u00faquer \u00bb, gr\u00e2ce \u00e0 son climat temp\u00e9r\u00e9 et sa terre exceptionnelle d\u2019une grande fertilit\u00e9.","og_site_name":"DOP Kaki Ribera del X\u00faquer","article_publisher":"https:\/\/www.facebook.com\/kakipersimonDOP\/","article_modified_time":"2020-11-02T08:23:07+00:00","twitter_card":"summary_large_image","twitter_misc":{"Dur\u00e9e de lecture estim\u00e9e":"4 minutes"},"schema":{"@context":"https:\/\/schema.org","@graph":[{"@type":"WebPage","@id":"https:\/\/persimon.eu\/fr\/le-kaki\/le-kaki-en-espagne-et-dans-le-monde\/","url":"https:\/\/persimon.eu\/fr\/le-kaki\/le-kaki-en-espagne-et-dans-le-monde\/","name":"Le kaki en Espagne et dans le monde - DOP Kaki Ribera del X\u00faquer","isPartOf":{"@id":"https:\/\/persimon.eu\/fr\/#website"},"datePublished":"2020-10-29T14:59:12+00:00","dateModified":"2020-11-02T08:23:07+00:00","description":"Actuellement en Espagne sa culture se trouve majoritairement concentr\u00e9e dans la r\u00e9gion de la Ribera Alta (Valence), c\u0153ur de la zone prot\u00e9g\u00e9e par l\u2019Appellation d\u2019origine \u00ab Kaki Ribera del X\u00faquer \u00bb, gr\u00e2ce \u00e0 son climat temp\u00e9r\u00e9 et sa terre exceptionnelle d\u2019une grande fertilit\u00e9.","breadcrumb":{"@id":"https:\/\/persimon.eu\/fr\/le-kaki\/le-kaki-en-espagne-et-dans-le-monde\/#breadcrumb"},"inLanguage":"fr-FR","potentialAction":[{"@type":"ReadAction","target":["https:\/\/persimon.eu\/fr\/le-kaki\/le-kaki-en-espagne-et-dans-le-monde\/"]}]},{"@type":"BreadcrumbList","@id":"https:\/\/persimon.eu\/fr\/le-kaki\/le-kaki-en-espagne-et-dans-le-monde\/#breadcrumb","itemListElement":[{"@type":"ListItem","position":1,"name":"Inicio","item":"https:\/\/persimon.eu\/fr\/"},{"@type":"ListItem","position":2,"name":"Le kaki","item":"https:\/\/persimon.eu\/fr\/le-kaki\/"},{"@type":"ListItem","position":3,"name":"Le kaki en Espagne et dans le monde"}]},{"@type":"WebSite","@id":"https:\/\/persimon.eu\/fr\/#website","url":"https:\/\/persimon.eu\/fr\/","name":"DOP Kaki Ribera del X\u00faquer","description":"En nuestra web descubrir\u00e1s todo lo que rodea a nuestros kakis con D.O.P. Ribera del X\u00faquer.","publisher":{"@id":"https:\/\/persimon.eu\/fr\/#organization"},"potentialAction":[{"@type":"SearchAction","target":{"@type":"EntryPoint","urlTemplate":"https:\/\/persimon.eu\/fr\/?s={search_term_string}"},"query-input":{"@type":"PropertyValueSpecification","valueRequired":true,"valueName":"search_term_string"}}],"inLanguage":"fr-FR"},{"@type":"Organization","@id":"https:\/\/persimon.eu\/fr\/#organization","name":"D.O.P Kaki Ribera del X\u00faquer","url":"https:\/\/persimon.eu\/fr\/","logo":{"@type":"ImageObject","inLanguage":"fr-FR","@id":"https:\/\/persimon.eu\/fr\/#\/schema\/logo\/image\/","url":"https:\/\/persimon.eu\/wp-content\/uploads\/2019\/09\/logo-dop-kaki.png","contentUrl":"https:\/\/persimon.eu\/wp-content\/uploads\/2019\/09\/logo-dop-kaki.png","width":227,"height":227,"caption":"D.O.P Kaki Ribera del X\u00faquer"},"image":{"@id":"https:\/\/persimon.eu\/fr\/#\/schema\/logo\/image\/"},"sameAs":["https:\/\/www.facebook.com\/kakipersimonDOP\/","https:\/\/www.instagram.com\/kakipersimon_\/","https:\/\/www.youtube.com\/channel\/UC7Jcl7rqySAcWf0V1axJ7Bg"]}]}},"_links":{"self":[{"href":"https:\/\/persimon.eu\/fr\/wp-json\/wp\/v2\/pages\/2482","targetHints":{"allow":["GET"]}}],"collection":[{"href":"https:\/\/persimon.eu\/fr\/wp-json\/wp\/v2\/pages"}],"about":[{"href":"https:\/\/persimon.eu\/fr\/wp-json\/wp\/v2\/types\/page"}],"author":[{"embeddable":true,"href":"https:\/\/persimon.eu\/fr\/wp-json\/wp\/v2\/users\/1"}],"replies":[{"embeddable":true,"href":"https:\/\/persimon.eu\/fr\/wp-json\/wp\/v2\/comments?post=2482"}],"version-history":[{"count":7,"href":"https:\/\/persimon.eu\/fr\/wp-json\/wp\/v2\/pages\/2482\/revisions"}],"predecessor-version":[{"id":2643,"href":"https:\/\/persimon.eu\/fr\/wp-json\/wp\/v2\/pages\/2482\/revisions\/2643"}],"up":[{"embeddable":true,"href":"https:\/\/persimon.eu\/fr\/wp-json\/wp\/v2\/pages\/2472"}],"wp:attachment":[{"href":"https:\/\/persimon.eu\/fr\/wp-json\/wp\/v2\/media?parent=2482"}],"curies":[{"name":"wp","href":"https:\/\/api.w.org\/{rel}","templated":true}]}}