{"id":2495,"date":"2020-10-29T15:05:16","date_gmt":"2020-10-29T15:05:16","guid":{"rendered":"https:\/\/persimon.eu\/a-o-p-ribera-del-xuquer\/"},"modified":"2020-10-29T15:05:17","modified_gmt":"2020-10-29T15:05:17","slug":"a-o-p-ribera-del-xuquer","status":"publish","type":"page","link":"https:\/\/persimon.eu\/fr\/a-o-p-ribera-del-xuquer\/","title":{"rendered":"A.O.P Ribera del X\u00faquer"},"content":{"rendered":"<p>[et_pb_section fb_built=\u00a0\u00bb1&Prime; admin_label=\u00a0\u00bbIMAGEN FONDO\u00a0\u00bb _builder_version=\u00a0\u00bb3.29.3&Prime; background_color=\u00a0\u00bbrgba(0,0,0,0)\u00a0\u00bb custom_padding=\u00a0\u00bb0px||0px||false|false\u00a0\u00bb hover_enabled=\u00a0\u00bb0&Prime; custom_css_main_element=\u00a0\u00bbmin-height: 100vh;||display: flex;||flex-direction: column;||z-index: 9;||margin-top: -70px;\u00a0\u00bb][et_pb_row column_structure=\u00a0\u00bb1_3,2_3&Prime; _builder_version=\u00a0\u00bb4.0.6&Prime; background_enable_image=\u00a0\u00bboff\u00a0\u00bb width=\u00a0\u00bb100%\u00a0\u00bb max_width=\u00a0\u00bb2560px\u00a0\u00bb hover_enabled=\u00a0\u00bb0&Prime; custom_css_main_element=\u00a0\u00bbpadding: 0 0;||margin: 0 0;\u00a0\u00bb][et_pb_column type=\u00a0\u00bb1_3&Prime; _builder_version=\u00a0\u00bb3.29.3&Prime; custom_css_main_element=\u00a0\u00bbmargin: 0;\u00a0\u00bb][et_pb_divider divider_style=\u00a0\u00bbnone\u00a0\u00bb _builder_version=\u00a0\u00bb3.29.3&Prime; height=\u00a0\u00bb1px\u00a0\u00bb max_height=\u00a0\u00bb1000px\u00a0\u00bb custom_margin=\u00a0\u00bb0px||0px||false|false\u00a0\u00bb][\/et_pb_divider][\/et_pb_column][et_pb_column type=\u00a0\u00bb2_3&Prime; _builder_version=\u00a0\u00bb4.0.6&Prime; background_color=\u00a0\u00bbrgba(0,0,0,0)\u00a0\u00bb background_image=\u00a0\u00bbhttps:\/\/persimon.eu\/wp-content\/uploads\/2019\/11\/DOP.jpg\u00a0\u00bb hover_enabled=\u00a0\u00bb0&Prime;][et_pb_divider divider_style=\u00a0\u00bbnone\u00a0\u00bb module_class=\u00a0\u00bbfullHeight\u00a0\u00bb _builder_version=\u00a0\u00bb3.29.3&Prime; custom_margin=\u00a0\u00bb0px||0px||false|false\u00a0\u00bb][\/et_pb_divider][\/et_pb_column][\/et_pb_row][\/et_pb_section][et_pb_section fb_built=\u00a0\u00bb1&Prime; admin_label=\u00a0\u00bbCONTENIDO\u00a0\u00bb _builder_version=\u00a0\u00bb3.29.3&Prime; background_color=\u00a0\u00bbrgba(0,0,0,0)\u00a0\u00bb custom_margin=\u00a0\u00bb||||false|false\u00a0\u00bb custom_css_main_element=\u00a0\u00bbz-index: 10;||top: 0;||left: 0;||position: absolute;||min-height: 100vh;||display: flex;||flex-direction: column;||width: 100%;\u00a0\u00bb][et_pb_row make_equal=\u00a0\u00bbon\u00a0\u00bb disabled_on=\u00a0\u00bboff|off|off\u00a0\u00bb admin_label=\u00a0\u00bbROW BREADCRUMBS\u00a0\u00bb _builder_version=\u00a0\u00bb3.29.3&Prime; max_width=\u00a0\u00bb2560px\u00a0\u00bb custom_margin=\u00a0\u00bb0px||0px||false|false\u00a0\u00bb custom_padding=\u00a0\u00bb0px||0px||false|false\u00a0\u00bb][et_pb_column type=\u00a0\u00bb4_4&Prime; _builder_version=\u00a0\u00bb3.29.3&Prime;][et_pb_divider divider_style=\u00a0\u00bbnone\u00a0\u00bb admin_label=\u00a0\u00bbseparadorTitular\u00a0\u00bb module_class=\u00a0\u00bbseparadorTitular\u00a0\u00bb _builder_version=\u00a0\u00bb3.29.3&Prime; custom_margin=\u00a0\u00bb0px||0px||false|false\u00a0\u00bb][\/et_pb_divider][et_pb_code disabled_on=\u00a0\u00bbon|on|off\u00a0\u00bb admin_label=\u00a0\u00bbBreadcrumbs\u00a0\u00bb _builder_version=\u00a0\u00bb3.29.3&Prime; custom_margin=\u00a0\u00bb0px||0px||true|false\u00a0\u00bb]<p id=\"breadcrumbs\"><span><span><a href=\"https:\/\/persimon.eu\/fr\/\">Inicio<\/a><\/span><\/span><\/p>[\/et_pb_code][et_pb_divider divider_style=\u00a0\u00bbnone\u00a0\u00bb disabled_on=\u00a0\u00bbon|on|off\u00a0\u00bb _builder_version=\u00a0\u00bb3.29.3&Prime; height=\u00a0\u00bb40px\u00a0\u00bb custom_margin=\u00a0\u00bb0px||0px||false|false\u00a0\u00bb][\/et_pb_divider][\/et_pb_column][\/et_pb_row][et_pb_row column_structure=\u00a0\u00bb2_5,3_5&Prime; make_equal=\u00a0\u00bbon\u00a0\u00bb _builder_version=\u00a0\u00bb3.29.3&Prime; max_width=\u00a0\u00bb2560px\u00a0\u00bb custom_margin=\u00a0\u00bb0px||0px||false|false\u00a0\u00bb custom_padding=\u00a0\u00bb0px||0px||false|false\u00a0\u00bb][et_pb_column type=\u00a0\u00bb2_5&Prime; _builder_version=\u00a0\u00bb3.29.3&Prime;][et_pb_text module_class=\u00a0\u00bbkaki-titular\u00a0\u00bb _builder_version=\u00a0\u00bb3.29.3&Prime; header_font_size=\u00a0\u00bb60px\u00a0\u00bb custom_margin=\u00a0\u00bb||0px||false|false\u00a0\u00bb custom_padding=\u00a0\u00bb|50px||50px|false|true\u00a0\u00bb]<\/p>\n<h1>A.O.P Ribera del X\u00faquer<\/h1>\n<p>[\/et_pb_text][et_pb_slider arrows_custom_color=\u00a0\u00bb#666666&Prime; dot_nav_custom_color=\u00a0\u00bb#666666&Prime; admin_label=\u00a0\u00bbSlider-Texto\u00a0\u00bb module_class=\u00a0\u00bbbloqueTexto80&Prime; _builder_version=\u00a0\u00bb3.29.3&Prime; custom_margin=\u00a0\u00bb0px||||false|false\u00a0\u00bb custom_padding=\u00a0\u00bb40px|50px|40px|50px|true|true\u00a0\u00bb][et_pb_slide arrows_custom_color=\u00a0\u00bb#666&Prime; dot_nav_custom_color=\u00a0\u00bb#666&Prime; admin_title=\u00a0\u00bb01&Prime; _builder_version=\u00a0\u00bb3.29.3&Prime; body_text_align=\u00a0\u00bbjustify\u00a0\u00bb body_text_color=\u00a0\u00bb#666666&Prime; background_color=\u00a0\u00bbrgba(0,0,0,0)\u00a0\u00bb background_enable_color=\u00a0\u00bbon\u00a0\u00bb background_layout=\u00a0\u00bblight\u00a0\u00bb custom_padding=\u00a0\u00bb50px|10px|50px|10px|false|false\u00a0\u00bb]\u00ab Ribera del X\u00faquer \u00bb est le nom avec lequel on identifie les kakis de la vari\u00e9t\u00e9 locale \u00ab Rojo Brillante \u00bb, prot\u00e9g\u00e9s et certifi\u00e9s par notre Appellation d\u2019origine. Ce nom a \u00e9t\u00e9 choisi car la zone principale o\u00f9 l\u2019on cultive ce magnifique fruit se trouve tout pr\u00e8s de la rive (ribera) du fleuve X\u00faquer (ou J\u00facar).  Un fleuve qui a une influence importante dans la culture du kaki, tant du point de vue agricole, source d\u2019irrigation, que pour la grande fertilit\u00e9 de ses terres.[\/et_pb_slide][et_pb_slide arrows_custom_color=\u00a0\u00bb#666&Prime; dot_nav_custom_color=\u00a0\u00bb#666&Prime; admin_title=\u00a0\u00bb02&Prime; _builder_version=\u00a0\u00bb3.29.3&Prime; body_text_align=\u00a0\u00bbjustify\u00a0\u00bb body_text_color=\u00a0\u00bb#666666&Prime; background_color=\u00a0\u00bbrgba(0,0,0,0)\u00a0\u00bb background_enable_color=\u00a0\u00bbon\u00a0\u00bb background_layout=\u00a0\u00bblight\u00a0\u00bb custom_padding=\u00a0\u00bb50px|10px|50px|10px|false|false\u00a0\u00bb]L\u2019APPELLATION D\u2019ORIGINE PROT\u00c9G\u00c9E \u00ab KAKI RIBERA DEL X\u00daQUER \u00bb est une r\u00e9f\u00e9rence de qualit\u00e9 cr\u00e9\u00e9e en 1998 et reconnue comme Appellation d\u2019Origine Prot\u00e9g\u00e9e par la Commission europ\u00e9enne en 2001.<\/p>\n<p>Les Appellations d\u2019origine sont des organismes cr\u00e9\u00e9s et plac\u00e9s sous la tutelle des administrations nationales et europ\u00e9ennes, qui reconnaissent les singularit\u00e9s et la qualit\u00e9 diff\u00e9renciante de certains produits agroalimentaires, dus aux particularit\u00e9s de la zone o\u00f9 ils sont produits.[\/et_pb_slide][et_pb_slide arrows_custom_color=\u00a0\u00bb#666&Prime; dot_nav_custom_color=\u00a0\u00bb#666&Prime; admin_title=\u00a0\u00bb03&Prime; _builder_version=\u00a0\u00bb3.29.3&Prime; body_text_align=\u00a0\u00bbjustify\u00a0\u00bb body_text_color=\u00a0\u00bb#666666&Prime; background_color=\u00a0\u00bbrgba(0,0,0,0)\u00a0\u00bb background_enable_color=\u00a0\u00bbon\u00a0\u00bb background_layout=\u00a0\u00bblight\u00a0\u00bb custom_padding=\u00a0\u00bb50px|10px|50px|10px|false|false\u00a0\u00bb]Nous parlons ici d\u2019une des zones les plus fertiles d\u2019Espagne et avec une des plus importantes traditions agricoles, o\u00f9 le kaki s\u2019y cultive dans un environnement prot\u00e9g\u00e9 connu comme \u00e9tant le \u00ab Jardin d\u2019Espagne \u00bb.<\/p>\n<p>Enfin, le \u00ab Kaki de la Ribera del X\u00faquer \u00bb est le seul kaki reconnu et prot\u00e9g\u00e9 par une Appellation d\u2019origine dans le monde entier.[\/et_pb_slide][\/et_pb_slider][\/et_pb_column][et_pb_column type=\u00a0\u00bb3_5&Prime; _builder_version=\u00a0\u00bb3.29.3&Prime; background_enable_image=\u00a0\u00bboff\u00a0\u00bb][et_pb_divider divider_style=\u00a0\u00bbnone\u00a0\u00bb _builder_version=\u00a0\u00bb3.29.3&Prime; height=\u00a0\u00bb1px\u00a0\u00bb max_height=\u00a0\u00bb1000px\u00a0\u00bb custom_margin=\u00a0\u00bb0px||0px||false|false\u00a0\u00bb][\/et_pb_divider][\/et_pb_column][\/et_pb_row][et_pb_row column_structure=\u00a0\u00bb2_3,1_3&Prime; _builder_version=\u00a0\u00bb3.29.3&Prime; max_width=\u00a0\u00bb2560px\u00a0\u00bb custom_margin=\u00a0\u00bb0px||0px||false|false\u00a0\u00bb custom_padding=\u00a0\u00bb0px||0px||false|false\u00a0\u00bb][et_pb_column type=\u00a0\u00bb2_3&Prime; _builder_version=\u00a0\u00bb3.29.3&Prime;][et_pb_text admin_label=\u00a0\u00bbSubMenu-DOP\u00a0\u00bb module_class=\u00a0\u00bbsubmenu\u00a0\u00bb _builder_version=\u00a0\u00bb3.29.3&Prime; custom_margin=\u00a0\u00bb||||false|false\u00a0\u00bb custom_padding=\u00a0\u00bb40px|50px|40px|50px|false|false\u00a0\u00bb]<\/p>\n<ul>\n<li><a href=\"https:\/\/persimon.eu\/d-o-p-ribera-del-xuquer\/quienes-forman-la-d-o-p\/\" title=\"Qui se trouvent derri\u00e8re l\u2019A.O.P. ?\">Qui se trouvent derri\u00e8re l\u2019A.O.P. ?<\/a><\/li>\n<li><a href=\"https:\/\/persimon.eu\/d-o-p-ribera-del-xuquer\/objetivos-de-la-d-o-p\/\" title=\"Objectifs de l\u2019A.O.P.\">Objectifs de l\u2019A.O.P.<\/a><\/li>\n<li><a href=\"https:\/\/persimon.eu\/d-o-p-ribera-del-xuquer\/calidad-e-innovacion\/\" title=\"Qualit\u00e9 et Innovation\">Qualit\u00e9 et Innovation<\/a><\/li>\n<\/ul>\n<p>&nbsp;[\/et_pb_text][\/et_pb_column][et_pb_column type=\u00a0\u00bb1_3&Prime; _builder_version=\u00a0\u00bb3.29.3&Prime; background_enable_image=\u00a0\u00bboff\u00a0\u00bb][et_pb_divider divider_style=\u00a0\u00bbnone\u00a0\u00bb _builder_version=\u00a0\u00bb3.29.3&Prime; height=\u00a0\u00bb1px\u00a0\u00bb max_height=\u00a0\u00bb1000px\u00a0\u00bb custom_margin=\u00a0\u00bb0px||0px||false|false\u00a0\u00bb][\/et_pb_divider][\/et_pb_column][\/et_pb_row][\/et_pb_section]<\/p>\n","protected":false},"excerpt":{"rendered":"<p><p id=\"breadcrumbs\"><span><span><a href=\"https:\/\/persimon.eu\/fr\/\">Inicio<\/a><\/span><\/span><\/p>A.O.P Ribera del X\u00faquer\u00ab Ribera del X\u00faquer \u00bb est le nom avec lequel on identifie les kakis de la vari\u00e9t\u00e9 locale \u00ab Rojo Brillante \u00bb, prot\u00e9g\u00e9s et certifi\u00e9s par notre Appellation d\u2019origine. Ce nom a \u00e9t\u00e9 choisi car la zone principale o\u00f9 l\u2019on cultive ce magnifique fruit se trouve tout pr\u00e8s de la rive (ribera) du fleuve X\u00faquer (ou J\u00facar). Un fleuve qui a une influence importante dans la culture du kaki, tant du point de vue agricole, source d\u2019irrigation, que pour la grande fertilit\u00e9 de ses terres.L\u2019APPELLATION D\u2019ORIGINE PROT\u00c9G\u00c9E \u00ab KAKI RIBERA DEL X\u00daQUER \u00bb est une r\u00e9f\u00e9rence de qualit\u00e9 cr\u00e9\u00e9e en 1998 et reconnue comme Appellation d\u2019Origine Prot\u00e9g\u00e9e par la Commission europ\u00e9enne en 2001. Les Appellations d\u2019origine sont des organismes cr\u00e9\u00e9s et plac\u00e9s sous la tutelle des administrations nationales et europ\u00e9ennes, qui reconnaissent les singularit\u00e9s et la qualit\u00e9 diff\u00e9renciante de certains produits agroalimentaires, dus aux particularit\u00e9s de la zone o\u00f9 ils sont produits.Nous parlons ici d\u2019une des zones les plus fertiles d\u2019Espagne et avec une des plus importantes traditions agricoles, o\u00f9 le kaki s\u2019y cultive dans un environnement prot\u00e9g\u00e9 connu comme \u00e9tant le \u00ab Jardin d\u2019Espagne \u00bb. Enfin, le \u00ab Kaki de la Ribera del X\u00faquer \u00bb est [&hellip;]<\/p>\n","protected":false},"author":1,"featured_media":0,"parent":0,"menu_order":0,"comment_status":"closed","ping_status":"closed","template":"","meta":{"_acf_changed":false,"_et_pb_use_builder":"on","_et_pb_old_content":"","_et_gb_content_width":"","footnotes":""},"class_list":["post-2495","page","type-page","status-publish","hentry"],"acf":[],"yoast_head":"<!-- This site is optimized with the Yoast SEO plugin v27.1.1 - https:\/\/yoast.com\/product\/yoast-seo-wordpress\/ -->\n<title>A.O.P Ribera del X\u00faquer - DOP Kaki Ribera del X\u00faquer<\/title>\n<meta name=\"description\" content=\"L\u2019APPELLATION D\u2019ORIGINE PROT\u00c9G\u00c9E \u00ab KAKI RIBERA DEL X\u00daQUER \u00bb est une r\u00e9f\u00e9rence de qualit\u00e9 cr\u00e9\u00e9e en 1998 et reconnue comme Appellation d\u2019Origine Prot\u00e9g\u00e9e par la Commission europ\u00e9enne en 2001.\" \/>\n<meta name=\"robots\" content=\"index, follow, max-snippet:-1, max-image-preview:large, max-video-preview:-1\" \/>\n<link rel=\"canonical\" href=\"https:\/\/persimon.eu\/fr\/a-o-p-ribera-del-xuquer\/\" \/>\n<meta property=\"og:locale\" content=\"fr_FR\" \/>\n<meta property=\"og:type\" content=\"article\" \/>\n<meta property=\"og:title\" content=\"A.O.P Ribera del X\u00faquer - DOP Kaki Ribera del X\u00faquer\" \/>\n<meta property=\"og:description\" content=\"L\u2019APPELLATION D\u2019ORIGINE PROT\u00c9G\u00c9E \u00ab KAKI RIBERA DEL X\u00daQUER \u00bb est une r\u00e9f\u00e9rence de qualit\u00e9 cr\u00e9\u00e9e en 1998 et reconnue comme Appellation d\u2019Origine Prot\u00e9g\u00e9e par la Commission europ\u00e9enne en 2001.\" \/>\n<meta property=\"og:site_name\" content=\"DOP Kaki Ribera del X\u00faquer\" \/>\n<meta property=\"article:publisher\" content=\"https:\/\/www.facebook.com\/kakipersimonDOP\/\" \/>\n<meta property=\"article:modified_time\" content=\"2020-10-29T15:05:17+00:00\" \/>\n<meta name=\"twitter:card\" content=\"summary_large_image\" \/>\n<meta name=\"twitter:label1\" content=\"Dur\u00e9e de lecture estim\u00e9e\" \/>\n\t<meta name=\"twitter:data1\" content=\"5 minutes\" \/>\n<script type=\"application\/ld+json\" class=\"yoast-schema-graph\">{\"@context\":\"https:\/\/schema.org\",\"@graph\":[{\"@type\":\"WebPage\",\"@id\":\"https:\/\/persimon.eu\/fr\/a-o-p-ribera-del-xuquer\/\",\"url\":\"https:\/\/persimon.eu\/fr\/a-o-p-ribera-del-xuquer\/\",\"name\":\"A.O.P Ribera del X\u00faquer - DOP Kaki Ribera del X\u00faquer\",\"isPartOf\":{\"@id\":\"https:\/\/persimon.eu\/fr\/#website\"},\"datePublished\":\"2020-10-29T15:05:16+00:00\",\"dateModified\":\"2020-10-29T15:05:17+00:00\",\"description\":\"L\u2019APPELLATION D\u2019ORIGINE PROT\u00c9G\u00c9E \u00ab KAKI RIBERA DEL X\u00daQUER \u00bb est une r\u00e9f\u00e9rence de qualit\u00e9 cr\u00e9\u00e9e en 1998 et reconnue comme Appellation d\u2019Origine Prot\u00e9g\u00e9e par la Commission europ\u00e9enne en 2001.\",\"breadcrumb\":{\"@id\":\"https:\/\/persimon.eu\/fr\/a-o-p-ribera-del-xuquer\/#breadcrumb\"},\"inLanguage\":\"fr-FR\",\"potentialAction\":[{\"@type\":\"ReadAction\",\"target\":[\"https:\/\/persimon.eu\/fr\/a-o-p-ribera-del-xuquer\/\"]}]},{\"@type\":\"BreadcrumbList\",\"@id\":\"https:\/\/persimon.eu\/fr\/a-o-p-ribera-del-xuquer\/#breadcrumb\",\"itemListElement\":[{\"@type\":\"ListItem\",\"position\":1,\"name\":\"Inicio\",\"item\":\"https:\/\/persimon.eu\/fr\/\"},{\"@type\":\"ListItem\",\"position\":2,\"name\":\"A.O.P Ribera del X\u00faquer\"}]},{\"@type\":\"WebSite\",\"@id\":\"https:\/\/persimon.eu\/fr\/#website\",\"url\":\"https:\/\/persimon.eu\/fr\/\",\"name\":\"DOP Kaki Ribera del X\u00faquer\",\"description\":\"En nuestra web descubrir\u00e1s todo lo que rodea a nuestros kakis con D.O.P. Ribera del X\u00faquer.\",\"publisher\":{\"@id\":\"https:\/\/persimon.eu\/fr\/#organization\"},\"potentialAction\":[{\"@type\":\"SearchAction\",\"target\":{\"@type\":\"EntryPoint\",\"urlTemplate\":\"https:\/\/persimon.eu\/fr\/?s={search_term_string}\"},\"query-input\":{\"@type\":\"PropertyValueSpecification\",\"valueRequired\":true,\"valueName\":\"search_term_string\"}}],\"inLanguage\":\"fr-FR\"},{\"@type\":\"Organization\",\"@id\":\"https:\/\/persimon.eu\/fr\/#organization\",\"name\":\"D.O.P Kaki Ribera del X\u00faquer\",\"url\":\"https:\/\/persimon.eu\/fr\/\",\"logo\":{\"@type\":\"ImageObject\",\"inLanguage\":\"fr-FR\",\"@id\":\"https:\/\/persimon.eu\/fr\/#\/schema\/logo\/image\/\",\"url\":\"https:\/\/persimon.eu\/wp-content\/uploads\/2019\/09\/logo-dop-kaki.png\",\"contentUrl\":\"https:\/\/persimon.eu\/wp-content\/uploads\/2019\/09\/logo-dop-kaki.png\",\"width\":227,\"height\":227,\"caption\":\"D.O.P Kaki Ribera del X\u00faquer\"},\"image\":{\"@id\":\"https:\/\/persimon.eu\/fr\/#\/schema\/logo\/image\/\"},\"sameAs\":[\"https:\/\/www.facebook.com\/kakipersimonDOP\/\",\"https:\/\/www.instagram.com\/kakipersimon_\/\",\"https:\/\/www.youtube.com\/channel\/UC7Jcl7rqySAcWf0V1axJ7Bg\"]}]}<\/script>\n<!-- \/ Yoast SEO plugin. -->","yoast_head_json":{"title":"A.O.P Ribera del X\u00faquer - DOP Kaki Ribera del X\u00faquer","description":"L\u2019APPELLATION D\u2019ORIGINE PROT\u00c9G\u00c9E \u00ab KAKI RIBERA DEL X\u00daQUER \u00bb est une r\u00e9f\u00e9rence de qualit\u00e9 cr\u00e9\u00e9e en 1998 et reconnue comme Appellation d\u2019Origine Prot\u00e9g\u00e9e par la Commission europ\u00e9enne en 2001.","robots":{"index":"index","follow":"follow","max-snippet":"max-snippet:-1","max-image-preview":"max-image-preview:large","max-video-preview":"max-video-preview:-1"},"canonical":"https:\/\/persimon.eu\/fr\/a-o-p-ribera-del-xuquer\/","og_locale":"fr_FR","og_type":"article","og_title":"A.O.P Ribera del X\u00faquer - DOP Kaki Ribera del X\u00faquer","og_description":"L\u2019APPELLATION D\u2019ORIGINE PROT\u00c9G\u00c9E \u00ab KAKI RIBERA DEL X\u00daQUER \u00bb est une r\u00e9f\u00e9rence de qualit\u00e9 cr\u00e9\u00e9e en 1998 et reconnue comme Appellation d\u2019Origine Prot\u00e9g\u00e9e par la Commission europ\u00e9enne en 2001.","og_site_name":"DOP Kaki Ribera del X\u00faquer","article_publisher":"https:\/\/www.facebook.com\/kakipersimonDOP\/","article_modified_time":"2020-10-29T15:05:17+00:00","twitter_card":"summary_large_image","twitter_misc":{"Dur\u00e9e de lecture estim\u00e9e":"5 minutes"},"schema":{"@context":"https:\/\/schema.org","@graph":[{"@type":"WebPage","@id":"https:\/\/persimon.eu\/fr\/a-o-p-ribera-del-xuquer\/","url":"https:\/\/persimon.eu\/fr\/a-o-p-ribera-del-xuquer\/","name":"A.O.P Ribera del X\u00faquer - DOP Kaki Ribera del X\u00faquer","isPartOf":{"@id":"https:\/\/persimon.eu\/fr\/#website"},"datePublished":"2020-10-29T15:05:16+00:00","dateModified":"2020-10-29T15:05:17+00:00","description":"L\u2019APPELLATION D\u2019ORIGINE PROT\u00c9G\u00c9E \u00ab KAKI RIBERA DEL X\u00daQUER \u00bb est une r\u00e9f\u00e9rence de qualit\u00e9 cr\u00e9\u00e9e en 1998 et reconnue comme Appellation d\u2019Origine Prot\u00e9g\u00e9e par la Commission europ\u00e9enne en 2001.","breadcrumb":{"@id":"https:\/\/persimon.eu\/fr\/a-o-p-ribera-del-xuquer\/#breadcrumb"},"inLanguage":"fr-FR","potentialAction":[{"@type":"ReadAction","target":["https:\/\/persimon.eu\/fr\/a-o-p-ribera-del-xuquer\/"]}]},{"@type":"BreadcrumbList","@id":"https:\/\/persimon.eu\/fr\/a-o-p-ribera-del-xuquer\/#breadcrumb","itemListElement":[{"@type":"ListItem","position":1,"name":"Inicio","item":"https:\/\/persimon.eu\/fr\/"},{"@type":"ListItem","position":2,"name":"A.O.P Ribera del X\u00faquer"}]},{"@type":"WebSite","@id":"https:\/\/persimon.eu\/fr\/#website","url":"https:\/\/persimon.eu\/fr\/","name":"DOP Kaki Ribera del X\u00faquer","description":"En nuestra web descubrir\u00e1s todo lo que rodea a nuestros kakis con D.O.P. Ribera del X\u00faquer.","publisher":{"@id":"https:\/\/persimon.eu\/fr\/#organization"},"potentialAction":[{"@type":"SearchAction","target":{"@type":"EntryPoint","urlTemplate":"https:\/\/persimon.eu\/fr\/?s={search_term_string}"},"query-input":{"@type":"PropertyValueSpecification","valueRequired":true,"valueName":"search_term_string"}}],"inLanguage":"fr-FR"},{"@type":"Organization","@id":"https:\/\/persimon.eu\/fr\/#organization","name":"D.O.P Kaki Ribera del X\u00faquer","url":"https:\/\/persimon.eu\/fr\/","logo":{"@type":"ImageObject","inLanguage":"fr-FR","@id":"https:\/\/persimon.eu\/fr\/#\/schema\/logo\/image\/","url":"https:\/\/persimon.eu\/wp-content\/uploads\/2019\/09\/logo-dop-kaki.png","contentUrl":"https:\/\/persimon.eu\/wp-content\/uploads\/2019\/09\/logo-dop-kaki.png","width":227,"height":227,"caption":"D.O.P Kaki Ribera del X\u00faquer"},"image":{"@id":"https:\/\/persimon.eu\/fr\/#\/schema\/logo\/image\/"},"sameAs":["https:\/\/www.facebook.com\/kakipersimonDOP\/","https:\/\/www.instagram.com\/kakipersimon_\/","https:\/\/www.youtube.com\/channel\/UC7Jcl7rqySAcWf0V1axJ7Bg"]}]}},"_links":{"self":[{"href":"https:\/\/persimon.eu\/fr\/wp-json\/wp\/v2\/pages\/2495","targetHints":{"allow":["GET"]}}],"collection":[{"href":"https:\/\/persimon.eu\/fr\/wp-json\/wp\/v2\/pages"}],"about":[{"href":"https:\/\/persimon.eu\/fr\/wp-json\/wp\/v2\/types\/page"}],"author":[{"embeddable":true,"href":"https:\/\/persimon.eu\/fr\/wp-json\/wp\/v2\/users\/1"}],"replies":[{"embeddable":true,"href":"https:\/\/persimon.eu\/fr\/wp-json\/wp\/v2\/comments?post=2495"}],"version-history":[{"count":2,"href":"https:\/\/persimon.eu\/fr\/wp-json\/wp\/v2\/pages\/2495\/revisions"}],"predecessor-version":[{"id":2497,"href":"https:\/\/persimon.eu\/fr\/wp-json\/wp\/v2\/pages\/2495\/revisions\/2497"}],"wp:attachment":[{"href":"https:\/\/persimon.eu\/fr\/wp-json\/wp\/v2\/media?parent=2495"}],"curies":[{"name":"wp","href":"https:\/\/api.w.org\/{rel}","templated":true}]}}