{"id":2498,"date":"2020-10-29T15:08:04","date_gmt":"2020-10-29T15:08:04","guid":{"rendered":"https:\/\/persimon.eu\/a-o-p-ribera-del-xuquer\/qui-se-trouvent-derriere-la-o-p\/"},"modified":"2020-10-29T15:14:27","modified_gmt":"2020-10-29T15:14:27","slug":"qui-se-trouvent-derriere-la-o-p","status":"publish","type":"page","link":"https:\/\/persimon.eu\/fr\/a-o-p-ribera-del-xuquer\/qui-se-trouvent-derriere-la-o-p\/","title":{"rendered":"Qui se trouvent derri\u00e8re l\u2019A.O.P. ?"},"content":{"rendered":"<p>[et_pb_section fb_built=\u00a0\u00bb1&Prime; admin_label=\u00a0\u00bbCONTENIDO\u00a0\u00bb _builder_version=\u00a0\u00bb3.29.3&Prime; background_color=\u00a0\u00bbrgba(0,0,0,0)\u00a0\u00bb custom_margin=\u00a0\u00bb||||false|false\u00a0\u00bb custom_padding=\u00a0\u00bb||0px||false|false\u00a0\u00bb custom_css_main_element=\u00a0\u00bbz-index: 10;||min-height: 100vh;||display: flex;||flex-direction: column;||width: 100%;\u00a0\u00bb][et_pb_row make_equal=\u00a0\u00bbon\u00a0\u00bb disabled_on=\u00a0\u00bboff|off|off\u00a0\u00bb admin_label=\u00a0\u00bbROW BREADCRUMBS\u00a0\u00bb _builder_version=\u00a0\u00bb3.29.3&Prime; max_width=\u00a0\u00bb2560px\u00a0\u00bb custom_margin=\u00a0\u00bb0px||0px||false|false\u00a0\u00bb custom_padding=\u00a0\u00bb0px||0px||false|false\u00a0\u00bb][et_pb_column type=\u00a0\u00bb4_4&Prime; _builder_version=\u00a0\u00bb3.29.3&Prime;][et_pb_divider divider_style=\u00a0\u00bbnone\u00a0\u00bb admin_label=\u00a0\u00bbseparadorTitular\u00a0\u00bb module_class=\u00a0\u00bbseparadorTitular\u00a0\u00bb _builder_version=\u00a0\u00bb3.29.3&Prime; custom_margin=\u00a0\u00bb0px||0px||false|false\u00a0\u00bb][\/et_pb_divider][et_pb_code disabled_on=\u00a0\u00bbon|on|off\u00a0\u00bb admin_label=\u00a0\u00bbBreadcrumbs\u00a0\u00bb _builder_version=\u00a0\u00bb3.29.3&Prime; custom_margin=\u00a0\u00bb0px||0px||true|false\u00a0\u00bb]<p id=\"breadcrumbs\"><span><span><a href=\"https:\/\/persimon.eu\/fr\/\">Inicio<\/a><\/span><\/span><\/p>[\/et_pb_code][et_pb_divider divider_style=\u00a0\u00bbnone\u00a0\u00bb disabled_on=\u00a0\u00bbon|on|off\u00a0\u00bb _builder_version=\u00a0\u00bb3.29.3&Prime; height=\u00a0\u00bb40px\u00a0\u00bb custom_margin=\u00a0\u00bb0px||0px||false|false\u00a0\u00bb][\/et_pb_divider][\/et_pb_column][\/et_pb_row][et_pb_row column_structure=\u00a0\u00bb2_5,3_5&Prime; make_equal=\u00a0\u00bbon\u00a0\u00bb _builder_version=\u00a0\u00bb3.29.3&Prime; max_width=\u00a0\u00bb2560px\u00a0\u00bb custom_margin=\u00a0\u00bb0px||0px||false|false\u00a0\u00bb custom_padding=\u00a0\u00bb0px||0px||false|false\u00a0\u00bb][et_pb_column type=\u00a0\u00bb2_5&Prime; _builder_version=\u00a0\u00bb3.29.3&Prime;][et_pb_text admin_label=\u00a0\u00bbH1&Prime; module_class=\u00a0\u00bbkaki-titular\u00a0\u00bb _builder_version=\u00a0\u00bb3.29.3&Prime; header_font_size=\u00a0\u00bb60px\u00a0\u00bb custom_margin=\u00a0\u00bb||0px||false|false\u00a0\u00bb custom_padding=\u00a0\u00bb|50px||50px|false|true\u00a0\u00bb]<\/p>\n<h1>Qui se trouvent derri\u00e8re l\u2019A.O.P. ?<\/h1>\n<p>[\/et_pb_text][et_pb_text module_class=\u00a0\u00bbbloqueTexto80&Prime; _builder_version=\u00a0\u00bb3.29.3&Prime; custom_margin=\u00a0\u00bb0px||||false|false\u00a0\u00bb custom_padding=\u00a0\u00bb40px|50px|40px|50px|true|true\u00a0\u00bb]L\u2019Appellation d\u2019origine regroupe plus de 6000 agriculteurs, regroup\u00e9s autour de coop\u00e9ratives et d\u2019entreprises de distribution (op\u00e9rateurs) qui produisent environ la moiti\u00e9 de la production de cette vari\u00e9t\u00e9 locale cultiv\u00e9e en Espagne. Les op\u00e9rateurs associ\u00e9s \u00e0 l\u2019appellation d\u2019origine sont les plus grands exportateurs mondiaux de kakis.<\/p>\n<p>Elle est dirig\u00e9e par dix repr\u00e9sentants \u00e9lus parmi les producteurs et distributeurs selon un processus \u00e9lectoral public, supervis\u00e9 par le Minist\u00e8re de l\u2019agriculture de la Generalitat Valenciana (gouvernement r\u00e9gional) et qui se renouvelle tous les quatre ans, en accord avec le r\u00e8glement du Conseil de r\u00e9gulation.[\/et_pb_text][\/et_pb_column][et_pb_column type=\u00a0\u00bb3_5&Prime; module_class=\u00a0\u00bbds-vertical-align-end\u00a0\u00bb _builder_version=\u00a0\u00bb3.29.3&Prime; background_enable_image=\u00a0\u00bboff\u00a0\u00bb][et_pb_image src=\u00a0\u00bbhttps:\/\/persimon.eu\/wp-content\/uploads\/2019\/11\/6000-agricultores-1.png\u00a0\u00bb align=\u00a0\u00bbcenter\u00a0\u00bb _builder_version=\u00a0\u00bb4.0.6&Prime; module_alignment=\u00a0\u00bbcenter\u00a0\u00bb max_height=\u00a0\u00bb500px\u00a0\u00bb custom_margin=\u00a0\u00bb40px||40px||true|false\u00a0\u00bb hover_enabled=\u00a0\u00bb0&Prime;][\/et_pb_image][\/et_pb_column][\/et_pb_row][et_pb_row module_class=\u00a0\u00bbds-vertical-align-end\u00a0\u00bb _builder_version=\u00a0\u00bb3.29.3&Prime; custom_margin=\u00a0\u00bb50px||||false|false\u00a0\u00bb][et_pb_column type=\u00a0\u00bb4_4&Prime; module_class=\u00a0\u00bbds-vertical-align-end\u00a0\u00bb _builder_version=\u00a0\u00bb3.29.3&Prime;][et_pb_text admin_label=\u00a0\u00bbver otras variedades\u00a0\u00bb _builder_version=\u00a0\u00bb3.29.3&Prime; text_orientation=\u00a0\u00bbcenter\u00a0\u00bb custom_margin=\u00a0\u00bb||||false|false\u00a0\u00bb custom_padding=\u00a0\u00bb||||false|false\u00a0\u00bb]<a href=\"#nuestros-productores-una-gran-familia\"><img loading=\"lazy\" decoding=\"async\" src=\"https:\/\/persimon.eu\/wp-content\/uploads\/2019\/10\/arrow-down.png\" width=\"50\" height=\"28\" alt=\"\" class=\"wp-image-2478 alignnone size-full\" style=\"display: block; margin-left: auto; margin-right: auto;\" \/><\/a>[\/et_pb_text][\/et_pb_column][\/et_pb_row][\/et_pb_section][et_pb_section fb_built=\u00a0\u00bb1&Prime; admin_label=\u00a0\u00bbNuestros Productores\u00a0\u00bb module_id=\u00a0\u00bbnuestros-productores-una-gran-familia\u00a0\u00bb _builder_version=\u00a0\u00bb3.29.3&Prime; background_color=\u00a0\u00bbrgba(0,0,0,0)\u00a0\u00bb custom_margin=\u00a0\u00bb||||false|false\u00a0\u00bb custom_padding=\u00a0\u00bb0px||0px||false|false\u00a0\u00bb custom_css_main_element=\u00a0\u00bbz-index: 10;||min-height: 80vh;||display: flex;||flex-direction: column;||width: 100%;\u00a0\u00bb][et_pb_row column_structure=\u00a0\u00bb1_3,2_3&Prime; _builder_version=\u00a0\u00bb3.29.3&Prime; width=\u00a0\u00bb100%\u00a0\u00bb max_width=\u00a0\u00bb2560px\u00a0\u00bb min_height=\u00a0\u00bb750px\u00a0\u00bb custom_margin=\u00a0\u00bb0px||0px||false|false\u00a0\u00bb custom_padding=\u00a0\u00bb0px||0px||false|false\u00a0\u00bb custom_css_main_element=\u00a0\u00bbz-index:8;\u00a0\u00bb][et_pb_column type=\u00a0\u00bb1_3&Prime; _builder_version=\u00a0\u00bb3.29.3&Prime;][\/et_pb_column][et_pb_column type=\u00a0\u00bb2_3&Prime; _builder_version=\u00a0\u00bb3.29.3&Prime; background_enable_image=\u00a0\u00bboff\u00a0\u00bb][et_pb_image src=\u00a0\u00bbhttps:\/\/persimon.eu\/wp-content\/uploads\/2019\/10\/img-quienes-forman-la-dop-2.jpg\u00a0\u00bb align=\u00a0\u00bbcenter\u00a0\u00bb force_fullwidth=\u00a0\u00bbon\u00a0\u00bb _builder_version=\u00a0\u00bb3.29.3&Prime; module_alignment=\u00a0\u00bbcenter\u00a0\u00bb custom_margin=\u00a0\u00bb||||false|false\u00a0\u00bb][\/et_pb_image][\/et_pb_column][\/et_pb_row][et_pb_row column_structure=\u00a0\u00bb2_5,3_5&Prime; _builder_version=\u00a0\u00bb4.0.6&Prime; max_width=\u00a0\u00bb2560px\u00a0\u00bb custom_margin=\u00a0\u00bb-650px||0px||false|false\u00a0\u00bb custom_padding=\u00a0\u00bb0px||0px||false|false\u00a0\u00bb z_index=\u00a0\u00bb10&Prime;][et_pb_column type=\u00a0\u00bb2_5&Prime; _builder_version=\u00a0\u00bb3.29.3&Prime;][et_pb_text admin_label=\u00a0\u00bbH2&Prime; module_class=\u00a0\u00bbkaki-titular\u00a0\u00bb _builder_version=\u00a0\u00bb3.29.3&Prime; header_font_size=\u00a0\u00bb60px\u00a0\u00bb custom_margin=\u00a0\u00bb||0px||false|false\u00a0\u00bb custom_padding=\u00a0\u00bb|50px||50px|false|true\u00a0\u00bb]<\/p>\n<h2>Nos produits, une grande famille<\/h2>\n<p>[\/et_pb_text][et_pb_text module_class=\u00a0\u00bbbloqueTexto80&Prime; _builder_version=\u00a0\u00bb3.29.3&Prime; custom_margin=\u00a0\u00bb0px||||false|false\u00a0\u00bb custom_padding=\u00a0\u00bb40px|50px|40px|50px|true|true\u00a0\u00bb]Les caract\u00e9ristiques sociales du milieu o\u00f9 se produit le kaki de la \u00ab Ribera del X\u00faquer \u00bb permettent l\u2019existence de plus de 6000 producteurs de plantations de tr\u00e8s petites tailles qui se transmettent de g\u00e9n\u00e9ration en g\u00e9n\u00e9ration au sein de la m\u00eame famille. Cette terre est en g\u00e9n\u00e9ral pass\u00e9e de parents \u00e0 enfants, ce qui fait qu\u2019elle poss\u00e8de une grande valeur sentimentale qui se transmet dans la culture du kaki, lui donnant cette saveur caract\u00e9ristique qui le rend unique.<\/p>\n<p>En outre, \u00e9tant donn\u00e9 que la vari\u00e9t\u00e9 \u00ab Rojo Brillante \u00bb est autochtone et que sa culture s\u2019y soit majoritairement d\u00e9velopp\u00e9e au m\u00eame endroit, ce fruit est devenu un symbole de fiert\u00e9 et d\u2019identification de nos agriculteurs. Au point que les autres en dehors de cette zone nous identifient comme \u00ab les producteurs du KAKI PERSIMON\u00ae de la Ribera del X\u00faquer \u00bb. Ce qui nous motive \u00e0 nous am\u00e9liorer chaque jour pour que vous puissiez d\u00e9guster le meilleur kaki possible.[\/et_pb_text][\/et_pb_column][et_pb_column type=\u00a0\u00bb3_5&Prime; _builder_version=\u00a0\u00bb3.29.3&Prime; background_enable_image=\u00a0\u00bboff\u00a0\u00bb][\/et_pb_column][\/et_pb_row][\/et_pb_section][et_pb_section fb_built=\u00a0\u00bb1&Prime; admin_label=\u00a0\u00bbsubmenu\u00a0\u00bb _builder_version=\u00a0\u00bb3.29.3&Prime; background_color=\u00a0\u00bbrgba(0,0,0,0)\u00a0\u00bb custom_margin=\u00a0\u00bb0px||0px||false|false\u00a0\u00bb custom_padding=\u00a0\u00bb0px||0px||false|false\u00a0\u00bb custom_css_main_element=\u00a0\u00bbz-index: 10;||display: flex;||flex-direction: column;||width: 100%;||overflow: hidden;\u00a0\u00bb][et_pb_row column_structure=\u00a0\u00bb2_3,1_3&Prime; _builder_version=\u00a0\u00bb3.29.3&Prime; max_width=\u00a0\u00bb2560px\u00a0\u00bb custom_margin=\u00a0\u00bb0px||0px||false|false\u00a0\u00bb custom_padding=\u00a0\u00bb0px||0px||false|false\u00a0\u00bb][et_pb_column type=\u00a0\u00bb2_3&Prime; _builder_version=\u00a0\u00bb3.29.3&Prime;][et_pb_text admin_label=\u00a0\u00bbSubMenu-DOP\u00a0\u00bb module_class=\u00a0\u00bbsubmenu\u00a0\u00bb _builder_version=\u00a0\u00bb3.29.3&Prime; custom_margin=\u00a0\u00bb||||false|false\u00a0\u00bb custom_padding=\u00a0\u00bb40px|50px|40px|50px|false|false\u00a0\u00bb]<\/p>\n<ul>\n<li class=\"active\"><a href=\"https:\/\/persimon.eu\/fr\/a-o-p-ribera-del-xuquer\/qui-se-trouvent-derriere-la-o-p\/\" title=\"Qui se trouvent derri\u00e8re l\u2019A.O.P. ?\">Qui se trouvent derri\u00e8re l\u2019A.O.P. ?<\/a><\/li>\n<li><a href=\"https:\/\/persimon.eu\/fr\/a-o-p-ribera-del-xuquer\/objectifs-de-la-o-p\/\" title=\"Objectifs de l\u2019A.O.P.\">Objectifs de l\u2019A.O.P.<\/a><\/li>\n<li><a href=\"https:\/\/persimon.eu\/fr\/a-o-p-ribera-del-xuquer\/qualite-et-innovation\/\" title=\"Qualit\u00e9 et Innovation\">Qualit\u00e9 et Innovation<\/a><\/li>\n<\/ul>\n<p>&nbsp;[\/et_pb_text][\/et_pb_column][et_pb_column type=\u00a0\u00bb1_3&Prime; _builder_version=\u00a0\u00bb3.29.3&Prime; background_enable_image=\u00a0\u00bboff\u00a0\u00bb][et_pb_divider divider_style=\u00a0\u00bbnone\u00a0\u00bb _builder_version=\u00a0\u00bb3.29.3&Prime; height=\u00a0\u00bb1px\u00a0\u00bb max_height=\u00a0\u00bb1000px\u00a0\u00bb custom_margin=\u00a0\u00bb0px||0px||false|false\u00a0\u00bb][\/et_pb_divider][\/et_pb_column][\/et_pb_row][\/et_pb_section]<\/p>\n","protected":false},"excerpt":{"rendered":"<p><p id=\"breadcrumbs\"><span><span><a href=\"https:\/\/persimon.eu\/fr\/\">Inicio<\/a><\/span><\/span><\/p>Qui se trouvent derri\u00e8re l\u2019A.O.P. ?L\u2019Appellation d\u2019origine regroupe plus de 6000 agriculteurs, regroup\u00e9s autour de coop\u00e9ratives et d\u2019entreprises de distribution (op\u00e9rateurs) qui produisent environ la moiti\u00e9 de la production de cette vari\u00e9t\u00e9 locale cultiv\u00e9e en Espagne. Les op\u00e9rateurs associ\u00e9s \u00e0 l\u2019appellation d\u2019origine sont les plus grands exportateurs mondiaux de kakis. Elle est dirig\u00e9e par dix repr\u00e9sentants \u00e9lus parmi les producteurs et distributeurs selon un processus \u00e9lectoral public, supervis\u00e9 par le Minist\u00e8re de l\u2019agriculture de la Generalitat Valenciana (gouvernement r\u00e9gional) et qui se renouvelle tous les quatre ans, en accord avec le r\u00e8glement du Conseil de r\u00e9gulation.Nos produits, une grande familleLes caract\u00e9ristiques sociales du milieu o\u00f9 se produit le kaki de la \u00ab Ribera del X\u00faquer \u00bb permettent l\u2019existence de plus de 6000 producteurs de plantations de tr\u00e8s petites tailles qui se transmettent de g\u00e9n\u00e9ration en g\u00e9n\u00e9ration au sein de la m\u00eame famille. Cette terre est en g\u00e9n\u00e9ral pass\u00e9e de parents \u00e0 enfants, ce qui fait qu\u2019elle poss\u00e8de une grande valeur sentimentale qui se transmet dans la culture du kaki, lui donnant cette saveur caract\u00e9ristique qui le rend unique. En outre, \u00e9tant donn\u00e9 que la vari\u00e9t\u00e9 \u00ab Rojo Brillante \u00bb est autochtone et que sa culture s\u2019y soit majoritairement d\u00e9velopp\u00e9e au [&hellip;]<\/p>\n","protected":false},"author":1,"featured_media":0,"parent":2495,"menu_order":0,"comment_status":"closed","ping_status":"closed","template":"","meta":{"_acf_changed":false,"_et_pb_use_builder":"on","_et_pb_old_content":"","_et_gb_content_width":"","footnotes":""},"class_list":["post-2498","page","type-page","status-publish","hentry"],"acf":[],"yoast_head":"<!-- This site is optimized with the Yoast SEO plugin v27.1.1 - https:\/\/yoast.com\/product\/yoast-seo-wordpress\/ -->\n<title>Qui se trouvent derri\u00e8re l\u2019A.O.P. ? - DOP Kaki Ribera del X\u00faquer<\/title>\n<meta name=\"description\" content=\"L\u2019Appellation d\u2019origine regroupe plus de 6000 agriculteurs, regroup\u00e9s autour de coop\u00e9ratives et d\u2019entreprises de distribution\" \/>\n<meta name=\"robots\" content=\"index, follow, max-snippet:-1, max-image-preview:large, max-video-preview:-1\" \/>\n<link rel=\"canonical\" href=\"https:\/\/persimon.eu\/fr\/a-o-p-ribera-del-xuquer\/qui-se-trouvent-derriere-la-o-p\/\" \/>\n<meta property=\"og:locale\" content=\"fr_FR\" \/>\n<meta property=\"og:type\" content=\"article\" \/>\n<meta property=\"og:title\" content=\"Qui se trouvent derri\u00e8re l\u2019A.O.P. ? - DOP Kaki Ribera del X\u00faquer\" \/>\n<meta property=\"og:description\" content=\"L\u2019Appellation d\u2019origine regroupe plus de 6000 agriculteurs, regroup\u00e9s autour de coop\u00e9ratives et d\u2019entreprises de distribution\" \/>\n<meta property=\"og:site_name\" content=\"DOP Kaki Ribera del X\u00faquer\" \/>\n<meta property=\"article:publisher\" content=\"https:\/\/www.facebook.com\/kakipersimonDOP\/\" \/>\n<meta property=\"article:modified_time\" content=\"2020-10-29T15:14:27+00:00\" \/>\n<meta property=\"og:image\" content=\"https:\/\/persimon.eu\/wp-content\/uploads\/2019\/10\/arrow-down.png\" \/>\n<meta name=\"twitter:card\" content=\"summary_large_image\" \/>\n<meta name=\"twitter:label1\" content=\"Dur\u00e9e de lecture estim\u00e9e\" \/>\n\t<meta name=\"twitter:data1\" content=\"5 minutes\" \/>\n<script type=\"application\/ld+json\" class=\"yoast-schema-graph\">{\"@context\":\"https:\/\/schema.org\",\"@graph\":[{\"@type\":\"WebPage\",\"@id\":\"https:\/\/persimon.eu\/fr\/a-o-p-ribera-del-xuquer\/qui-se-trouvent-derriere-la-o-p\/\",\"url\":\"https:\/\/persimon.eu\/fr\/a-o-p-ribera-del-xuquer\/qui-se-trouvent-derriere-la-o-p\/\",\"name\":\"Qui se trouvent derri\u00e8re l\u2019A.O.P. ? - DOP Kaki Ribera del X\u00faquer\",\"isPartOf\":{\"@id\":\"https:\/\/persimon.eu\/fr\/#website\"},\"primaryImageOfPage\":{\"@id\":\"https:\/\/persimon.eu\/fr\/a-o-p-ribera-del-xuquer\/qui-se-trouvent-derriere-la-o-p\/#primaryimage\"},\"image\":{\"@id\":\"https:\/\/persimon.eu\/fr\/a-o-p-ribera-del-xuquer\/qui-se-trouvent-derriere-la-o-p\/#primaryimage\"},\"thumbnailUrl\":\"https:\/\/persimon.eu\/wp-content\/uploads\/2019\/10\/arrow-down.png\",\"datePublished\":\"2020-10-29T15:08:04+00:00\",\"dateModified\":\"2020-10-29T15:14:27+00:00\",\"description\":\"L\u2019Appellation d\u2019origine regroupe plus de 6000 agriculteurs, regroup\u00e9s autour de coop\u00e9ratives et d\u2019entreprises de distribution\",\"breadcrumb\":{\"@id\":\"https:\/\/persimon.eu\/fr\/a-o-p-ribera-del-xuquer\/qui-se-trouvent-derriere-la-o-p\/#breadcrumb\"},\"inLanguage\":\"fr-FR\",\"potentialAction\":[{\"@type\":\"ReadAction\",\"target\":[\"https:\/\/persimon.eu\/fr\/a-o-p-ribera-del-xuquer\/qui-se-trouvent-derriere-la-o-p\/\"]}]},{\"@type\":\"ImageObject\",\"inLanguage\":\"fr-FR\",\"@id\":\"https:\/\/persimon.eu\/fr\/a-o-p-ribera-del-xuquer\/qui-se-trouvent-derriere-la-o-p\/#primaryimage\",\"url\":\"https:\/\/persimon.eu\/wp-content\/uploads\/2019\/10\/arrow-down.png\",\"contentUrl\":\"https:\/\/persimon.eu\/wp-content\/uploads\/2019\/10\/arrow-down.png\"},{\"@type\":\"BreadcrumbList\",\"@id\":\"https:\/\/persimon.eu\/fr\/a-o-p-ribera-del-xuquer\/qui-se-trouvent-derriere-la-o-p\/#breadcrumb\",\"itemListElement\":[{\"@type\":\"ListItem\",\"position\":1,\"name\":\"Inicio\",\"item\":\"https:\/\/persimon.eu\/fr\/\"},{\"@type\":\"ListItem\",\"position\":2,\"name\":\"A.O.P Ribera del X\u00faquer\",\"item\":\"https:\/\/persimon.eu\/fr\/a-o-p-ribera-del-xuquer\/\"},{\"@type\":\"ListItem\",\"position\":3,\"name\":\"Qui se trouvent derri\u00e8re l\u2019A.O.P. ?\"}]},{\"@type\":\"WebSite\",\"@id\":\"https:\/\/persimon.eu\/fr\/#website\",\"url\":\"https:\/\/persimon.eu\/fr\/\",\"name\":\"DOP Kaki Ribera del X\u00faquer\",\"description\":\"En nuestra web descubrir\u00e1s todo lo que rodea a nuestros kakis con D.O.P. Ribera del X\u00faquer.\",\"publisher\":{\"@id\":\"https:\/\/persimon.eu\/fr\/#organization\"},\"potentialAction\":[{\"@type\":\"SearchAction\",\"target\":{\"@type\":\"EntryPoint\",\"urlTemplate\":\"https:\/\/persimon.eu\/fr\/?s={search_term_string}\"},\"query-input\":{\"@type\":\"PropertyValueSpecification\",\"valueRequired\":true,\"valueName\":\"search_term_string\"}}],\"inLanguage\":\"fr-FR\"},{\"@type\":\"Organization\",\"@id\":\"https:\/\/persimon.eu\/fr\/#organization\",\"name\":\"D.O.P Kaki Ribera del X\u00faquer\",\"url\":\"https:\/\/persimon.eu\/fr\/\",\"logo\":{\"@type\":\"ImageObject\",\"inLanguage\":\"fr-FR\",\"@id\":\"https:\/\/persimon.eu\/fr\/#\/schema\/logo\/image\/\",\"url\":\"https:\/\/persimon.eu\/wp-content\/uploads\/2019\/09\/logo-dop-kaki.png\",\"contentUrl\":\"https:\/\/persimon.eu\/wp-content\/uploads\/2019\/09\/logo-dop-kaki.png\",\"width\":227,\"height\":227,\"caption\":\"D.O.P Kaki Ribera del X\u00faquer\"},\"image\":{\"@id\":\"https:\/\/persimon.eu\/fr\/#\/schema\/logo\/image\/\"},\"sameAs\":[\"https:\/\/www.facebook.com\/kakipersimonDOP\/\",\"https:\/\/www.instagram.com\/kakipersimon_\/\",\"https:\/\/www.youtube.com\/channel\/UC7Jcl7rqySAcWf0V1axJ7Bg\"]}]}<\/script>\n<!-- \/ Yoast SEO plugin. -->","yoast_head_json":{"title":"Qui se trouvent derri\u00e8re l\u2019A.O.P. ? - DOP Kaki Ribera del X\u00faquer","description":"L\u2019Appellation d\u2019origine regroupe plus de 6000 agriculteurs, regroup\u00e9s autour de coop\u00e9ratives et d\u2019entreprises de distribution","robots":{"index":"index","follow":"follow","max-snippet":"max-snippet:-1","max-image-preview":"max-image-preview:large","max-video-preview":"max-video-preview:-1"},"canonical":"https:\/\/persimon.eu\/fr\/a-o-p-ribera-del-xuquer\/qui-se-trouvent-derriere-la-o-p\/","og_locale":"fr_FR","og_type":"article","og_title":"Qui se trouvent derri\u00e8re l\u2019A.O.P. ? - DOP Kaki Ribera del X\u00faquer","og_description":"L\u2019Appellation d\u2019origine regroupe plus de 6000 agriculteurs, regroup\u00e9s autour de coop\u00e9ratives et d\u2019entreprises de distribution","og_site_name":"DOP Kaki Ribera del X\u00faquer","article_publisher":"https:\/\/www.facebook.com\/kakipersimonDOP\/","article_modified_time":"2020-10-29T15:14:27+00:00","og_image":[{"url":"https:\/\/persimon.eu\/wp-content\/uploads\/2019\/10\/arrow-down.png","type":"","width":"","height":""}],"twitter_card":"summary_large_image","twitter_misc":{"Dur\u00e9e de lecture estim\u00e9e":"5 minutes"},"schema":{"@context":"https:\/\/schema.org","@graph":[{"@type":"WebPage","@id":"https:\/\/persimon.eu\/fr\/a-o-p-ribera-del-xuquer\/qui-se-trouvent-derriere-la-o-p\/","url":"https:\/\/persimon.eu\/fr\/a-o-p-ribera-del-xuquer\/qui-se-trouvent-derriere-la-o-p\/","name":"Qui se trouvent derri\u00e8re l\u2019A.O.P. ? - DOP Kaki Ribera del X\u00faquer","isPartOf":{"@id":"https:\/\/persimon.eu\/fr\/#website"},"primaryImageOfPage":{"@id":"https:\/\/persimon.eu\/fr\/a-o-p-ribera-del-xuquer\/qui-se-trouvent-derriere-la-o-p\/#primaryimage"},"image":{"@id":"https:\/\/persimon.eu\/fr\/a-o-p-ribera-del-xuquer\/qui-se-trouvent-derriere-la-o-p\/#primaryimage"},"thumbnailUrl":"https:\/\/persimon.eu\/wp-content\/uploads\/2019\/10\/arrow-down.png","datePublished":"2020-10-29T15:08:04+00:00","dateModified":"2020-10-29T15:14:27+00:00","description":"L\u2019Appellation d\u2019origine regroupe plus de 6000 agriculteurs, regroup\u00e9s autour de coop\u00e9ratives et d\u2019entreprises de distribution","breadcrumb":{"@id":"https:\/\/persimon.eu\/fr\/a-o-p-ribera-del-xuquer\/qui-se-trouvent-derriere-la-o-p\/#breadcrumb"},"inLanguage":"fr-FR","potentialAction":[{"@type":"ReadAction","target":["https:\/\/persimon.eu\/fr\/a-o-p-ribera-del-xuquer\/qui-se-trouvent-derriere-la-o-p\/"]}]},{"@type":"ImageObject","inLanguage":"fr-FR","@id":"https:\/\/persimon.eu\/fr\/a-o-p-ribera-del-xuquer\/qui-se-trouvent-derriere-la-o-p\/#primaryimage","url":"https:\/\/persimon.eu\/wp-content\/uploads\/2019\/10\/arrow-down.png","contentUrl":"https:\/\/persimon.eu\/wp-content\/uploads\/2019\/10\/arrow-down.png"},{"@type":"BreadcrumbList","@id":"https:\/\/persimon.eu\/fr\/a-o-p-ribera-del-xuquer\/qui-se-trouvent-derriere-la-o-p\/#breadcrumb","itemListElement":[{"@type":"ListItem","position":1,"name":"Inicio","item":"https:\/\/persimon.eu\/fr\/"},{"@type":"ListItem","position":2,"name":"A.O.P Ribera del X\u00faquer","item":"https:\/\/persimon.eu\/fr\/a-o-p-ribera-del-xuquer\/"},{"@type":"ListItem","position":3,"name":"Qui se trouvent derri\u00e8re l\u2019A.O.P. ?"}]},{"@type":"WebSite","@id":"https:\/\/persimon.eu\/fr\/#website","url":"https:\/\/persimon.eu\/fr\/","name":"DOP Kaki Ribera del X\u00faquer","description":"En nuestra web descubrir\u00e1s todo lo que rodea a nuestros kakis con D.O.P. Ribera del X\u00faquer.","publisher":{"@id":"https:\/\/persimon.eu\/fr\/#organization"},"potentialAction":[{"@type":"SearchAction","target":{"@type":"EntryPoint","urlTemplate":"https:\/\/persimon.eu\/fr\/?s={search_term_string}"},"query-input":{"@type":"PropertyValueSpecification","valueRequired":true,"valueName":"search_term_string"}}],"inLanguage":"fr-FR"},{"@type":"Organization","@id":"https:\/\/persimon.eu\/fr\/#organization","name":"D.O.P Kaki Ribera del X\u00faquer","url":"https:\/\/persimon.eu\/fr\/","logo":{"@type":"ImageObject","inLanguage":"fr-FR","@id":"https:\/\/persimon.eu\/fr\/#\/schema\/logo\/image\/","url":"https:\/\/persimon.eu\/wp-content\/uploads\/2019\/09\/logo-dop-kaki.png","contentUrl":"https:\/\/persimon.eu\/wp-content\/uploads\/2019\/09\/logo-dop-kaki.png","width":227,"height":227,"caption":"D.O.P Kaki Ribera del X\u00faquer"},"image":{"@id":"https:\/\/persimon.eu\/fr\/#\/schema\/logo\/image\/"},"sameAs":["https:\/\/www.facebook.com\/kakipersimonDOP\/","https:\/\/www.instagram.com\/kakipersimon_\/","https:\/\/www.youtube.com\/channel\/UC7Jcl7rqySAcWf0V1axJ7Bg"]}]}},"_links":{"self":[{"href":"https:\/\/persimon.eu\/fr\/wp-json\/wp\/v2\/pages\/2498","targetHints":{"allow":["GET"]}}],"collection":[{"href":"https:\/\/persimon.eu\/fr\/wp-json\/wp\/v2\/pages"}],"about":[{"href":"https:\/\/persimon.eu\/fr\/wp-json\/wp\/v2\/types\/page"}],"author":[{"embeddable":true,"href":"https:\/\/persimon.eu\/fr\/wp-json\/wp\/v2\/users\/1"}],"replies":[{"embeddable":true,"href":"https:\/\/persimon.eu\/fr\/wp-json\/wp\/v2\/comments?post=2498"}],"version-history":[{"count":5,"href":"https:\/\/persimon.eu\/fr\/wp-json\/wp\/v2\/pages\/2498\/revisions"}],"predecessor-version":[{"id":2509,"href":"https:\/\/persimon.eu\/fr\/wp-json\/wp\/v2\/pages\/2498\/revisions\/2509"}],"up":[{"embeddable":true,"href":"https:\/\/persimon.eu\/fr\/wp-json\/wp\/v2\/pages\/2495"}],"wp:attachment":[{"href":"https:\/\/persimon.eu\/fr\/wp-json\/wp\/v2\/media?parent=2498"}],"curies":[{"name":"wp","href":"https:\/\/api.w.org\/{rel}","templated":true}]}}