{"id":2501,"date":"2020-10-29T15:10:49","date_gmt":"2020-10-29T15:10:49","guid":{"rendered":"https:\/\/persimon.eu\/a-o-p-ribera-del-xuquer\/objectifs-de-la-o-p\/"},"modified":"2020-11-29T08:37:00","modified_gmt":"2020-11-29T08:37:00","slug":"objectifs-de-la-o-p","status":"publish","type":"page","link":"https:\/\/persimon.eu\/fr\/a-o-p-ribera-del-xuquer\/objectifs-de-la-o-p\/","title":{"rendered":"Objectifs de l\u2019A.O.P."},"content":{"rendered":"<p>[et_pb_section fb_built=\u00a0\u00bb1&Prime; admin_label=\u00a0\u00bbCONTENIDO\u00a0\u00bb _builder_version=\u00a0\u00bb4.6.6&Prime; background_color=\u00a0\u00bbrgba(0,0,0,0)\u00a0\u00bb custom_margin=\u00a0\u00bb||||false|false\u00a0\u00bb custom_padding=\u00a0\u00bb0px||||false|false\u00a0\u00bb hover_enabled=\u00a0\u00bb0&Prime; custom_css_main_element=\u00a0\u00bbz-index: 10;||top: 0;||left: 0;||position: relative;||min-height: 100vh;||display: flex;||flex-direction: column;||width: 100%;\u00a0\u00bb sticky_enabled=\u00a0\u00bb0&Prime;][et_pb_row make_equal=\u00a0\u00bbon\u00a0\u00bb disabled_on=\u00a0\u00bboff|off|off\u00a0\u00bb admin_label=\u00a0\u00bbROW BREADCRUMBS\u00a0\u00bb _builder_version=\u00a0\u00bb3.29.3&Prime; max_width=\u00a0\u00bb2560px\u00a0\u00bb custom_margin=\u00a0\u00bb0px||0px||false|false\u00a0\u00bb custom_padding=\u00a0\u00bb0px||0px||false|false\u00a0\u00bb][et_pb_column type=\u00a0\u00bb4_4&Prime; _builder_version=\u00a0\u00bb3.29.3&Prime;][et_pb_divider divider_style=\u00a0\u00bbnone\u00a0\u00bb admin_label=\u00a0\u00bbseparadorTitular\u00a0\u00bb module_class=\u00a0\u00bbseparadorTitular\u00a0\u00bb _builder_version=\u00a0\u00bb3.29.3&Prime; custom_margin=\u00a0\u00bb0px||0px||false|false\u00a0\u00bb][\/et_pb_divider][et_pb_code disabled_on=\u00a0\u00bbon|on|off\u00a0\u00bb admin_label=\u00a0\u00bbBreadcrumbs\u00a0\u00bb _builder_version=\u00a0\u00bb3.29.3&Prime; custom_margin=\u00a0\u00bb0px||0px||true|false\u00a0\u00bb]<p id=\"breadcrumbs\"><span><span><a href=\"https:\/\/persimon.eu\/fr\/\">Inicio<\/a><\/span><\/span><\/p>[\/et_pb_code][\/et_pb_column][\/et_pb_row][et_pb_row _builder_version=\u00a0\u00bb3.29.3&Prime;][et_pb_column type=\u00a0\u00bb4_4&Prime; _builder_version=\u00a0\u00bb3.29.3&Prime;][dica_divi_carousel show_items_desktop=\u00a0\u00bb1&Prime; show_items_tablet=\u00a0\u00bb1&Prime; loop=\u00a0\u00bbon\u00a0\u00bb arrow_nav=\u00a0\u00bbon\u00a0\u00bb dot_nav=\u00a0\u00bbon\u00a0\u00bb dot_alignment=\u00a0\u00bbright\u00a0\u00bb equal_height=\u00a0\u00bbon\u00a0\u00bb advanced_effect=\u00a0\u00bb1&Prime; arrow_nav_color=\u00a0\u00bb#666&Prime; arrow_bg_color=\u00a0\u00bbrgba(0,0,0,0)\u00a0\u00bb dots_color=\u00a0\u00bbrgba(102,102,102,0.7)\u00a0\u00bb dots_active_color=\u00a0\u00bb#666&Prime; arrow_position=\u00a0\u00bbmiddle-outside\u00a0\u00bb arrow_show_hover=\u00a0\u00bbon\u00a0\u00bb admin_label=\u00a0\u00bbSlider &#8211; Kaki\u00a0\u00bb _builder_version=\u00a0\u00bb4.0.6&Prime; width=\u00a0\u00bb100%\u00a0\u00bb][dica_divi_carouselitem title=\u00a0\u00bbObjectifs de l\u2019A.O.P.\u00a0\u00bb button_url_new_window=\u00a0\u00bb1&Prime; image=\u00a0\u00bbhttps:\/\/persimon.eu\/wp-content\/uploads\/2019\/11\/01-es.png\u00a0\u00bb module_id=\u00a0\u00bbkaki_mundo\u00a0\u00bb module_class=\u00a0\u00bbkaki_mundo\u00a0\u00bb image_position=\u00a0\u00bbimage_right\u00a0\u00bb mobile_on_top=\u00a0\u00bbon\u00a0\u00bb content_padding=\u00a0\u00bb||||true|true\u00a0\u00bb _builder_version=\u00a0\u00bb4.0.6&Prime; background_color=\u00a0\u00bbrgba(0,0,0,0)\u00a0\u00bb background_enable_color=\u00a0\u00bbon\u00a0\u00bb]Le Conseil r\u00e9gulateur est un organisme semi-public et sans but lucratif, dont l\u2019activit\u00e9 principale est la certification et la promotion de produits. Gr\u00e2ce \u00e0 la certification produit, nous assurons au consommateur que le produit qu\u2019il consomme est conforme aux exigences \u00e9tablies dans le cahier des charges, approuv\u00e9 par la Commission europ\u00e9enne.<\/p>\n<p>D\u2019un autre c\u00f4t\u00e9, avec les campagnes de promotions, nous tentons de faire conna\u00eetre un fruit pratiquement inconnu du consommateur.[\/dica_divi_carouselitem][dica_divi_carouselitem title=\u00a0\u00bbObjectifs de l\u2019A.O.P.\u00a0\u00bb button_url_new_window=\u00a0\u00bb1&Prime; image=\u00a0\u00bbhttps:\/\/persimon.eu\/wp-content\/uploads\/2019\/11\/02-es.png\u00a0\u00bb module_id=\u00a0\u00bbkaki_mundo\u00a0\u00bb module_class=\u00a0\u00bbkaki_mundo\u00a0\u00bb image_position=\u00a0\u00bbimage_right\u00a0\u00bb mobile_on_top=\u00a0\u00bbon\u00a0\u00bb content_padding=\u00a0\u00bb||||true|true\u00a0\u00bb _builder_version=\u00a0\u00bb4.0.6&Prime; background_color=\u00a0\u00bbrgba(0,0,0,0)\u00a0\u00bb background_enable_color=\u00a0\u00bbon\u00a0\u00bb]La cr\u00e9ation des Appellations d\u2019origine est une initiative de la Commission europ\u00e9enne pour favoriser la reconnaissance des populations des zones rurales ayant des productions diff\u00e9renci\u00e9es et de qualit\u00e9. Elles permettent aux consommateurs d\u2019identifier ce m\u00eame produit, et aux producteurs d\u2019obtenir une garantie de revenus dignes pour mener \u00e0 bien leurs activit\u00e9s, \u00e9vitant ainsi l\u2019abandon des zones rurales par manque de rentabilit\u00e9.[\/dica_divi_carouselitem][dica_divi_carouselitem title=\u00a0\u00bbObjectifs de l\u2019A.O.P.\u00a0\u00bb button_url_new_window=\u00a0\u00bb1&Prime; image=\u00a0\u00bbhttps:\/\/persimon.eu\/wp-content\/uploads\/2019\/11\/03-es.png\u00a0\u00bb module_id=\u00a0\u00bbkaki_mundo\u00a0\u00bb module_class=\u00a0\u00bbkaki_mundo\u00a0\u00bb image_position=\u00a0\u00bbimage_right\u00a0\u00bb mobile_on_top=\u00a0\u00bbon\u00a0\u00bb content_padding=\u00a0\u00bb||||true|true\u00a0\u00bb _builder_version=\u00a0\u00bb4.0.6&Prime; background_color=\u00a0\u00bbrgba(0,0,0,0)\u00a0\u00bb background_enable_color=\u00a0\u00bbon\u00a0\u00bb]<\/p>\n<p><span>D\u2019un c\u00f4t\u00e9, le consommateur sait qu\u2019en achetant un produit certifi\u00e9 Appellation d\u2019origine, il ach\u00e8te un produit de qualit\u00e9 reconnue et certifi\u00e9e, conforme aux exigences contenues dans le cahier des charges approuv\u00e9 par la Commission europ\u00e9enne. D\u2019un autre c\u00f4t\u00e9, le producteur, en \u00e9change de se conformer \u00e0 des exigences suppl\u00e9mentaires quant \u00e0 l\u2019origine du fruit, sa tra\u00e7abilit\u00e9 et aux pratiques de culture, obtient une reconnaissance devant le consommateur. Ce dernier reconna\u00eet son effort et son travail pour lui offrir un produit de qualit\u00e9, permettant de maintenir les activit\u00e9s dans certaines r\u00e9gions, conservant ainsi leur paysage traditionnel, et \u00e9vitant par l\u00e0 m\u00eame l\u2019abandon et la d\u00e9gradation des zones rurales.<\/span><\/p>\n<p>[\/dica_divi_carouselitem][\/dica_divi_carousel][\/et_pb_column][\/et_pb_row][et_pb_row column_structure=\u00a0\u00bb2_3,1_3&Prime; _builder_version=\u00a0\u00bb3.29.3&Prime; max_width=\u00a0\u00bb2560px\u00a0\u00bb custom_margin=\u00a0\u00bb0px||0px||false|false\u00a0\u00bb custom_padding=\u00a0\u00bb0px||0px||false|false\u00a0\u00bb][et_pb_column type=\u00a0\u00bb2_3&Prime; _builder_version=\u00a0\u00bb3.29.3&Prime;][et_pb_text admin_label=\u00a0\u00bbSubMenu-DOP\u00a0\u00bb module_class=\u00a0\u00bbsubmenu\u00a0\u00bb _builder_version=\u00a0\u00bb3.29.3&Prime; custom_margin=\u00a0\u00bb||||false|false\u00a0\u00bb custom_padding=\u00a0\u00bb40px|50px|40px|50px|false|false\u00a0\u00bb]<\/p>\n<ul>\n<li><a href=\"https:\/\/persimon.eu\/fr\/a-o-p-ribera-del-xuquer\/qui-se-trouvent-derriere-la-o-p\/\" title=\"Qui se trouvent derri\u00e8re l\u2019A.O.P. ?\">Qui se trouvent derri\u00e8re l\u2019A.O.P. ?<\/a><\/li>\n<li class=\"active\"><a href=\"https:\/\/persimon.eu\/fr\/a-o-p-ribera-del-xuquer\/objectifs-de-la-o-p\/\" title=\"Objectifs de l\u2019A.O.P.\">Objectifs de l\u2019A.O.P.<\/a><\/li>\n<li><a href=\"https:\/\/persimon.eu\/fr\/a-o-p-ribera-del-xuquer\/qualite-et-innovation\/\" title=\"Qualit\u00e9 et Innovation\">Qualit\u00e9 et Innovation<\/a><\/li>\n<\/ul>\n<p>&nbsp;[\/et_pb_text][\/et_pb_column][et_pb_column type=\u00a0\u00bb1_3&Prime; _builder_version=\u00a0\u00bb3.29.3&Prime; background_enable_image=\u00a0\u00bboff\u00a0\u00bb][et_pb_divider divider_style=\u00a0\u00bbnone\u00a0\u00bb _builder_version=\u00a0\u00bb3.29.3&Prime; height=\u00a0\u00bb1px\u00a0\u00bb max_height=\u00a0\u00bb1000px\u00a0\u00bb custom_margin=\u00a0\u00bb0px||0px||false|false\u00a0\u00bb][\/et_pb_divider][\/et_pb_column][\/et_pb_row][\/et_pb_section]<\/p>\n","protected":false},"excerpt":{"rendered":"<p><p id=\"breadcrumbs\"><span><span><a href=\"https:\/\/persimon.eu\/fr\/\">Inicio<\/a><\/span><\/span><\/p><div class=\"et_pb_module dica_divi_carousel dica_divi_carousel_0\">\n\t\t\t\t\n\t\t\t\t\n\t\t\t\t\n\t\t\t\t\n\t\t\t\t\n\t\t\t\t\n\t\t\t\t<div class=\"et_pb_module_inner\">\n\t\t\t\t\t<div class=\"dica-container  desktop_middle-outside tablet_middle-outside mobile_middle-outside arrow-on-hover\" data-props='{\"desktop\":\"1\",\"tablet\":\"1\",\"mobile\":\"1\",\"speed\":\"500\",\"arrow\":\"on\",\"dots\":\"on\",\"autoplay\":\"off\",\"autoSpeed\":\"1000\",\"loop\":\"on\",\"item_spacing\":\"30\",\"center_mode\":\"off\",\"slider_effec\":\"1\",\"cover_rotate\":\"50\",\"pause_onhover\":\"off\",\"multislide\":\"off\",\"cfshadow\":\"on\",\"order\":\"0\",\"lazyload\":\"off\",\"lazybefore\":\"off\",\"scroller_effect\":\"off\",\"autowidth\":\"off\",\"item_spacing_tablet\":\"30\",\"item_spacing_phone\":\"30\",\"scroller_speed\":\"4000\",\"hashNavigation\":\"off\",\"simulatetouch\":\"off\",\"allowtouchmove\":\"off\",\"slide_row\":\"1\",\"slide_row_tablet\":\"1\",\"slide_row_phone\":\"1\",\"keyboard\":\"off\",\"mousewheel\":\"off\",\"autoplay_viewport\":\"\"}'>\n\t\t\t\t\t\t\t \t<div class=\"swiper-container\" >\n\t\t\t\t\t\t\t\t\t<div class=\"swiper-wrapper\"><\/div>\t\n\t\t\t\t\t\t\t\t<\/div>\t\n\t\t\t\t\t\t\t\t<div class=\"swiper-buttton-container\"><div class=\"swiper-button-prev dica-prev-btn-0\" data-icon=\"4\"><\/div><div class=\"swiper-button-next dica-next-btn-0\" data-icon=\"5\"><\/div><\/div>\n\t\t\t\t\t\t\t\t<div class=\"swiper-pagination dica-paination-0\"><\/div>\t\t\t\t\t\t\n\t\t\t\t\t\t\t<\/div>\n\t\t\t\t<\/div>\n\t\t\t<\/div><div id=\"kaki_mundo\" class=\"et_pb_module dica_divi_carouselitem dica_divi_carouselitem_0 kaki_mundo\">\n\t\t\t\t\n\t\t\t\t\n\t\t\t\t\n\t\t\t\t\n\t\t\t\t\n\t\t\t\t\n\t\t\t\t<div class=\"et_pb_module_inner\">\n\t\t\t\t\t <div class=\"dica-item image_right\"   data-hash=\"dica_divi_carouselitem_0\">\n\t\t\t\t\t\t\t\t\t<div class=\"dica-image-container\"><span class=\"image\"><img loading=\"lazy\" decoding=\"async\" src=\"https:\/\/persimon.eu\/wp-content\/uploads\/2019\/11\/01-es.png\" srcset=\"https:\/\/persimon.eu\/wp-content\/uploads\/2019\/11\/01-es.png 1498w, https:\/\/persimon.eu\/wp-content\/uploads\/2019\/11\/01-es-1280x1042.png 1280w, https:\/\/persimon.eu\/wp-content\/uploads\/2019\/11\/01-es-980x797.png 980w, https:\/\/persimon.eu\/wp-content\/uploads\/2019\/11\/01-es-480x391.png 480w\" alt=\"\" class=\"dica-item-image\" width=\"1498\" height=\"1219\"\/><\/span><\/div>\n\t\t\t\t\t\t\t\t\t<div class=\"dica-item-content\"><h4 class=\"item-title\">Objectifs de l\u2019A.O.P.<\/h4>   <div \n\t\t\t\t\t\tclass=\"content \" \n\t\t\t\t\t\tdata-settings='{\"status\":\"false\",\"responsive\":\"off\",\"limit\":\"\",\"limit_tablet\":\"\",\"limit_phone\":\"\",\"text_more\":\"\",\"text_less\":\"\"}'>\n\t\t\t\t\t\tLe Conseil r\u00e9gulateur est un organisme semi-public et sans but lucratif, dont l\u2019activit\u00e9 principale est la certification et la promotion de produits. Gr\u00e2ce \u00e0 la certification produit, nous assurons au consommateur que le produit qu\u2019il consomme est conforme aux exigences \u00e9tablies dans le cahier des charges, approuv\u00e9 par la Commission europ\u00e9enne. D\u2019un autre c\u00f4t\u00e9, avec les campagnes de promotions, nous tentons de faire conna\u00eetre un fruit pratiquement inconnu du consommateur.\n\t\t\t\t\t<\/div>\n\t\t\t\t\t<noscript class=\"content_storage\">Le Conseil r\u00e9gulateur est un organisme semi-public et sans but lucratif, dont l\u2019activit\u00e9 principale est la certification et la promotion de produits. Gr\u00e2ce \u00e0 la certification produit, nous assurons au consommateur que le produit qu\u2019il consomme est conforme aux exigences \u00e9tablies dans le cahier des charges, approuv\u00e9 par la Commission europ\u00e9enne. D\u2019un autre c\u00f4t\u00e9, avec les campagnes de promotions, nous tentons de faire conna\u00eetre un fruit pratiquement inconnu du consommateur.<\/noscript>     <\/div>\n\t\t\t\t\t\t\t<\/div>\n\t\t\t\t<\/div>\n\t\t\t<\/div><div id=\"kaki_mundo\" class=\"et_pb_module dica_divi_carouselitem dica_divi_carouselitem_1 kaki_mundo\">\n\t\t\t\t\n\t\t\t\t\n\t\t\t\t\n\t\t\t\t\n\t\t\t\t\n\t\t\t\t\n\t\t\t\t<div class=\"et_pb_module_inner\">\n\t\t\t\t\t <div class=\"dica-item image_right\"   data-hash=\"dica_divi_carouselitem_1\">\n\t\t\t\t\t\t\t\t\t<div class=\"dica-image-container\"><span class=\"image\"><img loading=\"lazy\" decoding=\"async\" src=\"https:\/\/persimon.eu\/wp-content\/uploads\/2019\/11\/02-es.png\" srcset=\"https:\/\/persimon.eu\/wp-content\/uploads\/2019\/11\/02-es.png 1498w, https:\/\/persimon.eu\/wp-content\/uploads\/2019\/11\/02-es-1280x1042.png 1280w, https:\/\/persimon.eu\/wp-content\/uploads\/2019\/11\/02-es-980x797.png 980w, https:\/\/persimon.eu\/wp-content\/uploads\/2019\/11\/02-es-480x391.png 480w\" alt=\"\" class=\"dica-item-image\" width=\"1498\" height=\"1219\"\/><\/span><\/div>\n\t\t\t\t\t\t\t\t\t<div class=\"dica-item-content\"><h4 class=\"item-title\">Objectifs de l\u2019A.O.P.<\/h4>   <div \n\t\t\t\t\t\tclass=\"content \" \n\t\t\t\t\t\tdata-settings='{\"status\":\"false\",\"responsive\":\"off\",\"limit\":\"\",\"limit_tablet\":\"\",\"limit_phone\":\"\",\"text_more\":\"\",\"text_less\":\"\"}'>\n\t\t\t\t\t\tLa cr\u00e9ation des Appellations d\u2019origine est une initiative de la Commission europ\u00e9enne pour favoriser la reconnaissance des populations des zones rurales ayant des productions diff\u00e9renci\u00e9es et de qualit\u00e9. Elles permettent aux consommateurs d\u2019identifier ce m\u00eame produit, et aux producteurs d\u2019obtenir une garantie de revenus dignes pour mener \u00e0 bien leurs activit\u00e9s, \u00e9vitant ainsi l\u2019abandon des zones rurales par manque de rentabilit\u00e9.\n\t\t\t\t\t<\/div>\n\t\t\t\t\t<noscript class=\"content_storage\">La cr\u00e9ation des Appellations d\u2019origine est une initiative de la Commission europ\u00e9enne pour favoriser la reconnaissance des populations des zones rurales ayant des productions diff\u00e9renci\u00e9es et de qualit\u00e9. Elles permettent aux consommateurs d\u2019identifier ce m\u00eame produit, et aux producteurs d\u2019obtenir une garantie de revenus dignes pour mener \u00e0 bien leurs activit\u00e9s, \u00e9vitant ainsi l\u2019abandon des zones rurales par manque de rentabilit\u00e9.<\/noscript>     <\/div>\n\t\t\t\t\t\t\t<\/div>\n\t\t\t\t<\/div>\n\t\t\t<\/div><div id=\"kaki_mundo\" class=\"et_pb_module dica_divi_carouselitem dica_divi_carouselitem_2 kaki_mundo\">\n\t\t\t\t\n\t\t\t\t\n\t\t\t\t\n\t\t\t\t\n\t\t\t\t\n\t\t\t\t\n\t\t\t\t<div class=\"et_pb_module_inner\">\n\t\t\t\t\t <div class=\"dica-item image_right\"   data-hash=\"dica_divi_carouselitem_2\">\n\t\t\t\t\t\t\t\t\t<div class=\"dica-image-container\"><span class=\"image\"><img loading=\"lazy\" decoding=\"async\" src=\"https:\/\/persimon.eu\/wp-content\/uploads\/2019\/11\/03-es.png\" srcset=\"https:\/\/persimon.eu\/wp-content\/uploads\/2019\/11\/03-es.png 1498w, https:\/\/persimon.eu\/wp-content\/uploads\/2019\/11\/03-es-1280x1042.png 1280w, https:\/\/persimon.eu\/wp-content\/uploads\/2019\/11\/03-es-980x797.png 980w, https:\/\/persimon.eu\/wp-content\/uploads\/2019\/11\/03-es-480x391.png 480w\" alt=\"\" class=\"dica-item-image\" width=\"1498\" height=\"1219\"\/><\/span><\/div>\n\t\t\t\t\t\t\t\t\t<div class=\"dica-item-content\"><h4 class=\"item-title\">Objectifs de l\u2019A.O.P.<\/h4>        <\/div>\n\t\t\t\t\t\t\t<\/div>\n\t\t\t\t<\/div>\n\t\t\t<\/div>D\u2019un c\u00f4t\u00e9, le consommateur sait qu\u2019en achetant un produit certifi\u00e9 Appellation d\u2019origine, il [&hellip;]<\/p>\n","protected":false},"author":1,"featured_media":0,"parent":2495,"menu_order":0,"comment_status":"closed","ping_status":"closed","template":"","meta":{"_acf_changed":false,"_et_pb_use_builder":"on","_et_pb_old_content":"","_et_gb_content_width":"","footnotes":""},"class_list":["post-2501","page","type-page","status-publish","hentry"],"acf":[],"yoast_head":"<!-- This site is optimized with the Yoast SEO plugin v27.1.1 - https:\/\/yoast.com\/product\/yoast-seo-wordpress\/ -->\n<title>Objectifs de l\u2019A.O.P. - DOP Kaki Ribera del X\u00faquer<\/title>\n<meta name=\"description\" content=\"Le Conseil r\u00e9gulateur est un organisme semi-public et sans but lucratif, dont l\u2019activit\u00e9 principale est la certification et la promotion de produits\" \/>\n<meta name=\"robots\" content=\"index, follow, max-snippet:-1, max-image-preview:large, max-video-preview:-1\" \/>\n<link rel=\"canonical\" href=\"https:\/\/persimon.eu\/fr\/a-o-p-ribera-del-xuquer\/objectifs-de-la-o-p\/\" \/>\n<meta property=\"og:locale\" content=\"fr_FR\" \/>\n<meta property=\"og:type\" content=\"article\" \/>\n<meta property=\"og:title\" content=\"Objectifs de l\u2019A.O.P. - DOP Kaki Ribera del X\u00faquer\" \/>\n<meta property=\"og:description\" content=\"Le Conseil r\u00e9gulateur est un organisme semi-public et sans but lucratif, dont l\u2019activit\u00e9 principale est la certification et la promotion de produits\" \/>\n<meta property=\"og:site_name\" content=\"DOP Kaki Ribera del X\u00faquer\" \/>\n<meta property=\"article:publisher\" content=\"https:\/\/www.facebook.com\/kakipersimonDOP\/\" \/>\n<meta property=\"article:modified_time\" content=\"2020-11-29T08:37:00+00:00\" \/>\n<meta name=\"twitter:card\" content=\"summary_large_image\" \/>\n<meta name=\"twitter:label1\" content=\"Dur\u00e9e de lecture estim\u00e9e\" \/>\n\t<meta name=\"twitter:data1\" content=\"4 minutes\" \/>\n<script type=\"application\/ld+json\" class=\"yoast-schema-graph\">{\"@context\":\"https:\/\/schema.org\",\"@graph\":[{\"@type\":\"WebPage\",\"@id\":\"https:\/\/persimon.eu\/fr\/a-o-p-ribera-del-xuquer\/objectifs-de-la-o-p\/\",\"url\":\"https:\/\/persimon.eu\/fr\/a-o-p-ribera-del-xuquer\/objectifs-de-la-o-p\/\",\"name\":\"Objectifs de l\u2019A.O.P. - DOP Kaki Ribera del X\u00faquer\",\"isPartOf\":{\"@id\":\"https:\/\/persimon.eu\/fr\/#website\"},\"datePublished\":\"2020-10-29T15:10:49+00:00\",\"dateModified\":\"2020-11-29T08:37:00+00:00\",\"description\":\"Le Conseil r\u00e9gulateur est un organisme semi-public et sans but lucratif, dont l\u2019activit\u00e9 principale est la certification et la promotion de produits\",\"breadcrumb\":{\"@id\":\"https:\/\/persimon.eu\/fr\/a-o-p-ribera-del-xuquer\/objectifs-de-la-o-p\/#breadcrumb\"},\"inLanguage\":\"fr-FR\",\"potentialAction\":[{\"@type\":\"ReadAction\",\"target\":[\"https:\/\/persimon.eu\/fr\/a-o-p-ribera-del-xuquer\/objectifs-de-la-o-p\/\"]}]},{\"@type\":\"BreadcrumbList\",\"@id\":\"https:\/\/persimon.eu\/fr\/a-o-p-ribera-del-xuquer\/objectifs-de-la-o-p\/#breadcrumb\",\"itemListElement\":[{\"@type\":\"ListItem\",\"position\":1,\"name\":\"Inicio\",\"item\":\"https:\/\/persimon.eu\/fr\/\"},{\"@type\":\"ListItem\",\"position\":2,\"name\":\"A.O.P Ribera del X\u00faquer\",\"item\":\"https:\/\/persimon.eu\/fr\/a-o-p-ribera-del-xuquer\/\"},{\"@type\":\"ListItem\",\"position\":3,\"name\":\"Objectifs de l\u2019A.O.P.\"}]},{\"@type\":\"WebSite\",\"@id\":\"https:\/\/persimon.eu\/fr\/#website\",\"url\":\"https:\/\/persimon.eu\/fr\/\",\"name\":\"DOP Kaki Ribera del X\u00faquer\",\"description\":\"En nuestra web descubrir\u00e1s todo lo que rodea a nuestros kakis con D.O.P. Ribera del X\u00faquer.\",\"publisher\":{\"@id\":\"https:\/\/persimon.eu\/fr\/#organization\"},\"potentialAction\":[{\"@type\":\"SearchAction\",\"target\":{\"@type\":\"EntryPoint\",\"urlTemplate\":\"https:\/\/persimon.eu\/fr\/?s={search_term_string}\"},\"query-input\":{\"@type\":\"PropertyValueSpecification\",\"valueRequired\":true,\"valueName\":\"search_term_string\"}}],\"inLanguage\":\"fr-FR\"},{\"@type\":\"Organization\",\"@id\":\"https:\/\/persimon.eu\/fr\/#organization\",\"name\":\"D.O.P Kaki Ribera del X\u00faquer\",\"url\":\"https:\/\/persimon.eu\/fr\/\",\"logo\":{\"@type\":\"ImageObject\",\"inLanguage\":\"fr-FR\",\"@id\":\"https:\/\/persimon.eu\/fr\/#\/schema\/logo\/image\/\",\"url\":\"https:\/\/persimon.eu\/wp-content\/uploads\/2019\/09\/logo-dop-kaki.png\",\"contentUrl\":\"https:\/\/persimon.eu\/wp-content\/uploads\/2019\/09\/logo-dop-kaki.png\",\"width\":227,\"height\":227,\"caption\":\"D.O.P Kaki Ribera del X\u00faquer\"},\"image\":{\"@id\":\"https:\/\/persimon.eu\/fr\/#\/schema\/logo\/image\/\"},\"sameAs\":[\"https:\/\/www.facebook.com\/kakipersimonDOP\/\",\"https:\/\/www.instagram.com\/kakipersimon_\/\",\"https:\/\/www.youtube.com\/channel\/UC7Jcl7rqySAcWf0V1axJ7Bg\"]}]}<\/script>\n<!-- \/ Yoast SEO plugin. -->","yoast_head_json":{"title":"Objectifs de l\u2019A.O.P. - DOP Kaki Ribera del X\u00faquer","description":"Le Conseil r\u00e9gulateur est un organisme semi-public et sans but lucratif, dont l\u2019activit\u00e9 principale est la certification et la promotion de produits","robots":{"index":"index","follow":"follow","max-snippet":"max-snippet:-1","max-image-preview":"max-image-preview:large","max-video-preview":"max-video-preview:-1"},"canonical":"https:\/\/persimon.eu\/fr\/a-o-p-ribera-del-xuquer\/objectifs-de-la-o-p\/","og_locale":"fr_FR","og_type":"article","og_title":"Objectifs de l\u2019A.O.P. - DOP Kaki Ribera del X\u00faquer","og_description":"Le Conseil r\u00e9gulateur est un organisme semi-public et sans but lucratif, dont l\u2019activit\u00e9 principale est la certification et la promotion de produits","og_site_name":"DOP Kaki Ribera del X\u00faquer","article_publisher":"https:\/\/www.facebook.com\/kakipersimonDOP\/","article_modified_time":"2020-11-29T08:37:00+00:00","twitter_card":"summary_large_image","twitter_misc":{"Dur\u00e9e de lecture estim\u00e9e":"4 minutes"},"schema":{"@context":"https:\/\/schema.org","@graph":[{"@type":"WebPage","@id":"https:\/\/persimon.eu\/fr\/a-o-p-ribera-del-xuquer\/objectifs-de-la-o-p\/","url":"https:\/\/persimon.eu\/fr\/a-o-p-ribera-del-xuquer\/objectifs-de-la-o-p\/","name":"Objectifs de l\u2019A.O.P. - DOP Kaki Ribera del X\u00faquer","isPartOf":{"@id":"https:\/\/persimon.eu\/fr\/#website"},"datePublished":"2020-10-29T15:10:49+00:00","dateModified":"2020-11-29T08:37:00+00:00","description":"Le Conseil r\u00e9gulateur est un organisme semi-public et sans but lucratif, dont l\u2019activit\u00e9 principale est la certification et la promotion de produits","breadcrumb":{"@id":"https:\/\/persimon.eu\/fr\/a-o-p-ribera-del-xuquer\/objectifs-de-la-o-p\/#breadcrumb"},"inLanguage":"fr-FR","potentialAction":[{"@type":"ReadAction","target":["https:\/\/persimon.eu\/fr\/a-o-p-ribera-del-xuquer\/objectifs-de-la-o-p\/"]}]},{"@type":"BreadcrumbList","@id":"https:\/\/persimon.eu\/fr\/a-o-p-ribera-del-xuquer\/objectifs-de-la-o-p\/#breadcrumb","itemListElement":[{"@type":"ListItem","position":1,"name":"Inicio","item":"https:\/\/persimon.eu\/fr\/"},{"@type":"ListItem","position":2,"name":"A.O.P Ribera del X\u00faquer","item":"https:\/\/persimon.eu\/fr\/a-o-p-ribera-del-xuquer\/"},{"@type":"ListItem","position":3,"name":"Objectifs de l\u2019A.O.P."}]},{"@type":"WebSite","@id":"https:\/\/persimon.eu\/fr\/#website","url":"https:\/\/persimon.eu\/fr\/","name":"DOP Kaki Ribera del X\u00faquer","description":"En nuestra web descubrir\u00e1s todo lo que rodea a nuestros kakis con D.O.P. Ribera del X\u00faquer.","publisher":{"@id":"https:\/\/persimon.eu\/fr\/#organization"},"potentialAction":[{"@type":"SearchAction","target":{"@type":"EntryPoint","urlTemplate":"https:\/\/persimon.eu\/fr\/?s={search_term_string}"},"query-input":{"@type":"PropertyValueSpecification","valueRequired":true,"valueName":"search_term_string"}}],"inLanguage":"fr-FR"},{"@type":"Organization","@id":"https:\/\/persimon.eu\/fr\/#organization","name":"D.O.P Kaki Ribera del X\u00faquer","url":"https:\/\/persimon.eu\/fr\/","logo":{"@type":"ImageObject","inLanguage":"fr-FR","@id":"https:\/\/persimon.eu\/fr\/#\/schema\/logo\/image\/","url":"https:\/\/persimon.eu\/wp-content\/uploads\/2019\/09\/logo-dop-kaki.png","contentUrl":"https:\/\/persimon.eu\/wp-content\/uploads\/2019\/09\/logo-dop-kaki.png","width":227,"height":227,"caption":"D.O.P Kaki Ribera del X\u00faquer"},"image":{"@id":"https:\/\/persimon.eu\/fr\/#\/schema\/logo\/image\/"},"sameAs":["https:\/\/www.facebook.com\/kakipersimonDOP\/","https:\/\/www.instagram.com\/kakipersimon_\/","https:\/\/www.youtube.com\/channel\/UC7Jcl7rqySAcWf0V1axJ7Bg"]}]}},"_links":{"self":[{"href":"https:\/\/persimon.eu\/fr\/wp-json\/wp\/v2\/pages\/2501","targetHints":{"allow":["GET"]}}],"collection":[{"href":"https:\/\/persimon.eu\/fr\/wp-json\/wp\/v2\/pages"}],"about":[{"href":"https:\/\/persimon.eu\/fr\/wp-json\/wp\/v2\/types\/page"}],"author":[{"embeddable":true,"href":"https:\/\/persimon.eu\/fr\/wp-json\/wp\/v2\/users\/1"}],"replies":[{"embeddable":true,"href":"https:\/\/persimon.eu\/fr\/wp-json\/wp\/v2\/comments?post=2501"}],"version-history":[{"count":7,"href":"https:\/\/persimon.eu\/fr\/wp-json\/wp\/v2\/pages\/2501\/revisions"}],"predecessor-version":[{"id":2806,"href":"https:\/\/persimon.eu\/fr\/wp-json\/wp\/v2\/pages\/2501\/revisions\/2806"}],"up":[{"embeddable":true,"href":"https:\/\/persimon.eu\/fr\/wp-json\/wp\/v2\/pages\/2495"}],"wp:attachment":[{"href":"https:\/\/persimon.eu\/fr\/wp-json\/wp\/v2\/media?parent=2501"}],"curies":[{"name":"wp","href":"https:\/\/api.w.org\/{rel}","templated":true}]}}