{"id":2520,"date":"2020-10-29T15:43:00","date_gmt":"2020-10-29T15:43:00","guid":{"rendered":"https:\/\/persimon.eu\/campagnes-internationales\/"},"modified":"2020-10-29T15:43:01","modified_gmt":"2020-10-29T15:43:01","slug":"campagnes-internationales","status":"publish","type":"page","link":"https:\/\/persimon.eu\/fr\/campagnes-internationales\/","title":{"rendered":"Campagnes internationales"},"content":{"rendered":"\n[et_pb_section fb_built=\u00a0\u00bb1&Prime; admin_label=\u00a0\u00bbCampa\u00f1as\u00a0\u00bb module_id=\u00a0\u00bbDocumentation\u00a0\u00bb _builder_version=\u00a0\u00bb4.4.4&Prime; background_color=\u00a0\u00bbrgba(0,0,0,0)\u00a0\u00bb custom_margin=\u00a0\u00bb||||false|false\u00a0\u00bb hover_enabled=\u00a0\u00bb0&Prime; custom_css_main_element=\u00a0\u00bbz-index: 10;||min-height: 100vh;||display: flex;||flex-direction: column;||width: 100%;\u00a0\u00bb][et_pb_row make_equal=\u00a0\u00bbon\u00a0\u00bb disabled_on=\u00a0\u00bboff|off|off\u00a0\u00bb admin_label=\u00a0\u00bbROW BREADCRUMBS\u00a0\u00bb _builder_version=\u00a0\u00bb3.29.3&Prime; max_width=\u00a0\u00bb2560px\u00a0\u00bb custom_margin=\u00a0\u00bb0px||0px||false|false\u00a0\u00bb custom_padding=\u00a0\u00bb0px||0px||false|false\u00a0\u00bb][et_pb_column type=\u00a0\u00bb4_4&Prime; _builder_version=\u00a0\u00bb3.29.3&Prime;][et_pb_divider divider_style=\u00a0\u00bbnone\u00a0\u00bb admin_label=\u00a0\u00bbseparadorTitular\u00a0\u00bb module_class=\u00a0\u00bbseparadorTitular\u00a0\u00bb _builder_version=\u00a0\u00bb4.4.4&Prime; custom_margin=\u00a0\u00bb0px||0px||false|false\u00a0\u00bb][\/et_pb_divider][et_pb_code disabled_on=\u00a0\u00bbon|on|off\u00a0\u00bb admin_label=\u00a0\u00bbBreadcrumbs\u00a0\u00bb _builder_version=\u00a0\u00bb4.4.4&Prime; custom_margin=\u00a0\u00bb0px||0px||true|false\u00a0\u00bb hover_enabled=\u00a0\u00bb0&Prime;]<p id=\"breadcrumbs\"><span><span><a href=\"https:\/\/persimon.eu\/fr\/\">Inicio<\/a><\/span><\/span><\/p>[\/et_pb_code][et_pb_divider divider_style=\u00a0\u00bbnone\u00a0\u00bb disabled_on=\u00a0\u00bbon|on|off\u00a0\u00bb _builder_version=\u00a0\u00bb3.29.3&Prime; height=\u00a0\u00bb40px\u00a0\u00bb custom_margin=\u00a0\u00bb0px||0px||false|false\u00a0\u00bb][\/et_pb_divider][\/et_pb_column][\/et_pb_row][et_pb_row column_structure=\u00a0\u00bb1_2,1_2&Prime; make_equal=\u00a0\u00bbon\u00a0\u00bb _builder_version=\u00a0\u00bb3.29.3&Prime; max_width=\u00a0\u00bb2560px\u00a0\u00bb custom_margin=\u00a0\u00bb0px||0px||false|false\u00a0\u00bb custom_padding=\u00a0\u00bb0px||0px||false|false\u00a0\u00bb][et_pb_column type=\u00a0\u00bb1_2&Prime; _builder_version=\u00a0\u00bb3.29.3&Prime;][et_pb_text module_class=\u00a0\u00bbkaki-titular\u00a0\u00bb _builder_version=\u00a0\u00bb4.4.4&Prime; header_font_size=\u00a0\u00bb60px\u00a0\u00bb custom_margin=\u00a0\u00bb||0px||false|false\u00a0\u00bb custom_padding=\u00a0\u00bb|50px||50px|false|true\u00a0\u00bb hover_enabled=\u00a0\u00bb0&Prime;]<h1>Campagnes internationales<\/h1>[\/et_pb_text][et_pb_text module_class=\u00a0\u00bbbloqueTexto80&Prime; _builder_version=\u00a0\u00bb4.4.4&Prime; custom_margin=\u00a0\u00bb0px||||false|false\u00a0\u00bb custom_padding=\u00a0\u00bb40px|50px|40px|50px|true|true\u00a0\u00bb hover_enabled=\u00a0\u00bb0&Prime;]Campagnes internationales de l\u2019Appellation d\u2019origine prot\u00e9g\u00e9e Kaki Ribera del X\u00faquer.[\/et_pb_text][\/et_pb_column][et_pb_column type=\u00a0\u00bb1_2&Prime; _builder_version=\u00a0\u00bb3.29.3&Prime; background_enable_image=\u00a0\u00bboff\u00a0\u00bb][et_pb_divider divider_style=\u00a0\u00bbnone\u00a0\u00bb _builder_version=\u00a0\u00bb3.29.3&Prime; height=\u00a0\u00bb1px\u00a0\u00bb max_height=\u00a0\u00bb1000px\u00a0\u00bb custom_margin=\u00a0\u00bb0px||0px||false|false\u00a0\u00bb][\/et_pb_divider][\/et_pb_column][\/et_pb_row][et_pb_row _builder_version=\u00a0\u00bb3.29.3&Prime; custom_margin=\u00a0\u00bb0px||0px||true|false\u00a0\u00bb][et_pb_column type=\u00a0\u00bb4_4&Prime; _builder_version=\u00a0\u00bb3.29.3&Prime;][dica_divi_carousel show_items_tablet=\u00a0\u00bb5&Prime; arrow_nav=\u00a0\u00bbon\u00a0\u00bb equal_height=\u00a0\u00bbon\u00a0\u00bb advanced_effect=\u00a0\u00bb1&Prime; arrow_nav_color=\u00a0\u00bb#666&Prime; arrow_bg_color=\u00a0\u00bbrgba(0,0,0,0)\u00a0\u00bb dots_color=\u00a0\u00bbrgba(102,102,102,0.7)\u00a0\u00bb dots_active_color=\u00a0\u00bb#666&Prime; align=\u00a0\u00bbcenter\u00a0\u00bb image_sizing=\u00a0\u00bb70px\u00a0\u00bb arrow_position=\u00a0\u00bbmiddle-outside\u00a0\u00bb arrow_show_hover=\u00a0\u00bbon\u00a0\u00bb image_container_margin=\u00a0\u00bb||||false|false\u00a0\u00bb image_container_padding=\u00a0\u00bb||20px||false|false\u00a0\u00bb admin_label=\u00a0\u00bbCarousel &#8211; Documents\u00a0\u00bb _builder_version=\u00a0\u00bb4.4.4&Prime; title_text_align=\u00a0\u00bbcenter\u00a0\u00bb body_text_align=\u00a0\u00bbjustify\u00a0\u00bb hover_enabled=\u00a0\u00bb0&Prime; show_items_desktop=\u00a0\u00bb5&Prime;][dica_divi_carouselitem title=\u00a0\u00bbRoyaume Uni\u00a0\u00bb button_text=\u00a0\u00bbVoir plus\u00a0\u00bb button_url=\u00a0\u00bbhttp:\/\/spanishpersimon.co.uk\/\u00a0\u00bb button_url_new_window=\u00a0\u00bbon\u00a0\u00bb image=\u00a0\u00bbhttps:\/\/persimon.eu\/wp-content\/uploads\/2020\/06\/kaki-uk.png\u00a0\u00bb _builder_version=\u00a0\u00bb4.4.4&Prime; custom_button=\u00a0\u00bbon\u00a0\u00bb button_text_color=\u00a0\u00bb#ffffff\u00a0\u00bb button_bg_color=\u00a0\u00bb#000000&Prime; button_border_width=\u00a0\u00bb1px\u00a0\u00bb button_border_color=\u00a0\u00bb#000000&Prime; button_border_radius=\u00a0\u00bb0px\u00a0\u00bb button_use_icon=\u00a0\u00bboff\u00a0\u00bb button_alignment=\u00a0\u00bbcenter\u00a0\u00bb hover_enabled=\u00a0\u00bb0&Prime; button_rel=\u00a0\u00bboff|off|on|off|off\u00a0\u00bb title_text=\u00a0\u00bbkaki-uk\u00a0\u00bb][\/dica_divi_carouselitem][dica_divi_carouselitem title=\u00a0\u00bbCanada\u00a0\u00bb button_text=\u00a0\u00bbVoir plus\u00a0\u00bb button_url=\u00a0\u00bbhttp:\/\/persimoncanada.com\/\u00a0\u00bb button_url_new_window=\u00a0\u00bbon\u00a0\u00bb image=\u00a0\u00bbhttps:\/\/persimon.eu\/wp-content\/uploads\/2020\/06\/kaki-ca.png\u00a0\u00bb _builder_version=\u00a0\u00bb4.4.4&Prime; custom_button=\u00a0\u00bbon\u00a0\u00bb button_text_color=\u00a0\u00bb#ffffff\u00a0\u00bb button_bg_color=\u00a0\u00bb#000000&Prime; button_border_width=\u00a0\u00bb1px\u00a0\u00bb button_border_color=\u00a0\u00bb#000000&Prime; button_border_radius=\u00a0\u00bb0px\u00a0\u00bb button_use_icon=\u00a0\u00bboff\u00a0\u00bb button_alignment=\u00a0\u00bbcenter\u00a0\u00bb hover_enabled=\u00a0\u00bb0&Prime; button_rel=\u00a0\u00bboff|off|on|off|off\u00a0\u00bb title_text=\u00a0\u00bbkaki-ca\u00a0\u00bb][\/dica_divi_carouselitem][dica_divi_carouselitem title=\u00a0\u00bbMoyen-Orient\u00a0\u00bb button_text=\u00a0\u00bbVoir plus\u00a0\u00bb button_url=\u00a0\u00bbhttp:\/\/persimon-me.com\/ar\u00a0\u00bb button_url_new_window=\u00a0\u00bbon\u00a0\u00bb image=\u00a0\u00bbhttps:\/\/persimon.eu\/wp-content\/uploads\/2020\/06\/kaki-mo.png\u00a0\u00bb _builder_version=\u00a0\u00bb4.4.4&Prime; custom_button=\u00a0\u00bbon\u00a0\u00bb button_text_color=\u00a0\u00bb#ffffff\u00a0\u00bb button_bg_color=\u00a0\u00bb#000000&Prime; button_border_width=\u00a0\u00bb1px\u00a0\u00bb button_border_color=\u00a0\u00bb#000000&Prime; button_border_radius=\u00a0\u00bb0px\u00a0\u00bb button_use_icon=\u00a0\u00bboff\u00a0\u00bb button_alignment=\u00a0\u00bbcenter\u00a0\u00bb hover_enabled=\u00a0\u00bb0&Prime; button_rel=\u00a0\u00bboff|off|on|off|off\u00a0\u00bb title_text=\u00a0\u00bbkaki-mo\u00a0\u00bb][\/dica_divi_carouselitem][dica_divi_carouselitem title=\u00a0\u00bbFrance \u00a0\u00bb button_text=\u00a0\u00bbVoir plus\u00a0\u00bb button_url=\u00a0\u00bbhttps:\/\/fr.pdopgi.eu\/\u00a0\u00bb button_url_new_window=\u00a0\u00bbon\u00a0\u00bb image=\u00a0\u00bbhttps:\/\/persimon.eu\/wp-content\/uploads\/2020\/06\/kaki-fr.png\u00a0\u00bb _builder_version=\u00a0\u00bb4.4.4&Prime; custom_button=\u00a0\u00bbon\u00a0\u00bb button_text_color=\u00a0\u00bb#ffffff\u00a0\u00bb button_bg_color=\u00a0\u00bb#000000&Prime; button_border_width=\u00a0\u00bb1px\u00a0\u00bb button_border_color=\u00a0\u00bb#000000&Prime; button_border_radius=\u00a0\u00bb0px\u00a0\u00bb button_use_icon=\u00a0\u00bboff\u00a0\u00bb button_alignment=\u00a0\u00bbcenter\u00a0\u00bb hover_enabled=\u00a0\u00bb0&Prime; button_rel=\u00a0\u00bboff|off|on|off|off\u00a0\u00bb title_text=\u00a0\u00bbkaki-fr\u00a0\u00bb][\/dica_divi_carouselitem][dica_divi_carouselitem title=\u00a0\u00bbAllemagne\u00a0\u00bb button_text=\u00a0\u00bbVoir plus\u00a0\u00bb button_url=\u00a0\u00bbhttps:\/\/de.pdopgi.eu\/\u00a0\u00bb button_url_new_window=\u00a0\u00bbon\u00a0\u00bb image=\u00a0\u00bbhttps:\/\/persimon.eu\/wp-content\/uploads\/2020\/06\/kaki-de.png\u00a0\u00bb _builder_version=\u00a0\u00bb4.4.4&Prime; custom_button=\u00a0\u00bbon\u00a0\u00bb button_text_color=\u00a0\u00bb#ffffff\u00a0\u00bb button_bg_color=\u00a0\u00bb#000000&Prime; button_border_width=\u00a0\u00bb1px\u00a0\u00bb button_border_color=\u00a0\u00bb#000000&Prime; button_border_radius=\u00a0\u00bb0px\u00a0\u00bb button_use_icon=\u00a0\u00bboff\u00a0\u00bb button_alignment=\u00a0\u00bbcenter\u00a0\u00bb hover_enabled=\u00a0\u00bb0&Prime; button_rel=\u00a0\u00bboff|off|on|off|off\u00a0\u00bb title_text=\u00a0\u00bbkaki-de\u00a0\u00bb][\/dica_divi_carouselitem][\/dica_divi_carousel][\/et_pb_column][\/et_pb_row][\/et_pb_section]\n","protected":false},"excerpt":{"rendered":"<p><p id=\"breadcrumbs\"><span><span><a href=\"https:\/\/persimon.eu\/fr\/\">Inicio<\/a><\/span><\/span><\/p>Campagnes internationalesCampagnes internationales de l\u2019Appellation d\u2019origine prot\u00e9g\u00e9e Kaki Ribera del X\u00faquer.<div class=\"et_pb_module dica_divi_carousel dica_divi_carousel_0\">\n\t\t\t\t\n\t\t\t\t\n\t\t\t\t\n\t\t\t\t\n\t\t\t\t\n\t\t\t\t\n\t\t\t\t<div class=\"et_pb_module_inner\">\n\t\t\t\t\t<div class=\"dica-container  desktop_middle-outside tablet_middle-outside mobile_middle-outside arrow-on-hover\" data-props='{\"desktop\":\"5\",\"tablet\":\"5\",\"mobile\":\"1\",\"speed\":\"500\",\"arrow\":\"on\",\"dots\":\"off\",\"autoplay\":\"off\",\"autoSpeed\":\"1000\",\"loop\":\"off\",\"item_spacing\":\"30\",\"center_mode\":\"off\",\"slider_effec\":\"1\",\"cover_rotate\":\"50\",\"pause_onhover\":\"off\",\"multislide\":\"off\",\"cfshadow\":\"on\",\"order\":\"0\",\"lazyload\":\"off\",\"lazybefore\":\"off\",\"scroller_effect\":\"off\",\"autowidth\":\"off\",\"item_spacing_tablet\":\"30\",\"item_spacing_phone\":\"30\",\"scroller_speed\":\"4000\",\"hashNavigation\":\"off\",\"simulatetouch\":\"off\",\"allowtouchmove\":\"off\",\"slide_row\":\"1\",\"slide_row_tablet\":\"1\",\"slide_row_phone\":\"1\",\"keyboard\":\"off\",\"mousewheel\":\"off\",\"autoplay_viewport\":\"\"}'>\n\t\t\t\t\t\t\t \t<div class=\"swiper-container\" >\n\t\t\t\t\t\t\t\t\t<div class=\"swiper-wrapper\"><div class=\"et_pb_module dica_divi_carouselitem dica_divi_carouselitem_0\">\n\t\t\t\t\n\t\t\t\t\n\t\t\t\t\n\t\t\t\t\n\t\t\t\t\n\t\t\t\t\n\t\t\t\t<div class=\"et_pb_module_inner\">\n\t\t\t\t\t <div class=\"dica-item image_top\"   data-hash=\"dica_divi_carouselitem_0\">\n\t\t\t\t\t\t\t\t\t<div class=\"dica-image-container\"><span class=\"image\"><img loading=\"lazy\" decoding=\"async\" src=\"https:\/\/persimon.eu\/wp-content\/uploads\/2020\/06\/kaki-uk.png\" srcset=\"\" alt=\"\" class=\"dica-item-image\" width=\"179\" height=\"144\"\/><\/span><\/div>\n\t\t\t\t\t\t\t\t\t<div class=\"dica-item-content\"><h4 class=\"item-title\">Royaume Uni<\/h4>        <div class=\"et_pb_button_wrapper\"><a class=\"et_pb_button\" href=\"http:\/\/spanishpersimon.co.uk\/\" target=\"_blank\" rel=\"nofollow\">Voir plus<\/a><\/div><\/div>\n\t\t\t\t\t\t\t<\/div>\n\t\t\t\t<\/div>\n\t\t\t<\/div><div class=\"et_pb_module dica_divi_carouselitem dica_divi_carouselitem_1\">\n\t\t\t\t\n\t\t\t\t\n\t\t\t\t\n\t\t\t\t\n\t\t\t\t\n\t\t\t\t\n\t\t\t\t<div class=\"et_pb_module_inner\">\n\t\t\t\t\t <div class=\"dica-item image_top\"   data-hash=\"dica_divi_carouselitem_1\">\n\t\t\t\t\t\t\t\t\t<div class=\"dica-image-container\"><span class=\"image\"><img loading=\"lazy\" decoding=\"async\" src=\"https:\/\/persimon.eu\/wp-content\/uploads\/2020\/06\/kaki-ca.png\" srcset=\"\" alt=\"\" class=\"dica-item-image\" width=\"179\" height=\"144\"\/><\/span><\/div>\n\t\t\t\t\t\t\t\t\t<div class=\"dica-item-content\"><h4 class=\"item-title\">Canada<\/h4>        <div class=\"et_pb_button_wrapper\"><a class=\"et_pb_button\" href=\"http:\/\/persimoncanada.com\/\" target=\"_blank\" rel=\"nofollow\">Voir plus<\/a><\/div><\/div>\n\t\t\t\t\t\t\t<\/div>\n\t\t\t\t<\/div>\n\t\t\t<\/div><div class=\"et_pb_module dica_divi_carouselitem dica_divi_carouselitem_2\">\n\t\t\t\t\n\t\t\t\t\n\t\t\t\t\n\t\t\t\t\n\t\t\t\t\n\t\t\t\t\n\t\t\t\t<div class=\"et_pb_module_inner\">\n\t\t\t\t\t <div class=\"dica-item image_top\"   data-hash=\"dica_divi_carouselitem_2\">\n\t\t\t\t\t\t\t\t\t<div class=\"dica-image-container\"><span class=\"image\"><img loading=\"lazy\" decoding=\"async\" src=\"https:\/\/persimon.eu\/wp-content\/uploads\/2020\/06\/kaki-mo.png\" srcset=\"\" alt=\"\" class=\"dica-item-image\" width=\"179\" height=\"144\"\/><\/span><\/div>\n\t\t\t\t\t\t\t\t\t<div class=\"dica-item-content\"><h4 class=\"item-title\">Moyen-Orient<\/h4>        <div class=\"et_pb_button_wrapper\"><a class=\"et_pb_button\" href=\"http:\/\/persimon-me.com\/ar\" target=\"_blank\" rel=\"nofollow\">Voir plus<\/a><\/div><\/div>\n\t\t\t\t\t\t\t<\/div>\n\t\t\t\t<\/div>\n\t\t\t<\/div><div class=\"et_pb_module dica_divi_carouselitem dica_divi_carouselitem_3\">\n\t\t\t\t\n\t\t\t\t\n\t\t\t\t\n\t\t\t\t\n\t\t\t\t\n\t\t\t\t\n\t\t\t\t<div class=\"et_pb_module_inner\">\n\t\t\t\t\t <div class=\"dica-item image_top\"   data-hash=\"dica_divi_carouselitem_3\">\n\t\t\t\t\t\t\t\t\t<div class=\"dica-image-container\"><span class=\"image\"><img loading=\"lazy\" decoding=\"async\" src=\"https:\/\/persimon.eu\/wp-content\/uploads\/2020\/06\/kaki-fr.png\" srcset=\"\" alt=\"\" class=\"dica-item-image\" width=\"179\" height=\"144\"\/><\/span><\/div>\n\t\t\t\t\t\t\t\t\t<div class=\"dica-item-content\"><h4 class=\"item-title\">France <\/h4>        <div class=\"et_pb_button_wrapper\"><a class=\"et_pb_button\" href=\"https:\/\/fr.pdopgi.eu\/\" target=\"_blank\" rel=\"nofollow\">Voir plus<\/a><\/div><\/div>\n\t\t\t\t\t\t\t<\/div>\n\t\t\t\t<\/div>\n\t\t\t<\/div><div class=\"et_pb_module dica_divi_carouselitem dica_divi_carouselitem_4\">\n\t\t\t\t\n\t\t\t\t\n\t\t\t\t\n\t\t\t\t\n\t\t\t\t\n\t\t\t\t\n\t\t\t\t<div class=\"et_pb_module_inner\">\n\t\t\t\t\t <div class=\"dica-item image_top\"   data-hash=\"dica_divi_carouselitem_4\">\n\t\t\t\t\t\t\t\t\t<div class=\"dica-image-container\"><span class=\"image\"><img loading=\"lazy\" decoding=\"async\" src=\"https:\/\/persimon.eu\/wp-content\/uploads\/2020\/06\/kaki-de.png\" srcset=\"\" alt=\"\" class=\"dica-item-image\" width=\"179\" height=\"144\"\/><\/span><\/div>\n\t\t\t\t\t\t\t\t\t<div class=\"dica-item-content\"><h4 class=\"item-title\">Allemagne<\/h4>        <div class=\"et_pb_button_wrapper\"><a class=\"et_pb_button\" href=\"https:\/\/de.pdopgi.eu\/\" target=\"_blank\" rel=\"nofollow\">Voir plus<\/a><\/div><\/div>\n\t\t\t\t\t\t\t<\/div>\n\t\t\t\t<\/div>\n\t\t\t<\/div><\/div>\t\n\t\t\t\t\t\t\t\t<\/div>\t\n\t\t\t\t\t\t\t\t<div class=\"swiper-buttton-container\"><div class=\"swiper-button-prev dica-prev-btn-0\" data-icon=\"4\"><\/div><div class=\"swiper-button-next dica-next-btn-0\" data-icon=\"5\"><\/div><\/div>\n\t\t\t\t\t\t\t\t\t\t\t\t\t\t\n\t\t\t\t\t\t\t<\/div>\n\t\t\t\t<\/div>\n\t\t\t<\/div><\/p>\n","protected":false},"author":1,"featured_media":0,"parent":0,"menu_order":0,"comment_status":"closed","ping_status":"closed","template":"","meta":{"_acf_changed":false,"_et_pb_use_builder":"on","_et_pb_old_content":"","_et_gb_content_width":"","footnotes":""},"class_list":["post-2520","page","type-page","status-publish","hentry"],"acf":[],"yoast_head":"<!-- This site is optimized with the Yoast SEO plugin v27.1.1 - https:\/\/yoast.com\/product\/yoast-seo-wordpress\/ -->\n<title>Campagnes internationales - DOP Kaki Ribera del X\u00faquer<\/title>\n<meta name=\"robots\" content=\"index, follow, max-snippet:-1, max-image-preview:large, max-video-preview:-1\" \/>\n<link rel=\"canonical\" href=\"https:\/\/persimon.eu\/fr\/campagnes-internationales\/\" \/>\n<meta property=\"og:locale\" content=\"fr_FR\" \/>\n<meta property=\"og:type\" content=\"article\" \/>\n<meta property=\"og:title\" content=\"Campagnes internationales - DOP Kaki Ribera del X\u00faquer\" \/>\n<meta property=\"og:description\" content=\"Campagnes internationalesCampagnes internationales de l\u2019Appellation d\u2019origine prot\u00e9g\u00e9e Kaki Ribera del X\u00faquer.\" \/>\n<meta property=\"og:site_name\" content=\"DOP Kaki Ribera del X\u00faquer\" \/>\n<meta property=\"article:publisher\" content=\"https:\/\/www.facebook.com\/kakipersimonDOP\/\" \/>\n<meta property=\"article:modified_time\" content=\"2020-10-29T15:43:01+00:00\" \/>\n<meta name=\"twitter:card\" content=\"summary_large_image\" \/>\n<meta name=\"twitter:label1\" content=\"Dur\u00e9e de lecture estim\u00e9e\" \/>\n\t<meta name=\"twitter:data1\" content=\"4 minutes\" \/>\n<script type=\"application\/ld+json\" class=\"yoast-schema-graph\">{\"@context\":\"https:\/\/schema.org\",\"@graph\":[{\"@type\":\"WebPage\",\"@id\":\"https:\/\/persimon.eu\/fr\/campagnes-internationales\/\",\"url\":\"https:\/\/persimon.eu\/fr\/campagnes-internationales\/\",\"name\":\"Campagnes internationales - DOP Kaki Ribera del X\u00faquer\",\"isPartOf\":{\"@id\":\"https:\/\/persimon.eu\/fr\/#website\"},\"datePublished\":\"2020-10-29T15:43:00+00:00\",\"dateModified\":\"2020-10-29T15:43:01+00:00\",\"breadcrumb\":{\"@id\":\"https:\/\/persimon.eu\/fr\/campagnes-internationales\/#breadcrumb\"},\"inLanguage\":\"fr-FR\",\"potentialAction\":[{\"@type\":\"ReadAction\",\"target\":[\"https:\/\/persimon.eu\/fr\/campagnes-internationales\/\"]}]},{\"@type\":\"BreadcrumbList\",\"@id\":\"https:\/\/persimon.eu\/fr\/campagnes-internationales\/#breadcrumb\",\"itemListElement\":[{\"@type\":\"ListItem\",\"position\":1,\"name\":\"Inicio\",\"item\":\"https:\/\/persimon.eu\/fr\/\"},{\"@type\":\"ListItem\",\"position\":2,\"name\":\"Campagnes internationales\"}]},{\"@type\":\"WebSite\",\"@id\":\"https:\/\/persimon.eu\/fr\/#website\",\"url\":\"https:\/\/persimon.eu\/fr\/\",\"name\":\"DOP Kaki Ribera del X\u00faquer\",\"description\":\"En nuestra web descubrir\u00e1s todo lo que rodea a nuestros kakis con D.O.P. Ribera del X\u00faquer.\",\"publisher\":{\"@id\":\"https:\/\/persimon.eu\/fr\/#organization\"},\"potentialAction\":[{\"@type\":\"SearchAction\",\"target\":{\"@type\":\"EntryPoint\",\"urlTemplate\":\"https:\/\/persimon.eu\/fr\/?s={search_term_string}\"},\"query-input\":{\"@type\":\"PropertyValueSpecification\",\"valueRequired\":true,\"valueName\":\"search_term_string\"}}],\"inLanguage\":\"fr-FR\"},{\"@type\":\"Organization\",\"@id\":\"https:\/\/persimon.eu\/fr\/#organization\",\"name\":\"D.O.P Kaki Ribera del X\u00faquer\",\"url\":\"https:\/\/persimon.eu\/fr\/\",\"logo\":{\"@type\":\"ImageObject\",\"inLanguage\":\"fr-FR\",\"@id\":\"https:\/\/persimon.eu\/fr\/#\/schema\/logo\/image\/\",\"url\":\"https:\/\/persimon.eu\/wp-content\/uploads\/2019\/09\/logo-dop-kaki.png\",\"contentUrl\":\"https:\/\/persimon.eu\/wp-content\/uploads\/2019\/09\/logo-dop-kaki.png\",\"width\":227,\"height\":227,\"caption\":\"D.O.P Kaki Ribera del X\u00faquer\"},\"image\":{\"@id\":\"https:\/\/persimon.eu\/fr\/#\/schema\/logo\/image\/\"},\"sameAs\":[\"https:\/\/www.facebook.com\/kakipersimonDOP\/\",\"https:\/\/www.instagram.com\/kakipersimon_\/\",\"https:\/\/www.youtube.com\/channel\/UC7Jcl7rqySAcWf0V1axJ7Bg\"]}]}<\/script>\n<!-- \/ Yoast SEO plugin. -->","yoast_head_json":{"title":"Campagnes internationales - DOP Kaki Ribera del X\u00faquer","robots":{"index":"index","follow":"follow","max-snippet":"max-snippet:-1","max-image-preview":"max-image-preview:large","max-video-preview":"max-video-preview:-1"},"canonical":"https:\/\/persimon.eu\/fr\/campagnes-internationales\/","og_locale":"fr_FR","og_type":"article","og_title":"Campagnes internationales - DOP Kaki Ribera del X\u00faquer","og_description":"Campagnes internationalesCampagnes internationales de l\u2019Appellation d\u2019origine prot\u00e9g\u00e9e Kaki Ribera del X\u00faquer.","og_site_name":"DOP Kaki Ribera del X\u00faquer","article_publisher":"https:\/\/www.facebook.com\/kakipersimonDOP\/","article_modified_time":"2020-10-29T15:43:01+00:00","twitter_card":"summary_large_image","twitter_misc":{"Dur\u00e9e de lecture estim\u00e9e":"4 minutes"},"schema":{"@context":"https:\/\/schema.org","@graph":[{"@type":"WebPage","@id":"https:\/\/persimon.eu\/fr\/campagnes-internationales\/","url":"https:\/\/persimon.eu\/fr\/campagnes-internationales\/","name":"Campagnes internationales - DOP Kaki Ribera del X\u00faquer","isPartOf":{"@id":"https:\/\/persimon.eu\/fr\/#website"},"datePublished":"2020-10-29T15:43:00+00:00","dateModified":"2020-10-29T15:43:01+00:00","breadcrumb":{"@id":"https:\/\/persimon.eu\/fr\/campagnes-internationales\/#breadcrumb"},"inLanguage":"fr-FR","potentialAction":[{"@type":"ReadAction","target":["https:\/\/persimon.eu\/fr\/campagnes-internationales\/"]}]},{"@type":"BreadcrumbList","@id":"https:\/\/persimon.eu\/fr\/campagnes-internationales\/#breadcrumb","itemListElement":[{"@type":"ListItem","position":1,"name":"Inicio","item":"https:\/\/persimon.eu\/fr\/"},{"@type":"ListItem","position":2,"name":"Campagnes internationales"}]},{"@type":"WebSite","@id":"https:\/\/persimon.eu\/fr\/#website","url":"https:\/\/persimon.eu\/fr\/","name":"DOP Kaki Ribera del X\u00faquer","description":"En nuestra web descubrir\u00e1s todo lo que rodea a nuestros kakis con D.O.P. Ribera del X\u00faquer.","publisher":{"@id":"https:\/\/persimon.eu\/fr\/#organization"},"potentialAction":[{"@type":"SearchAction","target":{"@type":"EntryPoint","urlTemplate":"https:\/\/persimon.eu\/fr\/?s={search_term_string}"},"query-input":{"@type":"PropertyValueSpecification","valueRequired":true,"valueName":"search_term_string"}}],"inLanguage":"fr-FR"},{"@type":"Organization","@id":"https:\/\/persimon.eu\/fr\/#organization","name":"D.O.P Kaki Ribera del X\u00faquer","url":"https:\/\/persimon.eu\/fr\/","logo":{"@type":"ImageObject","inLanguage":"fr-FR","@id":"https:\/\/persimon.eu\/fr\/#\/schema\/logo\/image\/","url":"https:\/\/persimon.eu\/wp-content\/uploads\/2019\/09\/logo-dop-kaki.png","contentUrl":"https:\/\/persimon.eu\/wp-content\/uploads\/2019\/09\/logo-dop-kaki.png","width":227,"height":227,"caption":"D.O.P Kaki Ribera del X\u00faquer"},"image":{"@id":"https:\/\/persimon.eu\/fr\/#\/schema\/logo\/image\/"},"sameAs":["https:\/\/www.facebook.com\/kakipersimonDOP\/","https:\/\/www.instagram.com\/kakipersimon_\/","https:\/\/www.youtube.com\/channel\/UC7Jcl7rqySAcWf0V1axJ7Bg"]}]}},"_links":{"self":[{"href":"https:\/\/persimon.eu\/fr\/wp-json\/wp\/v2\/pages\/2520","targetHints":{"allow":["GET"]}}],"collection":[{"href":"https:\/\/persimon.eu\/fr\/wp-json\/wp\/v2\/pages"}],"about":[{"href":"https:\/\/persimon.eu\/fr\/wp-json\/wp\/v2\/types\/page"}],"author":[{"embeddable":true,"href":"https:\/\/persimon.eu\/fr\/wp-json\/wp\/v2\/users\/1"}],"replies":[{"embeddable":true,"href":"https:\/\/persimon.eu\/fr\/wp-json\/wp\/v2\/comments?post=2520"}],"version-history":[{"count":1,"href":"https:\/\/persimon.eu\/fr\/wp-json\/wp\/v2\/pages\/2520\/revisions"}],"predecessor-version":[{"id":2521,"href":"https:\/\/persimon.eu\/fr\/wp-json\/wp\/v2\/pages\/2520\/revisions\/2521"}],"wp:attachment":[{"href":"https:\/\/persimon.eu\/fr\/wp-json\/wp\/v2\/media?parent=2520"}],"curies":[{"name":"wp","href":"https:\/\/api.w.org\/{rel}","templated":true}]}}