{"id":2530,"date":"2020-10-30T06:57:15","date_gmt":"2020-10-30T06:57:15","guid":{"rendered":"https:\/\/persimon.eu\/questions-frequentes\/"},"modified":"2020-10-30T06:57:15","modified_gmt":"2020-10-30T06:57:15","slug":"questions-frequentes","status":"publish","type":"page","link":"https:\/\/persimon.eu\/fr\/questions-frequentes\/","title":{"rendered":"Questions fr\u00e9quentes"},"content":{"rendered":"<p>[et_pb_section fb_built=\u00a0\u00bb1&Prime; admin_label=\u00a0\u00bbIMAGEN FONDO\u00a0\u00bb _builder_version=\u00a0\u00bb3.29.3&Prime; background_color=\u00a0\u00bbrgba(0,0,0,0)\u00a0\u00bb custom_padding=\u00a0\u00bb0px||0px||false|false\u00a0\u00bb hover_enabled=\u00a0\u00bb0&Prime; custom_css_main_element=\u00a0\u00bbmin-height: 100vh;||display: flex;||flex-direction: column;||z-index: 9;||margin-top: -70px;\u00a0\u00bb][et_pb_row column_structure=\u00a0\u00bb1_3,2_3&Prime; _builder_version=\u00a0\u00bb4.0.6&Prime; background_enable_image=\u00a0\u00bboff\u00a0\u00bb width=\u00a0\u00bb100%\u00a0\u00bb max_width=\u00a0\u00bb2560px\u00a0\u00bb hover_enabled=\u00a0\u00bb0&Prime; custom_css_main_element=\u00a0\u00bbpadding: 0 0;||margin: 0 0;\u00a0\u00bb][et_pb_column type=\u00a0\u00bb1_3&Prime; _builder_version=\u00a0\u00bb3.29.3&Prime; custom_css_main_element=\u00a0\u00bbmargin: 0;\u00a0\u00bb][et_pb_divider divider_style=\u00a0\u00bbnone\u00a0\u00bb _builder_version=\u00a0\u00bb3.29.3&Prime; height=\u00a0\u00bb1px\u00a0\u00bb max_height=\u00a0\u00bb1000px\u00a0\u00bb custom_margin=\u00a0\u00bb0px||0px||false|false\u00a0\u00bb][\/et_pb_divider][\/et_pb_column][et_pb_column type=\u00a0\u00bb2_3&Prime; _builder_version=\u00a0\u00bb4.0.6&Prime; background_color=\u00a0\u00bbrgba(0,0,0,0)\u00a0\u00bb background_image=\u00a0\u00bbhttps:\/\/persimon.eu\/wp-content\/uploads\/2019\/11\/faq.jpg\u00a0\u00bb hover_enabled=\u00a0\u00bb0&Prime;][et_pb_divider divider_style=\u00a0\u00bbnone\u00a0\u00bb module_class=\u00a0\u00bbfullHeight\u00a0\u00bb _builder_version=\u00a0\u00bb3.29.3&Prime; custom_margin=\u00a0\u00bb0px||0px||false|false\u00a0\u00bb][\/et_pb_divider][\/et_pb_column][\/et_pb_row][\/et_pb_section][et_pb_section fb_built=\u00a0\u00bb1&Prime; admin_label=\u00a0\u00bbCONTENIDO\u00a0\u00bb _builder_version=\u00a0\u00bb3.29.3&Prime; background_color=\u00a0\u00bbrgba(0,0,0,0)\u00a0\u00bb custom_margin=\u00a0\u00bb||||false|false\u00a0\u00bb custom_css_main_element=\u00a0\u00bbz-index: 10;||top: 0;||left: 0;||position: absolute;||min-height: 100vh;||display: flex;||flex-direction: column;||width: 100%;\u00a0\u00bb][et_pb_row make_equal=\u00a0\u00bbon\u00a0\u00bb disabled_on=\u00a0\u00bboff|off|off\u00a0\u00bb admin_label=\u00a0\u00bbROW BREADCRUMBS\u00a0\u00bb _builder_version=\u00a0\u00bb3.29.3&Prime; max_width=\u00a0\u00bb2560px\u00a0\u00bb custom_margin=\u00a0\u00bb0px||0px||false|false\u00a0\u00bb custom_padding=\u00a0\u00bb0px||0px||false|false\u00a0\u00bb][et_pb_column type=\u00a0\u00bb4_4&Prime; _builder_version=\u00a0\u00bb3.29.3&Prime;][et_pb_divider divider_style=\u00a0\u00bbnone\u00a0\u00bb admin_label=\u00a0\u00bbseparadorTitular\u00a0\u00bb module_class=\u00a0\u00bbseparadorTitular\u00a0\u00bb _builder_version=\u00a0\u00bb3.29.3&Prime; custom_margin=\u00a0\u00bb0px||0px||false|false\u00a0\u00bb][\/et_pb_divider][et_pb_code disabled_on=\u00a0\u00bbon|on|off\u00a0\u00bb admin_label=\u00a0\u00bbBreadcrumbs\u00a0\u00bb _builder_version=\u00a0\u00bb3.29.3&Prime; custom_margin=\u00a0\u00bb0px||0px||true|false\u00a0\u00bb]<p id=\"breadcrumbs\"><span><span><a href=\"https:\/\/persimon.eu\/fr\/\">Inicio<\/a><\/span><\/span><\/p>[\/et_pb_code][et_pb_divider divider_style=\u00a0\u00bbnone\u00a0\u00bb disabled_on=\u00a0\u00bbon|on|off\u00a0\u00bb _builder_version=\u00a0\u00bb3.29.3&Prime; height=\u00a0\u00bb40px\u00a0\u00bb custom_margin=\u00a0\u00bb0px||0px||false|false\u00a0\u00bb][\/et_pb_divider][\/et_pb_column][\/et_pb_row][et_pb_row column_structure=\u00a0\u00bb2_5,3_5&Prime; make_equal=\u00a0\u00bbon\u00a0\u00bb _builder_version=\u00a0\u00bb3.29.3&Prime; max_width=\u00a0\u00bb2560px\u00a0\u00bb custom_margin=\u00a0\u00bb0px||0px||false|false\u00a0\u00bb custom_padding=\u00a0\u00bb0px||0px||false|false\u00a0\u00bb][et_pb_column type=\u00a0\u00bb2_5&Prime; _builder_version=\u00a0\u00bb3.29.3&Prime;][et_pb_text module_class=\u00a0\u00bbkaki-titular\u00a0\u00bb _builder_version=\u00a0\u00bb3.29.3&Prime; header_font_size=\u00a0\u00bb60px\u00a0\u00bb custom_margin=\u00a0\u00bb||0px||false|false\u00a0\u00bb custom_padding=\u00a0\u00bb|50px||50px|false|true\u00a0\u00bb]<\/p>\n<h1>Questions fr\u00e9quentes<\/h1>\n<p>[\/et_pb_text][et_pb_text module_class=\u00a0\u00bbbloqueTexto80&Prime; _builder_version=\u00a0\u00bb3.29.3&Prime; custom_margin=\u00a0\u00bb0px||||false|false\u00a0\u00bb custom_padding=\u00a0\u00bb40px|50px|40px|50px|true|true\u00a0\u00bb]Qu\u2019est-ce que le kaki Persimon ? Comment reconna\u00eetre le kaki Persimon ? Possibles questions qui vous passeront par la t\u00eate. Bon, alors vous \u00eates au bon endroit, toutes les questions que vous pouvez avoir sur le Kaki Persimon trouveront leurs r\u00e9ponses ici. Et si vous avez encore un doute, il vous suffit de le go\u00fbter. En une seule bouch\u00e9e, toutes les questions rest\u00e9es en suspens trouveront une r\u00e9ponse. Et si ce n\u2019est pas le cas, n\u2019h\u00e9sitez pas \u00e0 nous contacter. Nous serons enchant\u00e9s de vous aider.[\/et_pb_text][\/et_pb_column][et_pb_column type=\u00a0\u00bb3_5&Prime; _builder_version=\u00a0\u00bb3.29.3&Prime; background_enable_image=\u00a0\u00bboff\u00a0\u00bb][et_pb_divider divider_style=\u00a0\u00bbnone\u00a0\u00bb _builder_version=\u00a0\u00bb3.29.3&Prime; height=\u00a0\u00bb1px\u00a0\u00bb max_height=\u00a0\u00bb1000px\u00a0\u00bb custom_margin=\u00a0\u00bb0px||0px||false|false\u00a0\u00bb][\/et_pb_divider][\/et_pb_column][\/et_pb_row][et_pb_row column_structure=\u00a0\u00bb2_3,1_3&Prime; _builder_version=\u00a0\u00bb3.29.3&Prime; max_width=\u00a0\u00bb2560px\u00a0\u00bb custom_margin=\u00a0\u00bb0px||0px||false|false\u00a0\u00bb custom_padding=\u00a0\u00bb0px||0px||false|false\u00a0\u00bb][et_pb_column type=\u00a0\u00bb2_3&Prime; _builder_version=\u00a0\u00bb3.29.3&Prime;][et_pb_text admin_label=\u00a0\u00bbSubMenu-el-kaki\u00a0\u00bb module_class=\u00a0\u00bbsubmenu\u00a0\u00bb _builder_version=\u00a0\u00bb3.29.3&Prime; custom_margin=\u00a0\u00bb||||false|false\u00a0\u00bb custom_padding=\u00a0\u00bb40px|50px|40px|50px|false|false\u00a0\u00bb]<\/p>\n<ul>\n<li><a href=\"https:\/\/persimon.eu\/preguntas-frecuentes\/el-kaki\/\" title=\"Le kaki\">Le kaki<\/a><\/li>\n<li><a href=\"https:\/\/persimon.eu\/preguntas-frecuentes\/d-o-p-ribera-del-xuquer\/\" title=\"A.O.P. Ribera del X\u00faquer\">A.O.P. Ribera del X\u00faquer<\/a><\/li>\n<\/ul>\n<p>&nbsp;[\/et_pb_text][\/et_pb_column][et_pb_column type=\u00a0\u00bb1_3&Prime; _builder_version=\u00a0\u00bb3.29.3&Prime; background_enable_image=\u00a0\u00bboff\u00a0\u00bb][et_pb_divider divider_style=\u00a0\u00bbnone\u00a0\u00bb _builder_version=\u00a0\u00bb3.29.3&Prime; height=\u00a0\u00bb1px\u00a0\u00bb max_height=\u00a0\u00bb1000px\u00a0\u00bb custom_margin=\u00a0\u00bb0px||0px||false|false\u00a0\u00bb][\/et_pb_divider][\/et_pb_column][\/et_pb_row][\/et_pb_section]<\/p>\n","protected":false},"excerpt":{"rendered":"<p><p id=\"breadcrumbs\"><span><span><a href=\"https:\/\/persimon.eu\/fr\/\">Inicio<\/a><\/span><\/span><\/p>Questions fr\u00e9quentesQu\u2019est-ce que le kaki Persimon ? Comment reconna\u00eetre le kaki Persimon ? Possibles questions qui vous passeront par la t\u00eate. Bon, alors vous \u00eates au bon endroit, toutes les questions que vous pouvez avoir sur le Kaki Persimon trouveront leurs r\u00e9ponses ici. Et si vous avez encore un doute, il vous suffit de le go\u00fbter. En une seule bouch\u00e9e, toutes les questions rest\u00e9es en suspens trouveront une r\u00e9ponse. Et si ce n\u2019est pas le cas, n\u2019h\u00e9sitez pas \u00e0 nous contacter. Nous serons enchant\u00e9s de vous aider. Le kaki A.O.P. Ribera del X\u00faquer &nbsp;<\/p>\n","protected":false},"author":1,"featured_media":0,"parent":0,"menu_order":0,"comment_status":"closed","ping_status":"closed","template":"","meta":{"_acf_changed":false,"_et_pb_use_builder":"on","_et_pb_old_content":"","_et_gb_content_width":"","footnotes":""},"class_list":["post-2530","page","type-page","status-publish","hentry"],"acf":[],"yoast_head":"<!-- This site is optimized with the Yoast SEO plugin v27.1.1 - https:\/\/yoast.com\/product\/yoast-seo-wordpress\/ -->\n<title>Questions fr\u00e9quentes - DOP Kaki Ribera del X\u00faquer<\/title>\n<meta name=\"robots\" content=\"index, follow, max-snippet:-1, max-image-preview:large, max-video-preview:-1\" \/>\n<link rel=\"canonical\" href=\"https:\/\/persimon.eu\/fr\/questions-frequentes\/\" \/>\n<meta property=\"og:locale\" content=\"fr_FR\" \/>\n<meta property=\"og:type\" content=\"article\" \/>\n<meta property=\"og:title\" content=\"Questions fr\u00e9quentes - DOP Kaki Ribera del X\u00faquer\" \/>\n<meta property=\"og:description\" content=\"Questions fr\u00e9quentesQu\u2019est-ce que le kaki Persimon ? Comment reconna\u00eetre le kaki Persimon ? Possibles questions qui vous passeront par la t\u00eate. Bon, alors vous \u00eates au bon endroit, toutes les questions que vous pouvez avoir sur le Kaki Persimon trouveront leurs r\u00e9ponses ici. Et si vous avez encore un doute, il vous suffit de le go\u00fbter. En une seule bouch\u00e9e, toutes les questions rest\u00e9es en suspens trouveront une r\u00e9ponse. Et si ce n\u2019est pas le cas, n\u2019h\u00e9sitez pas \u00e0 nous contacter. Nous serons enchant\u00e9s de vous aider. Le kaki A.O.P. Ribera del X\u00faquer &nbsp;\" \/>\n<meta property=\"og:site_name\" content=\"DOP Kaki Ribera del X\u00faquer\" \/>\n<meta property=\"article:publisher\" content=\"https:\/\/www.facebook.com\/kakipersimonDOP\/\" \/>\n<meta name=\"twitter:card\" content=\"summary_large_image\" \/>\n<meta name=\"twitter:label1\" content=\"Dur\u00e9e de lecture estim\u00e9e\" \/>\n\t<meta name=\"twitter:data1\" content=\"3 minutes\" \/>\n<script type=\"application\/ld+json\" class=\"yoast-schema-graph\">{\"@context\":\"https:\/\/schema.org\",\"@graph\":[{\"@type\":\"WebPage\",\"@id\":\"https:\/\/persimon.eu\/fr\/questions-frequentes\/\",\"url\":\"https:\/\/persimon.eu\/fr\/questions-frequentes\/\",\"name\":\"Questions fr\u00e9quentes - DOP Kaki Ribera del X\u00faquer\",\"isPartOf\":{\"@id\":\"https:\/\/persimon.eu\/fr\/#website\"},\"datePublished\":\"2020-10-30T06:57:15+00:00\",\"breadcrumb\":{\"@id\":\"https:\/\/persimon.eu\/fr\/questions-frequentes\/#breadcrumb\"},\"inLanguage\":\"fr-FR\",\"potentialAction\":[{\"@type\":\"ReadAction\",\"target\":[\"https:\/\/persimon.eu\/fr\/questions-frequentes\/\"]}]},{\"@type\":\"BreadcrumbList\",\"@id\":\"https:\/\/persimon.eu\/fr\/questions-frequentes\/#breadcrumb\",\"itemListElement\":[{\"@type\":\"ListItem\",\"position\":1,\"name\":\"Inicio\",\"item\":\"https:\/\/persimon.eu\/fr\/\"},{\"@type\":\"ListItem\",\"position\":2,\"name\":\"Questions fr\u00e9quentes\"}]},{\"@type\":\"WebSite\",\"@id\":\"https:\/\/persimon.eu\/fr\/#website\",\"url\":\"https:\/\/persimon.eu\/fr\/\",\"name\":\"DOP Kaki Ribera del X\u00faquer\",\"description\":\"En nuestra web descubrir\u00e1s todo lo que rodea a nuestros kakis con D.O.P. Ribera del X\u00faquer.\",\"publisher\":{\"@id\":\"https:\/\/persimon.eu\/fr\/#organization\"},\"potentialAction\":[{\"@type\":\"SearchAction\",\"target\":{\"@type\":\"EntryPoint\",\"urlTemplate\":\"https:\/\/persimon.eu\/fr\/?s={search_term_string}\"},\"query-input\":{\"@type\":\"PropertyValueSpecification\",\"valueRequired\":true,\"valueName\":\"search_term_string\"}}],\"inLanguage\":\"fr-FR\"},{\"@type\":\"Organization\",\"@id\":\"https:\/\/persimon.eu\/fr\/#organization\",\"name\":\"D.O.P Kaki Ribera del X\u00faquer\",\"url\":\"https:\/\/persimon.eu\/fr\/\",\"logo\":{\"@type\":\"ImageObject\",\"inLanguage\":\"fr-FR\",\"@id\":\"https:\/\/persimon.eu\/fr\/#\/schema\/logo\/image\/\",\"url\":\"https:\/\/persimon.eu\/wp-content\/uploads\/2019\/09\/logo-dop-kaki.png\",\"contentUrl\":\"https:\/\/persimon.eu\/wp-content\/uploads\/2019\/09\/logo-dop-kaki.png\",\"width\":227,\"height\":227,\"caption\":\"D.O.P Kaki Ribera del X\u00faquer\"},\"image\":{\"@id\":\"https:\/\/persimon.eu\/fr\/#\/schema\/logo\/image\/\"},\"sameAs\":[\"https:\/\/www.facebook.com\/kakipersimonDOP\/\",\"https:\/\/www.instagram.com\/kakipersimon_\/\",\"https:\/\/www.youtube.com\/channel\/UC7Jcl7rqySAcWf0V1axJ7Bg\"]}]}<\/script>\n<!-- \/ Yoast SEO plugin. -->","yoast_head_json":{"title":"Questions fr\u00e9quentes - DOP Kaki Ribera del X\u00faquer","robots":{"index":"index","follow":"follow","max-snippet":"max-snippet:-1","max-image-preview":"max-image-preview:large","max-video-preview":"max-video-preview:-1"},"canonical":"https:\/\/persimon.eu\/fr\/questions-frequentes\/","og_locale":"fr_FR","og_type":"article","og_title":"Questions fr\u00e9quentes - DOP Kaki Ribera del X\u00faquer","og_description":"Questions fr\u00e9quentesQu\u2019est-ce que le kaki Persimon ? Comment reconna\u00eetre le kaki Persimon ? Possibles questions qui vous passeront par la t\u00eate. Bon, alors vous \u00eates au bon endroit, toutes les questions que vous pouvez avoir sur le Kaki Persimon trouveront leurs r\u00e9ponses ici. Et si vous avez encore un doute, il vous suffit de le go\u00fbter. En une seule bouch\u00e9e, toutes les questions rest\u00e9es en suspens trouveront une r\u00e9ponse. Et si ce n\u2019est pas le cas, n\u2019h\u00e9sitez pas \u00e0 nous contacter. Nous serons enchant\u00e9s de vous aider. Le kaki A.O.P. Ribera del X\u00faquer &nbsp;","og_site_name":"DOP Kaki Ribera del X\u00faquer","article_publisher":"https:\/\/www.facebook.com\/kakipersimonDOP\/","twitter_card":"summary_large_image","twitter_misc":{"Dur\u00e9e de lecture estim\u00e9e":"3 minutes"},"schema":{"@context":"https:\/\/schema.org","@graph":[{"@type":"WebPage","@id":"https:\/\/persimon.eu\/fr\/questions-frequentes\/","url":"https:\/\/persimon.eu\/fr\/questions-frequentes\/","name":"Questions fr\u00e9quentes - DOP Kaki Ribera del X\u00faquer","isPartOf":{"@id":"https:\/\/persimon.eu\/fr\/#website"},"datePublished":"2020-10-30T06:57:15+00:00","breadcrumb":{"@id":"https:\/\/persimon.eu\/fr\/questions-frequentes\/#breadcrumb"},"inLanguage":"fr-FR","potentialAction":[{"@type":"ReadAction","target":["https:\/\/persimon.eu\/fr\/questions-frequentes\/"]}]},{"@type":"BreadcrumbList","@id":"https:\/\/persimon.eu\/fr\/questions-frequentes\/#breadcrumb","itemListElement":[{"@type":"ListItem","position":1,"name":"Inicio","item":"https:\/\/persimon.eu\/fr\/"},{"@type":"ListItem","position":2,"name":"Questions fr\u00e9quentes"}]},{"@type":"WebSite","@id":"https:\/\/persimon.eu\/fr\/#website","url":"https:\/\/persimon.eu\/fr\/","name":"DOP Kaki Ribera del X\u00faquer","description":"En nuestra web descubrir\u00e1s todo lo que rodea a nuestros kakis con D.O.P. Ribera del X\u00faquer.","publisher":{"@id":"https:\/\/persimon.eu\/fr\/#organization"},"potentialAction":[{"@type":"SearchAction","target":{"@type":"EntryPoint","urlTemplate":"https:\/\/persimon.eu\/fr\/?s={search_term_string}"},"query-input":{"@type":"PropertyValueSpecification","valueRequired":true,"valueName":"search_term_string"}}],"inLanguage":"fr-FR"},{"@type":"Organization","@id":"https:\/\/persimon.eu\/fr\/#organization","name":"D.O.P Kaki Ribera del X\u00faquer","url":"https:\/\/persimon.eu\/fr\/","logo":{"@type":"ImageObject","inLanguage":"fr-FR","@id":"https:\/\/persimon.eu\/fr\/#\/schema\/logo\/image\/","url":"https:\/\/persimon.eu\/wp-content\/uploads\/2019\/09\/logo-dop-kaki.png","contentUrl":"https:\/\/persimon.eu\/wp-content\/uploads\/2019\/09\/logo-dop-kaki.png","width":227,"height":227,"caption":"D.O.P Kaki Ribera del X\u00faquer"},"image":{"@id":"https:\/\/persimon.eu\/fr\/#\/schema\/logo\/image\/"},"sameAs":["https:\/\/www.facebook.com\/kakipersimonDOP\/","https:\/\/www.instagram.com\/kakipersimon_\/","https:\/\/www.youtube.com\/channel\/UC7Jcl7rqySAcWf0V1axJ7Bg"]}]}},"_links":{"self":[{"href":"https:\/\/persimon.eu\/fr\/wp-json\/wp\/v2\/pages\/2530","targetHints":{"allow":["GET"]}}],"collection":[{"href":"https:\/\/persimon.eu\/fr\/wp-json\/wp\/v2\/pages"}],"about":[{"href":"https:\/\/persimon.eu\/fr\/wp-json\/wp\/v2\/types\/page"}],"author":[{"embeddable":true,"href":"https:\/\/persimon.eu\/fr\/wp-json\/wp\/v2\/users\/1"}],"replies":[{"embeddable":true,"href":"https:\/\/persimon.eu\/fr\/wp-json\/wp\/v2\/comments?post=2530"}],"version-history":[{"count":2,"href":"https:\/\/persimon.eu\/fr\/wp-json\/wp\/v2\/pages\/2530\/revisions"}],"predecessor-version":[{"id":2532,"href":"https:\/\/persimon.eu\/fr\/wp-json\/wp\/v2\/pages\/2530\/revisions\/2532"}],"wp:attachment":[{"href":"https:\/\/persimon.eu\/fr\/wp-json\/wp\/v2\/media?parent=2530"}],"curies":[{"name":"wp","href":"https:\/\/api.w.org\/{rel}","templated":true}]}}