{"id":3474,"date":"2023-10-04T11:47:56","date_gmt":"2023-10-04T11:47:56","guid":{"rendered":"https:\/\/persimon.eu\/?page_id=3474"},"modified":"2025-09-26T11:35:53","modified_gmt":"2025-09-26T11:35:53","slug":"accueil-2023","status":"publish","type":"page","link":"https:\/\/persimon.eu\/fr\/","title":{"rendered":"Accueil 2023"},"content":{"rendered":"<p>[et_pb_section fb_built=\u00a0\u00bb1&Prime; custom_padding_last_edited=\u00a0\u00bbon|phone\u00a0\u00bb admin_label=\u00a0\u00bbCONTENIDO\u00a0\u00bb module_class=\u00a0\u00bbds-vertical-align\u00a0\u00bb _builder_version=\u00a0\u00bb4.27.2&Prime; background_color=\u00a0\u00bb#00A4EB\u00a0\u00bb background_image=\u00a0\u00bbhttps:\/\/persimon.eu\/wp-content\/uploads\/2024\/10\/fondo-extendido-1.png\u00a0\u00bb background_size=\u00a0\u00bbcustom\u00a0\u00bb background_image_width=\u00a0\u00bb100%\u00a0\u00bb background_image_height=\u00a0\u00bb60%\u00a0\u00bb background_position=\u00a0\u00bbbottom_center\u00a0\u00bb width=\u00a0\u00bb100%\u00a0\u00bb module_alignment=\u00a0\u00bbcenter\u00a0\u00bb overflow-y=\u00a0\u00bbhidden\u00a0\u00bb custom_margin=\u00a0\u00bb0px|0px|0px|0px|false|true\u00a0\u00bb custom_padding_tablet=\u00a0\u00bb\u00a0\u00bb custom_padding_phone=\u00a0\u00bb0px|0px|0px|0px|false|true\u00a0\u00bb background_last_edited=\u00a0\u00bbon|tablet\u00a0\u00bb background_image_phone=\u00a0\u00bbhttps:\/\/persimon.eu\/wp-content\/uploads\/2024\/10\/fondo-movil.png\u00a0\u00bb background_enable_image_phone=\u00a0\u00bbon\u00a0\u00bb background_size_tablet=\u00a0\u00bbcontain\u00a0\u00bb background_size_phone=\u00a0\u00bbcover\u00a0\u00bb background_image_width_tablet=\u00a0\u00bb25%\u00a0\u00bb background_image_height_tablet=\u00a0\u00bb0%\u00a0\u00bb background_position_phone=\u00a0\u00bbbottom_center\u00a0\u00bb background_vertical_offset_tablet=\u00a0\u00bb0%\u00a0\u00bb background_vertical_offset_phone=\u00a0\u00bb0%\u00a0\u00bb global_colors_info=\u00a0\u00bb{}\u00a0\u00bb custom_css_main_element_last_edited=\u00a0\u00bboff|desktop\u00a0\u00bb custom_css_main_element_phone=\u00a0\u00bbz-index: 10;||top: 0;||left: 0;||position: absolute;||min-height: 120vh;||display: flex;||flex-direction: column;\u00a0\u00bb custom_css_main_element_tablet=\u00a0\u00bbz-index: 10;||top: 0;||left: 0;||position: absolute;||min-height: 100vh;||display: flex;||flex-direction: column;\u00a0\u00bb][et_pb_row column_structure=\u00a0\u00bb2_3,1_3&Prime; use_custom_gutter=\u00a0\u00bbon\u00a0\u00bb gutter_width=\u00a0\u00bb1&Prime; make_equal=\u00a0\u00bbon\u00a0\u00bb _builder_version=\u00a0\u00bb4.27.2&Prime; _module_preset=\u00a0\u00bbdefault\u00a0\u00bb custom_padding=\u00a0\u00bb||30px||false|false\u00a0\u00bb global_colors_info=\u00a0\u00bb{}\u00a0\u00bb][et_pb_column type=\u00a0\u00bb2_3&Prime; _builder_version=\u00a0\u00bb4.27.2&Prime; _module_preset=\u00a0\u00bbdefault\u00a0\u00bb global_colors_info=\u00a0\u00bb{}\u00a0\u00bb][et_pb_text admin_label=\u00a0\u00bbH1&Prime; module_class=\u00a0\u00bbkaki-titular\u00a0\u00bb _builder_version=\u00a0\u00bb4.27.2&Prime; header_font=\u00a0\u00bb&#8211;et_global_heading_font||||||||\u00a0\u00bb header_text_color=\u00a0\u00bb#FFFFFF\u00a0\u00bb header_font_size=\u00a0\u00bb64px\u00a0\u00bb header_letter_spacing=\u00a0\u00bb-3px\u00a0\u00bb header_line_height=\u00a0\u00bb0.8em\u00a0\u00bb custom_margin=\u00a0\u00bb0px||0px||false|false\u00a0\u00bb custom_padding=\u00a0\u00bb30px||0px||false|false\u00a0\u00bb custom_padding_tablet=\u00a0\u00bb0px||||false|false\u00a0\u00bb custom_padding_phone=\u00a0\u00bb0px||0px||false|false\u00a0\u00bb custom_padding_last_edited=\u00a0\u00bbon|phone\u00a0\u00bb header_font_size_tablet=\u00a0\u00bb40px\u00a0\u00bb header_font_size_phone=\u00a0\u00bb32px\u00a0\u00bb header_font_size_last_edited=\u00a0\u00bbon|phone\u00a0\u00bb global_colors_info=\u00a0\u00bb{}\u00a0\u00bb]<\/p>\n<h1>\u00a0A.O.P. Ribera del X\u00faquer<\/h1>\n<p>[\/et_pb_text][et_pb_text module_class=\u00a0\u00bbbloqueTexto80&Prime; _builder_version=\u00a0\u00bb4.27.2&Prime; text_text_color=\u00a0\u00bb#FFFFFF\u00a0\u00bb text_font_size=\u00a0\u00bb18px\u00a0\u00bb text_line_height=\u00a0\u00bb1.2em\u00a0\u00bb custom_margin=\u00a0\u00bb0px||20px||false|false\u00a0\u00bb custom_padding_tablet=\u00a0\u00bb40px|50px|40px|50px|true|true\u00a0\u00bb custom_padding_phone=\u00a0\u00bb40px|20px|40px|20px|true|true\u00a0\u00bb custom_padding_last_edited=\u00a0\u00bboff|desktop\u00a0\u00bb text_font_size_tablet=\u00a0\u00bb14px\u00a0\u00bb text_font_size_phone=\u00a0\u00bb14px\u00a0\u00bb text_font_size_last_edited=\u00a0\u00bbon|phone\u00a0\u00bb global_colors_info=\u00a0\u00bb{}\u00a0\u00bb]<\/p>\n<p>Si vous \u00eates arriv\u00e9s ici, c\u2019est que vous avez s\u00fbrement go\u00fbt\u00e9 ce fruit exquis et si ce n\u2019est pas le cas, qu\u2019attendez-vous ? Sur notre site vous d\u00e9couvrirez tout ce qui concerne nos kakis d\u2019Appellation d\u2019Origine Prot\u00e9g\u00e9e Ribera del X\u00faquer. Accompagnez-nous dans ce voyage dans lequel vous d\u00e9couvrirez qui se cache derri\u00e8re cette appellation d\u2019origine, ce qui rend nos kakis si sp\u00e9ciaux ou bien de nombreuses recettes pour red\u00e9couvrir ce fruit aussi sucr\u00e9 que singulier.<\/p>\n<p>[\/et_pb_text][\/et_pb_column][et_pb_column type=\u00a0\u00bb1_3&Prime; _builder_version=\u00a0\u00bb4.27.2&Prime; _module_preset=\u00a0\u00bbdefault\u00a0\u00bb global_colors_info=\u00a0\u00bb{}\u00a0\u00bb][et_pb_image src=\u00a0\u00bbhttps:\/\/persimon.eu\/wp-content\/uploads\/2024\/10\/DOP.png\u00a0\u00bb title_text=\u00a0\u00bb AOP\u00a0\u00bb align_tablet=\u00a0\u00bbcenter\u00a0\u00bb align_phone=\u00a0\u00bbcenter\u00a0\u00bb align_last_edited=\u00a0\u00bbon|tablet\u00a0\u00bb disabled_on=\u00a0\u00bbon|off|off\u00a0\u00bb _builder_version=\u00a0\u00bb4.27.2&Prime; _module_preset=\u00a0\u00bbdefault\u00a0\u00bb width=\u00a0\u00bb30%\u00a0\u00bb width_tablet=\u00a0\u00bb20%\u00a0\u00bb width_phone=\u00a0\u00bb20%\u00a0\u00bb width_last_edited=\u00a0\u00bbon|tablet\u00a0\u00bb global_colors_info=\u00a0\u00bb{}\u00a0\u00bb][\/et_pb_image][\/et_pb_column][\/et_pb_row][et_pb_row column_structure=\u00a0\u00bb3_5,2_5&Prime; make_equal=\u00a0\u00bbon\u00a0\u00bb module_class=\u00a0\u00bbmovil_column_reverse\u00a0\u00bb _builder_version=\u00a0\u00bb4.27.2&Prime; z_index=\u00a0\u00bb99&Prime; max_width=\u00a0\u00bb2560px\u00a0\u00bb custom_margin=\u00a0\u00bb0px||0px||false|false\u00a0\u00bb custom_padding=\u00a0\u00bb0px||0px||false|false\u00a0\u00bb global_colors_info=\u00a0\u00bb{}\u00a0\u00bb][et_pb_column type=\u00a0\u00bb3_5&Prime; module_class=\u00a0\u00bbds-vertical-align img3dkaki_movil\u00a0\u00bb _builder_version=\u00a0\u00bb4.16&Prime; background_enable_image=\u00a0\u00bboff\u00a0\u00bb custom_css_main_element=\u00a0\u00bbmin-height: 200px;\u00a0\u00bb global_colors_info=\u00a0\u00bb{}\u00a0\u00bb][\/et_pb_column][et_pb_column type=\u00a0\u00bb2_5&Prime; module_class=\u00a0\u00bbds-vertical-align img3dkaki_movil\u00a0\u00bb _builder_version=\u00a0\u00bb4.16&Prime; background_enable_image=\u00a0\u00bboff\u00a0\u00bb custom_css_main_element=\u00a0\u00bbmin-height: 200px;\u00a0\u00bb global_colors_info=\u00a0\u00bb{}\u00a0\u00bb][dsm_floating_multi_images floating_height=\u00a0\u00bb400px\u00a0\u00bb floating_effect=\u00a0\u00bbleft-right\u00a0\u00bb floating_height_tablet=\u00a0\u00bb350px\u00a0\u00bb floating_height_phone=\u00a0\u00bb350px\u00a0\u00bb floating_height_last_edited=\u00a0\u00bbon|phone\u00a0\u00bb _builder_version=\u00a0\u00bb4.27.2&Prime; _module_preset=\u00a0\u00bbdefault\u00a0\u00bb module_alignment=\u00a0\u00bbright\u00a0\u00bb global_colors_info=\u00a0\u00bb{}\u00a0\u00bb][dsm_floating_multi_images_child src=\u00a0\u00bbhttps:\/\/persimon.eu\/wp-content\/uploads\/2024\/10\/kaki_campana_Europea_24-1.png\u00a0\u00bb title_text=\u00a0\u00bbkaki_campana_Europea_24 1&Prime; horizontal_align=\u00a0\u00bb25%\u00a0\u00bb vertical_align=\u00a0\u00bb-20%\u00a0\u00bb horizontal_align_tablet=\u00a0\u00bb45%\u00a0\u00bb horizontal_align_phone=\u00a0\u00bb0%\u00a0\u00bb horizontal_align_last_edited=\u00a0\u00bbon|tablet\u00a0\u00bb vertical_align_tablet=\u00a0\u00bb3%\u00a0\u00bb vertical_align_phone=\u00a0\u00bb-5%\u00a0\u00bb vertical_align_last_edited=\u00a0\u00bbon|desktop\u00a0\u00bb _builder_version=\u00a0\u00bb4.27.2&Prime; _module_preset=\u00a0\u00bbdefault\u00a0\u00bb max_width=\u00a0\u00bb100%\u00a0\u00bb max_width_tablet=\u00a0\u00bb100%\u00a0\u00bb max_width_phone=\u00a0\u00bb100%\u00a0\u00bb max_width_last_edited=\u00a0\u00bbon|desktop\u00a0\u00bb module_alignment=\u00a0\u00bbcenter\u00a0\u00bb global_colors_info=\u00a0\u00bb{}\u00a0\u00bb][\/dsm_floating_multi_images_child][\/dsm_floating_multi_images][\/et_pb_column][\/et_pb_row][\/et_pb_section][et_pb_section fb_built=\u00a0\u00bb1&Prime; _builder_version=\u00a0\u00bb4.27.2&Prime; _module_preset=\u00a0\u00bbdefault\u00a0\u00bb custom_margin=\u00a0\u00bb0px||0px||true|false\u00a0\u00bb custom_padding=\u00a0\u00bb0px||0px||false|false\u00a0\u00bb global_colors_info=\u00a0\u00bb{}\u00a0\u00bb][et_pb_row _builder_version=\u00a0\u00bb4.27.2&Prime; _module_preset=\u00a0\u00bbdefault\u00a0\u00bb z_index=\u00a0\u00bb99&Prime; width=\u00a0\u00bb90%\u00a0\u00bb custom_margin=\u00a0\u00bb0px||0px||true|false\u00a0\u00bb custom_padding=\u00a0\u00bb20px||0px||false|false\u00a0\u00bb global_colors_info=\u00a0\u00bb{}\u00a0\u00bb][et_pb_column type=\u00a0\u00bb4_4&Prime; _builder_version=\u00a0\u00bb4.22.2&Prime; _module_preset=\u00a0\u00bbdefault\u00a0\u00bb global_colors_info=\u00a0\u00bb{}\u00a0\u00bb][et_pb_text _builder_version=\u00a0\u00bb4.27.2&Prime; _module_preset=\u00a0\u00bbdefault\u00a0\u00bb header_letter_spacing=\u00a0\u00bb-3px\u00a0\u00bb header_2_font=\u00a0\u00bb&#8211;et_global_heading_font|900||on|||||\u00a0\u00bb header_2_text_align=\u00a0\u00bbcenter\u00a0\u00bb header_2_text_color=\u00a0\u00bb#FFFFFF\u00a0\u00bb header_2_font_size=\u00a0\u00bb110px\u00a0\u00bb header_2_letter_spacing=\u00a0\u00bb-4px\u00a0\u00bb header_2_line_height=\u00a0\u00bb0.3em\u00a0\u00bb background_image=\u00a0\u00bbhttps:\/\/persimon.eu\/wp-content\/uploads\/2024\/10\/Actualidad-fondo-scaled.jpg\u00a0\u00bb custom_margin=\u00a0\u00bb||0px||false|false\u00a0\u00bb custom_padding=\u00a0\u00bb40px||0px||false|false\u00a0\u00bb custom_padding_tablet=\u00a0\u00bb40px||0px||false|false\u00a0\u00bb custom_padding_phone=\u00a0\u00bb60px||0px||false|false\u00a0\u00bb custom_padding_last_edited=\u00a0\u00bbon|phone\u00a0\u00bb hover_enabled=\u00a0\u00bb0&Prime; header_2_font_size_tablet=\u00a0\u00bb64px\u00a0\u00bb header_2_font_size_phone=\u00a0\u00bb48px\u00a0\u00bb header_2_font_size_last_edited=\u00a0\u00bbon|desktop\u00a0\u00bb border_radii=\u00a0\u00bbon|10px|10px|10px|10px\u00a0\u00bb global_colors_info=\u00a0\u00bb{}\u00a0\u00bb sticky_enabled=\u00a0\u00bb0&Prime;]<\/p>\n<h2>Nouvelles<\/h2>\n<p>[\/et_pb_text][\/et_pb_column][\/et_pb_row][et_pb_row _builder_version=\u00a0\u00bb4.27.2&Prime; _module_preset=\u00a0\u00bbdefault\u00a0\u00bb z_index=\u00a0\u00bb99&Prime; width=\u00a0\u00bb90%\u00a0\u00bb custom_margin=\u00a0\u00bb0px||0px||true|false\u00a0\u00bb custom_padding=\u00a0\u00bb20px||20px||false|false\u00a0\u00bb global_colors_info=\u00a0\u00bb{}\u00a0\u00bb][et_pb_column type=\u00a0\u00bb4_4&Prime; _builder_version=\u00a0\u00bb4.22.2&Prime; _module_preset=\u00a0\u00bbdefault\u00a0\u00bb global_colors_info=\u00a0\u00bb{}\u00a0\u00bb][et_pb_de_mach_archive_loop post_type_choose=\u00a0\u00bbpost\u00a0\u00bb loop_layout=\u00a0\u00bb4233&Prime; posts_number=\u00a0\u00bb3&Prime; order_asc_desc=\u00a0\u00bbDESC\u00a0\u00bb equal_height=\u00a0\u00bbon\u00a0\u00bb columns=\u00a0\u00bb3&Prime; excerpt_length=\u00a0\u00bb60&Prime; _builder_version=\u00a0\u00bb4.27.2&Prime; _module_preset=\u00a0\u00bbdefault\u00a0\u00bb custom_margin=\u00a0\u00bb||0px||false|false\u00a0\u00bb custom_padding=\u00a0\u00bb||0px||false|false\u00a0\u00bb hover_enabled=\u00a0\u00bb0&Prime; global_colors_info=\u00a0\u00bb{}\u00a0\u00bb sticky_enabled=\u00a0\u00bb0&Prime;][\/et_pb_de_mach_archive_loop][et_pb_button button_url=\u00a0\u00bbhttps:\/\/persimon.eu\/fr\/actualidad-fr\/\u00a0\u00bb button_text=\u00a0\u00bbVoir plus\u00a0\u00bb button_alignment=\u00a0\u00bbcenter\u00a0\u00bb _builder_version=\u00a0\u00bb4.27.2&Prime; _module_preset=\u00a0\u00bbdefault\u00a0\u00bb custom_button=\u00a0\u00bbon\u00a0\u00bb button_text_color=\u00a0\u00bb#000000&Prime; button_bg_color=\u00a0\u00bb#FFFFFF\u00a0\u00bb button_border_width=\u00a0\u00bb1px\u00a0\u00bb button_border_color=\u00a0\u00bb#000000&Prime; button_border_radius=\u00a0\u00bb10px\u00a0\u00bb button_font=\u00a0\u00bbNeue Montreal Regular|||on|||||\u00a0\u00bb custom_margin=\u00a0\u00bb0px||||false|false\u00a0\u00bb custom_padding=\u00a0\u00bb||||false|false\u00a0\u00bb global_colors_info=\u00a0\u00bb{}\u00a0\u00bb button_text_color__hover_enabled=\u00a0\u00bbon|hover\u00a0\u00bb button_text_color__hover=\u00a0\u00bb#FFFFFF\u00a0\u00bb button_bg_color__hover_enabled=\u00a0\u00bbon|desktop\u00a0\u00bb button_bg_color__hover=\u00a0\u00bb#000000&Prime; button_bg_enable_color__hover=\u00a0\u00bbon\u00a0\u00bb][\/et_pb_button][\/et_pb_column][\/et_pb_row][\/et_pb_section]<\/p>\n","protected":false},"excerpt":{"rendered":"<p>\u00a0A.O.P. Ribera del X\u00faquerSi vous \u00eates arriv\u00e9s ici, c\u2019est que vous avez s\u00fbrement go\u00fbt\u00e9 ce fruit exquis et si ce n\u2019est pas le cas, qu\u2019attendez-vous ? Sur notre site vous d\u00e9couvrirez tout ce qui concerne nos kakis d\u2019Appellation d\u2019Origine Prot\u00e9g\u00e9e Ribera del X\u00faquer. Accompagnez-nous dans ce voyage dans lequel vous d\u00e9couvrirez qui se cache derri\u00e8re cette appellation d\u2019origine, ce qui rend nos kakis si sp\u00e9ciaux ou bien de nombreuses recettes pour red\u00e9couvrir ce fruit aussi sucr\u00e9 que singulier.<div class=\"et_pb_module dsm_floating_multi_images dsm_floating_multi_images_0\">\n\t\t\t\t\n\t\t\t\t\n\t\t\t\t\n\t\t\t\t\n\t\t\t\t\n\t\t\t\t\n\t\t\t\t<div class=\"et_pb_module_inner\">\n\t\t\t\t\t<div class=\"dsm_floating_multi_images_container\"><div class=\"et_pb_module dsm_floating_multi_images_child dsm_floating_multi_images_child_0\">\n\t\t\t\t\n\t\t\t\t\n\t\t\t\t\n\t\t\t\t\n\t\t\t\t\n\t\t\t\t\n\t\t\t\t<div class=\"et_pb_module_inner\">\n\t\t\t\t\t<img decoding=\"async\" src=\"https:\/\/persimon.eu\/wp-content\/uploads\/2024\/10\/kaki_campana_Europea_24-1.png\" alt=\"\" title=\"kaki_campana_Europea_24 1\" id=\"\" srcset=\"https:\/\/persimon.eu\/wp-content\/uploads\/2024\/10\/kaki_campana_Europea_24-1.png 852w, https:\/\/persimon.eu\/wp-content\/uploads\/2024\/10\/kaki_campana_Europea_24-1-480x552.png 480w\" sizes=\"(min-width: 0px) and (max-width: 480px) 480px, (min-width: 481px) 852px, 100vw\" class=\"\" \/>\n\t\t\t\t<\/div>\n\t\t\t<\/div><\/div>\n\t\t\t\t<\/div>\n\t\t\t<\/div>Nouvelles<\/p>\n","protected":false},"author":1,"featured_media":0,"parent":0,"menu_order":0,"comment_status":"closed","ping_status":"closed","template":"","meta":{"_acf_changed":false,"_et_pb_use_builder":"on","_et_pb_old_content":"","_et_gb_content_width":"","footnotes":""},"class_list":["post-3474","page","type-page","status-publish","hentry"],"acf":[],"yoast_head":"<!-- This site is optimized with the Yoast SEO plugin v27.1.1 - https:\/\/yoast.com\/product\/yoast-seo-wordpress\/ -->\n<title>DOP Kaki Ribera del X\u00faquer<\/title>\n<meta name=\"description\" content=\"Le Kaki Persimon\u00ae A.O.P. Ribera del X\u00faquer. Si vous \u00eates arriv\u00e9s ici, c\u2019est que vous avez s\u00fbrement go\u00fbt\u00e9 ce fruit exquis et si ce n\u2019est pas le cas, qu\u2019attendez-vous ?\" \/>\n<meta name=\"robots\" content=\"index, follow, max-snippet:-1, max-image-preview:large, max-video-preview:-1\" \/>\n<link rel=\"canonical\" href=\"https:\/\/persimon.eu\/fr\/\" \/>\n<meta property=\"og:locale\" content=\"fr_FR\" \/>\n<meta property=\"og:type\" content=\"article\" \/>\n<meta property=\"og:title\" content=\"Kaki Persimon\u00ae\" \/>\n<meta property=\"og:description\" content=\"Bienvenue dans le monde fascinant du Kaki Persimon\u00ae. Sur notre site vous d\u00e9couvrirez tout ce qui concerne nos kakis d\u2019Appellation d\u2019Origine Prot\u00e9g\u00e9e Ribera del X\u00faquer. Accompagnez-nous dans ce voyage dans lequel vous d\u00e9couvrirez qui se cache derri\u00e8re cette appellation d\u2019origine, ce qui rend nos kakis si sp\u00e9ciaux ou bien de nombreuses recettes pour red\u00e9couvrir ce fruit aussi sucr\u00e9 que singulier.\" \/>\n<meta property=\"og:site_name\" content=\"DOP Kaki Ribera del X\u00faquer\" \/>\n<meta property=\"article:publisher\" content=\"https:\/\/www.facebook.com\/kakipersimonDOP\/\" \/>\n<meta property=\"article:modified_time\" content=\"2025-09-26T11:35:53+00:00\" \/>\n<meta property=\"og:image\" content=\"https:\/\/persimon.eu\/wp-content\/uploads\/2019\/10\/kaki-fb.png\" \/>\n\t<meta property=\"og:image:width\" content=\"1200\" \/>\n\t<meta property=\"og:image:height\" content=\"630\" \/>\n\t<meta property=\"og:image:type\" content=\"image\/png\" \/>\n<meta name=\"twitter:card\" content=\"summary_large_image\" \/>\n<meta name=\"twitter:title\" content=\"Kaki Persimon\u00ae\" \/>\n<meta name=\"twitter:description\" content=\"Bienvenue dans le monde fascinant du Kaki Persimon\u00ae. Sur notre site vous d\u00e9couvrirez tout ce qui concerne nos kakis d\u2019Appellation d\u2019Origine Prot\u00e9g\u00e9e Ribera del X\u00faquer. Accompagnez-nous dans ce voyage dans lequel vous d\u00e9couvrirez qui se cache derri\u00e8re cette appellation d\u2019origine, ce qui rend nos kakis si sp\u00e9ciaux ou bien de nombreuses recettes pour red\u00e9couvrir ce fruit aussi sucr\u00e9 que singulier.\" \/>\n<meta name=\"twitter:image\" content=\"https:\/\/persimon.eu\/wp-content\/uploads\/2019\/10\/kaki-tw.png\" \/>\n<meta name=\"twitter:label1\" content=\"Dur\u00e9e de lecture estim\u00e9e\" \/>\n\t<meta name=\"twitter:data1\" content=\"6 minutes\" \/>\n<script type=\"application\/ld+json\" class=\"yoast-schema-graph\">{\"@context\":\"https:\/\/schema.org\",\"@graph\":[{\"@type\":\"WebPage\",\"@id\":\"https:\/\/persimon.eu\/fr\/\",\"url\":\"https:\/\/persimon.eu\/fr\/\",\"name\":\"DOP Kaki Ribera del X\u00faquer\",\"isPartOf\":{\"@id\":\"https:\/\/persimon.eu\/fr\/#website\"},\"datePublished\":\"2023-10-04T11:47:56+00:00\",\"dateModified\":\"2025-09-26T11:35:53+00:00\",\"description\":\"Le Kaki Persimon\u00ae A.O.P. Ribera del X\u00faquer. Si vous \u00eates arriv\u00e9s ici, c\u2019est que vous avez s\u00fbrement go\u00fbt\u00e9 ce fruit exquis et si ce n\u2019est pas le cas, qu\u2019attendez-vous ?\",\"breadcrumb\":{\"@id\":\"https:\/\/persimon.eu\/fr\/#breadcrumb\"},\"inLanguage\":\"fr-FR\",\"potentialAction\":[{\"@type\":\"ReadAction\",\"target\":[\"https:\/\/persimon.eu\/fr\/\"]}]},{\"@type\":\"BreadcrumbList\",\"@id\":\"https:\/\/persimon.eu\/fr\/#breadcrumb\",\"itemListElement\":[{\"@type\":\"ListItem\",\"position\":1,\"name\":\"Inicio\",\"item\":\"https:\/\/persimon.eu\/fr\/\"},{\"@type\":\"ListItem\",\"position\":2,\"name\":\"Accueil 2023\"}]},{\"@type\":\"WebSite\",\"@id\":\"https:\/\/persimon.eu\/fr\/#website\",\"url\":\"https:\/\/persimon.eu\/fr\/\",\"name\":\"DOP Kaki Ribera del X\u00faquer\",\"description\":\"En nuestra web descubrir\u00e1s todo lo que rodea a nuestros kakis con D.O.P. Ribera del X\u00faquer.\",\"publisher\":{\"@id\":\"https:\/\/persimon.eu\/fr\/#organization\"},\"potentialAction\":[{\"@type\":\"SearchAction\",\"target\":{\"@type\":\"EntryPoint\",\"urlTemplate\":\"https:\/\/persimon.eu\/fr\/?s={search_term_string}\"},\"query-input\":{\"@type\":\"PropertyValueSpecification\",\"valueRequired\":true,\"valueName\":\"search_term_string\"}}],\"inLanguage\":\"fr-FR\"},{\"@type\":\"Organization\",\"@id\":\"https:\/\/persimon.eu\/fr\/#organization\",\"name\":\"D.O.P Kaki Ribera del X\u00faquer\",\"url\":\"https:\/\/persimon.eu\/fr\/\",\"logo\":{\"@type\":\"ImageObject\",\"inLanguage\":\"fr-FR\",\"@id\":\"https:\/\/persimon.eu\/fr\/#\/schema\/logo\/image\/\",\"url\":\"https:\/\/persimon.eu\/wp-content\/uploads\/2019\/09\/logo-dop-kaki.png\",\"contentUrl\":\"https:\/\/persimon.eu\/wp-content\/uploads\/2019\/09\/logo-dop-kaki.png\",\"width\":227,\"height\":227,\"caption\":\"D.O.P Kaki Ribera del X\u00faquer\"},\"image\":{\"@id\":\"https:\/\/persimon.eu\/fr\/#\/schema\/logo\/image\/\"},\"sameAs\":[\"https:\/\/www.facebook.com\/kakipersimonDOP\/\",\"https:\/\/www.instagram.com\/kakipersimon_\/\",\"https:\/\/www.youtube.com\/channel\/UC7Jcl7rqySAcWf0V1axJ7Bg\"]}]}<\/script>\n<!-- \/ Yoast SEO plugin. -->","yoast_head_json":{"title":"DOP Kaki Ribera del X\u00faquer","description":"Le Kaki Persimon\u00ae A.O.P. Ribera del X\u00faquer. Si vous \u00eates arriv\u00e9s ici, c\u2019est que vous avez s\u00fbrement go\u00fbt\u00e9 ce fruit exquis et si ce n\u2019est pas le cas, qu\u2019attendez-vous ?","robots":{"index":"index","follow":"follow","max-snippet":"max-snippet:-1","max-image-preview":"max-image-preview:large","max-video-preview":"max-video-preview:-1"},"canonical":"https:\/\/persimon.eu\/fr\/","og_locale":"fr_FR","og_type":"article","og_title":"Kaki Persimon\u00ae","og_description":"Bienvenue dans le monde fascinant du Kaki Persimon\u00ae. Sur notre site vous d\u00e9couvrirez tout ce qui concerne nos kakis d\u2019Appellation d\u2019Origine Prot\u00e9g\u00e9e Ribera del X\u00faquer. Accompagnez-nous dans ce voyage dans lequel vous d\u00e9couvrirez qui se cache derri\u00e8re cette appellation d\u2019origine, ce qui rend nos kakis si sp\u00e9ciaux ou bien de nombreuses recettes pour red\u00e9couvrir ce fruit aussi sucr\u00e9 que singulier.","og_site_name":"DOP Kaki Ribera del X\u00faquer","article_publisher":"https:\/\/www.facebook.com\/kakipersimonDOP\/","article_modified_time":"2025-09-26T11:35:53+00:00","og_image":[{"width":1200,"height":630,"url":"https:\/\/persimon.eu\/wp-content\/uploads\/2019\/10\/kaki-fb.png","type":"image\/png"}],"twitter_card":"summary_large_image","twitter_title":"Kaki Persimon\u00ae","twitter_description":"Bienvenue dans le monde fascinant du Kaki Persimon\u00ae. Sur notre site vous d\u00e9couvrirez tout ce qui concerne nos kakis d\u2019Appellation d\u2019Origine Prot\u00e9g\u00e9e Ribera del X\u00faquer. Accompagnez-nous dans ce voyage dans lequel vous d\u00e9couvrirez qui se cache derri\u00e8re cette appellation d\u2019origine, ce qui rend nos kakis si sp\u00e9ciaux ou bien de nombreuses recettes pour red\u00e9couvrir ce fruit aussi sucr\u00e9 que singulier.","twitter_image":"https:\/\/persimon.eu\/wp-content\/uploads\/2019\/10\/kaki-tw.png","twitter_misc":{"Dur\u00e9e de lecture estim\u00e9e":"6 minutes"},"schema":{"@context":"https:\/\/schema.org","@graph":[{"@type":"WebPage","@id":"https:\/\/persimon.eu\/fr\/","url":"https:\/\/persimon.eu\/fr\/","name":"DOP Kaki Ribera del X\u00faquer","isPartOf":{"@id":"https:\/\/persimon.eu\/fr\/#website"},"datePublished":"2023-10-04T11:47:56+00:00","dateModified":"2025-09-26T11:35:53+00:00","description":"Le Kaki Persimon\u00ae A.O.P. Ribera del X\u00faquer. Si vous \u00eates arriv\u00e9s ici, c\u2019est que vous avez s\u00fbrement go\u00fbt\u00e9 ce fruit exquis et si ce n\u2019est pas le cas, qu\u2019attendez-vous ?","breadcrumb":{"@id":"https:\/\/persimon.eu\/fr\/#breadcrumb"},"inLanguage":"fr-FR","potentialAction":[{"@type":"ReadAction","target":["https:\/\/persimon.eu\/fr\/"]}]},{"@type":"BreadcrumbList","@id":"https:\/\/persimon.eu\/fr\/#breadcrumb","itemListElement":[{"@type":"ListItem","position":1,"name":"Inicio","item":"https:\/\/persimon.eu\/fr\/"},{"@type":"ListItem","position":2,"name":"Accueil 2023"}]},{"@type":"WebSite","@id":"https:\/\/persimon.eu\/fr\/#website","url":"https:\/\/persimon.eu\/fr\/","name":"DOP Kaki Ribera del X\u00faquer","description":"En nuestra web descubrir\u00e1s todo lo que rodea a nuestros kakis con D.O.P. Ribera del X\u00faquer.","publisher":{"@id":"https:\/\/persimon.eu\/fr\/#organization"},"potentialAction":[{"@type":"SearchAction","target":{"@type":"EntryPoint","urlTemplate":"https:\/\/persimon.eu\/fr\/?s={search_term_string}"},"query-input":{"@type":"PropertyValueSpecification","valueRequired":true,"valueName":"search_term_string"}}],"inLanguage":"fr-FR"},{"@type":"Organization","@id":"https:\/\/persimon.eu\/fr\/#organization","name":"D.O.P Kaki Ribera del X\u00faquer","url":"https:\/\/persimon.eu\/fr\/","logo":{"@type":"ImageObject","inLanguage":"fr-FR","@id":"https:\/\/persimon.eu\/fr\/#\/schema\/logo\/image\/","url":"https:\/\/persimon.eu\/wp-content\/uploads\/2019\/09\/logo-dop-kaki.png","contentUrl":"https:\/\/persimon.eu\/wp-content\/uploads\/2019\/09\/logo-dop-kaki.png","width":227,"height":227,"caption":"D.O.P Kaki Ribera del X\u00faquer"},"image":{"@id":"https:\/\/persimon.eu\/fr\/#\/schema\/logo\/image\/"},"sameAs":["https:\/\/www.facebook.com\/kakipersimonDOP\/","https:\/\/www.instagram.com\/kakipersimon_\/","https:\/\/www.youtube.com\/channel\/UC7Jcl7rqySAcWf0V1axJ7Bg"]}]}},"_links":{"self":[{"href":"https:\/\/persimon.eu\/fr\/wp-json\/wp\/v2\/pages\/3474","targetHints":{"allow":["GET"]}}],"collection":[{"href":"https:\/\/persimon.eu\/fr\/wp-json\/wp\/v2\/pages"}],"about":[{"href":"https:\/\/persimon.eu\/fr\/wp-json\/wp\/v2\/types\/page"}],"author":[{"embeddable":true,"href":"https:\/\/persimon.eu\/fr\/wp-json\/wp\/v2\/users\/1"}],"replies":[{"embeddable":true,"href":"https:\/\/persimon.eu\/fr\/wp-json\/wp\/v2\/comments?post=3474"}],"version-history":[{"count":7,"href":"https:\/\/persimon.eu\/fr\/wp-json\/wp\/v2\/pages\/3474\/revisions"}],"predecessor-version":[{"id":4521,"href":"https:\/\/persimon.eu\/fr\/wp-json\/wp\/v2\/pages\/3474\/revisions\/4521"}],"wp:attachment":[{"href":"https:\/\/persimon.eu\/fr\/wp-json\/wp\/v2\/media?parent=3474"}],"curies":[{"name":"wp","href":"https:\/\/api.w.org\/{rel}","templated":true}]}}